{"id":17769,"date":"2023-12-27T14:40:54","date_gmt":"2023-12-27T11:40:54","guid":{"rendered":"https:\/cancellation-and-refund-policy\/"},"modified":"2024-06-24T16:01:10","modified_gmt":"2024-06-24T13:01:10","slug":"cancellation-and-refund-policy","status":"publish","type":"page","link":"https:\/\/cartechdiagnostic.com\/en\/cancellation-and-refund-policy\/","title":{"rendered":"Cancellation and Refund Policy"},"content":{"rendered":"\n<p><strong>CANCELLATION AND REFUND POLICY<\/strong><\/p>\n\n<p>This Cancellation and Refund Policy (&#8220;Policy&#8221;) applies to Cartech Diagnostic Ltd. \u015eti. (&#8220;SELLER&#8221;) determines the conditions for the cancellation and return of the products and services offered by the SELLER.<\/p>\n\n<p><strong>1. RIGHT TO CANCEL:<\/strong><br\/>The BUYER may cancel the purchased product or service within 14 days from the delivery date without stating any reason. Cancellation requests must be made through the contact information of the SELLER. Returns do not include software. <\/p>\n\n<p><strong>2. RETURN CONDITIONS:<\/strong><br\/>2.1. The canceled product\/service must be unused, undamaged and in its original packaging.<br\/>2.2. For the return process, the BUYER must send it back to the SELLER with the invoice of the product \/ service, the return request form and a note containing contact information.<\/p>\n\n<p><strong>3. RETURN PROCESS:<\/strong><br\/>3.1. The BUYER&#8217;s cancellation request will be evaluated by the SELLER and if deemed appropriate, the refund process will be initiated.<br\/>3.2. When the return transaction is approved, the product \/ service must be sent to the return address specified by the SELLER.<br\/>3.3. When the product \/ service reaches the SELLER in accordance with the above conditions, the return process will be completed.<\/p>\n\n<p><strong>4. REFUND:<\/strong><br\/>4.1. After checking the suitability of the returned product \/ service, the payment will be returned with the same payment method or another method determined by the SELLER, depending on the BUYER&#8217;s preference.<\/p>\n\n<p><strong>5. WARRANTY OR REPLACEMENT:<\/strong><br\/>5.1. If the product is defective and under warranty, the warranty conditions determined by the SELLER shall apply.<br\/>5.2. There is no right of return and exchange for software products.<\/p>\n\n<p><strong>6. CONTACT:<\/strong><br\/>6.1. Contact information for cancellation and refund requests:<\/p>\n\n<ul class=\"wp-block-list\">\n<li>Adress: Adalet, Anadolu Cd. No 41\/1, 35530 Bayrakl\u0131\/\u0130zmir<\/li>\n\n\n\n<li>Phone: +90 (532) 675 73 79<\/li>\n\n\n\n<li>E-mail: info@<\/li>\n<\/ul>\n\n<p>This Policy, updated on [TAR\u0130H] SELLER reserves the right to make changes to the Policy. The updated Policy will be published on the official website of the SELLER.<\/p>\n","protected":false},"excerpt":{"rendered":"<p>CANCELLATION AND REFUND POLICY This Cancellation and Refund Policy (&#8220;Policy&#8221;) applies to Cartech Diagnostic Ltd. \u015eti. (&#8220;SELLER&#8221;) determines the conditions<\/p>\n","protected":false},"author":1,"featured_media":0,"parent":0,"menu_order":0,"comment_status":"closed","ping_status":"closed","template":"","meta":{"_joinchat":[],"footnotes":""},"class_list":["post-17769","page","type-page","status-publish","hentry"],"yoast_head":"<!-- This site is optimized with the Yoast SEO plugin v22.8 - https:\/\/yoast.com\/wordpress\/plugins\/seo\/ -->\n<title>Cancellation and Refund Policy - Car-Tech Diagnostic<\/title>\n<meta name=\"robots\" content=\"index, follow, max-snippet:-1, max-image-preview:large, max-video-preview:-1\" \/>\n<link rel=\"canonical\" href=\"https:\/\/cartechdiagnostic.com\/en\/cancellation-and-refund-policy\/\" \/>\n<meta property=\"og:locale\" content=\"en_US\" \/>\n<meta property=\"og:type\" content=\"article\" \/>\n<meta property=\"og:title\" content=\"Cancellation and Refund Policy - Car-Tech Diagnostic\" \/>\n<meta property=\"og:description\" content=\"CANCELLATION AND REFUND POLICY This Cancellation and Refund Policy (&#8220;Policy&#8221;) applies to Cartech Diagnostic Ltd. \u015eti. (&#8220;SELLER&#8221;) determines the conditions\" \/>\n<meta property=\"og:url\" content=\"https:\/\/cartechdiagnostic.com\/en\/cancellation-and-refund-policy\/\" \/>\n<meta property=\"og:site_name\" content=\"Car-Tech Diagnostic\" \/>\n<meta property=\"article:modified_time\" content=\"2024-06-24T13:01:10+00:00\" \/>\n<meta name=\"twitter:card\" content=\"summary_large_image\" \/>\n<meta name=\"twitter:label1\" content=\"Est. reading time\" \/>\n\t<meta name=\"twitter:data1\" content=\"1 minute\" \/>\n<script type=\"application\/ld+json\" class=\"yoast-schema-graph\">{\"@context\":\"https:\/\/schema.org\",\"@graph\":[{\"@type\":\"WebPage\",\"@id\":\"https:\/\/cartechdiagnostic.com\/en\/cancellation-and-refund-policy\/\",\"url\":\"https:\/\/cartechdiagnostic.com\/en\/cancellation-and-refund-policy\/\",\"name\":\"Cancellation and Refund Policy - Car-Tech Diagnostic\",\"isPartOf\":{\"@id\":\"https:\/\/www.cartechdiagnostic.com\/en\/#website\"},\"datePublished\":\"2023-12-27T11:40:54+00:00\",\"dateModified\":\"2024-06-24T13:01:10+00:00\",\"breadcrumb\":{\"@id\":\"https:\/\/cartechdiagnostic.com\/en\/cancellation-and-refund-policy\/#breadcrumb\"},\"inLanguage\":\"en-US\",\"potentialAction\":[{\"@type\":\"ReadAction\",\"target\":[\"https:\/\/cartechdiagnostic.com\/en\/cancellation-and-refund-policy\/\"]}]},{\"@type\":\"BreadcrumbList\",\"@id\":\"https:\/\/cartechdiagnostic.com\/en\/cancellation-and-refund-policy\/#breadcrumb\",\"itemListElement\":[{\"@type\":\"ListItem\",\"position\":1,\"name\":\"Anasayfa\",\"item\":\"https:\/\/www.cartechdiagnostic.com\/en\/\"},{\"@type\":\"ListItem\",\"position\":2,\"name\":\"Cancellation and Refund Policy\"}]},{\"@type\":\"WebSite\",\"@id\":\"https:\/\/www.cartechdiagnostic.com\/en\/#website\",\"url\":\"https:\/\/www.cartechdiagnostic.com\/en\/\",\"name\":\"Car-Tech Diagnostic\",\"description\":\"Ar\u0131za Tespit Cihazlar\u0131 - ECU Programlama Cihazlar\u0131\",\"publisher\":{\"@id\":\"https:\/\/www.cartechdiagnostic.com\/en\/#organization\"},\"alternateName\":\"Car-Tech Diag\",\"potentialAction\":[{\"@type\":\"SearchAction\",\"target\":{\"@type\":\"EntryPoint\",\"urlTemplate\":\"https:\/\/www.cartechdiagnostic.com\/en\/?s={search_term_string}\"},\"query-input\":\"required name=search_term_string\"}],\"inLanguage\":\"en-US\"},{\"@type\":\"Organization\",\"@id\":\"https:\/\/www.cartechdiagnostic.com\/en\/#organization\",\"name\":\"Car-Tech Diagnostic Yaz\u0131l\u0131m Ltd. \u015eti.\",\"url\":\"https:\/\/www.cartechdiagnostic.com\/en\/\",\"logo\":{\"@type\":\"ImageObject\",\"inLanguage\":\"en-US\",\"@id\":\"https:\/\/www.cartechdiagnostic.com\/en\/#\/schema\/logo\/image\/\",\"url\":\"https:\/\/cartechdiagnostic.com\/wp-content\/uploads\/2023\/08\/logocartech.png\",\"contentUrl\":\"https:\/\/cartechdiagnostic.com\/wp-content\/uploads\/2023\/08\/logocartech.png\",\"width\":714,\"height\":340,\"caption\":\"Car-Tech Diagnostic Yaz\u0131l\u0131m Ltd. \u015eti.\"},\"image\":{\"@id\":\"https:\/\/www.cartechdiagnostic.com\/en\/#\/schema\/logo\/image\/\"},\"sameAs\":[\"https:\/\/www.instagram.com\/cartechdiagnostic\"]}]}<\/script>\n<!-- \/ Yoast SEO plugin. -->","yoast_head_json":{"title":"Cancellation and Refund Policy - Car-Tech Diagnostic","robots":{"index":"index","follow":"follow","max-snippet":"max-snippet:-1","max-image-preview":"max-image-preview:large","max-video-preview":"max-video-preview:-1"},"canonical":"https:\/\/cartechdiagnostic.com\/en\/cancellation-and-refund-policy\/","og_locale":"en_US","og_type":"article","og_title":"Cancellation and Refund Policy - Car-Tech Diagnostic","og_description":"CANCELLATION AND REFUND POLICY This Cancellation and Refund Policy (&#8220;Policy&#8221;) applies to Cartech Diagnostic Ltd. \u015eti. (&#8220;SELLER&#8221;) determines the conditions","og_url":"https:\/\/cartechdiagnostic.com\/en\/cancellation-and-refund-policy\/","og_site_name":"Car-Tech Diagnostic","article_modified_time":"2024-06-24T13:01:10+00:00","twitter_card":"summary_large_image","twitter_misc":{"Est. reading time":"1 minute"},"schema":{"@context":"https:\/\/schema.org","@graph":[{"@type":"WebPage","@id":"https:\/\/cartechdiagnostic.com\/en\/cancellation-and-refund-policy\/","url":"https:\/\/cartechdiagnostic.com\/en\/cancellation-and-refund-policy\/","name":"Cancellation and Refund Policy - Car-Tech Diagnostic","isPartOf":{"@id":"https:\/\/www.cartechdiagnostic.com\/en\/#website"},"datePublished":"2023-12-27T11:40:54+00:00","dateModified":"2024-06-24T13:01:10+00:00","breadcrumb":{"@id":"https:\/\/cartechdiagnostic.com\/en\/cancellation-and-refund-policy\/#breadcrumb"},"inLanguage":"en-US","potentialAction":[{"@type":"ReadAction","target":["https:\/\/cartechdiagnostic.com\/en\/cancellation-and-refund-policy\/"]}]},{"@type":"BreadcrumbList","@id":"https:\/\/cartechdiagnostic.com\/en\/cancellation-and-refund-policy\/#breadcrumb","itemListElement":[{"@type":"ListItem","position":1,"name":"Anasayfa","item":"https:\/\/www.cartechdiagnostic.com\/en\/"},{"@type":"ListItem","position":2,"name":"Cancellation and Refund Policy"}]},{"@type":"WebSite","@id":"https:\/\/www.cartechdiagnostic.com\/en\/#website","url":"https:\/\/www.cartechdiagnostic.com\/en\/","name":"Car-Tech Diagnostic","description":"Ar\u0131za Tespit Cihazlar\u0131 - ECU Programlama Cihazlar\u0131","publisher":{"@id":"https:\/\/www.cartechdiagnostic.com\/en\/#organization"},"alternateName":"Car-Tech Diag","potentialAction":[{"@type":"SearchAction","target":{"@type":"EntryPoint","urlTemplate":"https:\/\/www.cartechdiagnostic.com\/en\/?s={search_term_string}"},"query-input":"required name=search_term_string"}],"inLanguage":"en-US"},{"@type":"Organization","@id":"https:\/\/www.cartechdiagnostic.com\/en\/#organization","name":"Car-Tech Diagnostic Yaz\u0131l\u0131m Ltd. \u015eti.","url":"https:\/\/www.cartechdiagnostic.com\/en\/","logo":{"@type":"ImageObject","inLanguage":"en-US","@id":"https:\/\/www.cartechdiagnostic.com\/en\/#\/schema\/logo\/image\/","url":"https:\/\/cartechdiagnostic.com\/wp-content\/uploads\/2023\/08\/logocartech.png","contentUrl":"https:\/\/cartechdiagnostic.com\/wp-content\/uploads\/2023\/08\/logocartech.png","width":714,"height":340,"caption":"Car-Tech Diagnostic Yaz\u0131l\u0131m Ltd. \u015eti."},"image":{"@id":"https:\/\/www.cartechdiagnostic.com\/en\/#\/schema\/logo\/image\/"},"sameAs":["https:\/\/www.instagram.com\/cartechdiagnostic"]}]}},"_links":{"self":[{"href":"https:\/\/cartechdiagnostic.com\/en\/wp-json\/wp\/v2\/pages\/17769","targetHints":{"allow":["GET"]}}],"collection":[{"href":"https:\/\/cartechdiagnostic.com\/en\/wp-json\/wp\/v2\/pages"}],"about":[{"href":"https:\/\/cartechdiagnostic.com\/en\/wp-json\/wp\/v2\/types\/page"}],"author":[{"embeddable":true,"href":"https:\/\/cartechdiagnostic.com\/en\/wp-json\/wp\/v2\/users\/1"}],"replies":[{"embeddable":true,"href":"https:\/\/cartechdiagnostic.com\/en\/wp-json\/wp\/v2\/comments?post=17769"}],"version-history":[{"count":1,"href":"https:\/\/cartechdiagnostic.com\/en\/wp-json\/wp\/v2\/pages\/17769\/revisions"}],"predecessor-version":[{"id":17770,"href":"https:\/\/cartechdiagnostic.com\/en\/wp-json\/wp\/v2\/pages\/17769\/revisions\/17770"}],"wp:attachment":[{"href":"https:\/\/cartechdiagnostic.com\/en\/wp-json\/wp\/v2\/media?parent=17769"}],"curies":[{"name":"wp","href":"https:\/\/api.w.org\/{rel}","templated":true}]}}