{"id":17774,"date":"2023-12-27T14:38:48","date_gmt":"2023-12-27T11:38:48","guid":{"rendered":"https:\/distance-sales-contract\/"},"modified":"2024-06-24T16:06:47","modified_gmt":"2024-06-24T13:06:47","slug":"distance-sales-contract","status":"publish","type":"page","link":"https:\/\/cartechdiagnostic.com\/en\/distance-sales-contract\/","title":{"rendered":"DISTANCE SALES CONTRACT"},"content":{"rendered":"\n<p><strong>1. PARTIES<\/strong><\/p>\n\n<p><strong>1.1. SELLER<\/strong><br\/>Company Name: Cartech Diagnostic Ltd. \u015eti.<br\/>Adress: Adalet, Anadolu Cd. No 41\/1, 35530 Bayrakl\u0131\/\u0130zmir<br\/>Phone: +90 (532) 675 73 79<br\/>E-mail: info@<\/p>\n\n<p><strong>1.2. RECIPIENT:<\/strong><br\/>Name Surname \/ Trade Name:<br\/>Adress:<br\/>Phone:<br\/>E-mail:<\/p>\n\n<p><strong>2. SUBJECT<\/strong><\/p>\n\n<p>2.1. The subject of this contract is the goods \/ services purchased by the BUYER from the SELLER, whose qualifications and sales price are specified below.<\/p>\n\n<p><strong>3. BASIC CHARACTERISTICS AND PRICE OF THE GOODS \/ SERVICES SUBJECT TO THE CONTRACT<\/strong><\/p>\n\n<p>3.1. Name of Good\/Service:<br\/>3.2. Characteristics of the Good\/Service:<br\/>3.3. Sale Price:<\/p>\n\n<p><strong>4. DELIVERY AND DELIVERY METHODS<\/strong><\/p>\n\n<p>4.1. The goods \/ services subject to the contract will be sent to the delivery address specified by the BUYER on the delivery date.<br\/>4.2. Delivery time will take place within [belirtilen s\u00fcre] days from the confirmation of the order.<br\/>4.3. The BUYER agrees to check the package of the goods \/ service during delivery and to keep a report to the cargo officer in case of any damage.<\/p>\n\n<p><strong>5. WARRANTY AND RETURN CONDITIONS<\/strong><\/p>\n\n<p>5.1. Vehicle fault detection devices are guaranteed by the SELLER for 2 (two) years.<br\/>5.2. There is no right of return and exchange for software products.<\/p>\n\n<p><strong>6. RIGHT OF WITHDRAWAL<\/strong><\/p>\n\n<p>6.1. The BUYER has the right to withdraw from the contract without stating any reason within [14 g\u00fcn] from the delivery of the goods to him or the person \/ organization at the address indicated.<\/p>\n\n<p><strong>7. CONTACT<\/strong><\/p>\n\n<p>7.1. SELLER contact information: Adalet, Anadolu Cd. No 41\/1, 35530 Bayrakl\u0131\/\u0130zmir, +90 (532) 675 73 79, info@.<\/p>\n\n<p><strong>8. OTHER PROVISIONS<\/strong><\/p>\n\n<p>8.1. This agreement has also been accepted electronically between the parties and in case of any dispute, Izmir Courts and Enforcement Offices are authorized.<\/p>\n\n<p>This Distance Sales Agreement has been concluded with the knowledge and approval of the parties.<\/p>\n\n<p><strong>SELLER<\/strong><br\/>Cartech Diagnostic Ltd. \u015eti.<\/p>\n\n<p><strong>RECIPIENT:<\/strong><br\/>[ALICI \u0130MZASI]<\/p>\n\n<p>Date: [TAR\u0130H]<\/p>\n","protected":false},"excerpt":{"rendered":"<p>1. PARTIES 1.1. SELLERCompany Name: Cartech Diagnostic Ltd. \u015eti.Adress: Adalet, Anadolu Cd. No 41\/1, 35530 Bayrakl\u0131\/\u0130zmirPhone: +90 (532) 675 73<\/p>\n","protected":false},"author":1,"featured_media":0,"parent":0,"menu_order":0,"comment_status":"closed","ping_status":"closed","template":"","meta":{"_joinchat":[],"footnotes":""},"class_list":["post-17774","page","type-page","status-publish","hentry"],"yoast_head":"<!-- This site is optimized with the Yoast SEO plugin v22.8 - https:\/\/yoast.com\/wordpress\/plugins\/seo\/ -->\n<title>DISTANCE SALES CONTRACT - Car-Tech Diagnostic<\/title>\n<meta name=\"robots\" content=\"index, follow, max-snippet:-1, max-image-preview:large, max-video-preview:-1\" \/>\n<link rel=\"canonical\" href=\"https:\/\/cartechdiagnostic.com\/en\/distance-sales-contract\/\" \/>\n<meta property=\"og:locale\" content=\"en_US\" \/>\n<meta property=\"og:type\" content=\"article\" \/>\n<meta property=\"og:title\" content=\"DISTANCE SALES CONTRACT - Car-Tech Diagnostic\" \/>\n<meta property=\"og:description\" content=\"1. PARTIES 1.1. SELLERCompany Name: Cartech Diagnostic Ltd. \u015eti.Adress: Adalet, Anadolu Cd. No 41\/1, 35530 Bayrakl\u0131\/\u0130zmirPhone: +90 (532) 675 73\" \/>\n<meta property=\"og:url\" content=\"https:\/\/cartechdiagnostic.com\/en\/distance-sales-contract\/\" \/>\n<meta property=\"og:site_name\" content=\"Car-Tech Diagnostic\" \/>\n<meta property=\"article:modified_time\" content=\"2024-06-24T13:06:47+00:00\" \/>\n<meta name=\"twitter:card\" content=\"summary_large_image\" \/>\n<meta name=\"twitter:label1\" content=\"Est. reading time\" \/>\n\t<meta name=\"twitter:data1\" content=\"1 minute\" \/>\n<script type=\"application\/ld+json\" class=\"yoast-schema-graph\">{\"@context\":\"https:\/\/schema.org\",\"@graph\":[{\"@type\":\"WebPage\",\"@id\":\"https:\/\/cartechdiagnostic.com\/en\/distance-sales-contract\/\",\"url\":\"https:\/\/cartechdiagnostic.com\/en\/distance-sales-contract\/\",\"name\":\"DISTANCE SALES CONTRACT - Car-Tech Diagnostic\",\"isPartOf\":{\"@id\":\"https:\/\/www.cartechdiagnostic.com\/en\/#website\"},\"datePublished\":\"2023-12-27T11:38:48+00:00\",\"dateModified\":\"2024-06-24T13:06:47+00:00\",\"breadcrumb\":{\"@id\":\"https:\/\/cartechdiagnostic.com\/en\/distance-sales-contract\/#breadcrumb\"},\"inLanguage\":\"en-US\",\"potentialAction\":[{\"@type\":\"ReadAction\",\"target\":[\"https:\/\/cartechdiagnostic.com\/en\/distance-sales-contract\/\"]}]},{\"@type\":\"BreadcrumbList\",\"@id\":\"https:\/\/cartechdiagnostic.com\/en\/distance-sales-contract\/#breadcrumb\",\"itemListElement\":[{\"@type\":\"ListItem\",\"position\":1,\"name\":\"Anasayfa\",\"item\":\"https:\/\/www.cartechdiagnostic.com\/en\/\"},{\"@type\":\"ListItem\",\"position\":2,\"name\":\"DISTANCE SALES CONTRACT\"}]},{\"@type\":\"WebSite\",\"@id\":\"https:\/\/www.cartechdiagnostic.com\/en\/#website\",\"url\":\"https:\/\/www.cartechdiagnostic.com\/en\/\",\"name\":\"Car-Tech Diagnostic\",\"description\":\"Ar\u0131za Tespit Cihazlar\u0131 - ECU Programlama Cihazlar\u0131\",\"publisher\":{\"@id\":\"https:\/\/www.cartechdiagnostic.com\/en\/#organization\"},\"alternateName\":\"Car-Tech Diag\",\"potentialAction\":[{\"@type\":\"SearchAction\",\"target\":{\"@type\":\"EntryPoint\",\"urlTemplate\":\"https:\/\/www.cartechdiagnostic.com\/en\/?s={search_term_string}\"},\"query-input\":\"required name=search_term_string\"}],\"inLanguage\":\"en-US\"},{\"@type\":\"Organization\",\"@id\":\"https:\/\/www.cartechdiagnostic.com\/en\/#organization\",\"name\":\"Car-Tech Diagnostic Yaz\u0131l\u0131m Ltd. \u015eti.\",\"url\":\"https:\/\/www.cartechdiagnostic.com\/en\/\",\"logo\":{\"@type\":\"ImageObject\",\"inLanguage\":\"en-US\",\"@id\":\"https:\/\/www.cartechdiagnostic.com\/en\/#\/schema\/logo\/image\/\",\"url\":\"https:\/\/cartechdiagnostic.com\/wp-content\/uploads\/2023\/08\/logocartech.png\",\"contentUrl\":\"https:\/\/cartechdiagnostic.com\/wp-content\/uploads\/2023\/08\/logocartech.png\",\"width\":714,\"height\":340,\"caption\":\"Car-Tech Diagnostic Yaz\u0131l\u0131m Ltd. \u015eti.\"},\"image\":{\"@id\":\"https:\/\/www.cartechdiagnostic.com\/en\/#\/schema\/logo\/image\/\"},\"sameAs\":[\"https:\/\/www.instagram.com\/cartechdiagnostic\"]}]}<\/script>\n<!-- \/ Yoast SEO plugin. -->","yoast_head_json":{"title":"DISTANCE SALES CONTRACT - Car-Tech Diagnostic","robots":{"index":"index","follow":"follow","max-snippet":"max-snippet:-1","max-image-preview":"max-image-preview:large","max-video-preview":"max-video-preview:-1"},"canonical":"https:\/\/cartechdiagnostic.com\/en\/distance-sales-contract\/","og_locale":"en_US","og_type":"article","og_title":"DISTANCE SALES CONTRACT - Car-Tech Diagnostic","og_description":"1. PARTIES 1.1. SELLERCompany Name: Cartech Diagnostic Ltd. \u015eti.Adress: Adalet, Anadolu Cd. No 41\/1, 35530 Bayrakl\u0131\/\u0130zmirPhone: +90 (532) 675 73","og_url":"https:\/\/cartechdiagnostic.com\/en\/distance-sales-contract\/","og_site_name":"Car-Tech Diagnostic","article_modified_time":"2024-06-24T13:06:47+00:00","twitter_card":"summary_large_image","twitter_misc":{"Est. reading time":"1 minute"},"schema":{"@context":"https:\/\/schema.org","@graph":[{"@type":"WebPage","@id":"https:\/\/cartechdiagnostic.com\/en\/distance-sales-contract\/","url":"https:\/\/cartechdiagnostic.com\/en\/distance-sales-contract\/","name":"DISTANCE SALES CONTRACT - Car-Tech Diagnostic","isPartOf":{"@id":"https:\/\/www.cartechdiagnostic.com\/en\/#website"},"datePublished":"2023-12-27T11:38:48+00:00","dateModified":"2024-06-24T13:06:47+00:00","breadcrumb":{"@id":"https:\/\/cartechdiagnostic.com\/en\/distance-sales-contract\/#breadcrumb"},"inLanguage":"en-US","potentialAction":[{"@type":"ReadAction","target":["https:\/\/cartechdiagnostic.com\/en\/distance-sales-contract\/"]}]},{"@type":"BreadcrumbList","@id":"https:\/\/cartechdiagnostic.com\/en\/distance-sales-contract\/#breadcrumb","itemListElement":[{"@type":"ListItem","position":1,"name":"Anasayfa","item":"https:\/\/www.cartechdiagnostic.com\/en\/"},{"@type":"ListItem","position":2,"name":"DISTANCE SALES CONTRACT"}]},{"@type":"WebSite","@id":"https:\/\/www.cartechdiagnostic.com\/en\/#website","url":"https:\/\/www.cartechdiagnostic.com\/en\/","name":"Car-Tech Diagnostic","description":"Ar\u0131za Tespit Cihazlar\u0131 - ECU Programlama Cihazlar\u0131","publisher":{"@id":"https:\/\/www.cartechdiagnostic.com\/en\/#organization"},"alternateName":"Car-Tech Diag","potentialAction":[{"@type":"SearchAction","target":{"@type":"EntryPoint","urlTemplate":"https:\/\/www.cartechdiagnostic.com\/en\/?s={search_term_string}"},"query-input":"required name=search_term_string"}],"inLanguage":"en-US"},{"@type":"Organization","@id":"https:\/\/www.cartechdiagnostic.com\/en\/#organization","name":"Car-Tech Diagnostic Yaz\u0131l\u0131m Ltd. \u015eti.","url":"https:\/\/www.cartechdiagnostic.com\/en\/","logo":{"@type":"ImageObject","inLanguage":"en-US","@id":"https:\/\/www.cartechdiagnostic.com\/en\/#\/schema\/logo\/image\/","url":"https:\/\/cartechdiagnostic.com\/wp-content\/uploads\/2023\/08\/logocartech.png","contentUrl":"https:\/\/cartechdiagnostic.com\/wp-content\/uploads\/2023\/08\/logocartech.png","width":714,"height":340,"caption":"Car-Tech Diagnostic Yaz\u0131l\u0131m Ltd. \u015eti."},"image":{"@id":"https:\/\/www.cartechdiagnostic.com\/en\/#\/schema\/logo\/image\/"},"sameAs":["https:\/\/www.instagram.com\/cartechdiagnostic"]}]}},"_links":{"self":[{"href":"https:\/\/cartechdiagnostic.com\/en\/wp-json\/wp\/v2\/pages\/17774","targetHints":{"allow":["GET"]}}],"collection":[{"href":"https:\/\/cartechdiagnostic.com\/en\/wp-json\/wp\/v2\/pages"}],"about":[{"href":"https:\/\/cartechdiagnostic.com\/en\/wp-json\/wp\/v2\/types\/page"}],"author":[{"embeddable":true,"href":"https:\/\/cartechdiagnostic.com\/en\/wp-json\/wp\/v2\/users\/1"}],"replies":[{"embeddable":true,"href":"https:\/\/cartechdiagnostic.com\/en\/wp-json\/wp\/v2\/comments?post=17774"}],"version-history":[{"count":1,"href":"https:\/\/cartechdiagnostic.com\/en\/wp-json\/wp\/v2\/pages\/17774\/revisions"}],"predecessor-version":[{"id":17776,"href":"https:\/\/cartechdiagnostic.com\/en\/wp-json\/wp\/v2\/pages\/17774\/revisions\/17776"}],"wp:attachment":[{"href":"https:\/\/cartechdiagnostic.com\/en\/wp-json\/wp\/v2\/media?parent=17774"}],"curies":[{"name":"wp","href":"https:\/\/api.w.org\/{rel}","templated":true}]}}