{"id":17838,"date":"2024-05-12T22:45:59","date_gmt":"2024-05-12T19:45:59","guid":{"rendered":"https:\/urun\/pressure-differential-digital-manometer-wl-021-wellhise-ht1890\/"},"modified":"2024-05-12T22:45:59","modified_gmt":"2024-05-12T19:45:59","slug":"pressure-differential-digital-manometer-wl-021-wellhise-ht1890","status":"publish","type":"product","link":"https:\/\/cartechdiagnostic.com\/en\/urun\/pressure-differential-digital-manometer-wl-021-wellhise-ht1890\/","title":{"rendered":"Pressure Differential Digital Manometer &#8211; WL-021 WELLHISE HT1890"},"content":{"rendered":"","protected":false},"excerpt":{"rendered":"<p>WL-021 WELLHISE HT1890 Pressure Differential Gauge is a high quality digital manometer used to measure pressure differences in industrial environments. This instrument is ideal for precisely determining pressure differences in ventilation systems, air conditioning systems, plumbing, ventilation, and other industrial applications. Thanks to its user-friendly interface, it is easy to use and provides high accuracy. In addition, its portable structure allows users to use it wherever they need it. With these features, the WL-021 WELLHISE HT1890 Pressure Differential Meter offers a reliable solution in industrial applications.<\/p>\n","protected":false},"featured_media":17686,"comment_status":"open","ping_status":"closed","template":"","meta":{"_joinchat":[]},"product_brand":[],"product_cat":[1342],"product_tag":[],"class_list":{"0":"post-17838","1":"product","2":"type-product","3":"status-publish","4":"has-post-thumbnail","6":"product_cat-uncategorized","8":"first","9":"instock","10":"sale","11":"shipping-taxable","12":"purchasable","13":"product-type-simple"},"yoast_head":"<!-- This site is optimized with the Yoast SEO plugin v22.8 - https:\/\/yoast.com\/wordpress\/plugins\/seo\/ -->\n<title>Pressure Differential Digital Manometer - WL-021 WELLHISE HT1890 - Car-Tech Diagnostic<\/title>\n<meta name=\"robots\" content=\"index, follow, max-snippet:-1, max-image-preview:large, max-video-preview:-1\" \/>\n<link rel=\"canonical\" href=\"https:\/\/cartechdiagnostic.com\/en\/urun\/pressure-differential-digital-manometer-wl-021-wellhise-ht1890\/\" \/>\n<meta property=\"og:locale\" content=\"en_US\" \/>\n<meta property=\"og:type\" content=\"article\" \/>\n<meta property=\"og:title\" content=\"Pressure Differential Digital Manometer - WL-021 WELLHISE HT1890 - Car-Tech Diagnostic\" \/>\n<meta property=\"og:description\" content=\"WL-021 WELLHISE HT1890 Pressure Differential Gauge is a high quality digital manometer used to measure pressure differences in industrial environments. This instrument is ideal for precisely determining pressure differences in ventilation systems, air conditioning systems, plumbing, ventilation, and other industrial applications. Thanks to its user-friendly interface, it is easy to use and provides high accuracy. In addition, its portable structure allows users to use it wherever they need it. With these features, the WL-021 WELLHISE HT1890 Pressure Differential Meter offers a reliable solution in industrial applications.\" \/>\n<meta property=\"og:url\" content=\"https:\/\/cartechdiagnostic.com\/en\/urun\/pressure-differential-digital-manometer-wl-021-wellhise-ht1890\/\" \/>\n<meta property=\"og:site_name\" content=\"Car-Tech Diagnostic\" \/>\n<meta property=\"og:image\" content=\"https:\/\/cartechdiagnostic.com\/wp-content\/uploads\/2024\/02\/WL-021-WELLHISE-HT1890-BASINC-FARK-OLCER-DIJITAL-MANOMETRE-1.png\" \/>\n\t<meta property=\"og:image:width\" content=\"1080\" \/>\n\t<meta property=\"og:image:height\" content=\"1080\" \/>\n\t<meta property=\"og:image:type\" content=\"image\/png\" \/>\n<meta name=\"twitter:card\" content=\"summary_large_image\" \/>\n<script type=\"application\/ld+json\" class=\"yoast-schema-graph\">{\"@context\":\"https:\/\/schema.org\",\"@graph\":[{\"@type\":\"WebPage\",\"@id\":\"https:\/\/cartechdiagnostic.com\/en\/urun\/pressure-differential-digital-manometer-wl-021-wellhise-ht1890\/\",\"url\":\"https:\/\/cartechdiagnostic.com\/en\/urun\/pressure-differential-digital-manometer-wl-021-wellhise-ht1890\/\",\"name\":\"Pressure Differential Digital Manometer - WL-021 WELLHISE HT1890 - Car-Tech Diagnostic\",\"isPartOf\":{\"@id\":\"https:\/\/www.cartechdiagnostic.com\/en\/#website\"},\"primaryImageOfPage\":{\"@id\":\"https:\/\/cartechdiagnostic.com\/en\/urun\/pressure-differential-digital-manometer-wl-021-wellhise-ht1890\/#primaryimage\"},\"image\":{\"@id\":\"https:\/\/cartechdiagnostic.com\/en\/urun\/pressure-differential-digital-manometer-wl-021-wellhise-ht1890\/#primaryimage\"},\"thumbnailUrl\":\"https:\/\/cartechdiagnostic.com\/wp-content\/uploads\/2024\/02\/WL-021-WELLHISE-HT1890-BASINC-FARK-OLCER-DIJITAL-MANOMETRE-1.png\",\"datePublished\":\"2024-05-12T19:45:59+00:00\",\"dateModified\":\"2024-05-12T19:45:59+00:00\",\"breadcrumb\":{\"@id\":\"https:\/\/cartechdiagnostic.com\/en\/urun\/pressure-differential-digital-manometer-wl-021-wellhise-ht1890\/#breadcrumb\"},\"inLanguage\":\"en-US\",\"potentialAction\":[{\"@type\":\"ReadAction\",\"target\":[\"https:\/\/cartechdiagnostic.com\/en\/urun\/pressure-differential-digital-manometer-wl-021-wellhise-ht1890\/\"]}]},{\"@type\":\"ImageObject\",\"inLanguage\":\"en-US\",\"@id\":\"https:\/\/cartechdiagnostic.com\/en\/urun\/pressure-differential-digital-manometer-wl-021-wellhise-ht1890\/#primaryimage\",\"url\":\"https:\/\/cartechdiagnostic.com\/wp-content\/uploads\/2024\/02\/WL-021-WELLHISE-HT1890-BASINC-FARK-OLCER-DIJITAL-MANOMETRE-1.png\",\"contentUrl\":\"https:\/\/cartechdiagnostic.com\/wp-content\/uploads\/2024\/02\/WL-021-WELLHISE-HT1890-BASINC-FARK-OLCER-DIJITAL-MANOMETRE-1.png\",\"width\":1080,\"height\":1080},{\"@type\":\"BreadcrumbList\",\"@id\":\"https:\/\/cartechdiagnostic.com\/en\/urun\/pressure-differential-digital-manometer-wl-021-wellhise-ht1890\/#breadcrumb\",\"itemListElement\":[{\"@type\":\"ListItem\",\"position\":1,\"name\":\"Anasayfa\",\"item\":\"https:\/\/www.cartechdiagnostic.com\/en\/\"},{\"@type\":\"ListItem\",\"position\":2,\"name\":\"Ma\u011faza\",\"item\":\"https:\/\/www.cartechdiagnostic.com\/magaza\/\"},{\"@type\":\"ListItem\",\"position\":3,\"name\":\"Pressure Differential Digital Manometer &#8211; WL-021 WELLHISE HT1890\"}]},{\"@type\":\"WebSite\",\"@id\":\"https:\/\/www.cartechdiagnostic.com\/en\/#website\",\"url\":\"https:\/\/www.cartechdiagnostic.com\/en\/\",\"name\":\"Car-Tech Diagnostic\",\"description\":\"Ar\u0131za Tespit Cihazlar\u0131 - ECU Programlama Cihazlar\u0131\",\"publisher\":{\"@id\":\"https:\/\/www.cartechdiagnostic.com\/en\/#organization\"},\"alternateName\":\"Car-Tech Diag\",\"potentialAction\":[{\"@type\":\"SearchAction\",\"target\":{\"@type\":\"EntryPoint\",\"urlTemplate\":\"https:\/\/www.cartechdiagnostic.com\/en\/?s={search_term_string}\"},\"query-input\":\"required name=search_term_string\"}],\"inLanguage\":\"en-US\"},{\"@type\":\"Organization\",\"@id\":\"https:\/\/www.cartechdiagnostic.com\/en\/#organization\",\"name\":\"Car-Tech Diagnostic Yaz\u0131l\u0131m Ltd. \u015eti.\",\"url\":\"https:\/\/www.cartechdiagnostic.com\/en\/\",\"logo\":{\"@type\":\"ImageObject\",\"inLanguage\":\"en-US\",\"@id\":\"https:\/\/www.cartechdiagnostic.com\/en\/#\/schema\/logo\/image\/\",\"url\":\"https:\/\/cartechdiagnostic.com\/wp-content\/uploads\/2023\/08\/logocartech.png\",\"contentUrl\":\"https:\/\/cartechdiagnostic.com\/wp-content\/uploads\/2023\/08\/logocartech.png\",\"width\":714,\"height\":340,\"caption\":\"Car-Tech Diagnostic Yaz\u0131l\u0131m Ltd. \u015eti.\"},\"image\":{\"@id\":\"https:\/\/www.cartechdiagnostic.com\/en\/#\/schema\/logo\/image\/\"},\"sameAs\":[\"https:\/\/www.instagram.com\/cartechdiagnostic\"]}]}<\/script>\n<!-- \/ Yoast SEO plugin. -->","yoast_head_json":{"title":"Pressure Differential Digital Manometer - WL-021 WELLHISE HT1890 - Car-Tech Diagnostic","robots":{"index":"index","follow":"follow","max-snippet":"max-snippet:-1","max-image-preview":"max-image-preview:large","max-video-preview":"max-video-preview:-1"},"canonical":"https:\/\/cartechdiagnostic.com\/en\/urun\/pressure-differential-digital-manometer-wl-021-wellhise-ht1890\/","og_locale":"en_US","og_type":"article","og_title":"Pressure Differential Digital Manometer - WL-021 WELLHISE HT1890 - Car-Tech Diagnostic","og_description":"WL-021 WELLHISE HT1890 Pressure Differential Gauge is a high quality digital manometer used to measure pressure differences in industrial environments. This instrument is ideal for precisely determining pressure differences in ventilation systems, air conditioning systems, plumbing, ventilation, and other industrial applications. Thanks to its user-friendly interface, it is easy to use and provides high accuracy. In addition, its portable structure allows users to use it wherever they need it. With these features, the WL-021 WELLHISE HT1890 Pressure Differential Meter offers a reliable solution in industrial applications.","og_url":"https:\/\/cartechdiagnostic.com\/en\/urun\/pressure-differential-digital-manometer-wl-021-wellhise-ht1890\/","og_site_name":"Car-Tech Diagnostic","og_image":[{"width":1080,"height":1080,"url":"https:\/\/cartechdiagnostic.com\/wp-content\/uploads\/2024\/02\/WL-021-WELLHISE-HT1890-BASINC-FARK-OLCER-DIJITAL-MANOMETRE-1.png","type":"image\/png"}],"twitter_card":"summary_large_image","schema":{"@context":"https:\/\/schema.org","@graph":[{"@type":"WebPage","@id":"https:\/\/cartechdiagnostic.com\/en\/urun\/pressure-differential-digital-manometer-wl-021-wellhise-ht1890\/","url":"https:\/\/cartechdiagnostic.com\/en\/urun\/pressure-differential-digital-manometer-wl-021-wellhise-ht1890\/","name":"Pressure Differential Digital Manometer - WL-021 WELLHISE HT1890 - Car-Tech Diagnostic","isPartOf":{"@id":"https:\/\/www.cartechdiagnostic.com\/en\/#website"},"primaryImageOfPage":{"@id":"https:\/\/cartechdiagnostic.com\/en\/urun\/pressure-differential-digital-manometer-wl-021-wellhise-ht1890\/#primaryimage"},"image":{"@id":"https:\/\/cartechdiagnostic.com\/en\/urun\/pressure-differential-digital-manometer-wl-021-wellhise-ht1890\/#primaryimage"},"thumbnailUrl":"https:\/\/cartechdiagnostic.com\/wp-content\/uploads\/2024\/02\/WL-021-WELLHISE-HT1890-BASINC-FARK-OLCER-DIJITAL-MANOMETRE-1.png","datePublished":"2024-05-12T19:45:59+00:00","dateModified":"2024-05-12T19:45:59+00:00","breadcrumb":{"@id":"https:\/\/cartechdiagnostic.com\/en\/urun\/pressure-differential-digital-manometer-wl-021-wellhise-ht1890\/#breadcrumb"},"inLanguage":"en-US","potentialAction":[{"@type":"ReadAction","target":["https:\/\/cartechdiagnostic.com\/en\/urun\/pressure-differential-digital-manometer-wl-021-wellhise-ht1890\/"]}]},{"@type":"ImageObject","inLanguage":"en-US","@id":"https:\/\/cartechdiagnostic.com\/en\/urun\/pressure-differential-digital-manometer-wl-021-wellhise-ht1890\/#primaryimage","url":"https:\/\/cartechdiagnostic.com\/wp-content\/uploads\/2024\/02\/WL-021-WELLHISE-HT1890-BASINC-FARK-OLCER-DIJITAL-MANOMETRE-1.png","contentUrl":"https:\/\/cartechdiagnostic.com\/wp-content\/uploads\/2024\/02\/WL-021-WELLHISE-HT1890-BASINC-FARK-OLCER-DIJITAL-MANOMETRE-1.png","width":1080,"height":1080},{"@type":"BreadcrumbList","@id":"https:\/\/cartechdiagnostic.com\/en\/urun\/pressure-differential-digital-manometer-wl-021-wellhise-ht1890\/#breadcrumb","itemListElement":[{"@type":"ListItem","position":1,"name":"Anasayfa","item":"https:\/\/www.cartechdiagnostic.com\/en\/"},{"@type":"ListItem","position":2,"name":"Ma\u011faza","item":"https:\/\/www.cartechdiagnostic.com\/magaza\/"},{"@type":"ListItem","position":3,"name":"Pressure Differential Digital Manometer &#8211; WL-021 WELLHISE HT1890"}]},{"@type":"WebSite","@id":"https:\/\/www.cartechdiagnostic.com\/en\/#website","url":"https:\/\/www.cartechdiagnostic.com\/en\/","name":"Car-Tech Diagnostic","description":"Ar\u0131za Tespit Cihazlar\u0131 - ECU Programlama Cihazlar\u0131","publisher":{"@id":"https:\/\/www.cartechdiagnostic.com\/en\/#organization"},"alternateName":"Car-Tech Diag","potentialAction":[{"@type":"SearchAction","target":{"@type":"EntryPoint","urlTemplate":"https:\/\/www.cartechdiagnostic.com\/en\/?s={search_term_string}"},"query-input":"required name=search_term_string"}],"inLanguage":"en-US"},{"@type":"Organization","@id":"https:\/\/www.cartechdiagnostic.com\/en\/#organization","name":"Car-Tech Diagnostic Yaz\u0131l\u0131m Ltd. \u015eti.","url":"https:\/\/www.cartechdiagnostic.com\/en\/","logo":{"@type":"ImageObject","inLanguage":"en-US","@id":"https:\/\/www.cartechdiagnostic.com\/en\/#\/schema\/logo\/image\/","url":"https:\/\/cartechdiagnostic.com\/wp-content\/uploads\/2023\/08\/logocartech.png","contentUrl":"https:\/\/cartechdiagnostic.com\/wp-content\/uploads\/2023\/08\/logocartech.png","width":714,"height":340,"caption":"Car-Tech Diagnostic Yaz\u0131l\u0131m Ltd. \u015eti."},"image":{"@id":"https:\/\/www.cartechdiagnostic.com\/en\/#\/schema\/logo\/image\/"},"sameAs":["https:\/\/www.instagram.com\/cartechdiagnostic"]}]}},"_links":{"self":[{"href":"https:\/\/cartechdiagnostic.com\/en\/wp-json\/wp\/v2\/product\/17838","targetHints":{"allow":["GET"]}}],"collection":[{"href":"https:\/\/cartechdiagnostic.com\/en\/wp-json\/wp\/v2\/product"}],"about":[{"href":"https:\/\/cartechdiagnostic.com\/en\/wp-json\/wp\/v2\/types\/product"}],"replies":[{"embeddable":true,"href":"https:\/\/cartechdiagnostic.com\/en\/wp-json\/wp\/v2\/comments?post=17838"}],"version-history":[{"count":0,"href":"https:\/\/cartechdiagnostic.com\/en\/wp-json\/wp\/v2\/product\/17838\/revisions"}],"wp:featuredmedia":[{"embeddable":true,"href":"https:\/\/cartechdiagnostic.com\/en\/wp-json\/wp\/v2\/media\/17686"}],"wp:attachment":[{"href":"https:\/\/cartechdiagnostic.com\/en\/wp-json\/wp\/v2\/media?parent=17838"}],"wp:term":[{"taxonomy":"product_brand","embeddable":true,"href":"https:\/\/cartechdiagnostic.com\/en\/wp-json\/wp\/v2\/product_brand?post=17838"},{"taxonomy":"product_cat","embeddable":true,"href":"https:\/\/cartechdiagnostic.com\/en\/wp-json\/wp\/v2\/product_cat?post=17838"},{"taxonomy":"product_tag","embeddable":true,"href":"https:\/\/cartechdiagnostic.com\/en\/wp-json\/wp\/v2\/product_tag?post=17838"}],"curies":[{"name":"wp","href":"https:\/\/api.w.org\/{rel}","templated":true}]}}