{"id":17847,"date":"2024-05-12T22:44:18","date_gmt":"2024-05-12T19:44:18","guid":{"rendered":"https:\/urun\/automotive-brake-fluid-tester-wl-005-duoyi-dy23b\/"},"modified":"2024-05-12T22:44:18","modified_gmt":"2024-05-12T19:44:18","slug":"automotive-brake-fluid-tester-wl-005-duoyi-dy23b","status":"publish","type":"product","link":"https:\/\/cartechdiagnostic.com\/en\/urun\/automotive-brake-fluid-tester-wl-005-duoyi-dy23b\/","title":{"rendered":"Automotive Brake Fluid Tester &#8211; WL-005 DUOYI DY23B"},"content":{"rendered":"","protected":false},"excerpt":{"rendered":"<p>WL-005 DUOYI DY23B is used as Automotive Brake Hydrology Tester. This device is designed to measure hydraulic pressure in automobile brake systems. It is commonly used in car repair shops, service centres and the automotive industry. The DY23B model is usually equipped with a precision sensor to accurately measure the hydraulic brake system pressure. This is important for assessing the health and reliability of the brake hydrological system. The instrument usually has a user-friendly interface and an easily readable display, which allows operators to interpret results in a simple way.<\/p>\n","protected":false},"featured_media":17681,"comment_status":"open","ping_status":"closed","template":"","meta":{"_joinchat":[]},"product_brand":[],"product_cat":[1342],"product_tag":[],"class_list":{"0":"post-17847","1":"product","2":"type-product","3":"status-publish","4":"has-post-thumbnail","6":"product_cat-uncategorized","8":"first","9":"outofstock","10":"sale","11":"shipping-taxable","12":"purchasable","13":"product-type-simple"},"yoast_head":"<!-- This site is optimized with the Yoast SEO plugin v22.8 - https:\/\/yoast.com\/wordpress\/plugins\/seo\/ -->\n<title>Automotive Brake Fluid Tester - WL-005 DUOYI DY23B - Car-Tech Diagnostic<\/title>\n<meta name=\"robots\" content=\"index, follow, max-snippet:-1, max-image-preview:large, max-video-preview:-1\" \/>\n<link rel=\"canonical\" href=\"https:\/\/cartechdiagnostic.com\/en\/urun\/automotive-brake-fluid-tester-wl-005-duoyi-dy23b\/\" \/>\n<meta property=\"og:locale\" content=\"en_US\" \/>\n<meta property=\"og:type\" content=\"article\" \/>\n<meta property=\"og:title\" content=\"Automotive Brake Fluid Tester - WL-005 DUOYI DY23B - Car-Tech Diagnostic\" \/>\n<meta property=\"og:description\" content=\"WL-005 DUOYI DY23B is used as Automotive Brake Hydrology Tester. This device is designed to measure hydraulic pressure in automobile brake systems. It is commonly used in car repair shops, service centres and the automotive industry. The DY23B model is usually equipped with a precision sensor to accurately measure the hydraulic brake system pressure. This is important for assessing the health and reliability of the brake hydrological system. The instrument usually has a user-friendly interface and an easily readable display, which allows operators to interpret results in a simple way.\" \/>\n<meta property=\"og:url\" content=\"https:\/\/cartechdiagnostic.com\/en\/urun\/automotive-brake-fluid-tester-wl-005-duoyi-dy23b\/\" \/>\n<meta property=\"og:site_name\" content=\"Car-Tech Diagnostic\" \/>\n<meta property=\"og:image\" content=\"https:\/\/cartechdiagnostic.com\/wp-content\/uploads\/2024\/02\/WL-005-DUOYI-DY23B-OTOMOTIV-FREN-HIDROLIGI-TEST-CIHAZI-1.png\" \/>\n\t<meta property=\"og:image:width\" content=\"1080\" \/>\n\t<meta property=\"og:image:height\" content=\"1080\" \/>\n\t<meta property=\"og:image:type\" content=\"image\/png\" \/>\n<meta name=\"twitter:card\" content=\"summary_large_image\" \/>\n<script type=\"application\/ld+json\" class=\"yoast-schema-graph\">{\"@context\":\"https:\/\/schema.org\",\"@graph\":[{\"@type\":\"WebPage\",\"@id\":\"https:\/\/cartechdiagnostic.com\/en\/urun\/automotive-brake-fluid-tester-wl-005-duoyi-dy23b\/\",\"url\":\"https:\/\/cartechdiagnostic.com\/en\/urun\/automotive-brake-fluid-tester-wl-005-duoyi-dy23b\/\",\"name\":\"Automotive Brake Fluid Tester - WL-005 DUOYI DY23B - Car-Tech Diagnostic\",\"isPartOf\":{\"@id\":\"https:\/\/www.cartechdiagnostic.com\/en\/#website\"},\"primaryImageOfPage\":{\"@id\":\"https:\/\/cartechdiagnostic.com\/en\/urun\/automotive-brake-fluid-tester-wl-005-duoyi-dy23b\/#primaryimage\"},\"image\":{\"@id\":\"https:\/\/cartechdiagnostic.com\/en\/urun\/automotive-brake-fluid-tester-wl-005-duoyi-dy23b\/#primaryimage\"},\"thumbnailUrl\":\"https:\/\/cartechdiagnostic.com\/wp-content\/uploads\/2024\/02\/WL-005-DUOYI-DY23B-OTOMOTIV-FREN-HIDROLIGI-TEST-CIHAZI-1.png\",\"datePublished\":\"2024-05-12T19:44:18+00:00\",\"dateModified\":\"2024-05-12T19:44:18+00:00\",\"breadcrumb\":{\"@id\":\"https:\/\/cartechdiagnostic.com\/en\/urun\/automotive-brake-fluid-tester-wl-005-duoyi-dy23b\/#breadcrumb\"},\"inLanguage\":\"en-US\",\"potentialAction\":[{\"@type\":\"ReadAction\",\"target\":[\"https:\/\/cartechdiagnostic.com\/en\/urun\/automotive-brake-fluid-tester-wl-005-duoyi-dy23b\/\"]}]},{\"@type\":\"ImageObject\",\"inLanguage\":\"en-US\",\"@id\":\"https:\/\/cartechdiagnostic.com\/en\/urun\/automotive-brake-fluid-tester-wl-005-duoyi-dy23b\/#primaryimage\",\"url\":\"https:\/\/cartechdiagnostic.com\/wp-content\/uploads\/2024\/02\/WL-005-DUOYI-DY23B-OTOMOTIV-FREN-HIDROLIGI-TEST-CIHAZI-1.png\",\"contentUrl\":\"https:\/\/cartechdiagnostic.com\/wp-content\/uploads\/2024\/02\/WL-005-DUOYI-DY23B-OTOMOTIV-FREN-HIDROLIGI-TEST-CIHAZI-1.png\",\"width\":1080,\"height\":1080},{\"@type\":\"BreadcrumbList\",\"@id\":\"https:\/\/cartechdiagnostic.com\/en\/urun\/automotive-brake-fluid-tester-wl-005-duoyi-dy23b\/#breadcrumb\",\"itemListElement\":[{\"@type\":\"ListItem\",\"position\":1,\"name\":\"Anasayfa\",\"item\":\"https:\/\/www.cartechdiagnostic.com\/en\/\"},{\"@type\":\"ListItem\",\"position\":2,\"name\":\"Ma\u011faza\",\"item\":\"https:\/\/www.cartechdiagnostic.com\/magaza\/\"},{\"@type\":\"ListItem\",\"position\":3,\"name\":\"Automotive Brake Fluid Tester &#8211; WL-005 DUOYI DY23B\"}]},{\"@type\":\"WebSite\",\"@id\":\"https:\/\/www.cartechdiagnostic.com\/en\/#website\",\"url\":\"https:\/\/www.cartechdiagnostic.com\/en\/\",\"name\":\"Car-Tech Diagnostic\",\"description\":\"Ar\u0131za Tespit Cihazlar\u0131 - ECU Programlama Cihazlar\u0131\",\"publisher\":{\"@id\":\"https:\/\/www.cartechdiagnostic.com\/en\/#organization\"},\"alternateName\":\"Car-Tech Diag\",\"potentialAction\":[{\"@type\":\"SearchAction\",\"target\":{\"@type\":\"EntryPoint\",\"urlTemplate\":\"https:\/\/www.cartechdiagnostic.com\/en\/?s={search_term_string}\"},\"query-input\":\"required name=search_term_string\"}],\"inLanguage\":\"en-US\"},{\"@type\":\"Organization\",\"@id\":\"https:\/\/www.cartechdiagnostic.com\/en\/#organization\",\"name\":\"Car-Tech Diagnostic Yaz\u0131l\u0131m Ltd. \u015eti.\",\"url\":\"https:\/\/www.cartechdiagnostic.com\/en\/\",\"logo\":{\"@type\":\"ImageObject\",\"inLanguage\":\"en-US\",\"@id\":\"https:\/\/www.cartechdiagnostic.com\/en\/#\/schema\/logo\/image\/\",\"url\":\"https:\/\/cartechdiagnostic.com\/wp-content\/uploads\/2023\/08\/logocartech.png\",\"contentUrl\":\"https:\/\/cartechdiagnostic.com\/wp-content\/uploads\/2023\/08\/logocartech.png\",\"width\":714,\"height\":340,\"caption\":\"Car-Tech Diagnostic Yaz\u0131l\u0131m Ltd. \u015eti.\"},\"image\":{\"@id\":\"https:\/\/www.cartechdiagnostic.com\/en\/#\/schema\/logo\/image\/\"},\"sameAs\":[\"https:\/\/www.instagram.com\/cartechdiagnostic\"]}]}<\/script>\n<!-- \/ Yoast SEO plugin. -->","yoast_head_json":{"title":"Automotive Brake Fluid Tester - WL-005 DUOYI DY23B - Car-Tech Diagnostic","robots":{"index":"index","follow":"follow","max-snippet":"max-snippet:-1","max-image-preview":"max-image-preview:large","max-video-preview":"max-video-preview:-1"},"canonical":"https:\/\/cartechdiagnostic.com\/en\/urun\/automotive-brake-fluid-tester-wl-005-duoyi-dy23b\/","og_locale":"en_US","og_type":"article","og_title":"Automotive Brake Fluid Tester - WL-005 DUOYI DY23B - Car-Tech Diagnostic","og_description":"WL-005 DUOYI DY23B is used as Automotive Brake Hydrology Tester. This device is designed to measure hydraulic pressure in automobile brake systems. It is commonly used in car repair shops, service centres and the automotive industry. The DY23B model is usually equipped with a precision sensor to accurately measure the hydraulic brake system pressure. This is important for assessing the health and reliability of the brake hydrological system. The instrument usually has a user-friendly interface and an easily readable display, which allows operators to interpret results in a simple way.","og_url":"https:\/\/cartechdiagnostic.com\/en\/urun\/automotive-brake-fluid-tester-wl-005-duoyi-dy23b\/","og_site_name":"Car-Tech Diagnostic","og_image":[{"width":1080,"height":1080,"url":"https:\/\/cartechdiagnostic.com\/wp-content\/uploads\/2024\/02\/WL-005-DUOYI-DY23B-OTOMOTIV-FREN-HIDROLIGI-TEST-CIHAZI-1.png","type":"image\/png"}],"twitter_card":"summary_large_image","schema":{"@context":"https:\/\/schema.org","@graph":[{"@type":"WebPage","@id":"https:\/\/cartechdiagnostic.com\/en\/urun\/automotive-brake-fluid-tester-wl-005-duoyi-dy23b\/","url":"https:\/\/cartechdiagnostic.com\/en\/urun\/automotive-brake-fluid-tester-wl-005-duoyi-dy23b\/","name":"Automotive Brake Fluid Tester - WL-005 DUOYI DY23B - Car-Tech Diagnostic","isPartOf":{"@id":"https:\/\/www.cartechdiagnostic.com\/en\/#website"},"primaryImageOfPage":{"@id":"https:\/\/cartechdiagnostic.com\/en\/urun\/automotive-brake-fluid-tester-wl-005-duoyi-dy23b\/#primaryimage"},"image":{"@id":"https:\/\/cartechdiagnostic.com\/en\/urun\/automotive-brake-fluid-tester-wl-005-duoyi-dy23b\/#primaryimage"},"thumbnailUrl":"https:\/\/cartechdiagnostic.com\/wp-content\/uploads\/2024\/02\/WL-005-DUOYI-DY23B-OTOMOTIV-FREN-HIDROLIGI-TEST-CIHAZI-1.png","datePublished":"2024-05-12T19:44:18+00:00","dateModified":"2024-05-12T19:44:18+00:00","breadcrumb":{"@id":"https:\/\/cartechdiagnostic.com\/en\/urun\/automotive-brake-fluid-tester-wl-005-duoyi-dy23b\/#breadcrumb"},"inLanguage":"en-US","potentialAction":[{"@type":"ReadAction","target":["https:\/\/cartechdiagnostic.com\/en\/urun\/automotive-brake-fluid-tester-wl-005-duoyi-dy23b\/"]}]},{"@type":"ImageObject","inLanguage":"en-US","@id":"https:\/\/cartechdiagnostic.com\/en\/urun\/automotive-brake-fluid-tester-wl-005-duoyi-dy23b\/#primaryimage","url":"https:\/\/cartechdiagnostic.com\/wp-content\/uploads\/2024\/02\/WL-005-DUOYI-DY23B-OTOMOTIV-FREN-HIDROLIGI-TEST-CIHAZI-1.png","contentUrl":"https:\/\/cartechdiagnostic.com\/wp-content\/uploads\/2024\/02\/WL-005-DUOYI-DY23B-OTOMOTIV-FREN-HIDROLIGI-TEST-CIHAZI-1.png","width":1080,"height":1080},{"@type":"BreadcrumbList","@id":"https:\/\/cartechdiagnostic.com\/en\/urun\/automotive-brake-fluid-tester-wl-005-duoyi-dy23b\/#breadcrumb","itemListElement":[{"@type":"ListItem","position":1,"name":"Anasayfa","item":"https:\/\/www.cartechdiagnostic.com\/en\/"},{"@type":"ListItem","position":2,"name":"Ma\u011faza","item":"https:\/\/www.cartechdiagnostic.com\/magaza\/"},{"@type":"ListItem","position":3,"name":"Automotive Brake Fluid Tester &#8211; WL-005 DUOYI DY23B"}]},{"@type":"WebSite","@id":"https:\/\/www.cartechdiagnostic.com\/en\/#website","url":"https:\/\/www.cartechdiagnostic.com\/en\/","name":"Car-Tech Diagnostic","description":"Ar\u0131za Tespit Cihazlar\u0131 - ECU Programlama Cihazlar\u0131","publisher":{"@id":"https:\/\/www.cartechdiagnostic.com\/en\/#organization"},"alternateName":"Car-Tech Diag","potentialAction":[{"@type":"SearchAction","target":{"@type":"EntryPoint","urlTemplate":"https:\/\/www.cartechdiagnostic.com\/en\/?s={search_term_string}"},"query-input":"required name=search_term_string"}],"inLanguage":"en-US"},{"@type":"Organization","@id":"https:\/\/www.cartechdiagnostic.com\/en\/#organization","name":"Car-Tech Diagnostic Yaz\u0131l\u0131m Ltd. \u015eti.","url":"https:\/\/www.cartechdiagnostic.com\/en\/","logo":{"@type":"ImageObject","inLanguage":"en-US","@id":"https:\/\/www.cartechdiagnostic.com\/en\/#\/schema\/logo\/image\/","url":"https:\/\/cartechdiagnostic.com\/wp-content\/uploads\/2023\/08\/logocartech.png","contentUrl":"https:\/\/cartechdiagnostic.com\/wp-content\/uploads\/2023\/08\/logocartech.png","width":714,"height":340,"caption":"Car-Tech Diagnostic Yaz\u0131l\u0131m Ltd. \u015eti."},"image":{"@id":"https:\/\/www.cartechdiagnostic.com\/en\/#\/schema\/logo\/image\/"},"sameAs":["https:\/\/www.instagram.com\/cartechdiagnostic"]}]}},"_links":{"self":[{"href":"https:\/\/cartechdiagnostic.com\/en\/wp-json\/wp\/v2\/product\/17847","targetHints":{"allow":["GET"]}}],"collection":[{"href":"https:\/\/cartechdiagnostic.com\/en\/wp-json\/wp\/v2\/product"}],"about":[{"href":"https:\/\/cartechdiagnostic.com\/en\/wp-json\/wp\/v2\/types\/product"}],"replies":[{"embeddable":true,"href":"https:\/\/cartechdiagnostic.com\/en\/wp-json\/wp\/v2\/comments?post=17847"}],"version-history":[{"count":0,"href":"https:\/\/cartechdiagnostic.com\/en\/wp-json\/wp\/v2\/product\/17847\/revisions"}],"wp:featuredmedia":[{"embeddable":true,"href":"https:\/\/cartechdiagnostic.com\/en\/wp-json\/wp\/v2\/media\/17681"}],"wp:attachment":[{"href":"https:\/\/cartechdiagnostic.com\/en\/wp-json\/wp\/v2\/media?parent=17847"}],"wp:term":[{"taxonomy":"product_brand","embeddable":true,"href":"https:\/\/cartechdiagnostic.com\/en\/wp-json\/wp\/v2\/product_brand?post=17847"},{"taxonomy":"product_cat","embeddable":true,"href":"https:\/\/cartechdiagnostic.com\/en\/wp-json\/wp\/v2\/product_cat?post=17847"},{"taxonomy":"product_tag","embeddable":true,"href":"https:\/\/cartechdiagnostic.com\/en\/wp-json\/wp\/v2\/product_tag?post=17847"}],"curies":[{"name":"wp","href":"https:\/\/api.w.org\/{rel}","templated":true}]}}