{"id":17850,"date":"2024-05-12T22:44:10","date_gmt":"2024-05-12T19:44:10","guid":{"rendered":"https:\/urun\/digital-earth-ground-resistance-tester-wl-001-duoyi-dy4100\/"},"modified":"2024-05-12T22:44:10","modified_gmt":"2024-05-12T19:44:10","slug":"digital-earth-ground-resistance-tester-wl-001-duoyi-dy4100","status":"publish","type":"product","link":"https:\/\/cartechdiagnostic.com\/en\/urun\/digital-earth-ground-resistance-tester-wl-001-duoyi-dy4100\/","title":{"rendered":"Digital Earth Ground Resistance Tester &#8211; WL-001 DUOYI DY4100"},"content":{"rendered":"","protected":false},"excerpt":{"rendered":"<p>WL-001 DUOYI DY4100 DIGITAL EARTHING RESISTANCE TESTER is a device used to check the safety and accuracy of earthing systems. This device is often used in electrical wiring installation, industrial plants, laboratories and other similar areas. The DY4100 model is usually designed to measure the grounding resistance. Grounding is a safety measure used to reduce dangerous voltages in electrical systems. Therefore, accurate measurement of grounding resistance is important and critical to electrical safety. The instrument usually has a number of features, including high-precision measurements, wide measurement range, user-friendly interface and data logging capability. Furthermore, the instrument usually has a portable and rugged design, making it suitable for field work.<\/p>\n","protected":false},"featured_media":17678,"comment_status":"open","ping_status":"closed","template":"","meta":{"_joinchat":[]},"product_brand":[],"product_cat":[1342],"product_tag":[],"class_list":{"0":"post-17850","1":"product","2":"type-product","3":"status-publish","4":"has-post-thumbnail","6":"product_cat-uncategorized","8":"first","9":"instock","10":"sale","11":"shipping-taxable","12":"purchasable","13":"product-type-simple"},"yoast_head":"<!-- This site is optimized with the Yoast SEO plugin v22.8 - https:\/\/yoast.com\/wordpress\/plugins\/seo\/ -->\n<title>Digital Earth Ground Resistance Tester - WL-001 DUOYI DY4100 - Car-Tech Diagnostic<\/title>\n<meta name=\"robots\" content=\"index, follow, max-snippet:-1, max-image-preview:large, max-video-preview:-1\" \/>\n<link rel=\"canonical\" href=\"https:\/\/cartechdiagnostic.com\/en\/urun\/digital-earth-ground-resistance-tester-wl-001-duoyi-dy4100\/\" \/>\n<meta property=\"og:locale\" content=\"en_US\" \/>\n<meta property=\"og:type\" content=\"article\" \/>\n<meta property=\"og:title\" content=\"Digital Earth Ground Resistance Tester - WL-001 DUOYI DY4100 - Car-Tech Diagnostic\" \/>\n<meta property=\"og:description\" content=\"WL-001 DUOYI DY4100 DIGITAL EARTHING RESISTANCE TESTER is a device used to check the safety and accuracy of earthing systems. This device is often used in electrical wiring installation, industrial plants, laboratories and other similar areas. The DY4100 model is usually designed to measure the grounding resistance. Grounding is a safety measure used to reduce dangerous voltages in electrical systems. Therefore, accurate measurement of grounding resistance is important and critical to electrical safety. The instrument usually has a number of features, including high-precision measurements, wide measurement range, user-friendly interface and data logging capability. Furthermore, the instrument usually has a portable and rugged design, making it suitable for field work.\" \/>\n<meta property=\"og:url\" content=\"https:\/\/cartechdiagnostic.com\/en\/urun\/digital-earth-ground-resistance-tester-wl-001-duoyi-dy4100\/\" \/>\n<meta property=\"og:site_name\" content=\"Car-Tech Diagnostic\" \/>\n<meta property=\"og:image\" content=\"https:\/\/cartechdiagnostic.com\/wp-content\/uploads\/2024\/02\/WL-001-DUOYI-DY4100-DIJITAL-TOPRAKLAMA-DIRENCI-TEST-CIHAZI-1.png\" \/>\n\t<meta property=\"og:image:width\" content=\"1080\" \/>\n\t<meta property=\"og:image:height\" content=\"1080\" \/>\n\t<meta property=\"og:image:type\" content=\"image\/png\" \/>\n<meta name=\"twitter:card\" content=\"summary_large_image\" \/>\n<script type=\"application\/ld+json\" class=\"yoast-schema-graph\">{\"@context\":\"https:\/\/schema.org\",\"@graph\":[{\"@type\":\"WebPage\",\"@id\":\"https:\/\/cartechdiagnostic.com\/en\/urun\/digital-earth-ground-resistance-tester-wl-001-duoyi-dy4100\/\",\"url\":\"https:\/\/cartechdiagnostic.com\/en\/urun\/digital-earth-ground-resistance-tester-wl-001-duoyi-dy4100\/\",\"name\":\"Digital Earth Ground Resistance Tester - WL-001 DUOYI DY4100 - Car-Tech Diagnostic\",\"isPartOf\":{\"@id\":\"https:\/\/www.cartechdiagnostic.com\/en\/#website\"},\"primaryImageOfPage\":{\"@id\":\"https:\/\/cartechdiagnostic.com\/en\/urun\/digital-earth-ground-resistance-tester-wl-001-duoyi-dy4100\/#primaryimage\"},\"image\":{\"@id\":\"https:\/\/cartechdiagnostic.com\/en\/urun\/digital-earth-ground-resistance-tester-wl-001-duoyi-dy4100\/#primaryimage\"},\"thumbnailUrl\":\"https:\/\/cartechdiagnostic.com\/wp-content\/uploads\/2024\/02\/WL-001-DUOYI-DY4100-DIJITAL-TOPRAKLAMA-DIRENCI-TEST-CIHAZI-1.png\",\"datePublished\":\"2024-05-12T19:44:10+00:00\",\"dateModified\":\"2024-05-12T19:44:10+00:00\",\"breadcrumb\":{\"@id\":\"https:\/\/cartechdiagnostic.com\/en\/urun\/digital-earth-ground-resistance-tester-wl-001-duoyi-dy4100\/#breadcrumb\"},\"inLanguage\":\"en-US\",\"potentialAction\":[{\"@type\":\"ReadAction\",\"target\":[\"https:\/\/cartechdiagnostic.com\/en\/urun\/digital-earth-ground-resistance-tester-wl-001-duoyi-dy4100\/\"]}]},{\"@type\":\"ImageObject\",\"inLanguage\":\"en-US\",\"@id\":\"https:\/\/cartechdiagnostic.com\/en\/urun\/digital-earth-ground-resistance-tester-wl-001-duoyi-dy4100\/#primaryimage\",\"url\":\"https:\/\/cartechdiagnostic.com\/wp-content\/uploads\/2024\/02\/WL-001-DUOYI-DY4100-DIJITAL-TOPRAKLAMA-DIRENCI-TEST-CIHAZI-1.png\",\"contentUrl\":\"https:\/\/cartechdiagnostic.com\/wp-content\/uploads\/2024\/02\/WL-001-DUOYI-DY4100-DIJITAL-TOPRAKLAMA-DIRENCI-TEST-CIHAZI-1.png\",\"width\":1080,\"height\":1080},{\"@type\":\"BreadcrumbList\",\"@id\":\"https:\/\/cartechdiagnostic.com\/en\/urun\/digital-earth-ground-resistance-tester-wl-001-duoyi-dy4100\/#breadcrumb\",\"itemListElement\":[{\"@type\":\"ListItem\",\"position\":1,\"name\":\"Anasayfa\",\"item\":\"https:\/\/www.cartechdiagnostic.com\/en\/\"},{\"@type\":\"ListItem\",\"position\":2,\"name\":\"Ma\u011faza\",\"item\":\"https:\/\/www.cartechdiagnostic.com\/magaza\/\"},{\"@type\":\"ListItem\",\"position\":3,\"name\":\"Digital Earth Ground Resistance Tester &#8211; WL-001 DUOYI DY4100\"}]},{\"@type\":\"WebSite\",\"@id\":\"https:\/\/www.cartechdiagnostic.com\/en\/#website\",\"url\":\"https:\/\/www.cartechdiagnostic.com\/en\/\",\"name\":\"Car-Tech Diagnostic\",\"description\":\"Ar\u0131za Tespit Cihazlar\u0131 - ECU Programlama Cihazlar\u0131\",\"publisher\":{\"@id\":\"https:\/\/www.cartechdiagnostic.com\/en\/#organization\"},\"alternateName\":\"Car-Tech Diag\",\"potentialAction\":[{\"@type\":\"SearchAction\",\"target\":{\"@type\":\"EntryPoint\",\"urlTemplate\":\"https:\/\/www.cartechdiagnostic.com\/en\/?s={search_term_string}\"},\"query-input\":\"required name=search_term_string\"}],\"inLanguage\":\"en-US\"},{\"@type\":\"Organization\",\"@id\":\"https:\/\/www.cartechdiagnostic.com\/en\/#organization\",\"name\":\"Car-Tech Diagnostic Yaz\u0131l\u0131m Ltd. \u015eti.\",\"url\":\"https:\/\/www.cartechdiagnostic.com\/en\/\",\"logo\":{\"@type\":\"ImageObject\",\"inLanguage\":\"en-US\",\"@id\":\"https:\/\/www.cartechdiagnostic.com\/en\/#\/schema\/logo\/image\/\",\"url\":\"https:\/\/cartechdiagnostic.com\/wp-content\/uploads\/2023\/08\/logocartech.png\",\"contentUrl\":\"https:\/\/cartechdiagnostic.com\/wp-content\/uploads\/2023\/08\/logocartech.png\",\"width\":714,\"height\":340,\"caption\":\"Car-Tech Diagnostic Yaz\u0131l\u0131m Ltd. \u015eti.\"},\"image\":{\"@id\":\"https:\/\/www.cartechdiagnostic.com\/en\/#\/schema\/logo\/image\/\"},\"sameAs\":[\"https:\/\/www.instagram.com\/cartechdiagnostic\"]}]}<\/script>\n<!-- \/ Yoast SEO plugin. -->","yoast_head_json":{"title":"Digital Earth Ground Resistance Tester - WL-001 DUOYI DY4100 - Car-Tech Diagnostic","robots":{"index":"index","follow":"follow","max-snippet":"max-snippet:-1","max-image-preview":"max-image-preview:large","max-video-preview":"max-video-preview:-1"},"canonical":"https:\/\/cartechdiagnostic.com\/en\/urun\/digital-earth-ground-resistance-tester-wl-001-duoyi-dy4100\/","og_locale":"en_US","og_type":"article","og_title":"Digital Earth Ground Resistance Tester - WL-001 DUOYI DY4100 - Car-Tech Diagnostic","og_description":"WL-001 DUOYI DY4100 DIGITAL EARTHING RESISTANCE TESTER is a device used to check the safety and accuracy of earthing systems. This device is often used in electrical wiring installation, industrial plants, laboratories and other similar areas. The DY4100 model is usually designed to measure the grounding resistance. Grounding is a safety measure used to reduce dangerous voltages in electrical systems. Therefore, accurate measurement of grounding resistance is important and critical to electrical safety. The instrument usually has a number of features, including high-precision measurements, wide measurement range, user-friendly interface and data logging capability. Furthermore, the instrument usually has a portable and rugged design, making it suitable for field work.","og_url":"https:\/\/cartechdiagnostic.com\/en\/urun\/digital-earth-ground-resistance-tester-wl-001-duoyi-dy4100\/","og_site_name":"Car-Tech Diagnostic","og_image":[{"width":1080,"height":1080,"url":"https:\/\/cartechdiagnostic.com\/wp-content\/uploads\/2024\/02\/WL-001-DUOYI-DY4100-DIJITAL-TOPRAKLAMA-DIRENCI-TEST-CIHAZI-1.png","type":"image\/png"}],"twitter_card":"summary_large_image","schema":{"@context":"https:\/\/schema.org","@graph":[{"@type":"WebPage","@id":"https:\/\/cartechdiagnostic.com\/en\/urun\/digital-earth-ground-resistance-tester-wl-001-duoyi-dy4100\/","url":"https:\/\/cartechdiagnostic.com\/en\/urun\/digital-earth-ground-resistance-tester-wl-001-duoyi-dy4100\/","name":"Digital Earth Ground Resistance Tester - WL-001 DUOYI DY4100 - Car-Tech Diagnostic","isPartOf":{"@id":"https:\/\/www.cartechdiagnostic.com\/en\/#website"},"primaryImageOfPage":{"@id":"https:\/\/cartechdiagnostic.com\/en\/urun\/digital-earth-ground-resistance-tester-wl-001-duoyi-dy4100\/#primaryimage"},"image":{"@id":"https:\/\/cartechdiagnostic.com\/en\/urun\/digital-earth-ground-resistance-tester-wl-001-duoyi-dy4100\/#primaryimage"},"thumbnailUrl":"https:\/\/cartechdiagnostic.com\/wp-content\/uploads\/2024\/02\/WL-001-DUOYI-DY4100-DIJITAL-TOPRAKLAMA-DIRENCI-TEST-CIHAZI-1.png","datePublished":"2024-05-12T19:44:10+00:00","dateModified":"2024-05-12T19:44:10+00:00","breadcrumb":{"@id":"https:\/\/cartechdiagnostic.com\/en\/urun\/digital-earth-ground-resistance-tester-wl-001-duoyi-dy4100\/#breadcrumb"},"inLanguage":"en-US","potentialAction":[{"@type":"ReadAction","target":["https:\/\/cartechdiagnostic.com\/en\/urun\/digital-earth-ground-resistance-tester-wl-001-duoyi-dy4100\/"]}]},{"@type":"ImageObject","inLanguage":"en-US","@id":"https:\/\/cartechdiagnostic.com\/en\/urun\/digital-earth-ground-resistance-tester-wl-001-duoyi-dy4100\/#primaryimage","url":"https:\/\/cartechdiagnostic.com\/wp-content\/uploads\/2024\/02\/WL-001-DUOYI-DY4100-DIJITAL-TOPRAKLAMA-DIRENCI-TEST-CIHAZI-1.png","contentUrl":"https:\/\/cartechdiagnostic.com\/wp-content\/uploads\/2024\/02\/WL-001-DUOYI-DY4100-DIJITAL-TOPRAKLAMA-DIRENCI-TEST-CIHAZI-1.png","width":1080,"height":1080},{"@type":"BreadcrumbList","@id":"https:\/\/cartechdiagnostic.com\/en\/urun\/digital-earth-ground-resistance-tester-wl-001-duoyi-dy4100\/#breadcrumb","itemListElement":[{"@type":"ListItem","position":1,"name":"Anasayfa","item":"https:\/\/www.cartechdiagnostic.com\/en\/"},{"@type":"ListItem","position":2,"name":"Ma\u011faza","item":"https:\/\/www.cartechdiagnostic.com\/magaza\/"},{"@type":"ListItem","position":3,"name":"Digital Earth Ground Resistance Tester &#8211; WL-001 DUOYI DY4100"}]},{"@type":"WebSite","@id":"https:\/\/www.cartechdiagnostic.com\/en\/#website","url":"https:\/\/www.cartechdiagnostic.com\/en\/","name":"Car-Tech Diagnostic","description":"Ar\u0131za Tespit Cihazlar\u0131 - ECU Programlama Cihazlar\u0131","publisher":{"@id":"https:\/\/www.cartechdiagnostic.com\/en\/#organization"},"alternateName":"Car-Tech Diag","potentialAction":[{"@type":"SearchAction","target":{"@type":"EntryPoint","urlTemplate":"https:\/\/www.cartechdiagnostic.com\/en\/?s={search_term_string}"},"query-input":"required name=search_term_string"}],"inLanguage":"en-US"},{"@type":"Organization","@id":"https:\/\/www.cartechdiagnostic.com\/en\/#organization","name":"Car-Tech Diagnostic Yaz\u0131l\u0131m Ltd. \u015eti.","url":"https:\/\/www.cartechdiagnostic.com\/en\/","logo":{"@type":"ImageObject","inLanguage":"en-US","@id":"https:\/\/www.cartechdiagnostic.com\/en\/#\/schema\/logo\/image\/","url":"https:\/\/cartechdiagnostic.com\/wp-content\/uploads\/2023\/08\/logocartech.png","contentUrl":"https:\/\/cartechdiagnostic.com\/wp-content\/uploads\/2023\/08\/logocartech.png","width":714,"height":340,"caption":"Car-Tech Diagnostic Yaz\u0131l\u0131m Ltd. \u015eti."},"image":{"@id":"https:\/\/www.cartechdiagnostic.com\/en\/#\/schema\/logo\/image\/"},"sameAs":["https:\/\/www.instagram.com\/cartechdiagnostic"]}]}},"_links":{"self":[{"href":"https:\/\/cartechdiagnostic.com\/en\/wp-json\/wp\/v2\/product\/17850","targetHints":{"allow":["GET"]}}],"collection":[{"href":"https:\/\/cartechdiagnostic.com\/en\/wp-json\/wp\/v2\/product"}],"about":[{"href":"https:\/\/cartechdiagnostic.com\/en\/wp-json\/wp\/v2\/types\/product"}],"replies":[{"embeddable":true,"href":"https:\/\/cartechdiagnostic.com\/en\/wp-json\/wp\/v2\/comments?post=17850"}],"version-history":[{"count":0,"href":"https:\/\/cartechdiagnostic.com\/en\/wp-json\/wp\/v2\/product\/17850\/revisions"}],"wp:featuredmedia":[{"embeddable":true,"href":"https:\/\/cartechdiagnostic.com\/en\/wp-json\/wp\/v2\/media\/17678"}],"wp:attachment":[{"href":"https:\/\/cartechdiagnostic.com\/en\/wp-json\/wp\/v2\/media?parent=17850"}],"wp:term":[{"taxonomy":"product_brand","embeddable":true,"href":"https:\/\/cartechdiagnostic.com\/en\/wp-json\/wp\/v2\/product_brand?post=17850"},{"taxonomy":"product_cat","embeddable":true,"href":"https:\/\/cartechdiagnostic.com\/en\/wp-json\/wp\/v2\/product_cat?post=17850"},{"taxonomy":"product_tag","embeddable":true,"href":"https:\/\/cartechdiagnostic.com\/en\/wp-json\/wp\/v2\/product_tag?post=17850"}],"curies":[{"name":"wp","href":"https:\/\/api.w.org\/{rel}","templated":true}]}}