{"id":17852,"date":"2024-05-12T22:44:02","date_gmt":"2024-05-12T19:44:02","guid":{"rendered":"https:\/urun\/decibel-level-meter-teknk-1056-uni-t-ut353bt\/"},"modified":"2025-06-01T04:54:44","modified_gmt":"2025-06-01T01:54:44","slug":"decibel-level-meter-teknk-1056-uni-t-ut353bt","status":"publish","type":"product","link":"https:\/\/cartechdiagnostic.com\/en\/urun\/decibel-level-meter-teknk-1056-uni-t-ut353bt\/","title":{"rendered":"Decibel Level Meter TEKNK-1056 UNI-T UT353BT"},"content":{"rendered":"","protected":false},"excerpt":{"rendered":"<p>TEKNK-1056 UNI-T UT353BT DECIBEL METER SOUND LEVEL MEASURER is an instrument used to measure and analyse environmental sound levels. This instrument is often used in applications such as noise control, environmental quality monitoring and occupational health and safety in various fields. The UT353BT model is usually equipped with a sensitive sound measurement sensor and can usually measure over a wide frequency range. The instrument measures sound levels, usually in decibels (dB), and displays these sound levels via a large LCD display. This decibel meter is usually portable and easy to use. Furthermore, the device can usually be connected via Bluetooth to other devices such as a smartphone or tablet and can be used via a suitable app to record, monitor or analyse the measurement data.<\/p>\n","protected":false},"featured_media":17675,"comment_status":"open","ping_status":"closed","template":"","meta":{"_joinchat":[]},"product_brand":[],"product_cat":[1342],"product_tag":[],"class_list":{"0":"post-17852","1":"product","2":"type-product","3":"status-publish","4":"has-post-thumbnail","6":"product_cat-uncategorized","8":"first","9":"instock","10":"sale","11":"shipping-taxable","12":"purchasable","13":"product-type-simple"},"yoast_head":"<!-- This site is optimized with the Yoast SEO plugin v22.8 - https:\/\/yoast.com\/wordpress\/plugins\/seo\/ -->\n<title>Decibel Level Meter TEKNK-1056 UNI-T UT353BT - Car-Tech Diagnostic<\/title>\n<meta name=\"robots\" content=\"index, follow, max-snippet:-1, max-image-preview:large, max-video-preview:-1\" \/>\n<link rel=\"canonical\" href=\"https:\/\/cartechdiagnostic.com\/en\/urun\/decibel-level-meter-teknk-1056-uni-t-ut353bt\/\" \/>\n<meta property=\"og:locale\" content=\"en_US\" \/>\n<meta property=\"og:type\" content=\"article\" \/>\n<meta property=\"og:title\" content=\"Decibel Level Meter TEKNK-1056 UNI-T UT353BT - Car-Tech Diagnostic\" \/>\n<meta property=\"og:description\" content=\"TEKNK-1056 UNI-T UT353BT DECIBEL METER SOUND LEVEL MEASURER is an instrument used to measure and analyse environmental sound levels. This instrument is often used in applications such as noise control, environmental quality monitoring and occupational health and safety in various fields. The UT353BT model is usually equipped with a sensitive sound measurement sensor and can usually measure over a wide frequency range. The instrument measures sound levels, usually in decibels (dB), and displays these sound levels via a large LCD display. This decibel meter is usually portable and easy to use. Furthermore, the device can usually be connected via Bluetooth to other devices such as a smartphone or tablet and can be used via a suitable app to record, monitor or analyse the measurement data.\" \/>\n<meta property=\"og:url\" content=\"https:\/\/cartechdiagnostic.com\/en\/urun\/decibel-level-meter-teknk-1056-uni-t-ut353bt\/\" \/>\n<meta property=\"og:site_name\" content=\"Car-Tech Diagnostic\" \/>\n<meta property=\"article:modified_time\" content=\"2025-06-01T01:54:44+00:00\" \/>\n<meta property=\"og:image\" content=\"https:\/\/cartechdiagnostic.com\/wp-content\/uploads\/2024\/02\/TEKNK-1056-UNI-T-UT353BT-DESIBEL-METRE-SES-SEVIYESI-OLCER-1.png\" \/>\n\t<meta property=\"og:image:width\" content=\"1080\" \/>\n\t<meta property=\"og:image:height\" content=\"1080\" \/>\n\t<meta property=\"og:image:type\" content=\"image\/png\" \/>\n<meta name=\"twitter:card\" content=\"summary_large_image\" \/>\n<script type=\"application\/ld+json\" class=\"yoast-schema-graph\">{\"@context\":\"https:\/\/schema.org\",\"@graph\":[{\"@type\":\"WebPage\",\"@id\":\"https:\/\/cartechdiagnostic.com\/en\/urun\/decibel-level-meter-teknk-1056-uni-t-ut353bt\/\",\"url\":\"https:\/\/cartechdiagnostic.com\/en\/urun\/decibel-level-meter-teknk-1056-uni-t-ut353bt\/\",\"name\":\"Decibel Level Meter TEKNK-1056 UNI-T UT353BT - Car-Tech Diagnostic\",\"isPartOf\":{\"@id\":\"https:\/\/www.cartechdiagnostic.com\/en\/#website\"},\"primaryImageOfPage\":{\"@id\":\"https:\/\/cartechdiagnostic.com\/en\/urun\/decibel-level-meter-teknk-1056-uni-t-ut353bt\/#primaryimage\"},\"image\":{\"@id\":\"https:\/\/cartechdiagnostic.com\/en\/urun\/decibel-level-meter-teknk-1056-uni-t-ut353bt\/#primaryimage\"},\"thumbnailUrl\":\"https:\/\/cartechdiagnostic.com\/wp-content\/uploads\/2024\/02\/TEKNK-1056-UNI-T-UT353BT-DESIBEL-METRE-SES-SEVIYESI-OLCER-1.png\",\"datePublished\":\"2024-05-12T19:44:02+00:00\",\"dateModified\":\"2025-06-01T01:54:44+00:00\",\"breadcrumb\":{\"@id\":\"https:\/\/cartechdiagnostic.com\/en\/urun\/decibel-level-meter-teknk-1056-uni-t-ut353bt\/#breadcrumb\"},\"inLanguage\":\"en-US\",\"potentialAction\":[{\"@type\":\"ReadAction\",\"target\":[\"https:\/\/cartechdiagnostic.com\/en\/urun\/decibel-level-meter-teknk-1056-uni-t-ut353bt\/\"]}]},{\"@type\":\"ImageObject\",\"inLanguage\":\"en-US\",\"@id\":\"https:\/\/cartechdiagnostic.com\/en\/urun\/decibel-level-meter-teknk-1056-uni-t-ut353bt\/#primaryimage\",\"url\":\"https:\/\/cartechdiagnostic.com\/wp-content\/uploads\/2024\/02\/TEKNK-1056-UNI-T-UT353BT-DESIBEL-METRE-SES-SEVIYESI-OLCER-1.png\",\"contentUrl\":\"https:\/\/cartechdiagnostic.com\/wp-content\/uploads\/2024\/02\/TEKNK-1056-UNI-T-UT353BT-DESIBEL-METRE-SES-SEVIYESI-OLCER-1.png\",\"width\":1080,\"height\":1080},{\"@type\":\"BreadcrumbList\",\"@id\":\"https:\/\/cartechdiagnostic.com\/en\/urun\/decibel-level-meter-teknk-1056-uni-t-ut353bt\/#breadcrumb\",\"itemListElement\":[{\"@type\":\"ListItem\",\"position\":1,\"name\":\"Anasayfa\",\"item\":\"https:\/\/www.cartechdiagnostic.com\/en\/\"},{\"@type\":\"ListItem\",\"position\":2,\"name\":\"Ma\u011faza\",\"item\":\"https:\/\/www.cartechdiagnostic.com\/magaza\/\"},{\"@type\":\"ListItem\",\"position\":3,\"name\":\"Decibel Level Meter TEKNK-1056 UNI-T UT353BT\"}]},{\"@type\":\"WebSite\",\"@id\":\"https:\/\/www.cartechdiagnostic.com\/en\/#website\",\"url\":\"https:\/\/www.cartechdiagnostic.com\/en\/\",\"name\":\"Car-Tech Diagnostic\",\"description\":\"Ar\u0131za Tespit Cihazlar\u0131 - ECU Programlama Cihazlar\u0131\",\"publisher\":{\"@id\":\"https:\/\/www.cartechdiagnostic.com\/en\/#organization\"},\"alternateName\":\"Car-Tech Diag\",\"potentialAction\":[{\"@type\":\"SearchAction\",\"target\":{\"@type\":\"EntryPoint\",\"urlTemplate\":\"https:\/\/www.cartechdiagnostic.com\/en\/?s={search_term_string}\"},\"query-input\":\"required name=search_term_string\"}],\"inLanguage\":\"en-US\"},{\"@type\":\"Organization\",\"@id\":\"https:\/\/www.cartechdiagnostic.com\/en\/#organization\",\"name\":\"Car-Tech Diagnostic Yaz\u0131l\u0131m Ltd. \u015eti.\",\"url\":\"https:\/\/www.cartechdiagnostic.com\/en\/\",\"logo\":{\"@type\":\"ImageObject\",\"inLanguage\":\"en-US\",\"@id\":\"https:\/\/www.cartechdiagnostic.com\/en\/#\/schema\/logo\/image\/\",\"url\":\"https:\/\/cartechdiagnostic.com\/wp-content\/uploads\/2023\/08\/logocartech.png\",\"contentUrl\":\"https:\/\/cartechdiagnostic.com\/wp-content\/uploads\/2023\/08\/logocartech.png\",\"width\":714,\"height\":340,\"caption\":\"Car-Tech Diagnostic Yaz\u0131l\u0131m Ltd. \u015eti.\"},\"image\":{\"@id\":\"https:\/\/www.cartechdiagnostic.com\/en\/#\/schema\/logo\/image\/\"},\"sameAs\":[\"https:\/\/www.instagram.com\/cartechdiagnostic\"]}]}<\/script>\n<!-- \/ Yoast SEO plugin. -->","yoast_head_json":{"title":"Decibel Level Meter TEKNK-1056 UNI-T UT353BT - Car-Tech Diagnostic","robots":{"index":"index","follow":"follow","max-snippet":"max-snippet:-1","max-image-preview":"max-image-preview:large","max-video-preview":"max-video-preview:-1"},"canonical":"https:\/\/cartechdiagnostic.com\/en\/urun\/decibel-level-meter-teknk-1056-uni-t-ut353bt\/","og_locale":"en_US","og_type":"article","og_title":"Decibel Level Meter TEKNK-1056 UNI-T UT353BT - Car-Tech Diagnostic","og_description":"TEKNK-1056 UNI-T UT353BT DECIBEL METER SOUND LEVEL MEASURER is an instrument used to measure and analyse environmental sound levels. This instrument is often used in applications such as noise control, environmental quality monitoring and occupational health and safety in various fields. The UT353BT model is usually equipped with a sensitive sound measurement sensor and can usually measure over a wide frequency range. The instrument measures sound levels, usually in decibels (dB), and displays these sound levels via a large LCD display. This decibel meter is usually portable and easy to use. Furthermore, the device can usually be connected via Bluetooth to other devices such as a smartphone or tablet and can be used via a suitable app to record, monitor or analyse the measurement data.","og_url":"https:\/\/cartechdiagnostic.com\/en\/urun\/decibel-level-meter-teknk-1056-uni-t-ut353bt\/","og_site_name":"Car-Tech Diagnostic","article_modified_time":"2025-06-01T01:54:44+00:00","og_image":[{"width":1080,"height":1080,"url":"https:\/\/cartechdiagnostic.com\/wp-content\/uploads\/2024\/02\/TEKNK-1056-UNI-T-UT353BT-DESIBEL-METRE-SES-SEVIYESI-OLCER-1.png","type":"image\/png"}],"twitter_card":"summary_large_image","schema":{"@context":"https:\/\/schema.org","@graph":[{"@type":"WebPage","@id":"https:\/\/cartechdiagnostic.com\/en\/urun\/decibel-level-meter-teknk-1056-uni-t-ut353bt\/","url":"https:\/\/cartechdiagnostic.com\/en\/urun\/decibel-level-meter-teknk-1056-uni-t-ut353bt\/","name":"Decibel Level Meter TEKNK-1056 UNI-T UT353BT - Car-Tech Diagnostic","isPartOf":{"@id":"https:\/\/www.cartechdiagnostic.com\/en\/#website"},"primaryImageOfPage":{"@id":"https:\/\/cartechdiagnostic.com\/en\/urun\/decibel-level-meter-teknk-1056-uni-t-ut353bt\/#primaryimage"},"image":{"@id":"https:\/\/cartechdiagnostic.com\/en\/urun\/decibel-level-meter-teknk-1056-uni-t-ut353bt\/#primaryimage"},"thumbnailUrl":"https:\/\/cartechdiagnostic.com\/wp-content\/uploads\/2024\/02\/TEKNK-1056-UNI-T-UT353BT-DESIBEL-METRE-SES-SEVIYESI-OLCER-1.png","datePublished":"2024-05-12T19:44:02+00:00","dateModified":"2025-06-01T01:54:44+00:00","breadcrumb":{"@id":"https:\/\/cartechdiagnostic.com\/en\/urun\/decibel-level-meter-teknk-1056-uni-t-ut353bt\/#breadcrumb"},"inLanguage":"en-US","potentialAction":[{"@type":"ReadAction","target":["https:\/\/cartechdiagnostic.com\/en\/urun\/decibel-level-meter-teknk-1056-uni-t-ut353bt\/"]}]},{"@type":"ImageObject","inLanguage":"en-US","@id":"https:\/\/cartechdiagnostic.com\/en\/urun\/decibel-level-meter-teknk-1056-uni-t-ut353bt\/#primaryimage","url":"https:\/\/cartechdiagnostic.com\/wp-content\/uploads\/2024\/02\/TEKNK-1056-UNI-T-UT353BT-DESIBEL-METRE-SES-SEVIYESI-OLCER-1.png","contentUrl":"https:\/\/cartechdiagnostic.com\/wp-content\/uploads\/2024\/02\/TEKNK-1056-UNI-T-UT353BT-DESIBEL-METRE-SES-SEVIYESI-OLCER-1.png","width":1080,"height":1080},{"@type":"BreadcrumbList","@id":"https:\/\/cartechdiagnostic.com\/en\/urun\/decibel-level-meter-teknk-1056-uni-t-ut353bt\/#breadcrumb","itemListElement":[{"@type":"ListItem","position":1,"name":"Anasayfa","item":"https:\/\/www.cartechdiagnostic.com\/en\/"},{"@type":"ListItem","position":2,"name":"Ma\u011faza","item":"https:\/\/www.cartechdiagnostic.com\/magaza\/"},{"@type":"ListItem","position":3,"name":"Decibel Level Meter TEKNK-1056 UNI-T UT353BT"}]},{"@type":"WebSite","@id":"https:\/\/www.cartechdiagnostic.com\/en\/#website","url":"https:\/\/www.cartechdiagnostic.com\/en\/","name":"Car-Tech Diagnostic","description":"Ar\u0131za Tespit Cihazlar\u0131 - ECU Programlama Cihazlar\u0131","publisher":{"@id":"https:\/\/www.cartechdiagnostic.com\/en\/#organization"},"alternateName":"Car-Tech Diag","potentialAction":[{"@type":"SearchAction","target":{"@type":"EntryPoint","urlTemplate":"https:\/\/www.cartechdiagnostic.com\/en\/?s={search_term_string}"},"query-input":"required name=search_term_string"}],"inLanguage":"en-US"},{"@type":"Organization","@id":"https:\/\/www.cartechdiagnostic.com\/en\/#organization","name":"Car-Tech Diagnostic Yaz\u0131l\u0131m Ltd. \u015eti.","url":"https:\/\/www.cartechdiagnostic.com\/en\/","logo":{"@type":"ImageObject","inLanguage":"en-US","@id":"https:\/\/www.cartechdiagnostic.com\/en\/#\/schema\/logo\/image\/","url":"https:\/\/cartechdiagnostic.com\/wp-content\/uploads\/2023\/08\/logocartech.png","contentUrl":"https:\/\/cartechdiagnostic.com\/wp-content\/uploads\/2023\/08\/logocartech.png","width":714,"height":340,"caption":"Car-Tech Diagnostic Yaz\u0131l\u0131m Ltd. \u015eti."},"image":{"@id":"https:\/\/www.cartechdiagnostic.com\/en\/#\/schema\/logo\/image\/"},"sameAs":["https:\/\/www.instagram.com\/cartechdiagnostic"]}]}},"_links":{"self":[{"href":"https:\/\/cartechdiagnostic.com\/en\/wp-json\/wp\/v2\/product\/17852","targetHints":{"allow":["GET"]}}],"collection":[{"href":"https:\/\/cartechdiagnostic.com\/en\/wp-json\/wp\/v2\/product"}],"about":[{"href":"https:\/\/cartechdiagnostic.com\/en\/wp-json\/wp\/v2\/types\/product"}],"replies":[{"embeddable":true,"href":"https:\/\/cartechdiagnostic.com\/en\/wp-json\/wp\/v2\/comments?post=17852"}],"version-history":[{"count":0,"href":"https:\/\/cartechdiagnostic.com\/en\/wp-json\/wp\/v2\/product\/17852\/revisions"}],"wp:featuredmedia":[{"embeddable":true,"href":"https:\/\/cartechdiagnostic.com\/en\/wp-json\/wp\/v2\/media\/17675"}],"wp:attachment":[{"href":"https:\/\/cartechdiagnostic.com\/en\/wp-json\/wp\/v2\/media?parent=17852"}],"wp:term":[{"taxonomy":"product_brand","embeddable":true,"href":"https:\/\/cartechdiagnostic.com\/en\/wp-json\/wp\/v2\/product_brand?post=17852"},{"taxonomy":"product_cat","embeddable":true,"href":"https:\/\/cartechdiagnostic.com\/en\/wp-json\/wp\/v2\/product_cat?post=17852"},{"taxonomy":"product_tag","embeddable":true,"href":"https:\/\/cartechdiagnostic.com\/en\/wp-json\/wp\/v2\/product_tag?post=17852"}],"curies":[{"name":"wp","href":"https:\/\/api.w.org\/{rel}","templated":true}]}}