{"id":17857,"date":"2024-05-12T22:43:54","date_gmt":"2024-05-12T19:43:54","guid":{"rendered":"https:\/urun\/mini-thermometer-teknk-995-uni-t-ut320d\/"},"modified":"2024-05-12T22:43:54","modified_gmt":"2024-05-12T19:43:54","slug":"mini-thermometer-teknk-995-uni-t-ut320d","status":"publish","type":"product","link":"https:\/\/cartechdiagnostic.com\/en\/urun\/mini-thermometer-teknk-995-uni-t-ut320d\/","title":{"rendered":"Mini Thermometer &#8211; TEKNK-995 UNI-T UT320D"},"content":{"rendered":"","protected":false},"excerpt":{"rendered":"<p>TEKNK-995 UNI-T UT320D MINI THERMOMETER is a thermometer that attracts attention with its compact size and easy-to-use design. It is often used for temperature measurements in various fields such as industrial, laboratory and household uses. The UT320D model is usually equipped with a sensor designed for precise temperature measurements. This sensor usually provides fast and accurate measurements. Furthermore, the device is usually capable of measuring over a wide temperature range and offers the possibility to select temperature units in Celsius or Fahrenheit. This mini thermometer usually provides portability and ease of use. Thanks to its small size, users can carry it with them at any time and quickly take temperature measurements whenever they need them.<\/p>\n","protected":false},"featured_media":17672,"comment_status":"open","ping_status":"closed","template":"","meta":{"_joinchat":[]},"product_brand":[],"product_cat":[1342],"product_tag":[],"class_list":{"0":"post-17857","1":"product","2":"type-product","3":"status-publish","4":"has-post-thumbnail","6":"product_cat-uncategorized","8":"first","9":"outofstock","10":"sale","11":"shipping-taxable","12":"purchasable","13":"product-type-simple"},"yoast_head":"<!-- This site is optimized with the Yoast SEO plugin v22.8 - https:\/\/yoast.com\/wordpress\/plugins\/seo\/ -->\n<title>Mini Thermometer - TEKNK-995 UNI-T UT320D - Car-Tech Diagnostic<\/title>\n<meta name=\"robots\" content=\"index, follow, max-snippet:-1, max-image-preview:large, max-video-preview:-1\" \/>\n<link rel=\"canonical\" href=\"https:\/\/cartechdiagnostic.com\/en\/urun\/mini-thermometer-teknk-995-uni-t-ut320d\/\" \/>\n<meta property=\"og:locale\" content=\"en_US\" \/>\n<meta property=\"og:type\" content=\"article\" \/>\n<meta property=\"og:title\" content=\"Mini Thermometer - TEKNK-995 UNI-T UT320D - Car-Tech Diagnostic\" \/>\n<meta property=\"og:description\" content=\"TEKNK-995 UNI-T UT320D MINI THERMOMETER is a thermometer that attracts attention with its compact size and easy-to-use design. It is often used for temperature measurements in various fields such as industrial, laboratory and household uses. The UT320D model is usually equipped with a sensor designed for precise temperature measurements. This sensor usually provides fast and accurate measurements. Furthermore, the device is usually capable of measuring over a wide temperature range and offers the possibility to select temperature units in Celsius or Fahrenheit. This mini thermometer usually provides portability and ease of use. Thanks to its small size, users can carry it with them at any time and quickly take temperature measurements whenever they need them.\" \/>\n<meta property=\"og:url\" content=\"https:\/\/cartechdiagnostic.com\/en\/urun\/mini-thermometer-teknk-995-uni-t-ut320d\/\" \/>\n<meta property=\"og:site_name\" content=\"Car-Tech Diagnostic\" \/>\n<meta property=\"og:image\" content=\"https:\/\/cartechdiagnostic.com\/wp-content\/uploads\/2024\/02\/TEKNK-995-UNI-T-UT320D-MINI-TERMOMETRE-1.png\" \/>\n\t<meta property=\"og:image:width\" content=\"1080\" \/>\n\t<meta property=\"og:image:height\" content=\"1080\" \/>\n\t<meta property=\"og:image:type\" content=\"image\/png\" \/>\n<meta name=\"twitter:card\" content=\"summary_large_image\" \/>\n<script type=\"application\/ld+json\" class=\"yoast-schema-graph\">{\"@context\":\"https:\/\/schema.org\",\"@graph\":[{\"@type\":\"WebPage\",\"@id\":\"https:\/\/cartechdiagnostic.com\/en\/urun\/mini-thermometer-teknk-995-uni-t-ut320d\/\",\"url\":\"https:\/\/cartechdiagnostic.com\/en\/urun\/mini-thermometer-teknk-995-uni-t-ut320d\/\",\"name\":\"Mini Thermometer - TEKNK-995 UNI-T UT320D - Car-Tech Diagnostic\",\"isPartOf\":{\"@id\":\"https:\/\/www.cartechdiagnostic.com\/en\/#website\"},\"primaryImageOfPage\":{\"@id\":\"https:\/\/cartechdiagnostic.com\/en\/urun\/mini-thermometer-teknk-995-uni-t-ut320d\/#primaryimage\"},\"image\":{\"@id\":\"https:\/\/cartechdiagnostic.com\/en\/urun\/mini-thermometer-teknk-995-uni-t-ut320d\/#primaryimage\"},\"thumbnailUrl\":\"https:\/\/cartechdiagnostic.com\/wp-content\/uploads\/2024\/02\/TEKNK-995-UNI-T-UT320D-MINI-TERMOMETRE-1.png\",\"datePublished\":\"2024-05-12T19:43:54+00:00\",\"dateModified\":\"2024-05-12T19:43:54+00:00\",\"breadcrumb\":{\"@id\":\"https:\/\/cartechdiagnostic.com\/en\/urun\/mini-thermometer-teknk-995-uni-t-ut320d\/#breadcrumb\"},\"inLanguage\":\"en-US\",\"potentialAction\":[{\"@type\":\"ReadAction\",\"target\":[\"https:\/\/cartechdiagnostic.com\/en\/urun\/mini-thermometer-teknk-995-uni-t-ut320d\/\"]}]},{\"@type\":\"ImageObject\",\"inLanguage\":\"en-US\",\"@id\":\"https:\/\/cartechdiagnostic.com\/en\/urun\/mini-thermometer-teknk-995-uni-t-ut320d\/#primaryimage\",\"url\":\"https:\/\/cartechdiagnostic.com\/wp-content\/uploads\/2024\/02\/TEKNK-995-UNI-T-UT320D-MINI-TERMOMETRE-1.png\",\"contentUrl\":\"https:\/\/cartechdiagnostic.com\/wp-content\/uploads\/2024\/02\/TEKNK-995-UNI-T-UT320D-MINI-TERMOMETRE-1.png\",\"width\":1080,\"height\":1080},{\"@type\":\"BreadcrumbList\",\"@id\":\"https:\/\/cartechdiagnostic.com\/en\/urun\/mini-thermometer-teknk-995-uni-t-ut320d\/#breadcrumb\",\"itemListElement\":[{\"@type\":\"ListItem\",\"position\":1,\"name\":\"Anasayfa\",\"item\":\"https:\/\/www.cartechdiagnostic.com\/en\/\"},{\"@type\":\"ListItem\",\"position\":2,\"name\":\"Ma\u011faza\",\"item\":\"https:\/\/www.cartechdiagnostic.com\/magaza\/\"},{\"@type\":\"ListItem\",\"position\":3,\"name\":\"Mini Thermometer &#8211; TEKNK-995 UNI-T UT320D\"}]},{\"@type\":\"WebSite\",\"@id\":\"https:\/\/www.cartechdiagnostic.com\/en\/#website\",\"url\":\"https:\/\/www.cartechdiagnostic.com\/en\/\",\"name\":\"Car-Tech Diagnostic\",\"description\":\"Ar\u0131za Tespit Cihazlar\u0131 - ECU Programlama Cihazlar\u0131\",\"publisher\":{\"@id\":\"https:\/\/www.cartechdiagnostic.com\/en\/#organization\"},\"alternateName\":\"Car-Tech Diag\",\"potentialAction\":[{\"@type\":\"SearchAction\",\"target\":{\"@type\":\"EntryPoint\",\"urlTemplate\":\"https:\/\/www.cartechdiagnostic.com\/en\/?s={search_term_string}\"},\"query-input\":\"required name=search_term_string\"}],\"inLanguage\":\"en-US\"},{\"@type\":\"Organization\",\"@id\":\"https:\/\/www.cartechdiagnostic.com\/en\/#organization\",\"name\":\"Car-Tech Diagnostic Yaz\u0131l\u0131m Ltd. \u015eti.\",\"url\":\"https:\/\/www.cartechdiagnostic.com\/en\/\",\"logo\":{\"@type\":\"ImageObject\",\"inLanguage\":\"en-US\",\"@id\":\"https:\/\/www.cartechdiagnostic.com\/en\/#\/schema\/logo\/image\/\",\"url\":\"https:\/\/cartechdiagnostic.com\/wp-content\/uploads\/2023\/08\/logocartech.png\",\"contentUrl\":\"https:\/\/cartechdiagnostic.com\/wp-content\/uploads\/2023\/08\/logocartech.png\",\"width\":714,\"height\":340,\"caption\":\"Car-Tech Diagnostic Yaz\u0131l\u0131m Ltd. \u015eti.\"},\"image\":{\"@id\":\"https:\/\/www.cartechdiagnostic.com\/en\/#\/schema\/logo\/image\/\"},\"sameAs\":[\"https:\/\/www.instagram.com\/cartechdiagnostic\"]}]}<\/script>\n<!-- \/ Yoast SEO plugin. -->","yoast_head_json":{"title":"Mini Thermometer - TEKNK-995 UNI-T UT320D - Car-Tech Diagnostic","robots":{"index":"index","follow":"follow","max-snippet":"max-snippet:-1","max-image-preview":"max-image-preview:large","max-video-preview":"max-video-preview:-1"},"canonical":"https:\/\/cartechdiagnostic.com\/en\/urun\/mini-thermometer-teknk-995-uni-t-ut320d\/","og_locale":"en_US","og_type":"article","og_title":"Mini Thermometer - TEKNK-995 UNI-T UT320D - Car-Tech Diagnostic","og_description":"TEKNK-995 UNI-T UT320D MINI THERMOMETER is a thermometer that attracts attention with its compact size and easy-to-use design. It is often used for temperature measurements in various fields such as industrial, laboratory and household uses. The UT320D model is usually equipped with a sensor designed for precise temperature measurements. This sensor usually provides fast and accurate measurements. Furthermore, the device is usually capable of measuring over a wide temperature range and offers the possibility to select temperature units in Celsius or Fahrenheit. This mini thermometer usually provides portability and ease of use. Thanks to its small size, users can carry it with them at any time and quickly take temperature measurements whenever they need them.","og_url":"https:\/\/cartechdiagnostic.com\/en\/urun\/mini-thermometer-teknk-995-uni-t-ut320d\/","og_site_name":"Car-Tech Diagnostic","og_image":[{"width":1080,"height":1080,"url":"https:\/\/cartechdiagnostic.com\/wp-content\/uploads\/2024\/02\/TEKNK-995-UNI-T-UT320D-MINI-TERMOMETRE-1.png","type":"image\/png"}],"twitter_card":"summary_large_image","schema":{"@context":"https:\/\/schema.org","@graph":[{"@type":"WebPage","@id":"https:\/\/cartechdiagnostic.com\/en\/urun\/mini-thermometer-teknk-995-uni-t-ut320d\/","url":"https:\/\/cartechdiagnostic.com\/en\/urun\/mini-thermometer-teknk-995-uni-t-ut320d\/","name":"Mini Thermometer - TEKNK-995 UNI-T UT320D - Car-Tech Diagnostic","isPartOf":{"@id":"https:\/\/www.cartechdiagnostic.com\/en\/#website"},"primaryImageOfPage":{"@id":"https:\/\/cartechdiagnostic.com\/en\/urun\/mini-thermometer-teknk-995-uni-t-ut320d\/#primaryimage"},"image":{"@id":"https:\/\/cartechdiagnostic.com\/en\/urun\/mini-thermometer-teknk-995-uni-t-ut320d\/#primaryimage"},"thumbnailUrl":"https:\/\/cartechdiagnostic.com\/wp-content\/uploads\/2024\/02\/TEKNK-995-UNI-T-UT320D-MINI-TERMOMETRE-1.png","datePublished":"2024-05-12T19:43:54+00:00","dateModified":"2024-05-12T19:43:54+00:00","breadcrumb":{"@id":"https:\/\/cartechdiagnostic.com\/en\/urun\/mini-thermometer-teknk-995-uni-t-ut320d\/#breadcrumb"},"inLanguage":"en-US","potentialAction":[{"@type":"ReadAction","target":["https:\/\/cartechdiagnostic.com\/en\/urun\/mini-thermometer-teknk-995-uni-t-ut320d\/"]}]},{"@type":"ImageObject","inLanguage":"en-US","@id":"https:\/\/cartechdiagnostic.com\/en\/urun\/mini-thermometer-teknk-995-uni-t-ut320d\/#primaryimage","url":"https:\/\/cartechdiagnostic.com\/wp-content\/uploads\/2024\/02\/TEKNK-995-UNI-T-UT320D-MINI-TERMOMETRE-1.png","contentUrl":"https:\/\/cartechdiagnostic.com\/wp-content\/uploads\/2024\/02\/TEKNK-995-UNI-T-UT320D-MINI-TERMOMETRE-1.png","width":1080,"height":1080},{"@type":"BreadcrumbList","@id":"https:\/\/cartechdiagnostic.com\/en\/urun\/mini-thermometer-teknk-995-uni-t-ut320d\/#breadcrumb","itemListElement":[{"@type":"ListItem","position":1,"name":"Anasayfa","item":"https:\/\/www.cartechdiagnostic.com\/en\/"},{"@type":"ListItem","position":2,"name":"Ma\u011faza","item":"https:\/\/www.cartechdiagnostic.com\/magaza\/"},{"@type":"ListItem","position":3,"name":"Mini Thermometer &#8211; TEKNK-995 UNI-T UT320D"}]},{"@type":"WebSite","@id":"https:\/\/www.cartechdiagnostic.com\/en\/#website","url":"https:\/\/www.cartechdiagnostic.com\/en\/","name":"Car-Tech Diagnostic","description":"Ar\u0131za Tespit Cihazlar\u0131 - ECU Programlama Cihazlar\u0131","publisher":{"@id":"https:\/\/www.cartechdiagnostic.com\/en\/#organization"},"alternateName":"Car-Tech Diag","potentialAction":[{"@type":"SearchAction","target":{"@type":"EntryPoint","urlTemplate":"https:\/\/www.cartechdiagnostic.com\/en\/?s={search_term_string}"},"query-input":"required name=search_term_string"}],"inLanguage":"en-US"},{"@type":"Organization","@id":"https:\/\/www.cartechdiagnostic.com\/en\/#organization","name":"Car-Tech Diagnostic Yaz\u0131l\u0131m Ltd. \u015eti.","url":"https:\/\/www.cartechdiagnostic.com\/en\/","logo":{"@type":"ImageObject","inLanguage":"en-US","@id":"https:\/\/www.cartechdiagnostic.com\/en\/#\/schema\/logo\/image\/","url":"https:\/\/cartechdiagnostic.com\/wp-content\/uploads\/2023\/08\/logocartech.png","contentUrl":"https:\/\/cartechdiagnostic.com\/wp-content\/uploads\/2023\/08\/logocartech.png","width":714,"height":340,"caption":"Car-Tech Diagnostic Yaz\u0131l\u0131m Ltd. \u015eti."},"image":{"@id":"https:\/\/www.cartechdiagnostic.com\/en\/#\/schema\/logo\/image\/"},"sameAs":["https:\/\/www.instagram.com\/cartechdiagnostic"]}]}},"_links":{"self":[{"href":"https:\/\/cartechdiagnostic.com\/en\/wp-json\/wp\/v2\/product\/17857","targetHints":{"allow":["GET"]}}],"collection":[{"href":"https:\/\/cartechdiagnostic.com\/en\/wp-json\/wp\/v2\/product"}],"about":[{"href":"https:\/\/cartechdiagnostic.com\/en\/wp-json\/wp\/v2\/types\/product"}],"replies":[{"embeddable":true,"href":"https:\/\/cartechdiagnostic.com\/en\/wp-json\/wp\/v2\/comments?post=17857"}],"version-history":[{"count":0,"href":"https:\/\/cartechdiagnostic.com\/en\/wp-json\/wp\/v2\/product\/17857\/revisions"}],"wp:featuredmedia":[{"embeddable":true,"href":"https:\/\/cartechdiagnostic.com\/en\/wp-json\/wp\/v2\/media\/17672"}],"wp:attachment":[{"href":"https:\/\/cartechdiagnostic.com\/en\/wp-json\/wp\/v2\/media?parent=17857"}],"wp:term":[{"taxonomy":"product_brand","embeddable":true,"href":"https:\/\/cartechdiagnostic.com\/en\/wp-json\/wp\/v2\/product_brand?post=17857"},{"taxonomy":"product_cat","embeddable":true,"href":"https:\/\/cartechdiagnostic.com\/en\/wp-json\/wp\/v2\/product_cat?post=17857"},{"taxonomy":"product_tag","embeddable":true,"href":"https:\/\/cartechdiagnostic.com\/en\/wp-json\/wp\/v2\/product_tag?post=17857"}],"curies":[{"name":"wp","href":"https:\/\/api.w.org\/{rel}","templated":true}]}}