{"id":17881,"date":"2024-05-12T22:39:33","date_gmt":"2024-05-12T19:39:33","guid":{"rendered":"https:\/urun\/pens-meger-topram-megeri-pensammeter-wl-248-duoyi-dy1000a\/"},"modified":"2024-05-12T22:39:33","modified_gmt":"2024-05-12T19:39:33","slug":"pens-meger-topram-megeri-pensammeter-wl-248-duoyi-dy1000a","status":"publish","type":"product","link":"https:\/\/cartechdiagnostic.com\/en\/urun\/pens-meger-topram-megeri-pensammeter-wl-248-duoyi-dy1000a\/","title":{"rendered":"Pens Meger Topram Megeri Pensammeter &#8211; WL-248 DUOYI DY1000A"},"content":{"rendered":"","protected":false},"excerpt":{"rendered":"<p>Clamp Meger Topram Megeri Clamp Meter &#8211; WL-248 DUOYI DY1000A is an instrument used to make measurements such as electric current and earth resistance. This model is often used in various applications in the electrical, electronics and construction industries. The instrument is usually equipped with a digital display so that it can clearly show the measurement results. It provides accurate and precise measurement of current and is specially designed for earth resistance measurements. WL-248 DUOYI DY1000A Clamp Meger Topram Meger Clamp meter has a compact and portable design, which allows the user to easily carry and use it. It has durable construction and is suitable for long-term use. This instrument can be used in various fields such as electrical maintenance, earth resistance measurements, construction projects and industrial applications. It is a reliable measuring instrument for both professional and amateur users.<\/p>\n","protected":false},"featured_media":17653,"comment_status":"open","ping_status":"closed","template":"","meta":{"_joinchat":[]},"product_brand":[],"product_cat":[1342],"product_tag":[],"class_list":{"0":"post-17881","1":"product","2":"type-product","3":"status-publish","4":"has-post-thumbnail","6":"product_cat-uncategorized","8":"first","9":"instock","10":"sale","11":"shipping-taxable","12":"purchasable","13":"product-type-simple"},"yoast_head":"<!-- This site is optimized with the Yoast SEO plugin v22.8 - https:\/\/yoast.com\/wordpress\/plugins\/seo\/ -->\n<title>Pens Meger Topram Megeri Pensammeter - WL-248 DUOYI DY1000A - Car-Tech Diagnostic<\/title>\n<meta name=\"robots\" content=\"index, follow, max-snippet:-1, max-image-preview:large, max-video-preview:-1\" \/>\n<link rel=\"canonical\" href=\"https:\/\/cartechdiagnostic.com\/en\/urun\/pens-meger-topram-megeri-pensammeter-wl-248-duoyi-dy1000a\/\" \/>\n<meta property=\"og:locale\" content=\"en_US\" \/>\n<meta property=\"og:type\" content=\"article\" \/>\n<meta property=\"og:title\" content=\"Pens Meger Topram Megeri Pensammeter - WL-248 DUOYI DY1000A - Car-Tech Diagnostic\" \/>\n<meta property=\"og:description\" content=\"Clamp Meger Topram Megeri Clamp Meter - WL-248 DUOYI DY1000A is an instrument used to make measurements such as electric current and earth resistance. This model is often used in various applications in the electrical, electronics and construction industries. The instrument is usually equipped with a digital display so that it can clearly show the measurement results. It provides accurate and precise measurement of current and is specially designed for earth resistance measurements. WL-248 DUOYI DY1000A Clamp Meger Topram Meger Clamp meter has a compact and portable design, which allows the user to easily carry and use it. It has durable construction and is suitable for long-term use. This instrument can be used in various fields such as electrical maintenance, earth resistance measurements, construction projects and industrial applications. It is a reliable measuring instrument for both professional and amateur users.\" \/>\n<meta property=\"og:url\" content=\"https:\/\/cartechdiagnostic.com\/en\/urun\/pens-meger-topram-megeri-pensammeter-wl-248-duoyi-dy1000a\/\" \/>\n<meta property=\"og:site_name\" content=\"Car-Tech Diagnostic\" \/>\n<meta property=\"og:image\" content=\"https:\/\/cartechdiagnostic.com\/wp-content\/uploads\/2024\/02\/5.-Pensampermetre-WL-248-DUOYI-DY1000A-PENS-MEGER-TOPRAK-MEGERI-PESNAMPERMETRE-1.png\" \/>\n\t<meta property=\"og:image:width\" content=\"1080\" \/>\n\t<meta property=\"og:image:height\" content=\"1080\" \/>\n\t<meta property=\"og:image:type\" content=\"image\/png\" \/>\n<meta name=\"twitter:card\" content=\"summary_large_image\" \/>\n<script type=\"application\/ld+json\" class=\"yoast-schema-graph\">{\"@context\":\"https:\/\/schema.org\",\"@graph\":[{\"@type\":\"WebPage\",\"@id\":\"https:\/\/cartechdiagnostic.com\/en\/urun\/pens-meger-topram-megeri-pensammeter-wl-248-duoyi-dy1000a\/\",\"url\":\"https:\/\/cartechdiagnostic.com\/en\/urun\/pens-meger-topram-megeri-pensammeter-wl-248-duoyi-dy1000a\/\",\"name\":\"Pens Meger Topram Megeri Pensammeter - WL-248 DUOYI DY1000A - Car-Tech Diagnostic\",\"isPartOf\":{\"@id\":\"https:\/\/www.cartechdiagnostic.com\/en\/#website\"},\"primaryImageOfPage\":{\"@id\":\"https:\/\/cartechdiagnostic.com\/en\/urun\/pens-meger-topram-megeri-pensammeter-wl-248-duoyi-dy1000a\/#primaryimage\"},\"image\":{\"@id\":\"https:\/\/cartechdiagnostic.com\/en\/urun\/pens-meger-topram-megeri-pensammeter-wl-248-duoyi-dy1000a\/#primaryimage\"},\"thumbnailUrl\":\"https:\/\/cartechdiagnostic.com\/wp-content\/uploads\/2024\/02\/5.-Pensampermetre-WL-248-DUOYI-DY1000A-PENS-MEGER-TOPRAK-MEGERI-PESNAMPERMETRE-1.png\",\"datePublished\":\"2024-05-12T19:39:33+00:00\",\"dateModified\":\"2024-05-12T19:39:33+00:00\",\"breadcrumb\":{\"@id\":\"https:\/\/cartechdiagnostic.com\/en\/urun\/pens-meger-topram-megeri-pensammeter-wl-248-duoyi-dy1000a\/#breadcrumb\"},\"inLanguage\":\"en-US\",\"potentialAction\":[{\"@type\":\"ReadAction\",\"target\":[\"https:\/\/cartechdiagnostic.com\/en\/urun\/pens-meger-topram-megeri-pensammeter-wl-248-duoyi-dy1000a\/\"]}]},{\"@type\":\"ImageObject\",\"inLanguage\":\"en-US\",\"@id\":\"https:\/\/cartechdiagnostic.com\/en\/urun\/pens-meger-topram-megeri-pensammeter-wl-248-duoyi-dy1000a\/#primaryimage\",\"url\":\"https:\/\/cartechdiagnostic.com\/wp-content\/uploads\/2024\/02\/5.-Pensampermetre-WL-248-DUOYI-DY1000A-PENS-MEGER-TOPRAK-MEGERI-PESNAMPERMETRE-1.png\",\"contentUrl\":\"https:\/\/cartechdiagnostic.com\/wp-content\/uploads\/2024\/02\/5.-Pensampermetre-WL-248-DUOYI-DY1000A-PENS-MEGER-TOPRAK-MEGERI-PESNAMPERMETRE-1.png\",\"width\":1080,\"height\":1080},{\"@type\":\"BreadcrumbList\",\"@id\":\"https:\/\/cartechdiagnostic.com\/en\/urun\/pens-meger-topram-megeri-pensammeter-wl-248-duoyi-dy1000a\/#breadcrumb\",\"itemListElement\":[{\"@type\":\"ListItem\",\"position\":1,\"name\":\"Anasayfa\",\"item\":\"https:\/\/www.cartechdiagnostic.com\/en\/\"},{\"@type\":\"ListItem\",\"position\":2,\"name\":\"Ma\u011faza\",\"item\":\"https:\/\/www.cartechdiagnostic.com\/magaza\/\"},{\"@type\":\"ListItem\",\"position\":3,\"name\":\"Pens Meger Topram Megeri Pensammeter &#8211; WL-248 DUOYI DY1000A\"}]},{\"@type\":\"WebSite\",\"@id\":\"https:\/\/www.cartechdiagnostic.com\/en\/#website\",\"url\":\"https:\/\/www.cartechdiagnostic.com\/en\/\",\"name\":\"Car-Tech Diagnostic\",\"description\":\"Ar\u0131za Tespit Cihazlar\u0131 - ECU Programlama Cihazlar\u0131\",\"publisher\":{\"@id\":\"https:\/\/www.cartechdiagnostic.com\/en\/#organization\"},\"alternateName\":\"Car-Tech Diag\",\"potentialAction\":[{\"@type\":\"SearchAction\",\"target\":{\"@type\":\"EntryPoint\",\"urlTemplate\":\"https:\/\/www.cartechdiagnostic.com\/en\/?s={search_term_string}\"},\"query-input\":\"required name=search_term_string\"}],\"inLanguage\":\"en-US\"},{\"@type\":\"Organization\",\"@id\":\"https:\/\/www.cartechdiagnostic.com\/en\/#organization\",\"name\":\"Car-Tech Diagnostic Yaz\u0131l\u0131m Ltd. \u015eti.\",\"url\":\"https:\/\/www.cartechdiagnostic.com\/en\/\",\"logo\":{\"@type\":\"ImageObject\",\"inLanguage\":\"en-US\",\"@id\":\"https:\/\/www.cartechdiagnostic.com\/en\/#\/schema\/logo\/image\/\",\"url\":\"https:\/\/cartechdiagnostic.com\/wp-content\/uploads\/2023\/08\/logocartech.png\",\"contentUrl\":\"https:\/\/cartechdiagnostic.com\/wp-content\/uploads\/2023\/08\/logocartech.png\",\"width\":714,\"height\":340,\"caption\":\"Car-Tech Diagnostic Yaz\u0131l\u0131m Ltd. \u015eti.\"},\"image\":{\"@id\":\"https:\/\/www.cartechdiagnostic.com\/en\/#\/schema\/logo\/image\/\"},\"sameAs\":[\"https:\/\/www.instagram.com\/cartechdiagnostic\"]}]}<\/script>\n<!-- \/ Yoast SEO plugin. -->","yoast_head_json":{"title":"Pens Meger Topram Megeri Pensammeter - WL-248 DUOYI DY1000A - Car-Tech Diagnostic","robots":{"index":"index","follow":"follow","max-snippet":"max-snippet:-1","max-image-preview":"max-image-preview:large","max-video-preview":"max-video-preview:-1"},"canonical":"https:\/\/cartechdiagnostic.com\/en\/urun\/pens-meger-topram-megeri-pensammeter-wl-248-duoyi-dy1000a\/","og_locale":"en_US","og_type":"article","og_title":"Pens Meger Topram Megeri Pensammeter - WL-248 DUOYI DY1000A - Car-Tech Diagnostic","og_description":"Clamp Meger Topram Megeri Clamp Meter - WL-248 DUOYI DY1000A is an instrument used to make measurements such as electric current and earth resistance. This model is often used in various applications in the electrical, electronics and construction industries. The instrument is usually equipped with a digital display so that it can clearly show the measurement results. It provides accurate and precise measurement of current and is specially designed for earth resistance measurements. WL-248 DUOYI DY1000A Clamp Meger Topram Meger Clamp meter has a compact and portable design, which allows the user to easily carry and use it. It has durable construction and is suitable for long-term use. This instrument can be used in various fields such as electrical maintenance, earth resistance measurements, construction projects and industrial applications. It is a reliable measuring instrument for both professional and amateur users.","og_url":"https:\/\/cartechdiagnostic.com\/en\/urun\/pens-meger-topram-megeri-pensammeter-wl-248-duoyi-dy1000a\/","og_site_name":"Car-Tech Diagnostic","og_image":[{"width":1080,"height":1080,"url":"https:\/\/cartechdiagnostic.com\/wp-content\/uploads\/2024\/02\/5.-Pensampermetre-WL-248-DUOYI-DY1000A-PENS-MEGER-TOPRAK-MEGERI-PESNAMPERMETRE-1.png","type":"image\/png"}],"twitter_card":"summary_large_image","schema":{"@context":"https:\/\/schema.org","@graph":[{"@type":"WebPage","@id":"https:\/\/cartechdiagnostic.com\/en\/urun\/pens-meger-topram-megeri-pensammeter-wl-248-duoyi-dy1000a\/","url":"https:\/\/cartechdiagnostic.com\/en\/urun\/pens-meger-topram-megeri-pensammeter-wl-248-duoyi-dy1000a\/","name":"Pens Meger Topram Megeri Pensammeter - WL-248 DUOYI DY1000A - Car-Tech Diagnostic","isPartOf":{"@id":"https:\/\/www.cartechdiagnostic.com\/en\/#website"},"primaryImageOfPage":{"@id":"https:\/\/cartechdiagnostic.com\/en\/urun\/pens-meger-topram-megeri-pensammeter-wl-248-duoyi-dy1000a\/#primaryimage"},"image":{"@id":"https:\/\/cartechdiagnostic.com\/en\/urun\/pens-meger-topram-megeri-pensammeter-wl-248-duoyi-dy1000a\/#primaryimage"},"thumbnailUrl":"https:\/\/cartechdiagnostic.com\/wp-content\/uploads\/2024\/02\/5.-Pensampermetre-WL-248-DUOYI-DY1000A-PENS-MEGER-TOPRAK-MEGERI-PESNAMPERMETRE-1.png","datePublished":"2024-05-12T19:39:33+00:00","dateModified":"2024-05-12T19:39:33+00:00","breadcrumb":{"@id":"https:\/\/cartechdiagnostic.com\/en\/urun\/pens-meger-topram-megeri-pensammeter-wl-248-duoyi-dy1000a\/#breadcrumb"},"inLanguage":"en-US","potentialAction":[{"@type":"ReadAction","target":["https:\/\/cartechdiagnostic.com\/en\/urun\/pens-meger-topram-megeri-pensammeter-wl-248-duoyi-dy1000a\/"]}]},{"@type":"ImageObject","inLanguage":"en-US","@id":"https:\/\/cartechdiagnostic.com\/en\/urun\/pens-meger-topram-megeri-pensammeter-wl-248-duoyi-dy1000a\/#primaryimage","url":"https:\/\/cartechdiagnostic.com\/wp-content\/uploads\/2024\/02\/5.-Pensampermetre-WL-248-DUOYI-DY1000A-PENS-MEGER-TOPRAK-MEGERI-PESNAMPERMETRE-1.png","contentUrl":"https:\/\/cartechdiagnostic.com\/wp-content\/uploads\/2024\/02\/5.-Pensampermetre-WL-248-DUOYI-DY1000A-PENS-MEGER-TOPRAK-MEGERI-PESNAMPERMETRE-1.png","width":1080,"height":1080},{"@type":"BreadcrumbList","@id":"https:\/\/cartechdiagnostic.com\/en\/urun\/pens-meger-topram-megeri-pensammeter-wl-248-duoyi-dy1000a\/#breadcrumb","itemListElement":[{"@type":"ListItem","position":1,"name":"Anasayfa","item":"https:\/\/www.cartechdiagnostic.com\/en\/"},{"@type":"ListItem","position":2,"name":"Ma\u011faza","item":"https:\/\/www.cartechdiagnostic.com\/magaza\/"},{"@type":"ListItem","position":3,"name":"Pens Meger Topram Megeri Pensammeter &#8211; WL-248 DUOYI DY1000A"}]},{"@type":"WebSite","@id":"https:\/\/www.cartechdiagnostic.com\/en\/#website","url":"https:\/\/www.cartechdiagnostic.com\/en\/","name":"Car-Tech Diagnostic","description":"Ar\u0131za Tespit Cihazlar\u0131 - ECU Programlama Cihazlar\u0131","publisher":{"@id":"https:\/\/www.cartechdiagnostic.com\/en\/#organization"},"alternateName":"Car-Tech Diag","potentialAction":[{"@type":"SearchAction","target":{"@type":"EntryPoint","urlTemplate":"https:\/\/www.cartechdiagnostic.com\/en\/?s={search_term_string}"},"query-input":"required name=search_term_string"}],"inLanguage":"en-US"},{"@type":"Organization","@id":"https:\/\/www.cartechdiagnostic.com\/en\/#organization","name":"Car-Tech Diagnostic Yaz\u0131l\u0131m Ltd. \u015eti.","url":"https:\/\/www.cartechdiagnostic.com\/en\/","logo":{"@type":"ImageObject","inLanguage":"en-US","@id":"https:\/\/www.cartechdiagnostic.com\/en\/#\/schema\/logo\/image\/","url":"https:\/\/cartechdiagnostic.com\/wp-content\/uploads\/2023\/08\/logocartech.png","contentUrl":"https:\/\/cartechdiagnostic.com\/wp-content\/uploads\/2023\/08\/logocartech.png","width":714,"height":340,"caption":"Car-Tech Diagnostic Yaz\u0131l\u0131m Ltd. \u015eti."},"image":{"@id":"https:\/\/www.cartechdiagnostic.com\/en\/#\/schema\/logo\/image\/"},"sameAs":["https:\/\/www.instagram.com\/cartechdiagnostic"]}]}},"_links":{"self":[{"href":"https:\/\/cartechdiagnostic.com\/en\/wp-json\/wp\/v2\/product\/17881","targetHints":{"allow":["GET"]}}],"collection":[{"href":"https:\/\/cartechdiagnostic.com\/en\/wp-json\/wp\/v2\/product"}],"about":[{"href":"https:\/\/cartechdiagnostic.com\/en\/wp-json\/wp\/v2\/types\/product"}],"replies":[{"embeddable":true,"href":"https:\/\/cartechdiagnostic.com\/en\/wp-json\/wp\/v2\/comments?post=17881"}],"version-history":[{"count":0,"href":"https:\/\/cartechdiagnostic.com\/en\/wp-json\/wp\/v2\/product\/17881\/revisions"}],"wp:featuredmedia":[{"embeddable":true,"href":"https:\/\/cartechdiagnostic.com\/en\/wp-json\/wp\/v2\/media\/17653"}],"wp:attachment":[{"href":"https:\/\/cartechdiagnostic.com\/en\/wp-json\/wp\/v2\/media?parent=17881"}],"wp:term":[{"taxonomy":"product_brand","embeddable":true,"href":"https:\/\/cartechdiagnostic.com\/en\/wp-json\/wp\/v2\/product_brand?post=17881"},{"taxonomy":"product_cat","embeddable":true,"href":"https:\/\/cartechdiagnostic.com\/en\/wp-json\/wp\/v2\/product_cat?post=17881"},{"taxonomy":"product_tag","embeddable":true,"href":"https:\/\/cartechdiagnostic.com\/en\/wp-json\/wp\/v2\/product_tag?post=17881"}],"curies":[{"name":"wp","href":"https:\/\/api.w.org\/{rel}","templated":true}]}}