{"id":17911,"date":"2024-05-12T22:18:03","date_gmt":"2024-05-12T19:18:03","guid":{"rendered":"https:\/urun\/replacement-soldering-iron-tip-wl-230-wellhise-900m-t-k-tip\/"},"modified":"2024-05-12T22:18:03","modified_gmt":"2024-05-12T19:18:03","slug":"replacement-soldering-iron-tip-wl-230-wellhise-900m-t-k-tip","status":"publish","type":"product","link":"https:\/\/cartechdiagnostic.com\/en\/urun\/replacement-soldering-iron-tip-wl-230-wellhise-900m-t-k-tip\/","title":{"rendered":"Replacement Soldering Iron Tip &#8211; WL-230 WELLHISE 900M-T-K TIP"},"content":{"rendered":"","protected":false},"excerpt":{"rendered":"<p>WL-230 WELLHISE 900M-T-K TYPE REPLACEMENT SOLdering Iron Tip is a spare part used in soldering processes. This soldering iron tip is often used in processes where electronic components are soldered or repaired. The code &#8220;900M-T-K&#8221; indicates a specific model of soldering tip and in this case may have been manufactured under the WELLHISE brand. This type of soldering iron tip is designed to provide precise control and efficiency in soldering operations.<\/p>\n","protected":false},"featured_media":17630,"comment_status":"open","ping_status":"closed","template":"","meta":{"_joinchat":[]},"product_brand":[],"product_cat":[1342],"product_tag":[],"class_list":{"0":"post-17911","1":"product","2":"type-product","3":"status-publish","4":"has-post-thumbnail","6":"product_cat-uncategorized","8":"first","9":"instock","10":"sale","11":"shipping-taxable","12":"purchasable","13":"product-type-simple"},"yoast_head":"<!-- This site is optimized with the Yoast SEO plugin v22.8 - https:\/\/yoast.com\/wordpress\/plugins\/seo\/ -->\n<title>Replacement Soldering Iron Tip - WL-230 WELLHISE 900M-T-K TIP - Car-Tech Diagnostic<\/title>\n<meta name=\"robots\" content=\"index, follow, max-snippet:-1, max-image-preview:large, max-video-preview:-1\" \/>\n<link rel=\"canonical\" href=\"https:\/\/cartechdiagnostic.com\/en\/urun\/replacement-soldering-iron-tip-wl-230-wellhise-900m-t-k-tip\/\" \/>\n<meta property=\"og:locale\" content=\"en_US\" \/>\n<meta property=\"og:type\" content=\"article\" \/>\n<meta property=\"og:title\" content=\"Replacement Soldering Iron Tip - WL-230 WELLHISE 900M-T-K TIP - Car-Tech Diagnostic\" \/>\n<meta property=\"og:description\" content=\"WL-230 WELLHISE 900M-T-K TYPE REPLACEMENT SOLdering Iron Tip is a spare part used in soldering processes. This soldering iron tip is often used in processes where electronic components are soldered or repaired. The code &quot;900M-T-K&quot; indicates a specific model of soldering tip and in this case may have been manufactured under the WELLHISE brand. This type of soldering iron tip is designed to provide precise control and efficiency in soldering operations.\" \/>\n<meta property=\"og:url\" content=\"https:\/\/cartechdiagnostic.com\/en\/urun\/replacement-soldering-iron-tip-wl-230-wellhise-900m-t-k-tip\/\" \/>\n<meta property=\"og:site_name\" content=\"Car-Tech Diagnostic\" \/>\n<meta property=\"og:image\" content=\"https:\/\/cartechdiagnostic.com\/wp-content\/uploads\/2024\/02\/3.-Havya-Yedek-Mlz.-WL-230-WELLHISE-900M-T-K-TIP-YEDEK-HAVYA-UCU.png\" \/>\n\t<meta property=\"og:image:width\" content=\"1080\" \/>\n\t<meta property=\"og:image:height\" content=\"1080\" \/>\n\t<meta property=\"og:image:type\" content=\"image\/png\" \/>\n<meta name=\"twitter:card\" content=\"summary_large_image\" \/>\n<script type=\"application\/ld+json\" class=\"yoast-schema-graph\">{\"@context\":\"https:\/\/schema.org\",\"@graph\":[{\"@type\":\"WebPage\",\"@id\":\"https:\/\/cartechdiagnostic.com\/en\/urun\/replacement-soldering-iron-tip-wl-230-wellhise-900m-t-k-tip\/\",\"url\":\"https:\/\/cartechdiagnostic.com\/en\/urun\/replacement-soldering-iron-tip-wl-230-wellhise-900m-t-k-tip\/\",\"name\":\"Replacement Soldering Iron Tip - WL-230 WELLHISE 900M-T-K TIP - Car-Tech Diagnostic\",\"isPartOf\":{\"@id\":\"https:\/\/www.cartechdiagnostic.com\/en\/#website\"},\"primaryImageOfPage\":{\"@id\":\"https:\/\/cartechdiagnostic.com\/en\/urun\/replacement-soldering-iron-tip-wl-230-wellhise-900m-t-k-tip\/#primaryimage\"},\"image\":{\"@id\":\"https:\/\/cartechdiagnostic.com\/en\/urun\/replacement-soldering-iron-tip-wl-230-wellhise-900m-t-k-tip\/#primaryimage\"},\"thumbnailUrl\":\"https:\/\/cartechdiagnostic.com\/wp-content\/uploads\/2024\/02\/3.-Havya-Yedek-Mlz.-WL-230-WELLHISE-900M-T-K-TIP-YEDEK-HAVYA-UCU.png\",\"datePublished\":\"2024-05-12T19:18:03+00:00\",\"dateModified\":\"2024-05-12T19:18:03+00:00\",\"breadcrumb\":{\"@id\":\"https:\/\/cartechdiagnostic.com\/en\/urun\/replacement-soldering-iron-tip-wl-230-wellhise-900m-t-k-tip\/#breadcrumb\"},\"inLanguage\":\"en-US\",\"potentialAction\":[{\"@type\":\"ReadAction\",\"target\":[\"https:\/\/cartechdiagnostic.com\/en\/urun\/replacement-soldering-iron-tip-wl-230-wellhise-900m-t-k-tip\/\"]}]},{\"@type\":\"ImageObject\",\"inLanguage\":\"en-US\",\"@id\":\"https:\/\/cartechdiagnostic.com\/en\/urun\/replacement-soldering-iron-tip-wl-230-wellhise-900m-t-k-tip\/#primaryimage\",\"url\":\"https:\/\/cartechdiagnostic.com\/wp-content\/uploads\/2024\/02\/3.-Havya-Yedek-Mlz.-WL-230-WELLHISE-900M-T-K-TIP-YEDEK-HAVYA-UCU.png\",\"contentUrl\":\"https:\/\/cartechdiagnostic.com\/wp-content\/uploads\/2024\/02\/3.-Havya-Yedek-Mlz.-WL-230-WELLHISE-900M-T-K-TIP-YEDEK-HAVYA-UCU.png\",\"width\":1080,\"height\":1080},{\"@type\":\"BreadcrumbList\",\"@id\":\"https:\/\/cartechdiagnostic.com\/en\/urun\/replacement-soldering-iron-tip-wl-230-wellhise-900m-t-k-tip\/#breadcrumb\",\"itemListElement\":[{\"@type\":\"ListItem\",\"position\":1,\"name\":\"Anasayfa\",\"item\":\"https:\/\/www.cartechdiagnostic.com\/en\/\"},{\"@type\":\"ListItem\",\"position\":2,\"name\":\"Ma\u011faza\",\"item\":\"https:\/\/www.cartechdiagnostic.com\/magaza\/\"},{\"@type\":\"ListItem\",\"position\":3,\"name\":\"Replacement Soldering Iron Tip &#8211; WL-230 WELLHISE 900M-T-K TIP\"}]},{\"@type\":\"WebSite\",\"@id\":\"https:\/\/www.cartechdiagnostic.com\/en\/#website\",\"url\":\"https:\/\/www.cartechdiagnostic.com\/en\/\",\"name\":\"Car-Tech Diagnostic\",\"description\":\"Ar\u0131za Tespit Cihazlar\u0131 - ECU Programlama Cihazlar\u0131\",\"publisher\":{\"@id\":\"https:\/\/www.cartechdiagnostic.com\/en\/#organization\"},\"alternateName\":\"Car-Tech Diag\",\"potentialAction\":[{\"@type\":\"SearchAction\",\"target\":{\"@type\":\"EntryPoint\",\"urlTemplate\":\"https:\/\/www.cartechdiagnostic.com\/en\/?s={search_term_string}\"},\"query-input\":\"required name=search_term_string\"}],\"inLanguage\":\"en-US\"},{\"@type\":\"Organization\",\"@id\":\"https:\/\/www.cartechdiagnostic.com\/en\/#organization\",\"name\":\"Car-Tech Diagnostic Yaz\u0131l\u0131m Ltd. \u015eti.\",\"url\":\"https:\/\/www.cartechdiagnostic.com\/en\/\",\"logo\":{\"@type\":\"ImageObject\",\"inLanguage\":\"en-US\",\"@id\":\"https:\/\/www.cartechdiagnostic.com\/en\/#\/schema\/logo\/image\/\",\"url\":\"https:\/\/cartechdiagnostic.com\/wp-content\/uploads\/2023\/08\/logocartech.png\",\"contentUrl\":\"https:\/\/cartechdiagnostic.com\/wp-content\/uploads\/2023\/08\/logocartech.png\",\"width\":714,\"height\":340,\"caption\":\"Car-Tech Diagnostic Yaz\u0131l\u0131m Ltd. \u015eti.\"},\"image\":{\"@id\":\"https:\/\/www.cartechdiagnostic.com\/en\/#\/schema\/logo\/image\/\"},\"sameAs\":[\"https:\/\/www.instagram.com\/cartechdiagnostic\"]}]}<\/script>\n<!-- \/ Yoast SEO plugin. -->","yoast_head_json":{"title":"Replacement Soldering Iron Tip - WL-230 WELLHISE 900M-T-K TIP - Car-Tech Diagnostic","robots":{"index":"index","follow":"follow","max-snippet":"max-snippet:-1","max-image-preview":"max-image-preview:large","max-video-preview":"max-video-preview:-1"},"canonical":"https:\/\/cartechdiagnostic.com\/en\/urun\/replacement-soldering-iron-tip-wl-230-wellhise-900m-t-k-tip\/","og_locale":"en_US","og_type":"article","og_title":"Replacement Soldering Iron Tip - WL-230 WELLHISE 900M-T-K TIP - Car-Tech Diagnostic","og_description":"WL-230 WELLHISE 900M-T-K TYPE REPLACEMENT SOLdering Iron Tip is a spare part used in soldering processes. This soldering iron tip is often used in processes where electronic components are soldered or repaired. The code \"900M-T-K\" indicates a specific model of soldering tip and in this case may have been manufactured under the WELLHISE brand. This type of soldering iron tip is designed to provide precise control and efficiency in soldering operations.","og_url":"https:\/\/cartechdiagnostic.com\/en\/urun\/replacement-soldering-iron-tip-wl-230-wellhise-900m-t-k-tip\/","og_site_name":"Car-Tech Diagnostic","og_image":[{"width":1080,"height":1080,"url":"https:\/\/cartechdiagnostic.com\/wp-content\/uploads\/2024\/02\/3.-Havya-Yedek-Mlz.-WL-230-WELLHISE-900M-T-K-TIP-YEDEK-HAVYA-UCU.png","type":"image\/png"}],"twitter_card":"summary_large_image","schema":{"@context":"https:\/\/schema.org","@graph":[{"@type":"WebPage","@id":"https:\/\/cartechdiagnostic.com\/en\/urun\/replacement-soldering-iron-tip-wl-230-wellhise-900m-t-k-tip\/","url":"https:\/\/cartechdiagnostic.com\/en\/urun\/replacement-soldering-iron-tip-wl-230-wellhise-900m-t-k-tip\/","name":"Replacement Soldering Iron Tip - WL-230 WELLHISE 900M-T-K TIP - Car-Tech Diagnostic","isPartOf":{"@id":"https:\/\/www.cartechdiagnostic.com\/en\/#website"},"primaryImageOfPage":{"@id":"https:\/\/cartechdiagnostic.com\/en\/urun\/replacement-soldering-iron-tip-wl-230-wellhise-900m-t-k-tip\/#primaryimage"},"image":{"@id":"https:\/\/cartechdiagnostic.com\/en\/urun\/replacement-soldering-iron-tip-wl-230-wellhise-900m-t-k-tip\/#primaryimage"},"thumbnailUrl":"https:\/\/cartechdiagnostic.com\/wp-content\/uploads\/2024\/02\/3.-Havya-Yedek-Mlz.-WL-230-WELLHISE-900M-T-K-TIP-YEDEK-HAVYA-UCU.png","datePublished":"2024-05-12T19:18:03+00:00","dateModified":"2024-05-12T19:18:03+00:00","breadcrumb":{"@id":"https:\/\/cartechdiagnostic.com\/en\/urun\/replacement-soldering-iron-tip-wl-230-wellhise-900m-t-k-tip\/#breadcrumb"},"inLanguage":"en-US","potentialAction":[{"@type":"ReadAction","target":["https:\/\/cartechdiagnostic.com\/en\/urun\/replacement-soldering-iron-tip-wl-230-wellhise-900m-t-k-tip\/"]}]},{"@type":"ImageObject","inLanguage":"en-US","@id":"https:\/\/cartechdiagnostic.com\/en\/urun\/replacement-soldering-iron-tip-wl-230-wellhise-900m-t-k-tip\/#primaryimage","url":"https:\/\/cartechdiagnostic.com\/wp-content\/uploads\/2024\/02\/3.-Havya-Yedek-Mlz.-WL-230-WELLHISE-900M-T-K-TIP-YEDEK-HAVYA-UCU.png","contentUrl":"https:\/\/cartechdiagnostic.com\/wp-content\/uploads\/2024\/02\/3.-Havya-Yedek-Mlz.-WL-230-WELLHISE-900M-T-K-TIP-YEDEK-HAVYA-UCU.png","width":1080,"height":1080},{"@type":"BreadcrumbList","@id":"https:\/\/cartechdiagnostic.com\/en\/urun\/replacement-soldering-iron-tip-wl-230-wellhise-900m-t-k-tip\/#breadcrumb","itemListElement":[{"@type":"ListItem","position":1,"name":"Anasayfa","item":"https:\/\/www.cartechdiagnostic.com\/en\/"},{"@type":"ListItem","position":2,"name":"Ma\u011faza","item":"https:\/\/www.cartechdiagnostic.com\/magaza\/"},{"@type":"ListItem","position":3,"name":"Replacement Soldering Iron Tip &#8211; WL-230 WELLHISE 900M-T-K TIP"}]},{"@type":"WebSite","@id":"https:\/\/www.cartechdiagnostic.com\/en\/#website","url":"https:\/\/www.cartechdiagnostic.com\/en\/","name":"Car-Tech Diagnostic","description":"Ar\u0131za Tespit Cihazlar\u0131 - ECU Programlama Cihazlar\u0131","publisher":{"@id":"https:\/\/www.cartechdiagnostic.com\/en\/#organization"},"alternateName":"Car-Tech Diag","potentialAction":[{"@type":"SearchAction","target":{"@type":"EntryPoint","urlTemplate":"https:\/\/www.cartechdiagnostic.com\/en\/?s={search_term_string}"},"query-input":"required name=search_term_string"}],"inLanguage":"en-US"},{"@type":"Organization","@id":"https:\/\/www.cartechdiagnostic.com\/en\/#organization","name":"Car-Tech Diagnostic Yaz\u0131l\u0131m Ltd. \u015eti.","url":"https:\/\/www.cartechdiagnostic.com\/en\/","logo":{"@type":"ImageObject","inLanguage":"en-US","@id":"https:\/\/www.cartechdiagnostic.com\/en\/#\/schema\/logo\/image\/","url":"https:\/\/cartechdiagnostic.com\/wp-content\/uploads\/2023\/08\/logocartech.png","contentUrl":"https:\/\/cartechdiagnostic.com\/wp-content\/uploads\/2023\/08\/logocartech.png","width":714,"height":340,"caption":"Car-Tech Diagnostic Yaz\u0131l\u0131m Ltd. \u015eti."},"image":{"@id":"https:\/\/www.cartechdiagnostic.com\/en\/#\/schema\/logo\/image\/"},"sameAs":["https:\/\/www.instagram.com\/cartechdiagnostic"]}]}},"_links":{"self":[{"href":"https:\/\/cartechdiagnostic.com\/en\/wp-json\/wp\/v2\/product\/17911","targetHints":{"allow":["GET"]}}],"collection":[{"href":"https:\/\/cartechdiagnostic.com\/en\/wp-json\/wp\/v2\/product"}],"about":[{"href":"https:\/\/cartechdiagnostic.com\/en\/wp-json\/wp\/v2\/types\/product"}],"replies":[{"embeddable":true,"href":"https:\/\/cartechdiagnostic.com\/en\/wp-json\/wp\/v2\/comments?post=17911"}],"version-history":[{"count":0,"href":"https:\/\/cartechdiagnostic.com\/en\/wp-json\/wp\/v2\/product\/17911\/revisions"}],"wp:featuredmedia":[{"embeddable":true,"href":"https:\/\/cartechdiagnostic.com\/en\/wp-json\/wp\/v2\/media\/17630"}],"wp:attachment":[{"href":"https:\/\/cartechdiagnostic.com\/en\/wp-json\/wp\/v2\/media?parent=17911"}],"wp:term":[{"taxonomy":"product_brand","embeddable":true,"href":"https:\/\/cartechdiagnostic.com\/en\/wp-json\/wp\/v2\/product_brand?post=17911"},{"taxonomy":"product_cat","embeddable":true,"href":"https:\/\/cartechdiagnostic.com\/en\/wp-json\/wp\/v2\/product_cat?post=17911"},{"taxonomy":"product_tag","embeddable":true,"href":"https:\/\/cartechdiagnostic.com\/en\/wp-json\/wp\/v2\/product_tag?post=17911"}],"curies":[{"name":"wp","href":"https:\/\/api.w.org\/{rel}","templated":true}]}}