{"id":17924,"date":"2024-05-12T22:16:03","date_gmt":"2024-05-12T19:16:03","guid":{"rendered":"https:\/urun\/axe-soldering-iron-tip-wl-105-wellhise-300w\/"},"modified":"2024-05-12T22:16:03","modified_gmt":"2024-05-12T19:16:03","slug":"axe-soldering-iron-tip-wl-105-wellhise-300w","status":"publish","type":"product","link":"https:\/\/cartechdiagnostic.com\/en\/urun\/axe-soldering-iron-tip-wl-105-wellhise-300w\/","title":{"rendered":"Axe Soldering Iron Tip WL-105 WELLHISE 300W"},"content":{"rendered":"","protected":false},"excerpt":{"rendered":"<div class=\"flex-1 overflow-hidden\">\n<div class=\"react-scroll-to-bottom--css-fgadl-79elbk h-full\">\n<div class=\"react-scroll-to-bottom--css-fgadl-1n7m0yu\">\n<div class=\"flex flex-col pb-9 text-sm\">\n<div class=\"w-full text-token-text-primary\" data-testid=\"conversation-turn-87\">\n<div class=\"px-4 py-2 justify-center text-base md:gap-6 m-auto\">\n<div class=\"flex flex-1 text-base mx-auto gap-3 md:px-5 lg:px-1 xl:px-5 md:max-w-3xl lg:max-w-[40rem] xl:max-w-[48rem] group final-completion\">\n<div class=\"relative flex w-full flex-col agent-turn\">\n<div class=\"flex-col gap-1 md:gap-3\">\n<div class=\"flex flex-grow flex-col max-w-full\">\n<div class=\"min-h-[20px] text-message flex flex-col items-start gap-3 whitespace-pre-wrap break-words [.text-message+&amp;]:mt-5 overflow-x-auto\" data-message-author-role=\"assistant\" data-message-id=\"bd2514e3-f3bc-42bf-9f1d-825d9b62d61b\">\n<div class=\"markdown prose w-full break-words dark:prose-invert light\">\n<p>WL-105 Wellhise 300W Axe Soldering Iron Tip is a product among soldering iron spare parts. This soldering iron tip is specific to the WL-105 model and is commonly used for electronic soldering operations. Its axe tip design is ideal for soldering larger surface areas and is designed to be compatible with the high power 300W soldering iron. It is specially manufactured to ensure a quality soldering experience.<\/p>\n<\/div>\n<\/div>\n<\/div>\n<div class=\"mt-1 flex justify-start gap-3 empty:hidden\">\n<div class=\"text-gray-400 flex self-end lg:self-center justify-center lg:justify-start mt-0 -ml-1 visible\">\n<p>&nbsp;<\/p>\n<div class=\"flex items-center gap-1.5 text-xs\"><\/div>\n<div class=\"flex\"><\/div>\n<\/div>\n<\/div>\n<\/div>\n<\/div>\n<\/div>\n<\/div>\n<\/div>\n<\/div>\n<\/div>\n<\/div>\n<\/div>\n<div class=\"w-full pt-2 md:pt-0 dark:border-white\/20 md:border-transparent md:dark:border-transparent md:w-[calc(100%-.5rem)]\">\n<div class=\"relative flex h-full flex-1 items-stretch md:flex-col\">\n<div class=\"flex w-full items-center\"><\/div>\n<\/div>\n<\/div>\n","protected":false},"featured_media":17618,"comment_status":"open","ping_status":"closed","template":"","meta":{"_joinchat":[]},"product_brand":[],"product_cat":[1342],"product_tag":[],"class_list":{"0":"post-17924","1":"product","2":"type-product","3":"status-publish","4":"has-post-thumbnail","6":"product_cat-uncategorized","8":"first","9":"instock","10":"sale","11":"shipping-taxable","12":"purchasable","13":"product-type-simple"},"yoast_head":"<!-- This site is optimized with the Yoast SEO plugin v22.8 - https:\/\/yoast.com\/wordpress\/plugins\/seo\/ -->\n<title>Axe Soldering Iron Tip WL-105 WELLHISE 300W - Car-Tech Diagnostic<\/title>\n<meta name=\"robots\" content=\"index, follow, max-snippet:-1, max-image-preview:large, max-video-preview:-1\" \/>\n<link rel=\"canonical\" href=\"https:\/\/cartechdiagnostic.com\/en\/urun\/axe-soldering-iron-tip-wl-105-wellhise-300w\/\" \/>\n<meta property=\"og:locale\" content=\"en_US\" \/>\n<meta property=\"og:type\" content=\"article\" \/>\n<meta property=\"og:title\" content=\"Axe Soldering Iron Tip WL-105 WELLHISE 300W - Car-Tech Diagnostic\" \/>\n<meta property=\"og:description\" content=\"WL-105 Wellhise 300W Axe Soldering Iron Tip is a product among soldering iron spare parts. This soldering iron tip is specific to the WL-105 model and is commonly used for electronic soldering operations. Its axe tip design is ideal for soldering larger surface areas and is designed to be compatible with the high power 300W soldering iron. It is specially manufactured to ensure a quality soldering experience.    &nbsp;\" \/>\n<meta property=\"og:url\" content=\"https:\/\/cartechdiagnostic.com\/en\/urun\/axe-soldering-iron-tip-wl-105-wellhise-300w\/\" \/>\n<meta property=\"og:site_name\" content=\"Car-Tech Diagnostic\" \/>\n<meta property=\"og:image\" content=\"https:\/\/cartechdiagnostic.com\/wp-content\/uploads\/2024\/02\/3.-Havya-Yedek-Mlz.-WL-105-WELLHISE-300W-BALTA-HAVYA-UCU.png\" \/>\n\t<meta property=\"og:image:width\" content=\"1080\" \/>\n\t<meta property=\"og:image:height\" content=\"1080\" \/>\n\t<meta property=\"og:image:type\" content=\"image\/png\" \/>\n<meta name=\"twitter:card\" content=\"summary_large_image\" \/>\n<script type=\"application\/ld+json\" class=\"yoast-schema-graph\">{\"@context\":\"https:\/\/schema.org\",\"@graph\":[{\"@type\":\"WebPage\",\"@id\":\"https:\/\/cartechdiagnostic.com\/en\/urun\/axe-soldering-iron-tip-wl-105-wellhise-300w\/\",\"url\":\"https:\/\/cartechdiagnostic.com\/en\/urun\/axe-soldering-iron-tip-wl-105-wellhise-300w\/\",\"name\":\"Axe Soldering Iron Tip WL-105 WELLHISE 300W - Car-Tech Diagnostic\",\"isPartOf\":{\"@id\":\"https:\/\/www.cartechdiagnostic.com\/en\/#website\"},\"primaryImageOfPage\":{\"@id\":\"https:\/\/cartechdiagnostic.com\/en\/urun\/axe-soldering-iron-tip-wl-105-wellhise-300w\/#primaryimage\"},\"image\":{\"@id\":\"https:\/\/cartechdiagnostic.com\/en\/urun\/axe-soldering-iron-tip-wl-105-wellhise-300w\/#primaryimage\"},\"thumbnailUrl\":\"https:\/\/cartechdiagnostic.com\/wp-content\/uploads\/2024\/02\/3.-Havya-Yedek-Mlz.-WL-105-WELLHISE-300W-BALTA-HAVYA-UCU.png\",\"datePublished\":\"2024-05-12T19:16:03+00:00\",\"dateModified\":\"2024-05-12T19:16:03+00:00\",\"breadcrumb\":{\"@id\":\"https:\/\/cartechdiagnostic.com\/en\/urun\/axe-soldering-iron-tip-wl-105-wellhise-300w\/#breadcrumb\"},\"inLanguage\":\"en-US\",\"potentialAction\":[{\"@type\":\"ReadAction\",\"target\":[\"https:\/\/cartechdiagnostic.com\/en\/urun\/axe-soldering-iron-tip-wl-105-wellhise-300w\/\"]}]},{\"@type\":\"ImageObject\",\"inLanguage\":\"en-US\",\"@id\":\"https:\/\/cartechdiagnostic.com\/en\/urun\/axe-soldering-iron-tip-wl-105-wellhise-300w\/#primaryimage\",\"url\":\"https:\/\/cartechdiagnostic.com\/wp-content\/uploads\/2024\/02\/3.-Havya-Yedek-Mlz.-WL-105-WELLHISE-300W-BALTA-HAVYA-UCU.png\",\"contentUrl\":\"https:\/\/cartechdiagnostic.com\/wp-content\/uploads\/2024\/02\/3.-Havya-Yedek-Mlz.-WL-105-WELLHISE-300W-BALTA-HAVYA-UCU.png\",\"width\":1080,\"height\":1080},{\"@type\":\"BreadcrumbList\",\"@id\":\"https:\/\/cartechdiagnostic.com\/en\/urun\/axe-soldering-iron-tip-wl-105-wellhise-300w\/#breadcrumb\",\"itemListElement\":[{\"@type\":\"ListItem\",\"position\":1,\"name\":\"Anasayfa\",\"item\":\"https:\/\/www.cartechdiagnostic.com\/en\/\"},{\"@type\":\"ListItem\",\"position\":2,\"name\":\"Ma\u011faza\",\"item\":\"https:\/\/www.cartechdiagnostic.com\/magaza\/\"},{\"@type\":\"ListItem\",\"position\":3,\"name\":\"Axe Soldering Iron Tip WL-105 WELLHISE 300W\"}]},{\"@type\":\"WebSite\",\"@id\":\"https:\/\/www.cartechdiagnostic.com\/en\/#website\",\"url\":\"https:\/\/www.cartechdiagnostic.com\/en\/\",\"name\":\"Car-Tech Diagnostic\",\"description\":\"Ar\u0131za Tespit Cihazlar\u0131 - ECU Programlama Cihazlar\u0131\",\"publisher\":{\"@id\":\"https:\/\/www.cartechdiagnostic.com\/en\/#organization\"},\"alternateName\":\"Car-Tech Diag\",\"potentialAction\":[{\"@type\":\"SearchAction\",\"target\":{\"@type\":\"EntryPoint\",\"urlTemplate\":\"https:\/\/www.cartechdiagnostic.com\/en\/?s={search_term_string}\"},\"query-input\":\"required name=search_term_string\"}],\"inLanguage\":\"en-US\"},{\"@type\":\"Organization\",\"@id\":\"https:\/\/www.cartechdiagnostic.com\/en\/#organization\",\"name\":\"Car-Tech Diagnostic Yaz\u0131l\u0131m Ltd. \u015eti.\",\"url\":\"https:\/\/www.cartechdiagnostic.com\/en\/\",\"logo\":{\"@type\":\"ImageObject\",\"inLanguage\":\"en-US\",\"@id\":\"https:\/\/www.cartechdiagnostic.com\/en\/#\/schema\/logo\/image\/\",\"url\":\"https:\/\/cartechdiagnostic.com\/wp-content\/uploads\/2023\/08\/logocartech.png\",\"contentUrl\":\"https:\/\/cartechdiagnostic.com\/wp-content\/uploads\/2023\/08\/logocartech.png\",\"width\":714,\"height\":340,\"caption\":\"Car-Tech Diagnostic Yaz\u0131l\u0131m Ltd. \u015eti.\"},\"image\":{\"@id\":\"https:\/\/www.cartechdiagnostic.com\/en\/#\/schema\/logo\/image\/\"},\"sameAs\":[\"https:\/\/www.instagram.com\/cartechdiagnostic\"]}]}<\/script>\n<!-- \/ Yoast SEO plugin. -->","yoast_head_json":{"title":"Axe Soldering Iron Tip WL-105 WELLHISE 300W - Car-Tech Diagnostic","robots":{"index":"index","follow":"follow","max-snippet":"max-snippet:-1","max-image-preview":"max-image-preview:large","max-video-preview":"max-video-preview:-1"},"canonical":"https:\/\/cartechdiagnostic.com\/en\/urun\/axe-soldering-iron-tip-wl-105-wellhise-300w\/","og_locale":"en_US","og_type":"article","og_title":"Axe Soldering Iron Tip WL-105 WELLHISE 300W - Car-Tech Diagnostic","og_description":"WL-105 Wellhise 300W Axe Soldering Iron Tip is a product among soldering iron spare parts. This soldering iron tip is specific to the WL-105 model and is commonly used for electronic soldering operations. Its axe tip design is ideal for soldering larger surface areas and is designed to be compatible with the high power 300W soldering iron. It is specially manufactured to ensure a quality soldering experience.    &nbsp;","og_url":"https:\/\/cartechdiagnostic.com\/en\/urun\/axe-soldering-iron-tip-wl-105-wellhise-300w\/","og_site_name":"Car-Tech Diagnostic","og_image":[{"width":1080,"height":1080,"url":"https:\/\/cartechdiagnostic.com\/wp-content\/uploads\/2024\/02\/3.-Havya-Yedek-Mlz.-WL-105-WELLHISE-300W-BALTA-HAVYA-UCU.png","type":"image\/png"}],"twitter_card":"summary_large_image","schema":{"@context":"https:\/\/schema.org","@graph":[{"@type":"WebPage","@id":"https:\/\/cartechdiagnostic.com\/en\/urun\/axe-soldering-iron-tip-wl-105-wellhise-300w\/","url":"https:\/\/cartechdiagnostic.com\/en\/urun\/axe-soldering-iron-tip-wl-105-wellhise-300w\/","name":"Axe Soldering Iron Tip WL-105 WELLHISE 300W - Car-Tech Diagnostic","isPartOf":{"@id":"https:\/\/www.cartechdiagnostic.com\/en\/#website"},"primaryImageOfPage":{"@id":"https:\/\/cartechdiagnostic.com\/en\/urun\/axe-soldering-iron-tip-wl-105-wellhise-300w\/#primaryimage"},"image":{"@id":"https:\/\/cartechdiagnostic.com\/en\/urun\/axe-soldering-iron-tip-wl-105-wellhise-300w\/#primaryimage"},"thumbnailUrl":"https:\/\/cartechdiagnostic.com\/wp-content\/uploads\/2024\/02\/3.-Havya-Yedek-Mlz.-WL-105-WELLHISE-300W-BALTA-HAVYA-UCU.png","datePublished":"2024-05-12T19:16:03+00:00","dateModified":"2024-05-12T19:16:03+00:00","breadcrumb":{"@id":"https:\/\/cartechdiagnostic.com\/en\/urun\/axe-soldering-iron-tip-wl-105-wellhise-300w\/#breadcrumb"},"inLanguage":"en-US","potentialAction":[{"@type":"ReadAction","target":["https:\/\/cartechdiagnostic.com\/en\/urun\/axe-soldering-iron-tip-wl-105-wellhise-300w\/"]}]},{"@type":"ImageObject","inLanguage":"en-US","@id":"https:\/\/cartechdiagnostic.com\/en\/urun\/axe-soldering-iron-tip-wl-105-wellhise-300w\/#primaryimage","url":"https:\/\/cartechdiagnostic.com\/wp-content\/uploads\/2024\/02\/3.-Havya-Yedek-Mlz.-WL-105-WELLHISE-300W-BALTA-HAVYA-UCU.png","contentUrl":"https:\/\/cartechdiagnostic.com\/wp-content\/uploads\/2024\/02\/3.-Havya-Yedek-Mlz.-WL-105-WELLHISE-300W-BALTA-HAVYA-UCU.png","width":1080,"height":1080},{"@type":"BreadcrumbList","@id":"https:\/\/cartechdiagnostic.com\/en\/urun\/axe-soldering-iron-tip-wl-105-wellhise-300w\/#breadcrumb","itemListElement":[{"@type":"ListItem","position":1,"name":"Anasayfa","item":"https:\/\/www.cartechdiagnostic.com\/en\/"},{"@type":"ListItem","position":2,"name":"Ma\u011faza","item":"https:\/\/www.cartechdiagnostic.com\/magaza\/"},{"@type":"ListItem","position":3,"name":"Axe Soldering Iron Tip WL-105 WELLHISE 300W"}]},{"@type":"WebSite","@id":"https:\/\/www.cartechdiagnostic.com\/en\/#website","url":"https:\/\/www.cartechdiagnostic.com\/en\/","name":"Car-Tech Diagnostic","description":"Ar\u0131za Tespit Cihazlar\u0131 - ECU Programlama Cihazlar\u0131","publisher":{"@id":"https:\/\/www.cartechdiagnostic.com\/en\/#organization"},"alternateName":"Car-Tech Diag","potentialAction":[{"@type":"SearchAction","target":{"@type":"EntryPoint","urlTemplate":"https:\/\/www.cartechdiagnostic.com\/en\/?s={search_term_string}"},"query-input":"required name=search_term_string"}],"inLanguage":"en-US"},{"@type":"Organization","@id":"https:\/\/www.cartechdiagnostic.com\/en\/#organization","name":"Car-Tech Diagnostic Yaz\u0131l\u0131m Ltd. \u015eti.","url":"https:\/\/www.cartechdiagnostic.com\/en\/","logo":{"@type":"ImageObject","inLanguage":"en-US","@id":"https:\/\/www.cartechdiagnostic.com\/en\/#\/schema\/logo\/image\/","url":"https:\/\/cartechdiagnostic.com\/wp-content\/uploads\/2023\/08\/logocartech.png","contentUrl":"https:\/\/cartechdiagnostic.com\/wp-content\/uploads\/2023\/08\/logocartech.png","width":714,"height":340,"caption":"Car-Tech Diagnostic Yaz\u0131l\u0131m Ltd. \u015eti."},"image":{"@id":"https:\/\/www.cartechdiagnostic.com\/en\/#\/schema\/logo\/image\/"},"sameAs":["https:\/\/www.instagram.com\/cartechdiagnostic"]}]}},"_links":{"self":[{"href":"https:\/\/cartechdiagnostic.com\/en\/wp-json\/wp\/v2\/product\/17924","targetHints":{"allow":["GET"]}}],"collection":[{"href":"https:\/\/cartechdiagnostic.com\/en\/wp-json\/wp\/v2\/product"}],"about":[{"href":"https:\/\/cartechdiagnostic.com\/en\/wp-json\/wp\/v2\/types\/product"}],"replies":[{"embeddable":true,"href":"https:\/\/cartechdiagnostic.com\/en\/wp-json\/wp\/v2\/comments?post=17924"}],"version-history":[{"count":0,"href":"https:\/\/cartechdiagnostic.com\/en\/wp-json\/wp\/v2\/product\/17924\/revisions"}],"wp:featuredmedia":[{"embeddable":true,"href":"https:\/\/cartechdiagnostic.com\/en\/wp-json\/wp\/v2\/media\/17618"}],"wp:attachment":[{"href":"https:\/\/cartechdiagnostic.com\/en\/wp-json\/wp\/v2\/media?parent=17924"}],"wp:term":[{"taxonomy":"product_brand","embeddable":true,"href":"https:\/\/cartechdiagnostic.com\/en\/wp-json\/wp\/v2\/product_brand?post=17924"},{"taxonomy":"product_cat","embeddable":true,"href":"https:\/\/cartechdiagnostic.com\/en\/wp-json\/wp\/v2\/product_cat?post=17924"},{"taxonomy":"product_tag","embeddable":true,"href":"https:\/\/cartechdiagnostic.com\/en\/wp-json\/wp\/v2\/product_tag?post=17924"}],"curies":[{"name":"wp","href":"https:\/\/api.w.org\/{rel}","templated":true}]}}