{"id":17954,"date":"2024-05-12T22:12:57","date_gmt":"2024-05-12T19:12:57","guid":{"rendered":"https:\/urun\/hot-air-blowing-gun-wl-084-wellhise-8018led\/"},"modified":"2024-05-12T22:12:57","modified_gmt":"2024-05-12T19:12:57","slug":"hot-air-blowing-gun-wl-084-wellhise-8018led","status":"publish","type":"product","link":"https:\/\/cartechdiagnostic.com\/en\/urun\/hot-air-blowing-gun-wl-084-wellhise-8018led\/","title":{"rendered":"Hot Air Blowing Gun &#8211; WL-084 WELLHISE 8018LED"},"content":{"rendered":"","protected":false},"excerpt":{"rendered":"<div class=\"flex-1 overflow-hidden\">\n<div class=\"react-scroll-to-bottom--css-lhmxq-79elbk h-full\">\n<div class=\"react-scroll-to-bottom--css-lhmxq-1n7m0yu\">\n<div class=\"flex flex-col pb-9 text-sm\">\n<div class=\"w-full text-token-text-primary\" data-testid=\"conversation-turn-11\">\n<div class=\"px-4 py-2 justify-center text-base md:gap-6 m-auto\">\n<div class=\"flex flex-1 text-base mx-auto gap-3 md:px-5 lg:px-1 xl:px-5 md:max-w-3xl lg:max-w-[40rem] xl:max-w-[48rem] group final-completion\">\n<div class=\"relative flex w-full flex-col agent-turn\">\n<div class=\"flex-col gap-1 md:gap-3\">\n<div class=\"flex flex-grow flex-col max-w-full\">\n<div class=\"min-h-[20px] text-message flex flex-col items-start gap-3 whitespace-pre-wrap break-words [.text-message+&amp;]:mt-5 overflow-x-auto\" data-message-author-role=\"assistant\" data-message-id=\"8827af35-916d-4603-8abd-759c949ed74a\">\n<div class=\"markdown prose w-full break-words dark:prose-invert light\">\n<p>WL-084 WELLHISE 8018LED is a hot air blow gun. This device is designed for use in a variety of applications and is commonly used in areas such as electronics, woodworking, plastics work, automotive and industrial maintenance. The 8018LED model is equipped with features for the convenience of users when performing operations with hot air. The LED light illuminates the work area and improves visibility. Features such as adjustable temperature and air speed provide flexibility for use on different materials. In addition, the ergonomic design and easy-to-use controls make long-term use more comfortable. This hot air blow gun is an ideal tool for shaping materials, soldering, soldering, painting, gluing and various other processes.<\/p>\n<\/div>\n<\/div>\n<\/div>\n<\/div>\n<\/div>\n<\/div>\n<\/div>\n<\/div>\n<\/div>\n<\/div>\n<\/div>\n<\/div>\n","protected":false},"featured_media":17597,"comment_status":"open","ping_status":"closed","template":"","meta":{"_joinchat":[]},"product_brand":[],"product_cat":[1342],"product_tag":[],"class_list":{"0":"post-17954","1":"product","2":"type-product","3":"status-publish","4":"has-post-thumbnail","6":"product_cat-uncategorized","8":"first","9":"instock","10":"sale","11":"shipping-taxable","12":"purchasable","13":"product-type-simple"},"yoast_head":"<!-- This site is optimized with the Yoast SEO plugin v22.8 - https:\/\/yoast.com\/wordpress\/plugins\/seo\/ -->\n<title>Hot Air Blowing Gun - WL-084 WELLHISE 8018LED - Car-Tech Diagnostic<\/title>\n<meta name=\"robots\" content=\"index, follow, max-snippet:-1, max-image-preview:large, max-video-preview:-1\" \/>\n<link rel=\"canonical\" href=\"https:\/\/cartechdiagnostic.com\/en\/urun\/hot-air-blowing-gun-wl-084-wellhise-8018led\/\" \/>\n<meta property=\"og:locale\" content=\"en_US\" \/>\n<meta property=\"og:type\" content=\"article\" \/>\n<meta property=\"og:title\" content=\"Hot Air Blowing Gun - WL-084 WELLHISE 8018LED - Car-Tech Diagnostic\" \/>\n<meta property=\"og:description\" content=\"WL-084 WELLHISE 8018LED is a hot air blow gun. This device is designed for use in a variety of applications and is commonly used in areas such as electronics, woodworking, plastics work, automotive and industrial maintenance. The 8018LED model is equipped with features for the convenience of users when performing operations with hot air. The LED light illuminates the work area and improves visibility. Features such as adjustable temperature and air speed provide flexibility for use on different materials. In addition, the ergonomic design and easy-to-use controls make long-term use more comfortable. This hot air blow gun is an ideal tool for shaping materials, soldering, soldering, painting, gluing and various other processes.\" \/>\n<meta property=\"og:url\" content=\"https:\/\/cartechdiagnostic.com\/en\/urun\/hot-air-blowing-gun-wl-084-wellhise-8018led\/\" \/>\n<meta property=\"og:site_name\" content=\"Car-Tech Diagnostic\" \/>\n<meta property=\"og:image\" content=\"https:\/\/cartechdiagnostic.com\/wp-content\/uploads\/2024\/02\/WL-084-WELLHISE-8018LED-SICAK-HAVA-UFLEME-TABANCASI-1.png\" \/>\n\t<meta property=\"og:image:width\" content=\"1080\" \/>\n\t<meta property=\"og:image:height\" content=\"1080\" \/>\n\t<meta property=\"og:image:type\" content=\"image\/png\" \/>\n<meta name=\"twitter:card\" content=\"summary_large_image\" \/>\n<script type=\"application\/ld+json\" class=\"yoast-schema-graph\">{\"@context\":\"https:\/\/schema.org\",\"@graph\":[{\"@type\":\"WebPage\",\"@id\":\"https:\/\/cartechdiagnostic.com\/en\/urun\/hot-air-blowing-gun-wl-084-wellhise-8018led\/\",\"url\":\"https:\/\/cartechdiagnostic.com\/en\/urun\/hot-air-blowing-gun-wl-084-wellhise-8018led\/\",\"name\":\"Hot Air Blowing Gun - WL-084 WELLHISE 8018LED - Car-Tech Diagnostic\",\"isPartOf\":{\"@id\":\"https:\/\/www.cartechdiagnostic.com\/en\/#website\"},\"primaryImageOfPage\":{\"@id\":\"https:\/\/cartechdiagnostic.com\/en\/urun\/hot-air-blowing-gun-wl-084-wellhise-8018led\/#primaryimage\"},\"image\":{\"@id\":\"https:\/\/cartechdiagnostic.com\/en\/urun\/hot-air-blowing-gun-wl-084-wellhise-8018led\/#primaryimage\"},\"thumbnailUrl\":\"https:\/\/cartechdiagnostic.com\/wp-content\/uploads\/2024\/02\/WL-084-WELLHISE-8018LED-SICAK-HAVA-UFLEME-TABANCASI-1.png\",\"datePublished\":\"2024-05-12T19:12:57+00:00\",\"dateModified\":\"2024-05-12T19:12:57+00:00\",\"breadcrumb\":{\"@id\":\"https:\/\/cartechdiagnostic.com\/en\/urun\/hot-air-blowing-gun-wl-084-wellhise-8018led\/#breadcrumb\"},\"inLanguage\":\"en-US\",\"potentialAction\":[{\"@type\":\"ReadAction\",\"target\":[\"https:\/\/cartechdiagnostic.com\/en\/urun\/hot-air-blowing-gun-wl-084-wellhise-8018led\/\"]}]},{\"@type\":\"ImageObject\",\"inLanguage\":\"en-US\",\"@id\":\"https:\/\/cartechdiagnostic.com\/en\/urun\/hot-air-blowing-gun-wl-084-wellhise-8018led\/#primaryimage\",\"url\":\"https:\/\/cartechdiagnostic.com\/wp-content\/uploads\/2024\/02\/WL-084-WELLHISE-8018LED-SICAK-HAVA-UFLEME-TABANCASI-1.png\",\"contentUrl\":\"https:\/\/cartechdiagnostic.com\/wp-content\/uploads\/2024\/02\/WL-084-WELLHISE-8018LED-SICAK-HAVA-UFLEME-TABANCASI-1.png\",\"width\":1080,\"height\":1080},{\"@type\":\"BreadcrumbList\",\"@id\":\"https:\/\/cartechdiagnostic.com\/en\/urun\/hot-air-blowing-gun-wl-084-wellhise-8018led\/#breadcrumb\",\"itemListElement\":[{\"@type\":\"ListItem\",\"position\":1,\"name\":\"Anasayfa\",\"item\":\"https:\/\/www.cartechdiagnostic.com\/en\/\"},{\"@type\":\"ListItem\",\"position\":2,\"name\":\"Ma\u011faza\",\"item\":\"https:\/\/www.cartechdiagnostic.com\/magaza\/\"},{\"@type\":\"ListItem\",\"position\":3,\"name\":\"Hot Air Blowing Gun &#8211; WL-084 WELLHISE 8018LED\"}]},{\"@type\":\"WebSite\",\"@id\":\"https:\/\/www.cartechdiagnostic.com\/en\/#website\",\"url\":\"https:\/\/www.cartechdiagnostic.com\/en\/\",\"name\":\"Car-Tech Diagnostic\",\"description\":\"Ar\u0131za Tespit Cihazlar\u0131 - ECU Programlama Cihazlar\u0131\",\"publisher\":{\"@id\":\"https:\/\/www.cartechdiagnostic.com\/en\/#organization\"},\"alternateName\":\"Car-Tech Diag\",\"potentialAction\":[{\"@type\":\"SearchAction\",\"target\":{\"@type\":\"EntryPoint\",\"urlTemplate\":\"https:\/\/www.cartechdiagnostic.com\/en\/?s={search_term_string}\"},\"query-input\":\"required name=search_term_string\"}],\"inLanguage\":\"en-US\"},{\"@type\":\"Organization\",\"@id\":\"https:\/\/www.cartechdiagnostic.com\/en\/#organization\",\"name\":\"Car-Tech Diagnostic Yaz\u0131l\u0131m Ltd. \u015eti.\",\"url\":\"https:\/\/www.cartechdiagnostic.com\/en\/\",\"logo\":{\"@type\":\"ImageObject\",\"inLanguage\":\"en-US\",\"@id\":\"https:\/\/www.cartechdiagnostic.com\/en\/#\/schema\/logo\/image\/\",\"url\":\"https:\/\/cartechdiagnostic.com\/wp-content\/uploads\/2023\/08\/logocartech.png\",\"contentUrl\":\"https:\/\/cartechdiagnostic.com\/wp-content\/uploads\/2023\/08\/logocartech.png\",\"width\":714,\"height\":340,\"caption\":\"Car-Tech Diagnostic Yaz\u0131l\u0131m Ltd. \u015eti.\"},\"image\":{\"@id\":\"https:\/\/www.cartechdiagnostic.com\/en\/#\/schema\/logo\/image\/\"},\"sameAs\":[\"https:\/\/www.instagram.com\/cartechdiagnostic\"]}]}<\/script>\n<!-- \/ Yoast SEO plugin. -->","yoast_head_json":{"title":"Hot Air Blowing Gun - WL-084 WELLHISE 8018LED - Car-Tech Diagnostic","robots":{"index":"index","follow":"follow","max-snippet":"max-snippet:-1","max-image-preview":"max-image-preview:large","max-video-preview":"max-video-preview:-1"},"canonical":"https:\/\/cartechdiagnostic.com\/en\/urun\/hot-air-blowing-gun-wl-084-wellhise-8018led\/","og_locale":"en_US","og_type":"article","og_title":"Hot Air Blowing Gun - WL-084 WELLHISE 8018LED - Car-Tech Diagnostic","og_description":"WL-084 WELLHISE 8018LED is a hot air blow gun. This device is designed for use in a variety of applications and is commonly used in areas such as electronics, woodworking, plastics work, automotive and industrial maintenance. The 8018LED model is equipped with features for the convenience of users when performing operations with hot air. The LED light illuminates the work area and improves visibility. Features such as adjustable temperature and air speed provide flexibility for use on different materials. In addition, the ergonomic design and easy-to-use controls make long-term use more comfortable. This hot air blow gun is an ideal tool for shaping materials, soldering, soldering, painting, gluing and various other processes.","og_url":"https:\/\/cartechdiagnostic.com\/en\/urun\/hot-air-blowing-gun-wl-084-wellhise-8018led\/","og_site_name":"Car-Tech Diagnostic","og_image":[{"width":1080,"height":1080,"url":"https:\/\/cartechdiagnostic.com\/wp-content\/uploads\/2024\/02\/WL-084-WELLHISE-8018LED-SICAK-HAVA-UFLEME-TABANCASI-1.png","type":"image\/png"}],"twitter_card":"summary_large_image","schema":{"@context":"https:\/\/schema.org","@graph":[{"@type":"WebPage","@id":"https:\/\/cartechdiagnostic.com\/en\/urun\/hot-air-blowing-gun-wl-084-wellhise-8018led\/","url":"https:\/\/cartechdiagnostic.com\/en\/urun\/hot-air-blowing-gun-wl-084-wellhise-8018led\/","name":"Hot Air Blowing Gun - WL-084 WELLHISE 8018LED - Car-Tech Diagnostic","isPartOf":{"@id":"https:\/\/www.cartechdiagnostic.com\/en\/#website"},"primaryImageOfPage":{"@id":"https:\/\/cartechdiagnostic.com\/en\/urun\/hot-air-blowing-gun-wl-084-wellhise-8018led\/#primaryimage"},"image":{"@id":"https:\/\/cartechdiagnostic.com\/en\/urun\/hot-air-blowing-gun-wl-084-wellhise-8018led\/#primaryimage"},"thumbnailUrl":"https:\/\/cartechdiagnostic.com\/wp-content\/uploads\/2024\/02\/WL-084-WELLHISE-8018LED-SICAK-HAVA-UFLEME-TABANCASI-1.png","datePublished":"2024-05-12T19:12:57+00:00","dateModified":"2024-05-12T19:12:57+00:00","breadcrumb":{"@id":"https:\/\/cartechdiagnostic.com\/en\/urun\/hot-air-blowing-gun-wl-084-wellhise-8018led\/#breadcrumb"},"inLanguage":"en-US","potentialAction":[{"@type":"ReadAction","target":["https:\/\/cartechdiagnostic.com\/en\/urun\/hot-air-blowing-gun-wl-084-wellhise-8018led\/"]}]},{"@type":"ImageObject","inLanguage":"en-US","@id":"https:\/\/cartechdiagnostic.com\/en\/urun\/hot-air-blowing-gun-wl-084-wellhise-8018led\/#primaryimage","url":"https:\/\/cartechdiagnostic.com\/wp-content\/uploads\/2024\/02\/WL-084-WELLHISE-8018LED-SICAK-HAVA-UFLEME-TABANCASI-1.png","contentUrl":"https:\/\/cartechdiagnostic.com\/wp-content\/uploads\/2024\/02\/WL-084-WELLHISE-8018LED-SICAK-HAVA-UFLEME-TABANCASI-1.png","width":1080,"height":1080},{"@type":"BreadcrumbList","@id":"https:\/\/cartechdiagnostic.com\/en\/urun\/hot-air-blowing-gun-wl-084-wellhise-8018led\/#breadcrumb","itemListElement":[{"@type":"ListItem","position":1,"name":"Anasayfa","item":"https:\/\/www.cartechdiagnostic.com\/en\/"},{"@type":"ListItem","position":2,"name":"Ma\u011faza","item":"https:\/\/www.cartechdiagnostic.com\/magaza\/"},{"@type":"ListItem","position":3,"name":"Hot Air Blowing Gun &#8211; WL-084 WELLHISE 8018LED"}]},{"@type":"WebSite","@id":"https:\/\/www.cartechdiagnostic.com\/en\/#website","url":"https:\/\/www.cartechdiagnostic.com\/en\/","name":"Car-Tech Diagnostic","description":"Ar\u0131za Tespit Cihazlar\u0131 - ECU Programlama Cihazlar\u0131","publisher":{"@id":"https:\/\/www.cartechdiagnostic.com\/en\/#organization"},"alternateName":"Car-Tech Diag","potentialAction":[{"@type":"SearchAction","target":{"@type":"EntryPoint","urlTemplate":"https:\/\/www.cartechdiagnostic.com\/en\/?s={search_term_string}"},"query-input":"required name=search_term_string"}],"inLanguage":"en-US"},{"@type":"Organization","@id":"https:\/\/www.cartechdiagnostic.com\/en\/#organization","name":"Car-Tech Diagnostic Yaz\u0131l\u0131m Ltd. \u015eti.","url":"https:\/\/www.cartechdiagnostic.com\/en\/","logo":{"@type":"ImageObject","inLanguage":"en-US","@id":"https:\/\/www.cartechdiagnostic.com\/en\/#\/schema\/logo\/image\/","url":"https:\/\/cartechdiagnostic.com\/wp-content\/uploads\/2023\/08\/logocartech.png","contentUrl":"https:\/\/cartechdiagnostic.com\/wp-content\/uploads\/2023\/08\/logocartech.png","width":714,"height":340,"caption":"Car-Tech Diagnostic Yaz\u0131l\u0131m Ltd. \u015eti."},"image":{"@id":"https:\/\/www.cartechdiagnostic.com\/en\/#\/schema\/logo\/image\/"},"sameAs":["https:\/\/www.instagram.com\/cartechdiagnostic"]}]}},"_links":{"self":[{"href":"https:\/\/cartechdiagnostic.com\/en\/wp-json\/wp\/v2\/product\/17954","targetHints":{"allow":["GET"]}}],"collection":[{"href":"https:\/\/cartechdiagnostic.com\/en\/wp-json\/wp\/v2\/product"}],"about":[{"href":"https:\/\/cartechdiagnostic.com\/en\/wp-json\/wp\/v2\/types\/product"}],"replies":[{"embeddable":true,"href":"https:\/\/cartechdiagnostic.com\/en\/wp-json\/wp\/v2\/comments?post=17954"}],"version-history":[{"count":0,"href":"https:\/\/cartechdiagnostic.com\/en\/wp-json\/wp\/v2\/product\/17954\/revisions"}],"wp:featuredmedia":[{"embeddable":true,"href":"https:\/\/cartechdiagnostic.com\/en\/wp-json\/wp\/v2\/media\/17597"}],"wp:attachment":[{"href":"https:\/\/cartechdiagnostic.com\/en\/wp-json\/wp\/v2\/media?parent=17954"}],"wp:term":[{"taxonomy":"product_brand","embeddable":true,"href":"https:\/\/cartechdiagnostic.com\/en\/wp-json\/wp\/v2\/product_brand?post=17954"},{"taxonomy":"product_cat","embeddable":true,"href":"https:\/\/cartechdiagnostic.com\/en\/wp-json\/wp\/v2\/product_cat?post=17954"},{"taxonomy":"product_tag","embeddable":true,"href":"https:\/\/cartechdiagnostic.com\/en\/wp-json\/wp\/v2\/product_tag?post=17954"}],"curies":[{"name":"wp","href":"https:\/\/api.w.org\/{rel}","templated":true}]}}