{"id":17966,"date":"2024-05-12T22:11:28","date_gmt":"2024-05-12T19:11:28","guid":{"rendered":"https:\/urun\/transistor-meter-tester-wl-144-duoyi-dy294\/"},"modified":"2024-05-12T22:11:28","modified_gmt":"2024-05-12T19:11:28","slug":"transistor-meter-tester-wl-144-duoyi-dy294","status":"publish","type":"product","link":"https:\/\/cartechdiagnostic.com\/en\/urun\/transistor-meter-tester-wl-144-duoyi-dy294\/","title":{"rendered":"Transistor Meter Tester &#8211; WL-144 DUOYI DY294"},"content":{"rendered":"","protected":false},"excerpt":{"rendered":"<p>WL-144 DUOYI DY294 TRANSISTOR METER TESTER is an instrument for measuring and testing the characteristics of transistors. Transistors are essential components of electronic circuits and their correct operation is important. This instrument is designed to measure the characteristics, type, foot pattern, current gain (beta), threshold, conduction resistance and other parameters of transistors. The DY294 model usually has automatic measurement and calibration features, which provides convenience to the user. Besides, it can support different types of transistors and has a wide measurement range. This instrument is widely used in electronic repair and maintenance work, hobby electronics projects and industrial electronics manufacturing. The DY294 Transistor Gauge Tester provides accurate testing of transistors to improve the performance and reliability of electronic devices. This, in turn, allows electronic systems to operate more efficiently and helps prevent failures.<\/p>\n","protected":false},"featured_media":17589,"comment_status":"open","ping_status":"closed","template":"","meta":{"_joinchat":[]},"product_brand":[],"product_cat":[1342],"product_tag":[],"class_list":{"0":"post-17966","1":"product","2":"type-product","3":"status-publish","4":"has-post-thumbnail","6":"product_cat-uncategorized","8":"first","9":"instock","10":"sale","11":"shipping-taxable","12":"purchasable","13":"product-type-simple"},"yoast_head":"<!-- This site is optimized with the Yoast SEO plugin v22.8 - https:\/\/yoast.com\/wordpress\/plugins\/seo\/ -->\n<title>Transistor Meter Tester - WL-144 DUOYI DY294 - Car-Tech Diagnostic<\/title>\n<meta name=\"robots\" content=\"index, follow, max-snippet:-1, max-image-preview:large, max-video-preview:-1\" \/>\n<link rel=\"canonical\" href=\"https:\/\/cartechdiagnostic.com\/en\/urun\/transistor-meter-tester-wl-144-duoyi-dy294\/\" \/>\n<meta property=\"og:locale\" content=\"en_US\" \/>\n<meta property=\"og:type\" content=\"article\" \/>\n<meta property=\"og:title\" content=\"Transistor Meter Tester - WL-144 DUOYI DY294 - Car-Tech Diagnostic\" \/>\n<meta property=\"og:description\" content=\"WL-144 DUOYI DY294 TRANSISTOR METER TESTER is an instrument for measuring and testing the characteristics of transistors. Transistors are essential components of electronic circuits and their correct operation is important. This instrument is designed to measure the characteristics, type, foot pattern, current gain (beta), threshold, conduction resistance and other parameters of transistors. The DY294 model usually has automatic measurement and calibration features, which provides convenience to the user. Besides, it can support different types of transistors and has a wide measurement range. This instrument is widely used in electronic repair and maintenance work, hobby electronics projects and industrial electronics manufacturing. The DY294 Transistor Gauge Tester provides accurate testing of transistors to improve the performance and reliability of electronic devices. This, in turn, allows electronic systems to operate more efficiently and helps prevent failures.\" \/>\n<meta property=\"og:url\" content=\"https:\/\/cartechdiagnostic.com\/en\/urun\/transistor-meter-tester-wl-144-duoyi-dy294\/\" \/>\n<meta property=\"og:site_name\" content=\"Car-Tech Diagnostic\" \/>\n<meta property=\"og:image\" content=\"https:\/\/cartechdiagnostic.com\/wp-content\/uploads\/2024\/02\/WL-144-DUOYI-DY294-TRANSISTOR-OLCER-TEST-CIHAZI-1.png\" \/>\n\t<meta property=\"og:image:width\" content=\"1080\" \/>\n\t<meta property=\"og:image:height\" content=\"1080\" \/>\n\t<meta property=\"og:image:type\" content=\"image\/png\" \/>\n<meta name=\"twitter:card\" content=\"summary_large_image\" \/>\n<script type=\"application\/ld+json\" class=\"yoast-schema-graph\">{\"@context\":\"https:\/\/schema.org\",\"@graph\":[{\"@type\":\"WebPage\",\"@id\":\"https:\/\/cartechdiagnostic.com\/en\/urun\/transistor-meter-tester-wl-144-duoyi-dy294\/\",\"url\":\"https:\/\/cartechdiagnostic.com\/en\/urun\/transistor-meter-tester-wl-144-duoyi-dy294\/\",\"name\":\"Transistor Meter Tester - WL-144 DUOYI DY294 - Car-Tech Diagnostic\",\"isPartOf\":{\"@id\":\"https:\/\/www.cartechdiagnostic.com\/en\/#website\"},\"primaryImageOfPage\":{\"@id\":\"https:\/\/cartechdiagnostic.com\/en\/urun\/transistor-meter-tester-wl-144-duoyi-dy294\/#primaryimage\"},\"image\":{\"@id\":\"https:\/\/cartechdiagnostic.com\/en\/urun\/transistor-meter-tester-wl-144-duoyi-dy294\/#primaryimage\"},\"thumbnailUrl\":\"https:\/\/cartechdiagnostic.com\/wp-content\/uploads\/2024\/02\/WL-144-DUOYI-DY294-TRANSISTOR-OLCER-TEST-CIHAZI-1.png\",\"datePublished\":\"2024-05-12T19:11:28+00:00\",\"dateModified\":\"2024-05-12T19:11:28+00:00\",\"breadcrumb\":{\"@id\":\"https:\/\/cartechdiagnostic.com\/en\/urun\/transistor-meter-tester-wl-144-duoyi-dy294\/#breadcrumb\"},\"inLanguage\":\"en-US\",\"potentialAction\":[{\"@type\":\"ReadAction\",\"target\":[\"https:\/\/cartechdiagnostic.com\/en\/urun\/transistor-meter-tester-wl-144-duoyi-dy294\/\"]}]},{\"@type\":\"ImageObject\",\"inLanguage\":\"en-US\",\"@id\":\"https:\/\/cartechdiagnostic.com\/en\/urun\/transistor-meter-tester-wl-144-duoyi-dy294\/#primaryimage\",\"url\":\"https:\/\/cartechdiagnostic.com\/wp-content\/uploads\/2024\/02\/WL-144-DUOYI-DY294-TRANSISTOR-OLCER-TEST-CIHAZI-1.png\",\"contentUrl\":\"https:\/\/cartechdiagnostic.com\/wp-content\/uploads\/2024\/02\/WL-144-DUOYI-DY294-TRANSISTOR-OLCER-TEST-CIHAZI-1.png\",\"width\":1080,\"height\":1080},{\"@type\":\"BreadcrumbList\",\"@id\":\"https:\/\/cartechdiagnostic.com\/en\/urun\/transistor-meter-tester-wl-144-duoyi-dy294\/#breadcrumb\",\"itemListElement\":[{\"@type\":\"ListItem\",\"position\":1,\"name\":\"Anasayfa\",\"item\":\"https:\/\/www.cartechdiagnostic.com\/en\/\"},{\"@type\":\"ListItem\",\"position\":2,\"name\":\"Ma\u011faza\",\"item\":\"https:\/\/www.cartechdiagnostic.com\/magaza\/\"},{\"@type\":\"ListItem\",\"position\":3,\"name\":\"Transistor Meter Tester &#8211; WL-144 DUOYI DY294\"}]},{\"@type\":\"WebSite\",\"@id\":\"https:\/\/www.cartechdiagnostic.com\/en\/#website\",\"url\":\"https:\/\/www.cartechdiagnostic.com\/en\/\",\"name\":\"Car-Tech Diagnostic\",\"description\":\"Ar\u0131za Tespit Cihazlar\u0131 - ECU Programlama Cihazlar\u0131\",\"publisher\":{\"@id\":\"https:\/\/www.cartechdiagnostic.com\/en\/#organization\"},\"alternateName\":\"Car-Tech Diag\",\"potentialAction\":[{\"@type\":\"SearchAction\",\"target\":{\"@type\":\"EntryPoint\",\"urlTemplate\":\"https:\/\/www.cartechdiagnostic.com\/en\/?s={search_term_string}\"},\"query-input\":\"required name=search_term_string\"}],\"inLanguage\":\"en-US\"},{\"@type\":\"Organization\",\"@id\":\"https:\/\/www.cartechdiagnostic.com\/en\/#organization\",\"name\":\"Car-Tech Diagnostic Yaz\u0131l\u0131m Ltd. \u015eti.\",\"url\":\"https:\/\/www.cartechdiagnostic.com\/en\/\",\"logo\":{\"@type\":\"ImageObject\",\"inLanguage\":\"en-US\",\"@id\":\"https:\/\/www.cartechdiagnostic.com\/en\/#\/schema\/logo\/image\/\",\"url\":\"https:\/\/cartechdiagnostic.com\/wp-content\/uploads\/2023\/08\/logocartech.png\",\"contentUrl\":\"https:\/\/cartechdiagnostic.com\/wp-content\/uploads\/2023\/08\/logocartech.png\",\"width\":714,\"height\":340,\"caption\":\"Car-Tech Diagnostic Yaz\u0131l\u0131m Ltd. \u015eti.\"},\"image\":{\"@id\":\"https:\/\/www.cartechdiagnostic.com\/en\/#\/schema\/logo\/image\/\"},\"sameAs\":[\"https:\/\/www.instagram.com\/cartechdiagnostic\"]}]}<\/script>\n<!-- \/ Yoast SEO plugin. -->","yoast_head_json":{"title":"Transistor Meter Tester - WL-144 DUOYI DY294 - Car-Tech Diagnostic","robots":{"index":"index","follow":"follow","max-snippet":"max-snippet:-1","max-image-preview":"max-image-preview:large","max-video-preview":"max-video-preview:-1"},"canonical":"https:\/\/cartechdiagnostic.com\/en\/urun\/transistor-meter-tester-wl-144-duoyi-dy294\/","og_locale":"en_US","og_type":"article","og_title":"Transistor Meter Tester - WL-144 DUOYI DY294 - Car-Tech Diagnostic","og_description":"WL-144 DUOYI DY294 TRANSISTOR METER TESTER is an instrument for measuring and testing the characteristics of transistors. Transistors are essential components of electronic circuits and their correct operation is important. This instrument is designed to measure the characteristics, type, foot pattern, current gain (beta), threshold, conduction resistance and other parameters of transistors. The DY294 model usually has automatic measurement and calibration features, which provides convenience to the user. Besides, it can support different types of transistors and has a wide measurement range. This instrument is widely used in electronic repair and maintenance work, hobby electronics projects and industrial electronics manufacturing. The DY294 Transistor Gauge Tester provides accurate testing of transistors to improve the performance and reliability of electronic devices. This, in turn, allows electronic systems to operate more efficiently and helps prevent failures.","og_url":"https:\/\/cartechdiagnostic.com\/en\/urun\/transistor-meter-tester-wl-144-duoyi-dy294\/","og_site_name":"Car-Tech Diagnostic","og_image":[{"width":1080,"height":1080,"url":"https:\/\/cartechdiagnostic.com\/wp-content\/uploads\/2024\/02\/WL-144-DUOYI-DY294-TRANSISTOR-OLCER-TEST-CIHAZI-1.png","type":"image\/png"}],"twitter_card":"summary_large_image","schema":{"@context":"https:\/\/schema.org","@graph":[{"@type":"WebPage","@id":"https:\/\/cartechdiagnostic.com\/en\/urun\/transistor-meter-tester-wl-144-duoyi-dy294\/","url":"https:\/\/cartechdiagnostic.com\/en\/urun\/transistor-meter-tester-wl-144-duoyi-dy294\/","name":"Transistor Meter Tester - WL-144 DUOYI DY294 - Car-Tech Diagnostic","isPartOf":{"@id":"https:\/\/www.cartechdiagnostic.com\/en\/#website"},"primaryImageOfPage":{"@id":"https:\/\/cartechdiagnostic.com\/en\/urun\/transistor-meter-tester-wl-144-duoyi-dy294\/#primaryimage"},"image":{"@id":"https:\/\/cartechdiagnostic.com\/en\/urun\/transistor-meter-tester-wl-144-duoyi-dy294\/#primaryimage"},"thumbnailUrl":"https:\/\/cartechdiagnostic.com\/wp-content\/uploads\/2024\/02\/WL-144-DUOYI-DY294-TRANSISTOR-OLCER-TEST-CIHAZI-1.png","datePublished":"2024-05-12T19:11:28+00:00","dateModified":"2024-05-12T19:11:28+00:00","breadcrumb":{"@id":"https:\/\/cartechdiagnostic.com\/en\/urun\/transistor-meter-tester-wl-144-duoyi-dy294\/#breadcrumb"},"inLanguage":"en-US","potentialAction":[{"@type":"ReadAction","target":["https:\/\/cartechdiagnostic.com\/en\/urun\/transistor-meter-tester-wl-144-duoyi-dy294\/"]}]},{"@type":"ImageObject","inLanguage":"en-US","@id":"https:\/\/cartechdiagnostic.com\/en\/urun\/transistor-meter-tester-wl-144-duoyi-dy294\/#primaryimage","url":"https:\/\/cartechdiagnostic.com\/wp-content\/uploads\/2024\/02\/WL-144-DUOYI-DY294-TRANSISTOR-OLCER-TEST-CIHAZI-1.png","contentUrl":"https:\/\/cartechdiagnostic.com\/wp-content\/uploads\/2024\/02\/WL-144-DUOYI-DY294-TRANSISTOR-OLCER-TEST-CIHAZI-1.png","width":1080,"height":1080},{"@type":"BreadcrumbList","@id":"https:\/\/cartechdiagnostic.com\/en\/urun\/transistor-meter-tester-wl-144-duoyi-dy294\/#breadcrumb","itemListElement":[{"@type":"ListItem","position":1,"name":"Anasayfa","item":"https:\/\/www.cartechdiagnostic.com\/en\/"},{"@type":"ListItem","position":2,"name":"Ma\u011faza","item":"https:\/\/www.cartechdiagnostic.com\/magaza\/"},{"@type":"ListItem","position":3,"name":"Transistor Meter Tester &#8211; WL-144 DUOYI DY294"}]},{"@type":"WebSite","@id":"https:\/\/www.cartechdiagnostic.com\/en\/#website","url":"https:\/\/www.cartechdiagnostic.com\/en\/","name":"Car-Tech Diagnostic","description":"Ar\u0131za Tespit Cihazlar\u0131 - ECU Programlama Cihazlar\u0131","publisher":{"@id":"https:\/\/www.cartechdiagnostic.com\/en\/#organization"},"alternateName":"Car-Tech Diag","potentialAction":[{"@type":"SearchAction","target":{"@type":"EntryPoint","urlTemplate":"https:\/\/www.cartechdiagnostic.com\/en\/?s={search_term_string}"},"query-input":"required name=search_term_string"}],"inLanguage":"en-US"},{"@type":"Organization","@id":"https:\/\/www.cartechdiagnostic.com\/en\/#organization","name":"Car-Tech Diagnostic Yaz\u0131l\u0131m Ltd. \u015eti.","url":"https:\/\/www.cartechdiagnostic.com\/en\/","logo":{"@type":"ImageObject","inLanguage":"en-US","@id":"https:\/\/www.cartechdiagnostic.com\/en\/#\/schema\/logo\/image\/","url":"https:\/\/cartechdiagnostic.com\/wp-content\/uploads\/2023\/08\/logocartech.png","contentUrl":"https:\/\/cartechdiagnostic.com\/wp-content\/uploads\/2023\/08\/logocartech.png","width":714,"height":340,"caption":"Car-Tech Diagnostic Yaz\u0131l\u0131m Ltd. \u015eti."},"image":{"@id":"https:\/\/www.cartechdiagnostic.com\/en\/#\/schema\/logo\/image\/"},"sameAs":["https:\/\/www.instagram.com\/cartechdiagnostic"]}]}},"_links":{"self":[{"href":"https:\/\/cartechdiagnostic.com\/en\/wp-json\/wp\/v2\/product\/17966","targetHints":{"allow":["GET"]}}],"collection":[{"href":"https:\/\/cartechdiagnostic.com\/en\/wp-json\/wp\/v2\/product"}],"about":[{"href":"https:\/\/cartechdiagnostic.com\/en\/wp-json\/wp\/v2\/types\/product"}],"replies":[{"embeddable":true,"href":"https:\/\/cartechdiagnostic.com\/en\/wp-json\/wp\/v2\/comments?post=17966"}],"version-history":[{"count":0,"href":"https:\/\/cartechdiagnostic.com\/en\/wp-json\/wp\/v2\/product\/17966\/revisions"}],"wp:featuredmedia":[{"embeddable":true,"href":"https:\/\/cartechdiagnostic.com\/en\/wp-json\/wp\/v2\/media\/17589"}],"wp:attachment":[{"href":"https:\/\/cartechdiagnostic.com\/en\/wp-json\/wp\/v2\/media?parent=17966"}],"wp:term":[{"taxonomy":"product_brand","embeddable":true,"href":"https:\/\/cartechdiagnostic.com\/en\/wp-json\/wp\/v2\/product_brand?post=17966"},{"taxonomy":"product_cat","embeddable":true,"href":"https:\/\/cartechdiagnostic.com\/en\/wp-json\/wp\/v2\/product_cat?post=17966"},{"taxonomy":"product_tag","embeddable":true,"href":"https:\/\/cartechdiagnostic.com\/en\/wp-json\/wp\/v2\/product_tag?post=17966"}],"curies":[{"name":"wp","href":"https:\/\/api.w.org\/{rel}","templated":true}]}}