{"id":17973,"date":"2024-05-12T22:11:23","date_gmt":"2024-05-12T19:11:23","guid":{"rendered":"https:\/urun\/split-type-vibration-vibration-meter-wl-146-wellhise-ht1201\/"},"modified":"2024-05-12T22:11:23","modified_gmt":"2024-05-12T19:11:23","slug":"split-type-vibration-vibration-meter-wl-146-wellhise-ht1201","status":"publish","type":"product","link":"https:\/\/cartechdiagnostic.com\/en\/urun\/split-type-vibration-vibration-meter-wl-146-wellhise-ht1201\/","title":{"rendered":"Split Type Vibration Vibration Meter &#8211; WL-146 WELLHISE HT1201"},"content":{"rendered":"","protected":false},"excerpt":{"rendered":"<p>WL-146 WELLHISE HT1201 SPLIT TYPE VIBRATION VIBRATION METER is an instrument used to measure and analyse vibration levels in industrial environments. This type of vibration meters are used to monitor, maintain and ensure the safety of machines and equipment. The HT1201 model has a split type vibration sensor that can be used in most mechanical systems. This sensor precisely measures vibrations and presents this data to the user through the user-friendly interface of the device.<\/p>\n","protected":false},"featured_media":17587,"comment_status":"open","ping_status":"closed","template":"","meta":{"_joinchat":[]},"product_brand":[],"product_cat":[1342],"product_tag":[],"class_list":{"0":"post-17973","1":"product","2":"type-product","3":"status-publish","4":"has-post-thumbnail","6":"product_cat-uncategorized","8":"first","9":"instock","10":"sale","11":"shipping-taxable","12":"purchasable","13":"product-type-simple"},"yoast_head":"<!-- This site is optimized with the Yoast SEO plugin v22.8 - https:\/\/yoast.com\/wordpress\/plugins\/seo\/ -->\n<title>Split Type Vibration Vibration Meter - WL-146 WELLHISE HT1201 - Car-Tech Diagnostic<\/title>\n<meta name=\"robots\" content=\"index, follow, max-snippet:-1, max-image-preview:large, max-video-preview:-1\" \/>\n<link rel=\"canonical\" href=\"https:\/\/cartechdiagnostic.com\/en\/urun\/split-type-vibration-vibration-meter-wl-146-wellhise-ht1201\/\" \/>\n<meta property=\"og:locale\" content=\"en_US\" \/>\n<meta property=\"og:type\" content=\"article\" \/>\n<meta property=\"og:title\" content=\"Split Type Vibration Vibration Meter - WL-146 WELLHISE HT1201 - Car-Tech Diagnostic\" \/>\n<meta property=\"og:description\" content=\"WL-146 WELLHISE HT1201 SPLIT TYPE VIBRATION VIBRATION METER is an instrument used to measure and analyse vibration levels in industrial environments. This type of vibration meters are used to monitor, maintain and ensure the safety of machines and equipment. The HT1201 model has a split type vibration sensor that can be used in most mechanical systems. This sensor precisely measures vibrations and presents this data to the user through the user-friendly interface of the device.\" \/>\n<meta property=\"og:url\" content=\"https:\/\/cartechdiagnostic.com\/en\/urun\/split-type-vibration-vibration-meter-wl-146-wellhise-ht1201\/\" \/>\n<meta property=\"og:site_name\" content=\"Car-Tech Diagnostic\" \/>\n<meta property=\"og:image\" content=\"https:\/\/cartechdiagnostic.com\/wp-content\/uploads\/2024\/02\/WL-146-WELLHISE-HT1201-SPLIT-TIP-TITRESIM-VIBRASYON-OLCER-1.png\" \/>\n\t<meta property=\"og:image:width\" content=\"1080\" \/>\n\t<meta property=\"og:image:height\" content=\"1080\" \/>\n\t<meta property=\"og:image:type\" content=\"image\/png\" \/>\n<meta name=\"twitter:card\" content=\"summary_large_image\" \/>\n<script type=\"application\/ld+json\" class=\"yoast-schema-graph\">{\"@context\":\"https:\/\/schema.org\",\"@graph\":[{\"@type\":\"WebPage\",\"@id\":\"https:\/\/cartechdiagnostic.com\/en\/urun\/split-type-vibration-vibration-meter-wl-146-wellhise-ht1201\/\",\"url\":\"https:\/\/cartechdiagnostic.com\/en\/urun\/split-type-vibration-vibration-meter-wl-146-wellhise-ht1201\/\",\"name\":\"Split Type Vibration Vibration Meter - WL-146 WELLHISE HT1201 - Car-Tech Diagnostic\",\"isPartOf\":{\"@id\":\"https:\/\/www.cartechdiagnostic.com\/en\/#website\"},\"primaryImageOfPage\":{\"@id\":\"https:\/\/cartechdiagnostic.com\/en\/urun\/split-type-vibration-vibration-meter-wl-146-wellhise-ht1201\/#primaryimage\"},\"image\":{\"@id\":\"https:\/\/cartechdiagnostic.com\/en\/urun\/split-type-vibration-vibration-meter-wl-146-wellhise-ht1201\/#primaryimage\"},\"thumbnailUrl\":\"https:\/\/cartechdiagnostic.com\/wp-content\/uploads\/2024\/02\/WL-146-WELLHISE-HT1201-SPLIT-TIP-TITRESIM-VIBRASYON-OLCER-1.png\",\"datePublished\":\"2024-05-12T19:11:23+00:00\",\"dateModified\":\"2024-05-12T19:11:23+00:00\",\"breadcrumb\":{\"@id\":\"https:\/\/cartechdiagnostic.com\/en\/urun\/split-type-vibration-vibration-meter-wl-146-wellhise-ht1201\/#breadcrumb\"},\"inLanguage\":\"en-US\",\"potentialAction\":[{\"@type\":\"ReadAction\",\"target\":[\"https:\/\/cartechdiagnostic.com\/en\/urun\/split-type-vibration-vibration-meter-wl-146-wellhise-ht1201\/\"]}]},{\"@type\":\"ImageObject\",\"inLanguage\":\"en-US\",\"@id\":\"https:\/\/cartechdiagnostic.com\/en\/urun\/split-type-vibration-vibration-meter-wl-146-wellhise-ht1201\/#primaryimage\",\"url\":\"https:\/\/cartechdiagnostic.com\/wp-content\/uploads\/2024\/02\/WL-146-WELLHISE-HT1201-SPLIT-TIP-TITRESIM-VIBRASYON-OLCER-1.png\",\"contentUrl\":\"https:\/\/cartechdiagnostic.com\/wp-content\/uploads\/2024\/02\/WL-146-WELLHISE-HT1201-SPLIT-TIP-TITRESIM-VIBRASYON-OLCER-1.png\",\"width\":1080,\"height\":1080},{\"@type\":\"BreadcrumbList\",\"@id\":\"https:\/\/cartechdiagnostic.com\/en\/urun\/split-type-vibration-vibration-meter-wl-146-wellhise-ht1201\/#breadcrumb\",\"itemListElement\":[{\"@type\":\"ListItem\",\"position\":1,\"name\":\"Anasayfa\",\"item\":\"https:\/\/www.cartechdiagnostic.com\/en\/\"},{\"@type\":\"ListItem\",\"position\":2,\"name\":\"Ma\u011faza\",\"item\":\"https:\/\/www.cartechdiagnostic.com\/magaza\/\"},{\"@type\":\"ListItem\",\"position\":3,\"name\":\"Split Type Vibration Vibration Meter &#8211; WL-146 WELLHISE HT1201\"}]},{\"@type\":\"WebSite\",\"@id\":\"https:\/\/www.cartechdiagnostic.com\/en\/#website\",\"url\":\"https:\/\/www.cartechdiagnostic.com\/en\/\",\"name\":\"Car-Tech Diagnostic\",\"description\":\"Ar\u0131za Tespit Cihazlar\u0131 - ECU Programlama Cihazlar\u0131\",\"publisher\":{\"@id\":\"https:\/\/www.cartechdiagnostic.com\/en\/#organization\"},\"alternateName\":\"Car-Tech Diag\",\"potentialAction\":[{\"@type\":\"SearchAction\",\"target\":{\"@type\":\"EntryPoint\",\"urlTemplate\":\"https:\/\/www.cartechdiagnostic.com\/en\/?s={search_term_string}\"},\"query-input\":\"required name=search_term_string\"}],\"inLanguage\":\"en-US\"},{\"@type\":\"Organization\",\"@id\":\"https:\/\/www.cartechdiagnostic.com\/en\/#organization\",\"name\":\"Car-Tech Diagnostic Yaz\u0131l\u0131m Ltd. \u015eti.\",\"url\":\"https:\/\/www.cartechdiagnostic.com\/en\/\",\"logo\":{\"@type\":\"ImageObject\",\"inLanguage\":\"en-US\",\"@id\":\"https:\/\/www.cartechdiagnostic.com\/en\/#\/schema\/logo\/image\/\",\"url\":\"https:\/\/cartechdiagnostic.com\/wp-content\/uploads\/2023\/08\/logocartech.png\",\"contentUrl\":\"https:\/\/cartechdiagnostic.com\/wp-content\/uploads\/2023\/08\/logocartech.png\",\"width\":714,\"height\":340,\"caption\":\"Car-Tech Diagnostic Yaz\u0131l\u0131m Ltd. \u015eti.\"},\"image\":{\"@id\":\"https:\/\/www.cartechdiagnostic.com\/en\/#\/schema\/logo\/image\/\"},\"sameAs\":[\"https:\/\/www.instagram.com\/cartechdiagnostic\"]}]}<\/script>\n<!-- \/ Yoast SEO plugin. -->","yoast_head_json":{"title":"Split Type Vibration Vibration Meter - WL-146 WELLHISE HT1201 - Car-Tech Diagnostic","robots":{"index":"index","follow":"follow","max-snippet":"max-snippet:-1","max-image-preview":"max-image-preview:large","max-video-preview":"max-video-preview:-1"},"canonical":"https:\/\/cartechdiagnostic.com\/en\/urun\/split-type-vibration-vibration-meter-wl-146-wellhise-ht1201\/","og_locale":"en_US","og_type":"article","og_title":"Split Type Vibration Vibration Meter - WL-146 WELLHISE HT1201 - Car-Tech Diagnostic","og_description":"WL-146 WELLHISE HT1201 SPLIT TYPE VIBRATION VIBRATION METER is an instrument used to measure and analyse vibration levels in industrial environments. This type of vibration meters are used to monitor, maintain and ensure the safety of machines and equipment. The HT1201 model has a split type vibration sensor that can be used in most mechanical systems. This sensor precisely measures vibrations and presents this data to the user through the user-friendly interface of the device.","og_url":"https:\/\/cartechdiagnostic.com\/en\/urun\/split-type-vibration-vibration-meter-wl-146-wellhise-ht1201\/","og_site_name":"Car-Tech Diagnostic","og_image":[{"width":1080,"height":1080,"url":"https:\/\/cartechdiagnostic.com\/wp-content\/uploads\/2024\/02\/WL-146-WELLHISE-HT1201-SPLIT-TIP-TITRESIM-VIBRASYON-OLCER-1.png","type":"image\/png"}],"twitter_card":"summary_large_image","schema":{"@context":"https:\/\/schema.org","@graph":[{"@type":"WebPage","@id":"https:\/\/cartechdiagnostic.com\/en\/urun\/split-type-vibration-vibration-meter-wl-146-wellhise-ht1201\/","url":"https:\/\/cartechdiagnostic.com\/en\/urun\/split-type-vibration-vibration-meter-wl-146-wellhise-ht1201\/","name":"Split Type Vibration Vibration Meter - WL-146 WELLHISE HT1201 - Car-Tech Diagnostic","isPartOf":{"@id":"https:\/\/www.cartechdiagnostic.com\/en\/#website"},"primaryImageOfPage":{"@id":"https:\/\/cartechdiagnostic.com\/en\/urun\/split-type-vibration-vibration-meter-wl-146-wellhise-ht1201\/#primaryimage"},"image":{"@id":"https:\/\/cartechdiagnostic.com\/en\/urun\/split-type-vibration-vibration-meter-wl-146-wellhise-ht1201\/#primaryimage"},"thumbnailUrl":"https:\/\/cartechdiagnostic.com\/wp-content\/uploads\/2024\/02\/WL-146-WELLHISE-HT1201-SPLIT-TIP-TITRESIM-VIBRASYON-OLCER-1.png","datePublished":"2024-05-12T19:11:23+00:00","dateModified":"2024-05-12T19:11:23+00:00","breadcrumb":{"@id":"https:\/\/cartechdiagnostic.com\/en\/urun\/split-type-vibration-vibration-meter-wl-146-wellhise-ht1201\/#breadcrumb"},"inLanguage":"en-US","potentialAction":[{"@type":"ReadAction","target":["https:\/\/cartechdiagnostic.com\/en\/urun\/split-type-vibration-vibration-meter-wl-146-wellhise-ht1201\/"]}]},{"@type":"ImageObject","inLanguage":"en-US","@id":"https:\/\/cartechdiagnostic.com\/en\/urun\/split-type-vibration-vibration-meter-wl-146-wellhise-ht1201\/#primaryimage","url":"https:\/\/cartechdiagnostic.com\/wp-content\/uploads\/2024\/02\/WL-146-WELLHISE-HT1201-SPLIT-TIP-TITRESIM-VIBRASYON-OLCER-1.png","contentUrl":"https:\/\/cartechdiagnostic.com\/wp-content\/uploads\/2024\/02\/WL-146-WELLHISE-HT1201-SPLIT-TIP-TITRESIM-VIBRASYON-OLCER-1.png","width":1080,"height":1080},{"@type":"BreadcrumbList","@id":"https:\/\/cartechdiagnostic.com\/en\/urun\/split-type-vibration-vibration-meter-wl-146-wellhise-ht1201\/#breadcrumb","itemListElement":[{"@type":"ListItem","position":1,"name":"Anasayfa","item":"https:\/\/www.cartechdiagnostic.com\/en\/"},{"@type":"ListItem","position":2,"name":"Ma\u011faza","item":"https:\/\/www.cartechdiagnostic.com\/magaza\/"},{"@type":"ListItem","position":3,"name":"Split Type Vibration Vibration Meter &#8211; WL-146 WELLHISE HT1201"}]},{"@type":"WebSite","@id":"https:\/\/www.cartechdiagnostic.com\/en\/#website","url":"https:\/\/www.cartechdiagnostic.com\/en\/","name":"Car-Tech Diagnostic","description":"Ar\u0131za Tespit Cihazlar\u0131 - ECU Programlama Cihazlar\u0131","publisher":{"@id":"https:\/\/www.cartechdiagnostic.com\/en\/#organization"},"alternateName":"Car-Tech Diag","potentialAction":[{"@type":"SearchAction","target":{"@type":"EntryPoint","urlTemplate":"https:\/\/www.cartechdiagnostic.com\/en\/?s={search_term_string}"},"query-input":"required name=search_term_string"}],"inLanguage":"en-US"},{"@type":"Organization","@id":"https:\/\/www.cartechdiagnostic.com\/en\/#organization","name":"Car-Tech Diagnostic Yaz\u0131l\u0131m Ltd. \u015eti.","url":"https:\/\/www.cartechdiagnostic.com\/en\/","logo":{"@type":"ImageObject","inLanguage":"en-US","@id":"https:\/\/www.cartechdiagnostic.com\/en\/#\/schema\/logo\/image\/","url":"https:\/\/cartechdiagnostic.com\/wp-content\/uploads\/2023\/08\/logocartech.png","contentUrl":"https:\/\/cartechdiagnostic.com\/wp-content\/uploads\/2023\/08\/logocartech.png","width":714,"height":340,"caption":"Car-Tech Diagnostic Yaz\u0131l\u0131m Ltd. \u015eti."},"image":{"@id":"https:\/\/www.cartechdiagnostic.com\/en\/#\/schema\/logo\/image\/"},"sameAs":["https:\/\/www.instagram.com\/cartechdiagnostic"]}]}},"_links":{"self":[{"href":"https:\/\/cartechdiagnostic.com\/en\/wp-json\/wp\/v2\/product\/17973","targetHints":{"allow":["GET"]}}],"collection":[{"href":"https:\/\/cartechdiagnostic.com\/en\/wp-json\/wp\/v2\/product"}],"about":[{"href":"https:\/\/cartechdiagnostic.com\/en\/wp-json\/wp\/v2\/types\/product"}],"replies":[{"embeddable":true,"href":"https:\/\/cartechdiagnostic.com\/en\/wp-json\/wp\/v2\/comments?post=17973"}],"version-history":[{"count":0,"href":"https:\/\/cartechdiagnostic.com\/en\/wp-json\/wp\/v2\/product\/17973\/revisions"}],"wp:featuredmedia":[{"embeddable":true,"href":"https:\/\/cartechdiagnostic.com\/en\/wp-json\/wp\/v2\/media\/17587"}],"wp:attachment":[{"href":"https:\/\/cartechdiagnostic.com\/en\/wp-json\/wp\/v2\/media?parent=17973"}],"wp:term":[{"taxonomy":"product_brand","embeddable":true,"href":"https:\/\/cartechdiagnostic.com\/en\/wp-json\/wp\/v2\/product_brand?post=17973"},{"taxonomy":"product_cat","embeddable":true,"href":"https:\/\/cartechdiagnostic.com\/en\/wp-json\/wp\/v2\/product_cat?post=17973"},{"taxonomy":"product_tag","embeddable":true,"href":"https:\/\/cartechdiagnostic.com\/en\/wp-json\/wp\/v2\/product_tag?post=17973"}],"curies":[{"name":"wp","href":"https:\/\/api.w.org\/{rel}","templated":true}]}}