{"id":17988,"date":"2024-05-12T22:09:56","date_gmt":"2024-05-12T19:09:56","guid":{"rendered":"https:\/urun\/socket-earth-tester-wl-216-duoyi-dy207\/"},"modified":"2024-05-12T22:09:56","modified_gmt":"2024-05-12T19:09:56","slug":"socket-earth-tester-wl-216-duoyi-dy207","status":"publish","type":"product","link":"https:\/\/cartechdiagnostic.com\/en\/urun\/socket-earth-tester-wl-216-duoyi-dy207\/","title":{"rendered":"Socket Earth Tester &#8211; WL-216 DUOYI DY207"},"content":{"rendered":"","protected":false},"excerpt":{"rendered":"<p>The WL-216 DUOYI DY207 SOCKET EARTH TESTER is an instrument used to test the earth connection of electrical outlets. Such devices are often used by electrical installers, maintenance personnel and safety specialists. The model DY207 offers the user a simple interface to verify the earth connection of sockets. The function of the device is to ensure that the earth connection of the socket outlet is correctly made and to ensure electrical safety. Incorrect or poor earth connection can result in electric shocks or other dangerous situations, so it is important to make sure that the earth connection is proper.<\/p>\n","protected":false},"featured_media":17571,"comment_status":"open","ping_status":"closed","template":"","meta":{"_joinchat":[]},"product_brand":[],"product_cat":[1342],"product_tag":[],"class_list":{"0":"post-17988","1":"product","2":"type-product","3":"status-publish","4":"has-post-thumbnail","6":"product_cat-uncategorized","8":"first","9":"instock","10":"sale","11":"shipping-taxable","12":"purchasable","13":"product-type-simple"},"yoast_head":"<!-- This site is optimized with the Yoast SEO plugin v22.8 - https:\/\/yoast.com\/wordpress\/plugins\/seo\/ -->\n<title>Socket Earth Tester - WL-216 DUOYI DY207 - Car-Tech Diagnostic<\/title>\n<meta name=\"robots\" content=\"index, follow, max-snippet:-1, max-image-preview:large, max-video-preview:-1\" \/>\n<link rel=\"canonical\" href=\"https:\/\/cartechdiagnostic.com\/en\/urun\/socket-earth-tester-wl-216-duoyi-dy207\/\" \/>\n<meta property=\"og:locale\" content=\"en_US\" \/>\n<meta property=\"og:type\" content=\"article\" \/>\n<meta property=\"og:title\" content=\"Socket Earth Tester - WL-216 DUOYI DY207 - Car-Tech Diagnostic\" \/>\n<meta property=\"og:description\" content=\"The WL-216 DUOYI DY207 SOCKET EARTH TESTER is an instrument used to test the earth connection of electrical outlets. Such devices are often used by electrical installers, maintenance personnel and safety specialists. The model DY207 offers the user a simple interface to verify the earth connection of sockets. The function of the device is to ensure that the earth connection of the socket outlet is correctly made and to ensure electrical safety. Incorrect or poor earth connection can result in electric shocks or other dangerous situations, so it is important to make sure that the earth connection is proper.\" \/>\n<meta property=\"og:url\" content=\"https:\/\/cartechdiagnostic.com\/en\/urun\/socket-earth-tester-wl-216-duoyi-dy207\/\" \/>\n<meta property=\"og:site_name\" content=\"Car-Tech Diagnostic\" \/>\n<meta property=\"og:image\" content=\"https:\/\/cartechdiagnostic.com\/wp-content\/uploads\/2024\/02\/WL-216-DUOYI-DY207-PRIZ-TOPRAK-TEST-CIHAZI-1.png\" \/>\n\t<meta property=\"og:image:width\" content=\"1080\" \/>\n\t<meta property=\"og:image:height\" content=\"1080\" \/>\n\t<meta property=\"og:image:type\" content=\"image\/png\" \/>\n<meta name=\"twitter:card\" content=\"summary_large_image\" \/>\n<script type=\"application\/ld+json\" class=\"yoast-schema-graph\">{\"@context\":\"https:\/\/schema.org\",\"@graph\":[{\"@type\":\"WebPage\",\"@id\":\"https:\/\/cartechdiagnostic.com\/en\/urun\/socket-earth-tester-wl-216-duoyi-dy207\/\",\"url\":\"https:\/\/cartechdiagnostic.com\/en\/urun\/socket-earth-tester-wl-216-duoyi-dy207\/\",\"name\":\"Socket Earth Tester - WL-216 DUOYI DY207 - Car-Tech Diagnostic\",\"isPartOf\":{\"@id\":\"https:\/\/www.cartechdiagnostic.com\/en\/#website\"},\"primaryImageOfPage\":{\"@id\":\"https:\/\/cartechdiagnostic.com\/en\/urun\/socket-earth-tester-wl-216-duoyi-dy207\/#primaryimage\"},\"image\":{\"@id\":\"https:\/\/cartechdiagnostic.com\/en\/urun\/socket-earth-tester-wl-216-duoyi-dy207\/#primaryimage\"},\"thumbnailUrl\":\"https:\/\/cartechdiagnostic.com\/wp-content\/uploads\/2024\/02\/WL-216-DUOYI-DY207-PRIZ-TOPRAK-TEST-CIHAZI-1.png\",\"datePublished\":\"2024-05-12T19:09:56+00:00\",\"dateModified\":\"2024-05-12T19:09:56+00:00\",\"breadcrumb\":{\"@id\":\"https:\/\/cartechdiagnostic.com\/en\/urun\/socket-earth-tester-wl-216-duoyi-dy207\/#breadcrumb\"},\"inLanguage\":\"en-US\",\"potentialAction\":[{\"@type\":\"ReadAction\",\"target\":[\"https:\/\/cartechdiagnostic.com\/en\/urun\/socket-earth-tester-wl-216-duoyi-dy207\/\"]}]},{\"@type\":\"ImageObject\",\"inLanguage\":\"en-US\",\"@id\":\"https:\/\/cartechdiagnostic.com\/en\/urun\/socket-earth-tester-wl-216-duoyi-dy207\/#primaryimage\",\"url\":\"https:\/\/cartechdiagnostic.com\/wp-content\/uploads\/2024\/02\/WL-216-DUOYI-DY207-PRIZ-TOPRAK-TEST-CIHAZI-1.png\",\"contentUrl\":\"https:\/\/cartechdiagnostic.com\/wp-content\/uploads\/2024\/02\/WL-216-DUOYI-DY207-PRIZ-TOPRAK-TEST-CIHAZI-1.png\",\"width\":1080,\"height\":1080},{\"@type\":\"BreadcrumbList\",\"@id\":\"https:\/\/cartechdiagnostic.com\/en\/urun\/socket-earth-tester-wl-216-duoyi-dy207\/#breadcrumb\",\"itemListElement\":[{\"@type\":\"ListItem\",\"position\":1,\"name\":\"Anasayfa\",\"item\":\"https:\/\/www.cartechdiagnostic.com\/en\/\"},{\"@type\":\"ListItem\",\"position\":2,\"name\":\"Ma\u011faza\",\"item\":\"https:\/\/www.cartechdiagnostic.com\/magaza\/\"},{\"@type\":\"ListItem\",\"position\":3,\"name\":\"Socket Earth Tester &#8211; WL-216 DUOYI DY207\"}]},{\"@type\":\"WebSite\",\"@id\":\"https:\/\/www.cartechdiagnostic.com\/en\/#website\",\"url\":\"https:\/\/www.cartechdiagnostic.com\/en\/\",\"name\":\"Car-Tech Diagnostic\",\"description\":\"Ar\u0131za Tespit Cihazlar\u0131 - ECU Programlama Cihazlar\u0131\",\"publisher\":{\"@id\":\"https:\/\/www.cartechdiagnostic.com\/en\/#organization\"},\"alternateName\":\"Car-Tech Diag\",\"potentialAction\":[{\"@type\":\"SearchAction\",\"target\":{\"@type\":\"EntryPoint\",\"urlTemplate\":\"https:\/\/www.cartechdiagnostic.com\/en\/?s={search_term_string}\"},\"query-input\":\"required name=search_term_string\"}],\"inLanguage\":\"en-US\"},{\"@type\":\"Organization\",\"@id\":\"https:\/\/www.cartechdiagnostic.com\/en\/#organization\",\"name\":\"Car-Tech Diagnostic Yaz\u0131l\u0131m Ltd. \u015eti.\",\"url\":\"https:\/\/www.cartechdiagnostic.com\/en\/\",\"logo\":{\"@type\":\"ImageObject\",\"inLanguage\":\"en-US\",\"@id\":\"https:\/\/www.cartechdiagnostic.com\/en\/#\/schema\/logo\/image\/\",\"url\":\"https:\/\/cartechdiagnostic.com\/wp-content\/uploads\/2023\/08\/logocartech.png\",\"contentUrl\":\"https:\/\/cartechdiagnostic.com\/wp-content\/uploads\/2023\/08\/logocartech.png\",\"width\":714,\"height\":340,\"caption\":\"Car-Tech Diagnostic Yaz\u0131l\u0131m Ltd. \u015eti.\"},\"image\":{\"@id\":\"https:\/\/www.cartechdiagnostic.com\/en\/#\/schema\/logo\/image\/\"},\"sameAs\":[\"https:\/\/www.instagram.com\/cartechdiagnostic\"]}]}<\/script>\n<!-- \/ Yoast SEO plugin. -->","yoast_head_json":{"title":"Socket Earth Tester - WL-216 DUOYI DY207 - Car-Tech Diagnostic","robots":{"index":"index","follow":"follow","max-snippet":"max-snippet:-1","max-image-preview":"max-image-preview:large","max-video-preview":"max-video-preview:-1"},"canonical":"https:\/\/cartechdiagnostic.com\/en\/urun\/socket-earth-tester-wl-216-duoyi-dy207\/","og_locale":"en_US","og_type":"article","og_title":"Socket Earth Tester - WL-216 DUOYI DY207 - Car-Tech Diagnostic","og_description":"The WL-216 DUOYI DY207 SOCKET EARTH TESTER is an instrument used to test the earth connection of electrical outlets. Such devices are often used by electrical installers, maintenance personnel and safety specialists. The model DY207 offers the user a simple interface to verify the earth connection of sockets. The function of the device is to ensure that the earth connection of the socket outlet is correctly made and to ensure electrical safety. Incorrect or poor earth connection can result in electric shocks or other dangerous situations, so it is important to make sure that the earth connection is proper.","og_url":"https:\/\/cartechdiagnostic.com\/en\/urun\/socket-earth-tester-wl-216-duoyi-dy207\/","og_site_name":"Car-Tech Diagnostic","og_image":[{"width":1080,"height":1080,"url":"https:\/\/cartechdiagnostic.com\/wp-content\/uploads\/2024\/02\/WL-216-DUOYI-DY207-PRIZ-TOPRAK-TEST-CIHAZI-1.png","type":"image\/png"}],"twitter_card":"summary_large_image","schema":{"@context":"https:\/\/schema.org","@graph":[{"@type":"WebPage","@id":"https:\/\/cartechdiagnostic.com\/en\/urun\/socket-earth-tester-wl-216-duoyi-dy207\/","url":"https:\/\/cartechdiagnostic.com\/en\/urun\/socket-earth-tester-wl-216-duoyi-dy207\/","name":"Socket Earth Tester - WL-216 DUOYI DY207 - Car-Tech Diagnostic","isPartOf":{"@id":"https:\/\/www.cartechdiagnostic.com\/en\/#website"},"primaryImageOfPage":{"@id":"https:\/\/cartechdiagnostic.com\/en\/urun\/socket-earth-tester-wl-216-duoyi-dy207\/#primaryimage"},"image":{"@id":"https:\/\/cartechdiagnostic.com\/en\/urun\/socket-earth-tester-wl-216-duoyi-dy207\/#primaryimage"},"thumbnailUrl":"https:\/\/cartechdiagnostic.com\/wp-content\/uploads\/2024\/02\/WL-216-DUOYI-DY207-PRIZ-TOPRAK-TEST-CIHAZI-1.png","datePublished":"2024-05-12T19:09:56+00:00","dateModified":"2024-05-12T19:09:56+00:00","breadcrumb":{"@id":"https:\/\/cartechdiagnostic.com\/en\/urun\/socket-earth-tester-wl-216-duoyi-dy207\/#breadcrumb"},"inLanguage":"en-US","potentialAction":[{"@type":"ReadAction","target":["https:\/\/cartechdiagnostic.com\/en\/urun\/socket-earth-tester-wl-216-duoyi-dy207\/"]}]},{"@type":"ImageObject","inLanguage":"en-US","@id":"https:\/\/cartechdiagnostic.com\/en\/urun\/socket-earth-tester-wl-216-duoyi-dy207\/#primaryimage","url":"https:\/\/cartechdiagnostic.com\/wp-content\/uploads\/2024\/02\/WL-216-DUOYI-DY207-PRIZ-TOPRAK-TEST-CIHAZI-1.png","contentUrl":"https:\/\/cartechdiagnostic.com\/wp-content\/uploads\/2024\/02\/WL-216-DUOYI-DY207-PRIZ-TOPRAK-TEST-CIHAZI-1.png","width":1080,"height":1080},{"@type":"BreadcrumbList","@id":"https:\/\/cartechdiagnostic.com\/en\/urun\/socket-earth-tester-wl-216-duoyi-dy207\/#breadcrumb","itemListElement":[{"@type":"ListItem","position":1,"name":"Anasayfa","item":"https:\/\/www.cartechdiagnostic.com\/en\/"},{"@type":"ListItem","position":2,"name":"Ma\u011faza","item":"https:\/\/www.cartechdiagnostic.com\/magaza\/"},{"@type":"ListItem","position":3,"name":"Socket Earth Tester &#8211; WL-216 DUOYI DY207"}]},{"@type":"WebSite","@id":"https:\/\/www.cartechdiagnostic.com\/en\/#website","url":"https:\/\/www.cartechdiagnostic.com\/en\/","name":"Car-Tech Diagnostic","description":"Ar\u0131za Tespit Cihazlar\u0131 - ECU Programlama Cihazlar\u0131","publisher":{"@id":"https:\/\/www.cartechdiagnostic.com\/en\/#organization"},"alternateName":"Car-Tech Diag","potentialAction":[{"@type":"SearchAction","target":{"@type":"EntryPoint","urlTemplate":"https:\/\/www.cartechdiagnostic.com\/en\/?s={search_term_string}"},"query-input":"required name=search_term_string"}],"inLanguage":"en-US"},{"@type":"Organization","@id":"https:\/\/www.cartechdiagnostic.com\/en\/#organization","name":"Car-Tech Diagnostic Yaz\u0131l\u0131m Ltd. \u015eti.","url":"https:\/\/www.cartechdiagnostic.com\/en\/","logo":{"@type":"ImageObject","inLanguage":"en-US","@id":"https:\/\/www.cartechdiagnostic.com\/en\/#\/schema\/logo\/image\/","url":"https:\/\/cartechdiagnostic.com\/wp-content\/uploads\/2023\/08\/logocartech.png","contentUrl":"https:\/\/cartechdiagnostic.com\/wp-content\/uploads\/2023\/08\/logocartech.png","width":714,"height":340,"caption":"Car-Tech Diagnostic Yaz\u0131l\u0131m Ltd. \u015eti."},"image":{"@id":"https:\/\/www.cartechdiagnostic.com\/en\/#\/schema\/logo\/image\/"},"sameAs":["https:\/\/www.instagram.com\/cartechdiagnostic"]}]}},"_links":{"self":[{"href":"https:\/\/cartechdiagnostic.com\/en\/wp-json\/wp\/v2\/product\/17988","targetHints":{"allow":["GET"]}}],"collection":[{"href":"https:\/\/cartechdiagnostic.com\/en\/wp-json\/wp\/v2\/product"}],"about":[{"href":"https:\/\/cartechdiagnostic.com\/en\/wp-json\/wp\/v2\/types\/product"}],"replies":[{"embeddable":true,"href":"https:\/\/cartechdiagnostic.com\/en\/wp-json\/wp\/v2\/comments?post=17988"}],"version-history":[{"count":0,"href":"https:\/\/cartechdiagnostic.com\/en\/wp-json\/wp\/v2\/product\/17988\/revisions"}],"wp:featuredmedia":[{"embeddable":true,"href":"https:\/\/cartechdiagnostic.com\/en\/wp-json\/wp\/v2\/media\/17571"}],"wp:attachment":[{"href":"https:\/\/cartechdiagnostic.com\/en\/wp-json\/wp\/v2\/media?parent=17988"}],"wp:term":[{"taxonomy":"product_brand","embeddable":true,"href":"https:\/\/cartechdiagnostic.com\/en\/wp-json\/wp\/v2\/product_brand?post=17988"},{"taxonomy":"product_cat","embeddable":true,"href":"https:\/\/cartechdiagnostic.com\/en\/wp-json\/wp\/v2\/product_cat?post=17988"},{"taxonomy":"product_tag","embeddable":true,"href":"https:\/\/cartechdiagnostic.com\/en\/wp-json\/wp\/v2\/product_tag?post=17988"}],"curies":[{"name":"wp","href":"https:\/\/api.w.org\/{rel}","templated":true}]}}