{"id":17993,"date":"2024-05-12T22:08:53","date_gmt":"2024-05-12T19:08:53","guid":{"rendered":"https:\/urun\/2-piece-remote-control-socket-wl-228-wellhise-kwe-yk02-gr-21\/"},"modified":"2024-05-12T22:08:53","modified_gmt":"2024-05-12T19:08:53","slug":"2-piece-remote-control-socket-wl-228-wellhise-kwe-yk02-gr-21","status":"publish","type":"product","link":"https:\/\/cartechdiagnostic.com\/en\/urun\/2-piece-remote-control-socket-wl-228-wellhise-kwe-yk02-gr-21\/","title":{"rendered":"2-Piece Remote Control Socket &#8211; WL-228 WELLHISE KWE-YK02-GR 2+1"},"content":{"rendered":"","protected":false},"excerpt":{"rendered":"<p>WL-228 WELLHISE KWE-YK02-GR 2+1 2-PIECE REMOTE CONTROL SOCKET is a socket set that allows remote control of electrical devices. This set facilitates switching on and off the power of electrical devices generally used in home or office environments. The KWE-YK02-GR model consists of two sockets and a remote control. Each socket can be controlled by the remote control and allows you to switch on and off the power of appliances. This is particularly useful for remote or hard-to-reach sockets in the home or office.<\/p>\n","protected":false},"featured_media":17564,"comment_status":"open","ping_status":"closed","template":"","meta":{"_joinchat":[]},"product_brand":[],"product_cat":[1369],"product_tag":[],"class_list":{"0":"post-17993","1":"product","2":"type-product","3":"status-publish","4":"has-post-thumbnail","6":"product_cat-blowtorch-soldering-iron-and-spare-parts","8":"first","9":"instock","10":"sale","11":"shipping-taxable","12":"purchasable","13":"product-type-simple"},"yoast_head":"<!-- This site is optimized with the Yoast SEO plugin v22.8 - https:\/\/yoast.com\/wordpress\/plugins\/seo\/ -->\n<title>2-Piece Remote Control Socket - WL-228 WELLHISE KWE-YK02-GR 2+1 - Car-Tech Diagnostic<\/title>\n<meta name=\"robots\" content=\"index, follow, max-snippet:-1, max-image-preview:large, max-video-preview:-1\" \/>\n<link rel=\"canonical\" href=\"https:\/\/cartechdiagnostic.com\/en\/urun\/2-piece-remote-control-socket-wl-228-wellhise-kwe-yk02-gr-21\/\" \/>\n<meta property=\"og:locale\" content=\"en_US\" \/>\n<meta property=\"og:type\" content=\"article\" \/>\n<meta property=\"og:title\" content=\"2-Piece Remote Control Socket - WL-228 WELLHISE KWE-YK02-GR 2+1 - Car-Tech Diagnostic\" \/>\n<meta property=\"og:description\" content=\"WL-228 WELLHISE KWE-YK02-GR 2+1 2-PIECE REMOTE CONTROL SOCKET is a socket set that allows remote control of electrical devices. This set facilitates switching on and off the power of electrical devices generally used in home or office environments. The KWE-YK02-GR model consists of two sockets and a remote control. Each socket can be controlled by the remote control and allows you to switch on and off the power of appliances. This is particularly useful for remote or hard-to-reach sockets in the home or office.\" \/>\n<meta property=\"og:url\" content=\"https:\/\/cartechdiagnostic.com\/en\/urun\/2-piece-remote-control-socket-wl-228-wellhise-kwe-yk02-gr-21\/\" \/>\n<meta property=\"og:site_name\" content=\"Car-Tech Diagnostic\" \/>\n<meta property=\"og:image\" content=\"https:\/\/cartechdiagnostic.com\/wp-content\/uploads\/2024\/02\/WL-228-WELLHISE-KWE-YK02-GR-21-2-LI-UZAKTAN-KUMANDALI-PRIZ-1.png\" \/>\n\t<meta property=\"og:image:width\" content=\"1080\" \/>\n\t<meta property=\"og:image:height\" content=\"1080\" \/>\n\t<meta property=\"og:image:type\" content=\"image\/png\" \/>\n<meta name=\"twitter:card\" content=\"summary_large_image\" \/>\n<script type=\"application\/ld+json\" class=\"yoast-schema-graph\">{\"@context\":\"https:\/\/schema.org\",\"@graph\":[{\"@type\":\"WebPage\",\"@id\":\"https:\/\/cartechdiagnostic.com\/en\/urun\/2-piece-remote-control-socket-wl-228-wellhise-kwe-yk02-gr-21\/\",\"url\":\"https:\/\/cartechdiagnostic.com\/en\/urun\/2-piece-remote-control-socket-wl-228-wellhise-kwe-yk02-gr-21\/\",\"name\":\"2-Piece Remote Control Socket - WL-228 WELLHISE KWE-YK02-GR 2+1 - Car-Tech Diagnostic\",\"isPartOf\":{\"@id\":\"https:\/\/www.cartechdiagnostic.com\/en\/#website\"},\"primaryImageOfPage\":{\"@id\":\"https:\/\/cartechdiagnostic.com\/en\/urun\/2-piece-remote-control-socket-wl-228-wellhise-kwe-yk02-gr-21\/#primaryimage\"},\"image\":{\"@id\":\"https:\/\/cartechdiagnostic.com\/en\/urun\/2-piece-remote-control-socket-wl-228-wellhise-kwe-yk02-gr-21\/#primaryimage\"},\"thumbnailUrl\":\"https:\/\/cartechdiagnostic.com\/wp-content\/uploads\/2024\/02\/WL-228-WELLHISE-KWE-YK02-GR-21-2-LI-UZAKTAN-KUMANDALI-PRIZ-1.png\",\"datePublished\":\"2024-05-12T19:08:53+00:00\",\"dateModified\":\"2024-05-12T19:08:53+00:00\",\"breadcrumb\":{\"@id\":\"https:\/\/cartechdiagnostic.com\/en\/urun\/2-piece-remote-control-socket-wl-228-wellhise-kwe-yk02-gr-21\/#breadcrumb\"},\"inLanguage\":\"en-US\",\"potentialAction\":[{\"@type\":\"ReadAction\",\"target\":[\"https:\/\/cartechdiagnostic.com\/en\/urun\/2-piece-remote-control-socket-wl-228-wellhise-kwe-yk02-gr-21\/\"]}]},{\"@type\":\"ImageObject\",\"inLanguage\":\"en-US\",\"@id\":\"https:\/\/cartechdiagnostic.com\/en\/urun\/2-piece-remote-control-socket-wl-228-wellhise-kwe-yk02-gr-21\/#primaryimage\",\"url\":\"https:\/\/cartechdiagnostic.com\/wp-content\/uploads\/2024\/02\/WL-228-WELLHISE-KWE-YK02-GR-21-2-LI-UZAKTAN-KUMANDALI-PRIZ-1.png\",\"contentUrl\":\"https:\/\/cartechdiagnostic.com\/wp-content\/uploads\/2024\/02\/WL-228-WELLHISE-KWE-YK02-GR-21-2-LI-UZAKTAN-KUMANDALI-PRIZ-1.png\",\"width\":1080,\"height\":1080},{\"@type\":\"BreadcrumbList\",\"@id\":\"https:\/\/cartechdiagnostic.com\/en\/urun\/2-piece-remote-control-socket-wl-228-wellhise-kwe-yk02-gr-21\/#breadcrumb\",\"itemListElement\":[{\"@type\":\"ListItem\",\"position\":1,\"name\":\"Anasayfa\",\"item\":\"https:\/\/www.cartechdiagnostic.com\/en\/\"},{\"@type\":\"ListItem\",\"position\":2,\"name\":\"Ma\u011faza\",\"item\":\"https:\/\/www.cartechdiagnostic.com\/magaza\/\"},{\"@type\":\"ListItem\",\"position\":3,\"name\":\"2-Piece Remote Control Socket &#8211; WL-228 WELLHISE KWE-YK02-GR 2+1\"}]},{\"@type\":\"WebSite\",\"@id\":\"https:\/\/www.cartechdiagnostic.com\/en\/#website\",\"url\":\"https:\/\/www.cartechdiagnostic.com\/en\/\",\"name\":\"Car-Tech Diagnostic\",\"description\":\"Ar\u0131za Tespit Cihazlar\u0131 - ECU Programlama Cihazlar\u0131\",\"publisher\":{\"@id\":\"https:\/\/www.cartechdiagnostic.com\/en\/#organization\"},\"alternateName\":\"Car-Tech Diag\",\"potentialAction\":[{\"@type\":\"SearchAction\",\"target\":{\"@type\":\"EntryPoint\",\"urlTemplate\":\"https:\/\/www.cartechdiagnostic.com\/en\/?s={search_term_string}\"},\"query-input\":\"required name=search_term_string\"}],\"inLanguage\":\"en-US\"},{\"@type\":\"Organization\",\"@id\":\"https:\/\/www.cartechdiagnostic.com\/en\/#organization\",\"name\":\"Car-Tech Diagnostic Yaz\u0131l\u0131m Ltd. \u015eti.\",\"url\":\"https:\/\/www.cartechdiagnostic.com\/en\/\",\"logo\":{\"@type\":\"ImageObject\",\"inLanguage\":\"en-US\",\"@id\":\"https:\/\/www.cartechdiagnostic.com\/en\/#\/schema\/logo\/image\/\",\"url\":\"https:\/\/cartechdiagnostic.com\/wp-content\/uploads\/2023\/08\/logocartech.png\",\"contentUrl\":\"https:\/\/cartechdiagnostic.com\/wp-content\/uploads\/2023\/08\/logocartech.png\",\"width\":714,\"height\":340,\"caption\":\"Car-Tech Diagnostic Yaz\u0131l\u0131m Ltd. \u015eti.\"},\"image\":{\"@id\":\"https:\/\/www.cartechdiagnostic.com\/en\/#\/schema\/logo\/image\/\"},\"sameAs\":[\"https:\/\/www.instagram.com\/cartechdiagnostic\"]}]}<\/script>\n<!-- \/ Yoast SEO plugin. -->","yoast_head_json":{"title":"2-Piece Remote Control Socket - WL-228 WELLHISE KWE-YK02-GR 2+1 - Car-Tech Diagnostic","robots":{"index":"index","follow":"follow","max-snippet":"max-snippet:-1","max-image-preview":"max-image-preview:large","max-video-preview":"max-video-preview:-1"},"canonical":"https:\/\/cartechdiagnostic.com\/en\/urun\/2-piece-remote-control-socket-wl-228-wellhise-kwe-yk02-gr-21\/","og_locale":"en_US","og_type":"article","og_title":"2-Piece Remote Control Socket - WL-228 WELLHISE KWE-YK02-GR 2+1 - Car-Tech Diagnostic","og_description":"WL-228 WELLHISE KWE-YK02-GR 2+1 2-PIECE REMOTE CONTROL SOCKET is a socket set that allows remote control of electrical devices. This set facilitates switching on and off the power of electrical devices generally used in home or office environments. The KWE-YK02-GR model consists of two sockets and a remote control. Each socket can be controlled by the remote control and allows you to switch on and off the power of appliances. This is particularly useful for remote or hard-to-reach sockets in the home or office.","og_url":"https:\/\/cartechdiagnostic.com\/en\/urun\/2-piece-remote-control-socket-wl-228-wellhise-kwe-yk02-gr-21\/","og_site_name":"Car-Tech Diagnostic","og_image":[{"width":1080,"height":1080,"url":"https:\/\/cartechdiagnostic.com\/wp-content\/uploads\/2024\/02\/WL-228-WELLHISE-KWE-YK02-GR-21-2-LI-UZAKTAN-KUMANDALI-PRIZ-1.png","type":"image\/png"}],"twitter_card":"summary_large_image","schema":{"@context":"https:\/\/schema.org","@graph":[{"@type":"WebPage","@id":"https:\/\/cartechdiagnostic.com\/en\/urun\/2-piece-remote-control-socket-wl-228-wellhise-kwe-yk02-gr-21\/","url":"https:\/\/cartechdiagnostic.com\/en\/urun\/2-piece-remote-control-socket-wl-228-wellhise-kwe-yk02-gr-21\/","name":"2-Piece Remote Control Socket - WL-228 WELLHISE KWE-YK02-GR 2+1 - Car-Tech Diagnostic","isPartOf":{"@id":"https:\/\/www.cartechdiagnostic.com\/en\/#website"},"primaryImageOfPage":{"@id":"https:\/\/cartechdiagnostic.com\/en\/urun\/2-piece-remote-control-socket-wl-228-wellhise-kwe-yk02-gr-21\/#primaryimage"},"image":{"@id":"https:\/\/cartechdiagnostic.com\/en\/urun\/2-piece-remote-control-socket-wl-228-wellhise-kwe-yk02-gr-21\/#primaryimage"},"thumbnailUrl":"https:\/\/cartechdiagnostic.com\/wp-content\/uploads\/2024\/02\/WL-228-WELLHISE-KWE-YK02-GR-21-2-LI-UZAKTAN-KUMANDALI-PRIZ-1.png","datePublished":"2024-05-12T19:08:53+00:00","dateModified":"2024-05-12T19:08:53+00:00","breadcrumb":{"@id":"https:\/\/cartechdiagnostic.com\/en\/urun\/2-piece-remote-control-socket-wl-228-wellhise-kwe-yk02-gr-21\/#breadcrumb"},"inLanguage":"en-US","potentialAction":[{"@type":"ReadAction","target":["https:\/\/cartechdiagnostic.com\/en\/urun\/2-piece-remote-control-socket-wl-228-wellhise-kwe-yk02-gr-21\/"]}]},{"@type":"ImageObject","inLanguage":"en-US","@id":"https:\/\/cartechdiagnostic.com\/en\/urun\/2-piece-remote-control-socket-wl-228-wellhise-kwe-yk02-gr-21\/#primaryimage","url":"https:\/\/cartechdiagnostic.com\/wp-content\/uploads\/2024\/02\/WL-228-WELLHISE-KWE-YK02-GR-21-2-LI-UZAKTAN-KUMANDALI-PRIZ-1.png","contentUrl":"https:\/\/cartechdiagnostic.com\/wp-content\/uploads\/2024\/02\/WL-228-WELLHISE-KWE-YK02-GR-21-2-LI-UZAKTAN-KUMANDALI-PRIZ-1.png","width":1080,"height":1080},{"@type":"BreadcrumbList","@id":"https:\/\/cartechdiagnostic.com\/en\/urun\/2-piece-remote-control-socket-wl-228-wellhise-kwe-yk02-gr-21\/#breadcrumb","itemListElement":[{"@type":"ListItem","position":1,"name":"Anasayfa","item":"https:\/\/www.cartechdiagnostic.com\/en\/"},{"@type":"ListItem","position":2,"name":"Ma\u011faza","item":"https:\/\/www.cartechdiagnostic.com\/magaza\/"},{"@type":"ListItem","position":3,"name":"2-Piece Remote Control Socket &#8211; WL-228 WELLHISE KWE-YK02-GR 2+1"}]},{"@type":"WebSite","@id":"https:\/\/www.cartechdiagnostic.com\/en\/#website","url":"https:\/\/www.cartechdiagnostic.com\/en\/","name":"Car-Tech Diagnostic","description":"Ar\u0131za Tespit Cihazlar\u0131 - ECU Programlama Cihazlar\u0131","publisher":{"@id":"https:\/\/www.cartechdiagnostic.com\/en\/#organization"},"alternateName":"Car-Tech Diag","potentialAction":[{"@type":"SearchAction","target":{"@type":"EntryPoint","urlTemplate":"https:\/\/www.cartechdiagnostic.com\/en\/?s={search_term_string}"},"query-input":"required name=search_term_string"}],"inLanguage":"en-US"},{"@type":"Organization","@id":"https:\/\/www.cartechdiagnostic.com\/en\/#organization","name":"Car-Tech Diagnostic Yaz\u0131l\u0131m Ltd. \u015eti.","url":"https:\/\/www.cartechdiagnostic.com\/en\/","logo":{"@type":"ImageObject","inLanguage":"en-US","@id":"https:\/\/www.cartechdiagnostic.com\/en\/#\/schema\/logo\/image\/","url":"https:\/\/cartechdiagnostic.com\/wp-content\/uploads\/2023\/08\/logocartech.png","contentUrl":"https:\/\/cartechdiagnostic.com\/wp-content\/uploads\/2023\/08\/logocartech.png","width":714,"height":340,"caption":"Car-Tech Diagnostic Yaz\u0131l\u0131m Ltd. \u015eti."},"image":{"@id":"https:\/\/www.cartechdiagnostic.com\/en\/#\/schema\/logo\/image\/"},"sameAs":["https:\/\/www.instagram.com\/cartechdiagnostic"]}]}},"_links":{"self":[{"href":"https:\/\/cartechdiagnostic.com\/en\/wp-json\/wp\/v2\/product\/17993","targetHints":{"allow":["GET"]}}],"collection":[{"href":"https:\/\/cartechdiagnostic.com\/en\/wp-json\/wp\/v2\/product"}],"about":[{"href":"https:\/\/cartechdiagnostic.com\/en\/wp-json\/wp\/v2\/types\/product"}],"replies":[{"embeddable":true,"href":"https:\/\/cartechdiagnostic.com\/en\/wp-json\/wp\/v2\/comments?post=17993"}],"version-history":[{"count":0,"href":"https:\/\/cartechdiagnostic.com\/en\/wp-json\/wp\/v2\/product\/17993\/revisions"}],"wp:featuredmedia":[{"embeddable":true,"href":"https:\/\/cartechdiagnostic.com\/en\/wp-json\/wp\/v2\/media\/17564"}],"wp:attachment":[{"href":"https:\/\/cartechdiagnostic.com\/en\/wp-json\/wp\/v2\/media?parent=17993"}],"wp:term":[{"taxonomy":"product_brand","embeddable":true,"href":"https:\/\/cartechdiagnostic.com\/en\/wp-json\/wp\/v2\/product_brand?post=17993"},{"taxonomy":"product_cat","embeddable":true,"href":"https:\/\/cartechdiagnostic.com\/en\/wp-json\/wp\/v2\/product_cat?post=17993"},{"taxonomy":"product_tag","embeddable":true,"href":"https:\/\/cartechdiagnostic.com\/en\/wp-json\/wp\/v2\/product_tag?post=17993"}],"curies":[{"name":"wp","href":"https:\/\/api.w.org\/{rel}","templated":true}]}}