{"id":18013,"date":"2024-05-12T22:07:06","date_gmt":"2024-05-12T19:07:06","guid":{"rendered":"https:\/urun\/hot-air-gun-wl-193-wellhose-8858-2-300w\/"},"modified":"2025-05-31T10:55:36","modified_gmt":"2025-05-31T07:55:36","slug":"hot-air-gun-wl-193-wellhose-8858-2-300w","status":"publish","type":"product","link":"https:\/\/cartechdiagnostic.com\/en\/urun\/hot-air-gun-wl-193-wellhose-8858-2-300w\/","title":{"rendered":"Hot Air Gun &#8211; WL-193 WELLHOSE 8858-2 300W"},"content":{"rendered":"","protected":false},"excerpt":{"rendered":"<p>WL-193 WELLHISE 8858-2 300W HOT AIR GUN is a device that is often used in many industrial and domestic applications. Such guns are often used to perform operations with hot air, especially in various applications such as melting adhesives with hot air, shaping plastics, drying and removing paint. The WELLHISE 8858-2 model can be a hot air gun with a power of 300 watts. Such guns come with interchangeable tips or nozzles and can have different speed and temperature settings to control the flow of hot air. This gives users flexibility to provide the appropriate temperature and airflow for various processes.<\/p>\n","protected":false},"featured_media":17549,"comment_status":"open","ping_status":"closed","template":"","meta":{"_joinchat":[]},"product_brand":[],"product_cat":[1342],"product_tag":[],"class_list":{"0":"post-18013","1":"product","2":"type-product","3":"status-publish","4":"has-post-thumbnail","6":"product_cat-uncategorized","8":"first","9":"instock","10":"sale","11":"shipping-taxable","12":"purchasable","13":"product-type-simple"},"yoast_head":"<!-- This site is optimized with the Yoast SEO plugin v22.8 - https:\/\/yoast.com\/wordpress\/plugins\/seo\/ -->\n<title>Hot Air Gun - WL-193 WELLHOSE 8858-2 300W - Car-Tech Diagnostic<\/title>\n<meta name=\"robots\" content=\"index, follow, max-snippet:-1, max-image-preview:large, max-video-preview:-1\" \/>\n<link rel=\"canonical\" href=\"https:\/\/cartechdiagnostic.com\/en\/urun\/hot-air-gun-wl-193-wellhose-8858-2-300w\/\" \/>\n<meta property=\"og:locale\" content=\"en_US\" \/>\n<meta property=\"og:type\" content=\"article\" \/>\n<meta property=\"og:title\" content=\"Hot Air Gun - WL-193 WELLHOSE 8858-2 300W - Car-Tech Diagnostic\" \/>\n<meta property=\"og:description\" content=\"WL-193 WELLHISE 8858-2 300W HOT AIR GUN is a device that is often used in many industrial and domestic applications. Such guns are often used to perform operations with hot air, especially in various applications such as melting adhesives with hot air, shaping plastics, drying and removing paint. The WELLHISE 8858-2 model can be a hot air gun with a power of 300 watts. Such guns come with interchangeable tips or nozzles and can have different speed and temperature settings to control the flow of hot air. This gives users flexibility to provide the appropriate temperature and airflow for various processes.\" \/>\n<meta property=\"og:url\" content=\"https:\/\/cartechdiagnostic.com\/en\/urun\/hot-air-gun-wl-193-wellhose-8858-2-300w\/\" \/>\n<meta property=\"og:site_name\" content=\"Car-Tech Diagnostic\" \/>\n<meta property=\"article:modified_time\" content=\"2025-05-31T07:55:36+00:00\" \/>\n<meta property=\"og:image\" content=\"https:\/\/cartechdiagnostic.com\/wp-content\/uploads\/2024\/02\/WL-193-WELLHoSE-8858-2-300W-SICAK-HAVA-TABANCASI.png\" \/>\n\t<meta property=\"og:image:width\" content=\"1080\" \/>\n\t<meta property=\"og:image:height\" content=\"1080\" \/>\n\t<meta property=\"og:image:type\" content=\"image\/png\" \/>\n<meta name=\"twitter:card\" content=\"summary_large_image\" \/>\n<script type=\"application\/ld+json\" class=\"yoast-schema-graph\">{\"@context\":\"https:\/\/schema.org\",\"@graph\":[{\"@type\":\"WebPage\",\"@id\":\"https:\/\/cartechdiagnostic.com\/en\/urun\/hot-air-gun-wl-193-wellhose-8858-2-300w\/\",\"url\":\"https:\/\/cartechdiagnostic.com\/en\/urun\/hot-air-gun-wl-193-wellhose-8858-2-300w\/\",\"name\":\"Hot Air Gun - WL-193 WELLHOSE 8858-2 300W - Car-Tech Diagnostic\",\"isPartOf\":{\"@id\":\"https:\/\/www.cartechdiagnostic.com\/en\/#website\"},\"primaryImageOfPage\":{\"@id\":\"https:\/\/cartechdiagnostic.com\/en\/urun\/hot-air-gun-wl-193-wellhose-8858-2-300w\/#primaryimage\"},\"image\":{\"@id\":\"https:\/\/cartechdiagnostic.com\/en\/urun\/hot-air-gun-wl-193-wellhose-8858-2-300w\/#primaryimage\"},\"thumbnailUrl\":\"https:\/\/cartechdiagnostic.com\/wp-content\/uploads\/2024\/02\/WL-193-WELLHoSE-8858-2-300W-SICAK-HAVA-TABANCASI.png\",\"datePublished\":\"2024-05-12T19:07:06+00:00\",\"dateModified\":\"2025-05-31T07:55:36+00:00\",\"breadcrumb\":{\"@id\":\"https:\/\/cartechdiagnostic.com\/en\/urun\/hot-air-gun-wl-193-wellhose-8858-2-300w\/#breadcrumb\"},\"inLanguage\":\"en-US\",\"potentialAction\":[{\"@type\":\"ReadAction\",\"target\":[\"https:\/\/cartechdiagnostic.com\/en\/urun\/hot-air-gun-wl-193-wellhose-8858-2-300w\/\"]}]},{\"@type\":\"ImageObject\",\"inLanguage\":\"en-US\",\"@id\":\"https:\/\/cartechdiagnostic.com\/en\/urun\/hot-air-gun-wl-193-wellhose-8858-2-300w\/#primaryimage\",\"url\":\"https:\/\/cartechdiagnostic.com\/wp-content\/uploads\/2024\/02\/WL-193-WELLHoSE-8858-2-300W-SICAK-HAVA-TABANCASI.png\",\"contentUrl\":\"https:\/\/cartechdiagnostic.com\/wp-content\/uploads\/2024\/02\/WL-193-WELLHoSE-8858-2-300W-SICAK-HAVA-TABANCASI.png\",\"width\":1080,\"height\":1080},{\"@type\":\"BreadcrumbList\",\"@id\":\"https:\/\/cartechdiagnostic.com\/en\/urun\/hot-air-gun-wl-193-wellhose-8858-2-300w\/#breadcrumb\",\"itemListElement\":[{\"@type\":\"ListItem\",\"position\":1,\"name\":\"Anasayfa\",\"item\":\"https:\/\/www.cartechdiagnostic.com\/en\/\"},{\"@type\":\"ListItem\",\"position\":2,\"name\":\"Ma\u011faza\",\"item\":\"https:\/\/www.cartechdiagnostic.com\/magaza\/\"},{\"@type\":\"ListItem\",\"position\":3,\"name\":\"Hot Air Gun &#8211; WL-193 WELLHOSE 8858-2 300W\"}]},{\"@type\":\"WebSite\",\"@id\":\"https:\/\/www.cartechdiagnostic.com\/en\/#website\",\"url\":\"https:\/\/www.cartechdiagnostic.com\/en\/\",\"name\":\"Car-Tech Diagnostic\",\"description\":\"Ar\u0131za Tespit Cihazlar\u0131 - ECU Programlama Cihazlar\u0131\",\"publisher\":{\"@id\":\"https:\/\/www.cartechdiagnostic.com\/en\/#organization\"},\"alternateName\":\"Car-Tech Diag\",\"potentialAction\":[{\"@type\":\"SearchAction\",\"target\":{\"@type\":\"EntryPoint\",\"urlTemplate\":\"https:\/\/www.cartechdiagnostic.com\/en\/?s={search_term_string}\"},\"query-input\":\"required name=search_term_string\"}],\"inLanguage\":\"en-US\"},{\"@type\":\"Organization\",\"@id\":\"https:\/\/www.cartechdiagnostic.com\/en\/#organization\",\"name\":\"Car-Tech Diagnostic Yaz\u0131l\u0131m Ltd. \u015eti.\",\"url\":\"https:\/\/www.cartechdiagnostic.com\/en\/\",\"logo\":{\"@type\":\"ImageObject\",\"inLanguage\":\"en-US\",\"@id\":\"https:\/\/www.cartechdiagnostic.com\/en\/#\/schema\/logo\/image\/\",\"url\":\"https:\/\/cartechdiagnostic.com\/wp-content\/uploads\/2023\/08\/logocartech.png\",\"contentUrl\":\"https:\/\/cartechdiagnostic.com\/wp-content\/uploads\/2023\/08\/logocartech.png\",\"width\":714,\"height\":340,\"caption\":\"Car-Tech Diagnostic Yaz\u0131l\u0131m Ltd. \u015eti.\"},\"image\":{\"@id\":\"https:\/\/www.cartechdiagnostic.com\/en\/#\/schema\/logo\/image\/\"},\"sameAs\":[\"https:\/\/www.instagram.com\/cartechdiagnostic\"]}]}<\/script>\n<!-- \/ Yoast SEO plugin. -->","yoast_head_json":{"title":"Hot Air Gun - WL-193 WELLHOSE 8858-2 300W - Car-Tech Diagnostic","robots":{"index":"index","follow":"follow","max-snippet":"max-snippet:-1","max-image-preview":"max-image-preview:large","max-video-preview":"max-video-preview:-1"},"canonical":"https:\/\/cartechdiagnostic.com\/en\/urun\/hot-air-gun-wl-193-wellhose-8858-2-300w\/","og_locale":"en_US","og_type":"article","og_title":"Hot Air Gun - WL-193 WELLHOSE 8858-2 300W - Car-Tech Diagnostic","og_description":"WL-193 WELLHISE 8858-2 300W HOT AIR GUN is a device that is often used in many industrial and domestic applications. Such guns are often used to perform operations with hot air, especially in various applications such as melting adhesives with hot air, shaping plastics, drying and removing paint. The WELLHISE 8858-2 model can be a hot air gun with a power of 300 watts. Such guns come with interchangeable tips or nozzles and can have different speed and temperature settings to control the flow of hot air. This gives users flexibility to provide the appropriate temperature and airflow for various processes.","og_url":"https:\/\/cartechdiagnostic.com\/en\/urun\/hot-air-gun-wl-193-wellhose-8858-2-300w\/","og_site_name":"Car-Tech Diagnostic","article_modified_time":"2025-05-31T07:55:36+00:00","og_image":[{"width":1080,"height":1080,"url":"https:\/\/cartechdiagnostic.com\/wp-content\/uploads\/2024\/02\/WL-193-WELLHoSE-8858-2-300W-SICAK-HAVA-TABANCASI.png","type":"image\/png"}],"twitter_card":"summary_large_image","schema":{"@context":"https:\/\/schema.org","@graph":[{"@type":"WebPage","@id":"https:\/\/cartechdiagnostic.com\/en\/urun\/hot-air-gun-wl-193-wellhose-8858-2-300w\/","url":"https:\/\/cartechdiagnostic.com\/en\/urun\/hot-air-gun-wl-193-wellhose-8858-2-300w\/","name":"Hot Air Gun - WL-193 WELLHOSE 8858-2 300W - Car-Tech Diagnostic","isPartOf":{"@id":"https:\/\/www.cartechdiagnostic.com\/en\/#website"},"primaryImageOfPage":{"@id":"https:\/\/cartechdiagnostic.com\/en\/urun\/hot-air-gun-wl-193-wellhose-8858-2-300w\/#primaryimage"},"image":{"@id":"https:\/\/cartechdiagnostic.com\/en\/urun\/hot-air-gun-wl-193-wellhose-8858-2-300w\/#primaryimage"},"thumbnailUrl":"https:\/\/cartechdiagnostic.com\/wp-content\/uploads\/2024\/02\/WL-193-WELLHoSE-8858-2-300W-SICAK-HAVA-TABANCASI.png","datePublished":"2024-05-12T19:07:06+00:00","dateModified":"2025-05-31T07:55:36+00:00","breadcrumb":{"@id":"https:\/\/cartechdiagnostic.com\/en\/urun\/hot-air-gun-wl-193-wellhose-8858-2-300w\/#breadcrumb"},"inLanguage":"en-US","potentialAction":[{"@type":"ReadAction","target":["https:\/\/cartechdiagnostic.com\/en\/urun\/hot-air-gun-wl-193-wellhose-8858-2-300w\/"]}]},{"@type":"ImageObject","inLanguage":"en-US","@id":"https:\/\/cartechdiagnostic.com\/en\/urun\/hot-air-gun-wl-193-wellhose-8858-2-300w\/#primaryimage","url":"https:\/\/cartechdiagnostic.com\/wp-content\/uploads\/2024\/02\/WL-193-WELLHoSE-8858-2-300W-SICAK-HAVA-TABANCASI.png","contentUrl":"https:\/\/cartechdiagnostic.com\/wp-content\/uploads\/2024\/02\/WL-193-WELLHoSE-8858-2-300W-SICAK-HAVA-TABANCASI.png","width":1080,"height":1080},{"@type":"BreadcrumbList","@id":"https:\/\/cartechdiagnostic.com\/en\/urun\/hot-air-gun-wl-193-wellhose-8858-2-300w\/#breadcrumb","itemListElement":[{"@type":"ListItem","position":1,"name":"Anasayfa","item":"https:\/\/www.cartechdiagnostic.com\/en\/"},{"@type":"ListItem","position":2,"name":"Ma\u011faza","item":"https:\/\/www.cartechdiagnostic.com\/magaza\/"},{"@type":"ListItem","position":3,"name":"Hot Air Gun &#8211; WL-193 WELLHOSE 8858-2 300W"}]},{"@type":"WebSite","@id":"https:\/\/www.cartechdiagnostic.com\/en\/#website","url":"https:\/\/www.cartechdiagnostic.com\/en\/","name":"Car-Tech Diagnostic","description":"Ar\u0131za Tespit Cihazlar\u0131 - ECU Programlama Cihazlar\u0131","publisher":{"@id":"https:\/\/www.cartechdiagnostic.com\/en\/#organization"},"alternateName":"Car-Tech Diag","potentialAction":[{"@type":"SearchAction","target":{"@type":"EntryPoint","urlTemplate":"https:\/\/www.cartechdiagnostic.com\/en\/?s={search_term_string}"},"query-input":"required name=search_term_string"}],"inLanguage":"en-US"},{"@type":"Organization","@id":"https:\/\/www.cartechdiagnostic.com\/en\/#organization","name":"Car-Tech Diagnostic Yaz\u0131l\u0131m Ltd. \u015eti.","url":"https:\/\/www.cartechdiagnostic.com\/en\/","logo":{"@type":"ImageObject","inLanguage":"en-US","@id":"https:\/\/www.cartechdiagnostic.com\/en\/#\/schema\/logo\/image\/","url":"https:\/\/cartechdiagnostic.com\/wp-content\/uploads\/2023\/08\/logocartech.png","contentUrl":"https:\/\/cartechdiagnostic.com\/wp-content\/uploads\/2023\/08\/logocartech.png","width":714,"height":340,"caption":"Car-Tech Diagnostic Yaz\u0131l\u0131m Ltd. \u015eti."},"image":{"@id":"https:\/\/www.cartechdiagnostic.com\/en\/#\/schema\/logo\/image\/"},"sameAs":["https:\/\/www.instagram.com\/cartechdiagnostic"]}]}},"_links":{"self":[{"href":"https:\/\/cartechdiagnostic.com\/en\/wp-json\/wp\/v2\/product\/18013","targetHints":{"allow":["GET"]}}],"collection":[{"href":"https:\/\/cartechdiagnostic.com\/en\/wp-json\/wp\/v2\/product"}],"about":[{"href":"https:\/\/cartechdiagnostic.com\/en\/wp-json\/wp\/v2\/types\/product"}],"replies":[{"embeddable":true,"href":"https:\/\/cartechdiagnostic.com\/en\/wp-json\/wp\/v2\/comments?post=18013"}],"version-history":[{"count":0,"href":"https:\/\/cartechdiagnostic.com\/en\/wp-json\/wp\/v2\/product\/18013\/revisions"}],"wp:featuredmedia":[{"embeddable":true,"href":"https:\/\/cartechdiagnostic.com\/en\/wp-json\/wp\/v2\/media\/17549"}],"wp:attachment":[{"href":"https:\/\/cartechdiagnostic.com\/en\/wp-json\/wp\/v2\/media?parent=18013"}],"wp:term":[{"taxonomy":"product_brand","embeddable":true,"href":"https:\/\/cartechdiagnostic.com\/en\/wp-json\/wp\/v2\/product_brand?post=18013"},{"taxonomy":"product_cat","embeddable":true,"href":"https:\/\/cartechdiagnostic.com\/en\/wp-json\/wp\/v2\/product_cat?post=18013"},{"taxonomy":"product_tag","embeddable":true,"href":"https:\/\/cartechdiagnostic.com\/en\/wp-json\/wp\/v2\/product_tag?post=18013"}],"curies":[{"name":"wp","href":"https:\/\/api.w.org\/{rel}","templated":true}]}}