{"id":18093,"date":"2024-05-12T16:43:32","date_gmt":"2024-05-12T13:43:32","guid":{"rendered":"https:\/urun\/scania-sdp3-offline\/"},"modified":"2025-01-01T19:03:01","modified_gmt":"2025-01-01T16:03:01","slug":"scania-sdp3-offline","status":"publish","type":"product","link":"https:\/\/cartechdiagnostic.com\/en\/urun\/scania-sdp3-offline\/","title":{"rendered":"Scania SDP3 Offline"},"content":{"rendered":"<p>Scania SDP3 (Scania Diagnos &amp; Programmer 3) is diagnostic and programming software for Scania trucks and buses. This software is used to perform functions such as diagnosing the electronic systems of Scania vehicles, reading fault codes, testing sensors and modules.<\/p>\n<ol>\n<li><strong>Basic Functions<\/strong>:\n<ul>\n<li>Scania SDP3 is used to diagnose engine, transmission, brake system, safety systems and other electronic components of vehicles.<\/li>\n<li>It includes basic diagnostic functions such as reading and deleting fault codes, testing sensors, data stream display.<\/li>\n<\/ul>\n<\/li>\n<li><strong>Maintenance and Programming<\/strong>:\n<ul>\n<li>The software can be used to perform maintenance and programming of vehicles.<\/li>\n<li>Maintenance operations such as oil change reset, calibration of airbag sensors can be performed.<\/li>\n<li>Programming of vehicle keys, immobiliser system settings and other programming operations can also be performed.<\/li>\n<\/ul>\n<\/li>\n<li><strong>Offline Use<\/strong>:\n<ul>\n<li>Scania SDP3 can be used offline.<\/li>\n<li>This means that an internet connection is not required for diagnostics and programming of the vehicles, which makes it easier to use for field work or when internet access is difficult.<\/li>\n<\/ul>\n<\/li>\n<li><strong>Advanced Features<\/strong>:\n<ul>\n<li>SDP3 provides in-depth access to vehicles&#8217; digital control units (ECUs).<\/li>\n<li>Specialised service operations can be performed and the vehicles&#8217; system software can be updated.<\/li>\n<li>It also provides access to up-to-date vehicle parts information and repair manuals.<\/li>\n<\/ul>\n<\/li>\n<li><strong>For Authorised Users<\/strong>:\n<ul>\n<li>Scania SDP3 is generally used by authorised Scania service centres and licensed repair shops.<\/li>\n<li>This ensures that vehicles are correctly diagnosed and maintained.<\/li>\n<\/ul>\n<\/li>\n<\/ol>\n<p>Scania SDP3 provides a reliable tool for the diagnosis and maintenance of Scania vehicles and offers service technicians an effective working environment. This software is an important tool for identifying and correctly repairing vehicle problems.<\/p>\n","protected":false},"excerpt":{"rendered":"<p>Scania SDP3 (Scania Diagnos &amp; Programmer 3) is diagnostic and programming software for Scania trucks and buses. This software is used to perform functions such as diagnosing the electronic systems of Scania vehicles, reading fault codes, testing sensors and modules.<\/p>\n","protected":false},"featured_media":17410,"comment_status":"open","ping_status":"closed","template":"","meta":{"_joinchat":[]},"product_brand":[],"product_cat":[1363],"product_tag":[],"class_list":{"0":"post-18093","1":"product","2":"type-product","3":"status-publish","4":"has-post-thumbnail","6":"product_cat-offline-software-en-2","8":"first","9":"instock","10":"shipping-taxable","11":"purchasable","12":"product-type-simple"},"yoast_head":"<!-- This site is optimized with the Yoast SEO plugin v22.8 - https:\/\/yoast.com\/wordpress\/plugins\/seo\/ -->\n<title>Scania SDP3 Offline - Car-Tech Diagnostic<\/title>\n<meta name=\"robots\" content=\"index, follow, max-snippet:-1, max-image-preview:large, max-video-preview:-1\" \/>\n<link rel=\"canonical\" href=\"https:\/\/cartechdiagnostic.com\/en\/urun\/scania-sdp3-offline\/\" \/>\n<meta property=\"og:locale\" content=\"en_US\" \/>\n<meta property=\"og:type\" content=\"article\" \/>\n<meta property=\"og:title\" content=\"Scania SDP3 Offline - Car-Tech Diagnostic\" \/>\n<meta property=\"og:description\" content=\"Scania SDP3 (Scania Diagnos &amp; Programmer 3) is diagnostic and programming software for Scania trucks and buses. This software is used to perform functions such as diagnosing the electronic systems of Scania vehicles, reading fault codes, testing sensors and modules.\" \/>\n<meta property=\"og:url\" content=\"https:\/\/cartechdiagnostic.com\/en\/urun\/scania-sdp3-offline\/\" \/>\n<meta property=\"og:site_name\" content=\"Car-Tech Diagnostic\" \/>\n<meta property=\"article:modified_time\" content=\"2025-01-01T16:03:01+00:00\" \/>\n<meta property=\"og:image\" content=\"https:\/\/www.cartechdiagnostic.com\/wp-content\/uploads\/2024\/05\/SDP3-1.png\" \/>\n\t<meta property=\"og:image:width\" content=\"1080\" \/>\n\t<meta property=\"og:image:height\" content=\"1080\" \/>\n\t<meta property=\"og:image:type\" content=\"image\/png\" \/>\n<meta name=\"twitter:card\" content=\"summary_large_image\" \/>\n<meta name=\"twitter:label1\" content=\"Est. reading time\" \/>\n\t<meta name=\"twitter:data1\" content=\"1 minute\" \/>\n<script type=\"application\/ld+json\" class=\"yoast-schema-graph\">{\"@context\":\"https:\/\/schema.org\",\"@graph\":[{\"@type\":\"WebPage\",\"@id\":\"https:\/\/cartechdiagnostic.com\/en\/urun\/scania-sdp3-offline\/\",\"url\":\"https:\/\/cartechdiagnostic.com\/en\/urun\/scania-sdp3-offline\/\",\"name\":\"Scania SDP3 Offline - Car-Tech Diagnostic\",\"isPartOf\":{\"@id\":\"https:\/\/www.cartechdiagnostic.com\/en\/#website\"},\"primaryImageOfPage\":{\"@id\":\"https:\/\/cartechdiagnostic.com\/en\/urun\/scania-sdp3-offline\/#primaryimage\"},\"image\":{\"@id\":\"https:\/\/cartechdiagnostic.com\/en\/urun\/scania-sdp3-offline\/#primaryimage\"},\"thumbnailUrl\":\"https:\/\/cartechdiagnostic.com\/wp-content\/uploads\/2024\/05\/SDP3-1.png\",\"datePublished\":\"2024-05-12T13:43:32+00:00\",\"dateModified\":\"2025-01-01T16:03:01+00:00\",\"breadcrumb\":{\"@id\":\"https:\/\/cartechdiagnostic.com\/en\/urun\/scania-sdp3-offline\/#breadcrumb\"},\"inLanguage\":\"en-US\",\"potentialAction\":[{\"@type\":\"ReadAction\",\"target\":[\"https:\/\/cartechdiagnostic.com\/en\/urun\/scania-sdp3-offline\/\"]}]},{\"@type\":\"ImageObject\",\"inLanguage\":\"en-US\",\"@id\":\"https:\/\/cartechdiagnostic.com\/en\/urun\/scania-sdp3-offline\/#primaryimage\",\"url\":\"https:\/\/cartechdiagnostic.com\/wp-content\/uploads\/2024\/05\/SDP3-1.png\",\"contentUrl\":\"https:\/\/cartechdiagnostic.com\/wp-content\/uploads\/2024\/05\/SDP3-1.png\",\"width\":1080,\"height\":1080},{\"@type\":\"BreadcrumbList\",\"@id\":\"https:\/\/cartechdiagnostic.com\/en\/urun\/scania-sdp3-offline\/#breadcrumb\",\"itemListElement\":[{\"@type\":\"ListItem\",\"position\":1,\"name\":\"Anasayfa\",\"item\":\"https:\/\/www.cartechdiagnostic.com\/en\/\"},{\"@type\":\"ListItem\",\"position\":2,\"name\":\"Ma\u011faza\",\"item\":\"https:\/\/www.cartechdiagnostic.com\/magaza\/\"},{\"@type\":\"ListItem\",\"position\":3,\"name\":\"Scania SDP3 Offline\"}]},{\"@type\":\"WebSite\",\"@id\":\"https:\/\/www.cartechdiagnostic.com\/en\/#website\",\"url\":\"https:\/\/www.cartechdiagnostic.com\/en\/\",\"name\":\"Car-Tech Diagnostic\",\"description\":\"Ar\u0131za Tespit Cihazlar\u0131 - ECU Programlama Cihazlar\u0131\",\"publisher\":{\"@id\":\"https:\/\/www.cartechdiagnostic.com\/en\/#organization\"},\"alternateName\":\"Car-Tech Diag\",\"potentialAction\":[{\"@type\":\"SearchAction\",\"target\":{\"@type\":\"EntryPoint\",\"urlTemplate\":\"https:\/\/www.cartechdiagnostic.com\/en\/?s={search_term_string}\"},\"query-input\":\"required name=search_term_string\"}],\"inLanguage\":\"en-US\"},{\"@type\":\"Organization\",\"@id\":\"https:\/\/www.cartechdiagnostic.com\/en\/#organization\",\"name\":\"Car-Tech Diagnostic Yaz\u0131l\u0131m Ltd. \u015eti.\",\"url\":\"https:\/\/www.cartechdiagnostic.com\/en\/\",\"logo\":{\"@type\":\"ImageObject\",\"inLanguage\":\"en-US\",\"@id\":\"https:\/\/www.cartechdiagnostic.com\/en\/#\/schema\/logo\/image\/\",\"url\":\"https:\/\/cartechdiagnostic.com\/wp-content\/uploads\/2023\/08\/logocartech.png\",\"contentUrl\":\"https:\/\/cartechdiagnostic.com\/wp-content\/uploads\/2023\/08\/logocartech.png\",\"width\":714,\"height\":340,\"caption\":\"Car-Tech Diagnostic Yaz\u0131l\u0131m Ltd. \u015eti.\"},\"image\":{\"@id\":\"https:\/\/www.cartechdiagnostic.com\/en\/#\/schema\/logo\/image\/\"},\"sameAs\":[\"https:\/\/www.instagram.com\/cartechdiagnostic\"]}]}<\/script>\n<!-- \/ Yoast SEO plugin. -->","yoast_head_json":{"title":"Scania SDP3 Offline - Car-Tech Diagnostic","robots":{"index":"index","follow":"follow","max-snippet":"max-snippet:-1","max-image-preview":"max-image-preview:large","max-video-preview":"max-video-preview:-1"},"canonical":"https:\/\/cartechdiagnostic.com\/en\/urun\/scania-sdp3-offline\/","og_locale":"en_US","og_type":"article","og_title":"Scania SDP3 Offline - Car-Tech Diagnostic","og_description":"Scania SDP3 (Scania Diagnos &amp; Programmer 3) is diagnostic and programming software for Scania trucks and buses. This software is used to perform functions such as diagnosing the electronic systems of Scania vehicles, reading fault codes, testing sensors and modules.","og_url":"https:\/\/cartechdiagnostic.com\/en\/urun\/scania-sdp3-offline\/","og_site_name":"Car-Tech Diagnostic","article_modified_time":"2025-01-01T16:03:01+00:00","og_image":[{"width":1080,"height":1080,"url":"https:\/\/www.cartechdiagnostic.com\/wp-content\/uploads\/2024\/05\/SDP3-1.png","type":"image\/png"}],"twitter_card":"summary_large_image","twitter_misc":{"Est. reading time":"1 minute"},"schema":{"@context":"https:\/\/schema.org","@graph":[{"@type":"WebPage","@id":"https:\/\/cartechdiagnostic.com\/en\/urun\/scania-sdp3-offline\/","url":"https:\/\/cartechdiagnostic.com\/en\/urun\/scania-sdp3-offline\/","name":"Scania SDP3 Offline - Car-Tech Diagnostic","isPartOf":{"@id":"https:\/\/www.cartechdiagnostic.com\/en\/#website"},"primaryImageOfPage":{"@id":"https:\/\/cartechdiagnostic.com\/en\/urun\/scania-sdp3-offline\/#primaryimage"},"image":{"@id":"https:\/\/cartechdiagnostic.com\/en\/urun\/scania-sdp3-offline\/#primaryimage"},"thumbnailUrl":"https:\/\/cartechdiagnostic.com\/wp-content\/uploads\/2024\/05\/SDP3-1.png","datePublished":"2024-05-12T13:43:32+00:00","dateModified":"2025-01-01T16:03:01+00:00","breadcrumb":{"@id":"https:\/\/cartechdiagnostic.com\/en\/urun\/scania-sdp3-offline\/#breadcrumb"},"inLanguage":"en-US","potentialAction":[{"@type":"ReadAction","target":["https:\/\/cartechdiagnostic.com\/en\/urun\/scania-sdp3-offline\/"]}]},{"@type":"ImageObject","inLanguage":"en-US","@id":"https:\/\/cartechdiagnostic.com\/en\/urun\/scania-sdp3-offline\/#primaryimage","url":"https:\/\/cartechdiagnostic.com\/wp-content\/uploads\/2024\/05\/SDP3-1.png","contentUrl":"https:\/\/cartechdiagnostic.com\/wp-content\/uploads\/2024\/05\/SDP3-1.png","width":1080,"height":1080},{"@type":"BreadcrumbList","@id":"https:\/\/cartechdiagnostic.com\/en\/urun\/scania-sdp3-offline\/#breadcrumb","itemListElement":[{"@type":"ListItem","position":1,"name":"Anasayfa","item":"https:\/\/www.cartechdiagnostic.com\/en\/"},{"@type":"ListItem","position":2,"name":"Ma\u011faza","item":"https:\/\/www.cartechdiagnostic.com\/magaza\/"},{"@type":"ListItem","position":3,"name":"Scania SDP3 Offline"}]},{"@type":"WebSite","@id":"https:\/\/www.cartechdiagnostic.com\/en\/#website","url":"https:\/\/www.cartechdiagnostic.com\/en\/","name":"Car-Tech Diagnostic","description":"Ar\u0131za Tespit Cihazlar\u0131 - ECU Programlama Cihazlar\u0131","publisher":{"@id":"https:\/\/www.cartechdiagnostic.com\/en\/#organization"},"alternateName":"Car-Tech Diag","potentialAction":[{"@type":"SearchAction","target":{"@type":"EntryPoint","urlTemplate":"https:\/\/www.cartechdiagnostic.com\/en\/?s={search_term_string}"},"query-input":"required name=search_term_string"}],"inLanguage":"en-US"},{"@type":"Organization","@id":"https:\/\/www.cartechdiagnostic.com\/en\/#organization","name":"Car-Tech Diagnostic Yaz\u0131l\u0131m Ltd. \u015eti.","url":"https:\/\/www.cartechdiagnostic.com\/en\/","logo":{"@type":"ImageObject","inLanguage":"en-US","@id":"https:\/\/www.cartechdiagnostic.com\/en\/#\/schema\/logo\/image\/","url":"https:\/\/cartechdiagnostic.com\/wp-content\/uploads\/2023\/08\/logocartech.png","contentUrl":"https:\/\/cartechdiagnostic.com\/wp-content\/uploads\/2023\/08\/logocartech.png","width":714,"height":340,"caption":"Car-Tech Diagnostic Yaz\u0131l\u0131m Ltd. \u015eti."},"image":{"@id":"https:\/\/www.cartechdiagnostic.com\/en\/#\/schema\/logo\/image\/"},"sameAs":["https:\/\/www.instagram.com\/cartechdiagnostic"]}]}},"_links":{"self":[{"href":"https:\/\/cartechdiagnostic.com\/en\/wp-json\/wp\/v2\/product\/18093","targetHints":{"allow":["GET"]}}],"collection":[{"href":"https:\/\/cartechdiagnostic.com\/en\/wp-json\/wp\/v2\/product"}],"about":[{"href":"https:\/\/cartechdiagnostic.com\/en\/wp-json\/wp\/v2\/types\/product"}],"replies":[{"embeddable":true,"href":"https:\/\/cartechdiagnostic.com\/en\/wp-json\/wp\/v2\/comments?post=18093"}],"version-history":[{"count":0,"href":"https:\/\/cartechdiagnostic.com\/en\/wp-json\/wp\/v2\/product\/18093\/revisions"}],"wp:featuredmedia":[{"embeddable":true,"href":"https:\/\/cartechdiagnostic.com\/en\/wp-json\/wp\/v2\/media\/17410"}],"wp:attachment":[{"href":"https:\/\/cartechdiagnostic.com\/en\/wp-json\/wp\/v2\/media?parent=18093"}],"wp:term":[{"taxonomy":"product_brand","embeddable":true,"href":"https:\/\/cartechdiagnostic.com\/en\/wp-json\/wp\/v2\/product_brand?post=18093"},{"taxonomy":"product_cat","embeddable":true,"href":"https:\/\/cartechdiagnostic.com\/en\/wp-json\/wp\/v2\/product_cat?post=18093"},{"taxonomy":"product_tag","embeddable":true,"href":"https:\/\/cartechdiagnostic.com\/en\/wp-json\/wp\/v2\/product_tag?post=18093"}],"curies":[{"name":"wp","href":"https:\/\/api.w.org\/{rel}","templated":true}]}}