{"id":18100,"date":"2024-05-12T16:42:01","date_gmt":"2024-05-12T13:42:01","guid":{"rendered":"https:\/urun\/mercedes-offline-full-system-certificate\/"},"modified":"2025-05-31T03:33:26","modified_gmt":"2025-05-31T00:33:26","slug":"mercedes-offline-full-system-certificate","status":"publish","type":"product","link":"https:\/\/cartechdiagnostic.com\/en\/urun\/mercedes-offline-full-system-certificate\/","title":{"rendered":"Mercedes Offline Full System &amp; Certificate"},"content":{"rendered":"<div class=\"flex-1 overflow-hidden\">\n<div class=\"react-scroll-to-bottom--css-btkte-79elbk h-full\">\n<div class=\"react-scroll-to-bottom--css-btkte-1n7m0yu\">\n<div class=\"flex flex-col text-sm pb-9\">\n<div class=\"w-full text-token-text-primary\" dir=\"auto\" data-testid=\"conversation-turn-31\" data-scroll-anchor=\"true\">\n<div class=\"py-2 px-3 text-base md:px-4 m-auto md:px-5 lg:px-1 xl:px-5\">\n<div class=\"mx-auto flex flex-1 gap-3 text-base juice:gap-4 juice:md:gap-6 md:max-w-3xl lg:max-w-[40rem] xl:max-w-[48rem]\">\n<div class=\"relative flex w-full min-w-0 flex-col agent-turn\">\n<div class=\"flex-col gap-1 md:gap-3\">\n<div class=\"flex flex-grow flex-col max-w-full\">\n<div class=\"min-h-[20px] text-message flex flex-col items-start whitespace-pre-wrap break-words [.text-message+&amp;]:mt-5 overflow-x-auto gap-3\" dir=\"auto\" data-message-author-role=\"assistant\" data-message-id=\"4929b4e4-22f0-477b-a198-3f3db0798dcd\">\n<div class=\"markdown prose w-full break-words dark:prose-invert light\">\n<p>The Mercedes Offline Full System installation is a software and hardware package for the maintenance, repair and diagnostics of Mercedes-Benz vehicles. This system is used in authorised service centres or licensed repair shops. Here are the main features of this system:<\/p>\n<ol>\n<li><strong>Software Platform<\/strong>:\n<ul>\n<li>Mercedes Offline Full System includes the software platform required for the repair, maintenance and diagnosis of vehicles.<\/li>\n<li>It provides access to all electronic systems of the vehicle and performs operations such as diagnostics, maintenance, software updates and programming.<\/li>\n<\/ul>\n<\/li>\n<li><strong>Offline Working<\/strong>:\n<ul>\n<li>The &#8220;Offline&#8221; feature refers to the ability to work without the need for an internet connection.<\/li>\n<li>This allows you to perform repair operations offline, so you can diagnose and repair vehicles without any internet connection.<\/li>\n<\/ul>\n<\/li>\n<li><strong>Full System Access<\/strong>:\n<ul>\n<li>The system provides access to all electronic control units and systems of vehicles.<\/li>\n<li>It includes basic diagnostic functions such as reading and erasing fault codes, testing sensors and modules.<\/li>\n<\/ul>\n<\/li>\n<li><strong>Software Updates and Programming<\/strong>:\n<ul>\n<li>The system has the functions required to perform software updates of vehicles and to programme control modules.<\/li>\n<li>This may be required to improve the performance of vehicles, ensure safety or reduce emissions.<\/li>\n<\/ul>\n<\/li>\n<li><strong>For Authorised Users<\/strong>:\n<ul>\n<li>The Mercedes Offline Full System is generally used by authorised service centres and licensed repair shops.<\/li>\n<li>This is important to prevent unauthorised use and to ensure that vehicles are repaired correctly.<\/li>\n<\/ul>\n<\/li>\n<\/ol>\n<p>This system facilitates and ensures the correct repair and maintenance of Mercedes-Benz vehicles. Using this system, authorised technicians can diagnose vehicles, perform software updates and ensure proper maintenance.<\/p>\n<\/div>\n<\/div>\n<\/div>\n<\/div>\n<\/div>\n<\/div>\n<\/div>\n<\/div>\n<\/div>\n<\/div>\n<\/div>\n<\/div>\n","protected":false},"excerpt":{"rendered":"<p>The Mercedes Offline Full System installation is a software and hardware package for the maintenance, repair and diagnosis of Mercedes-Benz vehicles.<\/p>\n","protected":false},"featured_media":17400,"comment_status":"open","ping_status":"closed","template":"","meta":{"_joinchat":[]},"product_brand":[],"product_cat":[1363],"product_tag":[],"class_list":{"0":"post-18100","1":"product","2":"type-product","3":"status-publish","4":"has-post-thumbnail","6":"product_cat-offline-software-en-2","8":"first","9":"instock","10":"shipping-taxable","11":"purchasable","12":"product-type-simple"},"yoast_head":"<!-- This site is optimized with the Yoast SEO plugin v22.8 - https:\/\/yoast.com\/wordpress\/plugins\/seo\/ -->\n<title>Mercedes Offline Full System &amp; Certificate - Car-Tech Diagnostic<\/title>\n<meta name=\"robots\" content=\"index, follow, max-snippet:-1, max-image-preview:large, max-video-preview:-1\" \/>\n<link rel=\"canonical\" href=\"https:\/\/cartechdiagnostic.com\/en\/urun\/mercedes-offline-full-system-certificate\/\" \/>\n<meta property=\"og:locale\" content=\"en_US\" \/>\n<meta property=\"og:type\" content=\"article\" \/>\n<meta property=\"og:title\" content=\"Mercedes Offline Full System &amp; Certificate - Car-Tech Diagnostic\" \/>\n<meta property=\"og:description\" content=\"The Mercedes Offline Full System installation is a software and hardware package for the maintenance, repair and diagnosis of Mercedes-Benz vehicles.\" \/>\n<meta property=\"og:url\" content=\"https:\/\/cartechdiagnostic.com\/en\/urun\/mercedes-offline-full-system-certificate\/\" \/>\n<meta property=\"og:site_name\" content=\"Car-Tech Diagnostic\" \/>\n<meta property=\"article:modified_time\" content=\"2025-05-31T00:33:26+00:00\" \/>\n<meta property=\"og:image\" content=\"https:\/\/cartechdiagnostic.com\/wp-content\/uploads\/2024\/05\/YAZILIMLAR-22.png\" \/>\n\t<meta property=\"og:image:width\" content=\"1080\" \/>\n\t<meta property=\"og:image:height\" content=\"1080\" \/>\n\t<meta property=\"og:image:type\" content=\"image\/png\" \/>\n<meta name=\"twitter:card\" content=\"summary_large_image\" \/>\n<meta name=\"twitter:label1\" content=\"Est. reading time\" \/>\n\t<meta name=\"twitter:data1\" content=\"1 minute\" \/>\n<script type=\"application\/ld+json\" class=\"yoast-schema-graph\">{\"@context\":\"https:\/\/schema.org\",\"@graph\":[{\"@type\":\"WebPage\",\"@id\":\"https:\/\/cartechdiagnostic.com\/en\/urun\/mercedes-offline-full-system-certificate\/\",\"url\":\"https:\/\/cartechdiagnostic.com\/en\/urun\/mercedes-offline-full-system-certificate\/\",\"name\":\"Mercedes Offline Full System &amp; Certificate - Car-Tech Diagnostic\",\"isPartOf\":{\"@id\":\"https:\/\/www.cartechdiagnostic.com\/en\/#website\"},\"primaryImageOfPage\":{\"@id\":\"https:\/\/cartechdiagnostic.com\/en\/urun\/mercedes-offline-full-system-certificate\/#primaryimage\"},\"image\":{\"@id\":\"https:\/\/cartechdiagnostic.com\/en\/urun\/mercedes-offline-full-system-certificate\/#primaryimage\"},\"thumbnailUrl\":\"https:\/\/cartechdiagnostic.com\/wp-content\/uploads\/2024\/05\/YAZILIMLAR-22.png\",\"datePublished\":\"2024-05-12T13:42:01+00:00\",\"dateModified\":\"2025-05-31T00:33:26+00:00\",\"breadcrumb\":{\"@id\":\"https:\/\/cartechdiagnostic.com\/en\/urun\/mercedes-offline-full-system-certificate\/#breadcrumb\"},\"inLanguage\":\"en-US\",\"potentialAction\":[{\"@type\":\"ReadAction\",\"target\":[\"https:\/\/cartechdiagnostic.com\/en\/urun\/mercedes-offline-full-system-certificate\/\"]}]},{\"@type\":\"ImageObject\",\"inLanguage\":\"en-US\",\"@id\":\"https:\/\/cartechdiagnostic.com\/en\/urun\/mercedes-offline-full-system-certificate\/#primaryimage\",\"url\":\"https:\/\/cartechdiagnostic.com\/wp-content\/uploads\/2024\/05\/YAZILIMLAR-22.png\",\"contentUrl\":\"https:\/\/cartechdiagnostic.com\/wp-content\/uploads\/2024\/05\/YAZILIMLAR-22.png\",\"width\":1080,\"height\":1080},{\"@type\":\"BreadcrumbList\",\"@id\":\"https:\/\/cartechdiagnostic.com\/en\/urun\/mercedes-offline-full-system-certificate\/#breadcrumb\",\"itemListElement\":[{\"@type\":\"ListItem\",\"position\":1,\"name\":\"Anasayfa\",\"item\":\"https:\/\/www.cartechdiagnostic.com\/en\/\"},{\"@type\":\"ListItem\",\"position\":2,\"name\":\"Ma\u011faza\",\"item\":\"https:\/\/www.cartechdiagnostic.com\/magaza\/\"},{\"@type\":\"ListItem\",\"position\":3,\"name\":\"Mercedes Offline Full System &amp; Certificate\"}]},{\"@type\":\"WebSite\",\"@id\":\"https:\/\/www.cartechdiagnostic.com\/en\/#website\",\"url\":\"https:\/\/www.cartechdiagnostic.com\/en\/\",\"name\":\"Car-Tech Diagnostic\",\"description\":\"Ar\u0131za Tespit Cihazlar\u0131 - ECU Programlama Cihazlar\u0131\",\"publisher\":{\"@id\":\"https:\/\/www.cartechdiagnostic.com\/en\/#organization\"},\"alternateName\":\"Car-Tech Diag\",\"potentialAction\":[{\"@type\":\"SearchAction\",\"target\":{\"@type\":\"EntryPoint\",\"urlTemplate\":\"https:\/\/www.cartechdiagnostic.com\/en\/?s={search_term_string}\"},\"query-input\":\"required name=search_term_string\"}],\"inLanguage\":\"en-US\"},{\"@type\":\"Organization\",\"@id\":\"https:\/\/www.cartechdiagnostic.com\/en\/#organization\",\"name\":\"Car-Tech Diagnostic Yaz\u0131l\u0131m Ltd. \u015eti.\",\"url\":\"https:\/\/www.cartechdiagnostic.com\/en\/\",\"logo\":{\"@type\":\"ImageObject\",\"inLanguage\":\"en-US\",\"@id\":\"https:\/\/www.cartechdiagnostic.com\/en\/#\/schema\/logo\/image\/\",\"url\":\"https:\/\/cartechdiagnostic.com\/wp-content\/uploads\/2023\/08\/logocartech.png\",\"contentUrl\":\"https:\/\/cartechdiagnostic.com\/wp-content\/uploads\/2023\/08\/logocartech.png\",\"width\":714,\"height\":340,\"caption\":\"Car-Tech Diagnostic Yaz\u0131l\u0131m Ltd. \u015eti.\"},\"image\":{\"@id\":\"https:\/\/www.cartechdiagnostic.com\/en\/#\/schema\/logo\/image\/\"},\"sameAs\":[\"https:\/\/www.instagram.com\/cartechdiagnostic\"]}]}<\/script>\n<!-- \/ Yoast SEO plugin. -->","yoast_head_json":{"title":"Mercedes Offline Full System &amp; Certificate - Car-Tech Diagnostic","robots":{"index":"index","follow":"follow","max-snippet":"max-snippet:-1","max-image-preview":"max-image-preview:large","max-video-preview":"max-video-preview:-1"},"canonical":"https:\/\/cartechdiagnostic.com\/en\/urun\/mercedes-offline-full-system-certificate\/","og_locale":"en_US","og_type":"article","og_title":"Mercedes Offline Full System &amp; Certificate - Car-Tech Diagnostic","og_description":"The Mercedes Offline Full System installation is a software and hardware package for the maintenance, repair and diagnosis of Mercedes-Benz vehicles.","og_url":"https:\/\/cartechdiagnostic.com\/en\/urun\/mercedes-offline-full-system-certificate\/","og_site_name":"Car-Tech Diagnostic","article_modified_time":"2025-05-31T00:33:26+00:00","og_image":[{"width":1080,"height":1080,"url":"https:\/\/cartechdiagnostic.com\/wp-content\/uploads\/2024\/05\/YAZILIMLAR-22.png","type":"image\/png"}],"twitter_card":"summary_large_image","twitter_misc":{"Est. reading time":"1 minute"},"schema":{"@context":"https:\/\/schema.org","@graph":[{"@type":"WebPage","@id":"https:\/\/cartechdiagnostic.com\/en\/urun\/mercedes-offline-full-system-certificate\/","url":"https:\/\/cartechdiagnostic.com\/en\/urun\/mercedes-offline-full-system-certificate\/","name":"Mercedes Offline Full System &amp; Certificate - Car-Tech Diagnostic","isPartOf":{"@id":"https:\/\/www.cartechdiagnostic.com\/en\/#website"},"primaryImageOfPage":{"@id":"https:\/\/cartechdiagnostic.com\/en\/urun\/mercedes-offline-full-system-certificate\/#primaryimage"},"image":{"@id":"https:\/\/cartechdiagnostic.com\/en\/urun\/mercedes-offline-full-system-certificate\/#primaryimage"},"thumbnailUrl":"https:\/\/cartechdiagnostic.com\/wp-content\/uploads\/2024\/05\/YAZILIMLAR-22.png","datePublished":"2024-05-12T13:42:01+00:00","dateModified":"2025-05-31T00:33:26+00:00","breadcrumb":{"@id":"https:\/\/cartechdiagnostic.com\/en\/urun\/mercedes-offline-full-system-certificate\/#breadcrumb"},"inLanguage":"en-US","potentialAction":[{"@type":"ReadAction","target":["https:\/\/cartechdiagnostic.com\/en\/urun\/mercedes-offline-full-system-certificate\/"]}]},{"@type":"ImageObject","inLanguage":"en-US","@id":"https:\/\/cartechdiagnostic.com\/en\/urun\/mercedes-offline-full-system-certificate\/#primaryimage","url":"https:\/\/cartechdiagnostic.com\/wp-content\/uploads\/2024\/05\/YAZILIMLAR-22.png","contentUrl":"https:\/\/cartechdiagnostic.com\/wp-content\/uploads\/2024\/05\/YAZILIMLAR-22.png","width":1080,"height":1080},{"@type":"BreadcrumbList","@id":"https:\/\/cartechdiagnostic.com\/en\/urun\/mercedes-offline-full-system-certificate\/#breadcrumb","itemListElement":[{"@type":"ListItem","position":1,"name":"Anasayfa","item":"https:\/\/www.cartechdiagnostic.com\/en\/"},{"@type":"ListItem","position":2,"name":"Ma\u011faza","item":"https:\/\/www.cartechdiagnostic.com\/magaza\/"},{"@type":"ListItem","position":3,"name":"Mercedes Offline Full System &amp; Certificate"}]},{"@type":"WebSite","@id":"https:\/\/www.cartechdiagnostic.com\/en\/#website","url":"https:\/\/www.cartechdiagnostic.com\/en\/","name":"Car-Tech Diagnostic","description":"Ar\u0131za Tespit Cihazlar\u0131 - ECU Programlama Cihazlar\u0131","publisher":{"@id":"https:\/\/www.cartechdiagnostic.com\/en\/#organization"},"alternateName":"Car-Tech Diag","potentialAction":[{"@type":"SearchAction","target":{"@type":"EntryPoint","urlTemplate":"https:\/\/www.cartechdiagnostic.com\/en\/?s={search_term_string}"},"query-input":"required name=search_term_string"}],"inLanguage":"en-US"},{"@type":"Organization","@id":"https:\/\/www.cartechdiagnostic.com\/en\/#organization","name":"Car-Tech Diagnostic Yaz\u0131l\u0131m Ltd. \u015eti.","url":"https:\/\/www.cartechdiagnostic.com\/en\/","logo":{"@type":"ImageObject","inLanguage":"en-US","@id":"https:\/\/www.cartechdiagnostic.com\/en\/#\/schema\/logo\/image\/","url":"https:\/\/cartechdiagnostic.com\/wp-content\/uploads\/2023\/08\/logocartech.png","contentUrl":"https:\/\/cartechdiagnostic.com\/wp-content\/uploads\/2023\/08\/logocartech.png","width":714,"height":340,"caption":"Car-Tech Diagnostic Yaz\u0131l\u0131m Ltd. \u015eti."},"image":{"@id":"https:\/\/www.cartechdiagnostic.com\/en\/#\/schema\/logo\/image\/"},"sameAs":["https:\/\/www.instagram.com\/cartechdiagnostic"]}]}},"_links":{"self":[{"href":"https:\/\/cartechdiagnostic.com\/en\/wp-json\/wp\/v2\/product\/18100","targetHints":{"allow":["GET"]}}],"collection":[{"href":"https:\/\/cartechdiagnostic.com\/en\/wp-json\/wp\/v2\/product"}],"about":[{"href":"https:\/\/cartechdiagnostic.com\/en\/wp-json\/wp\/v2\/types\/product"}],"replies":[{"embeddable":true,"href":"https:\/\/cartechdiagnostic.com\/en\/wp-json\/wp\/v2\/comments?post=18100"}],"version-history":[{"count":0,"href":"https:\/\/cartechdiagnostic.com\/en\/wp-json\/wp\/v2\/product\/18100\/revisions"}],"wp:featuredmedia":[{"embeddable":true,"href":"https:\/\/cartechdiagnostic.com\/en\/wp-json\/wp\/v2\/media\/17400"}],"wp:attachment":[{"href":"https:\/\/cartechdiagnostic.com\/en\/wp-json\/wp\/v2\/media?parent=18100"}],"wp:term":[{"taxonomy":"product_brand","embeddable":true,"href":"https:\/\/cartechdiagnostic.com\/en\/wp-json\/wp\/v2\/product_brand?post=18100"},{"taxonomy":"product_cat","embeddable":true,"href":"https:\/\/cartechdiagnostic.com\/en\/wp-json\/wp\/v2\/product_cat?post=18100"},{"taxonomy":"product_tag","embeddable":true,"href":"https:\/\/cartechdiagnostic.com\/en\/wp-json\/wp\/v2\/product_tag?post=18100"}],"curies":[{"name":"wp","href":"https:\/\/api.w.org\/{rel}","templated":true}]}}