{"id":18109,"date":"2024-05-12T16:41:33","date_gmt":"2024-05-12T13:41:33","guid":{"rendered":"https:\/urun\/vag-vas-odis-service-odis-engineering-flash-files-elsawin-petka\/"},"modified":"2024-05-12T16:41:33","modified_gmt":"2024-05-12T13:41:33","slug":"vag-vas-odis-service-odis-engineering-flash-files-elsawin-petka","status":"publish","type":"product","link":"https:\/\/cartechdiagnostic.com\/en\/urun\/vag-vas-odis-service-odis-engineering-flash-files-elsawin-petka\/","title":{"rendered":"VAG : VAS &amp; ODIS SERVICE &amp; ODIS Engineering &amp; Flash Files &amp; Elsawin &amp; Petka"},"content":{"rendered":"<div class=\"flex-1 overflow-hidden\">\n<div class=\"react-scroll-to-bottom--css-fkhbg-79elbk h-full\">\n<div class=\"react-scroll-to-bottom--css-fkhbg-1n7m0yu\">\n<div>\n<div class=\"flex flex-col text-sm pb-9\">\n<div class=\"w-full text-token-text-primary\" dir=\"auto\" data-testid=\"conversation-turn-11\" data-scroll-anchor=\"true\">\n<div class=\"py-2 px-3 text-base md:px-4 m-auto md:px-5 lg:px-1 xl:px-5\">\n<div class=\"mx-auto flex flex-1 gap-3 text-base juice:gap-4 juice:md:gap-6 md:max-w-3xl lg:max-w-[40rem] xl:max-w-[48rem]\">\n<div class=\"relative flex w-full min-w-0 flex-col agent-turn\">\n<div class=\"flex-col gap-1 md:gap-3\">\n<div class=\"flex flex-grow flex-col max-w-full\">\n<div class=\"min-h-[20px] text-message flex flex-col items-start whitespace-pre-wrap break-words [.text-message+&amp;]:mt-5 juice:w-full juice:items-end overflow-x-auto gap-3\" dir=\"auto\" data-message-author-role=\"assistant\" data-message-id=\"199220c0-7946-4c07-81cf-0b9a7aff7196\">\n<div class=\"markdown prose w-full break-words dark:prose-invert light\">\n<ol>\n<li><strong>VAS (VAG-COM Diagnostic System)<\/strong>: The diagnostic tool of the Volkswagen Group. VAS performs vehicle diagnostics, reading fault codes, checking the status of sensors, software updates and other diagnostic and programming operations.<\/li>\n<li><strong>ODIS SERVICE<\/strong>: It is a software package used for the diagnosis and servicing of Volkswagen Group vehicles. ODIS SERVICE performs service operations such as vehicle diagnostics, software updates, maintenance and repair operations.<\/li>\n<li><strong>ODIS Engineering<\/strong>: Like ODIS SERVICE, ODIS Engineering is a software package for diagnostics and programming of Volkswagen Group vehicles. However, ODIS Engineering offers broader diagnostic capabilities and special programming options. It is especially used for special operations such as modifying vehicles or activating special functions.<\/li>\n<li><strong>Flash Files<\/strong>: Files used for software updates. These files are used to upload new software to the control units of vehicles. They are updated regularly to improve the performance, safety and emissions of vehicles.<\/li>\n<li><strong>Elsawin<\/strong> A digital repair manual and database containing repair and maintenance information for Volkswagen Group vehicles. It contains repair and maintenance procedures electronically.<\/li>\n<li><strong>Petka<\/strong>: This is a software tool used to perform special operations of Volkswagen Group vehicles. It is especially used for special operations such as key programming, immobiliser operations.<\/li>\n<\/ol>\n<p>These tools and software packages are used by authorised service centres and dealers for Volkswagen Group brands. In this way, operations such as diagnosis, maintenance and programming of vehicles are carried out effectively and reliably.<\/p>\n<\/div>\n<\/div>\n<\/div>\n<div class=\"mt-1 flex gap-3 empty:hidden juice:-ml-3\">\n<div class=\"-ml-1 mt-0 flex h-7 items-center justify-center gap-[2px] self-end text-gray-400 lg:justify-start lg:self-center visible\">\n<p>&nbsp;<\/p>\n<div class=\"flex\"><\/div>\n<\/div>\n<\/div>\n<div class=\"pr-2 lg:pr-0\"><\/div>\n<\/div>\n<div class=\"absolute\">\n<div class=\"flex w-full gap-2 items-center justify-center\"><\/div>\n<\/div>\n<\/div>\n<\/div>\n<\/div>\n<\/div>\n<\/div>\n<\/div>\n<\/div>\n<\/div>\n<\/div>\n<div class=\"w-full md:pt-0 dark:border-white\/20 md:border-transparent md:dark:border-transparent md:w-[calc(100%-.5rem)] juice:w-full\">\n<div class=\"px-3 text-base md:px-4 m-auto md:px-5 lg:px-1 xl:px-5\">\n<div class=\"mx-auto flex flex-1 gap-3 text-base juice:gap-4 juice:md:gap-6 md:max-w-3xl lg:max-w-[40rem] xl:max-w-[48rem]\">\n<div class=\"relative flex h-full max-w-full flex-1 flex-col\">\n<div class=\"absolute bottom-full left-0 right-0\"><\/div>\n<div class=\"flex w-full items-center\"><\/div>\n<\/div>\n<\/div>\n<\/div>\n<\/div>\n","protected":false},"excerpt":{"rendered":"<p>VAG (Volkswagen Aktiengesellschaft) is a car manufacturer covering brands such as Volkswagen, Audi, Seat, Skoda. There are a number of tools and software packages for diagnostics, maintenance and software updates for these brands. This package contains this software.<\/p>\n","protected":false},"featured_media":17455,"comment_status":"open","ping_status":"closed","template":"","meta":{"_joinchat":[]},"product_brand":[],"product_cat":[1363],"product_tag":[],"class_list":{"0":"post-18109","1":"product","2":"type-product","3":"status-publish","4":"has-post-thumbnail","6":"product_cat-offline-software-en-2","8":"first","9":"instock","10":"shipping-taxable","11":"purchasable","12":"product-type-simple"},"yoast_head":"<!-- This site is optimized with the Yoast SEO plugin v22.8 - https:\/\/yoast.com\/wordpress\/plugins\/seo\/ -->\n<title>VAG : VAS &amp; ODIS SERVICE &amp; ODIS Engineering &amp; Flash Files &amp; Elsawin &amp; Petka - Car-Tech Diagnostic<\/title>\n<meta name=\"robots\" content=\"index, follow, max-snippet:-1, max-image-preview:large, max-video-preview:-1\" \/>\n<link rel=\"canonical\" href=\"https:\/\/cartechdiagnostic.com\/en\/urun\/vag-vas-odis-service-odis-engineering-flash-files-elsawin-petka\/\" \/>\n<meta property=\"og:locale\" content=\"en_US\" \/>\n<meta property=\"og:type\" content=\"article\" \/>\n<meta property=\"og:title\" content=\"VAG : VAS &amp; ODIS SERVICE &amp; ODIS Engineering &amp; Flash Files &amp; Elsawin &amp; Petka - Car-Tech Diagnostic\" \/>\n<meta property=\"og:description\" content=\"VAG (Volkswagen Aktiengesellschaft) is a car manufacturer covering brands such as Volkswagen, Audi, Seat, Skoda. There are a number of tools and software packages for diagnostics, maintenance and software updates for these brands. This package contains this software.\" \/>\n<meta property=\"og:url\" content=\"https:\/\/cartechdiagnostic.com\/en\/urun\/vag-vas-odis-service-odis-engineering-flash-files-elsawin-petka\/\" \/>\n<meta property=\"og:site_name\" content=\"Car-Tech Diagnostic\" \/>\n<meta property=\"og:image\" content=\"https:\/\/cartechdiagnostic.com\/wp-content\/uploads\/2024\/05\/odisservice_elsawin_petka-1.png\" \/>\n\t<meta property=\"og:image:width\" content=\"1080\" \/>\n\t<meta property=\"og:image:height\" content=\"1080\" \/>\n\t<meta property=\"og:image:type\" content=\"image\/png\" \/>\n<meta name=\"twitter:card\" content=\"summary_large_image\" \/>\n<meta name=\"twitter:label1\" content=\"Est. reading time\" \/>\n\t<meta name=\"twitter:data1\" content=\"1 minute\" \/>\n<script type=\"application\/ld+json\" class=\"yoast-schema-graph\">{\"@context\":\"https:\/\/schema.org\",\"@graph\":[{\"@type\":\"WebPage\",\"@id\":\"https:\/\/cartechdiagnostic.com\/en\/urun\/vag-vas-odis-service-odis-engineering-flash-files-elsawin-petka\/\",\"url\":\"https:\/\/cartechdiagnostic.com\/en\/urun\/vag-vas-odis-service-odis-engineering-flash-files-elsawin-petka\/\",\"name\":\"VAG : VAS &amp; ODIS SERVICE &amp; ODIS Engineering &amp; Flash Files &amp; Elsawin &amp; Petka - Car-Tech Diagnostic\",\"isPartOf\":{\"@id\":\"https:\/\/www.cartechdiagnostic.com\/en\/#website\"},\"primaryImageOfPage\":{\"@id\":\"https:\/\/cartechdiagnostic.com\/en\/urun\/vag-vas-odis-service-odis-engineering-flash-files-elsawin-petka\/#primaryimage\"},\"image\":{\"@id\":\"https:\/\/cartechdiagnostic.com\/en\/urun\/vag-vas-odis-service-odis-engineering-flash-files-elsawin-petka\/#primaryimage\"},\"thumbnailUrl\":\"https:\/\/cartechdiagnostic.com\/wp-content\/uploads\/2024\/05\/odisservice_elsawin_petka-1.png\",\"datePublished\":\"2024-05-12T13:41:33+00:00\",\"dateModified\":\"2024-05-12T13:41:33+00:00\",\"breadcrumb\":{\"@id\":\"https:\/\/cartechdiagnostic.com\/en\/urun\/vag-vas-odis-service-odis-engineering-flash-files-elsawin-petka\/#breadcrumb\"},\"inLanguage\":\"en-US\",\"potentialAction\":[{\"@type\":\"ReadAction\",\"target\":[\"https:\/\/cartechdiagnostic.com\/en\/urun\/vag-vas-odis-service-odis-engineering-flash-files-elsawin-petka\/\"]}]},{\"@type\":\"ImageObject\",\"inLanguage\":\"en-US\",\"@id\":\"https:\/\/cartechdiagnostic.com\/en\/urun\/vag-vas-odis-service-odis-engineering-flash-files-elsawin-petka\/#primaryimage\",\"url\":\"https:\/\/cartechdiagnostic.com\/wp-content\/uploads\/2024\/05\/odisservice_elsawin_petka-1.png\",\"contentUrl\":\"https:\/\/cartechdiagnostic.com\/wp-content\/uploads\/2024\/05\/odisservice_elsawin_petka-1.png\",\"width\":1080,\"height\":1080},{\"@type\":\"BreadcrumbList\",\"@id\":\"https:\/\/cartechdiagnostic.com\/en\/urun\/vag-vas-odis-service-odis-engineering-flash-files-elsawin-petka\/#breadcrumb\",\"itemListElement\":[{\"@type\":\"ListItem\",\"position\":1,\"name\":\"Anasayfa\",\"item\":\"https:\/\/www.cartechdiagnostic.com\/en\/\"},{\"@type\":\"ListItem\",\"position\":2,\"name\":\"Ma\u011faza\",\"item\":\"https:\/\/www.cartechdiagnostic.com\/magaza\/\"},{\"@type\":\"ListItem\",\"position\":3,\"name\":\"VAG : VAS &amp; ODIS SERVICE &amp; ODIS Engineering &amp; Flash Files &amp; Elsawin &amp; Petka\"}]},{\"@type\":\"WebSite\",\"@id\":\"https:\/\/www.cartechdiagnostic.com\/en\/#website\",\"url\":\"https:\/\/www.cartechdiagnostic.com\/en\/\",\"name\":\"Car-Tech Diagnostic\",\"description\":\"Ar\u0131za Tespit Cihazlar\u0131 - ECU Programlama Cihazlar\u0131\",\"publisher\":{\"@id\":\"https:\/\/www.cartechdiagnostic.com\/en\/#organization\"},\"alternateName\":\"Car-Tech Diag\",\"potentialAction\":[{\"@type\":\"SearchAction\",\"target\":{\"@type\":\"EntryPoint\",\"urlTemplate\":\"https:\/\/www.cartechdiagnostic.com\/en\/?s={search_term_string}\"},\"query-input\":\"required name=search_term_string\"}],\"inLanguage\":\"en-US\"},{\"@type\":\"Organization\",\"@id\":\"https:\/\/www.cartechdiagnostic.com\/en\/#organization\",\"name\":\"Car-Tech Diagnostic Yaz\u0131l\u0131m Ltd. \u015eti.\",\"url\":\"https:\/\/www.cartechdiagnostic.com\/en\/\",\"logo\":{\"@type\":\"ImageObject\",\"inLanguage\":\"en-US\",\"@id\":\"https:\/\/www.cartechdiagnostic.com\/en\/#\/schema\/logo\/image\/\",\"url\":\"https:\/\/cartechdiagnostic.com\/wp-content\/uploads\/2023\/08\/logocartech.png\",\"contentUrl\":\"https:\/\/cartechdiagnostic.com\/wp-content\/uploads\/2023\/08\/logocartech.png\",\"width\":714,\"height\":340,\"caption\":\"Car-Tech Diagnostic Yaz\u0131l\u0131m Ltd. \u015eti.\"},\"image\":{\"@id\":\"https:\/\/www.cartechdiagnostic.com\/en\/#\/schema\/logo\/image\/\"},\"sameAs\":[\"https:\/\/www.instagram.com\/cartechdiagnostic\"]}]}<\/script>\n<!-- \/ Yoast SEO plugin. -->","yoast_head_json":{"title":"VAG : VAS &amp; ODIS SERVICE &amp; ODIS Engineering &amp; Flash Files &amp; Elsawin &amp; Petka - Car-Tech Diagnostic","robots":{"index":"index","follow":"follow","max-snippet":"max-snippet:-1","max-image-preview":"max-image-preview:large","max-video-preview":"max-video-preview:-1"},"canonical":"https:\/\/cartechdiagnostic.com\/en\/urun\/vag-vas-odis-service-odis-engineering-flash-files-elsawin-petka\/","og_locale":"en_US","og_type":"article","og_title":"VAG : VAS &amp; ODIS SERVICE &amp; ODIS Engineering &amp; Flash Files &amp; Elsawin &amp; Petka - Car-Tech Diagnostic","og_description":"VAG (Volkswagen Aktiengesellschaft) is a car manufacturer covering brands such as Volkswagen, Audi, Seat, Skoda. There are a number of tools and software packages for diagnostics, maintenance and software updates for these brands. This package contains this software.","og_url":"https:\/\/cartechdiagnostic.com\/en\/urun\/vag-vas-odis-service-odis-engineering-flash-files-elsawin-petka\/","og_site_name":"Car-Tech Diagnostic","og_image":[{"width":1080,"height":1080,"url":"https:\/\/cartechdiagnostic.com\/wp-content\/uploads\/2024\/05\/odisservice_elsawin_petka-1.png","type":"image\/png"}],"twitter_card":"summary_large_image","twitter_misc":{"Est. reading time":"1 minute"},"schema":{"@context":"https:\/\/schema.org","@graph":[{"@type":"WebPage","@id":"https:\/\/cartechdiagnostic.com\/en\/urun\/vag-vas-odis-service-odis-engineering-flash-files-elsawin-petka\/","url":"https:\/\/cartechdiagnostic.com\/en\/urun\/vag-vas-odis-service-odis-engineering-flash-files-elsawin-petka\/","name":"VAG : VAS &amp; ODIS SERVICE &amp; ODIS Engineering &amp; Flash Files &amp; Elsawin &amp; Petka - Car-Tech Diagnostic","isPartOf":{"@id":"https:\/\/www.cartechdiagnostic.com\/en\/#website"},"primaryImageOfPage":{"@id":"https:\/\/cartechdiagnostic.com\/en\/urun\/vag-vas-odis-service-odis-engineering-flash-files-elsawin-petka\/#primaryimage"},"image":{"@id":"https:\/\/cartechdiagnostic.com\/en\/urun\/vag-vas-odis-service-odis-engineering-flash-files-elsawin-petka\/#primaryimage"},"thumbnailUrl":"https:\/\/cartechdiagnostic.com\/wp-content\/uploads\/2024\/05\/odisservice_elsawin_petka-1.png","datePublished":"2024-05-12T13:41:33+00:00","dateModified":"2024-05-12T13:41:33+00:00","breadcrumb":{"@id":"https:\/\/cartechdiagnostic.com\/en\/urun\/vag-vas-odis-service-odis-engineering-flash-files-elsawin-petka\/#breadcrumb"},"inLanguage":"en-US","potentialAction":[{"@type":"ReadAction","target":["https:\/\/cartechdiagnostic.com\/en\/urun\/vag-vas-odis-service-odis-engineering-flash-files-elsawin-petka\/"]}]},{"@type":"ImageObject","inLanguage":"en-US","@id":"https:\/\/cartechdiagnostic.com\/en\/urun\/vag-vas-odis-service-odis-engineering-flash-files-elsawin-petka\/#primaryimage","url":"https:\/\/cartechdiagnostic.com\/wp-content\/uploads\/2024\/05\/odisservice_elsawin_petka-1.png","contentUrl":"https:\/\/cartechdiagnostic.com\/wp-content\/uploads\/2024\/05\/odisservice_elsawin_petka-1.png","width":1080,"height":1080},{"@type":"BreadcrumbList","@id":"https:\/\/cartechdiagnostic.com\/en\/urun\/vag-vas-odis-service-odis-engineering-flash-files-elsawin-petka\/#breadcrumb","itemListElement":[{"@type":"ListItem","position":1,"name":"Anasayfa","item":"https:\/\/www.cartechdiagnostic.com\/en\/"},{"@type":"ListItem","position":2,"name":"Ma\u011faza","item":"https:\/\/www.cartechdiagnostic.com\/magaza\/"},{"@type":"ListItem","position":3,"name":"VAG : VAS &amp; ODIS SERVICE &amp; ODIS Engineering &amp; Flash Files &amp; Elsawin &amp; Petka"}]},{"@type":"WebSite","@id":"https:\/\/www.cartechdiagnostic.com\/en\/#website","url":"https:\/\/www.cartechdiagnostic.com\/en\/","name":"Car-Tech Diagnostic","description":"Ar\u0131za Tespit Cihazlar\u0131 - ECU Programlama Cihazlar\u0131","publisher":{"@id":"https:\/\/www.cartechdiagnostic.com\/en\/#organization"},"alternateName":"Car-Tech Diag","potentialAction":[{"@type":"SearchAction","target":{"@type":"EntryPoint","urlTemplate":"https:\/\/www.cartechdiagnostic.com\/en\/?s={search_term_string}"},"query-input":"required name=search_term_string"}],"inLanguage":"en-US"},{"@type":"Organization","@id":"https:\/\/www.cartechdiagnostic.com\/en\/#organization","name":"Car-Tech Diagnostic Yaz\u0131l\u0131m Ltd. \u015eti.","url":"https:\/\/www.cartechdiagnostic.com\/en\/","logo":{"@type":"ImageObject","inLanguage":"en-US","@id":"https:\/\/www.cartechdiagnostic.com\/en\/#\/schema\/logo\/image\/","url":"https:\/\/cartechdiagnostic.com\/wp-content\/uploads\/2023\/08\/logocartech.png","contentUrl":"https:\/\/cartechdiagnostic.com\/wp-content\/uploads\/2023\/08\/logocartech.png","width":714,"height":340,"caption":"Car-Tech Diagnostic Yaz\u0131l\u0131m Ltd. \u015eti."},"image":{"@id":"https:\/\/www.cartechdiagnostic.com\/en\/#\/schema\/logo\/image\/"},"sameAs":["https:\/\/www.instagram.com\/cartechdiagnostic"]}]}},"_links":{"self":[{"href":"https:\/\/cartechdiagnostic.com\/en\/wp-json\/wp\/v2\/product\/18109","targetHints":{"allow":["GET"]}}],"collection":[{"href":"https:\/\/cartechdiagnostic.com\/en\/wp-json\/wp\/v2\/product"}],"about":[{"href":"https:\/\/cartechdiagnostic.com\/en\/wp-json\/wp\/v2\/types\/product"}],"replies":[{"embeddable":true,"href":"https:\/\/cartechdiagnostic.com\/en\/wp-json\/wp\/v2\/comments?post=18109"}],"version-history":[{"count":0,"href":"https:\/\/cartechdiagnostic.com\/en\/wp-json\/wp\/v2\/product\/18109\/revisions"}],"wp:featuredmedia":[{"embeddable":true,"href":"https:\/\/cartechdiagnostic.com\/en\/wp-json\/wp\/v2\/media\/17455"}],"wp:attachment":[{"href":"https:\/\/cartechdiagnostic.com\/en\/wp-json\/wp\/v2\/media?parent=18109"}],"wp:term":[{"taxonomy":"product_brand","embeddable":true,"href":"https:\/\/cartechdiagnostic.com\/en\/wp-json\/wp\/v2\/product_brand?post=18109"},{"taxonomy":"product_cat","embeddable":true,"href":"https:\/\/cartechdiagnostic.com\/en\/wp-json\/wp\/v2\/product_cat?post=18109"},{"taxonomy":"product_tag","embeddable":true,"href":"https:\/\/cartechdiagnostic.com\/en\/wp-json\/wp\/v2\/product_tag?post=18109"}],"curies":[{"name":"wp","href":"https:\/\/api.w.org\/{rel}","templated":true}]}}