{"id":18113,"date":"2024-05-11T17:22:58","date_gmt":"2024-05-11T14:22:58","guid":{"rendered":"https:\/urun\/opel-chevrolet-global-tis-tech2win-gds2-2\/"},"modified":"2024-05-11T17:22:58","modified_gmt":"2024-05-11T14:22:58","slug":"opel-chevrolet-global-tis-tech2win-gds2-2","status":"publish","type":"product","link":"https:\/\/cartechdiagnostic.com\/en\/urun\/opel-chevrolet-global-tis-tech2win-gds2-2\/","title":{"rendered":"Opel &amp; Chevrolet Global TIS + Tech2win + GDS2"},"content":{"rendered":"<p>Global TIS (Technical Information System), Tech2win and GDS2 for Opel and Chevrolet are software packages for diagnostics, programming and maintenance.<\/p>\n<ol>\n<li><strong>Global TIS (Technical Information System)<\/strong>: This software is used for diagnostics, access to service information and programming of Opel and Chevrolet vehicles. Global TIS provides access to vehicles&#8217; electronic control modules (ECUs), reads fault codes, checks the status of sensors, performs software updates and performs other diagnostic and programming operations. In addition, Global TIS provides access to repair manuals, technical service bulletins and vehicle service information.<\/li>\n<li><strong>Tech2win<\/strong>: Tech2win is a software interface for diagnostics and programming of Opel and Chevrolet vehicles. This software brings the functionality of the GM Tech 2 diagnostic tool to a PC. Tech2win performs diagnostics of vehicles, reading fault codes, checking sensors, programming operations and other diagnostics.<\/li>\n<li><strong>GDS2 (Global Diagnostic System 2)<\/strong>: GDS2 is a software interface for the diagnosis of GM vehicles (including Opel and Chevrolet). GDS2 performs diagnostics and programming of modern GM vehicles. This software provides access to the vehicles&#8217; electronic control modules (ECUs), reads fault codes, checks the status of sensors, performs software updates and performs other diagnostic and programming operations.<\/li>\n<\/ol>\n<p>This software is used by Opel and Chevrolet dealers and authorized service centers. This enables efficient diagnostics, maintenance and programming of vehicles, ensuring their performance and safety.<\/p>\n","protected":false},"excerpt":{"rendered":"<p>Global TIS (Technical Information System), Tech2win and GDS2 for Opel and Chevrolet are software packages for diagnostics, programming and maintenance.<\/p>\n","protected":false},"featured_media":17468,"comment_status":"open","ping_status":"closed","template":"","meta":{"_joinchat":[]},"product_brand":[],"product_cat":[1339],"product_tag":[],"class_list":{"0":"post-18113","1":"product","2":"type-product","3":"status-publish","4":"has-post-thumbnail","6":"product_cat-license-and-software","8":"first","9":"instock","10":"shipping-taxable","11":"purchasable","12":"product-type-simple"},"yoast_head":"<!-- This site is optimized with the Yoast SEO plugin v22.8 - https:\/\/yoast.com\/wordpress\/plugins\/seo\/ -->\n<title>Opel &amp; Chevrolet Global TIS + Tech2win + GDS2 - Car-Tech Diagnostic<\/title>\n<meta name=\"robots\" content=\"index, follow, max-snippet:-1, max-image-preview:large, max-video-preview:-1\" \/>\n<link rel=\"canonical\" href=\"https:\/\/cartechdiagnostic.com\/en\/urun\/opel-chevrolet-global-tis-tech2win-gds2-2\/\" \/>\n<meta property=\"og:locale\" content=\"en_US\" \/>\n<meta property=\"og:type\" content=\"article\" \/>\n<meta property=\"og:title\" content=\"Opel &amp; Chevrolet Global TIS + Tech2win + GDS2 - Car-Tech Diagnostic\" \/>\n<meta property=\"og:description\" content=\"Global TIS (Technical Information System), Tech2win and GDS2 for Opel and Chevrolet are software packages for diagnostics, programming and maintenance.\" \/>\n<meta property=\"og:url\" content=\"https:\/\/cartechdiagnostic.com\/en\/urun\/opel-chevrolet-global-tis-tech2win-gds2-2\/\" \/>\n<meta property=\"og:site_name\" content=\"Car-Tech Diagnostic\" \/>\n<meta property=\"og:image\" content=\"https:\/\/cartechdiagnostic.com\/wp-content\/uploads\/2024\/05\/chevroletopel-gds2-1.png\" \/>\n\t<meta property=\"og:image:width\" content=\"1080\" \/>\n\t<meta property=\"og:image:height\" content=\"1080\" \/>\n\t<meta property=\"og:image:type\" content=\"image\/png\" \/>\n<meta name=\"twitter:card\" content=\"summary_large_image\" \/>\n<meta name=\"twitter:label1\" content=\"Est. reading time\" \/>\n\t<meta name=\"twitter:data1\" content=\"1 minute\" \/>\n<script type=\"application\/ld+json\" class=\"yoast-schema-graph\">{\"@context\":\"https:\/\/schema.org\",\"@graph\":[{\"@type\":\"WebPage\",\"@id\":\"https:\/\/cartechdiagnostic.com\/en\/urun\/opel-chevrolet-global-tis-tech2win-gds2-2\/\",\"url\":\"https:\/\/cartechdiagnostic.com\/en\/urun\/opel-chevrolet-global-tis-tech2win-gds2-2\/\",\"name\":\"Opel &amp; Chevrolet Global TIS + Tech2win + GDS2 - Car-Tech Diagnostic\",\"isPartOf\":{\"@id\":\"https:\/\/www.cartechdiagnostic.com\/en\/#website\"},\"primaryImageOfPage\":{\"@id\":\"https:\/\/cartechdiagnostic.com\/en\/urun\/opel-chevrolet-global-tis-tech2win-gds2-2\/#primaryimage\"},\"image\":{\"@id\":\"https:\/\/cartechdiagnostic.com\/en\/urun\/opel-chevrolet-global-tis-tech2win-gds2-2\/#primaryimage\"},\"thumbnailUrl\":\"https:\/\/cartechdiagnostic.com\/wp-content\/uploads\/2024\/05\/chevroletopel-gds2-1.png\",\"datePublished\":\"2024-05-11T14:22:58+00:00\",\"dateModified\":\"2024-05-11T14:22:58+00:00\",\"breadcrumb\":{\"@id\":\"https:\/\/cartechdiagnostic.com\/en\/urun\/opel-chevrolet-global-tis-tech2win-gds2-2\/#breadcrumb\"},\"inLanguage\":\"en-US\",\"potentialAction\":[{\"@type\":\"ReadAction\",\"target\":[\"https:\/\/cartechdiagnostic.com\/en\/urun\/opel-chevrolet-global-tis-tech2win-gds2-2\/\"]}]},{\"@type\":\"ImageObject\",\"inLanguage\":\"en-US\",\"@id\":\"https:\/\/cartechdiagnostic.com\/en\/urun\/opel-chevrolet-global-tis-tech2win-gds2-2\/#primaryimage\",\"url\":\"https:\/\/cartechdiagnostic.com\/wp-content\/uploads\/2024\/05\/chevroletopel-gds2-1.png\",\"contentUrl\":\"https:\/\/cartechdiagnostic.com\/wp-content\/uploads\/2024\/05\/chevroletopel-gds2-1.png\",\"width\":1080,\"height\":1080},{\"@type\":\"BreadcrumbList\",\"@id\":\"https:\/\/cartechdiagnostic.com\/en\/urun\/opel-chevrolet-global-tis-tech2win-gds2-2\/#breadcrumb\",\"itemListElement\":[{\"@type\":\"ListItem\",\"position\":1,\"name\":\"Anasayfa\",\"item\":\"https:\/\/www.cartechdiagnostic.com\/en\/\"},{\"@type\":\"ListItem\",\"position\":2,\"name\":\"Ma\u011faza\",\"item\":\"https:\/\/www.cartechdiagnostic.com\/magaza\/\"},{\"@type\":\"ListItem\",\"position\":3,\"name\":\"Opel &amp; Chevrolet Global TIS + Tech2win + GDS2\"}]},{\"@type\":\"WebSite\",\"@id\":\"https:\/\/www.cartechdiagnostic.com\/en\/#website\",\"url\":\"https:\/\/www.cartechdiagnostic.com\/en\/\",\"name\":\"Car-Tech Diagnostic\",\"description\":\"Ar\u0131za Tespit Cihazlar\u0131 - ECU Programlama Cihazlar\u0131\",\"publisher\":{\"@id\":\"https:\/\/www.cartechdiagnostic.com\/en\/#organization\"},\"alternateName\":\"Car-Tech Diag\",\"potentialAction\":[{\"@type\":\"SearchAction\",\"target\":{\"@type\":\"EntryPoint\",\"urlTemplate\":\"https:\/\/www.cartechdiagnostic.com\/en\/?s={search_term_string}\"},\"query-input\":\"required name=search_term_string\"}],\"inLanguage\":\"en-US\"},{\"@type\":\"Organization\",\"@id\":\"https:\/\/www.cartechdiagnostic.com\/en\/#organization\",\"name\":\"Car-Tech Diagnostic Yaz\u0131l\u0131m Ltd. \u015eti.\",\"url\":\"https:\/\/www.cartechdiagnostic.com\/en\/\",\"logo\":{\"@type\":\"ImageObject\",\"inLanguage\":\"en-US\",\"@id\":\"https:\/\/www.cartechdiagnostic.com\/en\/#\/schema\/logo\/image\/\",\"url\":\"https:\/\/cartechdiagnostic.com\/wp-content\/uploads\/2023\/08\/logocartech.png\",\"contentUrl\":\"https:\/\/cartechdiagnostic.com\/wp-content\/uploads\/2023\/08\/logocartech.png\",\"width\":714,\"height\":340,\"caption\":\"Car-Tech Diagnostic Yaz\u0131l\u0131m Ltd. \u015eti.\"},\"image\":{\"@id\":\"https:\/\/www.cartechdiagnostic.com\/en\/#\/schema\/logo\/image\/\"},\"sameAs\":[\"https:\/\/www.instagram.com\/cartechdiagnostic\"]}]}<\/script>\n<!-- \/ Yoast SEO plugin. -->","yoast_head_json":{"title":"Opel &amp; Chevrolet Global TIS + Tech2win + GDS2 - Car-Tech Diagnostic","robots":{"index":"index","follow":"follow","max-snippet":"max-snippet:-1","max-image-preview":"max-image-preview:large","max-video-preview":"max-video-preview:-1"},"canonical":"https:\/\/cartechdiagnostic.com\/en\/urun\/opel-chevrolet-global-tis-tech2win-gds2-2\/","og_locale":"en_US","og_type":"article","og_title":"Opel &amp; Chevrolet Global TIS + Tech2win + GDS2 - Car-Tech Diagnostic","og_description":"Global TIS (Technical Information System), Tech2win and GDS2 for Opel and Chevrolet are software packages for diagnostics, programming and maintenance.","og_url":"https:\/\/cartechdiagnostic.com\/en\/urun\/opel-chevrolet-global-tis-tech2win-gds2-2\/","og_site_name":"Car-Tech Diagnostic","og_image":[{"width":1080,"height":1080,"url":"https:\/\/cartechdiagnostic.com\/wp-content\/uploads\/2024\/05\/chevroletopel-gds2-1.png","type":"image\/png"}],"twitter_card":"summary_large_image","twitter_misc":{"Est. reading time":"1 minute"},"schema":{"@context":"https:\/\/schema.org","@graph":[{"@type":"WebPage","@id":"https:\/\/cartechdiagnostic.com\/en\/urun\/opel-chevrolet-global-tis-tech2win-gds2-2\/","url":"https:\/\/cartechdiagnostic.com\/en\/urun\/opel-chevrolet-global-tis-tech2win-gds2-2\/","name":"Opel &amp; Chevrolet Global TIS + Tech2win + GDS2 - Car-Tech Diagnostic","isPartOf":{"@id":"https:\/\/www.cartechdiagnostic.com\/en\/#website"},"primaryImageOfPage":{"@id":"https:\/\/cartechdiagnostic.com\/en\/urun\/opel-chevrolet-global-tis-tech2win-gds2-2\/#primaryimage"},"image":{"@id":"https:\/\/cartechdiagnostic.com\/en\/urun\/opel-chevrolet-global-tis-tech2win-gds2-2\/#primaryimage"},"thumbnailUrl":"https:\/\/cartechdiagnostic.com\/wp-content\/uploads\/2024\/05\/chevroletopel-gds2-1.png","datePublished":"2024-05-11T14:22:58+00:00","dateModified":"2024-05-11T14:22:58+00:00","breadcrumb":{"@id":"https:\/\/cartechdiagnostic.com\/en\/urun\/opel-chevrolet-global-tis-tech2win-gds2-2\/#breadcrumb"},"inLanguage":"en-US","potentialAction":[{"@type":"ReadAction","target":["https:\/\/cartechdiagnostic.com\/en\/urun\/opel-chevrolet-global-tis-tech2win-gds2-2\/"]}]},{"@type":"ImageObject","inLanguage":"en-US","@id":"https:\/\/cartechdiagnostic.com\/en\/urun\/opel-chevrolet-global-tis-tech2win-gds2-2\/#primaryimage","url":"https:\/\/cartechdiagnostic.com\/wp-content\/uploads\/2024\/05\/chevroletopel-gds2-1.png","contentUrl":"https:\/\/cartechdiagnostic.com\/wp-content\/uploads\/2024\/05\/chevroletopel-gds2-1.png","width":1080,"height":1080},{"@type":"BreadcrumbList","@id":"https:\/\/cartechdiagnostic.com\/en\/urun\/opel-chevrolet-global-tis-tech2win-gds2-2\/#breadcrumb","itemListElement":[{"@type":"ListItem","position":1,"name":"Anasayfa","item":"https:\/\/www.cartechdiagnostic.com\/en\/"},{"@type":"ListItem","position":2,"name":"Ma\u011faza","item":"https:\/\/www.cartechdiagnostic.com\/magaza\/"},{"@type":"ListItem","position":3,"name":"Opel &amp; Chevrolet Global TIS + Tech2win + GDS2"}]},{"@type":"WebSite","@id":"https:\/\/www.cartechdiagnostic.com\/en\/#website","url":"https:\/\/www.cartechdiagnostic.com\/en\/","name":"Car-Tech Diagnostic","description":"Ar\u0131za Tespit Cihazlar\u0131 - ECU Programlama Cihazlar\u0131","publisher":{"@id":"https:\/\/www.cartechdiagnostic.com\/en\/#organization"},"alternateName":"Car-Tech Diag","potentialAction":[{"@type":"SearchAction","target":{"@type":"EntryPoint","urlTemplate":"https:\/\/www.cartechdiagnostic.com\/en\/?s={search_term_string}"},"query-input":"required name=search_term_string"}],"inLanguage":"en-US"},{"@type":"Organization","@id":"https:\/\/www.cartechdiagnostic.com\/en\/#organization","name":"Car-Tech Diagnostic Yaz\u0131l\u0131m Ltd. \u015eti.","url":"https:\/\/www.cartechdiagnostic.com\/en\/","logo":{"@type":"ImageObject","inLanguage":"en-US","@id":"https:\/\/www.cartechdiagnostic.com\/en\/#\/schema\/logo\/image\/","url":"https:\/\/cartechdiagnostic.com\/wp-content\/uploads\/2023\/08\/logocartech.png","contentUrl":"https:\/\/cartechdiagnostic.com\/wp-content\/uploads\/2023\/08\/logocartech.png","width":714,"height":340,"caption":"Car-Tech Diagnostic Yaz\u0131l\u0131m Ltd. \u015eti."},"image":{"@id":"https:\/\/www.cartechdiagnostic.com\/en\/#\/schema\/logo\/image\/"},"sameAs":["https:\/\/www.instagram.com\/cartechdiagnostic"]}]}},"_links":{"self":[{"href":"https:\/\/cartechdiagnostic.com\/en\/wp-json\/wp\/v2\/product\/18113","targetHints":{"allow":["GET"]}}],"collection":[{"href":"https:\/\/cartechdiagnostic.com\/en\/wp-json\/wp\/v2\/product"}],"about":[{"href":"https:\/\/cartechdiagnostic.com\/en\/wp-json\/wp\/v2\/types\/product"}],"replies":[{"embeddable":true,"href":"https:\/\/cartechdiagnostic.com\/en\/wp-json\/wp\/v2\/comments?post=18113"}],"version-history":[{"count":0,"href":"https:\/\/cartechdiagnostic.com\/en\/wp-json\/wp\/v2\/product\/18113\/revisions"}],"wp:featuredmedia":[{"embeddable":true,"href":"https:\/\/cartechdiagnostic.com\/en\/wp-json\/wp\/v2\/media\/17468"}],"wp:attachment":[{"href":"https:\/\/cartechdiagnostic.com\/en\/wp-json\/wp\/v2\/media?parent=18113"}],"wp:term":[{"taxonomy":"product_brand","embeddable":true,"href":"https:\/\/cartechdiagnostic.com\/en\/wp-json\/wp\/v2\/product_brand?post=18113"},{"taxonomy":"product_cat","embeddable":true,"href":"https:\/\/cartechdiagnostic.com\/en\/wp-json\/wp\/v2\/product_cat?post=18113"},{"taxonomy":"product_tag","embeddable":true,"href":"https:\/\/cartechdiagnostic.com\/en\/wp-json\/wp\/v2\/product_tag?post=18113"}],"curies":[{"name":"wp","href":"https:\/\/api.w.org\/{rel}","templated":true}]}}