{"id":18117,"date":"2024-05-11T16:41:13","date_gmt":"2024-05-11T13:41:13","guid":{"rendered":"https:\/urun\/jaguar-land-rover-sdd-offline-pathfinder-calculator-ccf-editor-2\/"},"modified":"2024-05-11T16:41:13","modified_gmt":"2024-05-11T13:41:13","slug":"jaguar-land-rover-sdd-offline-pathfinder-calculator-ccf-editor-2","status":"publish","type":"product","link":"https:\/\/cartechdiagnostic.com\/en\/urun\/jaguar-land-rover-sdd-offline-pathfinder-calculator-ccf-editor-2\/","title":{"rendered":"Jaguar &amp; Land Rover SDD (Offline) + Pathfinder + Calculator + CCF Edit\u00f6r"},"content":{"rendered":"<ol>\n<li><strong>SDD (Symptom Driven Diagnostics)<\/strong> &#8211; Offline: SDD is an interface for diagnostics and programming of Jaguar and Land Rover vehicles. The offline version does not require an internet connection and connects directly with the vehicles to perform diagnostics and programming. The SDD provides access to vehicles&#8217; electronic control modules (ECUs), reads fault codes, checks the status of sensors, performs software updates and performs other diagnostic and programming operations.<\/li>\n<li><strong>Pathfinder <\/strong> Pathfinder is a software tool for managing and applying software updates for Jaguar and Land Rover vehicles. Pathfinder is used to install and update new software on the vehicles&#8217; control modules.<\/li>\n<li><strong>Calculator:<\/strong> This is a software tool for managing the electronic safety systems of vehicles. It is especially used for special operations such as key programming, immobilizer operations.<\/li>\n<li><strong>CCF Editor (Configuration and Calibration File Editor)<\/strong>: CCF Editor is a software tool for editing configuration and calibration files of vehicles. These files contain the properties and settings of the tools and are used to make customized changes.<\/li>\n<\/ol>\n<p>These tools and software are used by Jaguar and Land Rover dealers and authorized service centers. This enables efficient vehicle diagnostics, maintenance, software updates and special operations, ensuring vehicle performance and safety.<\/p>\n","protected":false},"excerpt":{"rendered":"<p><strong>There is a range of tools and software used to diagnose and program Jaguar and Land Rover vehicles. This package includes the necessary software.<\/strong><\/p>\n","protected":false},"featured_media":17462,"comment_status":"open","ping_status":"closed","template":"","meta":{"_joinchat":[]},"product_brand":[],"product_cat":[1339,1340],"product_tag":[],"class_list":{"0":"post-18117","1":"product","2":"type-product","3":"status-publish","4":"has-post-thumbnail","6":"product_cat-license-and-software","7":"product_cat-offline-software-en","9":"first","10":"instock","11":"shipping-taxable","12":"purchasable","13":"product-type-simple"},"yoast_head":"<!-- This site is optimized with the Yoast SEO plugin v22.8 - https:\/\/yoast.com\/wordpress\/plugins\/seo\/ -->\n<title>Jaguar &amp; Land Rover SDD (Offline) + Pathfinder + Calculator + CCF Edit\u00f6r - Car-Tech Diagnostic<\/title>\n<meta name=\"robots\" content=\"index, follow, max-snippet:-1, max-image-preview:large, max-video-preview:-1\" \/>\n<link rel=\"canonical\" href=\"https:\/\/cartechdiagnostic.com\/en\/urun\/jaguar-land-rover-sdd-offline-pathfinder-calculator-ccf-editor-2\/\" \/>\n<meta property=\"og:locale\" content=\"en_US\" \/>\n<meta property=\"og:type\" content=\"article\" \/>\n<meta property=\"og:title\" content=\"Jaguar &amp; Land Rover SDD (Offline) + Pathfinder + Calculator + CCF Edit\u00f6r - Car-Tech Diagnostic\" \/>\n<meta property=\"og:description\" content=\"There is a range of tools and software used to diagnose and program Jaguar and Land Rover vehicles. This package includes the necessary software.\" \/>\n<meta property=\"og:url\" content=\"https:\/\/cartechdiagnostic.com\/en\/urun\/jaguar-land-rover-sdd-offline-pathfinder-calculator-ccf-editor-2\/\" \/>\n<meta property=\"og:site_name\" content=\"Car-Tech Diagnostic\" \/>\n<meta property=\"og:image\" content=\"https:\/\/cartechdiagnostic.com\/wp-content\/uploads\/2024\/05\/jaguarlandrover_offline-1.png\" \/>\n\t<meta property=\"og:image:width\" content=\"1080\" \/>\n\t<meta property=\"og:image:height\" content=\"1080\" \/>\n\t<meta property=\"og:image:type\" content=\"image\/png\" \/>\n<meta name=\"twitter:card\" content=\"summary_large_image\" \/>\n<meta name=\"twitter:label1\" content=\"Est. reading time\" \/>\n\t<meta name=\"twitter:data1\" content=\"1 minute\" \/>\n<script type=\"application\/ld+json\" class=\"yoast-schema-graph\">{\"@context\":\"https:\/\/schema.org\",\"@graph\":[{\"@type\":\"WebPage\",\"@id\":\"https:\/\/cartechdiagnostic.com\/en\/urun\/jaguar-land-rover-sdd-offline-pathfinder-calculator-ccf-editor-2\/\",\"url\":\"https:\/\/cartechdiagnostic.com\/en\/urun\/jaguar-land-rover-sdd-offline-pathfinder-calculator-ccf-editor-2\/\",\"name\":\"Jaguar &amp; Land Rover SDD (Offline) + Pathfinder + Calculator + CCF Edit\u00f6r - Car-Tech Diagnostic\",\"isPartOf\":{\"@id\":\"https:\/\/www.cartechdiagnostic.com\/en\/#website\"},\"primaryImageOfPage\":{\"@id\":\"https:\/\/cartechdiagnostic.com\/en\/urun\/jaguar-land-rover-sdd-offline-pathfinder-calculator-ccf-editor-2\/#primaryimage\"},\"image\":{\"@id\":\"https:\/\/cartechdiagnostic.com\/en\/urun\/jaguar-land-rover-sdd-offline-pathfinder-calculator-ccf-editor-2\/#primaryimage\"},\"thumbnailUrl\":\"https:\/\/cartechdiagnostic.com\/wp-content\/uploads\/2024\/05\/jaguarlandrover_offline-1.png\",\"datePublished\":\"2024-05-11T13:41:13+00:00\",\"dateModified\":\"2024-05-11T13:41:13+00:00\",\"breadcrumb\":{\"@id\":\"https:\/\/cartechdiagnostic.com\/en\/urun\/jaguar-land-rover-sdd-offline-pathfinder-calculator-ccf-editor-2\/#breadcrumb\"},\"inLanguage\":\"en-US\",\"potentialAction\":[{\"@type\":\"ReadAction\",\"target\":[\"https:\/\/cartechdiagnostic.com\/en\/urun\/jaguar-land-rover-sdd-offline-pathfinder-calculator-ccf-editor-2\/\"]}]},{\"@type\":\"ImageObject\",\"inLanguage\":\"en-US\",\"@id\":\"https:\/\/cartechdiagnostic.com\/en\/urun\/jaguar-land-rover-sdd-offline-pathfinder-calculator-ccf-editor-2\/#primaryimage\",\"url\":\"https:\/\/cartechdiagnostic.com\/wp-content\/uploads\/2024\/05\/jaguarlandrover_offline-1.png\",\"contentUrl\":\"https:\/\/cartechdiagnostic.com\/wp-content\/uploads\/2024\/05\/jaguarlandrover_offline-1.png\",\"width\":1080,\"height\":1080},{\"@type\":\"BreadcrumbList\",\"@id\":\"https:\/\/cartechdiagnostic.com\/en\/urun\/jaguar-land-rover-sdd-offline-pathfinder-calculator-ccf-editor-2\/#breadcrumb\",\"itemListElement\":[{\"@type\":\"ListItem\",\"position\":1,\"name\":\"Anasayfa\",\"item\":\"https:\/\/www.cartechdiagnostic.com\/en\/\"},{\"@type\":\"ListItem\",\"position\":2,\"name\":\"Ma\u011faza\",\"item\":\"https:\/\/www.cartechdiagnostic.com\/magaza\/\"},{\"@type\":\"ListItem\",\"position\":3,\"name\":\"Jaguar &amp; Land Rover SDD (Offline) + Pathfinder + Calculator + CCF Edit\u00f6r\"}]},{\"@type\":\"WebSite\",\"@id\":\"https:\/\/www.cartechdiagnostic.com\/en\/#website\",\"url\":\"https:\/\/www.cartechdiagnostic.com\/en\/\",\"name\":\"Car-Tech Diagnostic\",\"description\":\"Ar\u0131za Tespit Cihazlar\u0131 - ECU Programlama Cihazlar\u0131\",\"publisher\":{\"@id\":\"https:\/\/www.cartechdiagnostic.com\/en\/#organization\"},\"alternateName\":\"Car-Tech Diag\",\"potentialAction\":[{\"@type\":\"SearchAction\",\"target\":{\"@type\":\"EntryPoint\",\"urlTemplate\":\"https:\/\/www.cartechdiagnostic.com\/en\/?s={search_term_string}\"},\"query-input\":\"required name=search_term_string\"}],\"inLanguage\":\"en-US\"},{\"@type\":\"Organization\",\"@id\":\"https:\/\/www.cartechdiagnostic.com\/en\/#organization\",\"name\":\"Car-Tech Diagnostic Yaz\u0131l\u0131m Ltd. \u015eti.\",\"url\":\"https:\/\/www.cartechdiagnostic.com\/en\/\",\"logo\":{\"@type\":\"ImageObject\",\"inLanguage\":\"en-US\",\"@id\":\"https:\/\/www.cartechdiagnostic.com\/en\/#\/schema\/logo\/image\/\",\"url\":\"https:\/\/cartechdiagnostic.com\/wp-content\/uploads\/2023\/08\/logocartech.png\",\"contentUrl\":\"https:\/\/cartechdiagnostic.com\/wp-content\/uploads\/2023\/08\/logocartech.png\",\"width\":714,\"height\":340,\"caption\":\"Car-Tech Diagnostic Yaz\u0131l\u0131m Ltd. \u015eti.\"},\"image\":{\"@id\":\"https:\/\/www.cartechdiagnostic.com\/en\/#\/schema\/logo\/image\/\"},\"sameAs\":[\"https:\/\/www.instagram.com\/cartechdiagnostic\"]}]}<\/script>\n<!-- \/ Yoast SEO plugin. -->","yoast_head_json":{"title":"Jaguar &amp; Land Rover SDD (Offline) + Pathfinder + Calculator + CCF Edit\u00f6r - Car-Tech Diagnostic","robots":{"index":"index","follow":"follow","max-snippet":"max-snippet:-1","max-image-preview":"max-image-preview:large","max-video-preview":"max-video-preview:-1"},"canonical":"https:\/\/cartechdiagnostic.com\/en\/urun\/jaguar-land-rover-sdd-offline-pathfinder-calculator-ccf-editor-2\/","og_locale":"en_US","og_type":"article","og_title":"Jaguar &amp; Land Rover SDD (Offline) + Pathfinder + Calculator + CCF Edit\u00f6r - Car-Tech Diagnostic","og_description":"There is a range of tools and software used to diagnose and program Jaguar and Land Rover vehicles. This package includes the necessary software.","og_url":"https:\/\/cartechdiagnostic.com\/en\/urun\/jaguar-land-rover-sdd-offline-pathfinder-calculator-ccf-editor-2\/","og_site_name":"Car-Tech Diagnostic","og_image":[{"width":1080,"height":1080,"url":"https:\/\/cartechdiagnostic.com\/wp-content\/uploads\/2024\/05\/jaguarlandrover_offline-1.png","type":"image\/png"}],"twitter_card":"summary_large_image","twitter_misc":{"Est. reading time":"1 minute"},"schema":{"@context":"https:\/\/schema.org","@graph":[{"@type":"WebPage","@id":"https:\/\/cartechdiagnostic.com\/en\/urun\/jaguar-land-rover-sdd-offline-pathfinder-calculator-ccf-editor-2\/","url":"https:\/\/cartechdiagnostic.com\/en\/urun\/jaguar-land-rover-sdd-offline-pathfinder-calculator-ccf-editor-2\/","name":"Jaguar &amp; Land Rover SDD (Offline) + Pathfinder + Calculator + CCF Edit\u00f6r - Car-Tech Diagnostic","isPartOf":{"@id":"https:\/\/www.cartechdiagnostic.com\/en\/#website"},"primaryImageOfPage":{"@id":"https:\/\/cartechdiagnostic.com\/en\/urun\/jaguar-land-rover-sdd-offline-pathfinder-calculator-ccf-editor-2\/#primaryimage"},"image":{"@id":"https:\/\/cartechdiagnostic.com\/en\/urun\/jaguar-land-rover-sdd-offline-pathfinder-calculator-ccf-editor-2\/#primaryimage"},"thumbnailUrl":"https:\/\/cartechdiagnostic.com\/wp-content\/uploads\/2024\/05\/jaguarlandrover_offline-1.png","datePublished":"2024-05-11T13:41:13+00:00","dateModified":"2024-05-11T13:41:13+00:00","breadcrumb":{"@id":"https:\/\/cartechdiagnostic.com\/en\/urun\/jaguar-land-rover-sdd-offline-pathfinder-calculator-ccf-editor-2\/#breadcrumb"},"inLanguage":"en-US","potentialAction":[{"@type":"ReadAction","target":["https:\/\/cartechdiagnostic.com\/en\/urun\/jaguar-land-rover-sdd-offline-pathfinder-calculator-ccf-editor-2\/"]}]},{"@type":"ImageObject","inLanguage":"en-US","@id":"https:\/\/cartechdiagnostic.com\/en\/urun\/jaguar-land-rover-sdd-offline-pathfinder-calculator-ccf-editor-2\/#primaryimage","url":"https:\/\/cartechdiagnostic.com\/wp-content\/uploads\/2024\/05\/jaguarlandrover_offline-1.png","contentUrl":"https:\/\/cartechdiagnostic.com\/wp-content\/uploads\/2024\/05\/jaguarlandrover_offline-1.png","width":1080,"height":1080},{"@type":"BreadcrumbList","@id":"https:\/\/cartechdiagnostic.com\/en\/urun\/jaguar-land-rover-sdd-offline-pathfinder-calculator-ccf-editor-2\/#breadcrumb","itemListElement":[{"@type":"ListItem","position":1,"name":"Anasayfa","item":"https:\/\/www.cartechdiagnostic.com\/en\/"},{"@type":"ListItem","position":2,"name":"Ma\u011faza","item":"https:\/\/www.cartechdiagnostic.com\/magaza\/"},{"@type":"ListItem","position":3,"name":"Jaguar &amp; Land Rover SDD (Offline) + Pathfinder + Calculator + CCF Edit\u00f6r"}]},{"@type":"WebSite","@id":"https:\/\/www.cartechdiagnostic.com\/en\/#website","url":"https:\/\/www.cartechdiagnostic.com\/en\/","name":"Car-Tech Diagnostic","description":"Ar\u0131za Tespit Cihazlar\u0131 - ECU Programlama Cihazlar\u0131","publisher":{"@id":"https:\/\/www.cartechdiagnostic.com\/en\/#organization"},"alternateName":"Car-Tech Diag","potentialAction":[{"@type":"SearchAction","target":{"@type":"EntryPoint","urlTemplate":"https:\/\/www.cartechdiagnostic.com\/en\/?s={search_term_string}"},"query-input":"required name=search_term_string"}],"inLanguage":"en-US"},{"@type":"Organization","@id":"https:\/\/www.cartechdiagnostic.com\/en\/#organization","name":"Car-Tech Diagnostic Yaz\u0131l\u0131m Ltd. \u015eti.","url":"https:\/\/www.cartechdiagnostic.com\/en\/","logo":{"@type":"ImageObject","inLanguage":"en-US","@id":"https:\/\/www.cartechdiagnostic.com\/en\/#\/schema\/logo\/image\/","url":"https:\/\/cartechdiagnostic.com\/wp-content\/uploads\/2023\/08\/logocartech.png","contentUrl":"https:\/\/cartechdiagnostic.com\/wp-content\/uploads\/2023\/08\/logocartech.png","width":714,"height":340,"caption":"Car-Tech Diagnostic Yaz\u0131l\u0131m Ltd. \u015eti."},"image":{"@id":"https:\/\/www.cartechdiagnostic.com\/en\/#\/schema\/logo\/image\/"},"sameAs":["https:\/\/www.instagram.com\/cartechdiagnostic"]}]}},"_links":{"self":[{"href":"https:\/\/cartechdiagnostic.com\/en\/wp-json\/wp\/v2\/product\/18117","targetHints":{"allow":["GET"]}}],"collection":[{"href":"https:\/\/cartechdiagnostic.com\/en\/wp-json\/wp\/v2\/product"}],"about":[{"href":"https:\/\/cartechdiagnostic.com\/en\/wp-json\/wp\/v2\/types\/product"}],"replies":[{"embeddable":true,"href":"https:\/\/cartechdiagnostic.com\/en\/wp-json\/wp\/v2\/comments?post=18117"}],"version-history":[{"count":0,"href":"https:\/\/cartechdiagnostic.com\/en\/wp-json\/wp\/v2\/product\/18117\/revisions"}],"wp:featuredmedia":[{"embeddable":true,"href":"https:\/\/cartechdiagnostic.com\/en\/wp-json\/wp\/v2\/media\/17462"}],"wp:attachment":[{"href":"https:\/\/cartechdiagnostic.com\/en\/wp-json\/wp\/v2\/media?parent=18117"}],"wp:term":[{"taxonomy":"product_brand","embeddable":true,"href":"https:\/\/cartechdiagnostic.com\/en\/wp-json\/wp\/v2\/product_brand?post=18117"},{"taxonomy":"product_cat","embeddable":true,"href":"https:\/\/cartechdiagnostic.com\/en\/wp-json\/wp\/v2\/product_cat?post=18117"},{"taxonomy":"product_tag","embeddable":true,"href":"https:\/\/cartechdiagnostic.com\/en\/wp-json\/wp\/v2\/product_tag?post=18117"}],"curies":[{"name":"wp","href":"https:\/\/api.w.org\/{rel}","templated":true}]}}