{"id":18123,"date":"2024-05-11T00:41:17","date_gmt":"2024-05-10T21:41:17","guid":{"rendered":"https:\/urun\/kessv2-k-tag-offline-versions-2\/"},"modified":"2024-05-11T00:41:17","modified_gmt":"2024-05-10T21:41:17","slug":"kessv2-k-tag-offline-versions-2","status":"publish","type":"product","link":"https:\/\/cartechdiagnostic.com\/en\/urun\/kessv2-k-tag-offline-versions-2\/","title":{"rendered":"KessV2 &amp; K-Tag Offline Versions"},"content":{"rendered":"<p>KessV2 and KTAG are tools and software for programming, software reading and writing of automobile electronic control units (ECUs). Both are popular tools used for car tuning, diagnostics and performance upgrades.<\/p>\n<div class=\"flex-1 overflow-hidden\">\n<div class=\"react-scroll-to-bottom--css-btkte-79elbk h-full\">\n<div class=\"react-scroll-to-bottom--css-btkte-1n7m0yu\">\n<div class=\"flex flex-col text-sm pb-9\">\n<div class=\"w-full text-token-text-primary\" dir=\"auto\" data-testid=\"conversation-turn-45\" data-scroll-anchor=\"true\">\n<div class=\"py-2 px-3 text-base md:px-4 m-auto md:px-5 lg:px-1 xl:px-5\">\n<div class=\"mx-auto flex flex-1 gap-3 text-base juice:gap-4 juice:md:gap-6 md:max-w-3xl lg:max-w-[40rem] xl:max-w-[48rem]\">\n<div class=\"relative flex w-full min-w-0 flex-col agent-turn\">\n<div class=\"flex-col gap-1 md:gap-3\">\n<div class=\"flex flex-grow flex-col max-w-full\">\n<div class=\"min-h-[20px] text-message flex flex-col items-start whitespace-pre-wrap break-words [.text-message+&amp;]:mt-5 overflow-x-auto gap-3\" dir=\"auto\" data-message-author-role=\"assistant\" data-message-id=\"dfe89dbc-7eec-4538-bc3a-02e90b370a8b\">\n<div class=\"markdown prose w-full break-words dark:prose-invert light\">\n<p><strong>KessV2:<\/strong><\/p>\n<ol>\n<li><strong>General Specifications:<\/strong>\n<ul>\n<li>KessV2 is a tool for automobile performance tuning and software read\/write operations.<\/li>\n<li>It can read, edit and write the software of automobile electronic control units (ECUs).<\/li>\n<li>It can make performance improvements in the engine, transmission, fuel injection and other systems of the vehicle.<\/li>\n<\/ul>\n<\/li>\n<li><strong>Offline Usage:<\/strong>\n<ul>\n<li>KessV2 can be used offline, meaning it does not need an internet connection.<\/li>\n<li>This allows it to be used for fieldwork or where internet access is limited.<\/li>\n<\/ul>\n<\/li>\n<li><strong>Diagnostics and Performance Improvements: <\/strong>\n<ul>\n<li>To improve the vehicle&#8217;s performance, KessV2 provides access to the engine&#8217;s ECU and by modifying this software, higher power and torque can be achieved.<\/li>\n<li>They can also diagnose vehicles and identify problems.<\/li>\n<\/ul>\n<\/li>\n<li><strong>For Authorized Users: <\/strong>\n<ul>\n<li>KessV2 is often used by car tuning specialists and performance workshops.<\/li>\n<li>These professionals provide customized performance software according to the wishes of the vehicle owners.<\/li>\n<\/ul>\n<\/li>\n<\/ol>\n<p><strong>KTAG:<\/strong><\/p>\n<ol>\n<li><strong>General Specifications:<\/strong>\n<ul>\n<li>KTAG is a tool for reading, writing and editing the software of ECUs.<\/li>\n<li>Used for car tuning, diagnostics and performance upgrade.<\/li>\n<li>Like KESSv2, it provides direct access to the vehicle&#8217;s ECU.<\/li>\n<\/ul>\n<\/li>\n<li><strong>Offline Usage:<\/strong>\n<ul>\n<li>KTAG can be used offline, i.e. it does not need an internet connection.<\/li>\n<li>This allows it to be used for fieldwork or where internet access is limited.<\/li>\n<\/ul>\n<\/li>\n<li><strong>Diagnostic and Programming Functions:<\/strong>\n<ul>\n<li>It can read and write the software of ECUs in the vehicle&#8217;s engine, transmission, ABS, airbag and other electronic systems.<\/li>\n<li>It can diagnose and reprogram faulty ECUs.<\/li>\n<\/ul>\n<\/li>\n<li><strong>For Authorized Users:<\/strong>\n<ul>\n<li>KTAG is often used by car service centers and car tuning workshops.<\/li>\n<li>These professionals use this tool to diagnose or improve the performance of vehicles.<\/li>\n<\/ul>\n<\/li>\n<\/ol>\n<p>KessV2 and KTAG are powerful tools for automobile performance tuning and diagnostics. Both can be used offline, making them ideal for field work. However, these tools must be used carefully by authorized users, as incorrect application may affect the functionality of the tool.<\/p>\n<\/div>\n<\/div>\n<\/div>\n<\/div>\n<\/div>\n<\/div>\n<\/div>\n<\/div>\n<\/div>\n<\/div>\n<\/div>\n<\/div>\n","protected":false},"excerpt":{"rendered":"<p>KessV2 and KTAG are tools and software for programming, software reading and writing of automobile electronic control units (ECUs). Both are popular tools used for car tuning, diagnostics and performance upgrades.<\/p>\n","protected":false},"featured_media":17427,"comment_status":"open","ping_status":"closed","template":"","meta":{"_joinchat":[]},"product_brand":[],"product_cat":[1339,1340],"product_tag":[],"class_list":{"0":"post-18123","1":"product","2":"type-product","3":"status-publish","4":"has-post-thumbnail","6":"product_cat-license-and-software","7":"product_cat-offline-software-en","9":"first","10":"instock","11":"shipping-taxable","12":"purchasable","13":"product-type-simple"},"yoast_head":"<!-- This site is optimized with the Yoast SEO plugin v22.8 - https:\/\/yoast.com\/wordpress\/plugins\/seo\/ -->\n<title>KessV2 &amp; K-Tag Offline Versions - Car-Tech Diagnostic<\/title>\n<meta name=\"robots\" content=\"index, follow, max-snippet:-1, max-image-preview:large, max-video-preview:-1\" \/>\n<link rel=\"canonical\" href=\"https:\/\/cartechdiagnostic.com\/en\/urun\/kessv2-k-tag-offline-versions-2\/\" \/>\n<meta property=\"og:locale\" content=\"en_US\" \/>\n<meta property=\"og:type\" content=\"article\" \/>\n<meta property=\"og:title\" content=\"KessV2 &amp; K-Tag Offline Versions - Car-Tech Diagnostic\" \/>\n<meta property=\"og:description\" content=\"KessV2 and KTAG are tools and software for programming, software reading and writing of automobile electronic control units (ECUs). Both are popular tools used for car tuning, diagnostics and performance upgrades.\" \/>\n<meta property=\"og:url\" content=\"https:\/\/cartechdiagnostic.com\/en\/urun\/kessv2-k-tag-offline-versions-2\/\" \/>\n<meta property=\"og:site_name\" content=\"Car-Tech Diagnostic\" \/>\n<meta property=\"og:image\" content=\"https:\/\/cartechdiagnostic.com\/wp-content\/uploads\/2024\/05\/kessktagoffline-2.png\" \/>\n\t<meta property=\"og:image:width\" content=\"1080\" \/>\n\t<meta property=\"og:image:height\" content=\"1080\" \/>\n\t<meta property=\"og:image:type\" content=\"image\/png\" \/>\n<meta name=\"twitter:card\" content=\"summary_large_image\" \/>\n<meta name=\"twitter:label1\" content=\"Est. reading time\" \/>\n\t<meta name=\"twitter:data1\" content=\"2 minutes\" \/>\n<script type=\"application\/ld+json\" class=\"yoast-schema-graph\">{\"@context\":\"https:\/\/schema.org\",\"@graph\":[{\"@type\":\"WebPage\",\"@id\":\"https:\/\/cartechdiagnostic.com\/en\/urun\/kessv2-k-tag-offline-versions-2\/\",\"url\":\"https:\/\/cartechdiagnostic.com\/en\/urun\/kessv2-k-tag-offline-versions-2\/\",\"name\":\"KessV2 &amp; K-Tag Offline Versions - Car-Tech Diagnostic\",\"isPartOf\":{\"@id\":\"https:\/\/www.cartechdiagnostic.com\/en\/#website\"},\"primaryImageOfPage\":{\"@id\":\"https:\/\/cartechdiagnostic.com\/en\/urun\/kessv2-k-tag-offline-versions-2\/#primaryimage\"},\"image\":{\"@id\":\"https:\/\/cartechdiagnostic.com\/en\/urun\/kessv2-k-tag-offline-versions-2\/#primaryimage\"},\"thumbnailUrl\":\"https:\/\/cartechdiagnostic.com\/wp-content\/uploads\/2024\/05\/kessktagoffline-2.png\",\"datePublished\":\"2024-05-10T21:41:17+00:00\",\"dateModified\":\"2024-05-10T21:41:17+00:00\",\"breadcrumb\":{\"@id\":\"https:\/\/cartechdiagnostic.com\/en\/urun\/kessv2-k-tag-offline-versions-2\/#breadcrumb\"},\"inLanguage\":\"en-US\",\"potentialAction\":[{\"@type\":\"ReadAction\",\"target\":[\"https:\/\/cartechdiagnostic.com\/en\/urun\/kessv2-k-tag-offline-versions-2\/\"]}]},{\"@type\":\"ImageObject\",\"inLanguage\":\"en-US\",\"@id\":\"https:\/\/cartechdiagnostic.com\/en\/urun\/kessv2-k-tag-offline-versions-2\/#primaryimage\",\"url\":\"https:\/\/cartechdiagnostic.com\/wp-content\/uploads\/2024\/05\/kessktagoffline-2.png\",\"contentUrl\":\"https:\/\/cartechdiagnostic.com\/wp-content\/uploads\/2024\/05\/kessktagoffline-2.png\",\"width\":1080,\"height\":1080},{\"@type\":\"BreadcrumbList\",\"@id\":\"https:\/\/cartechdiagnostic.com\/en\/urun\/kessv2-k-tag-offline-versions-2\/#breadcrumb\",\"itemListElement\":[{\"@type\":\"ListItem\",\"position\":1,\"name\":\"Anasayfa\",\"item\":\"https:\/\/www.cartechdiagnostic.com\/en\/\"},{\"@type\":\"ListItem\",\"position\":2,\"name\":\"Ma\u011faza\",\"item\":\"https:\/\/www.cartechdiagnostic.com\/magaza\/\"},{\"@type\":\"ListItem\",\"position\":3,\"name\":\"KessV2 &amp; K-Tag Offline Versions\"}]},{\"@type\":\"WebSite\",\"@id\":\"https:\/\/www.cartechdiagnostic.com\/en\/#website\",\"url\":\"https:\/\/www.cartechdiagnostic.com\/en\/\",\"name\":\"Car-Tech Diagnostic\",\"description\":\"Ar\u0131za Tespit Cihazlar\u0131 - ECU Programlama Cihazlar\u0131\",\"publisher\":{\"@id\":\"https:\/\/www.cartechdiagnostic.com\/en\/#organization\"},\"alternateName\":\"Car-Tech Diag\",\"potentialAction\":[{\"@type\":\"SearchAction\",\"target\":{\"@type\":\"EntryPoint\",\"urlTemplate\":\"https:\/\/www.cartechdiagnostic.com\/en\/?s={search_term_string}\"},\"query-input\":\"required name=search_term_string\"}],\"inLanguage\":\"en-US\"},{\"@type\":\"Organization\",\"@id\":\"https:\/\/www.cartechdiagnostic.com\/en\/#organization\",\"name\":\"Car-Tech Diagnostic Yaz\u0131l\u0131m Ltd. \u015eti.\",\"url\":\"https:\/\/www.cartechdiagnostic.com\/en\/\",\"logo\":{\"@type\":\"ImageObject\",\"inLanguage\":\"en-US\",\"@id\":\"https:\/\/www.cartechdiagnostic.com\/en\/#\/schema\/logo\/image\/\",\"url\":\"https:\/\/cartechdiagnostic.com\/wp-content\/uploads\/2023\/08\/logocartech.png\",\"contentUrl\":\"https:\/\/cartechdiagnostic.com\/wp-content\/uploads\/2023\/08\/logocartech.png\",\"width\":714,\"height\":340,\"caption\":\"Car-Tech Diagnostic Yaz\u0131l\u0131m Ltd. \u015eti.\"},\"image\":{\"@id\":\"https:\/\/www.cartechdiagnostic.com\/en\/#\/schema\/logo\/image\/\"},\"sameAs\":[\"https:\/\/www.instagram.com\/cartechdiagnostic\"]}]}<\/script>\n<!-- \/ Yoast SEO plugin. -->","yoast_head_json":{"title":"KessV2 &amp; K-Tag Offline Versions - Car-Tech Diagnostic","robots":{"index":"index","follow":"follow","max-snippet":"max-snippet:-1","max-image-preview":"max-image-preview:large","max-video-preview":"max-video-preview:-1"},"canonical":"https:\/\/cartechdiagnostic.com\/en\/urun\/kessv2-k-tag-offline-versions-2\/","og_locale":"en_US","og_type":"article","og_title":"KessV2 &amp; K-Tag Offline Versions - Car-Tech Diagnostic","og_description":"KessV2 and KTAG are tools and software for programming, software reading and writing of automobile electronic control units (ECUs). Both are popular tools used for car tuning, diagnostics and performance upgrades.","og_url":"https:\/\/cartechdiagnostic.com\/en\/urun\/kessv2-k-tag-offline-versions-2\/","og_site_name":"Car-Tech Diagnostic","og_image":[{"width":1080,"height":1080,"url":"https:\/\/cartechdiagnostic.com\/wp-content\/uploads\/2024\/05\/kessktagoffline-2.png","type":"image\/png"}],"twitter_card":"summary_large_image","twitter_misc":{"Est. reading time":"2 minutes"},"schema":{"@context":"https:\/\/schema.org","@graph":[{"@type":"WebPage","@id":"https:\/\/cartechdiagnostic.com\/en\/urun\/kessv2-k-tag-offline-versions-2\/","url":"https:\/\/cartechdiagnostic.com\/en\/urun\/kessv2-k-tag-offline-versions-2\/","name":"KessV2 &amp; K-Tag Offline Versions - Car-Tech Diagnostic","isPartOf":{"@id":"https:\/\/www.cartechdiagnostic.com\/en\/#website"},"primaryImageOfPage":{"@id":"https:\/\/cartechdiagnostic.com\/en\/urun\/kessv2-k-tag-offline-versions-2\/#primaryimage"},"image":{"@id":"https:\/\/cartechdiagnostic.com\/en\/urun\/kessv2-k-tag-offline-versions-2\/#primaryimage"},"thumbnailUrl":"https:\/\/cartechdiagnostic.com\/wp-content\/uploads\/2024\/05\/kessktagoffline-2.png","datePublished":"2024-05-10T21:41:17+00:00","dateModified":"2024-05-10T21:41:17+00:00","breadcrumb":{"@id":"https:\/\/cartechdiagnostic.com\/en\/urun\/kessv2-k-tag-offline-versions-2\/#breadcrumb"},"inLanguage":"en-US","potentialAction":[{"@type":"ReadAction","target":["https:\/\/cartechdiagnostic.com\/en\/urun\/kessv2-k-tag-offline-versions-2\/"]}]},{"@type":"ImageObject","inLanguage":"en-US","@id":"https:\/\/cartechdiagnostic.com\/en\/urun\/kessv2-k-tag-offline-versions-2\/#primaryimage","url":"https:\/\/cartechdiagnostic.com\/wp-content\/uploads\/2024\/05\/kessktagoffline-2.png","contentUrl":"https:\/\/cartechdiagnostic.com\/wp-content\/uploads\/2024\/05\/kessktagoffline-2.png","width":1080,"height":1080},{"@type":"BreadcrumbList","@id":"https:\/\/cartechdiagnostic.com\/en\/urun\/kessv2-k-tag-offline-versions-2\/#breadcrumb","itemListElement":[{"@type":"ListItem","position":1,"name":"Anasayfa","item":"https:\/\/www.cartechdiagnostic.com\/en\/"},{"@type":"ListItem","position":2,"name":"Ma\u011faza","item":"https:\/\/www.cartechdiagnostic.com\/magaza\/"},{"@type":"ListItem","position":3,"name":"KessV2 &amp; K-Tag Offline Versions"}]},{"@type":"WebSite","@id":"https:\/\/www.cartechdiagnostic.com\/en\/#website","url":"https:\/\/www.cartechdiagnostic.com\/en\/","name":"Car-Tech Diagnostic","description":"Ar\u0131za Tespit Cihazlar\u0131 - ECU Programlama Cihazlar\u0131","publisher":{"@id":"https:\/\/www.cartechdiagnostic.com\/en\/#organization"},"alternateName":"Car-Tech Diag","potentialAction":[{"@type":"SearchAction","target":{"@type":"EntryPoint","urlTemplate":"https:\/\/www.cartechdiagnostic.com\/en\/?s={search_term_string}"},"query-input":"required name=search_term_string"}],"inLanguage":"en-US"},{"@type":"Organization","@id":"https:\/\/www.cartechdiagnostic.com\/en\/#organization","name":"Car-Tech Diagnostic Yaz\u0131l\u0131m Ltd. \u015eti.","url":"https:\/\/www.cartechdiagnostic.com\/en\/","logo":{"@type":"ImageObject","inLanguage":"en-US","@id":"https:\/\/www.cartechdiagnostic.com\/en\/#\/schema\/logo\/image\/","url":"https:\/\/cartechdiagnostic.com\/wp-content\/uploads\/2023\/08\/logocartech.png","contentUrl":"https:\/\/cartechdiagnostic.com\/wp-content\/uploads\/2023\/08\/logocartech.png","width":714,"height":340,"caption":"Car-Tech Diagnostic Yaz\u0131l\u0131m Ltd. \u015eti."},"image":{"@id":"https:\/\/www.cartechdiagnostic.com\/en\/#\/schema\/logo\/image\/"},"sameAs":["https:\/\/www.instagram.com\/cartechdiagnostic"]}]}},"_links":{"self":[{"href":"https:\/\/cartechdiagnostic.com\/en\/wp-json\/wp\/v2\/product\/18123","targetHints":{"allow":["GET"]}}],"collection":[{"href":"https:\/\/cartechdiagnostic.com\/en\/wp-json\/wp\/v2\/product"}],"about":[{"href":"https:\/\/cartechdiagnostic.com\/en\/wp-json\/wp\/v2\/types\/product"}],"replies":[{"embeddable":true,"href":"https:\/\/cartechdiagnostic.com\/en\/wp-json\/wp\/v2\/comments?post=18123"}],"version-history":[{"count":0,"href":"https:\/\/cartechdiagnostic.com\/en\/wp-json\/wp\/v2\/product\/18123\/revisions"}],"wp:featuredmedia":[{"embeddable":true,"href":"https:\/\/cartechdiagnostic.com\/en\/wp-json\/wp\/v2\/media\/17427"}],"wp:attachment":[{"href":"https:\/\/cartechdiagnostic.com\/en\/wp-json\/wp\/v2\/media?parent=18123"}],"wp:term":[{"taxonomy":"product_brand","embeddable":true,"href":"https:\/\/cartechdiagnostic.com\/en\/wp-json\/wp\/v2\/product_brand?post=18123"},{"taxonomy":"product_cat","embeddable":true,"href":"https:\/\/cartechdiagnostic.com\/en\/wp-json\/wp\/v2\/product_cat?post=18123"},{"taxonomy":"product_tag","embeddable":true,"href":"https:\/\/cartechdiagnostic.com\/en\/wp-json\/wp\/v2\/product_tag?post=18123"}],"curies":[{"name":"wp","href":"https:\/\/api.w.org\/{rel}","templated":true}]}}