{"id":18127,"date":"2024-05-10T23:07:04","date_gmt":"2024-05-10T20:07:04","guid":{"rendered":"https:\/urun\/bmw-offline-full-sistem\/"},"modified":"2025-05-31T09:57:03","modified_gmt":"2025-05-31T06:57:03","slug":"bmw-offline-full-sistem","status":"publish","type":"product","link":"https:\/\/cartechdiagnostic.com\/en\/urun\/bmw-offline-full-sistem\/","title":{"rendered":"BMW \u00c7evrimd\u0131\u015f\u0131 Tam Sistem"},"content":{"rendered":"<p>BMW Offline Full System Installation is a software and hardware package for the repair, maintenance and diagnosis of BMW vehicles. This system is used at authorized BMW service centers or licensed repair shops.<\/p>\n<ol>\n<li><strong>Software Platform: <\/strong>\n<ul>\n<li>The BMW Offline Full System includes a specialized software platform for the repair, maintenance and diagnosis of vehicles.<\/li>\n<li>It provides access to all electronic systems of the vehicle and performs diagnostics, maintenance, software updates and programming.<\/li>\n<\/ul>\n<\/li>\n<li><strong>Offline Working:<\/strong>\n<ul>\n<li>&#8220;Offline&#8221; refers to the ability to work without an internet connection.<\/li>\n<li>This feature allows repairs to be carried out in places without internet connection or where internet access is difficult.<\/li>\n<\/ul>\n<\/li>\n<li><strong>Full System Access<\/strong>:\n<ul>\n<li>The system provides access to all electronic control units and systems of vehicles.<\/li>\n<li>It includes basic diagnostic functions such as reading and clearing fault codes and testing sensors and modules.<\/li>\n<\/ul>\n<\/li>\n<li><strong>Software Updates and Programming<\/strong>:\n<ul>\n<li>It has the necessary functions to perform software updates and program control modules for BMW vehicles.<\/li>\n<li>This may be needed to improve the performance of vehicles, ensure safety or reduce emissions.<\/li>\n<\/ul>\n<\/li>\n<li><strong>For Authorized Users<\/strong>:\n<ul>\n<li>The BMW Offline Full System is generally used by authorized BMW service centers and licensed repair shops.<\/li>\n<li>BMW \u00c7evrimd\u0131\u015f\u0131 Tam Sistemi genellikle yetkili BMW servisleri ve lisansl\u0131 tamir at\u00f6lyeleri taraf\u0131ndan kullan\u0131l\u0131r.<\/li>\n<\/ul>\n<\/li>\n<\/ol>\n<p>This system contains everything needed to ensure the correct maintenance and diagnosis of BMW vehicles. Using this system, authorized technicians can diagnose vehicles, perform software updates and ensure proper maintenance. This provides customers with a reliable service experience.<\/p>\n<p>&nbsp;<\/p>\n","protected":false},"excerpt":{"rendered":"<p>BMW \u00c7evrimd\u0131\u015f\u0131 Tam Sistem Kurulumu, BMW ara\u00e7lar\u0131n\u0131n onar\u0131m\u0131, bak\u0131m\u0131 ve te\u015fhisi i\u00e7in bir yaz\u0131l\u0131m ve donan\u0131m paketidir.<\/p>\n","protected":false},"featured_media":17403,"comment_status":"open","ping_status":"closed","template":"","meta":{"_joinchat":[]},"product_brand":[],"product_cat":[1339,1340],"product_tag":[],"class_list":{"0":"post-18127","1":"product","2":"type-product","3":"status-publish","4":"has-post-thumbnail","6":"product_cat-license-and-software","7":"product_cat-offline-software-en","9":"first","10":"instock","11":"shipping-taxable","12":"purchasable","13":"product-type-simple"},"yoast_head":"<!-- This site is optimized with the Yoast SEO plugin v22.8 - https:\/\/yoast.com\/wordpress\/plugins\/seo\/ -->\n<title>BMW \u00c7evrimd\u0131\u015f\u0131 Tam Sistem - Car-Tech Diagnostic<\/title>\n<meta name=\"robots\" content=\"index, follow, max-snippet:-1, max-image-preview:large, max-video-preview:-1\" \/>\n<link rel=\"canonical\" href=\"https:\/\/cartechdiagnostic.com\/en\/urun\/bmw-offline-full-sistem\/\" \/>\n<meta property=\"og:locale\" content=\"en_US\" \/>\n<meta property=\"og:type\" content=\"article\" \/>\n<meta property=\"og:title\" content=\"BMW \u00c7evrimd\u0131\u015f\u0131 Tam Sistem - Car-Tech Diagnostic\" \/>\n<meta property=\"og:description\" content=\"BMW \u00c7evrimd\u0131\u015f\u0131 Tam Sistem Kurulumu, BMW ara\u00e7lar\u0131n\u0131n onar\u0131m\u0131, bak\u0131m\u0131 ve te\u015fhisi i\u00e7in bir yaz\u0131l\u0131m ve donan\u0131m paketidir.\" \/>\n<meta property=\"og:url\" content=\"https:\/\/cartechdiagnostic.com\/en\/urun\/bmw-offline-full-sistem\/\" \/>\n<meta property=\"og:site_name\" content=\"Car-Tech Diagnostic\" \/>\n<meta property=\"article:modified_time\" content=\"2025-05-31T06:57:03+00:00\" \/>\n<meta property=\"og:image\" content=\"https:\/\/cartechdiagnostic.com\/wp-content\/uploads\/2024\/05\/BMW_fullsistem-1.png\" \/>\n\t<meta property=\"og:image:width\" content=\"1080\" \/>\n\t<meta property=\"og:image:height\" content=\"1080\" \/>\n\t<meta property=\"og:image:type\" content=\"image\/png\" \/>\n<meta name=\"twitter:card\" content=\"summary_large_image\" \/>\n<meta name=\"twitter:label1\" content=\"Est. reading time\" \/>\n\t<meta name=\"twitter:data1\" content=\"1 minute\" \/>\n<script type=\"application\/ld+json\" class=\"yoast-schema-graph\">{\"@context\":\"https:\/\/schema.org\",\"@graph\":[{\"@type\":\"WebPage\",\"@id\":\"https:\/\/cartechdiagnostic.com\/en\/urun\/bmw-offline-full-sistem\/\",\"url\":\"https:\/\/cartechdiagnostic.com\/en\/urun\/bmw-offline-full-sistem\/\",\"name\":\"BMW \u00c7evrimd\u0131\u015f\u0131 Tam Sistem - Car-Tech Diagnostic\",\"isPartOf\":{\"@id\":\"https:\/\/www.cartechdiagnostic.com\/en\/#website\"},\"primaryImageOfPage\":{\"@id\":\"https:\/\/cartechdiagnostic.com\/en\/urun\/bmw-offline-full-sistem\/#primaryimage\"},\"image\":{\"@id\":\"https:\/\/cartechdiagnostic.com\/en\/urun\/bmw-offline-full-sistem\/#primaryimage\"},\"thumbnailUrl\":\"https:\/\/cartechdiagnostic.com\/wp-content\/uploads\/2024\/05\/BMW_fullsistem-1.png\",\"datePublished\":\"2024-05-10T20:07:04+00:00\",\"dateModified\":\"2025-05-31T06:57:03+00:00\",\"breadcrumb\":{\"@id\":\"https:\/\/cartechdiagnostic.com\/en\/urun\/bmw-offline-full-sistem\/#breadcrumb\"},\"inLanguage\":\"en-US\",\"potentialAction\":[{\"@type\":\"ReadAction\",\"target\":[\"https:\/\/cartechdiagnostic.com\/en\/urun\/bmw-offline-full-sistem\/\"]}]},{\"@type\":\"ImageObject\",\"inLanguage\":\"en-US\",\"@id\":\"https:\/\/cartechdiagnostic.com\/en\/urun\/bmw-offline-full-sistem\/#primaryimage\",\"url\":\"https:\/\/cartechdiagnostic.com\/wp-content\/uploads\/2024\/05\/BMW_fullsistem-1.png\",\"contentUrl\":\"https:\/\/cartechdiagnostic.com\/wp-content\/uploads\/2024\/05\/BMW_fullsistem-1.png\",\"width\":1080,\"height\":1080},{\"@type\":\"BreadcrumbList\",\"@id\":\"https:\/\/cartechdiagnostic.com\/en\/urun\/bmw-offline-full-sistem\/#breadcrumb\",\"itemListElement\":[{\"@type\":\"ListItem\",\"position\":1,\"name\":\"Anasayfa\",\"item\":\"https:\/\/www.cartechdiagnostic.com\/en\/\"},{\"@type\":\"ListItem\",\"position\":2,\"name\":\"Ma\u011faza\",\"item\":\"https:\/\/www.cartechdiagnostic.com\/magaza\/\"},{\"@type\":\"ListItem\",\"position\":3,\"name\":\"BMW \u00c7evrimd\u0131\u015f\u0131 Tam Sistem\"}]},{\"@type\":\"WebSite\",\"@id\":\"https:\/\/www.cartechdiagnostic.com\/en\/#website\",\"url\":\"https:\/\/www.cartechdiagnostic.com\/en\/\",\"name\":\"Car-Tech Diagnostic\",\"description\":\"Ar\u0131za Tespit Cihazlar\u0131 - ECU Programlama Cihazlar\u0131\",\"publisher\":{\"@id\":\"https:\/\/www.cartechdiagnostic.com\/en\/#organization\"},\"alternateName\":\"Car-Tech Diag\",\"potentialAction\":[{\"@type\":\"SearchAction\",\"target\":{\"@type\":\"EntryPoint\",\"urlTemplate\":\"https:\/\/www.cartechdiagnostic.com\/en\/?s={search_term_string}\"},\"query-input\":\"required name=search_term_string\"}],\"inLanguage\":\"en-US\"},{\"@type\":\"Organization\",\"@id\":\"https:\/\/www.cartechdiagnostic.com\/en\/#organization\",\"name\":\"Car-Tech Diagnostic Yaz\u0131l\u0131m Ltd. \u015eti.\",\"url\":\"https:\/\/www.cartechdiagnostic.com\/en\/\",\"logo\":{\"@type\":\"ImageObject\",\"inLanguage\":\"en-US\",\"@id\":\"https:\/\/www.cartechdiagnostic.com\/en\/#\/schema\/logo\/image\/\",\"url\":\"https:\/\/cartechdiagnostic.com\/wp-content\/uploads\/2023\/08\/logocartech.png\",\"contentUrl\":\"https:\/\/cartechdiagnostic.com\/wp-content\/uploads\/2023\/08\/logocartech.png\",\"width\":714,\"height\":340,\"caption\":\"Car-Tech Diagnostic Yaz\u0131l\u0131m Ltd. \u015eti.\"},\"image\":{\"@id\":\"https:\/\/www.cartechdiagnostic.com\/en\/#\/schema\/logo\/image\/\"},\"sameAs\":[\"https:\/\/www.instagram.com\/cartechdiagnostic\"]}]}<\/script>\n<!-- \/ Yoast SEO plugin. -->","yoast_head_json":{"title":"BMW \u00c7evrimd\u0131\u015f\u0131 Tam Sistem - Car-Tech Diagnostic","robots":{"index":"index","follow":"follow","max-snippet":"max-snippet:-1","max-image-preview":"max-image-preview:large","max-video-preview":"max-video-preview:-1"},"canonical":"https:\/\/cartechdiagnostic.com\/en\/urun\/bmw-offline-full-sistem\/","og_locale":"en_US","og_type":"article","og_title":"BMW \u00c7evrimd\u0131\u015f\u0131 Tam Sistem - Car-Tech Diagnostic","og_description":"BMW \u00c7evrimd\u0131\u015f\u0131 Tam Sistem Kurulumu, BMW ara\u00e7lar\u0131n\u0131n onar\u0131m\u0131, bak\u0131m\u0131 ve te\u015fhisi i\u00e7in bir yaz\u0131l\u0131m ve donan\u0131m paketidir.","og_url":"https:\/\/cartechdiagnostic.com\/en\/urun\/bmw-offline-full-sistem\/","og_site_name":"Car-Tech Diagnostic","article_modified_time":"2025-05-31T06:57:03+00:00","og_image":[{"width":1080,"height":1080,"url":"https:\/\/cartechdiagnostic.com\/wp-content\/uploads\/2024\/05\/BMW_fullsistem-1.png","type":"image\/png"}],"twitter_card":"summary_large_image","twitter_misc":{"Est. reading time":"1 minute"},"schema":{"@context":"https:\/\/schema.org","@graph":[{"@type":"WebPage","@id":"https:\/\/cartechdiagnostic.com\/en\/urun\/bmw-offline-full-sistem\/","url":"https:\/\/cartechdiagnostic.com\/en\/urun\/bmw-offline-full-sistem\/","name":"BMW \u00c7evrimd\u0131\u015f\u0131 Tam Sistem - Car-Tech Diagnostic","isPartOf":{"@id":"https:\/\/www.cartechdiagnostic.com\/en\/#website"},"primaryImageOfPage":{"@id":"https:\/\/cartechdiagnostic.com\/en\/urun\/bmw-offline-full-sistem\/#primaryimage"},"image":{"@id":"https:\/\/cartechdiagnostic.com\/en\/urun\/bmw-offline-full-sistem\/#primaryimage"},"thumbnailUrl":"https:\/\/cartechdiagnostic.com\/wp-content\/uploads\/2024\/05\/BMW_fullsistem-1.png","datePublished":"2024-05-10T20:07:04+00:00","dateModified":"2025-05-31T06:57:03+00:00","breadcrumb":{"@id":"https:\/\/cartechdiagnostic.com\/en\/urun\/bmw-offline-full-sistem\/#breadcrumb"},"inLanguage":"en-US","potentialAction":[{"@type":"ReadAction","target":["https:\/\/cartechdiagnostic.com\/en\/urun\/bmw-offline-full-sistem\/"]}]},{"@type":"ImageObject","inLanguage":"en-US","@id":"https:\/\/cartechdiagnostic.com\/en\/urun\/bmw-offline-full-sistem\/#primaryimage","url":"https:\/\/cartechdiagnostic.com\/wp-content\/uploads\/2024\/05\/BMW_fullsistem-1.png","contentUrl":"https:\/\/cartechdiagnostic.com\/wp-content\/uploads\/2024\/05\/BMW_fullsistem-1.png","width":1080,"height":1080},{"@type":"BreadcrumbList","@id":"https:\/\/cartechdiagnostic.com\/en\/urun\/bmw-offline-full-sistem\/#breadcrumb","itemListElement":[{"@type":"ListItem","position":1,"name":"Anasayfa","item":"https:\/\/www.cartechdiagnostic.com\/en\/"},{"@type":"ListItem","position":2,"name":"Ma\u011faza","item":"https:\/\/www.cartechdiagnostic.com\/magaza\/"},{"@type":"ListItem","position":3,"name":"BMW \u00c7evrimd\u0131\u015f\u0131 Tam Sistem"}]},{"@type":"WebSite","@id":"https:\/\/www.cartechdiagnostic.com\/en\/#website","url":"https:\/\/www.cartechdiagnostic.com\/en\/","name":"Car-Tech Diagnostic","description":"Ar\u0131za Tespit Cihazlar\u0131 - ECU Programlama Cihazlar\u0131","publisher":{"@id":"https:\/\/www.cartechdiagnostic.com\/en\/#organization"},"alternateName":"Car-Tech Diag","potentialAction":[{"@type":"SearchAction","target":{"@type":"EntryPoint","urlTemplate":"https:\/\/www.cartechdiagnostic.com\/en\/?s={search_term_string}"},"query-input":"required name=search_term_string"}],"inLanguage":"en-US"},{"@type":"Organization","@id":"https:\/\/www.cartechdiagnostic.com\/en\/#organization","name":"Car-Tech Diagnostic Yaz\u0131l\u0131m Ltd. \u015eti.","url":"https:\/\/www.cartechdiagnostic.com\/en\/","logo":{"@type":"ImageObject","inLanguage":"en-US","@id":"https:\/\/www.cartechdiagnostic.com\/en\/#\/schema\/logo\/image\/","url":"https:\/\/cartechdiagnostic.com\/wp-content\/uploads\/2023\/08\/logocartech.png","contentUrl":"https:\/\/cartechdiagnostic.com\/wp-content\/uploads\/2023\/08\/logocartech.png","width":714,"height":340,"caption":"Car-Tech Diagnostic Yaz\u0131l\u0131m Ltd. \u015eti."},"image":{"@id":"https:\/\/www.cartechdiagnostic.com\/en\/#\/schema\/logo\/image\/"},"sameAs":["https:\/\/www.instagram.com\/cartechdiagnostic"]}]}},"_links":{"self":[{"href":"https:\/\/cartechdiagnostic.com\/en\/wp-json\/wp\/v2\/product\/18127","targetHints":{"allow":["GET"]}}],"collection":[{"href":"https:\/\/cartechdiagnostic.com\/en\/wp-json\/wp\/v2\/product"}],"about":[{"href":"https:\/\/cartechdiagnostic.com\/en\/wp-json\/wp\/v2\/types\/product"}],"replies":[{"embeddable":true,"href":"https:\/\/cartechdiagnostic.com\/en\/wp-json\/wp\/v2\/comments?post=18127"}],"version-history":[{"count":0,"href":"https:\/\/cartechdiagnostic.com\/en\/wp-json\/wp\/v2\/product\/18127\/revisions"}],"wp:featuredmedia":[{"embeddable":true,"href":"https:\/\/cartechdiagnostic.com\/en\/wp-json\/wp\/v2\/media\/17403"}],"wp:attachment":[{"href":"https:\/\/cartechdiagnostic.com\/en\/wp-json\/wp\/v2\/media?parent=18127"}],"wp:term":[{"taxonomy":"product_brand","embeddable":true,"href":"https:\/\/cartechdiagnostic.com\/en\/wp-json\/wp\/v2\/product_brand?post=18127"},{"taxonomy":"product_cat","embeddable":true,"href":"https:\/\/cartechdiagnostic.com\/en\/wp-json\/wp\/v2\/product_cat?post=18127"},{"taxonomy":"product_tag","embeddable":true,"href":"https:\/\/cartechdiagnostic.com\/en\/wp-json\/wp\/v2\/product_tag?post=18127"}],"curies":[{"name":"wp","href":"https:\/\/api.w.org\/{rel}","templated":true}]}}