{"id":18181,"date":"2024-04-17T00:23:32","date_gmt":"2024-04-16T21:23:32","guid":{"rendered":"https:\/urun\/programador-de-presion-de-neumaticos-thinkcar-tpms-t-wand-200\/"},"modified":"2024-04-17T00:23:32","modified_gmt":"2024-04-16T21:23:32","slug":"programador-de-presion-de-neumaticos-thinkcar-tpms-t-wand-200","status":"publish","type":"product","link":"https:\/\/cartechdiagnostic.com\/en\/urun\/programador-de-presion-de-neumaticos-thinkcar-tpms-t-wand-200\/","title":{"rendered":"Programador de presi\u00f3n de neum\u00e1ticos THINKCAR TPMS T-Wand 200"},"content":{"rendered":"","protected":false},"excerpt":{"rendered":"<p>THINKCAR TPMS T-Wand 200 es un dispositivo de programaci\u00f3n dise\u00f1ado espec\u00edficamente para los sistemas de control de la presi\u00f3n de los neum\u00e1ticos (TPMS). Este dispositivo compacto y f\u00e1cil de usar ha sido desarrollado para programar y configurar de forma r\u00e1pida y eficaz los sensores de presi\u00f3n de los neum\u00e1ticos. El T-Wand 200 es compatible con los sistemas TPMS de veh\u00edculos de diferentes marcas y modelos, adapt\u00e1ndose a una amplia gama de veh\u00edculos. Gracias a su dise\u00f1o f\u00e1cil de usar y a su sencilla interfaz, los profesionales de la automoci\u00f3n y los propietarios de veh\u00edculos pueden programar y controlar f\u00e1cilmente los sensores TPMS. La programaci\u00f3n r\u00e1pida y precisa de los sensores TPMS convierte al T-Wand 200 en una herramienta ideal para cualquiera que desee optimizar el control de la presi\u00f3n de los neum\u00e1ticos. El dispositivo garantiza un control regular de la presi\u00f3n de los neum\u00e1ticos, lo que supone una importante contribuci\u00f3n a unas condiciones de conducci\u00f3n seguras y a la eficiencia en el consumo de combustible. El TPMS T-Wand 200 de THINKCAR es una soluci\u00f3n fiable y eficaz para los usuarios que deseen controlar y gestionar la presi\u00f3n de los neum\u00e1ticos mediante la tecnolog\u00eda TPMS.<\/p>\n","protected":false},"featured_media":16901,"comment_status":"open","ping_status":"closed","template":"","meta":{"_joinchat":[]},"product_brand":[],"product_cat":[1341],"product_tag":[],"class_list":{"0":"post-18181","1":"product","2":"type-product","3":"status-publish","4":"has-post-thumbnail","6":"product_cat-default-category","8":"first","9":"instock","10":"sale","11":"shipping-taxable","12":"purchasable","13":"product-type-simple"},"yoast_head":"<!-- This site is optimized with the Yoast SEO plugin v22.8 - https:\/\/yoast.com\/wordpress\/plugins\/seo\/ -->\n<title>Programador de presi\u00f3n de neum\u00e1ticos THINKCAR TPMS T-Wand 200 - Car-Tech Diagnostic<\/title>\n<meta name=\"robots\" content=\"index, follow, max-snippet:-1, max-image-preview:large, max-video-preview:-1\" \/>\n<link rel=\"canonical\" href=\"https:\/\/cartechdiagnostic.com\/en\/urun\/programador-de-presion-de-neumaticos-thinkcar-tpms-t-wand-200\/\" \/>\n<meta property=\"og:locale\" content=\"en_US\" \/>\n<meta property=\"og:type\" content=\"article\" \/>\n<meta property=\"og:title\" content=\"Programador de presi\u00f3n de neum\u00e1ticos THINKCAR TPMS T-Wand 200 - Car-Tech Diagnostic\" \/>\n<meta property=\"og:description\" content=\"THINKCAR TPMS T-Wand 200 es un dispositivo de programaci\u00f3n dise\u00f1ado espec\u00edficamente para los sistemas de control de la presi\u00f3n de los neum\u00e1ticos (TPMS). Este dispositivo compacto y f\u00e1cil de usar ha sido desarrollado para programar y configurar de forma r\u00e1pida y eficaz los sensores de presi\u00f3n de los neum\u00e1ticos. El T-Wand 200 es compatible con los sistemas TPMS de veh\u00edculos de diferentes marcas y modelos, adapt\u00e1ndose a una amplia gama de veh\u00edculos. Gracias a su dise\u00f1o f\u00e1cil de usar y a su sencilla interfaz, los profesionales de la automoci\u00f3n y los propietarios de veh\u00edculos pueden programar y controlar f\u00e1cilmente los sensores TPMS. La programaci\u00f3n r\u00e1pida y precisa de los sensores TPMS convierte al T-Wand 200 en una herramienta ideal para cualquiera que desee optimizar el control de la presi\u00f3n de los neum\u00e1ticos. El dispositivo garantiza un control regular de la presi\u00f3n de los neum\u00e1ticos, lo que supone una importante contribuci\u00f3n a unas condiciones de conducci\u00f3n seguras y a la eficiencia en el consumo de combustible. El TPMS T-Wand 200 de THINKCAR es una soluci\u00f3n fiable y eficaz para los usuarios que deseen controlar y gestionar la presi\u00f3n de los neum\u00e1ticos mediante la tecnolog\u00eda TPMS.\" \/>\n<meta property=\"og:url\" content=\"https:\/\/cartechdiagnostic.com\/en\/urun\/programador-de-presion-de-neumaticos-thinkcar-tpms-t-wand-200\/\" \/>\n<meta property=\"og:site_name\" content=\"Car-Tech Diagnostic\" \/>\n<meta property=\"og:image\" content=\"https:\/\/cartechdiagnostic.com\/wp-content\/uploads\/2023\/11\/THINKCAR-TPMS-T-Wand-200-Lastik-Basinc-Programlama-Cihazi-4.png\" \/>\n\t<meta property=\"og:image:width\" content=\"1000\" \/>\n\t<meta property=\"og:image:height\" content=\"1000\" \/>\n\t<meta property=\"og:image:type\" content=\"image\/png\" \/>\n<meta name=\"twitter:card\" content=\"summary_large_image\" \/>\n<script type=\"application\/ld+json\" class=\"yoast-schema-graph\">{\"@context\":\"https:\/\/schema.org\",\"@graph\":[{\"@type\":\"WebPage\",\"@id\":\"https:\/\/cartechdiagnostic.com\/en\/urun\/programador-de-presion-de-neumaticos-thinkcar-tpms-t-wand-200\/\",\"url\":\"https:\/\/cartechdiagnostic.com\/en\/urun\/programador-de-presion-de-neumaticos-thinkcar-tpms-t-wand-200\/\",\"name\":\"Programador de presi\u00f3n de neum\u00e1ticos THINKCAR TPMS T-Wand 200 - Car-Tech Diagnostic\",\"isPartOf\":{\"@id\":\"https:\/\/www.cartechdiagnostic.com\/en\/#website\"},\"primaryImageOfPage\":{\"@id\":\"https:\/\/cartechdiagnostic.com\/en\/urun\/programador-de-presion-de-neumaticos-thinkcar-tpms-t-wand-200\/#primaryimage\"},\"image\":{\"@id\":\"https:\/\/cartechdiagnostic.com\/en\/urun\/programador-de-presion-de-neumaticos-thinkcar-tpms-t-wand-200\/#primaryimage\"},\"thumbnailUrl\":\"https:\/\/cartechdiagnostic.com\/wp-content\/uploads\/2023\/11\/THINKCAR-TPMS-T-Wand-200-Lastik-Basinc-Programlama-Cihazi-4.png\",\"datePublished\":\"2024-04-16T21:23:32+00:00\",\"dateModified\":\"2024-04-16T21:23:32+00:00\",\"breadcrumb\":{\"@id\":\"https:\/\/cartechdiagnostic.com\/en\/urun\/programador-de-presion-de-neumaticos-thinkcar-tpms-t-wand-200\/#breadcrumb\"},\"inLanguage\":\"en-US\",\"potentialAction\":[{\"@type\":\"ReadAction\",\"target\":[\"https:\/\/cartechdiagnostic.com\/en\/urun\/programador-de-presion-de-neumaticos-thinkcar-tpms-t-wand-200\/\"]}]},{\"@type\":\"ImageObject\",\"inLanguage\":\"en-US\",\"@id\":\"https:\/\/cartechdiagnostic.com\/en\/urun\/programador-de-presion-de-neumaticos-thinkcar-tpms-t-wand-200\/#primaryimage\",\"url\":\"https:\/\/cartechdiagnostic.com\/wp-content\/uploads\/2023\/11\/THINKCAR-TPMS-T-Wand-200-Lastik-Basinc-Programlama-Cihazi-4.png\",\"contentUrl\":\"https:\/\/cartechdiagnostic.com\/wp-content\/uploads\/2023\/11\/THINKCAR-TPMS-T-Wand-200-Lastik-Basinc-Programlama-Cihazi-4.png\",\"width\":1000,\"height\":1000},{\"@type\":\"BreadcrumbList\",\"@id\":\"https:\/\/cartechdiagnostic.com\/en\/urun\/programador-de-presion-de-neumaticos-thinkcar-tpms-t-wand-200\/#breadcrumb\",\"itemListElement\":[{\"@type\":\"ListItem\",\"position\":1,\"name\":\"Anasayfa\",\"item\":\"https:\/\/www.cartechdiagnostic.com\/en\/\"},{\"@type\":\"ListItem\",\"position\":2,\"name\":\"Ma\u011faza\",\"item\":\"https:\/\/www.cartechdiagnostic.com\/magaza\/\"},{\"@type\":\"ListItem\",\"position\":3,\"name\":\"Programador de presi\u00f3n de neum\u00e1ticos THINKCAR TPMS T-Wand 200\"}]},{\"@type\":\"WebSite\",\"@id\":\"https:\/\/www.cartechdiagnostic.com\/en\/#website\",\"url\":\"https:\/\/www.cartechdiagnostic.com\/en\/\",\"name\":\"Car-Tech Diagnostic\",\"description\":\"Ar\u0131za Tespit Cihazlar\u0131 - ECU Programlama Cihazlar\u0131\",\"publisher\":{\"@id\":\"https:\/\/www.cartechdiagnostic.com\/en\/#organization\"},\"alternateName\":\"Car-Tech Diag\",\"potentialAction\":[{\"@type\":\"SearchAction\",\"target\":{\"@type\":\"EntryPoint\",\"urlTemplate\":\"https:\/\/www.cartechdiagnostic.com\/en\/?s={search_term_string}\"},\"query-input\":\"required name=search_term_string\"}],\"inLanguage\":\"en-US\"},{\"@type\":\"Organization\",\"@id\":\"https:\/\/www.cartechdiagnostic.com\/en\/#organization\",\"name\":\"Car-Tech Diagnostic Yaz\u0131l\u0131m Ltd. \u015eti.\",\"url\":\"https:\/\/www.cartechdiagnostic.com\/en\/\",\"logo\":{\"@type\":\"ImageObject\",\"inLanguage\":\"en-US\",\"@id\":\"https:\/\/www.cartechdiagnostic.com\/en\/#\/schema\/logo\/image\/\",\"url\":\"https:\/\/cartechdiagnostic.com\/wp-content\/uploads\/2023\/08\/logocartech.png\",\"contentUrl\":\"https:\/\/cartechdiagnostic.com\/wp-content\/uploads\/2023\/08\/logocartech.png\",\"width\":714,\"height\":340,\"caption\":\"Car-Tech Diagnostic Yaz\u0131l\u0131m Ltd. \u015eti.\"},\"image\":{\"@id\":\"https:\/\/www.cartechdiagnostic.com\/en\/#\/schema\/logo\/image\/\"},\"sameAs\":[\"https:\/\/www.instagram.com\/cartechdiagnostic\"]}]}<\/script>\n<!-- \/ Yoast SEO plugin. -->","yoast_head_json":{"title":"Programador de presi\u00f3n de neum\u00e1ticos THINKCAR TPMS T-Wand 200 - Car-Tech Diagnostic","robots":{"index":"index","follow":"follow","max-snippet":"max-snippet:-1","max-image-preview":"max-image-preview:large","max-video-preview":"max-video-preview:-1"},"canonical":"https:\/\/cartechdiagnostic.com\/en\/urun\/programador-de-presion-de-neumaticos-thinkcar-tpms-t-wand-200\/","og_locale":"en_US","og_type":"article","og_title":"Programador de presi\u00f3n de neum\u00e1ticos THINKCAR TPMS T-Wand 200 - Car-Tech Diagnostic","og_description":"THINKCAR TPMS T-Wand 200 es un dispositivo de programaci\u00f3n dise\u00f1ado espec\u00edficamente para los sistemas de control de la presi\u00f3n de los neum\u00e1ticos (TPMS). Este dispositivo compacto y f\u00e1cil de usar ha sido desarrollado para programar y configurar de forma r\u00e1pida y eficaz los sensores de presi\u00f3n de los neum\u00e1ticos. El T-Wand 200 es compatible con los sistemas TPMS de veh\u00edculos de diferentes marcas y modelos, adapt\u00e1ndose a una amplia gama de veh\u00edculos. Gracias a su dise\u00f1o f\u00e1cil de usar y a su sencilla interfaz, los profesionales de la automoci\u00f3n y los propietarios de veh\u00edculos pueden programar y controlar f\u00e1cilmente los sensores TPMS. La programaci\u00f3n r\u00e1pida y precisa de los sensores TPMS convierte al T-Wand 200 en una herramienta ideal para cualquiera que desee optimizar el control de la presi\u00f3n de los neum\u00e1ticos. El dispositivo garantiza un control regular de la presi\u00f3n de los neum\u00e1ticos, lo que supone una importante contribuci\u00f3n a unas condiciones de conducci\u00f3n seguras y a la eficiencia en el consumo de combustible. El TPMS T-Wand 200 de THINKCAR es una soluci\u00f3n fiable y eficaz para los usuarios que deseen controlar y gestionar la presi\u00f3n de los neum\u00e1ticos mediante la tecnolog\u00eda TPMS.","og_url":"https:\/\/cartechdiagnostic.com\/en\/urun\/programador-de-presion-de-neumaticos-thinkcar-tpms-t-wand-200\/","og_site_name":"Car-Tech Diagnostic","og_image":[{"width":1000,"height":1000,"url":"https:\/\/cartechdiagnostic.com\/wp-content\/uploads\/2023\/11\/THINKCAR-TPMS-T-Wand-200-Lastik-Basinc-Programlama-Cihazi-4.png","type":"image\/png"}],"twitter_card":"summary_large_image","schema":{"@context":"https:\/\/schema.org","@graph":[{"@type":"WebPage","@id":"https:\/\/cartechdiagnostic.com\/en\/urun\/programador-de-presion-de-neumaticos-thinkcar-tpms-t-wand-200\/","url":"https:\/\/cartechdiagnostic.com\/en\/urun\/programador-de-presion-de-neumaticos-thinkcar-tpms-t-wand-200\/","name":"Programador de presi\u00f3n de neum\u00e1ticos THINKCAR TPMS T-Wand 200 - Car-Tech Diagnostic","isPartOf":{"@id":"https:\/\/www.cartechdiagnostic.com\/en\/#website"},"primaryImageOfPage":{"@id":"https:\/\/cartechdiagnostic.com\/en\/urun\/programador-de-presion-de-neumaticos-thinkcar-tpms-t-wand-200\/#primaryimage"},"image":{"@id":"https:\/\/cartechdiagnostic.com\/en\/urun\/programador-de-presion-de-neumaticos-thinkcar-tpms-t-wand-200\/#primaryimage"},"thumbnailUrl":"https:\/\/cartechdiagnostic.com\/wp-content\/uploads\/2023\/11\/THINKCAR-TPMS-T-Wand-200-Lastik-Basinc-Programlama-Cihazi-4.png","datePublished":"2024-04-16T21:23:32+00:00","dateModified":"2024-04-16T21:23:32+00:00","breadcrumb":{"@id":"https:\/\/cartechdiagnostic.com\/en\/urun\/programador-de-presion-de-neumaticos-thinkcar-tpms-t-wand-200\/#breadcrumb"},"inLanguage":"en-US","potentialAction":[{"@type":"ReadAction","target":["https:\/\/cartechdiagnostic.com\/en\/urun\/programador-de-presion-de-neumaticos-thinkcar-tpms-t-wand-200\/"]}]},{"@type":"ImageObject","inLanguage":"en-US","@id":"https:\/\/cartechdiagnostic.com\/en\/urun\/programador-de-presion-de-neumaticos-thinkcar-tpms-t-wand-200\/#primaryimage","url":"https:\/\/cartechdiagnostic.com\/wp-content\/uploads\/2023\/11\/THINKCAR-TPMS-T-Wand-200-Lastik-Basinc-Programlama-Cihazi-4.png","contentUrl":"https:\/\/cartechdiagnostic.com\/wp-content\/uploads\/2023\/11\/THINKCAR-TPMS-T-Wand-200-Lastik-Basinc-Programlama-Cihazi-4.png","width":1000,"height":1000},{"@type":"BreadcrumbList","@id":"https:\/\/cartechdiagnostic.com\/en\/urun\/programador-de-presion-de-neumaticos-thinkcar-tpms-t-wand-200\/#breadcrumb","itemListElement":[{"@type":"ListItem","position":1,"name":"Anasayfa","item":"https:\/\/www.cartechdiagnostic.com\/en\/"},{"@type":"ListItem","position":2,"name":"Ma\u011faza","item":"https:\/\/www.cartechdiagnostic.com\/magaza\/"},{"@type":"ListItem","position":3,"name":"Programador de presi\u00f3n de neum\u00e1ticos THINKCAR TPMS T-Wand 200"}]},{"@type":"WebSite","@id":"https:\/\/www.cartechdiagnostic.com\/en\/#website","url":"https:\/\/www.cartechdiagnostic.com\/en\/","name":"Car-Tech Diagnostic","description":"Ar\u0131za Tespit Cihazlar\u0131 - ECU Programlama Cihazlar\u0131","publisher":{"@id":"https:\/\/www.cartechdiagnostic.com\/en\/#organization"},"alternateName":"Car-Tech Diag","potentialAction":[{"@type":"SearchAction","target":{"@type":"EntryPoint","urlTemplate":"https:\/\/www.cartechdiagnostic.com\/en\/?s={search_term_string}"},"query-input":"required name=search_term_string"}],"inLanguage":"en-US"},{"@type":"Organization","@id":"https:\/\/www.cartechdiagnostic.com\/en\/#organization","name":"Car-Tech Diagnostic Yaz\u0131l\u0131m Ltd. \u015eti.","url":"https:\/\/www.cartechdiagnostic.com\/en\/","logo":{"@type":"ImageObject","inLanguage":"en-US","@id":"https:\/\/www.cartechdiagnostic.com\/en\/#\/schema\/logo\/image\/","url":"https:\/\/cartechdiagnostic.com\/wp-content\/uploads\/2023\/08\/logocartech.png","contentUrl":"https:\/\/cartechdiagnostic.com\/wp-content\/uploads\/2023\/08\/logocartech.png","width":714,"height":340,"caption":"Car-Tech Diagnostic Yaz\u0131l\u0131m Ltd. \u015eti."},"image":{"@id":"https:\/\/www.cartechdiagnostic.com\/en\/#\/schema\/logo\/image\/"},"sameAs":["https:\/\/www.instagram.com\/cartechdiagnostic"]}]}},"_links":{"self":[{"href":"https:\/\/cartechdiagnostic.com\/en\/wp-json\/wp\/v2\/product\/18181","targetHints":{"allow":["GET"]}}],"collection":[{"href":"https:\/\/cartechdiagnostic.com\/en\/wp-json\/wp\/v2\/product"}],"about":[{"href":"https:\/\/cartechdiagnostic.com\/en\/wp-json\/wp\/v2\/types\/product"}],"replies":[{"embeddable":true,"href":"https:\/\/cartechdiagnostic.com\/en\/wp-json\/wp\/v2\/comments?post=18181"}],"version-history":[{"count":0,"href":"https:\/\/cartechdiagnostic.com\/en\/wp-json\/wp\/v2\/product\/18181\/revisions"}],"wp:featuredmedia":[{"embeddable":true,"href":"https:\/\/cartechdiagnostic.com\/en\/wp-json\/wp\/v2\/media\/16901"}],"wp:attachment":[{"href":"https:\/\/cartechdiagnostic.com\/en\/wp-json\/wp\/v2\/media?parent=18181"}],"wp:term":[{"taxonomy":"product_brand","embeddable":true,"href":"https:\/\/cartechdiagnostic.com\/en\/wp-json\/wp\/v2\/product_brand?post=18181"},{"taxonomy":"product_cat","embeddable":true,"href":"https:\/\/cartechdiagnostic.com\/en\/wp-json\/wp\/v2\/product_cat?post=18181"},{"taxonomy":"product_tag","embeddable":true,"href":"https:\/\/cartechdiagnostic.com\/en\/wp-json\/wp\/v2\/product_tag?post=18181"}],"curies":[{"name":"wp","href":"https:\/\/api.w.org\/{rel}","templated":true}]}}