{"id":18183,"date":"2024-04-17T00:23:24","date_gmt":"2024-04-16T21:23:24","guid":{"rendered":"https:\/urun\/thinkcar-tpms-t-wand-200-tyre-pressure-programmer\/"},"modified":"2024-04-17T00:23:24","modified_gmt":"2024-04-16T21:23:24","slug":"thinkcar-tpms-t-wand-200-tyre-pressure-programmer","status":"publish","type":"product","link":"https:\/\/cartechdiagnostic.com\/en\/urun\/thinkcar-tpms-t-wand-200-tyre-pressure-programmer\/","title":{"rendered":"THINKCAR TPMS T-Wand 200 Tyre Pressure Programmer"},"content":{"rendered":"","protected":false},"excerpt":{"rendered":"<p>THINKCAR TPMS T-Wand 200 is a programming device specifically designed for tyre pressure monitoring systems (TPMS). This compact and easy-to-use device has been developed to quickly and efficiently program and configure tyre pressure sensors. The T-Wand 200 supports TPMS systems of vehicles of different makes and models, adapting to a wide range of vehicles. Thanks to its user-friendly design and simple interface, automotive professionals and vehicle owners can easily program and monitor TPMS sensors. Fast and accurate programming of TPMS sensors makes the T-Wand 200 an ideal tool for anyone looking to optimise tyre pressure control. The device ensures regular monitoring of tyre pressure, making an important contribution to safe driving conditions and fuel efficiency. The THINKCAR TPMS T-Wand 200 is a reliable and effective solution for users who want to monitor and manage tyre pressures using TPMS technology.<\/p>\n","protected":false},"featured_media":16889,"comment_status":"open","ping_status":"closed","template":"","meta":{"_joinchat":[]},"product_brand":[],"product_cat":[1342],"product_tag":[],"class_list":{"0":"post-18183","1":"product","2":"type-product","3":"status-publish","4":"has-post-thumbnail","6":"product_cat-uncategorized","8":"first","9":"instock","10":"sale","11":"shipping-taxable","12":"purchasable","13":"product-type-simple"},"yoast_head":"<!-- This site is optimized with the Yoast SEO plugin v22.8 - https:\/\/yoast.com\/wordpress\/plugins\/seo\/ -->\n<title>THINKCAR TPMS T-Wand 200 Tyre Pressure Programmer - Car-Tech Diagnostic<\/title>\n<meta name=\"robots\" content=\"index, follow, max-snippet:-1, max-image-preview:large, max-video-preview:-1\" \/>\n<link rel=\"canonical\" href=\"https:\/\/cartechdiagnostic.com\/en\/urun\/thinkcar-tpms-t-wand-200-tyre-pressure-programmer\/\" \/>\n<meta property=\"og:locale\" content=\"en_US\" \/>\n<meta property=\"og:type\" content=\"article\" \/>\n<meta property=\"og:title\" content=\"THINKCAR TPMS T-Wand 200 Tyre Pressure Programmer - Car-Tech Diagnostic\" \/>\n<meta property=\"og:description\" content=\"THINKCAR TPMS T-Wand 200 is a programming device specifically designed for tyre pressure monitoring systems (TPMS). This compact and easy-to-use device has been developed to quickly and efficiently program and configure tyre pressure sensors. The T-Wand 200 supports TPMS systems of vehicles of different makes and models, adapting to a wide range of vehicles. Thanks to its user-friendly design and simple interface, automotive professionals and vehicle owners can easily program and monitor TPMS sensors. Fast and accurate programming of TPMS sensors makes the T-Wand 200 an ideal tool for anyone looking to optimise tyre pressure control. The device ensures regular monitoring of tyre pressure, making an important contribution to safe driving conditions and fuel efficiency. The THINKCAR TPMS T-Wand 200 is a reliable and effective solution for users who want to monitor and manage tyre pressures using TPMS technology.\" \/>\n<meta property=\"og:url\" content=\"https:\/\/cartechdiagnostic.com\/en\/urun\/thinkcar-tpms-t-wand-200-tyre-pressure-programmer\/\" \/>\n<meta property=\"og:site_name\" content=\"Car-Tech Diagnostic\" \/>\n<meta property=\"og:image\" content=\"https:\/\/cartechdiagnostic.com\/wp-content\/uploads\/2023\/11\/THINKCAR-TPMS-T-Wand-200-Lastik-Basinc-Programlama-Cihazi-4.png\" \/>\n\t<meta property=\"og:image:width\" content=\"1000\" \/>\n\t<meta property=\"og:image:height\" content=\"1000\" \/>\n\t<meta property=\"og:image:type\" content=\"image\/png\" \/>\n<meta name=\"twitter:card\" content=\"summary_large_image\" \/>\n<script type=\"application\/ld+json\" class=\"yoast-schema-graph\">{\"@context\":\"https:\/\/schema.org\",\"@graph\":[{\"@type\":\"WebPage\",\"@id\":\"https:\/\/cartechdiagnostic.com\/en\/urun\/thinkcar-tpms-t-wand-200-tyre-pressure-programmer\/\",\"url\":\"https:\/\/cartechdiagnostic.com\/en\/urun\/thinkcar-tpms-t-wand-200-tyre-pressure-programmer\/\",\"name\":\"THINKCAR TPMS T-Wand 200 Tyre Pressure Programmer - Car-Tech Diagnostic\",\"isPartOf\":{\"@id\":\"https:\/\/www.cartechdiagnostic.com\/en\/#website\"},\"primaryImageOfPage\":{\"@id\":\"https:\/\/cartechdiagnostic.com\/en\/urun\/thinkcar-tpms-t-wand-200-tyre-pressure-programmer\/#primaryimage\"},\"image\":{\"@id\":\"https:\/\/cartechdiagnostic.com\/en\/urun\/thinkcar-tpms-t-wand-200-tyre-pressure-programmer\/#primaryimage\"},\"thumbnailUrl\":\"https:\/\/cartechdiagnostic.com\/wp-content\/uploads\/2023\/11\/THINKCAR-TPMS-T-Wand-200-Lastik-Basinc-Programlama-Cihazi-4.png\",\"datePublished\":\"2024-04-16T21:23:24+00:00\",\"dateModified\":\"2024-04-16T21:23:24+00:00\",\"breadcrumb\":{\"@id\":\"https:\/\/cartechdiagnostic.com\/en\/urun\/thinkcar-tpms-t-wand-200-tyre-pressure-programmer\/#breadcrumb\"},\"inLanguage\":\"en-US\",\"potentialAction\":[{\"@type\":\"ReadAction\",\"target\":[\"https:\/\/cartechdiagnostic.com\/en\/urun\/thinkcar-tpms-t-wand-200-tyre-pressure-programmer\/\"]}]},{\"@type\":\"ImageObject\",\"inLanguage\":\"en-US\",\"@id\":\"https:\/\/cartechdiagnostic.com\/en\/urun\/thinkcar-tpms-t-wand-200-tyre-pressure-programmer\/#primaryimage\",\"url\":\"https:\/\/cartechdiagnostic.com\/wp-content\/uploads\/2023\/11\/THINKCAR-TPMS-T-Wand-200-Lastik-Basinc-Programlama-Cihazi-4.png\",\"contentUrl\":\"https:\/\/cartechdiagnostic.com\/wp-content\/uploads\/2023\/11\/THINKCAR-TPMS-T-Wand-200-Lastik-Basinc-Programlama-Cihazi-4.png\",\"width\":1000,\"height\":1000},{\"@type\":\"BreadcrumbList\",\"@id\":\"https:\/\/cartechdiagnostic.com\/en\/urun\/thinkcar-tpms-t-wand-200-tyre-pressure-programmer\/#breadcrumb\",\"itemListElement\":[{\"@type\":\"ListItem\",\"position\":1,\"name\":\"Anasayfa\",\"item\":\"https:\/\/www.cartechdiagnostic.com\/en\/\"},{\"@type\":\"ListItem\",\"position\":2,\"name\":\"Ma\u011faza\",\"item\":\"https:\/\/www.cartechdiagnostic.com\/magaza\/\"},{\"@type\":\"ListItem\",\"position\":3,\"name\":\"THINKCAR TPMS T-Wand 200 Tyre Pressure Programmer\"}]},{\"@type\":\"WebSite\",\"@id\":\"https:\/\/www.cartechdiagnostic.com\/en\/#website\",\"url\":\"https:\/\/www.cartechdiagnostic.com\/en\/\",\"name\":\"Car-Tech Diagnostic\",\"description\":\"Ar\u0131za Tespit Cihazlar\u0131 - ECU Programlama Cihazlar\u0131\",\"publisher\":{\"@id\":\"https:\/\/www.cartechdiagnostic.com\/en\/#organization\"},\"alternateName\":\"Car-Tech Diag\",\"potentialAction\":[{\"@type\":\"SearchAction\",\"target\":{\"@type\":\"EntryPoint\",\"urlTemplate\":\"https:\/\/www.cartechdiagnostic.com\/en\/?s={search_term_string}\"},\"query-input\":\"required name=search_term_string\"}],\"inLanguage\":\"en-US\"},{\"@type\":\"Organization\",\"@id\":\"https:\/\/www.cartechdiagnostic.com\/en\/#organization\",\"name\":\"Car-Tech Diagnostic Yaz\u0131l\u0131m Ltd. \u015eti.\",\"url\":\"https:\/\/www.cartechdiagnostic.com\/en\/\",\"logo\":{\"@type\":\"ImageObject\",\"inLanguage\":\"en-US\",\"@id\":\"https:\/\/www.cartechdiagnostic.com\/en\/#\/schema\/logo\/image\/\",\"url\":\"https:\/\/cartechdiagnostic.com\/wp-content\/uploads\/2023\/08\/logocartech.png\",\"contentUrl\":\"https:\/\/cartechdiagnostic.com\/wp-content\/uploads\/2023\/08\/logocartech.png\",\"width\":714,\"height\":340,\"caption\":\"Car-Tech Diagnostic Yaz\u0131l\u0131m Ltd. \u015eti.\"},\"image\":{\"@id\":\"https:\/\/www.cartechdiagnostic.com\/en\/#\/schema\/logo\/image\/\"},\"sameAs\":[\"https:\/\/www.instagram.com\/cartechdiagnostic\"]}]}<\/script>\n<!-- \/ Yoast SEO plugin. -->","yoast_head_json":{"title":"THINKCAR TPMS T-Wand 200 Tyre Pressure Programmer - Car-Tech Diagnostic","robots":{"index":"index","follow":"follow","max-snippet":"max-snippet:-1","max-image-preview":"max-image-preview:large","max-video-preview":"max-video-preview:-1"},"canonical":"https:\/\/cartechdiagnostic.com\/en\/urun\/thinkcar-tpms-t-wand-200-tyre-pressure-programmer\/","og_locale":"en_US","og_type":"article","og_title":"THINKCAR TPMS T-Wand 200 Tyre Pressure Programmer - Car-Tech Diagnostic","og_description":"THINKCAR TPMS T-Wand 200 is a programming device specifically designed for tyre pressure monitoring systems (TPMS). This compact and easy-to-use device has been developed to quickly and efficiently program and configure tyre pressure sensors. The T-Wand 200 supports TPMS systems of vehicles of different makes and models, adapting to a wide range of vehicles. Thanks to its user-friendly design and simple interface, automotive professionals and vehicle owners can easily program and monitor TPMS sensors. Fast and accurate programming of TPMS sensors makes the T-Wand 200 an ideal tool for anyone looking to optimise tyre pressure control. The device ensures regular monitoring of tyre pressure, making an important contribution to safe driving conditions and fuel efficiency. The THINKCAR TPMS T-Wand 200 is a reliable and effective solution for users who want to monitor and manage tyre pressures using TPMS technology.","og_url":"https:\/\/cartechdiagnostic.com\/en\/urun\/thinkcar-tpms-t-wand-200-tyre-pressure-programmer\/","og_site_name":"Car-Tech Diagnostic","og_image":[{"width":1000,"height":1000,"url":"https:\/\/cartechdiagnostic.com\/wp-content\/uploads\/2023\/11\/THINKCAR-TPMS-T-Wand-200-Lastik-Basinc-Programlama-Cihazi-4.png","type":"image\/png"}],"twitter_card":"summary_large_image","schema":{"@context":"https:\/\/schema.org","@graph":[{"@type":"WebPage","@id":"https:\/\/cartechdiagnostic.com\/en\/urun\/thinkcar-tpms-t-wand-200-tyre-pressure-programmer\/","url":"https:\/\/cartechdiagnostic.com\/en\/urun\/thinkcar-tpms-t-wand-200-tyre-pressure-programmer\/","name":"THINKCAR TPMS T-Wand 200 Tyre Pressure Programmer - Car-Tech Diagnostic","isPartOf":{"@id":"https:\/\/www.cartechdiagnostic.com\/en\/#website"},"primaryImageOfPage":{"@id":"https:\/\/cartechdiagnostic.com\/en\/urun\/thinkcar-tpms-t-wand-200-tyre-pressure-programmer\/#primaryimage"},"image":{"@id":"https:\/\/cartechdiagnostic.com\/en\/urun\/thinkcar-tpms-t-wand-200-tyre-pressure-programmer\/#primaryimage"},"thumbnailUrl":"https:\/\/cartechdiagnostic.com\/wp-content\/uploads\/2023\/11\/THINKCAR-TPMS-T-Wand-200-Lastik-Basinc-Programlama-Cihazi-4.png","datePublished":"2024-04-16T21:23:24+00:00","dateModified":"2024-04-16T21:23:24+00:00","breadcrumb":{"@id":"https:\/\/cartechdiagnostic.com\/en\/urun\/thinkcar-tpms-t-wand-200-tyre-pressure-programmer\/#breadcrumb"},"inLanguage":"en-US","potentialAction":[{"@type":"ReadAction","target":["https:\/\/cartechdiagnostic.com\/en\/urun\/thinkcar-tpms-t-wand-200-tyre-pressure-programmer\/"]}]},{"@type":"ImageObject","inLanguage":"en-US","@id":"https:\/\/cartechdiagnostic.com\/en\/urun\/thinkcar-tpms-t-wand-200-tyre-pressure-programmer\/#primaryimage","url":"https:\/\/cartechdiagnostic.com\/wp-content\/uploads\/2023\/11\/THINKCAR-TPMS-T-Wand-200-Lastik-Basinc-Programlama-Cihazi-4.png","contentUrl":"https:\/\/cartechdiagnostic.com\/wp-content\/uploads\/2023\/11\/THINKCAR-TPMS-T-Wand-200-Lastik-Basinc-Programlama-Cihazi-4.png","width":1000,"height":1000},{"@type":"BreadcrumbList","@id":"https:\/\/cartechdiagnostic.com\/en\/urun\/thinkcar-tpms-t-wand-200-tyre-pressure-programmer\/#breadcrumb","itemListElement":[{"@type":"ListItem","position":1,"name":"Anasayfa","item":"https:\/\/www.cartechdiagnostic.com\/en\/"},{"@type":"ListItem","position":2,"name":"Ma\u011faza","item":"https:\/\/www.cartechdiagnostic.com\/magaza\/"},{"@type":"ListItem","position":3,"name":"THINKCAR TPMS T-Wand 200 Tyre Pressure Programmer"}]},{"@type":"WebSite","@id":"https:\/\/www.cartechdiagnostic.com\/en\/#website","url":"https:\/\/www.cartechdiagnostic.com\/en\/","name":"Car-Tech Diagnostic","description":"Ar\u0131za Tespit Cihazlar\u0131 - ECU Programlama Cihazlar\u0131","publisher":{"@id":"https:\/\/www.cartechdiagnostic.com\/en\/#organization"},"alternateName":"Car-Tech Diag","potentialAction":[{"@type":"SearchAction","target":{"@type":"EntryPoint","urlTemplate":"https:\/\/www.cartechdiagnostic.com\/en\/?s={search_term_string}"},"query-input":"required name=search_term_string"}],"inLanguage":"en-US"},{"@type":"Organization","@id":"https:\/\/www.cartechdiagnostic.com\/en\/#organization","name":"Car-Tech Diagnostic Yaz\u0131l\u0131m Ltd. \u015eti.","url":"https:\/\/www.cartechdiagnostic.com\/en\/","logo":{"@type":"ImageObject","inLanguage":"en-US","@id":"https:\/\/www.cartechdiagnostic.com\/en\/#\/schema\/logo\/image\/","url":"https:\/\/cartechdiagnostic.com\/wp-content\/uploads\/2023\/08\/logocartech.png","contentUrl":"https:\/\/cartechdiagnostic.com\/wp-content\/uploads\/2023\/08\/logocartech.png","width":714,"height":340,"caption":"Car-Tech Diagnostic Yaz\u0131l\u0131m Ltd. \u015eti."},"image":{"@id":"https:\/\/www.cartechdiagnostic.com\/en\/#\/schema\/logo\/image\/"},"sameAs":["https:\/\/www.instagram.com\/cartechdiagnostic"]}]}},"_links":{"self":[{"href":"https:\/\/cartechdiagnostic.com\/en\/wp-json\/wp\/v2\/product\/18183","targetHints":{"allow":["GET"]}}],"collection":[{"href":"https:\/\/cartechdiagnostic.com\/en\/wp-json\/wp\/v2\/product"}],"about":[{"href":"https:\/\/cartechdiagnostic.com\/en\/wp-json\/wp\/v2\/types\/product"}],"replies":[{"embeddable":true,"href":"https:\/\/cartechdiagnostic.com\/en\/wp-json\/wp\/v2\/comments?post=18183"}],"version-history":[{"count":0,"href":"https:\/\/cartechdiagnostic.com\/en\/wp-json\/wp\/v2\/product\/18183\/revisions"}],"wp:featuredmedia":[{"embeddable":true,"href":"https:\/\/cartechdiagnostic.com\/en\/wp-json\/wp\/v2\/media\/16889"}],"wp:attachment":[{"href":"https:\/\/cartechdiagnostic.com\/en\/wp-json\/wp\/v2\/media?parent=18183"}],"wp:term":[{"taxonomy":"product_brand","embeddable":true,"href":"https:\/\/cartechdiagnostic.com\/en\/wp-json\/wp\/v2\/product_brand?post=18183"},{"taxonomy":"product_cat","embeddable":true,"href":"https:\/\/cartechdiagnostic.com\/en\/wp-json\/wp\/v2\/product_cat?post=18183"},{"taxonomy":"product_tag","embeddable":true,"href":"https:\/\/cartechdiagnostic.com\/en\/wp-json\/wp\/v2\/product_tag?post=18183"}],"curies":[{"name":"wp","href":"https:\/\/api.w.org\/{rel}","templated":true}]}}