{"id":18185,"date":"2024-04-17T00:19:02","date_gmt":"2024-04-16T21:19:02","guid":{"rendered":"https:\/urun\/t-wand-900-codifica-del-sensore-tpms-e-dispositivo-diagnostico-completo-del-sistema\/"},"modified":"2025-05-31T21:34:26","modified_gmt":"2025-05-31T18:34:26","slug":"t-wand-900-codifica-del-sensore-tpms-e-dispositivo-diagnostico-completo-del-sistema","status":"publish","type":"product","link":"https:\/\/cartechdiagnostic.com\/en\/urun\/t-wand-900-codifica-del-sensore-tpms-e-dispositivo-diagnostico-completo-del-sistema\/","title":{"rendered":"T-Wand 900 Codifica del sensore TPMS e dispositivo diagnostico completo del sistema"},"content":{"rendered":"","protected":false},"excerpt":{"rendered":"<p>Thinkcar T-Wand 900 \u00e8 uno strumento diagnostico TPMS intelligente, dotato di 5 sensori TPMS S1. Con questo scanner OBD2 pu\u00f2 eseguire l&#8217;attivazione, la programmazione e il riapprendimento dei sensori TPMS. \u00c8 dotato di tutto il necessario per diagnosticare la maggior parte dei veicoli prodotti dopo il 1996 con protocollo TPMS e connettore OBD2 a 16 PIN.<\/p>\n","protected":false},"featured_media":16883,"comment_status":"open","ping_status":"closed","template":"","meta":{"_joinchat":[]},"product_brand":[],"product_cat":[1341],"product_tag":[],"class_list":{"0":"post-18185","1":"product","2":"type-product","3":"status-publish","4":"has-post-thumbnail","6":"product_cat-default-category","8":"first","9":"instock","10":"sale","11":"shipping-taxable","12":"purchasable","13":"product-type-simple"},"yoast_head":"<!-- This site is optimized with the Yoast SEO plugin v22.8 - https:\/\/yoast.com\/wordpress\/plugins\/seo\/ -->\n<title>T-Wand 900 Codifica del sensore TPMS e dispositivo diagnostico completo del sistema - Car-Tech Diagnostic<\/title>\n<meta name=\"robots\" content=\"index, follow, max-snippet:-1, max-image-preview:large, max-video-preview:-1\" \/>\n<link rel=\"canonical\" href=\"https:\/\/cartechdiagnostic.com\/en\/urun\/t-wand-900-codifica-del-sensore-tpms-e-dispositivo-diagnostico-completo-del-sistema\/\" \/>\n<meta property=\"og:locale\" content=\"en_US\" \/>\n<meta property=\"og:type\" content=\"article\" \/>\n<meta property=\"og:title\" content=\"T-Wand 900 Codifica del sensore TPMS e dispositivo diagnostico completo del sistema - Car-Tech Diagnostic\" \/>\n<meta property=\"og:description\" content=\"Thinkcar T-Wand 900 \u00e8 uno strumento diagnostico TPMS intelligente, dotato di 5 sensori TPMS S1. Con questo scanner OBD2 pu\u00f2 eseguire l&#039;attivazione, la programmazione e il riapprendimento dei sensori TPMS. \u00c8 dotato di tutto il necessario per diagnosticare la maggior parte dei veicoli prodotti dopo il 1996 con protocollo TPMS e connettore OBD2 a 16 PIN.\" \/>\n<meta property=\"og:url\" content=\"https:\/\/cartechdiagnostic.com\/en\/urun\/t-wand-900-codifica-del-sensore-tpms-e-dispositivo-diagnostico-completo-del-sistema\/\" \/>\n<meta property=\"og:site_name\" content=\"Car-Tech Diagnostic\" \/>\n<meta property=\"article:modified_time\" content=\"2025-05-31T18:34:26+00:00\" \/>\n<meta property=\"og:image\" content=\"https:\/\/cartechdiagnostic.com\/wp-content\/uploads\/2023\/10\/t-wand-900-1.png\" \/>\n\t<meta property=\"og:image:width\" content=\"2080\" \/>\n\t<meta property=\"og:image:height\" content=\"2080\" \/>\n\t<meta property=\"og:image:type\" content=\"image\/png\" \/>\n<meta name=\"twitter:card\" content=\"summary_large_image\" \/>\n<script type=\"application\/ld+json\" class=\"yoast-schema-graph\">{\"@context\":\"https:\/\/schema.org\",\"@graph\":[{\"@type\":\"WebPage\",\"@id\":\"https:\/\/cartechdiagnostic.com\/en\/urun\/t-wand-900-codifica-del-sensore-tpms-e-dispositivo-diagnostico-completo-del-sistema\/\",\"url\":\"https:\/\/cartechdiagnostic.com\/en\/urun\/t-wand-900-codifica-del-sensore-tpms-e-dispositivo-diagnostico-completo-del-sistema\/\",\"name\":\"T-Wand 900 Codifica del sensore TPMS e dispositivo diagnostico completo del sistema - Car-Tech Diagnostic\",\"isPartOf\":{\"@id\":\"https:\/\/www.cartechdiagnostic.com\/en\/#website\"},\"primaryImageOfPage\":{\"@id\":\"https:\/\/cartechdiagnostic.com\/en\/urun\/t-wand-900-codifica-del-sensore-tpms-e-dispositivo-diagnostico-completo-del-sistema\/#primaryimage\"},\"image\":{\"@id\":\"https:\/\/cartechdiagnostic.com\/en\/urun\/t-wand-900-codifica-del-sensore-tpms-e-dispositivo-diagnostico-completo-del-sistema\/#primaryimage\"},\"thumbnailUrl\":\"https:\/\/cartechdiagnostic.com\/wp-content\/uploads\/2023\/10\/t-wand-900-1.png\",\"datePublished\":\"2024-04-16T21:19:02+00:00\",\"dateModified\":\"2025-05-31T18:34:26+00:00\",\"breadcrumb\":{\"@id\":\"https:\/\/cartechdiagnostic.com\/en\/urun\/t-wand-900-codifica-del-sensore-tpms-e-dispositivo-diagnostico-completo-del-sistema\/#breadcrumb\"},\"inLanguage\":\"en-US\",\"potentialAction\":[{\"@type\":\"ReadAction\",\"target\":[\"https:\/\/cartechdiagnostic.com\/en\/urun\/t-wand-900-codifica-del-sensore-tpms-e-dispositivo-diagnostico-completo-del-sistema\/\"]}]},{\"@type\":\"ImageObject\",\"inLanguage\":\"en-US\",\"@id\":\"https:\/\/cartechdiagnostic.com\/en\/urun\/t-wand-900-codifica-del-sensore-tpms-e-dispositivo-diagnostico-completo-del-sistema\/#primaryimage\",\"url\":\"https:\/\/cartechdiagnostic.com\/wp-content\/uploads\/2023\/10\/t-wand-900-1.png\",\"contentUrl\":\"https:\/\/cartechdiagnostic.com\/wp-content\/uploads\/2023\/10\/t-wand-900-1.png\",\"width\":2080,\"height\":2080,\"caption\":\"t-wand-900\"},{\"@type\":\"BreadcrumbList\",\"@id\":\"https:\/\/cartechdiagnostic.com\/en\/urun\/t-wand-900-codifica-del-sensore-tpms-e-dispositivo-diagnostico-completo-del-sistema\/#breadcrumb\",\"itemListElement\":[{\"@type\":\"ListItem\",\"position\":1,\"name\":\"Anasayfa\",\"item\":\"https:\/\/www.cartechdiagnostic.com\/en\/\"},{\"@type\":\"ListItem\",\"position\":2,\"name\":\"Ma\u011faza\",\"item\":\"https:\/\/www.cartechdiagnostic.com\/magaza\/\"},{\"@type\":\"ListItem\",\"position\":3,\"name\":\"T-Wand 900 Codifica del sensore TPMS e dispositivo diagnostico completo del sistema\"}]},{\"@type\":\"WebSite\",\"@id\":\"https:\/\/www.cartechdiagnostic.com\/en\/#website\",\"url\":\"https:\/\/www.cartechdiagnostic.com\/en\/\",\"name\":\"Car-Tech Diagnostic\",\"description\":\"Ar\u0131za Tespit Cihazlar\u0131 - ECU Programlama Cihazlar\u0131\",\"publisher\":{\"@id\":\"https:\/\/www.cartechdiagnostic.com\/en\/#organization\"},\"alternateName\":\"Car-Tech Diag\",\"potentialAction\":[{\"@type\":\"SearchAction\",\"target\":{\"@type\":\"EntryPoint\",\"urlTemplate\":\"https:\/\/www.cartechdiagnostic.com\/en\/?s={search_term_string}\"},\"query-input\":\"required name=search_term_string\"}],\"inLanguage\":\"en-US\"},{\"@type\":\"Organization\",\"@id\":\"https:\/\/www.cartechdiagnostic.com\/en\/#organization\",\"name\":\"Car-Tech Diagnostic Yaz\u0131l\u0131m Ltd. \u015eti.\",\"url\":\"https:\/\/www.cartechdiagnostic.com\/en\/\",\"logo\":{\"@type\":\"ImageObject\",\"inLanguage\":\"en-US\",\"@id\":\"https:\/\/www.cartechdiagnostic.com\/en\/#\/schema\/logo\/image\/\",\"url\":\"https:\/\/cartechdiagnostic.com\/wp-content\/uploads\/2023\/08\/logocartech.png\",\"contentUrl\":\"https:\/\/cartechdiagnostic.com\/wp-content\/uploads\/2023\/08\/logocartech.png\",\"width\":714,\"height\":340,\"caption\":\"Car-Tech Diagnostic Yaz\u0131l\u0131m Ltd. \u015eti.\"},\"image\":{\"@id\":\"https:\/\/www.cartechdiagnostic.com\/en\/#\/schema\/logo\/image\/\"},\"sameAs\":[\"https:\/\/www.instagram.com\/cartechdiagnostic\"]}]}<\/script>\n<!-- \/ Yoast SEO plugin. -->","yoast_head_json":{"title":"T-Wand 900 Codifica del sensore TPMS e dispositivo diagnostico completo del sistema - Car-Tech Diagnostic","robots":{"index":"index","follow":"follow","max-snippet":"max-snippet:-1","max-image-preview":"max-image-preview:large","max-video-preview":"max-video-preview:-1"},"canonical":"https:\/\/cartechdiagnostic.com\/en\/urun\/t-wand-900-codifica-del-sensore-tpms-e-dispositivo-diagnostico-completo-del-sistema\/","og_locale":"en_US","og_type":"article","og_title":"T-Wand 900 Codifica del sensore TPMS e dispositivo diagnostico completo del sistema - Car-Tech Diagnostic","og_description":"Thinkcar T-Wand 900 \u00e8 uno strumento diagnostico TPMS intelligente, dotato di 5 sensori TPMS S1. Con questo scanner OBD2 pu\u00f2 eseguire l'attivazione, la programmazione e il riapprendimento dei sensori TPMS. \u00c8 dotato di tutto il necessario per diagnosticare la maggior parte dei veicoli prodotti dopo il 1996 con protocollo TPMS e connettore OBD2 a 16 PIN.","og_url":"https:\/\/cartechdiagnostic.com\/en\/urun\/t-wand-900-codifica-del-sensore-tpms-e-dispositivo-diagnostico-completo-del-sistema\/","og_site_name":"Car-Tech Diagnostic","article_modified_time":"2025-05-31T18:34:26+00:00","og_image":[{"width":2080,"height":2080,"url":"https:\/\/cartechdiagnostic.com\/wp-content\/uploads\/2023\/10\/t-wand-900-1.png","type":"image\/png"}],"twitter_card":"summary_large_image","schema":{"@context":"https:\/\/schema.org","@graph":[{"@type":"WebPage","@id":"https:\/\/cartechdiagnostic.com\/en\/urun\/t-wand-900-codifica-del-sensore-tpms-e-dispositivo-diagnostico-completo-del-sistema\/","url":"https:\/\/cartechdiagnostic.com\/en\/urun\/t-wand-900-codifica-del-sensore-tpms-e-dispositivo-diagnostico-completo-del-sistema\/","name":"T-Wand 900 Codifica del sensore TPMS e dispositivo diagnostico completo del sistema - Car-Tech Diagnostic","isPartOf":{"@id":"https:\/\/www.cartechdiagnostic.com\/en\/#website"},"primaryImageOfPage":{"@id":"https:\/\/cartechdiagnostic.com\/en\/urun\/t-wand-900-codifica-del-sensore-tpms-e-dispositivo-diagnostico-completo-del-sistema\/#primaryimage"},"image":{"@id":"https:\/\/cartechdiagnostic.com\/en\/urun\/t-wand-900-codifica-del-sensore-tpms-e-dispositivo-diagnostico-completo-del-sistema\/#primaryimage"},"thumbnailUrl":"https:\/\/cartechdiagnostic.com\/wp-content\/uploads\/2023\/10\/t-wand-900-1.png","datePublished":"2024-04-16T21:19:02+00:00","dateModified":"2025-05-31T18:34:26+00:00","breadcrumb":{"@id":"https:\/\/cartechdiagnostic.com\/en\/urun\/t-wand-900-codifica-del-sensore-tpms-e-dispositivo-diagnostico-completo-del-sistema\/#breadcrumb"},"inLanguage":"en-US","potentialAction":[{"@type":"ReadAction","target":["https:\/\/cartechdiagnostic.com\/en\/urun\/t-wand-900-codifica-del-sensore-tpms-e-dispositivo-diagnostico-completo-del-sistema\/"]}]},{"@type":"ImageObject","inLanguage":"en-US","@id":"https:\/\/cartechdiagnostic.com\/en\/urun\/t-wand-900-codifica-del-sensore-tpms-e-dispositivo-diagnostico-completo-del-sistema\/#primaryimage","url":"https:\/\/cartechdiagnostic.com\/wp-content\/uploads\/2023\/10\/t-wand-900-1.png","contentUrl":"https:\/\/cartechdiagnostic.com\/wp-content\/uploads\/2023\/10\/t-wand-900-1.png","width":2080,"height":2080,"caption":"t-wand-900"},{"@type":"BreadcrumbList","@id":"https:\/\/cartechdiagnostic.com\/en\/urun\/t-wand-900-codifica-del-sensore-tpms-e-dispositivo-diagnostico-completo-del-sistema\/#breadcrumb","itemListElement":[{"@type":"ListItem","position":1,"name":"Anasayfa","item":"https:\/\/www.cartechdiagnostic.com\/en\/"},{"@type":"ListItem","position":2,"name":"Ma\u011faza","item":"https:\/\/www.cartechdiagnostic.com\/magaza\/"},{"@type":"ListItem","position":3,"name":"T-Wand 900 Codifica del sensore TPMS e dispositivo diagnostico completo del sistema"}]},{"@type":"WebSite","@id":"https:\/\/www.cartechdiagnostic.com\/en\/#website","url":"https:\/\/www.cartechdiagnostic.com\/en\/","name":"Car-Tech Diagnostic","description":"Ar\u0131za Tespit Cihazlar\u0131 - ECU Programlama Cihazlar\u0131","publisher":{"@id":"https:\/\/www.cartechdiagnostic.com\/en\/#organization"},"alternateName":"Car-Tech Diag","potentialAction":[{"@type":"SearchAction","target":{"@type":"EntryPoint","urlTemplate":"https:\/\/www.cartechdiagnostic.com\/en\/?s={search_term_string}"},"query-input":"required name=search_term_string"}],"inLanguage":"en-US"},{"@type":"Organization","@id":"https:\/\/www.cartechdiagnostic.com\/en\/#organization","name":"Car-Tech Diagnostic Yaz\u0131l\u0131m Ltd. \u015eti.","url":"https:\/\/www.cartechdiagnostic.com\/en\/","logo":{"@type":"ImageObject","inLanguage":"en-US","@id":"https:\/\/www.cartechdiagnostic.com\/en\/#\/schema\/logo\/image\/","url":"https:\/\/cartechdiagnostic.com\/wp-content\/uploads\/2023\/08\/logocartech.png","contentUrl":"https:\/\/cartechdiagnostic.com\/wp-content\/uploads\/2023\/08\/logocartech.png","width":714,"height":340,"caption":"Car-Tech Diagnostic Yaz\u0131l\u0131m Ltd. \u015eti."},"image":{"@id":"https:\/\/www.cartechdiagnostic.com\/en\/#\/schema\/logo\/image\/"},"sameAs":["https:\/\/www.instagram.com\/cartechdiagnostic"]}]}},"_links":{"self":[{"href":"https:\/\/cartechdiagnostic.com\/en\/wp-json\/wp\/v2\/product\/18185","targetHints":{"allow":["GET"]}}],"collection":[{"href":"https:\/\/cartechdiagnostic.com\/en\/wp-json\/wp\/v2\/product"}],"about":[{"href":"https:\/\/cartechdiagnostic.com\/en\/wp-json\/wp\/v2\/types\/product"}],"replies":[{"embeddable":true,"href":"https:\/\/cartechdiagnostic.com\/en\/wp-json\/wp\/v2\/comments?post=18185"}],"version-history":[{"count":0,"href":"https:\/\/cartechdiagnostic.com\/en\/wp-json\/wp\/v2\/product\/18185\/revisions"}],"wp:featuredmedia":[{"embeddable":true,"href":"https:\/\/cartechdiagnostic.com\/en\/wp-json\/wp\/v2\/media\/16883"}],"wp:attachment":[{"href":"https:\/\/cartechdiagnostic.com\/en\/wp-json\/wp\/v2\/media?parent=18185"}],"wp:term":[{"taxonomy":"product_brand","embeddable":true,"href":"https:\/\/cartechdiagnostic.com\/en\/wp-json\/wp\/v2\/product_brand?post=18185"},{"taxonomy":"product_cat","embeddable":true,"href":"https:\/\/cartechdiagnostic.com\/en\/wp-json\/wp\/v2\/product_cat?post=18185"},{"taxonomy":"product_tag","embeddable":true,"href":"https:\/\/cartechdiagnostic.com\/en\/wp-json\/wp\/v2\/product_tag?post=18185"}],"curies":[{"name":"wp","href":"https:\/\/api.w.org\/{rel}","templated":true}]}}