{"id":18250,"date":"2024-02-26T15:00:22","date_gmt":"2024-02-26T12:00:22","guid":{"rendered":"https:\/urun\/phase-rotation-measurement-device-wl-251-wellhise-sm852b-2-2\/"},"modified":"2024-02-26T15:00:22","modified_gmt":"2024-02-26T12:00:22","slug":"phase-rotation-measurement-device-wl-251-wellhise-sm852b-2-2","status":"publish","type":"product","link":"https:\/\/cartechdiagnostic.com\/en\/urun\/phase-rotation-measurement-device-wl-251-wellhise-sm852b-2-2\/","title":{"rendered":"Phase Rotation Measurement Device &#8211; WL-251 WELLHISE SM852B"},"content":{"rendered":"","protected":false},"excerpt":{"rendered":"<p>is a device used to determine rotation. Phase rotation is important to determine whether the phases in three-phase electrical systems are in the correct order. Incorrect phase rotation can affect the operation of electrical equipment and cause serious damage.<\/p>\n<p>The SM852B model is a specialized instrument, often used to determine phase rotation. This device tests the connections of power lines and determines the phase sequence. thus ensuring that electrical systems are correctly installed and operated.<\/p>\n","protected":false},"featured_media":16792,"comment_status":"open","ping_status":"closed","template":"","meta":{"_joinchat":[]},"product_brand":[],"product_cat":[1341],"product_tag":[],"class_list":{"0":"post-18250","1":"product","2":"type-product","3":"status-publish","4":"has-post-thumbnail","6":"product_cat-default-category","8":"first","9":"instock","10":"sale","11":"shipping-taxable","12":"purchasable","13":"product-type-simple"},"yoast_head":"<!-- This site is optimized with the Yoast SEO plugin v22.8 - https:\/\/yoast.com\/wordpress\/plugins\/seo\/ -->\n<title>Phase Rotation Measurement Device - WL-251 WELLHISE SM852B - Car-Tech Diagnostic<\/title>\n<meta name=\"robots\" content=\"index, follow, max-snippet:-1, max-image-preview:large, max-video-preview:-1\" \/>\n<link rel=\"canonical\" href=\"https:\/\/cartechdiagnostic.com\/en\/urun\/phase-rotation-measurement-device-wl-251-wellhise-sm852b-2-2\/\" \/>\n<meta property=\"og:locale\" content=\"en_US\" \/>\n<meta property=\"og:type\" content=\"article\" \/>\n<meta property=\"og:title\" content=\"Phase Rotation Measurement Device - WL-251 WELLHISE SM852B - Car-Tech Diagnostic\" \/>\n<meta property=\"og:description\" content=\"is a device used to determine rotation. Phase rotation is important to determine whether the phases in three-phase electrical systems are in the correct order. Incorrect phase rotation can affect the operation of electrical equipment and cause serious damage. The SM852B model is a specialized instrument, often used to determine phase rotation. This device tests the connections of power lines and determines the phase sequence. thus ensuring that electrical systems are correctly installed and operated.\" \/>\n<meta property=\"og:url\" content=\"https:\/\/cartechdiagnostic.com\/en\/urun\/phase-rotation-measurement-device-wl-251-wellhise-sm852b-2-2\/\" \/>\n<meta property=\"og:site_name\" content=\"Car-Tech Diagnostic\" \/>\n<meta property=\"og:image\" content=\"https:\/\/www.cartechdiagnostic.com\/wp-content\/uploads\/2024\/02\/WL-251-WELLHISE-SM852B-FAZ-ROTASYON-oLAoM-CoHAZI.png\" \/>\n\t<meta property=\"og:image:width\" content=\"1080\" \/>\n\t<meta property=\"og:image:height\" content=\"1080\" \/>\n\t<meta property=\"og:image:type\" content=\"image\/png\" \/>\n<meta name=\"twitter:card\" content=\"summary_large_image\" \/>\n<script type=\"application\/ld+json\" class=\"yoast-schema-graph\">{\"@context\":\"https:\/\/schema.org\",\"@graph\":[{\"@type\":\"WebPage\",\"@id\":\"https:\/\/cartechdiagnostic.com\/en\/urun\/phase-rotation-measurement-device-wl-251-wellhise-sm852b-2-2\/\",\"url\":\"https:\/\/cartechdiagnostic.com\/en\/urun\/phase-rotation-measurement-device-wl-251-wellhise-sm852b-2-2\/\",\"name\":\"Phase Rotation Measurement Device - WL-251 WELLHISE SM852B - Car-Tech Diagnostic\",\"isPartOf\":{\"@id\":\"https:\/\/www.cartechdiagnostic.com\/en\/#website\"},\"primaryImageOfPage\":{\"@id\":\"https:\/\/cartechdiagnostic.com\/en\/urun\/phase-rotation-measurement-device-wl-251-wellhise-sm852b-2-2\/#primaryimage\"},\"image\":{\"@id\":\"https:\/\/cartechdiagnostic.com\/en\/urun\/phase-rotation-measurement-device-wl-251-wellhise-sm852b-2-2\/#primaryimage\"},\"thumbnailUrl\":\"https:\/\/cartechdiagnostic.com\/wp-content\/uploads\/2024\/02\/WL-251-WELLHISE-SM852B-FAZ-ROTASYON-oLAoM-CoHAZI.png\",\"datePublished\":\"2024-02-26T12:00:22+00:00\",\"dateModified\":\"2024-02-26T12:00:22+00:00\",\"breadcrumb\":{\"@id\":\"https:\/\/cartechdiagnostic.com\/en\/urun\/phase-rotation-measurement-device-wl-251-wellhise-sm852b-2-2\/#breadcrumb\"},\"inLanguage\":\"en-US\",\"potentialAction\":[{\"@type\":\"ReadAction\",\"target\":[\"https:\/\/cartechdiagnostic.com\/en\/urun\/phase-rotation-measurement-device-wl-251-wellhise-sm852b-2-2\/\"]}]},{\"@type\":\"ImageObject\",\"inLanguage\":\"en-US\",\"@id\":\"https:\/\/cartechdiagnostic.com\/en\/urun\/phase-rotation-measurement-device-wl-251-wellhise-sm852b-2-2\/#primaryimage\",\"url\":\"https:\/\/cartechdiagnostic.com\/wp-content\/uploads\/2024\/02\/WL-251-WELLHISE-SM852B-FAZ-ROTASYON-oLAoM-CoHAZI.png\",\"contentUrl\":\"https:\/\/cartechdiagnostic.com\/wp-content\/uploads\/2024\/02\/WL-251-WELLHISE-SM852B-FAZ-ROTASYON-oLAoM-CoHAZI.png\",\"width\":1080,\"height\":1080},{\"@type\":\"BreadcrumbList\",\"@id\":\"https:\/\/cartechdiagnostic.com\/en\/urun\/phase-rotation-measurement-device-wl-251-wellhise-sm852b-2-2\/#breadcrumb\",\"itemListElement\":[{\"@type\":\"ListItem\",\"position\":1,\"name\":\"Anasayfa\",\"item\":\"https:\/\/www.cartechdiagnostic.com\/en\/\"},{\"@type\":\"ListItem\",\"position\":2,\"name\":\"Ma\u011faza\",\"item\":\"https:\/\/www.cartechdiagnostic.com\/magaza\/\"},{\"@type\":\"ListItem\",\"position\":3,\"name\":\"Phase Rotation Measurement Device &#8211; WL-251 WELLHISE SM852B\"}]},{\"@type\":\"WebSite\",\"@id\":\"https:\/\/www.cartechdiagnostic.com\/en\/#website\",\"url\":\"https:\/\/www.cartechdiagnostic.com\/en\/\",\"name\":\"Car-Tech Diagnostic\",\"description\":\"Ar\u0131za Tespit Cihazlar\u0131 - ECU Programlama Cihazlar\u0131\",\"publisher\":{\"@id\":\"https:\/\/www.cartechdiagnostic.com\/en\/#organization\"},\"alternateName\":\"Car-Tech Diag\",\"potentialAction\":[{\"@type\":\"SearchAction\",\"target\":{\"@type\":\"EntryPoint\",\"urlTemplate\":\"https:\/\/www.cartechdiagnostic.com\/en\/?s={search_term_string}\"},\"query-input\":\"required name=search_term_string\"}],\"inLanguage\":\"en-US\"},{\"@type\":\"Organization\",\"@id\":\"https:\/\/www.cartechdiagnostic.com\/en\/#organization\",\"name\":\"Car-Tech Diagnostic Yaz\u0131l\u0131m Ltd. \u015eti.\",\"url\":\"https:\/\/www.cartechdiagnostic.com\/en\/\",\"logo\":{\"@type\":\"ImageObject\",\"inLanguage\":\"en-US\",\"@id\":\"https:\/\/www.cartechdiagnostic.com\/en\/#\/schema\/logo\/image\/\",\"url\":\"https:\/\/cartechdiagnostic.com\/wp-content\/uploads\/2023\/08\/logocartech.png\",\"contentUrl\":\"https:\/\/cartechdiagnostic.com\/wp-content\/uploads\/2023\/08\/logocartech.png\",\"width\":714,\"height\":340,\"caption\":\"Car-Tech Diagnostic Yaz\u0131l\u0131m Ltd. \u015eti.\"},\"image\":{\"@id\":\"https:\/\/www.cartechdiagnostic.com\/en\/#\/schema\/logo\/image\/\"},\"sameAs\":[\"https:\/\/www.instagram.com\/cartechdiagnostic\"]}]}<\/script>\n<!-- \/ Yoast SEO plugin. -->","yoast_head_json":{"title":"Phase Rotation Measurement Device - WL-251 WELLHISE SM852B - Car-Tech Diagnostic","robots":{"index":"index","follow":"follow","max-snippet":"max-snippet:-1","max-image-preview":"max-image-preview:large","max-video-preview":"max-video-preview:-1"},"canonical":"https:\/\/cartechdiagnostic.com\/en\/urun\/phase-rotation-measurement-device-wl-251-wellhise-sm852b-2-2\/","og_locale":"en_US","og_type":"article","og_title":"Phase Rotation Measurement Device - WL-251 WELLHISE SM852B - Car-Tech Diagnostic","og_description":"is a device used to determine rotation. Phase rotation is important to determine whether the phases in three-phase electrical systems are in the correct order. Incorrect phase rotation can affect the operation of electrical equipment and cause serious damage. The SM852B model is a specialized instrument, often used to determine phase rotation. This device tests the connections of power lines and determines the phase sequence. thus ensuring that electrical systems are correctly installed and operated.","og_url":"https:\/\/cartechdiagnostic.com\/en\/urun\/phase-rotation-measurement-device-wl-251-wellhise-sm852b-2-2\/","og_site_name":"Car-Tech Diagnostic","og_image":[{"width":1080,"height":1080,"url":"https:\/\/www.cartechdiagnostic.com\/wp-content\/uploads\/2024\/02\/WL-251-WELLHISE-SM852B-FAZ-ROTASYON-oLAoM-CoHAZI.png","type":"image\/png"}],"twitter_card":"summary_large_image","schema":{"@context":"https:\/\/schema.org","@graph":[{"@type":"WebPage","@id":"https:\/\/cartechdiagnostic.com\/en\/urun\/phase-rotation-measurement-device-wl-251-wellhise-sm852b-2-2\/","url":"https:\/\/cartechdiagnostic.com\/en\/urun\/phase-rotation-measurement-device-wl-251-wellhise-sm852b-2-2\/","name":"Phase Rotation Measurement Device - WL-251 WELLHISE SM852B - Car-Tech Diagnostic","isPartOf":{"@id":"https:\/\/www.cartechdiagnostic.com\/en\/#website"},"primaryImageOfPage":{"@id":"https:\/\/cartechdiagnostic.com\/en\/urun\/phase-rotation-measurement-device-wl-251-wellhise-sm852b-2-2\/#primaryimage"},"image":{"@id":"https:\/\/cartechdiagnostic.com\/en\/urun\/phase-rotation-measurement-device-wl-251-wellhise-sm852b-2-2\/#primaryimage"},"thumbnailUrl":"https:\/\/cartechdiagnostic.com\/wp-content\/uploads\/2024\/02\/WL-251-WELLHISE-SM852B-FAZ-ROTASYON-oLAoM-CoHAZI.png","datePublished":"2024-02-26T12:00:22+00:00","dateModified":"2024-02-26T12:00:22+00:00","breadcrumb":{"@id":"https:\/\/cartechdiagnostic.com\/en\/urun\/phase-rotation-measurement-device-wl-251-wellhise-sm852b-2-2\/#breadcrumb"},"inLanguage":"en-US","potentialAction":[{"@type":"ReadAction","target":["https:\/\/cartechdiagnostic.com\/en\/urun\/phase-rotation-measurement-device-wl-251-wellhise-sm852b-2-2\/"]}]},{"@type":"ImageObject","inLanguage":"en-US","@id":"https:\/\/cartechdiagnostic.com\/en\/urun\/phase-rotation-measurement-device-wl-251-wellhise-sm852b-2-2\/#primaryimage","url":"https:\/\/cartechdiagnostic.com\/wp-content\/uploads\/2024\/02\/WL-251-WELLHISE-SM852B-FAZ-ROTASYON-oLAoM-CoHAZI.png","contentUrl":"https:\/\/cartechdiagnostic.com\/wp-content\/uploads\/2024\/02\/WL-251-WELLHISE-SM852B-FAZ-ROTASYON-oLAoM-CoHAZI.png","width":1080,"height":1080},{"@type":"BreadcrumbList","@id":"https:\/\/cartechdiagnostic.com\/en\/urun\/phase-rotation-measurement-device-wl-251-wellhise-sm852b-2-2\/#breadcrumb","itemListElement":[{"@type":"ListItem","position":1,"name":"Anasayfa","item":"https:\/\/www.cartechdiagnostic.com\/en\/"},{"@type":"ListItem","position":2,"name":"Ma\u011faza","item":"https:\/\/www.cartechdiagnostic.com\/magaza\/"},{"@type":"ListItem","position":3,"name":"Phase Rotation Measurement Device &#8211; WL-251 WELLHISE SM852B"}]},{"@type":"WebSite","@id":"https:\/\/www.cartechdiagnostic.com\/en\/#website","url":"https:\/\/www.cartechdiagnostic.com\/en\/","name":"Car-Tech Diagnostic","description":"Ar\u0131za Tespit Cihazlar\u0131 - ECU Programlama Cihazlar\u0131","publisher":{"@id":"https:\/\/www.cartechdiagnostic.com\/en\/#organization"},"alternateName":"Car-Tech Diag","potentialAction":[{"@type":"SearchAction","target":{"@type":"EntryPoint","urlTemplate":"https:\/\/www.cartechdiagnostic.com\/en\/?s={search_term_string}"},"query-input":"required name=search_term_string"}],"inLanguage":"en-US"},{"@type":"Organization","@id":"https:\/\/www.cartechdiagnostic.com\/en\/#organization","name":"Car-Tech Diagnostic Yaz\u0131l\u0131m Ltd. \u015eti.","url":"https:\/\/www.cartechdiagnostic.com\/en\/","logo":{"@type":"ImageObject","inLanguage":"en-US","@id":"https:\/\/www.cartechdiagnostic.com\/en\/#\/schema\/logo\/image\/","url":"https:\/\/cartechdiagnostic.com\/wp-content\/uploads\/2023\/08\/logocartech.png","contentUrl":"https:\/\/cartechdiagnostic.com\/wp-content\/uploads\/2023\/08\/logocartech.png","width":714,"height":340,"caption":"Car-Tech Diagnostic Yaz\u0131l\u0131m Ltd. \u015eti."},"image":{"@id":"https:\/\/www.cartechdiagnostic.com\/en\/#\/schema\/logo\/image\/"},"sameAs":["https:\/\/www.instagram.com\/cartechdiagnostic"]}]}},"_links":{"self":[{"href":"https:\/\/cartechdiagnostic.com\/en\/wp-json\/wp\/v2\/product\/18250","targetHints":{"allow":["GET"]}}],"collection":[{"href":"https:\/\/cartechdiagnostic.com\/en\/wp-json\/wp\/v2\/product"}],"about":[{"href":"https:\/\/cartechdiagnostic.com\/en\/wp-json\/wp\/v2\/types\/product"}],"replies":[{"embeddable":true,"href":"https:\/\/cartechdiagnostic.com\/en\/wp-json\/wp\/v2\/comments?post=18250"}],"version-history":[{"count":0,"href":"https:\/\/cartechdiagnostic.com\/en\/wp-json\/wp\/v2\/product\/18250\/revisions"}],"wp:featuredmedia":[{"embeddable":true,"href":"https:\/\/cartechdiagnostic.com\/en\/wp-json\/wp\/v2\/media\/16792"}],"wp:attachment":[{"href":"https:\/\/cartechdiagnostic.com\/en\/wp-json\/wp\/v2\/media?parent=18250"}],"wp:term":[{"taxonomy":"product_brand","embeddable":true,"href":"https:\/\/cartechdiagnostic.com\/en\/wp-json\/wp\/v2\/product_brand?post=18250"},{"taxonomy":"product_cat","embeddable":true,"href":"https:\/\/cartechdiagnostic.com\/en\/wp-json\/wp\/v2\/product_cat?post=18250"},{"taxonomy":"product_tag","embeddable":true,"href":"https:\/\/cartechdiagnostic.com\/en\/wp-json\/wp\/v2\/product_tag?post=18250"}],"curies":[{"name":"wp","href":"https:\/\/api.w.org\/{rel}","templated":true}]}}