{"id":18253,"date":"2024-02-26T14:02:18","date_gmt":"2024-02-26T11:02:18","guid":{"rendered":"https:\/urun\/solder-wire-wl-211-wellhise-1-0mm-100gr-2\/"},"modified":"2025-05-30T09:43:52","modified_gmt":"2025-05-30T06:43:52","slug":"solder-wire-wl-211-wellhise-1-0mm-100gr-2","status":"publish","type":"product","link":"https:\/\/cartechdiagnostic.com\/en\/urun\/solder-wire-wl-211-wellhise-1-0mm-100gr-2\/","title":{"rendered":"Solder Wire &#8211; WL-211 WELLHISE 1.0MM 100GR"},"content":{"rendered":"","protected":false},"excerpt":{"rendered":"<p>WL-211 WELLHISE 1.0MM 100GR SOLDER WIRE is a material used for electronics, metalwork and other soldering processes. This solder wire is commonly used for assembly and repair of electronic circuits, wire connections, copper tube soldering and other similar applications.<\/p>\n<p>This 1.0 mm diameter solder wire is stated to weigh 100 grams. Solder wires of this thickness are suitable for projects that require larger or stronger connections. Thicker solder wires are ideal for soldering components with larger surfaces.<\/p>\n","protected":false},"featured_media":16789,"comment_status":"open","ping_status":"closed","template":"","meta":{"_joinchat":[]},"product_brand":[],"product_cat":[1341],"product_tag":[],"class_list":{"0":"post-18253","1":"product","2":"type-product","3":"status-publish","4":"has-post-thumbnail","6":"product_cat-default-category","8":"first","9":"instock","10":"sale","11":"shipping-taxable","12":"purchasable","13":"product-type-simple"},"yoast_head":"<!-- This site is optimized with the Yoast SEO plugin v22.8 - https:\/\/yoast.com\/wordpress\/plugins\/seo\/ -->\n<title>Solder Wire - WL-211 WELLHISE 1.0MM 100GR - Car-Tech Diagnostic<\/title>\n<meta name=\"robots\" content=\"index, follow, max-snippet:-1, max-image-preview:large, max-video-preview:-1\" \/>\n<link rel=\"canonical\" href=\"https:\/\/cartechdiagnostic.com\/en\/urun\/solder-wire-wl-211-wellhise-1-0mm-100gr-2\/\" \/>\n<meta property=\"og:locale\" content=\"en_US\" \/>\n<meta property=\"og:type\" content=\"article\" \/>\n<meta property=\"og:title\" content=\"Solder Wire - WL-211 WELLHISE 1.0MM 100GR - Car-Tech Diagnostic\" \/>\n<meta property=\"og:description\" content=\"WL-211 WELLHISE 1.0MM 100GR SOLDER WIRE is a material used for electronics, metalwork and other soldering processes. This solder wire is commonly used for assembly and repair of electronic circuits, wire connections, copper tube soldering and other similar applications. This 1.0 mm diameter solder wire is stated to weigh 100 grams. Solder wires of this thickness are suitable for projects that require larger or stronger connections. Thicker solder wires are ideal for soldering components with larger surfaces.\" \/>\n<meta property=\"og:url\" content=\"https:\/\/cartechdiagnostic.com\/en\/urun\/solder-wire-wl-211-wellhise-1-0mm-100gr-2\/\" \/>\n<meta property=\"og:site_name\" content=\"Car-Tech Diagnostic\" \/>\n<meta property=\"article:modified_time\" content=\"2025-05-30T06:43:52+00:00\" \/>\n<meta property=\"og:image\" content=\"https:\/\/www.cartechdiagnostic.com\/wp-content\/uploads\/2024\/02\/WL-211-WELLHISE-1.0MM-100GR-LEHoM-TELo.png\" \/>\n\t<meta property=\"og:image:width\" content=\"1080\" \/>\n\t<meta property=\"og:image:height\" content=\"1080\" \/>\n\t<meta property=\"og:image:type\" content=\"image\/png\" \/>\n<meta name=\"twitter:card\" content=\"summary_large_image\" \/>\n<script type=\"application\/ld+json\" class=\"yoast-schema-graph\">{\"@context\":\"https:\/\/schema.org\",\"@graph\":[{\"@type\":\"WebPage\",\"@id\":\"https:\/\/cartechdiagnostic.com\/en\/urun\/solder-wire-wl-211-wellhise-1-0mm-100gr-2\/\",\"url\":\"https:\/\/cartechdiagnostic.com\/en\/urun\/solder-wire-wl-211-wellhise-1-0mm-100gr-2\/\",\"name\":\"Solder Wire - WL-211 WELLHISE 1.0MM 100GR - Car-Tech Diagnostic\",\"isPartOf\":{\"@id\":\"https:\/\/www.cartechdiagnostic.com\/en\/#website\"},\"primaryImageOfPage\":{\"@id\":\"https:\/\/cartechdiagnostic.com\/en\/urun\/solder-wire-wl-211-wellhise-1-0mm-100gr-2\/#primaryimage\"},\"image\":{\"@id\":\"https:\/\/cartechdiagnostic.com\/en\/urun\/solder-wire-wl-211-wellhise-1-0mm-100gr-2\/#primaryimage\"},\"thumbnailUrl\":\"https:\/\/cartechdiagnostic.com\/wp-content\/uploads\/2024\/02\/WL-211-WELLHISE-1.0MM-100GR-LEHoM-TELo.png\",\"datePublished\":\"2024-02-26T11:02:18+00:00\",\"dateModified\":\"2025-05-30T06:43:52+00:00\",\"breadcrumb\":{\"@id\":\"https:\/\/cartechdiagnostic.com\/en\/urun\/solder-wire-wl-211-wellhise-1-0mm-100gr-2\/#breadcrumb\"},\"inLanguage\":\"en-US\",\"potentialAction\":[{\"@type\":\"ReadAction\",\"target\":[\"https:\/\/cartechdiagnostic.com\/en\/urun\/solder-wire-wl-211-wellhise-1-0mm-100gr-2\/\"]}]},{\"@type\":\"ImageObject\",\"inLanguage\":\"en-US\",\"@id\":\"https:\/\/cartechdiagnostic.com\/en\/urun\/solder-wire-wl-211-wellhise-1-0mm-100gr-2\/#primaryimage\",\"url\":\"https:\/\/cartechdiagnostic.com\/wp-content\/uploads\/2024\/02\/WL-211-WELLHISE-1.0MM-100GR-LEHoM-TELo.png\",\"contentUrl\":\"https:\/\/cartechdiagnostic.com\/wp-content\/uploads\/2024\/02\/WL-211-WELLHISE-1.0MM-100GR-LEHoM-TELo.png\",\"width\":1080,\"height\":1080},{\"@type\":\"BreadcrumbList\",\"@id\":\"https:\/\/cartechdiagnostic.com\/en\/urun\/solder-wire-wl-211-wellhise-1-0mm-100gr-2\/#breadcrumb\",\"itemListElement\":[{\"@type\":\"ListItem\",\"position\":1,\"name\":\"Anasayfa\",\"item\":\"https:\/\/www.cartechdiagnostic.com\/en\/\"},{\"@type\":\"ListItem\",\"position\":2,\"name\":\"Ma\u011faza\",\"item\":\"https:\/\/www.cartechdiagnostic.com\/magaza\/\"},{\"@type\":\"ListItem\",\"position\":3,\"name\":\"Solder Wire &#8211; WL-211 WELLHISE 1.0MM 100GR\"}]},{\"@type\":\"WebSite\",\"@id\":\"https:\/\/www.cartechdiagnostic.com\/en\/#website\",\"url\":\"https:\/\/www.cartechdiagnostic.com\/en\/\",\"name\":\"Car-Tech Diagnostic\",\"description\":\"Ar\u0131za Tespit Cihazlar\u0131 - ECU Programlama Cihazlar\u0131\",\"publisher\":{\"@id\":\"https:\/\/www.cartechdiagnostic.com\/en\/#organization\"},\"alternateName\":\"Car-Tech Diag\",\"potentialAction\":[{\"@type\":\"SearchAction\",\"target\":{\"@type\":\"EntryPoint\",\"urlTemplate\":\"https:\/\/www.cartechdiagnostic.com\/en\/?s={search_term_string}\"},\"query-input\":\"required name=search_term_string\"}],\"inLanguage\":\"en-US\"},{\"@type\":\"Organization\",\"@id\":\"https:\/\/www.cartechdiagnostic.com\/en\/#organization\",\"name\":\"Car-Tech Diagnostic Yaz\u0131l\u0131m Ltd. \u015eti.\",\"url\":\"https:\/\/www.cartechdiagnostic.com\/en\/\",\"logo\":{\"@type\":\"ImageObject\",\"inLanguage\":\"en-US\",\"@id\":\"https:\/\/www.cartechdiagnostic.com\/en\/#\/schema\/logo\/image\/\",\"url\":\"https:\/\/cartechdiagnostic.com\/wp-content\/uploads\/2023\/08\/logocartech.png\",\"contentUrl\":\"https:\/\/cartechdiagnostic.com\/wp-content\/uploads\/2023\/08\/logocartech.png\",\"width\":714,\"height\":340,\"caption\":\"Car-Tech Diagnostic Yaz\u0131l\u0131m Ltd. \u015eti.\"},\"image\":{\"@id\":\"https:\/\/www.cartechdiagnostic.com\/en\/#\/schema\/logo\/image\/\"},\"sameAs\":[\"https:\/\/www.instagram.com\/cartechdiagnostic\"]}]}<\/script>\n<!-- \/ Yoast SEO plugin. -->","yoast_head_json":{"title":"Solder Wire - WL-211 WELLHISE 1.0MM 100GR - Car-Tech Diagnostic","robots":{"index":"index","follow":"follow","max-snippet":"max-snippet:-1","max-image-preview":"max-image-preview:large","max-video-preview":"max-video-preview:-1"},"canonical":"https:\/\/cartechdiagnostic.com\/en\/urun\/solder-wire-wl-211-wellhise-1-0mm-100gr-2\/","og_locale":"en_US","og_type":"article","og_title":"Solder Wire - WL-211 WELLHISE 1.0MM 100GR - Car-Tech Diagnostic","og_description":"WL-211 WELLHISE 1.0MM 100GR SOLDER WIRE is a material used for electronics, metalwork and other soldering processes. This solder wire is commonly used for assembly and repair of electronic circuits, wire connections, copper tube soldering and other similar applications. This 1.0 mm diameter solder wire is stated to weigh 100 grams. Solder wires of this thickness are suitable for projects that require larger or stronger connections. Thicker solder wires are ideal for soldering components with larger surfaces.","og_url":"https:\/\/cartechdiagnostic.com\/en\/urun\/solder-wire-wl-211-wellhise-1-0mm-100gr-2\/","og_site_name":"Car-Tech Diagnostic","article_modified_time":"2025-05-30T06:43:52+00:00","og_image":[{"width":1080,"height":1080,"url":"https:\/\/www.cartechdiagnostic.com\/wp-content\/uploads\/2024\/02\/WL-211-WELLHISE-1.0MM-100GR-LEHoM-TELo.png","type":"image\/png"}],"twitter_card":"summary_large_image","schema":{"@context":"https:\/\/schema.org","@graph":[{"@type":"WebPage","@id":"https:\/\/cartechdiagnostic.com\/en\/urun\/solder-wire-wl-211-wellhise-1-0mm-100gr-2\/","url":"https:\/\/cartechdiagnostic.com\/en\/urun\/solder-wire-wl-211-wellhise-1-0mm-100gr-2\/","name":"Solder Wire - WL-211 WELLHISE 1.0MM 100GR - Car-Tech Diagnostic","isPartOf":{"@id":"https:\/\/www.cartechdiagnostic.com\/en\/#website"},"primaryImageOfPage":{"@id":"https:\/\/cartechdiagnostic.com\/en\/urun\/solder-wire-wl-211-wellhise-1-0mm-100gr-2\/#primaryimage"},"image":{"@id":"https:\/\/cartechdiagnostic.com\/en\/urun\/solder-wire-wl-211-wellhise-1-0mm-100gr-2\/#primaryimage"},"thumbnailUrl":"https:\/\/cartechdiagnostic.com\/wp-content\/uploads\/2024\/02\/WL-211-WELLHISE-1.0MM-100GR-LEHoM-TELo.png","datePublished":"2024-02-26T11:02:18+00:00","dateModified":"2025-05-30T06:43:52+00:00","breadcrumb":{"@id":"https:\/\/cartechdiagnostic.com\/en\/urun\/solder-wire-wl-211-wellhise-1-0mm-100gr-2\/#breadcrumb"},"inLanguage":"en-US","potentialAction":[{"@type":"ReadAction","target":["https:\/\/cartechdiagnostic.com\/en\/urun\/solder-wire-wl-211-wellhise-1-0mm-100gr-2\/"]}]},{"@type":"ImageObject","inLanguage":"en-US","@id":"https:\/\/cartechdiagnostic.com\/en\/urun\/solder-wire-wl-211-wellhise-1-0mm-100gr-2\/#primaryimage","url":"https:\/\/cartechdiagnostic.com\/wp-content\/uploads\/2024\/02\/WL-211-WELLHISE-1.0MM-100GR-LEHoM-TELo.png","contentUrl":"https:\/\/cartechdiagnostic.com\/wp-content\/uploads\/2024\/02\/WL-211-WELLHISE-1.0MM-100GR-LEHoM-TELo.png","width":1080,"height":1080},{"@type":"BreadcrumbList","@id":"https:\/\/cartechdiagnostic.com\/en\/urun\/solder-wire-wl-211-wellhise-1-0mm-100gr-2\/#breadcrumb","itemListElement":[{"@type":"ListItem","position":1,"name":"Anasayfa","item":"https:\/\/www.cartechdiagnostic.com\/en\/"},{"@type":"ListItem","position":2,"name":"Ma\u011faza","item":"https:\/\/www.cartechdiagnostic.com\/magaza\/"},{"@type":"ListItem","position":3,"name":"Solder Wire &#8211; WL-211 WELLHISE 1.0MM 100GR"}]},{"@type":"WebSite","@id":"https:\/\/www.cartechdiagnostic.com\/en\/#website","url":"https:\/\/www.cartechdiagnostic.com\/en\/","name":"Car-Tech Diagnostic","description":"Ar\u0131za Tespit Cihazlar\u0131 - ECU Programlama Cihazlar\u0131","publisher":{"@id":"https:\/\/www.cartechdiagnostic.com\/en\/#organization"},"alternateName":"Car-Tech Diag","potentialAction":[{"@type":"SearchAction","target":{"@type":"EntryPoint","urlTemplate":"https:\/\/www.cartechdiagnostic.com\/en\/?s={search_term_string}"},"query-input":"required name=search_term_string"}],"inLanguage":"en-US"},{"@type":"Organization","@id":"https:\/\/www.cartechdiagnostic.com\/en\/#organization","name":"Car-Tech Diagnostic Yaz\u0131l\u0131m Ltd. \u015eti.","url":"https:\/\/www.cartechdiagnostic.com\/en\/","logo":{"@type":"ImageObject","inLanguage":"en-US","@id":"https:\/\/www.cartechdiagnostic.com\/en\/#\/schema\/logo\/image\/","url":"https:\/\/cartechdiagnostic.com\/wp-content\/uploads\/2023\/08\/logocartech.png","contentUrl":"https:\/\/cartechdiagnostic.com\/wp-content\/uploads\/2023\/08\/logocartech.png","width":714,"height":340,"caption":"Car-Tech Diagnostic Yaz\u0131l\u0131m Ltd. \u015eti."},"image":{"@id":"https:\/\/www.cartechdiagnostic.com\/en\/#\/schema\/logo\/image\/"},"sameAs":["https:\/\/www.instagram.com\/cartechdiagnostic"]}]}},"_links":{"self":[{"href":"https:\/\/cartechdiagnostic.com\/en\/wp-json\/wp\/v2\/product\/18253","targetHints":{"allow":["GET"]}}],"collection":[{"href":"https:\/\/cartechdiagnostic.com\/en\/wp-json\/wp\/v2\/product"}],"about":[{"href":"https:\/\/cartechdiagnostic.com\/en\/wp-json\/wp\/v2\/types\/product"}],"replies":[{"embeddable":true,"href":"https:\/\/cartechdiagnostic.com\/en\/wp-json\/wp\/v2\/comments?post=18253"}],"version-history":[{"count":0,"href":"https:\/\/cartechdiagnostic.com\/en\/wp-json\/wp\/v2\/product\/18253\/revisions"}],"wp:featuredmedia":[{"embeddable":true,"href":"https:\/\/cartechdiagnostic.com\/en\/wp-json\/wp\/v2\/media\/16789"}],"wp:attachment":[{"href":"https:\/\/cartechdiagnostic.com\/en\/wp-json\/wp\/v2\/media?parent=18253"}],"wp:term":[{"taxonomy":"product_brand","embeddable":true,"href":"https:\/\/cartechdiagnostic.com\/en\/wp-json\/wp\/v2\/product_brand?post=18253"},{"taxonomy":"product_cat","embeddable":true,"href":"https:\/\/cartechdiagnostic.com\/en\/wp-json\/wp\/v2\/product_cat?post=18253"},{"taxonomy":"product_tag","embeddable":true,"href":"https:\/\/cartechdiagnostic.com\/en\/wp-json\/wp\/v2\/product_tag?post=18253"}],"curies":[{"name":"wp","href":"https:\/\/api.w.org\/{rel}","templated":true}]}}