{"id":18302,"date":"2024-02-26T13:46:31","date_gmt":"2024-02-26T10:46:31","guid":{"rendered":"https:\/urun\/buyutecli-aviator-stand-wl-229-wellhise-acn-129\/"},"modified":"2024-07-20T22:28:42","modified_gmt":"2024-07-20T19:28:42","slug":"magnifying-soldering-stand-wl-229-wellhise-acn-129","status":"publish","type":"product","link":"https:\/\/cartechdiagnostic.com\/en\/urun\/magnifying-soldering-stand-wl-229-wellhise-acn-129\/","title":{"rendered":"Soldering Iron Stand with Magnifier &#8211; WL-229 WELLHISE ACN-129"},"content":{"rendered":"","protected":false},"excerpt":{"rendered":"<p>WL-229 WELLHISE ACN-129 A magnifying soldering iron stand is a piece of equipment usually used during soldering or soldering operations. This stand ensures that the soldering iron or soldering pencil is held securely during use and at the same time facilitates the user&#8217;s work.<\/p>\n<p>The ACN-129 model comes with an integrated magnifier, allowing the user to clearly see smaller and finer details. This can be very useful in soldering operations where precision soldering is required.<\/p>\n","protected":false},"featured_media":16770,"comment_status":"open","ping_status":"closed","template":"","meta":{"_joinchat":[]},"product_brand":[],"product_cat":[1341],"product_tag":[],"class_list":{"0":"post-18302","1":"product","2":"type-product","3":"status-publish","4":"has-post-thumbnail","6":"product_cat-default-category","8":"first","9":"instock","10":"sale","11":"shipping-taxable","12":"purchasable","13":"product-type-simple"},"yoast_head":"<!-- This site is optimized with the Yoast SEO plugin v22.8 - https:\/\/yoast.com\/wordpress\/plugins\/seo\/ -->\n<title>Soldering Iron Stand with Magnifier - WL-229 WELLHISE ACN-129 - Car-Tech Diagnostic<\/title>\n<meta name=\"robots\" content=\"index, follow, max-snippet:-1, max-image-preview:large, max-video-preview:-1\" \/>\n<link rel=\"canonical\" href=\"https:\/\/cartechdiagnostic.com\/en\/urun\/magnifying-soldering-stand-wl-229-wellhise-acn-129\/\" \/>\n<meta property=\"og:locale\" content=\"en_US\" \/>\n<meta property=\"og:type\" content=\"article\" \/>\n<meta property=\"og:title\" content=\"Soldering Iron Stand with Magnifier - WL-229 WELLHISE ACN-129 - Car-Tech Diagnostic\" \/>\n<meta property=\"og:description\" content=\"WL-229 WELLHISE ACN-129 A magnifying soldering iron stand is a piece of equipment usually used during soldering or soldering operations. This stand ensures that the soldering iron or soldering pencil is held securely during use and at the same time facilitates the user&#039;s work. The ACN-129 model comes with an integrated magnifier, allowing the user to clearly see smaller and finer details. This can be very useful in soldering operations where precision soldering is required.\" \/>\n<meta property=\"og:url\" content=\"https:\/\/cartechdiagnostic.com\/en\/urun\/magnifying-soldering-stand-wl-229-wellhise-acn-129\/\" \/>\n<meta property=\"og:site_name\" content=\"Car-Tech Diagnostic\" \/>\n<meta property=\"article:modified_time\" content=\"2024-07-20T19:28:42+00:00\" \/>\n<meta property=\"og:image\" content=\"https:\/\/www.cartechdiagnostic.com\/wp-content\/uploads\/2024\/02\/WL-229-WELLHISE-ACN-129-BUYUTECLI-HAVYA-STANDI-1.png\" \/>\n\t<meta property=\"og:image:width\" content=\"1080\" \/>\n\t<meta property=\"og:image:height\" content=\"1080\" \/>\n\t<meta property=\"og:image:type\" content=\"image\/png\" \/>\n<meta name=\"twitter:card\" content=\"summary_large_image\" \/>\n<script type=\"application\/ld+json\" class=\"yoast-schema-graph\">{\"@context\":\"https:\/\/schema.org\",\"@graph\":[{\"@type\":\"WebPage\",\"@id\":\"https:\/\/cartechdiagnostic.com\/en\/urun\/magnifying-soldering-stand-wl-229-wellhise-acn-129\/\",\"url\":\"https:\/\/cartechdiagnostic.com\/en\/urun\/magnifying-soldering-stand-wl-229-wellhise-acn-129\/\",\"name\":\"Soldering Iron Stand with Magnifier - WL-229 WELLHISE ACN-129 - Car-Tech Diagnostic\",\"isPartOf\":{\"@id\":\"https:\/\/www.cartechdiagnostic.com\/en\/#website\"},\"primaryImageOfPage\":{\"@id\":\"https:\/\/cartechdiagnostic.com\/en\/urun\/magnifying-soldering-stand-wl-229-wellhise-acn-129\/#primaryimage\"},\"image\":{\"@id\":\"https:\/\/cartechdiagnostic.com\/en\/urun\/magnifying-soldering-stand-wl-229-wellhise-acn-129\/#primaryimage\"},\"thumbnailUrl\":\"https:\/\/cartechdiagnostic.com\/wp-content\/uploads\/2024\/02\/WL-229-WELLHISE-ACN-129-BUYUTECLI-HAVYA-STANDI-1.png\",\"datePublished\":\"2024-02-26T10:46:31+00:00\",\"dateModified\":\"2024-07-20T19:28:42+00:00\",\"breadcrumb\":{\"@id\":\"https:\/\/cartechdiagnostic.com\/en\/urun\/magnifying-soldering-stand-wl-229-wellhise-acn-129\/#breadcrumb\"},\"inLanguage\":\"en-US\",\"potentialAction\":[{\"@type\":\"ReadAction\",\"target\":[\"https:\/\/cartechdiagnostic.com\/en\/urun\/magnifying-soldering-stand-wl-229-wellhise-acn-129\/\"]}]},{\"@type\":\"ImageObject\",\"inLanguage\":\"en-US\",\"@id\":\"https:\/\/cartechdiagnostic.com\/en\/urun\/magnifying-soldering-stand-wl-229-wellhise-acn-129\/#primaryimage\",\"url\":\"https:\/\/cartechdiagnostic.com\/wp-content\/uploads\/2024\/02\/WL-229-WELLHISE-ACN-129-BUYUTECLI-HAVYA-STANDI-1.png\",\"contentUrl\":\"https:\/\/cartechdiagnostic.com\/wp-content\/uploads\/2024\/02\/WL-229-WELLHISE-ACN-129-BUYUTECLI-HAVYA-STANDI-1.png\",\"width\":1080,\"height\":1080},{\"@type\":\"BreadcrumbList\",\"@id\":\"https:\/\/cartechdiagnostic.com\/en\/urun\/magnifying-soldering-stand-wl-229-wellhise-acn-129\/#breadcrumb\",\"itemListElement\":[{\"@type\":\"ListItem\",\"position\":1,\"name\":\"Anasayfa\",\"item\":\"https:\/\/www.cartechdiagnostic.com\/en\/\"},{\"@type\":\"ListItem\",\"position\":2,\"name\":\"Ma\u011faza\",\"item\":\"https:\/\/www.cartechdiagnostic.com\/magaza\/\"},{\"@type\":\"ListItem\",\"position\":3,\"name\":\"Soldering Iron Stand with Magnifier &#8211; WL-229 WELLHISE ACN-129\"}]},{\"@type\":\"WebSite\",\"@id\":\"https:\/\/www.cartechdiagnostic.com\/en\/#website\",\"url\":\"https:\/\/www.cartechdiagnostic.com\/en\/\",\"name\":\"Car-Tech Diagnostic\",\"description\":\"Ar\u0131za Tespit Cihazlar\u0131 - ECU Programlama Cihazlar\u0131\",\"publisher\":{\"@id\":\"https:\/\/www.cartechdiagnostic.com\/en\/#organization\"},\"alternateName\":\"Car-Tech Diag\",\"potentialAction\":[{\"@type\":\"SearchAction\",\"target\":{\"@type\":\"EntryPoint\",\"urlTemplate\":\"https:\/\/www.cartechdiagnostic.com\/en\/?s={search_term_string}\"},\"query-input\":\"required name=search_term_string\"}],\"inLanguage\":\"en-US\"},{\"@type\":\"Organization\",\"@id\":\"https:\/\/www.cartechdiagnostic.com\/en\/#organization\",\"name\":\"Car-Tech Diagnostic Yaz\u0131l\u0131m Ltd. \u015eti.\",\"url\":\"https:\/\/www.cartechdiagnostic.com\/en\/\",\"logo\":{\"@type\":\"ImageObject\",\"inLanguage\":\"en-US\",\"@id\":\"https:\/\/www.cartechdiagnostic.com\/en\/#\/schema\/logo\/image\/\",\"url\":\"https:\/\/cartechdiagnostic.com\/wp-content\/uploads\/2023\/08\/logocartech.png\",\"contentUrl\":\"https:\/\/cartechdiagnostic.com\/wp-content\/uploads\/2023\/08\/logocartech.png\",\"width\":714,\"height\":340,\"caption\":\"Car-Tech Diagnostic Yaz\u0131l\u0131m Ltd. \u015eti.\"},\"image\":{\"@id\":\"https:\/\/www.cartechdiagnostic.com\/en\/#\/schema\/logo\/image\/\"},\"sameAs\":[\"https:\/\/www.instagram.com\/cartechdiagnostic\"]}]}<\/script>\n<!-- \/ Yoast SEO plugin. -->","yoast_head_json":{"title":"Soldering Iron Stand with Magnifier - WL-229 WELLHISE ACN-129 - Car-Tech Diagnostic","robots":{"index":"index","follow":"follow","max-snippet":"max-snippet:-1","max-image-preview":"max-image-preview:large","max-video-preview":"max-video-preview:-1"},"canonical":"https:\/\/cartechdiagnostic.com\/en\/urun\/magnifying-soldering-stand-wl-229-wellhise-acn-129\/","og_locale":"en_US","og_type":"article","og_title":"Soldering Iron Stand with Magnifier - WL-229 WELLHISE ACN-129 - Car-Tech Diagnostic","og_description":"WL-229 WELLHISE ACN-129 A magnifying soldering iron stand is a piece of equipment usually used during soldering or soldering operations. This stand ensures that the soldering iron or soldering pencil is held securely during use and at the same time facilitates the user's work. The ACN-129 model comes with an integrated magnifier, allowing the user to clearly see smaller and finer details. This can be very useful in soldering operations where precision soldering is required.","og_url":"https:\/\/cartechdiagnostic.com\/en\/urun\/magnifying-soldering-stand-wl-229-wellhise-acn-129\/","og_site_name":"Car-Tech Diagnostic","article_modified_time":"2024-07-20T19:28:42+00:00","og_image":[{"width":1080,"height":1080,"url":"https:\/\/www.cartechdiagnostic.com\/wp-content\/uploads\/2024\/02\/WL-229-WELLHISE-ACN-129-BUYUTECLI-HAVYA-STANDI-1.png","type":"image\/png"}],"twitter_card":"summary_large_image","schema":{"@context":"https:\/\/schema.org","@graph":[{"@type":"WebPage","@id":"https:\/\/cartechdiagnostic.com\/en\/urun\/magnifying-soldering-stand-wl-229-wellhise-acn-129\/","url":"https:\/\/cartechdiagnostic.com\/en\/urun\/magnifying-soldering-stand-wl-229-wellhise-acn-129\/","name":"Soldering Iron Stand with Magnifier - WL-229 WELLHISE ACN-129 - Car-Tech Diagnostic","isPartOf":{"@id":"https:\/\/www.cartechdiagnostic.com\/en\/#website"},"primaryImageOfPage":{"@id":"https:\/\/cartechdiagnostic.com\/en\/urun\/magnifying-soldering-stand-wl-229-wellhise-acn-129\/#primaryimage"},"image":{"@id":"https:\/\/cartechdiagnostic.com\/en\/urun\/magnifying-soldering-stand-wl-229-wellhise-acn-129\/#primaryimage"},"thumbnailUrl":"https:\/\/cartechdiagnostic.com\/wp-content\/uploads\/2024\/02\/WL-229-WELLHISE-ACN-129-BUYUTECLI-HAVYA-STANDI-1.png","datePublished":"2024-02-26T10:46:31+00:00","dateModified":"2024-07-20T19:28:42+00:00","breadcrumb":{"@id":"https:\/\/cartechdiagnostic.com\/en\/urun\/magnifying-soldering-stand-wl-229-wellhise-acn-129\/#breadcrumb"},"inLanguage":"en-US","potentialAction":[{"@type":"ReadAction","target":["https:\/\/cartechdiagnostic.com\/en\/urun\/magnifying-soldering-stand-wl-229-wellhise-acn-129\/"]}]},{"@type":"ImageObject","inLanguage":"en-US","@id":"https:\/\/cartechdiagnostic.com\/en\/urun\/magnifying-soldering-stand-wl-229-wellhise-acn-129\/#primaryimage","url":"https:\/\/cartechdiagnostic.com\/wp-content\/uploads\/2024\/02\/WL-229-WELLHISE-ACN-129-BUYUTECLI-HAVYA-STANDI-1.png","contentUrl":"https:\/\/cartechdiagnostic.com\/wp-content\/uploads\/2024\/02\/WL-229-WELLHISE-ACN-129-BUYUTECLI-HAVYA-STANDI-1.png","width":1080,"height":1080},{"@type":"BreadcrumbList","@id":"https:\/\/cartechdiagnostic.com\/en\/urun\/magnifying-soldering-stand-wl-229-wellhise-acn-129\/#breadcrumb","itemListElement":[{"@type":"ListItem","position":1,"name":"Anasayfa","item":"https:\/\/www.cartechdiagnostic.com\/en\/"},{"@type":"ListItem","position":2,"name":"Ma\u011faza","item":"https:\/\/www.cartechdiagnostic.com\/magaza\/"},{"@type":"ListItem","position":3,"name":"Soldering Iron Stand with Magnifier &#8211; WL-229 WELLHISE ACN-129"}]},{"@type":"WebSite","@id":"https:\/\/www.cartechdiagnostic.com\/en\/#website","url":"https:\/\/www.cartechdiagnostic.com\/en\/","name":"Car-Tech Diagnostic","description":"Ar\u0131za Tespit Cihazlar\u0131 - ECU Programlama Cihazlar\u0131","publisher":{"@id":"https:\/\/www.cartechdiagnostic.com\/en\/#organization"},"alternateName":"Car-Tech Diag","potentialAction":[{"@type":"SearchAction","target":{"@type":"EntryPoint","urlTemplate":"https:\/\/www.cartechdiagnostic.com\/en\/?s={search_term_string}"},"query-input":"required name=search_term_string"}],"inLanguage":"en-US"},{"@type":"Organization","@id":"https:\/\/www.cartechdiagnostic.com\/en\/#organization","name":"Car-Tech Diagnostic Yaz\u0131l\u0131m Ltd. \u015eti.","url":"https:\/\/www.cartechdiagnostic.com\/en\/","logo":{"@type":"ImageObject","inLanguage":"en-US","@id":"https:\/\/www.cartechdiagnostic.com\/en\/#\/schema\/logo\/image\/","url":"https:\/\/cartechdiagnostic.com\/wp-content\/uploads\/2023\/08\/logocartech.png","contentUrl":"https:\/\/cartechdiagnostic.com\/wp-content\/uploads\/2023\/08\/logocartech.png","width":714,"height":340,"caption":"Car-Tech Diagnostic Yaz\u0131l\u0131m Ltd. \u015eti."},"image":{"@id":"https:\/\/www.cartechdiagnostic.com\/en\/#\/schema\/logo\/image\/"},"sameAs":["https:\/\/www.instagram.com\/cartechdiagnostic"]}]}},"_links":{"self":[{"href":"https:\/\/cartechdiagnostic.com\/en\/wp-json\/wp\/v2\/product\/18302","targetHints":{"allow":["GET"]}}],"collection":[{"href":"https:\/\/cartechdiagnostic.com\/en\/wp-json\/wp\/v2\/product"}],"about":[{"href":"https:\/\/cartechdiagnostic.com\/en\/wp-json\/wp\/v2\/types\/product"}],"replies":[{"embeddable":true,"href":"https:\/\/cartechdiagnostic.com\/en\/wp-json\/wp\/v2\/comments?post=18302"}],"version-history":[{"count":1,"href":"https:\/\/cartechdiagnostic.com\/en\/wp-json\/wp\/v2\/product\/18302\/revisions"}],"predecessor-version":[{"id":18303,"href":"https:\/\/cartechdiagnostic.com\/en\/wp-json\/wp\/v2\/product\/18302\/revisions\/18303"}],"wp:featuredmedia":[{"embeddable":true,"href":"https:\/\/cartechdiagnostic.com\/en\/wp-json\/wp\/v2\/media\/16770"}],"wp:attachment":[{"href":"https:\/\/cartechdiagnostic.com\/en\/wp-json\/wp\/v2\/media?parent=18302"}],"wp:term":[{"taxonomy":"product_brand","embeddable":true,"href":"https:\/\/cartechdiagnostic.com\/en\/wp-json\/wp\/v2\/product_brand?post=18302"},{"taxonomy":"product_cat","embeddable":true,"href":"https:\/\/cartechdiagnostic.com\/en\/wp-json\/wp\/v2\/product_cat?post=18302"},{"taxonomy":"product_tag","embeddable":true,"href":"https:\/\/cartechdiagnostic.com\/en\/wp-json\/wp\/v2\/product_tag?post=18302"}],"curies":[{"name":"wp","href":"https:\/\/api.w.org\/{rel}","templated":true}]}}