{"id":18305,"date":"2024-02-26T13:44:41","date_gmt":"2024-02-26T10:44:41","guid":{"rendered":"https:\/urun\/3-pack-remote-controlled-surprise-wl-227-wellhise-kwe-yk02-gr-31\/"},"modified":"2024-07-20T22:33:45","modified_gmt":"2024-07-20T19:33:45","slug":"3-pack-remote-controlled-surprise-wl-227-wellhise-kwe-yk02-gr-31","status":"publish","type":"product","link":"https:\/\/cartechdiagnostic.com\/en\/urun\/3-pack-remote-controlled-surprise-wl-227-wellhise-kwe-yk02-gr-31\/","title":{"rendered":"3-Piece Remote Control Socket &#8211; WL-227 WELLHISE KWE-YK02-GR 3+1"},"content":{"rendered":"","protected":false},"excerpt":{"rendered":"<p>WL-227 WELLHISE KWE-YK02-GR 3+1 3-PIECE REMOTE CONTROL SOCKET is a socket set that allows remote control of electrical devices. This set makes it easy to turn on and off the power of electrical appliances that are usually used in home or office environments.<\/p>\n<p>KWE-YK02-GR model consists of three sockets and one remote control. Each socket can be controlled by a remote control, allowing you to turn appliances on and off. This is particularly useful for remote or hard-to-reach outlets in the home or office.<\/p>\n","protected":false},"featured_media":16768,"comment_status":"open","ping_status":"closed","template":"","meta":{"_joinchat":[]},"product_brand":[],"product_cat":[1354],"product_tag":[],"class_list":{"0":"post-18305","1":"product","2":"type-product","3":"status-publish","4":"has-post-thumbnail","6":"product_cat-other","8":"first","9":"instock","10":"sale","11":"shipping-taxable","12":"purchasable","13":"product-type-simple"},"yoast_head":"<!-- This site is optimized with the Yoast SEO plugin v22.8 - https:\/\/yoast.com\/wordpress\/plugins\/seo\/ -->\n<title>3-Piece Remote Control Socket - WL-227 WELLHISE KWE-YK02-GR 3+1 - Car-Tech Diagnostic<\/title>\n<meta name=\"robots\" content=\"index, follow, max-snippet:-1, max-image-preview:large, max-video-preview:-1\" \/>\n<link rel=\"canonical\" href=\"https:\/\/cartechdiagnostic.com\/en\/urun\/3-pack-remote-controlled-surprise-wl-227-wellhise-kwe-yk02-gr-31\/\" \/>\n<meta property=\"og:locale\" content=\"en_US\" \/>\n<meta property=\"og:type\" content=\"article\" \/>\n<meta property=\"og:title\" content=\"3-Piece Remote Control Socket - WL-227 WELLHISE KWE-YK02-GR 3+1 - Car-Tech Diagnostic\" \/>\n<meta property=\"og:description\" content=\"WL-227 WELLHISE KWE-YK02-GR 3+1 3-PIECE REMOTE CONTROL SOCKET is a socket set that allows remote control of electrical devices. This set makes it easy to turn on and off the power of electrical appliances that are usually used in home or office environments. KWE-YK02-GR model consists of three sockets and one remote control. Each socket can be controlled by a remote control, allowing you to turn appliances on and off. This is particularly useful for remote or hard-to-reach outlets in the home or office.\" \/>\n<meta property=\"og:url\" content=\"https:\/\/cartechdiagnostic.com\/en\/urun\/3-pack-remote-controlled-surprise-wl-227-wellhise-kwe-yk02-gr-31\/\" \/>\n<meta property=\"og:site_name\" content=\"Car-Tech Diagnostic\" \/>\n<meta property=\"article:modified_time\" content=\"2024-07-20T19:33:45+00:00\" \/>\n<meta property=\"og:image\" content=\"https:\/\/cartechdiagnostic.com\/wp-content\/uploads\/2024\/02\/WL-227-WELLHISE-KWE-YK02-GR-31-3-LU-UZAKTAN-KUMANDALI-PRIZ-1.png\" \/>\n\t<meta property=\"og:image:width\" content=\"1080\" \/>\n\t<meta property=\"og:image:height\" content=\"1080\" \/>\n\t<meta property=\"og:image:type\" content=\"image\/png\" \/>\n<meta name=\"twitter:card\" content=\"summary_large_image\" \/>\n<script type=\"application\/ld+json\" class=\"yoast-schema-graph\">{\"@context\":\"https:\/\/schema.org\",\"@graph\":[{\"@type\":\"WebPage\",\"@id\":\"https:\/\/cartechdiagnostic.com\/en\/urun\/3-pack-remote-controlled-surprise-wl-227-wellhise-kwe-yk02-gr-31\/\",\"url\":\"https:\/\/cartechdiagnostic.com\/en\/urun\/3-pack-remote-controlled-surprise-wl-227-wellhise-kwe-yk02-gr-31\/\",\"name\":\"3-Piece Remote Control Socket - WL-227 WELLHISE KWE-YK02-GR 3+1 - Car-Tech Diagnostic\",\"isPartOf\":{\"@id\":\"https:\/\/www.cartechdiagnostic.com\/en\/#website\"},\"primaryImageOfPage\":{\"@id\":\"https:\/\/cartechdiagnostic.com\/en\/urun\/3-pack-remote-controlled-surprise-wl-227-wellhise-kwe-yk02-gr-31\/#primaryimage\"},\"image\":{\"@id\":\"https:\/\/cartechdiagnostic.com\/en\/urun\/3-pack-remote-controlled-surprise-wl-227-wellhise-kwe-yk02-gr-31\/#primaryimage\"},\"thumbnailUrl\":\"https:\/\/cartechdiagnostic.com\/wp-content\/uploads\/2024\/02\/WL-227-WELLHISE-KWE-YK02-GR-31-3-LU-UZAKTAN-KUMANDALI-PRIZ-1.png\",\"datePublished\":\"2024-02-26T10:44:41+00:00\",\"dateModified\":\"2024-07-20T19:33:45+00:00\",\"breadcrumb\":{\"@id\":\"https:\/\/cartechdiagnostic.com\/en\/urun\/3-pack-remote-controlled-surprise-wl-227-wellhise-kwe-yk02-gr-31\/#breadcrumb\"},\"inLanguage\":\"en-US\",\"potentialAction\":[{\"@type\":\"ReadAction\",\"target\":[\"https:\/\/cartechdiagnostic.com\/en\/urun\/3-pack-remote-controlled-surprise-wl-227-wellhise-kwe-yk02-gr-31\/\"]}]},{\"@type\":\"ImageObject\",\"inLanguage\":\"en-US\",\"@id\":\"https:\/\/cartechdiagnostic.com\/en\/urun\/3-pack-remote-controlled-surprise-wl-227-wellhise-kwe-yk02-gr-31\/#primaryimage\",\"url\":\"https:\/\/cartechdiagnostic.com\/wp-content\/uploads\/2024\/02\/WL-227-WELLHISE-KWE-YK02-GR-31-3-LU-UZAKTAN-KUMANDALI-PRIZ-1.png\",\"contentUrl\":\"https:\/\/cartechdiagnostic.com\/wp-content\/uploads\/2024\/02\/WL-227-WELLHISE-KWE-YK02-GR-31-3-LU-UZAKTAN-KUMANDALI-PRIZ-1.png\",\"width\":1080,\"height\":1080},{\"@type\":\"BreadcrumbList\",\"@id\":\"https:\/\/cartechdiagnostic.com\/en\/urun\/3-pack-remote-controlled-surprise-wl-227-wellhise-kwe-yk02-gr-31\/#breadcrumb\",\"itemListElement\":[{\"@type\":\"ListItem\",\"position\":1,\"name\":\"Anasayfa\",\"item\":\"https:\/\/www.cartechdiagnostic.com\/en\/\"},{\"@type\":\"ListItem\",\"position\":2,\"name\":\"Ma\u011faza\",\"item\":\"https:\/\/www.cartechdiagnostic.com\/magaza\/\"},{\"@type\":\"ListItem\",\"position\":3,\"name\":\"3-Piece Remote Control Socket &#8211; WL-227 WELLHISE KWE-YK02-GR 3+1\"}]},{\"@type\":\"WebSite\",\"@id\":\"https:\/\/www.cartechdiagnostic.com\/en\/#website\",\"url\":\"https:\/\/www.cartechdiagnostic.com\/en\/\",\"name\":\"Car-Tech Diagnostic\",\"description\":\"Ar\u0131za Tespit Cihazlar\u0131 - ECU Programlama Cihazlar\u0131\",\"publisher\":{\"@id\":\"https:\/\/www.cartechdiagnostic.com\/en\/#organization\"},\"alternateName\":\"Car-Tech Diag\",\"potentialAction\":[{\"@type\":\"SearchAction\",\"target\":{\"@type\":\"EntryPoint\",\"urlTemplate\":\"https:\/\/www.cartechdiagnostic.com\/en\/?s={search_term_string}\"},\"query-input\":\"required name=search_term_string\"}],\"inLanguage\":\"en-US\"},{\"@type\":\"Organization\",\"@id\":\"https:\/\/www.cartechdiagnostic.com\/en\/#organization\",\"name\":\"Car-Tech Diagnostic Yaz\u0131l\u0131m Ltd. \u015eti.\",\"url\":\"https:\/\/www.cartechdiagnostic.com\/en\/\",\"logo\":{\"@type\":\"ImageObject\",\"inLanguage\":\"en-US\",\"@id\":\"https:\/\/www.cartechdiagnostic.com\/en\/#\/schema\/logo\/image\/\",\"url\":\"https:\/\/cartechdiagnostic.com\/wp-content\/uploads\/2023\/08\/logocartech.png\",\"contentUrl\":\"https:\/\/cartechdiagnostic.com\/wp-content\/uploads\/2023\/08\/logocartech.png\",\"width\":714,\"height\":340,\"caption\":\"Car-Tech Diagnostic Yaz\u0131l\u0131m Ltd. \u015eti.\"},\"image\":{\"@id\":\"https:\/\/www.cartechdiagnostic.com\/en\/#\/schema\/logo\/image\/\"},\"sameAs\":[\"https:\/\/www.instagram.com\/cartechdiagnostic\"]}]}<\/script>\n<!-- \/ Yoast SEO plugin. -->","yoast_head_json":{"title":"3-Piece Remote Control Socket - WL-227 WELLHISE KWE-YK02-GR 3+1 - Car-Tech Diagnostic","robots":{"index":"index","follow":"follow","max-snippet":"max-snippet:-1","max-image-preview":"max-image-preview:large","max-video-preview":"max-video-preview:-1"},"canonical":"https:\/\/cartechdiagnostic.com\/en\/urun\/3-pack-remote-controlled-surprise-wl-227-wellhise-kwe-yk02-gr-31\/","og_locale":"en_US","og_type":"article","og_title":"3-Piece Remote Control Socket - WL-227 WELLHISE KWE-YK02-GR 3+1 - Car-Tech Diagnostic","og_description":"WL-227 WELLHISE KWE-YK02-GR 3+1 3-PIECE REMOTE CONTROL SOCKET is a socket set that allows remote control of electrical devices. This set makes it easy to turn on and off the power of electrical appliances that are usually used in home or office environments. KWE-YK02-GR model consists of three sockets and one remote control. Each socket can be controlled by a remote control, allowing you to turn appliances on and off. This is particularly useful for remote or hard-to-reach outlets in the home or office.","og_url":"https:\/\/cartechdiagnostic.com\/en\/urun\/3-pack-remote-controlled-surprise-wl-227-wellhise-kwe-yk02-gr-31\/","og_site_name":"Car-Tech Diagnostic","article_modified_time":"2024-07-20T19:33:45+00:00","og_image":[{"width":1080,"height":1080,"url":"https:\/\/cartechdiagnostic.com\/wp-content\/uploads\/2024\/02\/WL-227-WELLHISE-KWE-YK02-GR-31-3-LU-UZAKTAN-KUMANDALI-PRIZ-1.png","type":"image\/png"}],"twitter_card":"summary_large_image","schema":{"@context":"https:\/\/schema.org","@graph":[{"@type":"WebPage","@id":"https:\/\/cartechdiagnostic.com\/en\/urun\/3-pack-remote-controlled-surprise-wl-227-wellhise-kwe-yk02-gr-31\/","url":"https:\/\/cartechdiagnostic.com\/en\/urun\/3-pack-remote-controlled-surprise-wl-227-wellhise-kwe-yk02-gr-31\/","name":"3-Piece Remote Control Socket - WL-227 WELLHISE KWE-YK02-GR 3+1 - Car-Tech Diagnostic","isPartOf":{"@id":"https:\/\/www.cartechdiagnostic.com\/en\/#website"},"primaryImageOfPage":{"@id":"https:\/\/cartechdiagnostic.com\/en\/urun\/3-pack-remote-controlled-surprise-wl-227-wellhise-kwe-yk02-gr-31\/#primaryimage"},"image":{"@id":"https:\/\/cartechdiagnostic.com\/en\/urun\/3-pack-remote-controlled-surprise-wl-227-wellhise-kwe-yk02-gr-31\/#primaryimage"},"thumbnailUrl":"https:\/\/cartechdiagnostic.com\/wp-content\/uploads\/2024\/02\/WL-227-WELLHISE-KWE-YK02-GR-31-3-LU-UZAKTAN-KUMANDALI-PRIZ-1.png","datePublished":"2024-02-26T10:44:41+00:00","dateModified":"2024-07-20T19:33:45+00:00","breadcrumb":{"@id":"https:\/\/cartechdiagnostic.com\/en\/urun\/3-pack-remote-controlled-surprise-wl-227-wellhise-kwe-yk02-gr-31\/#breadcrumb"},"inLanguage":"en-US","potentialAction":[{"@type":"ReadAction","target":["https:\/\/cartechdiagnostic.com\/en\/urun\/3-pack-remote-controlled-surprise-wl-227-wellhise-kwe-yk02-gr-31\/"]}]},{"@type":"ImageObject","inLanguage":"en-US","@id":"https:\/\/cartechdiagnostic.com\/en\/urun\/3-pack-remote-controlled-surprise-wl-227-wellhise-kwe-yk02-gr-31\/#primaryimage","url":"https:\/\/cartechdiagnostic.com\/wp-content\/uploads\/2024\/02\/WL-227-WELLHISE-KWE-YK02-GR-31-3-LU-UZAKTAN-KUMANDALI-PRIZ-1.png","contentUrl":"https:\/\/cartechdiagnostic.com\/wp-content\/uploads\/2024\/02\/WL-227-WELLHISE-KWE-YK02-GR-31-3-LU-UZAKTAN-KUMANDALI-PRIZ-1.png","width":1080,"height":1080},{"@type":"BreadcrumbList","@id":"https:\/\/cartechdiagnostic.com\/en\/urun\/3-pack-remote-controlled-surprise-wl-227-wellhise-kwe-yk02-gr-31\/#breadcrumb","itemListElement":[{"@type":"ListItem","position":1,"name":"Anasayfa","item":"https:\/\/www.cartechdiagnostic.com\/en\/"},{"@type":"ListItem","position":2,"name":"Ma\u011faza","item":"https:\/\/www.cartechdiagnostic.com\/magaza\/"},{"@type":"ListItem","position":3,"name":"3-Piece Remote Control Socket &#8211; WL-227 WELLHISE KWE-YK02-GR 3+1"}]},{"@type":"WebSite","@id":"https:\/\/www.cartechdiagnostic.com\/en\/#website","url":"https:\/\/www.cartechdiagnostic.com\/en\/","name":"Car-Tech Diagnostic","description":"Ar\u0131za Tespit Cihazlar\u0131 - ECU Programlama Cihazlar\u0131","publisher":{"@id":"https:\/\/www.cartechdiagnostic.com\/en\/#organization"},"alternateName":"Car-Tech Diag","potentialAction":[{"@type":"SearchAction","target":{"@type":"EntryPoint","urlTemplate":"https:\/\/www.cartechdiagnostic.com\/en\/?s={search_term_string}"},"query-input":"required name=search_term_string"}],"inLanguage":"en-US"},{"@type":"Organization","@id":"https:\/\/www.cartechdiagnostic.com\/en\/#organization","name":"Car-Tech Diagnostic Yaz\u0131l\u0131m Ltd. \u015eti.","url":"https:\/\/www.cartechdiagnostic.com\/en\/","logo":{"@type":"ImageObject","inLanguage":"en-US","@id":"https:\/\/www.cartechdiagnostic.com\/en\/#\/schema\/logo\/image\/","url":"https:\/\/cartechdiagnostic.com\/wp-content\/uploads\/2023\/08\/logocartech.png","contentUrl":"https:\/\/cartechdiagnostic.com\/wp-content\/uploads\/2023\/08\/logocartech.png","width":714,"height":340,"caption":"Car-Tech Diagnostic Yaz\u0131l\u0131m Ltd. \u015eti."},"image":{"@id":"https:\/\/www.cartechdiagnostic.com\/en\/#\/schema\/logo\/image\/"},"sameAs":["https:\/\/www.instagram.com\/cartechdiagnostic"]}]}},"_links":{"self":[{"href":"https:\/\/cartechdiagnostic.com\/en\/wp-json\/wp\/v2\/product\/18305","targetHints":{"allow":["GET"]}}],"collection":[{"href":"https:\/\/cartechdiagnostic.com\/en\/wp-json\/wp\/v2\/product"}],"about":[{"href":"https:\/\/cartechdiagnostic.com\/en\/wp-json\/wp\/v2\/types\/product"}],"replies":[{"embeddable":true,"href":"https:\/\/cartechdiagnostic.com\/en\/wp-json\/wp\/v2\/comments?post=18305"}],"version-history":[{"count":1,"href":"https:\/\/cartechdiagnostic.com\/en\/wp-json\/wp\/v2\/product\/18305\/revisions"}],"predecessor-version":[{"id":18306,"href":"https:\/\/cartechdiagnostic.com\/en\/wp-json\/wp\/v2\/product\/18305\/revisions\/18306"}],"wp:featuredmedia":[{"embeddable":true,"href":"https:\/\/cartechdiagnostic.com\/en\/wp-json\/wp\/v2\/media\/16768"}],"wp:attachment":[{"href":"https:\/\/cartechdiagnostic.com\/en\/wp-json\/wp\/v2\/media?parent=18305"}],"wp:term":[{"taxonomy":"product_brand","embeddable":true,"href":"https:\/\/cartechdiagnostic.com\/en\/wp-json\/wp\/v2\/product_brand?post=18305"},{"taxonomy":"product_cat","embeddable":true,"href":"https:\/\/cartechdiagnostic.com\/en\/wp-json\/wp\/v2\/product_cat?post=18305"},{"taxonomy":"product_tag","embeddable":true,"href":"https:\/\/cartechdiagnostic.com\/en\/wp-json\/wp\/v2\/product_tag?post=18305"}],"curies":[{"name":"wp","href":"https:\/\/api.w.org\/{rel}","templated":true}]}}