{"id":18329,"date":"2024-02-26T13:24:42","date_gmt":"2024-02-26T10:24:42","guid":{"rendered":"https:\/urun\/power-meter-illuminated-display-wl-180-wellhise-pm-003-2\/"},"modified":"2024-07-24T10:53:08","modified_gmt":"2024-07-24T07:53:08","slug":"power-meter-illuminated-display-wl-180-wellhise-pm-003-2","status":"publish","type":"product","link":"https:\/\/cartechdiagnostic.com\/en\/urun\/power-meter-illuminated-display-wl-180-wellhise-pm-003-2\/","title":{"rendered":"Power Meter (Illuminated Display) &#8211; WL-180 WELLHISE PM-003+"},"content":{"rendered":"","protected":false},"excerpt":{"rendered":"<p>WL-180 WELLHISE PM-003+ G\u00dc\u00c7 \u00d6L\u00c7ER (I\u015eIKLI EKRAN), elektrik g\u00fcc\u00fcn\u00fc \u00f6l\u00e7mek i\u00e7in kullan\u0131lan bir cihazd\u0131r. This power meter is commonly used to monitor and measure electricity consumption in home, office or industrial environments. The PM-003+ model features an illuminated display, which makes it easy to view measurement results clearly. The instrument can measure various electrical parameters such as voltage, current, power factor, active power, reactive power, apparent power and energy consumption.<\/p>\n","protected":false},"featured_media":16751,"comment_status":"open","ping_status":"closed","template":"","meta":{"_joinchat":[]},"product_brand":[],"product_cat":[1341],"product_tag":[],"class_list":{"0":"post-18329","1":"product","2":"type-product","3":"status-publish","4":"has-post-thumbnail","6":"product_cat-default-category","8":"first","9":"instock","10":"sale","11":"shipping-taxable","12":"purchasable","13":"product-type-simple"},"yoast_head":"<!-- This site is optimized with the Yoast SEO plugin v22.8 - https:\/\/yoast.com\/wordpress\/plugins\/seo\/ -->\n<title>Power Meter (Illuminated Display) - WL-180 WELLHISE PM-003+ - Car-Tech Diagnostic<\/title>\n<meta name=\"robots\" content=\"index, follow, max-snippet:-1, max-image-preview:large, max-video-preview:-1\" \/>\n<link rel=\"canonical\" href=\"https:\/\/cartechdiagnostic.com\/en\/urun\/power-meter-illuminated-display-wl-180-wellhise-pm-003-2\/\" \/>\n<meta property=\"og:locale\" content=\"en_US\" \/>\n<meta property=\"og:type\" content=\"article\" \/>\n<meta property=\"og:title\" content=\"Power Meter (Illuminated Display) - WL-180 WELLHISE PM-003+ - Car-Tech Diagnostic\" \/>\n<meta property=\"og:description\" content=\"WL-180 WELLHISE PM-003+ G\u00dc\u00c7 \u00d6L\u00c7ER (I\u015eIKLI EKRAN), elektrik g\u00fcc\u00fcn\u00fc \u00f6l\u00e7mek i\u00e7in kullan\u0131lan bir cihazd\u0131r. This power meter is commonly used to monitor and measure electricity consumption in home, office or industrial environments. The PM-003+ model features an illuminated display, which makes it easy to view measurement results clearly. The instrument can measure various electrical parameters such as voltage, current, power factor, active power, reactive power, apparent power and energy consumption.\" \/>\n<meta property=\"og:url\" content=\"https:\/\/cartechdiagnostic.com\/en\/urun\/power-meter-illuminated-display-wl-180-wellhise-pm-003-2\/\" \/>\n<meta property=\"og:site_name\" content=\"Car-Tech Diagnostic\" \/>\n<meta property=\"article:modified_time\" content=\"2024-07-24T07:53:08+00:00\" \/>\n<meta property=\"og:image\" content=\"https:\/\/www.cartechdiagnostic.com\/wp-content\/uploads\/2024\/02\/WL-180-WELLHISE-PM-003-GUC-OLCER-ISIKLI-EKRAN-1.png\" \/>\n\t<meta property=\"og:image:width\" content=\"1080\" \/>\n\t<meta property=\"og:image:height\" content=\"1080\" \/>\n\t<meta property=\"og:image:type\" content=\"image\/png\" \/>\n<meta name=\"twitter:card\" content=\"summary_large_image\" \/>\n<script type=\"application\/ld+json\" class=\"yoast-schema-graph\">{\"@context\":\"https:\/\/schema.org\",\"@graph\":[{\"@type\":\"WebPage\",\"@id\":\"https:\/\/cartechdiagnostic.com\/en\/urun\/power-meter-illuminated-display-wl-180-wellhise-pm-003-2\/\",\"url\":\"https:\/\/cartechdiagnostic.com\/en\/urun\/power-meter-illuminated-display-wl-180-wellhise-pm-003-2\/\",\"name\":\"Power Meter (Illuminated Display) - WL-180 WELLHISE PM-003+ - Car-Tech Diagnostic\",\"isPartOf\":{\"@id\":\"https:\/\/www.cartechdiagnostic.com\/en\/#website\"},\"primaryImageOfPage\":{\"@id\":\"https:\/\/cartechdiagnostic.com\/en\/urun\/power-meter-illuminated-display-wl-180-wellhise-pm-003-2\/#primaryimage\"},\"image\":{\"@id\":\"https:\/\/cartechdiagnostic.com\/en\/urun\/power-meter-illuminated-display-wl-180-wellhise-pm-003-2\/#primaryimage\"},\"thumbnailUrl\":\"https:\/\/cartechdiagnostic.com\/wp-content\/uploads\/2024\/02\/WL-180-WELLHISE-PM-003-GUC-OLCER-ISIKLI-EKRAN-1.png\",\"datePublished\":\"2024-02-26T10:24:42+00:00\",\"dateModified\":\"2024-07-24T07:53:08+00:00\",\"breadcrumb\":{\"@id\":\"https:\/\/cartechdiagnostic.com\/en\/urun\/power-meter-illuminated-display-wl-180-wellhise-pm-003-2\/#breadcrumb\"},\"inLanguage\":\"en-US\",\"potentialAction\":[{\"@type\":\"ReadAction\",\"target\":[\"https:\/\/cartechdiagnostic.com\/en\/urun\/power-meter-illuminated-display-wl-180-wellhise-pm-003-2\/\"]}]},{\"@type\":\"ImageObject\",\"inLanguage\":\"en-US\",\"@id\":\"https:\/\/cartechdiagnostic.com\/en\/urun\/power-meter-illuminated-display-wl-180-wellhise-pm-003-2\/#primaryimage\",\"url\":\"https:\/\/cartechdiagnostic.com\/wp-content\/uploads\/2024\/02\/WL-180-WELLHISE-PM-003-GUC-OLCER-ISIKLI-EKRAN-1.png\",\"contentUrl\":\"https:\/\/cartechdiagnostic.com\/wp-content\/uploads\/2024\/02\/WL-180-WELLHISE-PM-003-GUC-OLCER-ISIKLI-EKRAN-1.png\",\"width\":1080,\"height\":1080},{\"@type\":\"BreadcrumbList\",\"@id\":\"https:\/\/cartechdiagnostic.com\/en\/urun\/power-meter-illuminated-display-wl-180-wellhise-pm-003-2\/#breadcrumb\",\"itemListElement\":[{\"@type\":\"ListItem\",\"position\":1,\"name\":\"Anasayfa\",\"item\":\"https:\/\/www.cartechdiagnostic.com\/en\/\"},{\"@type\":\"ListItem\",\"position\":2,\"name\":\"Ma\u011faza\",\"item\":\"https:\/\/www.cartechdiagnostic.com\/magaza\/\"},{\"@type\":\"ListItem\",\"position\":3,\"name\":\"Power Meter (Illuminated Display) &#8211; WL-180 WELLHISE PM-003+\"}]},{\"@type\":\"WebSite\",\"@id\":\"https:\/\/www.cartechdiagnostic.com\/en\/#website\",\"url\":\"https:\/\/www.cartechdiagnostic.com\/en\/\",\"name\":\"Car-Tech Diagnostic\",\"description\":\"Ar\u0131za Tespit Cihazlar\u0131 - ECU Programlama Cihazlar\u0131\",\"publisher\":{\"@id\":\"https:\/\/www.cartechdiagnostic.com\/en\/#organization\"},\"alternateName\":\"Car-Tech Diag\",\"potentialAction\":[{\"@type\":\"SearchAction\",\"target\":{\"@type\":\"EntryPoint\",\"urlTemplate\":\"https:\/\/www.cartechdiagnostic.com\/en\/?s={search_term_string}\"},\"query-input\":\"required name=search_term_string\"}],\"inLanguage\":\"en-US\"},{\"@type\":\"Organization\",\"@id\":\"https:\/\/www.cartechdiagnostic.com\/en\/#organization\",\"name\":\"Car-Tech Diagnostic Yaz\u0131l\u0131m Ltd. \u015eti.\",\"url\":\"https:\/\/www.cartechdiagnostic.com\/en\/\",\"logo\":{\"@type\":\"ImageObject\",\"inLanguage\":\"en-US\",\"@id\":\"https:\/\/www.cartechdiagnostic.com\/en\/#\/schema\/logo\/image\/\",\"url\":\"https:\/\/cartechdiagnostic.com\/wp-content\/uploads\/2023\/08\/logocartech.png\",\"contentUrl\":\"https:\/\/cartechdiagnostic.com\/wp-content\/uploads\/2023\/08\/logocartech.png\",\"width\":714,\"height\":340,\"caption\":\"Car-Tech Diagnostic Yaz\u0131l\u0131m Ltd. \u015eti.\"},\"image\":{\"@id\":\"https:\/\/www.cartechdiagnostic.com\/en\/#\/schema\/logo\/image\/\"},\"sameAs\":[\"https:\/\/www.instagram.com\/cartechdiagnostic\"]}]}<\/script>\n<!-- \/ Yoast SEO plugin. -->","yoast_head_json":{"title":"Power Meter (Illuminated Display) - WL-180 WELLHISE PM-003+ - Car-Tech Diagnostic","robots":{"index":"index","follow":"follow","max-snippet":"max-snippet:-1","max-image-preview":"max-image-preview:large","max-video-preview":"max-video-preview:-1"},"canonical":"https:\/\/cartechdiagnostic.com\/en\/urun\/power-meter-illuminated-display-wl-180-wellhise-pm-003-2\/","og_locale":"en_US","og_type":"article","og_title":"Power Meter (Illuminated Display) - WL-180 WELLHISE PM-003+ - Car-Tech Diagnostic","og_description":"WL-180 WELLHISE PM-003+ G\u00dc\u00c7 \u00d6L\u00c7ER (I\u015eIKLI EKRAN), elektrik g\u00fcc\u00fcn\u00fc \u00f6l\u00e7mek i\u00e7in kullan\u0131lan bir cihazd\u0131r. This power meter is commonly used to monitor and measure electricity consumption in home, office or industrial environments. The PM-003+ model features an illuminated display, which makes it easy to view measurement results clearly. The instrument can measure various electrical parameters such as voltage, current, power factor, active power, reactive power, apparent power and energy consumption.","og_url":"https:\/\/cartechdiagnostic.com\/en\/urun\/power-meter-illuminated-display-wl-180-wellhise-pm-003-2\/","og_site_name":"Car-Tech Diagnostic","article_modified_time":"2024-07-24T07:53:08+00:00","og_image":[{"width":1080,"height":1080,"url":"https:\/\/www.cartechdiagnostic.com\/wp-content\/uploads\/2024\/02\/WL-180-WELLHISE-PM-003-GUC-OLCER-ISIKLI-EKRAN-1.png","type":"image\/png"}],"twitter_card":"summary_large_image","schema":{"@context":"https:\/\/schema.org","@graph":[{"@type":"WebPage","@id":"https:\/\/cartechdiagnostic.com\/en\/urun\/power-meter-illuminated-display-wl-180-wellhise-pm-003-2\/","url":"https:\/\/cartechdiagnostic.com\/en\/urun\/power-meter-illuminated-display-wl-180-wellhise-pm-003-2\/","name":"Power Meter (Illuminated Display) - WL-180 WELLHISE PM-003+ - Car-Tech Diagnostic","isPartOf":{"@id":"https:\/\/www.cartechdiagnostic.com\/en\/#website"},"primaryImageOfPage":{"@id":"https:\/\/cartechdiagnostic.com\/en\/urun\/power-meter-illuminated-display-wl-180-wellhise-pm-003-2\/#primaryimage"},"image":{"@id":"https:\/\/cartechdiagnostic.com\/en\/urun\/power-meter-illuminated-display-wl-180-wellhise-pm-003-2\/#primaryimage"},"thumbnailUrl":"https:\/\/cartechdiagnostic.com\/wp-content\/uploads\/2024\/02\/WL-180-WELLHISE-PM-003-GUC-OLCER-ISIKLI-EKRAN-1.png","datePublished":"2024-02-26T10:24:42+00:00","dateModified":"2024-07-24T07:53:08+00:00","breadcrumb":{"@id":"https:\/\/cartechdiagnostic.com\/en\/urun\/power-meter-illuminated-display-wl-180-wellhise-pm-003-2\/#breadcrumb"},"inLanguage":"en-US","potentialAction":[{"@type":"ReadAction","target":["https:\/\/cartechdiagnostic.com\/en\/urun\/power-meter-illuminated-display-wl-180-wellhise-pm-003-2\/"]}]},{"@type":"ImageObject","inLanguage":"en-US","@id":"https:\/\/cartechdiagnostic.com\/en\/urun\/power-meter-illuminated-display-wl-180-wellhise-pm-003-2\/#primaryimage","url":"https:\/\/cartechdiagnostic.com\/wp-content\/uploads\/2024\/02\/WL-180-WELLHISE-PM-003-GUC-OLCER-ISIKLI-EKRAN-1.png","contentUrl":"https:\/\/cartechdiagnostic.com\/wp-content\/uploads\/2024\/02\/WL-180-WELLHISE-PM-003-GUC-OLCER-ISIKLI-EKRAN-1.png","width":1080,"height":1080},{"@type":"BreadcrumbList","@id":"https:\/\/cartechdiagnostic.com\/en\/urun\/power-meter-illuminated-display-wl-180-wellhise-pm-003-2\/#breadcrumb","itemListElement":[{"@type":"ListItem","position":1,"name":"Anasayfa","item":"https:\/\/www.cartechdiagnostic.com\/en\/"},{"@type":"ListItem","position":2,"name":"Ma\u011faza","item":"https:\/\/www.cartechdiagnostic.com\/magaza\/"},{"@type":"ListItem","position":3,"name":"Power Meter (Illuminated Display) &#8211; WL-180 WELLHISE PM-003+"}]},{"@type":"WebSite","@id":"https:\/\/www.cartechdiagnostic.com\/en\/#website","url":"https:\/\/www.cartechdiagnostic.com\/en\/","name":"Car-Tech Diagnostic","description":"Ar\u0131za Tespit Cihazlar\u0131 - ECU Programlama Cihazlar\u0131","publisher":{"@id":"https:\/\/www.cartechdiagnostic.com\/en\/#organization"},"alternateName":"Car-Tech Diag","potentialAction":[{"@type":"SearchAction","target":{"@type":"EntryPoint","urlTemplate":"https:\/\/www.cartechdiagnostic.com\/en\/?s={search_term_string}"},"query-input":"required name=search_term_string"}],"inLanguage":"en-US"},{"@type":"Organization","@id":"https:\/\/www.cartechdiagnostic.com\/en\/#organization","name":"Car-Tech Diagnostic Yaz\u0131l\u0131m Ltd. \u015eti.","url":"https:\/\/www.cartechdiagnostic.com\/en\/","logo":{"@type":"ImageObject","inLanguage":"en-US","@id":"https:\/\/www.cartechdiagnostic.com\/en\/#\/schema\/logo\/image\/","url":"https:\/\/cartechdiagnostic.com\/wp-content\/uploads\/2023\/08\/logocartech.png","contentUrl":"https:\/\/cartechdiagnostic.com\/wp-content\/uploads\/2023\/08\/logocartech.png","width":714,"height":340,"caption":"Car-Tech Diagnostic Yaz\u0131l\u0131m Ltd. \u015eti."},"image":{"@id":"https:\/\/www.cartechdiagnostic.com\/en\/#\/schema\/logo\/image\/"},"sameAs":["https:\/\/www.instagram.com\/cartechdiagnostic"]}]}},"_links":{"self":[{"href":"https:\/\/cartechdiagnostic.com\/en\/wp-json\/wp\/v2\/product\/18329","targetHints":{"allow":["GET"]}}],"collection":[{"href":"https:\/\/cartechdiagnostic.com\/en\/wp-json\/wp\/v2\/product"}],"about":[{"href":"https:\/\/cartechdiagnostic.com\/en\/wp-json\/wp\/v2\/types\/product"}],"replies":[{"embeddable":true,"href":"https:\/\/cartechdiagnostic.com\/en\/wp-json\/wp\/v2\/comments?post=18329"}],"version-history":[{"count":1,"href":"https:\/\/cartechdiagnostic.com\/en\/wp-json\/wp\/v2\/product\/18329\/revisions"}],"predecessor-version":[{"id":18331,"href":"https:\/\/cartechdiagnostic.com\/en\/wp-json\/wp\/v2\/product\/18329\/revisions\/18331"}],"wp:featuredmedia":[{"embeddable":true,"href":"https:\/\/cartechdiagnostic.com\/en\/wp-json\/wp\/v2\/media\/16751"}],"wp:attachment":[{"href":"https:\/\/cartechdiagnostic.com\/en\/wp-json\/wp\/v2\/media?parent=18329"}],"wp:term":[{"taxonomy":"product_brand","embeddable":true,"href":"https:\/\/cartechdiagnostic.com\/en\/wp-json\/wp\/v2\/product_brand?post=18329"},{"taxonomy":"product_cat","embeddable":true,"href":"https:\/\/cartechdiagnostic.com\/en\/wp-json\/wp\/v2\/product_cat?post=18329"},{"taxonomy":"product_tag","embeddable":true,"href":"https:\/\/cartechdiagnostic.com\/en\/wp-json\/wp\/v2\/product_tag?post=18329"}],"curies":[{"name":"wp","href":"https:\/\/api.w.org\/{rel}","templated":true}]}}