{"id":18342,"date":"2024-02-26T13:24:00","date_gmt":"2024-02-26T10:24:00","guid":{"rendered":"https:\/urun\/battery-tester-probe-wl-176-wellhise-akt-01-2\/"},"modified":"2024-02-26T13:24:00","modified_gmt":"2024-02-26T10:24:00","slug":"battery-tester-probe-wl-176-wellhise-akt-01-2","status":"publish","type":"product","link":"https:\/\/cartechdiagnostic.com\/en\/urun\/battery-tester-probe-wl-176-wellhise-akt-01-2\/","title":{"rendered":"Battery Tester Probe WL-176 WELLHISE AKT-01"},"content":{"rendered":"","protected":false},"excerpt":{"rendered":"<p>The WL-176 WELLHISE AKT-01 BATTERY TESTER PROBE is a probe used to test the condition of vehicle batteries. This probe measures the voltage of the batteries and provides information about the health of the battery. The AKT-01 model is commonly used in the automotive industry, vehicle maintenance and service centers. Batteries can lose capacity or become damaged over time, so it is important to test them periodically. This probe is used to assess whether the battery is receiving sufficient charge and its ability to provide power.<\/p>\n","protected":false},"featured_media":16750,"comment_status":"open","ping_status":"closed","template":"","meta":{"_joinchat":[]},"product_brand":[],"product_cat":[1358],"product_tag":[],"class_list":{"0":"post-18342","1":"product","2":"type-product","3":"status-publish","4":"has-post-thumbnail","6":"product_cat-cables","8":"first","9":"instock","10":"sale","11":"shipping-taxable","12":"purchasable","13":"product-type-simple"},"yoast_head":"<!-- This site is optimized with the Yoast SEO plugin v22.8 - https:\/\/yoast.com\/wordpress\/plugins\/seo\/ -->\n<title>Battery Tester Probe WL-176 WELLHISE AKT-01 - Car-Tech Diagnostic<\/title>\n<meta name=\"robots\" content=\"index, follow, max-snippet:-1, max-image-preview:large, max-video-preview:-1\" \/>\n<link rel=\"canonical\" href=\"https:\/\/cartechdiagnostic.com\/en\/urun\/battery-tester-probe-wl-176-wellhise-akt-01-2\/\" \/>\n<meta property=\"og:locale\" content=\"en_US\" \/>\n<meta property=\"og:type\" content=\"article\" \/>\n<meta property=\"og:title\" content=\"Battery Tester Probe WL-176 WELLHISE AKT-01 - Car-Tech Diagnostic\" \/>\n<meta property=\"og:description\" content=\"The WL-176 WELLHISE AKT-01 BATTERY TESTER PROBE is a probe used to test the condition of vehicle batteries. This probe measures the voltage of the batteries and provides information about the health of the battery. The AKT-01 model is commonly used in the automotive industry, vehicle maintenance and service centers. Batteries can lose capacity or become damaged over time, so it is important to test them periodically. This probe is used to assess whether the battery is receiving sufficient charge and its ability to provide power.\" \/>\n<meta property=\"og:url\" content=\"https:\/\/cartechdiagnostic.com\/en\/urun\/battery-tester-probe-wl-176-wellhise-akt-01-2\/\" \/>\n<meta property=\"og:site_name\" content=\"Car-Tech Diagnostic\" \/>\n<meta property=\"og:image\" content=\"https:\/\/cartechdiagnostic.com\/wp-content\/uploads\/2024\/02\/WL-176-WELLHISE-AKT-01-AKU-TEST-CIHAZI-PROBU-1.png\" \/>\n\t<meta property=\"og:image:width\" content=\"1080\" \/>\n\t<meta property=\"og:image:height\" content=\"1080\" \/>\n\t<meta property=\"og:image:type\" content=\"image\/png\" \/>\n<meta name=\"twitter:card\" content=\"summary_large_image\" \/>\n<script type=\"application\/ld+json\" class=\"yoast-schema-graph\">{\"@context\":\"https:\/\/schema.org\",\"@graph\":[{\"@type\":\"WebPage\",\"@id\":\"https:\/\/cartechdiagnostic.com\/en\/urun\/battery-tester-probe-wl-176-wellhise-akt-01-2\/\",\"url\":\"https:\/\/cartechdiagnostic.com\/en\/urun\/battery-tester-probe-wl-176-wellhise-akt-01-2\/\",\"name\":\"Battery Tester Probe WL-176 WELLHISE AKT-01 - Car-Tech Diagnostic\",\"isPartOf\":{\"@id\":\"https:\/\/www.cartechdiagnostic.com\/en\/#website\"},\"primaryImageOfPage\":{\"@id\":\"https:\/\/cartechdiagnostic.com\/en\/urun\/battery-tester-probe-wl-176-wellhise-akt-01-2\/#primaryimage\"},\"image\":{\"@id\":\"https:\/\/cartechdiagnostic.com\/en\/urun\/battery-tester-probe-wl-176-wellhise-akt-01-2\/#primaryimage\"},\"thumbnailUrl\":\"https:\/\/cartechdiagnostic.com\/wp-content\/uploads\/2024\/02\/WL-176-WELLHISE-AKT-01-AKU-TEST-CIHAZI-PROBU-1.png\",\"datePublished\":\"2024-02-26T10:24:00+00:00\",\"dateModified\":\"2024-02-26T10:24:00+00:00\",\"breadcrumb\":{\"@id\":\"https:\/\/cartechdiagnostic.com\/en\/urun\/battery-tester-probe-wl-176-wellhise-akt-01-2\/#breadcrumb\"},\"inLanguage\":\"en-US\",\"potentialAction\":[{\"@type\":\"ReadAction\",\"target\":[\"https:\/\/cartechdiagnostic.com\/en\/urun\/battery-tester-probe-wl-176-wellhise-akt-01-2\/\"]}]},{\"@type\":\"ImageObject\",\"inLanguage\":\"en-US\",\"@id\":\"https:\/\/cartechdiagnostic.com\/en\/urun\/battery-tester-probe-wl-176-wellhise-akt-01-2\/#primaryimage\",\"url\":\"https:\/\/cartechdiagnostic.com\/wp-content\/uploads\/2024\/02\/WL-176-WELLHISE-AKT-01-AKU-TEST-CIHAZI-PROBU-1.png\",\"contentUrl\":\"https:\/\/cartechdiagnostic.com\/wp-content\/uploads\/2024\/02\/WL-176-WELLHISE-AKT-01-AKU-TEST-CIHAZI-PROBU-1.png\",\"width\":1080,\"height\":1080},{\"@type\":\"BreadcrumbList\",\"@id\":\"https:\/\/cartechdiagnostic.com\/en\/urun\/battery-tester-probe-wl-176-wellhise-akt-01-2\/#breadcrumb\",\"itemListElement\":[{\"@type\":\"ListItem\",\"position\":1,\"name\":\"Anasayfa\",\"item\":\"https:\/\/www.cartechdiagnostic.com\/en\/\"},{\"@type\":\"ListItem\",\"position\":2,\"name\":\"Ma\u011faza\",\"item\":\"https:\/\/www.cartechdiagnostic.com\/magaza\/\"},{\"@type\":\"ListItem\",\"position\":3,\"name\":\"Battery Tester Probe WL-176 WELLHISE AKT-01\"}]},{\"@type\":\"WebSite\",\"@id\":\"https:\/\/www.cartechdiagnostic.com\/en\/#website\",\"url\":\"https:\/\/www.cartechdiagnostic.com\/en\/\",\"name\":\"Car-Tech Diagnostic\",\"description\":\"Ar\u0131za Tespit Cihazlar\u0131 - ECU Programlama Cihazlar\u0131\",\"publisher\":{\"@id\":\"https:\/\/www.cartechdiagnostic.com\/en\/#organization\"},\"alternateName\":\"Car-Tech Diag\",\"potentialAction\":[{\"@type\":\"SearchAction\",\"target\":{\"@type\":\"EntryPoint\",\"urlTemplate\":\"https:\/\/www.cartechdiagnostic.com\/en\/?s={search_term_string}\"},\"query-input\":\"required name=search_term_string\"}],\"inLanguage\":\"en-US\"},{\"@type\":\"Organization\",\"@id\":\"https:\/\/www.cartechdiagnostic.com\/en\/#organization\",\"name\":\"Car-Tech Diagnostic Yaz\u0131l\u0131m Ltd. \u015eti.\",\"url\":\"https:\/\/www.cartechdiagnostic.com\/en\/\",\"logo\":{\"@type\":\"ImageObject\",\"inLanguage\":\"en-US\",\"@id\":\"https:\/\/www.cartechdiagnostic.com\/en\/#\/schema\/logo\/image\/\",\"url\":\"https:\/\/cartechdiagnostic.com\/wp-content\/uploads\/2023\/08\/logocartech.png\",\"contentUrl\":\"https:\/\/cartechdiagnostic.com\/wp-content\/uploads\/2023\/08\/logocartech.png\",\"width\":714,\"height\":340,\"caption\":\"Car-Tech Diagnostic Yaz\u0131l\u0131m Ltd. \u015eti.\"},\"image\":{\"@id\":\"https:\/\/www.cartechdiagnostic.com\/en\/#\/schema\/logo\/image\/\"},\"sameAs\":[\"https:\/\/www.instagram.com\/cartechdiagnostic\"]}]}<\/script>\n<!-- \/ Yoast SEO plugin. -->","yoast_head_json":{"title":"Battery Tester Probe WL-176 WELLHISE AKT-01 - Car-Tech Diagnostic","robots":{"index":"index","follow":"follow","max-snippet":"max-snippet:-1","max-image-preview":"max-image-preview:large","max-video-preview":"max-video-preview:-1"},"canonical":"https:\/\/cartechdiagnostic.com\/en\/urun\/battery-tester-probe-wl-176-wellhise-akt-01-2\/","og_locale":"en_US","og_type":"article","og_title":"Battery Tester Probe WL-176 WELLHISE AKT-01 - Car-Tech Diagnostic","og_description":"The WL-176 WELLHISE AKT-01 BATTERY TESTER PROBE is a probe used to test the condition of vehicle batteries. This probe measures the voltage of the batteries and provides information about the health of the battery. The AKT-01 model is commonly used in the automotive industry, vehicle maintenance and service centers. Batteries can lose capacity or become damaged over time, so it is important to test them periodically. This probe is used to assess whether the battery is receiving sufficient charge and its ability to provide power.","og_url":"https:\/\/cartechdiagnostic.com\/en\/urun\/battery-tester-probe-wl-176-wellhise-akt-01-2\/","og_site_name":"Car-Tech Diagnostic","og_image":[{"width":1080,"height":1080,"url":"https:\/\/cartechdiagnostic.com\/wp-content\/uploads\/2024\/02\/WL-176-WELLHISE-AKT-01-AKU-TEST-CIHAZI-PROBU-1.png","type":"image\/png"}],"twitter_card":"summary_large_image","schema":{"@context":"https:\/\/schema.org","@graph":[{"@type":"WebPage","@id":"https:\/\/cartechdiagnostic.com\/en\/urun\/battery-tester-probe-wl-176-wellhise-akt-01-2\/","url":"https:\/\/cartechdiagnostic.com\/en\/urun\/battery-tester-probe-wl-176-wellhise-akt-01-2\/","name":"Battery Tester Probe WL-176 WELLHISE AKT-01 - Car-Tech Diagnostic","isPartOf":{"@id":"https:\/\/www.cartechdiagnostic.com\/en\/#website"},"primaryImageOfPage":{"@id":"https:\/\/cartechdiagnostic.com\/en\/urun\/battery-tester-probe-wl-176-wellhise-akt-01-2\/#primaryimage"},"image":{"@id":"https:\/\/cartechdiagnostic.com\/en\/urun\/battery-tester-probe-wl-176-wellhise-akt-01-2\/#primaryimage"},"thumbnailUrl":"https:\/\/cartechdiagnostic.com\/wp-content\/uploads\/2024\/02\/WL-176-WELLHISE-AKT-01-AKU-TEST-CIHAZI-PROBU-1.png","datePublished":"2024-02-26T10:24:00+00:00","dateModified":"2024-02-26T10:24:00+00:00","breadcrumb":{"@id":"https:\/\/cartechdiagnostic.com\/en\/urun\/battery-tester-probe-wl-176-wellhise-akt-01-2\/#breadcrumb"},"inLanguage":"en-US","potentialAction":[{"@type":"ReadAction","target":["https:\/\/cartechdiagnostic.com\/en\/urun\/battery-tester-probe-wl-176-wellhise-akt-01-2\/"]}]},{"@type":"ImageObject","inLanguage":"en-US","@id":"https:\/\/cartechdiagnostic.com\/en\/urun\/battery-tester-probe-wl-176-wellhise-akt-01-2\/#primaryimage","url":"https:\/\/cartechdiagnostic.com\/wp-content\/uploads\/2024\/02\/WL-176-WELLHISE-AKT-01-AKU-TEST-CIHAZI-PROBU-1.png","contentUrl":"https:\/\/cartechdiagnostic.com\/wp-content\/uploads\/2024\/02\/WL-176-WELLHISE-AKT-01-AKU-TEST-CIHAZI-PROBU-1.png","width":1080,"height":1080},{"@type":"BreadcrumbList","@id":"https:\/\/cartechdiagnostic.com\/en\/urun\/battery-tester-probe-wl-176-wellhise-akt-01-2\/#breadcrumb","itemListElement":[{"@type":"ListItem","position":1,"name":"Anasayfa","item":"https:\/\/www.cartechdiagnostic.com\/en\/"},{"@type":"ListItem","position":2,"name":"Ma\u011faza","item":"https:\/\/www.cartechdiagnostic.com\/magaza\/"},{"@type":"ListItem","position":3,"name":"Battery Tester Probe WL-176 WELLHISE AKT-01"}]},{"@type":"WebSite","@id":"https:\/\/www.cartechdiagnostic.com\/en\/#website","url":"https:\/\/www.cartechdiagnostic.com\/en\/","name":"Car-Tech Diagnostic","description":"Ar\u0131za Tespit Cihazlar\u0131 - ECU Programlama Cihazlar\u0131","publisher":{"@id":"https:\/\/www.cartechdiagnostic.com\/en\/#organization"},"alternateName":"Car-Tech Diag","potentialAction":[{"@type":"SearchAction","target":{"@type":"EntryPoint","urlTemplate":"https:\/\/www.cartechdiagnostic.com\/en\/?s={search_term_string}"},"query-input":"required name=search_term_string"}],"inLanguage":"en-US"},{"@type":"Organization","@id":"https:\/\/www.cartechdiagnostic.com\/en\/#organization","name":"Car-Tech Diagnostic Yaz\u0131l\u0131m Ltd. \u015eti.","url":"https:\/\/www.cartechdiagnostic.com\/en\/","logo":{"@type":"ImageObject","inLanguage":"en-US","@id":"https:\/\/www.cartechdiagnostic.com\/en\/#\/schema\/logo\/image\/","url":"https:\/\/cartechdiagnostic.com\/wp-content\/uploads\/2023\/08\/logocartech.png","contentUrl":"https:\/\/cartechdiagnostic.com\/wp-content\/uploads\/2023\/08\/logocartech.png","width":714,"height":340,"caption":"Car-Tech Diagnostic Yaz\u0131l\u0131m Ltd. \u015eti."},"image":{"@id":"https:\/\/www.cartechdiagnostic.com\/en\/#\/schema\/logo\/image\/"},"sameAs":["https:\/\/www.instagram.com\/cartechdiagnostic"]}]}},"_links":{"self":[{"href":"https:\/\/cartechdiagnostic.com\/en\/wp-json\/wp\/v2\/product\/18342","targetHints":{"allow":["GET"]}}],"collection":[{"href":"https:\/\/cartechdiagnostic.com\/en\/wp-json\/wp\/v2\/product"}],"about":[{"href":"https:\/\/cartechdiagnostic.com\/en\/wp-json\/wp\/v2\/types\/product"}],"replies":[{"embeddable":true,"href":"https:\/\/cartechdiagnostic.com\/en\/wp-json\/wp\/v2\/comments?post=18342"}],"version-history":[{"count":0,"href":"https:\/\/cartechdiagnostic.com\/en\/wp-json\/wp\/v2\/product\/18342\/revisions"}],"wp:featuredmedia":[{"embeddable":true,"href":"https:\/\/cartechdiagnostic.com\/en\/wp-json\/wp\/v2\/media\/16750"}],"wp:attachment":[{"href":"https:\/\/cartechdiagnostic.com\/en\/wp-json\/wp\/v2\/media?parent=18342"}],"wp:term":[{"taxonomy":"product_brand","embeddable":true,"href":"https:\/\/cartechdiagnostic.com\/en\/wp-json\/wp\/v2\/product_brand?post=18342"},{"taxonomy":"product_cat","embeddable":true,"href":"https:\/\/cartechdiagnostic.com\/en\/wp-json\/wp\/v2\/product_cat?post=18342"},{"taxonomy":"product_tag","embeddable":true,"href":"https:\/\/cartechdiagnostic.com\/en\/wp-json\/wp\/v2\/product_tag?post=18342"}],"curies":[{"name":"wp","href":"https:\/\/api.w.org\/{rel}","templated":true}]}}