{"id":18347,"date":"2024-02-26T12:57:17","date_gmt":"2024-02-26T09:57:17","guid":{"rendered":"https:\/urun\/paint-coating-thickness-gauge-wl-082-wellhise-gm200a-2\/"},"modified":"2024-02-26T12:57:17","modified_gmt":"2024-02-26T09:57:17","slug":"paint-coating-thickness-gauge-wl-082-wellhise-gm200a-2","status":"publish","type":"product","link":"https:\/\/cartechdiagnostic.com\/en\/urun\/paint-coating-thickness-gauge-wl-082-wellhise-gm200a-2\/","title":{"rendered":"Paint Coating Thickness Gauge &#8211; WL-082 WELLHISE GM200A"},"content":{"rendered":"","protected":false},"excerpt":{"rendered":"<p>WL-082 WELLHISE GM200A is an instrument for measuring paint and coating thickness quickly and precisely. It is often used in the automotive industry, metalworking industry and other similar industries. By measuring the thickness of paint or coating on surfaces, this instrument plays an important role in quality control and managing labor processes. The GM200A model is capable of accurately measuring the coating thickness on various substrates (metal, plastic, glass, etc.). This measurement can be used to determine the thickness of a material&#8217;s protective coating or to assess the machining condition of a surface. The device is easy to use and is usually portable, making it easy to use in field work or in different locations.<\/p>\n","protected":false},"featured_media":0,"comment_status":"open","ping_status":"closed","template":"","meta":{"_joinchat":[]},"product_brand":[],"product_cat":[1341],"product_tag":[],"class_list":{"0":"post-18347","1":"product","2":"type-product","3":"status-publish","5":"product_cat-default-category","7":"first","8":"instock","9":"sale","10":"shipping-taxable","11":"purchasable","12":"product-type-simple"},"yoast_head":"<!-- This site is optimized with the Yoast SEO plugin v22.8 - https:\/\/yoast.com\/wordpress\/plugins\/seo\/ -->\n<title>Paint Coating Thickness Gauge - WL-082 WELLHISE GM200A - Car-Tech Diagnostic<\/title>\n<meta name=\"robots\" content=\"index, follow, max-snippet:-1, max-image-preview:large, max-video-preview:-1\" \/>\n<link rel=\"canonical\" href=\"https:\/\/cartechdiagnostic.com\/en\/urun\/paint-coating-thickness-gauge-wl-082-wellhise-gm200a-2\/\" \/>\n<meta property=\"og:locale\" content=\"en_US\" \/>\n<meta property=\"og:type\" content=\"article\" \/>\n<meta property=\"og:title\" content=\"Paint Coating Thickness Gauge - WL-082 WELLHISE GM200A - Car-Tech Diagnostic\" \/>\n<meta property=\"og:description\" content=\"WL-082 WELLHISE GM200A is an instrument for measuring paint and coating thickness quickly and precisely. It is often used in the automotive industry, metalworking industry and other similar industries. By measuring the thickness of paint or coating on surfaces, this instrument plays an important role in quality control and managing labor processes. The GM200A model is capable of accurately measuring the coating thickness on various substrates (metal, plastic, glass, etc.). This measurement can be used to determine the thickness of a material&#039;s protective coating or to assess the machining condition of a surface. The device is easy to use and is usually portable, making it easy to use in field work or in different locations.\" \/>\n<meta property=\"og:url\" content=\"https:\/\/cartechdiagnostic.com\/en\/urun\/paint-coating-thickness-gauge-wl-082-wellhise-gm200a-2\/\" \/>\n<meta property=\"og:site_name\" content=\"Car-Tech Diagnostic\" \/>\n<meta name=\"twitter:card\" content=\"summary_large_image\" \/>\n<script type=\"application\/ld+json\" class=\"yoast-schema-graph\">{\"@context\":\"https:\/\/schema.org\",\"@graph\":[{\"@type\":\"WebPage\",\"@id\":\"https:\/\/cartechdiagnostic.com\/en\/urun\/paint-coating-thickness-gauge-wl-082-wellhise-gm200a-2\/\",\"url\":\"https:\/\/cartechdiagnostic.com\/en\/urun\/paint-coating-thickness-gauge-wl-082-wellhise-gm200a-2\/\",\"name\":\"Paint Coating Thickness Gauge - WL-082 WELLHISE GM200A - Car-Tech Diagnostic\",\"isPartOf\":{\"@id\":\"https:\/\/www.cartechdiagnostic.com\/en\/#website\"},\"datePublished\":\"2024-02-26T09:57:17+00:00\",\"dateModified\":\"2024-02-26T09:57:17+00:00\",\"breadcrumb\":{\"@id\":\"https:\/\/cartechdiagnostic.com\/en\/urun\/paint-coating-thickness-gauge-wl-082-wellhise-gm200a-2\/#breadcrumb\"},\"inLanguage\":\"en-US\",\"potentialAction\":[{\"@type\":\"ReadAction\",\"target\":[\"https:\/\/cartechdiagnostic.com\/en\/urun\/paint-coating-thickness-gauge-wl-082-wellhise-gm200a-2\/\"]}]},{\"@type\":\"BreadcrumbList\",\"@id\":\"https:\/\/cartechdiagnostic.com\/en\/urun\/paint-coating-thickness-gauge-wl-082-wellhise-gm200a-2\/#breadcrumb\",\"itemListElement\":[{\"@type\":\"ListItem\",\"position\":1,\"name\":\"Anasayfa\",\"item\":\"https:\/\/www.cartechdiagnostic.com\/en\/\"},{\"@type\":\"ListItem\",\"position\":2,\"name\":\"Ma\u011faza\",\"item\":\"https:\/\/www.cartechdiagnostic.com\/magaza\/\"},{\"@type\":\"ListItem\",\"position\":3,\"name\":\"Paint Coating Thickness Gauge &#8211; WL-082 WELLHISE GM200A\"}]},{\"@type\":\"WebSite\",\"@id\":\"https:\/\/www.cartechdiagnostic.com\/en\/#website\",\"url\":\"https:\/\/www.cartechdiagnostic.com\/en\/\",\"name\":\"Car-Tech Diagnostic\",\"description\":\"Ar\u0131za Tespit Cihazlar\u0131 - ECU Programlama Cihazlar\u0131\",\"publisher\":{\"@id\":\"https:\/\/www.cartechdiagnostic.com\/en\/#organization\"},\"alternateName\":\"Car-Tech Diag\",\"potentialAction\":[{\"@type\":\"SearchAction\",\"target\":{\"@type\":\"EntryPoint\",\"urlTemplate\":\"https:\/\/www.cartechdiagnostic.com\/en\/?s={search_term_string}\"},\"query-input\":\"required name=search_term_string\"}],\"inLanguage\":\"en-US\"},{\"@type\":\"Organization\",\"@id\":\"https:\/\/www.cartechdiagnostic.com\/en\/#organization\",\"name\":\"Car-Tech Diagnostic Yaz\u0131l\u0131m Ltd. \u015eti.\",\"url\":\"https:\/\/www.cartechdiagnostic.com\/en\/\",\"logo\":{\"@type\":\"ImageObject\",\"inLanguage\":\"en-US\",\"@id\":\"https:\/\/www.cartechdiagnostic.com\/en\/#\/schema\/logo\/image\/\",\"url\":\"https:\/\/cartechdiagnostic.com\/wp-content\/uploads\/2023\/08\/logocartech.png\",\"contentUrl\":\"https:\/\/cartechdiagnostic.com\/wp-content\/uploads\/2023\/08\/logocartech.png\",\"width\":714,\"height\":340,\"caption\":\"Car-Tech Diagnostic Yaz\u0131l\u0131m Ltd. \u015eti.\"},\"image\":{\"@id\":\"https:\/\/www.cartechdiagnostic.com\/en\/#\/schema\/logo\/image\/\"},\"sameAs\":[\"https:\/\/www.instagram.com\/cartechdiagnostic\"]}]}<\/script>\n<!-- \/ Yoast SEO plugin. -->","yoast_head_json":{"title":"Paint Coating Thickness Gauge - WL-082 WELLHISE GM200A - Car-Tech Diagnostic","robots":{"index":"index","follow":"follow","max-snippet":"max-snippet:-1","max-image-preview":"max-image-preview:large","max-video-preview":"max-video-preview:-1"},"canonical":"https:\/\/cartechdiagnostic.com\/en\/urun\/paint-coating-thickness-gauge-wl-082-wellhise-gm200a-2\/","og_locale":"en_US","og_type":"article","og_title":"Paint Coating Thickness Gauge - WL-082 WELLHISE GM200A - Car-Tech Diagnostic","og_description":"WL-082 WELLHISE GM200A is an instrument for measuring paint and coating thickness quickly and precisely. It is often used in the automotive industry, metalworking industry and other similar industries. By measuring the thickness of paint or coating on surfaces, this instrument plays an important role in quality control and managing labor processes. The GM200A model is capable of accurately measuring the coating thickness on various substrates (metal, plastic, glass, etc.). This measurement can be used to determine the thickness of a material's protective coating or to assess the machining condition of a surface. The device is easy to use and is usually portable, making it easy to use in field work or in different locations.","og_url":"https:\/\/cartechdiagnostic.com\/en\/urun\/paint-coating-thickness-gauge-wl-082-wellhise-gm200a-2\/","og_site_name":"Car-Tech Diagnostic","twitter_card":"summary_large_image","schema":{"@context":"https:\/\/schema.org","@graph":[{"@type":"WebPage","@id":"https:\/\/cartechdiagnostic.com\/en\/urun\/paint-coating-thickness-gauge-wl-082-wellhise-gm200a-2\/","url":"https:\/\/cartechdiagnostic.com\/en\/urun\/paint-coating-thickness-gauge-wl-082-wellhise-gm200a-2\/","name":"Paint Coating Thickness Gauge - WL-082 WELLHISE GM200A - Car-Tech Diagnostic","isPartOf":{"@id":"https:\/\/www.cartechdiagnostic.com\/en\/#website"},"datePublished":"2024-02-26T09:57:17+00:00","dateModified":"2024-02-26T09:57:17+00:00","breadcrumb":{"@id":"https:\/\/cartechdiagnostic.com\/en\/urun\/paint-coating-thickness-gauge-wl-082-wellhise-gm200a-2\/#breadcrumb"},"inLanguage":"en-US","potentialAction":[{"@type":"ReadAction","target":["https:\/\/cartechdiagnostic.com\/en\/urun\/paint-coating-thickness-gauge-wl-082-wellhise-gm200a-2\/"]}]},{"@type":"BreadcrumbList","@id":"https:\/\/cartechdiagnostic.com\/en\/urun\/paint-coating-thickness-gauge-wl-082-wellhise-gm200a-2\/#breadcrumb","itemListElement":[{"@type":"ListItem","position":1,"name":"Anasayfa","item":"https:\/\/www.cartechdiagnostic.com\/en\/"},{"@type":"ListItem","position":2,"name":"Ma\u011faza","item":"https:\/\/www.cartechdiagnostic.com\/magaza\/"},{"@type":"ListItem","position":3,"name":"Paint Coating Thickness Gauge &#8211; WL-082 WELLHISE GM200A"}]},{"@type":"WebSite","@id":"https:\/\/www.cartechdiagnostic.com\/en\/#website","url":"https:\/\/www.cartechdiagnostic.com\/en\/","name":"Car-Tech Diagnostic","description":"Ar\u0131za Tespit Cihazlar\u0131 - ECU Programlama Cihazlar\u0131","publisher":{"@id":"https:\/\/www.cartechdiagnostic.com\/en\/#organization"},"alternateName":"Car-Tech Diag","potentialAction":[{"@type":"SearchAction","target":{"@type":"EntryPoint","urlTemplate":"https:\/\/www.cartechdiagnostic.com\/en\/?s={search_term_string}"},"query-input":"required name=search_term_string"}],"inLanguage":"en-US"},{"@type":"Organization","@id":"https:\/\/www.cartechdiagnostic.com\/en\/#organization","name":"Car-Tech Diagnostic Yaz\u0131l\u0131m Ltd. \u015eti.","url":"https:\/\/www.cartechdiagnostic.com\/en\/","logo":{"@type":"ImageObject","inLanguage":"en-US","@id":"https:\/\/www.cartechdiagnostic.com\/en\/#\/schema\/logo\/image\/","url":"https:\/\/cartechdiagnostic.com\/wp-content\/uploads\/2023\/08\/logocartech.png","contentUrl":"https:\/\/cartechdiagnostic.com\/wp-content\/uploads\/2023\/08\/logocartech.png","width":714,"height":340,"caption":"Car-Tech Diagnostic Yaz\u0131l\u0131m Ltd. \u015eti."},"image":{"@id":"https:\/\/www.cartechdiagnostic.com\/en\/#\/schema\/logo\/image\/"},"sameAs":["https:\/\/www.instagram.com\/cartechdiagnostic"]}]}},"_links":{"self":[{"href":"https:\/\/cartechdiagnostic.com\/en\/wp-json\/wp\/v2\/product\/18347","targetHints":{"allow":["GET"]}}],"collection":[{"href":"https:\/\/cartechdiagnostic.com\/en\/wp-json\/wp\/v2\/product"}],"about":[{"href":"https:\/\/cartechdiagnostic.com\/en\/wp-json\/wp\/v2\/types\/product"}],"replies":[{"embeddable":true,"href":"https:\/\/cartechdiagnostic.com\/en\/wp-json\/wp\/v2\/comments?post=18347"}],"version-history":[{"count":0,"href":"https:\/\/cartechdiagnostic.com\/en\/wp-json\/wp\/v2\/product\/18347\/revisions"}],"wp:attachment":[{"href":"https:\/\/cartechdiagnostic.com\/en\/wp-json\/wp\/v2\/media?parent=18347"}],"wp:term":[{"taxonomy":"product_brand","embeddable":true,"href":"https:\/\/cartechdiagnostic.com\/en\/wp-json\/wp\/v2\/product_brand?post=18347"},{"taxonomy":"product_cat","embeddable":true,"href":"https:\/\/cartechdiagnostic.com\/en\/wp-json\/wp\/v2\/product_cat?post=18347"},{"taxonomy":"product_tag","embeddable":true,"href":"https:\/\/cartechdiagnostic.com\/en\/wp-json\/wp\/v2\/product_tag?post=18347"}],"curies":[{"name":"wp","href":"https:\/\/api.w.org\/{rel}","templated":true}]}}