{"id":18353,"date":"2024-02-26T13:01:14","date_gmt":"2024-02-26T10:01:14","guid":{"rendered":"https:\/urun\/digital-cooling-manifold-wl-125-duoyi-dy517-3\/"},"modified":"2025-05-29T15:47:09","modified_gmt":"2025-05-29T12:47:09","slug":"digital-cooling-manifold-wl-125-duoyi-dy517-3","status":"publish","type":"product","link":"https:\/\/cartechdiagnostic.com\/en\/urun\/digital-cooling-manifold-wl-125-duoyi-dy517-3\/","title":{"rendered":"Digital Cooling Manifold &#8211; WL-125 DUOYI DY517"},"content":{"rendered":"","protected":false},"excerpt":{"rendered":"<p>WL-125 DUOYI DY517 DIGITAL COOLING MANIFOLD is a device used in automotive and air conditioning systems. This manifold is designed to measure pressures, temperatures and other important parameters of air conditioning systems. The DY517 is digital, which makes measurements more precise and easier to read. It can also be used for various refrigerants and is often preferred for professional use in automotive maintenance, air conditioning systems service and industrial refrigeration systems. It is an essential tool for evaluating the performance of air conditioning systems, monitoring pressure and temperature values, performing gas filling operations and performing air conditioning maintenance in general. It is also easy to use and can efficiently assist technicians in a variety of applications.<\/p>\n","protected":false},"featured_media":16739,"comment_status":"open","ping_status":"closed","template":"","meta":{"_joinchat":[]},"product_brand":[],"product_cat":[1341],"product_tag":[],"class_list":{"0":"post-18353","1":"product","2":"type-product","3":"status-publish","4":"has-post-thumbnail","6":"product_cat-default-category","8":"first","9":"instock","10":"sale","11":"shipping-taxable","12":"purchasable","13":"product-type-simple"},"yoast_head":"<!-- This site is optimized with the Yoast SEO plugin v22.8 - https:\/\/yoast.com\/wordpress\/plugins\/seo\/ -->\n<title>Digital Cooling Manifold - WL-125 DUOYI DY517 - Car-Tech Diagnostic<\/title>\n<meta name=\"robots\" content=\"index, follow, max-snippet:-1, max-image-preview:large, max-video-preview:-1\" \/>\n<link rel=\"canonical\" href=\"https:\/\/cartechdiagnostic.com\/en\/urun\/digital-cooling-manifold-wl-125-duoyi-dy517-3\/\" \/>\n<meta property=\"og:locale\" content=\"en_US\" \/>\n<meta property=\"og:type\" content=\"article\" \/>\n<meta property=\"og:title\" content=\"Digital Cooling Manifold - WL-125 DUOYI DY517 - Car-Tech Diagnostic\" \/>\n<meta property=\"og:description\" content=\"WL-125 DUOYI DY517 DIGITAL COOLING MANIFOLD is a device used in automotive and air conditioning systems. This manifold is designed to measure pressures, temperatures and other important parameters of air conditioning systems. The DY517 is digital, which makes measurements more precise and easier to read. It can also be used for various refrigerants and is often preferred for professional use in automotive maintenance, air conditioning systems service and industrial refrigeration systems. It is an essential tool for evaluating the performance of air conditioning systems, monitoring pressure and temperature values, performing gas filling operations and performing air conditioning maintenance in general. It is also easy to use and can efficiently assist technicians in a variety of applications.\" \/>\n<meta property=\"og:url\" content=\"https:\/\/cartechdiagnostic.com\/en\/urun\/digital-cooling-manifold-wl-125-duoyi-dy517-3\/\" \/>\n<meta property=\"og:site_name\" content=\"Car-Tech Diagnostic\" \/>\n<meta property=\"article:modified_time\" content=\"2025-05-29T12:47:09+00:00\" \/>\n<meta property=\"og:image\" content=\"https:\/\/www.cartechdiagnostic.com\/wp-content\/uploads\/2024\/02\/WL-125-DUOYI-DY517-DIJITAL-SOGUTMA-MANIFOLDU-1.png\" \/>\n\t<meta property=\"og:image:width\" content=\"1080\" \/>\n\t<meta property=\"og:image:height\" content=\"1080\" \/>\n\t<meta property=\"og:image:type\" content=\"image\/png\" \/>\n<meta name=\"twitter:card\" content=\"summary_large_image\" \/>\n<script type=\"application\/ld+json\" class=\"yoast-schema-graph\">{\"@context\":\"https:\/\/schema.org\",\"@graph\":[{\"@type\":\"WebPage\",\"@id\":\"https:\/\/cartechdiagnostic.com\/en\/urun\/digital-cooling-manifold-wl-125-duoyi-dy517-3\/\",\"url\":\"https:\/\/cartechdiagnostic.com\/en\/urun\/digital-cooling-manifold-wl-125-duoyi-dy517-3\/\",\"name\":\"Digital Cooling Manifold - WL-125 DUOYI DY517 - Car-Tech Diagnostic\",\"isPartOf\":{\"@id\":\"https:\/\/www.cartechdiagnostic.com\/en\/#website\"},\"primaryImageOfPage\":{\"@id\":\"https:\/\/cartechdiagnostic.com\/en\/urun\/digital-cooling-manifold-wl-125-duoyi-dy517-3\/#primaryimage\"},\"image\":{\"@id\":\"https:\/\/cartechdiagnostic.com\/en\/urun\/digital-cooling-manifold-wl-125-duoyi-dy517-3\/#primaryimage\"},\"thumbnailUrl\":\"https:\/\/cartechdiagnostic.com\/wp-content\/uploads\/2024\/02\/WL-125-DUOYI-DY517-DIJITAL-SOGUTMA-MANIFOLDU-1.png\",\"datePublished\":\"2024-02-26T10:01:14+00:00\",\"dateModified\":\"2025-05-29T12:47:09+00:00\",\"breadcrumb\":{\"@id\":\"https:\/\/cartechdiagnostic.com\/en\/urun\/digital-cooling-manifold-wl-125-duoyi-dy517-3\/#breadcrumb\"},\"inLanguage\":\"en-US\",\"potentialAction\":[{\"@type\":\"ReadAction\",\"target\":[\"https:\/\/cartechdiagnostic.com\/en\/urun\/digital-cooling-manifold-wl-125-duoyi-dy517-3\/\"]}]},{\"@type\":\"ImageObject\",\"inLanguage\":\"en-US\",\"@id\":\"https:\/\/cartechdiagnostic.com\/en\/urun\/digital-cooling-manifold-wl-125-duoyi-dy517-3\/#primaryimage\",\"url\":\"https:\/\/cartechdiagnostic.com\/wp-content\/uploads\/2024\/02\/WL-125-DUOYI-DY517-DIJITAL-SOGUTMA-MANIFOLDU-1.png\",\"contentUrl\":\"https:\/\/cartechdiagnostic.com\/wp-content\/uploads\/2024\/02\/WL-125-DUOYI-DY517-DIJITAL-SOGUTMA-MANIFOLDU-1.png\",\"width\":1080,\"height\":1080},{\"@type\":\"BreadcrumbList\",\"@id\":\"https:\/\/cartechdiagnostic.com\/en\/urun\/digital-cooling-manifold-wl-125-duoyi-dy517-3\/#breadcrumb\",\"itemListElement\":[{\"@type\":\"ListItem\",\"position\":1,\"name\":\"Anasayfa\",\"item\":\"https:\/\/www.cartechdiagnostic.com\/en\/\"},{\"@type\":\"ListItem\",\"position\":2,\"name\":\"Ma\u011faza\",\"item\":\"https:\/\/www.cartechdiagnostic.com\/magaza\/\"},{\"@type\":\"ListItem\",\"position\":3,\"name\":\"Digital Cooling Manifold &#8211; WL-125 DUOYI DY517\"}]},{\"@type\":\"WebSite\",\"@id\":\"https:\/\/www.cartechdiagnostic.com\/en\/#website\",\"url\":\"https:\/\/www.cartechdiagnostic.com\/en\/\",\"name\":\"Car-Tech Diagnostic\",\"description\":\"Ar\u0131za Tespit Cihazlar\u0131 - ECU Programlama Cihazlar\u0131\",\"publisher\":{\"@id\":\"https:\/\/www.cartechdiagnostic.com\/en\/#organization\"},\"alternateName\":\"Car-Tech Diag\",\"potentialAction\":[{\"@type\":\"SearchAction\",\"target\":{\"@type\":\"EntryPoint\",\"urlTemplate\":\"https:\/\/www.cartechdiagnostic.com\/en\/?s={search_term_string}\"},\"query-input\":\"required name=search_term_string\"}],\"inLanguage\":\"en-US\"},{\"@type\":\"Organization\",\"@id\":\"https:\/\/www.cartechdiagnostic.com\/en\/#organization\",\"name\":\"Car-Tech Diagnostic Yaz\u0131l\u0131m Ltd. \u015eti.\",\"url\":\"https:\/\/www.cartechdiagnostic.com\/en\/\",\"logo\":{\"@type\":\"ImageObject\",\"inLanguage\":\"en-US\",\"@id\":\"https:\/\/www.cartechdiagnostic.com\/en\/#\/schema\/logo\/image\/\",\"url\":\"https:\/\/cartechdiagnostic.com\/wp-content\/uploads\/2023\/08\/logocartech.png\",\"contentUrl\":\"https:\/\/cartechdiagnostic.com\/wp-content\/uploads\/2023\/08\/logocartech.png\",\"width\":714,\"height\":340,\"caption\":\"Car-Tech Diagnostic Yaz\u0131l\u0131m Ltd. \u015eti.\"},\"image\":{\"@id\":\"https:\/\/www.cartechdiagnostic.com\/en\/#\/schema\/logo\/image\/\"},\"sameAs\":[\"https:\/\/www.instagram.com\/cartechdiagnostic\"]}]}<\/script>\n<!-- \/ Yoast SEO plugin. -->","yoast_head_json":{"title":"Digital Cooling Manifold - WL-125 DUOYI DY517 - Car-Tech Diagnostic","robots":{"index":"index","follow":"follow","max-snippet":"max-snippet:-1","max-image-preview":"max-image-preview:large","max-video-preview":"max-video-preview:-1"},"canonical":"https:\/\/cartechdiagnostic.com\/en\/urun\/digital-cooling-manifold-wl-125-duoyi-dy517-3\/","og_locale":"en_US","og_type":"article","og_title":"Digital Cooling Manifold - WL-125 DUOYI DY517 - Car-Tech Diagnostic","og_description":"WL-125 DUOYI DY517 DIGITAL COOLING MANIFOLD is a device used in automotive and air conditioning systems. This manifold is designed to measure pressures, temperatures and other important parameters of air conditioning systems. The DY517 is digital, which makes measurements more precise and easier to read. It can also be used for various refrigerants and is often preferred for professional use in automotive maintenance, air conditioning systems service and industrial refrigeration systems. It is an essential tool for evaluating the performance of air conditioning systems, monitoring pressure and temperature values, performing gas filling operations and performing air conditioning maintenance in general. It is also easy to use and can efficiently assist technicians in a variety of applications.","og_url":"https:\/\/cartechdiagnostic.com\/en\/urun\/digital-cooling-manifold-wl-125-duoyi-dy517-3\/","og_site_name":"Car-Tech Diagnostic","article_modified_time":"2025-05-29T12:47:09+00:00","og_image":[{"width":1080,"height":1080,"url":"https:\/\/www.cartechdiagnostic.com\/wp-content\/uploads\/2024\/02\/WL-125-DUOYI-DY517-DIJITAL-SOGUTMA-MANIFOLDU-1.png","type":"image\/png"}],"twitter_card":"summary_large_image","schema":{"@context":"https:\/\/schema.org","@graph":[{"@type":"WebPage","@id":"https:\/\/cartechdiagnostic.com\/en\/urun\/digital-cooling-manifold-wl-125-duoyi-dy517-3\/","url":"https:\/\/cartechdiagnostic.com\/en\/urun\/digital-cooling-manifold-wl-125-duoyi-dy517-3\/","name":"Digital Cooling Manifold - WL-125 DUOYI DY517 - Car-Tech Diagnostic","isPartOf":{"@id":"https:\/\/www.cartechdiagnostic.com\/en\/#website"},"primaryImageOfPage":{"@id":"https:\/\/cartechdiagnostic.com\/en\/urun\/digital-cooling-manifold-wl-125-duoyi-dy517-3\/#primaryimage"},"image":{"@id":"https:\/\/cartechdiagnostic.com\/en\/urun\/digital-cooling-manifold-wl-125-duoyi-dy517-3\/#primaryimage"},"thumbnailUrl":"https:\/\/cartechdiagnostic.com\/wp-content\/uploads\/2024\/02\/WL-125-DUOYI-DY517-DIJITAL-SOGUTMA-MANIFOLDU-1.png","datePublished":"2024-02-26T10:01:14+00:00","dateModified":"2025-05-29T12:47:09+00:00","breadcrumb":{"@id":"https:\/\/cartechdiagnostic.com\/en\/urun\/digital-cooling-manifold-wl-125-duoyi-dy517-3\/#breadcrumb"},"inLanguage":"en-US","potentialAction":[{"@type":"ReadAction","target":["https:\/\/cartechdiagnostic.com\/en\/urun\/digital-cooling-manifold-wl-125-duoyi-dy517-3\/"]}]},{"@type":"ImageObject","inLanguage":"en-US","@id":"https:\/\/cartechdiagnostic.com\/en\/urun\/digital-cooling-manifold-wl-125-duoyi-dy517-3\/#primaryimage","url":"https:\/\/cartechdiagnostic.com\/wp-content\/uploads\/2024\/02\/WL-125-DUOYI-DY517-DIJITAL-SOGUTMA-MANIFOLDU-1.png","contentUrl":"https:\/\/cartechdiagnostic.com\/wp-content\/uploads\/2024\/02\/WL-125-DUOYI-DY517-DIJITAL-SOGUTMA-MANIFOLDU-1.png","width":1080,"height":1080},{"@type":"BreadcrumbList","@id":"https:\/\/cartechdiagnostic.com\/en\/urun\/digital-cooling-manifold-wl-125-duoyi-dy517-3\/#breadcrumb","itemListElement":[{"@type":"ListItem","position":1,"name":"Anasayfa","item":"https:\/\/www.cartechdiagnostic.com\/en\/"},{"@type":"ListItem","position":2,"name":"Ma\u011faza","item":"https:\/\/www.cartechdiagnostic.com\/magaza\/"},{"@type":"ListItem","position":3,"name":"Digital Cooling Manifold &#8211; WL-125 DUOYI DY517"}]},{"@type":"WebSite","@id":"https:\/\/www.cartechdiagnostic.com\/en\/#website","url":"https:\/\/www.cartechdiagnostic.com\/en\/","name":"Car-Tech Diagnostic","description":"Ar\u0131za Tespit Cihazlar\u0131 - ECU Programlama Cihazlar\u0131","publisher":{"@id":"https:\/\/www.cartechdiagnostic.com\/en\/#organization"},"alternateName":"Car-Tech Diag","potentialAction":[{"@type":"SearchAction","target":{"@type":"EntryPoint","urlTemplate":"https:\/\/www.cartechdiagnostic.com\/en\/?s={search_term_string}"},"query-input":"required name=search_term_string"}],"inLanguage":"en-US"},{"@type":"Organization","@id":"https:\/\/www.cartechdiagnostic.com\/en\/#organization","name":"Car-Tech Diagnostic Yaz\u0131l\u0131m Ltd. \u015eti.","url":"https:\/\/www.cartechdiagnostic.com\/en\/","logo":{"@type":"ImageObject","inLanguage":"en-US","@id":"https:\/\/www.cartechdiagnostic.com\/en\/#\/schema\/logo\/image\/","url":"https:\/\/cartechdiagnostic.com\/wp-content\/uploads\/2023\/08\/logocartech.png","contentUrl":"https:\/\/cartechdiagnostic.com\/wp-content\/uploads\/2023\/08\/logocartech.png","width":714,"height":340,"caption":"Car-Tech Diagnostic Yaz\u0131l\u0131m Ltd. \u015eti."},"image":{"@id":"https:\/\/www.cartechdiagnostic.com\/en\/#\/schema\/logo\/image\/"},"sameAs":["https:\/\/www.instagram.com\/cartechdiagnostic"]}]}},"_links":{"self":[{"href":"https:\/\/cartechdiagnostic.com\/en\/wp-json\/wp\/v2\/product\/18353","targetHints":{"allow":["GET"]}}],"collection":[{"href":"https:\/\/cartechdiagnostic.com\/en\/wp-json\/wp\/v2\/product"}],"about":[{"href":"https:\/\/cartechdiagnostic.com\/en\/wp-json\/wp\/v2\/types\/product"}],"replies":[{"embeddable":true,"href":"https:\/\/cartechdiagnostic.com\/en\/wp-json\/wp\/v2\/comments?post=18353"}],"version-history":[{"count":0,"href":"https:\/\/cartechdiagnostic.com\/en\/wp-json\/wp\/v2\/product\/18353\/revisions"}],"wp:featuredmedia":[{"embeddable":true,"href":"https:\/\/cartechdiagnostic.com\/en\/wp-json\/wp\/v2\/media\/16739"}],"wp:attachment":[{"href":"https:\/\/cartechdiagnostic.com\/en\/wp-json\/wp\/v2\/media?parent=18353"}],"wp:term":[{"taxonomy":"product_brand","embeddable":true,"href":"https:\/\/cartechdiagnostic.com\/en\/wp-json\/wp\/v2\/product_brand?post=18353"},{"taxonomy":"product_cat","embeddable":true,"href":"https:\/\/cartechdiagnostic.com\/en\/wp-json\/wp\/v2\/product_cat?post=18353"},{"taxonomy":"product_tag","embeddable":true,"href":"https:\/\/cartechdiagnostic.com\/en\/wp-json\/wp\/v2\/product_tag?post=18353"}],"curies":[{"name":"wp","href":"https:\/\/api.w.org\/{rel}","templated":true}]}}