{"id":18355,"date":"2024-02-26T13:02:18","date_gmt":"2024-02-26T10:02:18","guid":{"rendered":"https:\/urun\/cooling-digital-manifold-pressure-gauge-set-wl-126-duoyi-dy517a\/"},"modified":"2024-02-26T13:02:18","modified_gmt":"2024-02-26T10:02:18","slug":"cooling-digital-manifold-pressure-gauge-set-wl-126-duoyi-dy517a","status":"publish","type":"product","link":"https:\/\/cartechdiagnostic.com\/en\/urun\/cooling-digital-manifold-pressure-gauge-set-wl-126-duoyi-dy517a\/","title":{"rendered":"Refrigeration Digital Manifold Pressure Gauge Set &#8211; WL-126 DUOYI DY517A"},"content":{"rendered":"","protected":false},"excerpt":{"rendered":"<p>WL-126 DUOYI DY517A Cooling Digital Manifold Pressure Gauge Set is a device used in automotive and air conditioning systems. This manifold set is designed to measure, monitor and analyze pressures, temperatures and other important parameters of air conditioning systems. The DY517A is digital, which makes measurements more precise and easier to read. It can also be used for various refrigerants and is often preferred for professional use in automotive maintenance, air conditioning systems service and industrial refrigeration systems.<\/p>\n","protected":false},"featured_media":16740,"comment_status":"open","ping_status":"closed","template":"","meta":{"_joinchat":[]},"product_brand":[],"product_cat":[1341],"product_tag":[],"class_list":{"0":"post-18355","1":"product","2":"type-product","3":"status-publish","4":"has-post-thumbnail","6":"product_cat-default-category","8":"first","9":"instock","10":"sale","11":"shipping-taxable","12":"purchasable","13":"product-type-simple"},"yoast_head":"<!-- This site is optimized with the Yoast SEO plugin v22.8 - https:\/\/yoast.com\/wordpress\/plugins\/seo\/ -->\n<title>Refrigeration Digital Manifold Pressure Gauge Set - WL-126 DUOYI DY517A - Car-Tech Diagnostic<\/title>\n<meta name=\"robots\" content=\"index, follow, max-snippet:-1, max-image-preview:large, max-video-preview:-1\" \/>\n<link rel=\"canonical\" href=\"https:\/\/cartechdiagnostic.com\/en\/urun\/cooling-digital-manifold-pressure-gauge-set-wl-126-duoyi-dy517a\/\" \/>\n<meta property=\"og:locale\" content=\"en_US\" \/>\n<meta property=\"og:type\" content=\"article\" \/>\n<meta property=\"og:title\" content=\"Refrigeration Digital Manifold Pressure Gauge Set - WL-126 DUOYI DY517A - Car-Tech Diagnostic\" \/>\n<meta property=\"og:description\" content=\"WL-126 DUOYI DY517A Cooling Digital Manifold Pressure Gauge Set is a device used in automotive and air conditioning systems. This manifold set is designed to measure, monitor and analyze pressures, temperatures and other important parameters of air conditioning systems. The DY517A is digital, which makes measurements more precise and easier to read. It can also be used for various refrigerants and is often preferred for professional use in automotive maintenance, air conditioning systems service and industrial refrigeration systems.\" \/>\n<meta property=\"og:url\" content=\"https:\/\/cartechdiagnostic.com\/en\/urun\/cooling-digital-manifold-pressure-gauge-set-wl-126-duoyi-dy517a\/\" \/>\n<meta property=\"og:site_name\" content=\"Car-Tech Diagnostic\" \/>\n<meta property=\"og:image\" content=\"https:\/\/www.cartechdiagnostic.com\/wp-content\/uploads\/2024\/02\/WL-126-DUOYI-DY517A-SOGUTMA-DIJITAL-MANIFOLDU-BASINC-GOSTERGESI-SET-1.png\" \/>\n\t<meta property=\"og:image:width\" content=\"1080\" \/>\n\t<meta property=\"og:image:height\" content=\"1080\" \/>\n\t<meta property=\"og:image:type\" content=\"image\/png\" \/>\n<meta name=\"twitter:card\" content=\"summary_large_image\" \/>\n<script type=\"application\/ld+json\" class=\"yoast-schema-graph\">{\"@context\":\"https:\/\/schema.org\",\"@graph\":[{\"@type\":\"WebPage\",\"@id\":\"https:\/\/cartechdiagnostic.com\/en\/urun\/cooling-digital-manifold-pressure-gauge-set-wl-126-duoyi-dy517a\/\",\"url\":\"https:\/\/cartechdiagnostic.com\/en\/urun\/cooling-digital-manifold-pressure-gauge-set-wl-126-duoyi-dy517a\/\",\"name\":\"Refrigeration Digital Manifold Pressure Gauge Set - WL-126 DUOYI DY517A - Car-Tech Diagnostic\",\"isPartOf\":{\"@id\":\"https:\/\/www.cartechdiagnostic.com\/en\/#website\"},\"primaryImageOfPage\":{\"@id\":\"https:\/\/cartechdiagnostic.com\/en\/urun\/cooling-digital-manifold-pressure-gauge-set-wl-126-duoyi-dy517a\/#primaryimage\"},\"image\":{\"@id\":\"https:\/\/cartechdiagnostic.com\/en\/urun\/cooling-digital-manifold-pressure-gauge-set-wl-126-duoyi-dy517a\/#primaryimage\"},\"thumbnailUrl\":\"https:\/\/cartechdiagnostic.com\/wp-content\/uploads\/2024\/02\/WL-126-DUOYI-DY517A-SOGUTMA-DIJITAL-MANIFOLDU-BASINC-GOSTERGESI-SET-1.png\",\"datePublished\":\"2024-02-26T10:02:18+00:00\",\"dateModified\":\"2024-02-26T10:02:18+00:00\",\"breadcrumb\":{\"@id\":\"https:\/\/cartechdiagnostic.com\/en\/urun\/cooling-digital-manifold-pressure-gauge-set-wl-126-duoyi-dy517a\/#breadcrumb\"},\"inLanguage\":\"en-US\",\"potentialAction\":[{\"@type\":\"ReadAction\",\"target\":[\"https:\/\/cartechdiagnostic.com\/en\/urun\/cooling-digital-manifold-pressure-gauge-set-wl-126-duoyi-dy517a\/\"]}]},{\"@type\":\"ImageObject\",\"inLanguage\":\"en-US\",\"@id\":\"https:\/\/cartechdiagnostic.com\/en\/urun\/cooling-digital-manifold-pressure-gauge-set-wl-126-duoyi-dy517a\/#primaryimage\",\"url\":\"https:\/\/cartechdiagnostic.com\/wp-content\/uploads\/2024\/02\/WL-126-DUOYI-DY517A-SOGUTMA-DIJITAL-MANIFOLDU-BASINC-GOSTERGESI-SET-1.png\",\"contentUrl\":\"https:\/\/cartechdiagnostic.com\/wp-content\/uploads\/2024\/02\/WL-126-DUOYI-DY517A-SOGUTMA-DIJITAL-MANIFOLDU-BASINC-GOSTERGESI-SET-1.png\",\"width\":1080,\"height\":1080},{\"@type\":\"BreadcrumbList\",\"@id\":\"https:\/\/cartechdiagnostic.com\/en\/urun\/cooling-digital-manifold-pressure-gauge-set-wl-126-duoyi-dy517a\/#breadcrumb\",\"itemListElement\":[{\"@type\":\"ListItem\",\"position\":1,\"name\":\"Anasayfa\",\"item\":\"https:\/\/www.cartechdiagnostic.com\/en\/\"},{\"@type\":\"ListItem\",\"position\":2,\"name\":\"Ma\u011faza\",\"item\":\"https:\/\/www.cartechdiagnostic.com\/magaza\/\"},{\"@type\":\"ListItem\",\"position\":3,\"name\":\"Refrigeration Digital Manifold Pressure Gauge Set &#8211; WL-126 DUOYI DY517A\"}]},{\"@type\":\"WebSite\",\"@id\":\"https:\/\/www.cartechdiagnostic.com\/en\/#website\",\"url\":\"https:\/\/www.cartechdiagnostic.com\/en\/\",\"name\":\"Car-Tech Diagnostic\",\"description\":\"Ar\u0131za Tespit Cihazlar\u0131 - ECU Programlama Cihazlar\u0131\",\"publisher\":{\"@id\":\"https:\/\/www.cartechdiagnostic.com\/en\/#organization\"},\"alternateName\":\"Car-Tech Diag\",\"potentialAction\":[{\"@type\":\"SearchAction\",\"target\":{\"@type\":\"EntryPoint\",\"urlTemplate\":\"https:\/\/www.cartechdiagnostic.com\/en\/?s={search_term_string}\"},\"query-input\":\"required name=search_term_string\"}],\"inLanguage\":\"en-US\"},{\"@type\":\"Organization\",\"@id\":\"https:\/\/www.cartechdiagnostic.com\/en\/#organization\",\"name\":\"Car-Tech Diagnostic Yaz\u0131l\u0131m Ltd. \u015eti.\",\"url\":\"https:\/\/www.cartechdiagnostic.com\/en\/\",\"logo\":{\"@type\":\"ImageObject\",\"inLanguage\":\"en-US\",\"@id\":\"https:\/\/www.cartechdiagnostic.com\/en\/#\/schema\/logo\/image\/\",\"url\":\"https:\/\/cartechdiagnostic.com\/wp-content\/uploads\/2023\/08\/logocartech.png\",\"contentUrl\":\"https:\/\/cartechdiagnostic.com\/wp-content\/uploads\/2023\/08\/logocartech.png\",\"width\":714,\"height\":340,\"caption\":\"Car-Tech Diagnostic Yaz\u0131l\u0131m Ltd. \u015eti.\"},\"image\":{\"@id\":\"https:\/\/www.cartechdiagnostic.com\/en\/#\/schema\/logo\/image\/\"},\"sameAs\":[\"https:\/\/www.instagram.com\/cartechdiagnostic\"]}]}<\/script>\n<!-- \/ Yoast SEO plugin. -->","yoast_head_json":{"title":"Refrigeration Digital Manifold Pressure Gauge Set - WL-126 DUOYI DY517A - Car-Tech Diagnostic","robots":{"index":"index","follow":"follow","max-snippet":"max-snippet:-1","max-image-preview":"max-image-preview:large","max-video-preview":"max-video-preview:-1"},"canonical":"https:\/\/cartechdiagnostic.com\/en\/urun\/cooling-digital-manifold-pressure-gauge-set-wl-126-duoyi-dy517a\/","og_locale":"en_US","og_type":"article","og_title":"Refrigeration Digital Manifold Pressure Gauge Set - WL-126 DUOYI DY517A - Car-Tech Diagnostic","og_description":"WL-126 DUOYI DY517A Cooling Digital Manifold Pressure Gauge Set is a device used in automotive and air conditioning systems. This manifold set is designed to measure, monitor and analyze pressures, temperatures and other important parameters of air conditioning systems. The DY517A is digital, which makes measurements more precise and easier to read. It can also be used for various refrigerants and is often preferred for professional use in automotive maintenance, air conditioning systems service and industrial refrigeration systems.","og_url":"https:\/\/cartechdiagnostic.com\/en\/urun\/cooling-digital-manifold-pressure-gauge-set-wl-126-duoyi-dy517a\/","og_site_name":"Car-Tech Diagnostic","og_image":[{"width":1080,"height":1080,"url":"https:\/\/www.cartechdiagnostic.com\/wp-content\/uploads\/2024\/02\/WL-126-DUOYI-DY517A-SOGUTMA-DIJITAL-MANIFOLDU-BASINC-GOSTERGESI-SET-1.png","type":"image\/png"}],"twitter_card":"summary_large_image","schema":{"@context":"https:\/\/schema.org","@graph":[{"@type":"WebPage","@id":"https:\/\/cartechdiagnostic.com\/en\/urun\/cooling-digital-manifold-pressure-gauge-set-wl-126-duoyi-dy517a\/","url":"https:\/\/cartechdiagnostic.com\/en\/urun\/cooling-digital-manifold-pressure-gauge-set-wl-126-duoyi-dy517a\/","name":"Refrigeration Digital Manifold Pressure Gauge Set - WL-126 DUOYI DY517A - Car-Tech Diagnostic","isPartOf":{"@id":"https:\/\/www.cartechdiagnostic.com\/en\/#website"},"primaryImageOfPage":{"@id":"https:\/\/cartechdiagnostic.com\/en\/urun\/cooling-digital-manifold-pressure-gauge-set-wl-126-duoyi-dy517a\/#primaryimage"},"image":{"@id":"https:\/\/cartechdiagnostic.com\/en\/urun\/cooling-digital-manifold-pressure-gauge-set-wl-126-duoyi-dy517a\/#primaryimage"},"thumbnailUrl":"https:\/\/cartechdiagnostic.com\/wp-content\/uploads\/2024\/02\/WL-126-DUOYI-DY517A-SOGUTMA-DIJITAL-MANIFOLDU-BASINC-GOSTERGESI-SET-1.png","datePublished":"2024-02-26T10:02:18+00:00","dateModified":"2024-02-26T10:02:18+00:00","breadcrumb":{"@id":"https:\/\/cartechdiagnostic.com\/en\/urun\/cooling-digital-manifold-pressure-gauge-set-wl-126-duoyi-dy517a\/#breadcrumb"},"inLanguage":"en-US","potentialAction":[{"@type":"ReadAction","target":["https:\/\/cartechdiagnostic.com\/en\/urun\/cooling-digital-manifold-pressure-gauge-set-wl-126-duoyi-dy517a\/"]}]},{"@type":"ImageObject","inLanguage":"en-US","@id":"https:\/\/cartechdiagnostic.com\/en\/urun\/cooling-digital-manifold-pressure-gauge-set-wl-126-duoyi-dy517a\/#primaryimage","url":"https:\/\/cartechdiagnostic.com\/wp-content\/uploads\/2024\/02\/WL-126-DUOYI-DY517A-SOGUTMA-DIJITAL-MANIFOLDU-BASINC-GOSTERGESI-SET-1.png","contentUrl":"https:\/\/cartechdiagnostic.com\/wp-content\/uploads\/2024\/02\/WL-126-DUOYI-DY517A-SOGUTMA-DIJITAL-MANIFOLDU-BASINC-GOSTERGESI-SET-1.png","width":1080,"height":1080},{"@type":"BreadcrumbList","@id":"https:\/\/cartechdiagnostic.com\/en\/urun\/cooling-digital-manifold-pressure-gauge-set-wl-126-duoyi-dy517a\/#breadcrumb","itemListElement":[{"@type":"ListItem","position":1,"name":"Anasayfa","item":"https:\/\/www.cartechdiagnostic.com\/en\/"},{"@type":"ListItem","position":2,"name":"Ma\u011faza","item":"https:\/\/www.cartechdiagnostic.com\/magaza\/"},{"@type":"ListItem","position":3,"name":"Refrigeration Digital Manifold Pressure Gauge Set &#8211; WL-126 DUOYI DY517A"}]},{"@type":"WebSite","@id":"https:\/\/www.cartechdiagnostic.com\/en\/#website","url":"https:\/\/www.cartechdiagnostic.com\/en\/","name":"Car-Tech Diagnostic","description":"Ar\u0131za Tespit Cihazlar\u0131 - ECU Programlama Cihazlar\u0131","publisher":{"@id":"https:\/\/www.cartechdiagnostic.com\/en\/#organization"},"alternateName":"Car-Tech Diag","potentialAction":[{"@type":"SearchAction","target":{"@type":"EntryPoint","urlTemplate":"https:\/\/www.cartechdiagnostic.com\/en\/?s={search_term_string}"},"query-input":"required name=search_term_string"}],"inLanguage":"en-US"},{"@type":"Organization","@id":"https:\/\/www.cartechdiagnostic.com\/en\/#organization","name":"Car-Tech Diagnostic Yaz\u0131l\u0131m Ltd. \u015eti.","url":"https:\/\/www.cartechdiagnostic.com\/en\/","logo":{"@type":"ImageObject","inLanguage":"en-US","@id":"https:\/\/www.cartechdiagnostic.com\/en\/#\/schema\/logo\/image\/","url":"https:\/\/cartechdiagnostic.com\/wp-content\/uploads\/2023\/08\/logocartech.png","contentUrl":"https:\/\/cartechdiagnostic.com\/wp-content\/uploads\/2023\/08\/logocartech.png","width":714,"height":340,"caption":"Car-Tech Diagnostic Yaz\u0131l\u0131m Ltd. \u015eti."},"image":{"@id":"https:\/\/www.cartechdiagnostic.com\/en\/#\/schema\/logo\/image\/"},"sameAs":["https:\/\/www.instagram.com\/cartechdiagnostic"]}]}},"_links":{"self":[{"href":"https:\/\/cartechdiagnostic.com\/en\/wp-json\/wp\/v2\/product\/18355","targetHints":{"allow":["GET"]}}],"collection":[{"href":"https:\/\/cartechdiagnostic.com\/en\/wp-json\/wp\/v2\/product"}],"about":[{"href":"https:\/\/cartechdiagnostic.com\/en\/wp-json\/wp\/v2\/types\/product"}],"replies":[{"embeddable":true,"href":"https:\/\/cartechdiagnostic.com\/en\/wp-json\/wp\/v2\/comments?post=18355"}],"version-history":[{"count":0,"href":"https:\/\/cartechdiagnostic.com\/en\/wp-json\/wp\/v2\/product\/18355\/revisions"}],"wp:featuredmedia":[{"embeddable":true,"href":"https:\/\/cartechdiagnostic.com\/en\/wp-json\/wp\/v2\/media\/16740"}],"wp:attachment":[{"href":"https:\/\/cartechdiagnostic.com\/en\/wp-json\/wp\/v2\/media?parent=18355"}],"wp:term":[{"taxonomy":"product_brand","embeddable":true,"href":"https:\/\/cartechdiagnostic.com\/en\/wp-json\/wp\/v2\/product_brand?post=18355"},{"taxonomy":"product_cat","embeddable":true,"href":"https:\/\/cartechdiagnostic.com\/en\/wp-json\/wp\/v2\/product_cat?post=18355"},{"taxonomy":"product_tag","embeddable":true,"href":"https:\/\/cartechdiagnostic.com\/en\/wp-json\/wp\/v2\/product_tag?post=18355"}],"curies":[{"name":"wp","href":"https:\/\/api.w.org\/{rel}","templated":true}]}}