{"id":18381,"date":"2024-02-23T17:38:15","date_gmt":"2024-02-23T14:38:15","guid":{"rendered":"https:\/urun\/dijital-tahil-nemi-olcer-wl-030-wellhise-md7822\/"},"modified":"2025-05-30T09:33:43","modified_gmt":"2025-05-30T06:33:43","slug":"dijital-tahil-nemi-olcer-wl-030-wellhise-md7822","status":"publish","type":"product","link":"https:\/\/cartechdiagnostic.com\/en\/urun\/dijital-tahil-nemi-olcer-wl-030-wellhise-md7822\/","title":{"rendered":"Digital Grain Moisture Meter &#8211; WL-030 WELLHISE MD7822"},"content":{"rendered":"","protected":false},"excerpt":{"rendered":"<div class=\"flex-1 overflow-hidden\">\n<div class=\"react-scroll-to-bottom--css-isqqc-79elbk h-full\">\n<div class=\"react-scroll-to-bottom--css-isqqc-1n7m0yu\">\n<div class=\"flex flex-col pb-9 text-sm\">\n<div class=\"w-full text-token-text-primary\" data-testid=\"conversation-turn-15\">\n<div class=\"px-4 py-2 justify-center text-base md:gap-6 m-auto\">\n<div class=\"flex flex-1 text-base mx-auto gap-3 md:px-5 lg:px-1 xl:px-5 md:max-w-3xl lg:max-w-[40rem] xl:max-w-[48rem] group final-completion\">\n<div class=\"relative flex w-full flex-col agent-turn\">\n<div class=\"flex-col gap-1 md:gap-3\">\n<div class=\"flex flex-grow flex-col max-w-full\">\n<div class=\"min-h-[20px] text-message flex flex-col items-start gap-3 whitespace-pre-wrap break-words [.text-message+&amp;]:mt-5 overflow-x-auto\" data-message-author-role=\"assistant\" data-message-id=\"e01918df-0c39-422e-9631-be7e9720cfb6\">\n<div class=\"markdown prose w-full break-words dark:prose-invert light\"> WL-030 WELLHISE MD7822 is a digital grain moisture meter. This instrument is designed to quickly and precisely measure moisture content in agricultural crops. Grain is used to determine the moisture level of many different types of cereals such as wheat, maize, rice, barley. It is easy to use thanks to its user-friendly interface and digital display. Thanks to its portable design, it can be used in different environments such as fields or warehouses. WL-030 WELLHISE MD7822 is a reliable solution for moisture control in the agricultural industry. <\/div>\n<\/div>\n<\/div>\n<\/div>\n<\/div>\n<\/div>\n<\/div>\n<\/div>\n<\/div>\n<\/div>\n<\/div>\n<\/div>\n","protected":false},"featured_media":16716,"comment_status":"open","ping_status":"closed","template":"","meta":{"_joinchat":[]},"product_brand":[],"product_cat":[1366,1367],"product_tag":[],"class_list":{"0":"post-18381","1":"product","2":"type-product","3":"status-publish","4":"has-post-thumbnail","6":"product_cat-service-auxiliary-equipment","7":"product_cat-test-equipments","9":"first","10":"instock","11":"sale","12":"shipping-taxable","13":"purchasable","14":"product-type-simple"},"yoast_head":"<!-- This site is optimized with the Yoast SEO plugin v22.8 - https:\/\/yoast.com\/wordpress\/plugins\/seo\/ -->\n<title>Digital Grain Moisture Meter - WL-030 WELLHISE MD7822 - Car-Tech Diagnostic<\/title>\n<meta name=\"robots\" content=\"index, follow, max-snippet:-1, max-image-preview:large, max-video-preview:-1\" \/>\n<link rel=\"canonical\" href=\"https:\/\/cartechdiagnostic.com\/en\/urun\/dijital-tahil-nemi-olcer-wl-030-wellhise-md7822\/\" \/>\n<meta property=\"og:locale\" content=\"en_US\" \/>\n<meta property=\"og:type\" content=\"article\" \/>\n<meta property=\"og:title\" content=\"Digital Grain Moisture Meter - WL-030 WELLHISE MD7822 - Car-Tech Diagnostic\" \/>\n<meta property=\"og:description\" content=\"WL-030 WELLHISE MD7822 is a digital grain moisture meter. This instrument is designed to quickly and precisely measure moisture content in agricultural crops. Grain is used to determine the moisture level of many different types of cereals such as wheat, maize, rice, barley. It is easy to use thanks to its user-friendly interface and digital display. Thanks to its portable design, it can be used in different environments such as fields or warehouses. WL-030 WELLHISE MD7822 is a reliable solution for moisture control in the agricultural industry.\" \/>\n<meta property=\"og:url\" content=\"https:\/\/cartechdiagnostic.com\/en\/urun\/dijital-tahil-nemi-olcer-wl-030-wellhise-md7822\/\" \/>\n<meta property=\"og:site_name\" content=\"Car-Tech Diagnostic\" \/>\n<meta property=\"article:modified_time\" content=\"2025-05-30T06:33:43+00:00\" \/>\n<meta property=\"og:image\" content=\"https:\/\/cartechdiagnostic.com\/wp-content\/uploads\/2024\/02\/WL-030-WELLHISE-MD7822-DIJITAL-TAHIL-NEMI-OLCER-1.png\" \/>\n\t<meta property=\"og:image:width\" content=\"1080\" \/>\n\t<meta property=\"og:image:height\" content=\"1080\" \/>\n\t<meta property=\"og:image:type\" content=\"image\/png\" \/>\n<meta name=\"twitter:card\" content=\"summary_large_image\" \/>\n<script type=\"application\/ld+json\" class=\"yoast-schema-graph\">{\"@context\":\"https:\/\/schema.org\",\"@graph\":[{\"@type\":\"WebPage\",\"@id\":\"https:\/\/cartechdiagnostic.com\/en\/urun\/dijital-tahil-nemi-olcer-wl-030-wellhise-md7822\/\",\"url\":\"https:\/\/cartechdiagnostic.com\/en\/urun\/dijital-tahil-nemi-olcer-wl-030-wellhise-md7822\/\",\"name\":\"Digital Grain Moisture Meter - WL-030 WELLHISE MD7822 - Car-Tech Diagnostic\",\"isPartOf\":{\"@id\":\"https:\/\/www.cartechdiagnostic.com\/en\/#website\"},\"primaryImageOfPage\":{\"@id\":\"https:\/\/cartechdiagnostic.com\/en\/urun\/dijital-tahil-nemi-olcer-wl-030-wellhise-md7822\/#primaryimage\"},\"image\":{\"@id\":\"https:\/\/cartechdiagnostic.com\/en\/urun\/dijital-tahil-nemi-olcer-wl-030-wellhise-md7822\/#primaryimage\"},\"thumbnailUrl\":\"https:\/\/cartechdiagnostic.com\/wp-content\/uploads\/2024\/02\/WL-030-WELLHISE-MD7822-DIJITAL-TAHIL-NEMI-OLCER-1.png\",\"datePublished\":\"2024-02-23T14:38:15+00:00\",\"dateModified\":\"2025-05-30T06:33:43+00:00\",\"breadcrumb\":{\"@id\":\"https:\/\/cartechdiagnostic.com\/en\/urun\/dijital-tahil-nemi-olcer-wl-030-wellhise-md7822\/#breadcrumb\"},\"inLanguage\":\"en-US\",\"potentialAction\":[{\"@type\":\"ReadAction\",\"target\":[\"https:\/\/cartechdiagnostic.com\/en\/urun\/dijital-tahil-nemi-olcer-wl-030-wellhise-md7822\/\"]}]},{\"@type\":\"ImageObject\",\"inLanguage\":\"en-US\",\"@id\":\"https:\/\/cartechdiagnostic.com\/en\/urun\/dijital-tahil-nemi-olcer-wl-030-wellhise-md7822\/#primaryimage\",\"url\":\"https:\/\/cartechdiagnostic.com\/wp-content\/uploads\/2024\/02\/WL-030-WELLHISE-MD7822-DIJITAL-TAHIL-NEMI-OLCER-1.png\",\"contentUrl\":\"https:\/\/cartechdiagnostic.com\/wp-content\/uploads\/2024\/02\/WL-030-WELLHISE-MD7822-DIJITAL-TAHIL-NEMI-OLCER-1.png\",\"width\":1080,\"height\":1080},{\"@type\":\"BreadcrumbList\",\"@id\":\"https:\/\/cartechdiagnostic.com\/en\/urun\/dijital-tahil-nemi-olcer-wl-030-wellhise-md7822\/#breadcrumb\",\"itemListElement\":[{\"@type\":\"ListItem\",\"position\":1,\"name\":\"Anasayfa\",\"item\":\"https:\/\/www.cartechdiagnostic.com\/en\/\"},{\"@type\":\"ListItem\",\"position\":2,\"name\":\"Ma\u011faza\",\"item\":\"https:\/\/www.cartechdiagnostic.com\/magaza\/\"},{\"@type\":\"ListItem\",\"position\":3,\"name\":\"Digital Grain Moisture Meter &#8211; WL-030 WELLHISE MD7822\"}]},{\"@type\":\"WebSite\",\"@id\":\"https:\/\/www.cartechdiagnostic.com\/en\/#website\",\"url\":\"https:\/\/www.cartechdiagnostic.com\/en\/\",\"name\":\"Car-Tech Diagnostic\",\"description\":\"Ar\u0131za Tespit Cihazlar\u0131 - ECU Programlama Cihazlar\u0131\",\"publisher\":{\"@id\":\"https:\/\/www.cartechdiagnostic.com\/en\/#organization\"},\"alternateName\":\"Car-Tech Diag\",\"potentialAction\":[{\"@type\":\"SearchAction\",\"target\":{\"@type\":\"EntryPoint\",\"urlTemplate\":\"https:\/\/www.cartechdiagnostic.com\/en\/?s={search_term_string}\"},\"query-input\":\"required name=search_term_string\"}],\"inLanguage\":\"en-US\"},{\"@type\":\"Organization\",\"@id\":\"https:\/\/www.cartechdiagnostic.com\/en\/#organization\",\"name\":\"Car-Tech Diagnostic Yaz\u0131l\u0131m Ltd. \u015eti.\",\"url\":\"https:\/\/www.cartechdiagnostic.com\/en\/\",\"logo\":{\"@type\":\"ImageObject\",\"inLanguage\":\"en-US\",\"@id\":\"https:\/\/www.cartechdiagnostic.com\/en\/#\/schema\/logo\/image\/\",\"url\":\"https:\/\/cartechdiagnostic.com\/wp-content\/uploads\/2023\/08\/logocartech.png\",\"contentUrl\":\"https:\/\/cartechdiagnostic.com\/wp-content\/uploads\/2023\/08\/logocartech.png\",\"width\":714,\"height\":340,\"caption\":\"Car-Tech Diagnostic Yaz\u0131l\u0131m Ltd. \u015eti.\"},\"image\":{\"@id\":\"https:\/\/www.cartechdiagnostic.com\/en\/#\/schema\/logo\/image\/\"},\"sameAs\":[\"https:\/\/www.instagram.com\/cartechdiagnostic\"]}]}<\/script>\n<!-- \/ Yoast SEO plugin. -->","yoast_head_json":{"title":"Digital Grain Moisture Meter - WL-030 WELLHISE MD7822 - Car-Tech Diagnostic","robots":{"index":"index","follow":"follow","max-snippet":"max-snippet:-1","max-image-preview":"max-image-preview:large","max-video-preview":"max-video-preview:-1"},"canonical":"https:\/\/cartechdiagnostic.com\/en\/urun\/dijital-tahil-nemi-olcer-wl-030-wellhise-md7822\/","og_locale":"en_US","og_type":"article","og_title":"Digital Grain Moisture Meter - WL-030 WELLHISE MD7822 - Car-Tech Diagnostic","og_description":"WL-030 WELLHISE MD7822 is a digital grain moisture meter. This instrument is designed to quickly and precisely measure moisture content in agricultural crops. Grain is used to determine the moisture level of many different types of cereals such as wheat, maize, rice, barley. It is easy to use thanks to its user-friendly interface and digital display. Thanks to its portable design, it can be used in different environments such as fields or warehouses. WL-030 WELLHISE MD7822 is a reliable solution for moisture control in the agricultural industry.","og_url":"https:\/\/cartechdiagnostic.com\/en\/urun\/dijital-tahil-nemi-olcer-wl-030-wellhise-md7822\/","og_site_name":"Car-Tech Diagnostic","article_modified_time":"2025-05-30T06:33:43+00:00","og_image":[{"width":1080,"height":1080,"url":"https:\/\/cartechdiagnostic.com\/wp-content\/uploads\/2024\/02\/WL-030-WELLHISE-MD7822-DIJITAL-TAHIL-NEMI-OLCER-1.png","type":"image\/png"}],"twitter_card":"summary_large_image","schema":{"@context":"https:\/\/schema.org","@graph":[{"@type":"WebPage","@id":"https:\/\/cartechdiagnostic.com\/en\/urun\/dijital-tahil-nemi-olcer-wl-030-wellhise-md7822\/","url":"https:\/\/cartechdiagnostic.com\/en\/urun\/dijital-tahil-nemi-olcer-wl-030-wellhise-md7822\/","name":"Digital Grain Moisture Meter - WL-030 WELLHISE MD7822 - Car-Tech Diagnostic","isPartOf":{"@id":"https:\/\/www.cartechdiagnostic.com\/en\/#website"},"primaryImageOfPage":{"@id":"https:\/\/cartechdiagnostic.com\/en\/urun\/dijital-tahil-nemi-olcer-wl-030-wellhise-md7822\/#primaryimage"},"image":{"@id":"https:\/\/cartechdiagnostic.com\/en\/urun\/dijital-tahil-nemi-olcer-wl-030-wellhise-md7822\/#primaryimage"},"thumbnailUrl":"https:\/\/cartechdiagnostic.com\/wp-content\/uploads\/2024\/02\/WL-030-WELLHISE-MD7822-DIJITAL-TAHIL-NEMI-OLCER-1.png","datePublished":"2024-02-23T14:38:15+00:00","dateModified":"2025-05-30T06:33:43+00:00","breadcrumb":{"@id":"https:\/\/cartechdiagnostic.com\/en\/urun\/dijital-tahil-nemi-olcer-wl-030-wellhise-md7822\/#breadcrumb"},"inLanguage":"en-US","potentialAction":[{"@type":"ReadAction","target":["https:\/\/cartechdiagnostic.com\/en\/urun\/dijital-tahil-nemi-olcer-wl-030-wellhise-md7822\/"]}]},{"@type":"ImageObject","inLanguage":"en-US","@id":"https:\/\/cartechdiagnostic.com\/en\/urun\/dijital-tahil-nemi-olcer-wl-030-wellhise-md7822\/#primaryimage","url":"https:\/\/cartechdiagnostic.com\/wp-content\/uploads\/2024\/02\/WL-030-WELLHISE-MD7822-DIJITAL-TAHIL-NEMI-OLCER-1.png","contentUrl":"https:\/\/cartechdiagnostic.com\/wp-content\/uploads\/2024\/02\/WL-030-WELLHISE-MD7822-DIJITAL-TAHIL-NEMI-OLCER-1.png","width":1080,"height":1080},{"@type":"BreadcrumbList","@id":"https:\/\/cartechdiagnostic.com\/en\/urun\/dijital-tahil-nemi-olcer-wl-030-wellhise-md7822\/#breadcrumb","itemListElement":[{"@type":"ListItem","position":1,"name":"Anasayfa","item":"https:\/\/www.cartechdiagnostic.com\/en\/"},{"@type":"ListItem","position":2,"name":"Ma\u011faza","item":"https:\/\/www.cartechdiagnostic.com\/magaza\/"},{"@type":"ListItem","position":3,"name":"Digital Grain Moisture Meter &#8211; WL-030 WELLHISE MD7822"}]},{"@type":"WebSite","@id":"https:\/\/www.cartechdiagnostic.com\/en\/#website","url":"https:\/\/www.cartechdiagnostic.com\/en\/","name":"Car-Tech Diagnostic","description":"Ar\u0131za Tespit Cihazlar\u0131 - ECU Programlama Cihazlar\u0131","publisher":{"@id":"https:\/\/www.cartechdiagnostic.com\/en\/#organization"},"alternateName":"Car-Tech Diag","potentialAction":[{"@type":"SearchAction","target":{"@type":"EntryPoint","urlTemplate":"https:\/\/www.cartechdiagnostic.com\/en\/?s={search_term_string}"},"query-input":"required name=search_term_string"}],"inLanguage":"en-US"},{"@type":"Organization","@id":"https:\/\/www.cartechdiagnostic.com\/en\/#organization","name":"Car-Tech Diagnostic Yaz\u0131l\u0131m Ltd. \u015eti.","url":"https:\/\/www.cartechdiagnostic.com\/en\/","logo":{"@type":"ImageObject","inLanguage":"en-US","@id":"https:\/\/www.cartechdiagnostic.com\/en\/#\/schema\/logo\/image\/","url":"https:\/\/cartechdiagnostic.com\/wp-content\/uploads\/2023\/08\/logocartech.png","contentUrl":"https:\/\/cartechdiagnostic.com\/wp-content\/uploads\/2023\/08\/logocartech.png","width":714,"height":340,"caption":"Car-Tech Diagnostic Yaz\u0131l\u0131m Ltd. \u015eti."},"image":{"@id":"https:\/\/www.cartechdiagnostic.com\/en\/#\/schema\/logo\/image\/"},"sameAs":["https:\/\/www.instagram.com\/cartechdiagnostic"]}]}},"_links":{"self":[{"href":"https:\/\/cartechdiagnostic.com\/en\/wp-json\/wp\/v2\/product\/18381","targetHints":{"allow":["GET"]}}],"collection":[{"href":"https:\/\/cartechdiagnostic.com\/en\/wp-json\/wp\/v2\/product"}],"about":[{"href":"https:\/\/cartechdiagnostic.com\/en\/wp-json\/wp\/v2\/types\/product"}],"replies":[{"embeddable":true,"href":"https:\/\/cartechdiagnostic.com\/en\/wp-json\/wp\/v2\/comments?post=18381"}],"version-history":[{"count":0,"href":"https:\/\/cartechdiagnostic.com\/en\/wp-json\/wp\/v2\/product\/18381\/revisions"}],"wp:featuredmedia":[{"embeddable":true,"href":"https:\/\/cartechdiagnostic.com\/en\/wp-json\/wp\/v2\/media\/16716"}],"wp:attachment":[{"href":"https:\/\/cartechdiagnostic.com\/en\/wp-json\/wp\/v2\/media?parent=18381"}],"wp:term":[{"taxonomy":"product_brand","embeddable":true,"href":"https:\/\/cartechdiagnostic.com\/en\/wp-json\/wp\/v2\/product_brand?post=18381"},{"taxonomy":"product_cat","embeddable":true,"href":"https:\/\/cartechdiagnostic.com\/en\/wp-json\/wp\/v2\/product_cat?post=18381"},{"taxonomy":"product_tag","embeddable":true,"href":"https:\/\/cartechdiagnostic.com\/en\/wp-json\/wp\/v2\/product_tag?post=18381"}],"curies":[{"name":"wp","href":"https:\/\/api.w.org\/{rel}","templated":true}]}}