{"id":18385,"date":"2024-02-23T17:36:05","date_gmt":"2024-02-23T14:36:05","guid":{"rendered":"https:\/urun\/desibelmetre-ses-seviyesi-olcer-wl-023-wellhise-ht90a\/"},"modified":"2024-02-23T17:36:05","modified_gmt":"2024-02-23T14:36:05","slug":"desibelmetre-ses-seviyesi-olcer-wl-023-wellhise-ht90a","status":"publish","type":"product","link":"https:\/\/cartechdiagnostic.com\/en\/urun\/desibelmetre-ses-seviyesi-olcer-wl-023-wellhise-ht90a\/","title":{"rendered":"Decibel Meter Sound Level Meter &#8211; WL-023 WELLHISE HT90A"},"content":{"rendered":"","protected":false},"excerpt":{"rendered":"<p>WL-023 WELLHISE HT90A is a decibel meter designed for measuring sound level. This instrument is used to precisely measure noise levels in various industrial and domestic environments. It stands out with its compact and portable design and is easy to use thanks to its user-friendly interface. Providing high accuracy and reliability, the WL-023 WELLHISE HT90A is the ideal solution for any application where sound levels need to be controlled.<\/p>\n","protected":false},"featured_media":16713,"comment_status":"open","ping_status":"closed","template":"","meta":{"_joinchat":[]},"product_brand":[],"product_cat":[1366,1367],"product_tag":[],"class_list":{"0":"post-18385","1":"product","2":"type-product","3":"status-publish","4":"has-post-thumbnail","6":"product_cat-service-auxiliary-equipment","7":"product_cat-test-equipments","9":"first","10":"instock","11":"sale","12":"shipping-taxable","13":"purchasable","14":"product-type-simple"},"yoast_head":"<!-- This site is optimized with the Yoast SEO plugin v22.8 - https:\/\/yoast.com\/wordpress\/plugins\/seo\/ -->\n<title>Decibel Meter Sound Level Meter - WL-023 WELLHISE HT90A - Car-Tech Diagnostic<\/title>\n<meta name=\"robots\" content=\"index, follow, max-snippet:-1, max-image-preview:large, max-video-preview:-1\" \/>\n<link rel=\"canonical\" href=\"https:\/\/cartechdiagnostic.com\/en\/urun\/desibelmetre-ses-seviyesi-olcer-wl-023-wellhise-ht90a\/\" \/>\n<meta property=\"og:locale\" content=\"en_US\" \/>\n<meta property=\"og:type\" content=\"article\" \/>\n<meta property=\"og:title\" content=\"Decibel Meter Sound Level Meter - WL-023 WELLHISE HT90A - Car-Tech Diagnostic\" \/>\n<meta property=\"og:description\" content=\"WL-023 WELLHISE HT90A is a decibel meter designed for measuring sound level. This instrument is used to precisely measure noise levels in various industrial and domestic environments. It stands out with its compact and portable design and is easy to use thanks to its user-friendly interface. Providing high accuracy and reliability, the WL-023 WELLHISE HT90A is the ideal solution for any application where sound levels need to be controlled.\" \/>\n<meta property=\"og:url\" content=\"https:\/\/cartechdiagnostic.com\/en\/urun\/desibelmetre-ses-seviyesi-olcer-wl-023-wellhise-ht90a\/\" \/>\n<meta property=\"og:site_name\" content=\"Car-Tech Diagnostic\" \/>\n<meta property=\"og:image\" content=\"https:\/\/cartechdiagnostic.com\/wp-content\/uploads\/2024\/02\/WL-023-WELLHISE-HT90A-DESIBELMETRE-SES-SEVIYESI-OLCER-2-1.png\" \/>\n\t<meta property=\"og:image:width\" content=\"1080\" \/>\n\t<meta property=\"og:image:height\" content=\"1080\" \/>\n\t<meta property=\"og:image:type\" content=\"image\/png\" \/>\n<meta name=\"twitter:card\" content=\"summary_large_image\" \/>\n<script type=\"application\/ld+json\" class=\"yoast-schema-graph\">{\"@context\":\"https:\/\/schema.org\",\"@graph\":[{\"@type\":\"WebPage\",\"@id\":\"https:\/\/cartechdiagnostic.com\/en\/urun\/desibelmetre-ses-seviyesi-olcer-wl-023-wellhise-ht90a\/\",\"url\":\"https:\/\/cartechdiagnostic.com\/en\/urun\/desibelmetre-ses-seviyesi-olcer-wl-023-wellhise-ht90a\/\",\"name\":\"Decibel Meter Sound Level Meter - WL-023 WELLHISE HT90A - Car-Tech Diagnostic\",\"isPartOf\":{\"@id\":\"https:\/\/www.cartechdiagnostic.com\/en\/#website\"},\"primaryImageOfPage\":{\"@id\":\"https:\/\/cartechdiagnostic.com\/en\/urun\/desibelmetre-ses-seviyesi-olcer-wl-023-wellhise-ht90a\/#primaryimage\"},\"image\":{\"@id\":\"https:\/\/cartechdiagnostic.com\/en\/urun\/desibelmetre-ses-seviyesi-olcer-wl-023-wellhise-ht90a\/#primaryimage\"},\"thumbnailUrl\":\"https:\/\/cartechdiagnostic.com\/wp-content\/uploads\/2024\/02\/WL-023-WELLHISE-HT90A-DESIBELMETRE-SES-SEVIYESI-OLCER-2-1.png\",\"datePublished\":\"2024-02-23T14:36:05+00:00\",\"dateModified\":\"2024-02-23T14:36:05+00:00\",\"breadcrumb\":{\"@id\":\"https:\/\/cartechdiagnostic.com\/en\/urun\/desibelmetre-ses-seviyesi-olcer-wl-023-wellhise-ht90a\/#breadcrumb\"},\"inLanguage\":\"en-US\",\"potentialAction\":[{\"@type\":\"ReadAction\",\"target\":[\"https:\/\/cartechdiagnostic.com\/en\/urun\/desibelmetre-ses-seviyesi-olcer-wl-023-wellhise-ht90a\/\"]}]},{\"@type\":\"ImageObject\",\"inLanguage\":\"en-US\",\"@id\":\"https:\/\/cartechdiagnostic.com\/en\/urun\/desibelmetre-ses-seviyesi-olcer-wl-023-wellhise-ht90a\/#primaryimage\",\"url\":\"https:\/\/cartechdiagnostic.com\/wp-content\/uploads\/2024\/02\/WL-023-WELLHISE-HT90A-DESIBELMETRE-SES-SEVIYESI-OLCER-2-1.png\",\"contentUrl\":\"https:\/\/cartechdiagnostic.com\/wp-content\/uploads\/2024\/02\/WL-023-WELLHISE-HT90A-DESIBELMETRE-SES-SEVIYESI-OLCER-2-1.png\",\"width\":1080,\"height\":1080},{\"@type\":\"BreadcrumbList\",\"@id\":\"https:\/\/cartechdiagnostic.com\/en\/urun\/desibelmetre-ses-seviyesi-olcer-wl-023-wellhise-ht90a\/#breadcrumb\",\"itemListElement\":[{\"@type\":\"ListItem\",\"position\":1,\"name\":\"Anasayfa\",\"item\":\"https:\/\/www.cartechdiagnostic.com\/en\/\"},{\"@type\":\"ListItem\",\"position\":2,\"name\":\"Ma\u011faza\",\"item\":\"https:\/\/www.cartechdiagnostic.com\/magaza\/\"},{\"@type\":\"ListItem\",\"position\":3,\"name\":\"Decibel Meter Sound Level Meter &#8211; WL-023 WELLHISE HT90A\"}]},{\"@type\":\"WebSite\",\"@id\":\"https:\/\/www.cartechdiagnostic.com\/en\/#website\",\"url\":\"https:\/\/www.cartechdiagnostic.com\/en\/\",\"name\":\"Car-Tech Diagnostic\",\"description\":\"Ar\u0131za Tespit Cihazlar\u0131 - ECU Programlama Cihazlar\u0131\",\"publisher\":{\"@id\":\"https:\/\/www.cartechdiagnostic.com\/en\/#organization\"},\"alternateName\":\"Car-Tech Diag\",\"potentialAction\":[{\"@type\":\"SearchAction\",\"target\":{\"@type\":\"EntryPoint\",\"urlTemplate\":\"https:\/\/www.cartechdiagnostic.com\/en\/?s={search_term_string}\"},\"query-input\":\"required name=search_term_string\"}],\"inLanguage\":\"en-US\"},{\"@type\":\"Organization\",\"@id\":\"https:\/\/www.cartechdiagnostic.com\/en\/#organization\",\"name\":\"Car-Tech Diagnostic Yaz\u0131l\u0131m Ltd. \u015eti.\",\"url\":\"https:\/\/www.cartechdiagnostic.com\/en\/\",\"logo\":{\"@type\":\"ImageObject\",\"inLanguage\":\"en-US\",\"@id\":\"https:\/\/www.cartechdiagnostic.com\/en\/#\/schema\/logo\/image\/\",\"url\":\"https:\/\/cartechdiagnostic.com\/wp-content\/uploads\/2023\/08\/logocartech.png\",\"contentUrl\":\"https:\/\/cartechdiagnostic.com\/wp-content\/uploads\/2023\/08\/logocartech.png\",\"width\":714,\"height\":340,\"caption\":\"Car-Tech Diagnostic Yaz\u0131l\u0131m Ltd. \u015eti.\"},\"image\":{\"@id\":\"https:\/\/www.cartechdiagnostic.com\/en\/#\/schema\/logo\/image\/\"},\"sameAs\":[\"https:\/\/www.instagram.com\/cartechdiagnostic\"]}]}<\/script>\n<!-- \/ Yoast SEO plugin. -->","yoast_head_json":{"title":"Decibel Meter Sound Level Meter - WL-023 WELLHISE HT90A - Car-Tech Diagnostic","robots":{"index":"index","follow":"follow","max-snippet":"max-snippet:-1","max-image-preview":"max-image-preview:large","max-video-preview":"max-video-preview:-1"},"canonical":"https:\/\/cartechdiagnostic.com\/en\/urun\/desibelmetre-ses-seviyesi-olcer-wl-023-wellhise-ht90a\/","og_locale":"en_US","og_type":"article","og_title":"Decibel Meter Sound Level Meter - WL-023 WELLHISE HT90A - Car-Tech Diagnostic","og_description":"WL-023 WELLHISE HT90A is a decibel meter designed for measuring sound level. This instrument is used to precisely measure noise levels in various industrial and domestic environments. It stands out with its compact and portable design and is easy to use thanks to its user-friendly interface. Providing high accuracy and reliability, the WL-023 WELLHISE HT90A is the ideal solution for any application where sound levels need to be controlled.","og_url":"https:\/\/cartechdiagnostic.com\/en\/urun\/desibelmetre-ses-seviyesi-olcer-wl-023-wellhise-ht90a\/","og_site_name":"Car-Tech Diagnostic","og_image":[{"width":1080,"height":1080,"url":"https:\/\/cartechdiagnostic.com\/wp-content\/uploads\/2024\/02\/WL-023-WELLHISE-HT90A-DESIBELMETRE-SES-SEVIYESI-OLCER-2-1.png","type":"image\/png"}],"twitter_card":"summary_large_image","schema":{"@context":"https:\/\/schema.org","@graph":[{"@type":"WebPage","@id":"https:\/\/cartechdiagnostic.com\/en\/urun\/desibelmetre-ses-seviyesi-olcer-wl-023-wellhise-ht90a\/","url":"https:\/\/cartechdiagnostic.com\/en\/urun\/desibelmetre-ses-seviyesi-olcer-wl-023-wellhise-ht90a\/","name":"Decibel Meter Sound Level Meter - WL-023 WELLHISE HT90A - Car-Tech Diagnostic","isPartOf":{"@id":"https:\/\/www.cartechdiagnostic.com\/en\/#website"},"primaryImageOfPage":{"@id":"https:\/\/cartechdiagnostic.com\/en\/urun\/desibelmetre-ses-seviyesi-olcer-wl-023-wellhise-ht90a\/#primaryimage"},"image":{"@id":"https:\/\/cartechdiagnostic.com\/en\/urun\/desibelmetre-ses-seviyesi-olcer-wl-023-wellhise-ht90a\/#primaryimage"},"thumbnailUrl":"https:\/\/cartechdiagnostic.com\/wp-content\/uploads\/2024\/02\/WL-023-WELLHISE-HT90A-DESIBELMETRE-SES-SEVIYESI-OLCER-2-1.png","datePublished":"2024-02-23T14:36:05+00:00","dateModified":"2024-02-23T14:36:05+00:00","breadcrumb":{"@id":"https:\/\/cartechdiagnostic.com\/en\/urun\/desibelmetre-ses-seviyesi-olcer-wl-023-wellhise-ht90a\/#breadcrumb"},"inLanguage":"en-US","potentialAction":[{"@type":"ReadAction","target":["https:\/\/cartechdiagnostic.com\/en\/urun\/desibelmetre-ses-seviyesi-olcer-wl-023-wellhise-ht90a\/"]}]},{"@type":"ImageObject","inLanguage":"en-US","@id":"https:\/\/cartechdiagnostic.com\/en\/urun\/desibelmetre-ses-seviyesi-olcer-wl-023-wellhise-ht90a\/#primaryimage","url":"https:\/\/cartechdiagnostic.com\/wp-content\/uploads\/2024\/02\/WL-023-WELLHISE-HT90A-DESIBELMETRE-SES-SEVIYESI-OLCER-2-1.png","contentUrl":"https:\/\/cartechdiagnostic.com\/wp-content\/uploads\/2024\/02\/WL-023-WELLHISE-HT90A-DESIBELMETRE-SES-SEVIYESI-OLCER-2-1.png","width":1080,"height":1080},{"@type":"BreadcrumbList","@id":"https:\/\/cartechdiagnostic.com\/en\/urun\/desibelmetre-ses-seviyesi-olcer-wl-023-wellhise-ht90a\/#breadcrumb","itemListElement":[{"@type":"ListItem","position":1,"name":"Anasayfa","item":"https:\/\/www.cartechdiagnostic.com\/en\/"},{"@type":"ListItem","position":2,"name":"Ma\u011faza","item":"https:\/\/www.cartechdiagnostic.com\/magaza\/"},{"@type":"ListItem","position":3,"name":"Decibel Meter Sound Level Meter &#8211; WL-023 WELLHISE HT90A"}]},{"@type":"WebSite","@id":"https:\/\/www.cartechdiagnostic.com\/en\/#website","url":"https:\/\/www.cartechdiagnostic.com\/en\/","name":"Car-Tech Diagnostic","description":"Ar\u0131za Tespit Cihazlar\u0131 - ECU Programlama Cihazlar\u0131","publisher":{"@id":"https:\/\/www.cartechdiagnostic.com\/en\/#organization"},"alternateName":"Car-Tech Diag","potentialAction":[{"@type":"SearchAction","target":{"@type":"EntryPoint","urlTemplate":"https:\/\/www.cartechdiagnostic.com\/en\/?s={search_term_string}"},"query-input":"required name=search_term_string"}],"inLanguage":"en-US"},{"@type":"Organization","@id":"https:\/\/www.cartechdiagnostic.com\/en\/#organization","name":"Car-Tech Diagnostic Yaz\u0131l\u0131m Ltd. \u015eti.","url":"https:\/\/www.cartechdiagnostic.com\/en\/","logo":{"@type":"ImageObject","inLanguage":"en-US","@id":"https:\/\/www.cartechdiagnostic.com\/en\/#\/schema\/logo\/image\/","url":"https:\/\/cartechdiagnostic.com\/wp-content\/uploads\/2023\/08\/logocartech.png","contentUrl":"https:\/\/cartechdiagnostic.com\/wp-content\/uploads\/2023\/08\/logocartech.png","width":714,"height":340,"caption":"Car-Tech Diagnostic Yaz\u0131l\u0131m Ltd. \u015eti."},"image":{"@id":"https:\/\/www.cartechdiagnostic.com\/en\/#\/schema\/logo\/image\/"},"sameAs":["https:\/\/www.instagram.com\/cartechdiagnostic"]}]}},"_links":{"self":[{"href":"https:\/\/cartechdiagnostic.com\/en\/wp-json\/wp\/v2\/product\/18385","targetHints":{"allow":["GET"]}}],"collection":[{"href":"https:\/\/cartechdiagnostic.com\/en\/wp-json\/wp\/v2\/product"}],"about":[{"href":"https:\/\/cartechdiagnostic.com\/en\/wp-json\/wp\/v2\/types\/product"}],"replies":[{"embeddable":true,"href":"https:\/\/cartechdiagnostic.com\/en\/wp-json\/wp\/v2\/comments?post=18385"}],"version-history":[{"count":0,"href":"https:\/\/cartechdiagnostic.com\/en\/wp-json\/wp\/v2\/product\/18385\/revisions"}],"wp:featuredmedia":[{"embeddable":true,"href":"https:\/\/cartechdiagnostic.com\/en\/wp-json\/wp\/v2\/media\/16713"}],"wp:attachment":[{"href":"https:\/\/cartechdiagnostic.com\/en\/wp-json\/wp\/v2\/media?parent=18385"}],"wp:term":[{"taxonomy":"product_brand","embeddable":true,"href":"https:\/\/cartechdiagnostic.com\/en\/wp-json\/wp\/v2\/product_brand?post=18385"},{"taxonomy":"product_cat","embeddable":true,"href":"https:\/\/cartechdiagnostic.com\/en\/wp-json\/wp\/v2\/product_cat?post=18385"},{"taxonomy":"product_tag","embeddable":true,"href":"https:\/\/cartechdiagnostic.com\/en\/wp-json\/wp\/v2\/product_tag?post=18385"}],"curies":[{"name":"wp","href":"https:\/\/api.w.org\/{rel}","templated":true}]}}