{"id":18389,"date":"2024-02-22T13:25:17","date_gmt":"2024-02-22T10:25:17","guid":{"rendered":"https:\/urun\/mini-anomemetre-ruzgar-olcer-wl-019-wellhise-ht81\/"},"modified":"2024-02-22T13:25:17","modified_gmt":"2024-02-22T10:25:17","slug":"mini-anomemetre-ruzgar-olcer-wl-019-wellhise-ht81","status":"publish","type":"product","link":"https:\/\/cartechdiagnostic.com\/en\/urun\/mini-anomemetre-ruzgar-olcer-wl-019-wellhise-ht81\/","title":{"rendered":"Mini Anomemeter Wind Meter WL-019 WELLHISE HT81"},"content":{"rendered":"","protected":false},"excerpt":{"rendered":"<p>WL-019 WELLHISE HT81 Mini Anemometer is a device for measuring wind speed. It is often used in outdoor conditions, in the field of meteorology, in the agricultural sector, on construction sites and other industrial applications. The HT81 model usually has a small and portable design, which allows users to carry and use it easily. It also has an easy-to-use interface and usually a large screen, which makes data easy to read. The device can usually measure wind speed in units of meters\/hour or kilometers\/hour. In addition, some models can also measure wind direction, allowing users to perform a more comprehensive weather analysis.<\/p>\n","protected":false},"featured_media":16709,"comment_status":"open","ping_status":"closed","template":"","meta":{"_joinchat":[]},"product_brand":[],"product_cat":[1366,1367],"product_tag":[],"class_list":{"0":"post-18389","1":"product","2":"type-product","3":"status-publish","4":"has-post-thumbnail","6":"product_cat-service-auxiliary-equipment","7":"product_cat-test-equipments","9":"first","10":"outofstock","11":"sale","12":"shipping-taxable","13":"purchasable","14":"product-type-simple"},"yoast_head":"<!-- This site is optimized with the Yoast SEO plugin v22.8 - https:\/\/yoast.com\/wordpress\/plugins\/seo\/ -->\n<title>Mini Anomemeter Wind Meter WL-019 WELLHISE HT81 - Car-Tech Diagnostic<\/title>\n<meta name=\"robots\" content=\"index, follow, max-snippet:-1, max-image-preview:large, max-video-preview:-1\" \/>\n<link rel=\"canonical\" href=\"https:\/\/cartechdiagnostic.com\/en\/urun\/mini-anomemetre-ruzgar-olcer-wl-019-wellhise-ht81\/\" \/>\n<meta property=\"og:locale\" content=\"en_US\" \/>\n<meta property=\"og:type\" content=\"article\" \/>\n<meta property=\"og:title\" content=\"Mini Anomemeter Wind Meter WL-019 WELLHISE HT81 - Car-Tech Diagnostic\" \/>\n<meta property=\"og:description\" content=\"WL-019 WELLHISE HT81 Mini Anemometer is a device for measuring wind speed. It is often used in outdoor conditions, in the field of meteorology, in the agricultural sector, on construction sites and other industrial applications. The HT81 model usually has a small and portable design, which allows users to carry and use it easily. It also has an easy-to-use interface and usually a large screen, which makes data easy to read. The device can usually measure wind speed in units of meters\/hour or kilometers\/hour. In addition, some models can also measure wind direction, allowing users to perform a more comprehensive weather analysis.\" \/>\n<meta property=\"og:url\" content=\"https:\/\/cartechdiagnostic.com\/en\/urun\/mini-anomemetre-ruzgar-olcer-wl-019-wellhise-ht81\/\" \/>\n<meta property=\"og:site_name\" content=\"Car-Tech Diagnostic\" \/>\n<meta property=\"og:image\" content=\"https:\/\/cartechdiagnostic.com\/wp-content\/uploads\/2024\/02\/WL-019-WELLHISE-HT81-MINI-ANEMOMETRE-RUZGAR-OLCER-1.png\" \/>\n\t<meta property=\"og:image:width\" content=\"1080\" \/>\n\t<meta property=\"og:image:height\" content=\"1080\" \/>\n\t<meta property=\"og:image:type\" content=\"image\/png\" \/>\n<meta name=\"twitter:card\" content=\"summary_large_image\" \/>\n<script type=\"application\/ld+json\" class=\"yoast-schema-graph\">{\"@context\":\"https:\/\/schema.org\",\"@graph\":[{\"@type\":\"WebPage\",\"@id\":\"https:\/\/cartechdiagnostic.com\/en\/urun\/mini-anomemetre-ruzgar-olcer-wl-019-wellhise-ht81\/\",\"url\":\"https:\/\/cartechdiagnostic.com\/en\/urun\/mini-anomemetre-ruzgar-olcer-wl-019-wellhise-ht81\/\",\"name\":\"Mini Anomemeter Wind Meter WL-019 WELLHISE HT81 - Car-Tech Diagnostic\",\"isPartOf\":{\"@id\":\"https:\/\/www.cartechdiagnostic.com\/en\/#website\"},\"primaryImageOfPage\":{\"@id\":\"https:\/\/cartechdiagnostic.com\/en\/urun\/mini-anomemetre-ruzgar-olcer-wl-019-wellhise-ht81\/#primaryimage\"},\"image\":{\"@id\":\"https:\/\/cartechdiagnostic.com\/en\/urun\/mini-anomemetre-ruzgar-olcer-wl-019-wellhise-ht81\/#primaryimage\"},\"thumbnailUrl\":\"https:\/\/cartechdiagnostic.com\/wp-content\/uploads\/2024\/02\/WL-019-WELLHISE-HT81-MINI-ANEMOMETRE-RUZGAR-OLCER-1.png\",\"datePublished\":\"2024-02-22T10:25:17+00:00\",\"dateModified\":\"2024-02-22T10:25:17+00:00\",\"breadcrumb\":{\"@id\":\"https:\/\/cartechdiagnostic.com\/en\/urun\/mini-anomemetre-ruzgar-olcer-wl-019-wellhise-ht81\/#breadcrumb\"},\"inLanguage\":\"en-US\",\"potentialAction\":[{\"@type\":\"ReadAction\",\"target\":[\"https:\/\/cartechdiagnostic.com\/en\/urun\/mini-anomemetre-ruzgar-olcer-wl-019-wellhise-ht81\/\"]}]},{\"@type\":\"ImageObject\",\"inLanguage\":\"en-US\",\"@id\":\"https:\/\/cartechdiagnostic.com\/en\/urun\/mini-anomemetre-ruzgar-olcer-wl-019-wellhise-ht81\/#primaryimage\",\"url\":\"https:\/\/cartechdiagnostic.com\/wp-content\/uploads\/2024\/02\/WL-019-WELLHISE-HT81-MINI-ANEMOMETRE-RUZGAR-OLCER-1.png\",\"contentUrl\":\"https:\/\/cartechdiagnostic.com\/wp-content\/uploads\/2024\/02\/WL-019-WELLHISE-HT81-MINI-ANEMOMETRE-RUZGAR-OLCER-1.png\",\"width\":1080,\"height\":1080},{\"@type\":\"BreadcrumbList\",\"@id\":\"https:\/\/cartechdiagnostic.com\/en\/urun\/mini-anomemetre-ruzgar-olcer-wl-019-wellhise-ht81\/#breadcrumb\",\"itemListElement\":[{\"@type\":\"ListItem\",\"position\":1,\"name\":\"Anasayfa\",\"item\":\"https:\/\/www.cartechdiagnostic.com\/en\/\"},{\"@type\":\"ListItem\",\"position\":2,\"name\":\"Ma\u011faza\",\"item\":\"https:\/\/www.cartechdiagnostic.com\/magaza\/\"},{\"@type\":\"ListItem\",\"position\":3,\"name\":\"Mini Anomemeter Wind Meter WL-019 WELLHISE HT81\"}]},{\"@type\":\"WebSite\",\"@id\":\"https:\/\/www.cartechdiagnostic.com\/en\/#website\",\"url\":\"https:\/\/www.cartechdiagnostic.com\/en\/\",\"name\":\"Car-Tech Diagnostic\",\"description\":\"Ar\u0131za Tespit Cihazlar\u0131 - ECU Programlama Cihazlar\u0131\",\"publisher\":{\"@id\":\"https:\/\/www.cartechdiagnostic.com\/en\/#organization\"},\"alternateName\":\"Car-Tech Diag\",\"potentialAction\":[{\"@type\":\"SearchAction\",\"target\":{\"@type\":\"EntryPoint\",\"urlTemplate\":\"https:\/\/www.cartechdiagnostic.com\/en\/?s={search_term_string}\"},\"query-input\":\"required name=search_term_string\"}],\"inLanguage\":\"en-US\"},{\"@type\":\"Organization\",\"@id\":\"https:\/\/www.cartechdiagnostic.com\/en\/#organization\",\"name\":\"Car-Tech Diagnostic Yaz\u0131l\u0131m Ltd. \u015eti.\",\"url\":\"https:\/\/www.cartechdiagnostic.com\/en\/\",\"logo\":{\"@type\":\"ImageObject\",\"inLanguage\":\"en-US\",\"@id\":\"https:\/\/www.cartechdiagnostic.com\/en\/#\/schema\/logo\/image\/\",\"url\":\"https:\/\/cartechdiagnostic.com\/wp-content\/uploads\/2023\/08\/logocartech.png\",\"contentUrl\":\"https:\/\/cartechdiagnostic.com\/wp-content\/uploads\/2023\/08\/logocartech.png\",\"width\":714,\"height\":340,\"caption\":\"Car-Tech Diagnostic Yaz\u0131l\u0131m Ltd. \u015eti.\"},\"image\":{\"@id\":\"https:\/\/www.cartechdiagnostic.com\/en\/#\/schema\/logo\/image\/\"},\"sameAs\":[\"https:\/\/www.instagram.com\/cartechdiagnostic\"]}]}<\/script>\n<!-- \/ Yoast SEO plugin. -->","yoast_head_json":{"title":"Mini Anomemeter Wind Meter WL-019 WELLHISE HT81 - Car-Tech Diagnostic","robots":{"index":"index","follow":"follow","max-snippet":"max-snippet:-1","max-image-preview":"max-image-preview:large","max-video-preview":"max-video-preview:-1"},"canonical":"https:\/\/cartechdiagnostic.com\/en\/urun\/mini-anomemetre-ruzgar-olcer-wl-019-wellhise-ht81\/","og_locale":"en_US","og_type":"article","og_title":"Mini Anomemeter Wind Meter WL-019 WELLHISE HT81 - Car-Tech Diagnostic","og_description":"WL-019 WELLHISE HT81 Mini Anemometer is a device for measuring wind speed. It is often used in outdoor conditions, in the field of meteorology, in the agricultural sector, on construction sites and other industrial applications. The HT81 model usually has a small and portable design, which allows users to carry and use it easily. It also has an easy-to-use interface and usually a large screen, which makes data easy to read. The device can usually measure wind speed in units of meters\/hour or kilometers\/hour. In addition, some models can also measure wind direction, allowing users to perform a more comprehensive weather analysis.","og_url":"https:\/\/cartechdiagnostic.com\/en\/urun\/mini-anomemetre-ruzgar-olcer-wl-019-wellhise-ht81\/","og_site_name":"Car-Tech Diagnostic","og_image":[{"width":1080,"height":1080,"url":"https:\/\/cartechdiagnostic.com\/wp-content\/uploads\/2024\/02\/WL-019-WELLHISE-HT81-MINI-ANEMOMETRE-RUZGAR-OLCER-1.png","type":"image\/png"}],"twitter_card":"summary_large_image","schema":{"@context":"https:\/\/schema.org","@graph":[{"@type":"WebPage","@id":"https:\/\/cartechdiagnostic.com\/en\/urun\/mini-anomemetre-ruzgar-olcer-wl-019-wellhise-ht81\/","url":"https:\/\/cartechdiagnostic.com\/en\/urun\/mini-anomemetre-ruzgar-olcer-wl-019-wellhise-ht81\/","name":"Mini Anomemeter Wind Meter WL-019 WELLHISE HT81 - Car-Tech Diagnostic","isPartOf":{"@id":"https:\/\/www.cartechdiagnostic.com\/en\/#website"},"primaryImageOfPage":{"@id":"https:\/\/cartechdiagnostic.com\/en\/urun\/mini-anomemetre-ruzgar-olcer-wl-019-wellhise-ht81\/#primaryimage"},"image":{"@id":"https:\/\/cartechdiagnostic.com\/en\/urun\/mini-anomemetre-ruzgar-olcer-wl-019-wellhise-ht81\/#primaryimage"},"thumbnailUrl":"https:\/\/cartechdiagnostic.com\/wp-content\/uploads\/2024\/02\/WL-019-WELLHISE-HT81-MINI-ANEMOMETRE-RUZGAR-OLCER-1.png","datePublished":"2024-02-22T10:25:17+00:00","dateModified":"2024-02-22T10:25:17+00:00","breadcrumb":{"@id":"https:\/\/cartechdiagnostic.com\/en\/urun\/mini-anomemetre-ruzgar-olcer-wl-019-wellhise-ht81\/#breadcrumb"},"inLanguage":"en-US","potentialAction":[{"@type":"ReadAction","target":["https:\/\/cartechdiagnostic.com\/en\/urun\/mini-anomemetre-ruzgar-olcer-wl-019-wellhise-ht81\/"]}]},{"@type":"ImageObject","inLanguage":"en-US","@id":"https:\/\/cartechdiagnostic.com\/en\/urun\/mini-anomemetre-ruzgar-olcer-wl-019-wellhise-ht81\/#primaryimage","url":"https:\/\/cartechdiagnostic.com\/wp-content\/uploads\/2024\/02\/WL-019-WELLHISE-HT81-MINI-ANEMOMETRE-RUZGAR-OLCER-1.png","contentUrl":"https:\/\/cartechdiagnostic.com\/wp-content\/uploads\/2024\/02\/WL-019-WELLHISE-HT81-MINI-ANEMOMETRE-RUZGAR-OLCER-1.png","width":1080,"height":1080},{"@type":"BreadcrumbList","@id":"https:\/\/cartechdiagnostic.com\/en\/urun\/mini-anomemetre-ruzgar-olcer-wl-019-wellhise-ht81\/#breadcrumb","itemListElement":[{"@type":"ListItem","position":1,"name":"Anasayfa","item":"https:\/\/www.cartechdiagnostic.com\/en\/"},{"@type":"ListItem","position":2,"name":"Ma\u011faza","item":"https:\/\/www.cartechdiagnostic.com\/magaza\/"},{"@type":"ListItem","position":3,"name":"Mini Anomemeter Wind Meter WL-019 WELLHISE HT81"}]},{"@type":"WebSite","@id":"https:\/\/www.cartechdiagnostic.com\/en\/#website","url":"https:\/\/www.cartechdiagnostic.com\/en\/","name":"Car-Tech Diagnostic","description":"Ar\u0131za Tespit Cihazlar\u0131 - ECU Programlama Cihazlar\u0131","publisher":{"@id":"https:\/\/www.cartechdiagnostic.com\/en\/#organization"},"alternateName":"Car-Tech Diag","potentialAction":[{"@type":"SearchAction","target":{"@type":"EntryPoint","urlTemplate":"https:\/\/www.cartechdiagnostic.com\/en\/?s={search_term_string}"},"query-input":"required name=search_term_string"}],"inLanguage":"en-US"},{"@type":"Organization","@id":"https:\/\/www.cartechdiagnostic.com\/en\/#organization","name":"Car-Tech Diagnostic Yaz\u0131l\u0131m Ltd. \u015eti.","url":"https:\/\/www.cartechdiagnostic.com\/en\/","logo":{"@type":"ImageObject","inLanguage":"en-US","@id":"https:\/\/www.cartechdiagnostic.com\/en\/#\/schema\/logo\/image\/","url":"https:\/\/cartechdiagnostic.com\/wp-content\/uploads\/2023\/08\/logocartech.png","contentUrl":"https:\/\/cartechdiagnostic.com\/wp-content\/uploads\/2023\/08\/logocartech.png","width":714,"height":340,"caption":"Car-Tech Diagnostic Yaz\u0131l\u0131m Ltd. \u015eti."},"image":{"@id":"https:\/\/www.cartechdiagnostic.com\/en\/#\/schema\/logo\/image\/"},"sameAs":["https:\/\/www.instagram.com\/cartechdiagnostic"]}]}},"_links":{"self":[{"href":"https:\/\/cartechdiagnostic.com\/en\/wp-json\/wp\/v2\/product\/18389","targetHints":{"allow":["GET"]}}],"collection":[{"href":"https:\/\/cartechdiagnostic.com\/en\/wp-json\/wp\/v2\/product"}],"about":[{"href":"https:\/\/cartechdiagnostic.com\/en\/wp-json\/wp\/v2\/types\/product"}],"replies":[{"embeddable":true,"href":"https:\/\/cartechdiagnostic.com\/en\/wp-json\/wp\/v2\/comments?post=18389"}],"version-history":[{"count":0,"href":"https:\/\/cartechdiagnostic.com\/en\/wp-json\/wp\/v2\/product\/18389\/revisions"}],"wp:featuredmedia":[{"embeddable":true,"href":"https:\/\/cartechdiagnostic.com\/en\/wp-json\/wp\/v2\/media\/16709"}],"wp:attachment":[{"href":"https:\/\/cartechdiagnostic.com\/en\/wp-json\/wp\/v2\/media?parent=18389"}],"wp:term":[{"taxonomy":"product_brand","embeddable":true,"href":"https:\/\/cartechdiagnostic.com\/en\/wp-json\/wp\/v2\/product_brand?post=18389"},{"taxonomy":"product_cat","embeddable":true,"href":"https:\/\/cartechdiagnostic.com\/en\/wp-json\/wp\/v2\/product_cat?post=18389"},{"taxonomy":"product_tag","embeddable":true,"href":"https:\/\/cartechdiagnostic.com\/en\/wp-json\/wp\/v2\/product_tag?post=18389"}],"curies":[{"name":"wp","href":"https:\/\/api.w.org\/{rel}","templated":true}]}}