{"id":18409,"date":"2024-02-22T13:18:16","date_gmt":"2024-02-22T10:18:16","guid":{"rendered":"https:\/urun\/kablo-test-cihazi-teknk-1049-uni-t-ut682\/"},"modified":"2024-02-22T13:18:16","modified_gmt":"2024-02-22T10:18:16","slug":"kablo-test-cihazi-teknk-1049-uni-t-ut682","status":"publish","type":"product","link":"https:\/\/cartechdiagnostic.com\/en\/urun\/kablo-test-cihazi-teknk-1049-uni-t-ut682\/","title":{"rendered":"Cable Tester TEKNK-1049 UNI-T UT682"},"content":{"rendered":"","protected":false},"excerpt":{"rendered":"<p>TEKNK-1049 UNI-T UT682 CABLE TESTER is a device used to test the accuracy and connections of electrical cables quickly and effectively. This device is often used in various fields such as electrical installation, maintenance and repair. The UT682 model is commonly used to identify cable runs, measure cable cross-section, trace cable circuits and verify cable connections. The instrument is usually also designed to detect short circuit, open circuit, wrong connection and polarity faults. This cable tester usually offers a range of features, including audible and visual alerts, automatic detection functions and a wide measurement range. In addition, the instrument usually has a portable and durable design, making it convenient for users to use during field work. TEKNK-1049 UNI-T UT682 Cable Tester is widely favored by electrical maintenance technicians, electrical engineers and other industry professionals. It is an important tool for people who want to check the safety and accuracy of electrical installations.       <\/p>\n","protected":false},"featured_media":16699,"comment_status":"open","ping_status":"closed","template":"","meta":{"_joinchat":[]},"product_brand":[],"product_cat":[1366,1367],"product_tag":[],"class_list":{"0":"post-18409","1":"product","2":"type-product","3":"status-publish","4":"has-post-thumbnail","6":"product_cat-service-auxiliary-equipment","7":"product_cat-test-equipments","9":"first","10":"outofstock","11":"sale","12":"shipping-taxable","13":"purchasable","14":"product-type-simple"},"yoast_head":"<!-- This site is optimized with the Yoast SEO plugin v22.8 - https:\/\/yoast.com\/wordpress\/plugins\/seo\/ -->\n<title>Cable Tester TEKNK-1049 UNI-T UT682 - Car-Tech Diagnostic<\/title>\n<meta name=\"robots\" content=\"index, follow, max-snippet:-1, max-image-preview:large, max-video-preview:-1\" \/>\n<link rel=\"canonical\" href=\"https:\/\/cartechdiagnostic.com\/en\/urun\/kablo-test-cihazi-teknk-1049-uni-t-ut682\/\" \/>\n<meta property=\"og:locale\" content=\"en_US\" \/>\n<meta property=\"og:type\" content=\"article\" \/>\n<meta property=\"og:title\" content=\"Cable Tester TEKNK-1049 UNI-T UT682 - Car-Tech Diagnostic\" \/>\n<meta property=\"og:description\" content=\"TEKNK-1049 UNI-T UT682 CABLE TESTER is a device used to test the accuracy and connections of electrical cables quickly and effectively. This device is often used in various fields such as electrical installation, maintenance and repair. The UT682 model is commonly used to identify cable runs, measure cable cross-section, trace cable circuits and verify cable connections. The instrument is usually also designed to detect short circuit, open circuit, wrong connection and polarity faults. This cable tester usually offers a range of features, including audible and visual alerts, automatic detection functions and a wide measurement range. In addition, the instrument usually has a portable and durable design, making it convenient for users to use during field work. TEKNK-1049 UNI-T UT682 Cable Tester is widely favored by electrical maintenance technicians, electrical engineers and other industry professionals. It is an important tool for people who want to check the safety and accuracy of electrical installations.\" \/>\n<meta property=\"og:url\" content=\"https:\/\/cartechdiagnostic.com\/en\/urun\/kablo-test-cihazi-teknk-1049-uni-t-ut682\/\" \/>\n<meta property=\"og:site_name\" content=\"Car-Tech Diagnostic\" \/>\n<meta property=\"og:image\" content=\"https:\/\/cartechdiagnostic.com\/wp-content\/uploads\/2024\/02\/TEKNK-1049-UNI-T-UT682-KABLO-TEST-CIHAZI-1.png\" \/>\n\t<meta property=\"og:image:width\" content=\"1080\" \/>\n\t<meta property=\"og:image:height\" content=\"1080\" \/>\n\t<meta property=\"og:image:type\" content=\"image\/png\" \/>\n<meta name=\"twitter:card\" content=\"summary_large_image\" \/>\n<script type=\"application\/ld+json\" class=\"yoast-schema-graph\">{\"@context\":\"https:\/\/schema.org\",\"@graph\":[{\"@type\":\"WebPage\",\"@id\":\"https:\/\/cartechdiagnostic.com\/en\/urun\/kablo-test-cihazi-teknk-1049-uni-t-ut682\/\",\"url\":\"https:\/\/cartechdiagnostic.com\/en\/urun\/kablo-test-cihazi-teknk-1049-uni-t-ut682\/\",\"name\":\"Cable Tester TEKNK-1049 UNI-T UT682 - Car-Tech Diagnostic\",\"isPartOf\":{\"@id\":\"https:\/\/www.cartechdiagnostic.com\/en\/#website\"},\"primaryImageOfPage\":{\"@id\":\"https:\/\/cartechdiagnostic.com\/en\/urun\/kablo-test-cihazi-teknk-1049-uni-t-ut682\/#primaryimage\"},\"image\":{\"@id\":\"https:\/\/cartechdiagnostic.com\/en\/urun\/kablo-test-cihazi-teknk-1049-uni-t-ut682\/#primaryimage\"},\"thumbnailUrl\":\"https:\/\/cartechdiagnostic.com\/wp-content\/uploads\/2024\/02\/TEKNK-1049-UNI-T-UT682-KABLO-TEST-CIHAZI-1.png\",\"datePublished\":\"2024-02-22T10:18:16+00:00\",\"dateModified\":\"2024-02-22T10:18:16+00:00\",\"breadcrumb\":{\"@id\":\"https:\/\/cartechdiagnostic.com\/en\/urun\/kablo-test-cihazi-teknk-1049-uni-t-ut682\/#breadcrumb\"},\"inLanguage\":\"en-US\",\"potentialAction\":[{\"@type\":\"ReadAction\",\"target\":[\"https:\/\/cartechdiagnostic.com\/en\/urun\/kablo-test-cihazi-teknk-1049-uni-t-ut682\/\"]}]},{\"@type\":\"ImageObject\",\"inLanguage\":\"en-US\",\"@id\":\"https:\/\/cartechdiagnostic.com\/en\/urun\/kablo-test-cihazi-teknk-1049-uni-t-ut682\/#primaryimage\",\"url\":\"https:\/\/cartechdiagnostic.com\/wp-content\/uploads\/2024\/02\/TEKNK-1049-UNI-T-UT682-KABLO-TEST-CIHAZI-1.png\",\"contentUrl\":\"https:\/\/cartechdiagnostic.com\/wp-content\/uploads\/2024\/02\/TEKNK-1049-UNI-T-UT682-KABLO-TEST-CIHAZI-1.png\",\"width\":1080,\"height\":1080},{\"@type\":\"BreadcrumbList\",\"@id\":\"https:\/\/cartechdiagnostic.com\/en\/urun\/kablo-test-cihazi-teknk-1049-uni-t-ut682\/#breadcrumb\",\"itemListElement\":[{\"@type\":\"ListItem\",\"position\":1,\"name\":\"Anasayfa\",\"item\":\"https:\/\/www.cartechdiagnostic.com\/en\/\"},{\"@type\":\"ListItem\",\"position\":2,\"name\":\"Ma\u011faza\",\"item\":\"https:\/\/www.cartechdiagnostic.com\/magaza\/\"},{\"@type\":\"ListItem\",\"position\":3,\"name\":\"Cable Tester TEKNK-1049 UNI-T UT682\"}]},{\"@type\":\"WebSite\",\"@id\":\"https:\/\/www.cartechdiagnostic.com\/en\/#website\",\"url\":\"https:\/\/www.cartechdiagnostic.com\/en\/\",\"name\":\"Car-Tech Diagnostic\",\"description\":\"Ar\u0131za Tespit Cihazlar\u0131 - ECU Programlama Cihazlar\u0131\",\"publisher\":{\"@id\":\"https:\/\/www.cartechdiagnostic.com\/en\/#organization\"},\"alternateName\":\"Car-Tech Diag\",\"potentialAction\":[{\"@type\":\"SearchAction\",\"target\":{\"@type\":\"EntryPoint\",\"urlTemplate\":\"https:\/\/www.cartechdiagnostic.com\/en\/?s={search_term_string}\"},\"query-input\":\"required name=search_term_string\"}],\"inLanguage\":\"en-US\"},{\"@type\":\"Organization\",\"@id\":\"https:\/\/www.cartechdiagnostic.com\/en\/#organization\",\"name\":\"Car-Tech Diagnostic Yaz\u0131l\u0131m Ltd. \u015eti.\",\"url\":\"https:\/\/www.cartechdiagnostic.com\/en\/\",\"logo\":{\"@type\":\"ImageObject\",\"inLanguage\":\"en-US\",\"@id\":\"https:\/\/www.cartechdiagnostic.com\/en\/#\/schema\/logo\/image\/\",\"url\":\"https:\/\/cartechdiagnostic.com\/wp-content\/uploads\/2023\/08\/logocartech.png\",\"contentUrl\":\"https:\/\/cartechdiagnostic.com\/wp-content\/uploads\/2023\/08\/logocartech.png\",\"width\":714,\"height\":340,\"caption\":\"Car-Tech Diagnostic Yaz\u0131l\u0131m Ltd. \u015eti.\"},\"image\":{\"@id\":\"https:\/\/www.cartechdiagnostic.com\/en\/#\/schema\/logo\/image\/\"},\"sameAs\":[\"https:\/\/www.instagram.com\/cartechdiagnostic\"]}]}<\/script>\n<!-- \/ Yoast SEO plugin. -->","yoast_head_json":{"title":"Cable Tester TEKNK-1049 UNI-T UT682 - Car-Tech Diagnostic","robots":{"index":"index","follow":"follow","max-snippet":"max-snippet:-1","max-image-preview":"max-image-preview:large","max-video-preview":"max-video-preview:-1"},"canonical":"https:\/\/cartechdiagnostic.com\/en\/urun\/kablo-test-cihazi-teknk-1049-uni-t-ut682\/","og_locale":"en_US","og_type":"article","og_title":"Cable Tester TEKNK-1049 UNI-T UT682 - Car-Tech Diagnostic","og_description":"TEKNK-1049 UNI-T UT682 CABLE TESTER is a device used to test the accuracy and connections of electrical cables quickly and effectively. This device is often used in various fields such as electrical installation, maintenance and repair. The UT682 model is commonly used to identify cable runs, measure cable cross-section, trace cable circuits and verify cable connections. The instrument is usually also designed to detect short circuit, open circuit, wrong connection and polarity faults. This cable tester usually offers a range of features, including audible and visual alerts, automatic detection functions and a wide measurement range. In addition, the instrument usually has a portable and durable design, making it convenient for users to use during field work. TEKNK-1049 UNI-T UT682 Cable Tester is widely favored by electrical maintenance technicians, electrical engineers and other industry professionals. It is an important tool for people who want to check the safety and accuracy of electrical installations.","og_url":"https:\/\/cartechdiagnostic.com\/en\/urun\/kablo-test-cihazi-teknk-1049-uni-t-ut682\/","og_site_name":"Car-Tech Diagnostic","og_image":[{"width":1080,"height":1080,"url":"https:\/\/cartechdiagnostic.com\/wp-content\/uploads\/2024\/02\/TEKNK-1049-UNI-T-UT682-KABLO-TEST-CIHAZI-1.png","type":"image\/png"}],"twitter_card":"summary_large_image","schema":{"@context":"https:\/\/schema.org","@graph":[{"@type":"WebPage","@id":"https:\/\/cartechdiagnostic.com\/en\/urun\/kablo-test-cihazi-teknk-1049-uni-t-ut682\/","url":"https:\/\/cartechdiagnostic.com\/en\/urun\/kablo-test-cihazi-teknk-1049-uni-t-ut682\/","name":"Cable Tester TEKNK-1049 UNI-T UT682 - Car-Tech Diagnostic","isPartOf":{"@id":"https:\/\/www.cartechdiagnostic.com\/en\/#website"},"primaryImageOfPage":{"@id":"https:\/\/cartechdiagnostic.com\/en\/urun\/kablo-test-cihazi-teknk-1049-uni-t-ut682\/#primaryimage"},"image":{"@id":"https:\/\/cartechdiagnostic.com\/en\/urun\/kablo-test-cihazi-teknk-1049-uni-t-ut682\/#primaryimage"},"thumbnailUrl":"https:\/\/cartechdiagnostic.com\/wp-content\/uploads\/2024\/02\/TEKNK-1049-UNI-T-UT682-KABLO-TEST-CIHAZI-1.png","datePublished":"2024-02-22T10:18:16+00:00","dateModified":"2024-02-22T10:18:16+00:00","breadcrumb":{"@id":"https:\/\/cartechdiagnostic.com\/en\/urun\/kablo-test-cihazi-teknk-1049-uni-t-ut682\/#breadcrumb"},"inLanguage":"en-US","potentialAction":[{"@type":"ReadAction","target":["https:\/\/cartechdiagnostic.com\/en\/urun\/kablo-test-cihazi-teknk-1049-uni-t-ut682\/"]}]},{"@type":"ImageObject","inLanguage":"en-US","@id":"https:\/\/cartechdiagnostic.com\/en\/urun\/kablo-test-cihazi-teknk-1049-uni-t-ut682\/#primaryimage","url":"https:\/\/cartechdiagnostic.com\/wp-content\/uploads\/2024\/02\/TEKNK-1049-UNI-T-UT682-KABLO-TEST-CIHAZI-1.png","contentUrl":"https:\/\/cartechdiagnostic.com\/wp-content\/uploads\/2024\/02\/TEKNK-1049-UNI-T-UT682-KABLO-TEST-CIHAZI-1.png","width":1080,"height":1080},{"@type":"BreadcrumbList","@id":"https:\/\/cartechdiagnostic.com\/en\/urun\/kablo-test-cihazi-teknk-1049-uni-t-ut682\/#breadcrumb","itemListElement":[{"@type":"ListItem","position":1,"name":"Anasayfa","item":"https:\/\/www.cartechdiagnostic.com\/en\/"},{"@type":"ListItem","position":2,"name":"Ma\u011faza","item":"https:\/\/www.cartechdiagnostic.com\/magaza\/"},{"@type":"ListItem","position":3,"name":"Cable Tester TEKNK-1049 UNI-T UT682"}]},{"@type":"WebSite","@id":"https:\/\/www.cartechdiagnostic.com\/en\/#website","url":"https:\/\/www.cartechdiagnostic.com\/en\/","name":"Car-Tech Diagnostic","description":"Ar\u0131za Tespit Cihazlar\u0131 - ECU Programlama Cihazlar\u0131","publisher":{"@id":"https:\/\/www.cartechdiagnostic.com\/en\/#organization"},"alternateName":"Car-Tech Diag","potentialAction":[{"@type":"SearchAction","target":{"@type":"EntryPoint","urlTemplate":"https:\/\/www.cartechdiagnostic.com\/en\/?s={search_term_string}"},"query-input":"required name=search_term_string"}],"inLanguage":"en-US"},{"@type":"Organization","@id":"https:\/\/www.cartechdiagnostic.com\/en\/#organization","name":"Car-Tech Diagnostic Yaz\u0131l\u0131m Ltd. \u015eti.","url":"https:\/\/www.cartechdiagnostic.com\/en\/","logo":{"@type":"ImageObject","inLanguage":"en-US","@id":"https:\/\/www.cartechdiagnostic.com\/en\/#\/schema\/logo\/image\/","url":"https:\/\/cartechdiagnostic.com\/wp-content\/uploads\/2023\/08\/logocartech.png","contentUrl":"https:\/\/cartechdiagnostic.com\/wp-content\/uploads\/2023\/08\/logocartech.png","width":714,"height":340,"caption":"Car-Tech Diagnostic Yaz\u0131l\u0131m Ltd. \u015eti."},"image":{"@id":"https:\/\/www.cartechdiagnostic.com\/en\/#\/schema\/logo\/image\/"},"sameAs":["https:\/\/www.instagram.com\/cartechdiagnostic"]}]}},"_links":{"self":[{"href":"https:\/\/cartechdiagnostic.com\/en\/wp-json\/wp\/v2\/product\/18409","targetHints":{"allow":["GET"]}}],"collection":[{"href":"https:\/\/cartechdiagnostic.com\/en\/wp-json\/wp\/v2\/product"}],"about":[{"href":"https:\/\/cartechdiagnostic.com\/en\/wp-json\/wp\/v2\/types\/product"}],"replies":[{"embeddable":true,"href":"https:\/\/cartechdiagnostic.com\/en\/wp-json\/wp\/v2\/comments?post=18409"}],"version-history":[{"count":0,"href":"https:\/\/cartechdiagnostic.com\/en\/wp-json\/wp\/v2\/product\/18409\/revisions"}],"wp:featuredmedia":[{"embeddable":true,"href":"https:\/\/cartechdiagnostic.com\/en\/wp-json\/wp\/v2\/media\/16699"}],"wp:attachment":[{"href":"https:\/\/cartechdiagnostic.com\/en\/wp-json\/wp\/v2\/media?parent=18409"}],"wp:term":[{"taxonomy":"product_brand","embeddable":true,"href":"https:\/\/cartechdiagnostic.com\/en\/wp-json\/wp\/v2\/product_brand?post=18409"},{"taxonomy":"product_cat","embeddable":true,"href":"https:\/\/cartechdiagnostic.com\/en\/wp-json\/wp\/v2\/product_cat?post=18409"},{"taxonomy":"product_tag","embeddable":true,"href":"https:\/\/cartechdiagnostic.com\/en\/wp-json\/wp\/v2\/product_tag?post=18409"}],"curies":[{"name":"wp","href":"https:\/\/api.w.org\/{rel}","templated":true}]}}