{"id":18423,"date":"2024-02-22T13:10:43","date_gmt":"2024-02-22T10:10:43","guid":{"rendered":"https:\/urun\/yazicili-aku-test-cihazi-wl-134-duoyi-dy3015c\/"},"modified":"2024-08-10T15:16:23","modified_gmt":"2024-08-10T12:16:23","slug":"yazicili-aku-test-cihazi-wl-134-duoyi-dy3015c","status":"publish","type":"product","link":"https:\/\/cartechdiagnostic.com\/en\/urun\/yazicili-aku-test-cihazi-wl-134-duoyi-dy3015c\/","title":{"rendered":"Battery Tester with Printer WL-134 DUOYI DY3015C"},"content":{"rendered":"","protected":false},"excerpt":{"rendered":"<p>WL-134 DUOYI DY3015C BATTERY TESTER WITH PRINTER is a device used to test the condition of various types of batteries. The DY3015C model is designed for testing batteries typically used in automotive, marine and industrial applications. This device is usually equipped with a large LCD screen and easy-to-use buttons. It is used to measure voltage, capacity, resistance, current discharge and other important parameters of the battery. Furthermore, some models can be equipped with self-test functions or printer capability, enabling easy recording and reporting of measurement results. The WL-134 DUOYI DY3015C Battery Tester has a durable construction and is suitable for long-term use. It can be used by both professional automotive technicians and amateur users.<\/p>\n","protected":false},"featured_media":16688,"comment_status":"open","ping_status":"closed","template":"","meta":{"_joinchat":[]},"product_brand":[],"product_cat":[1366,1367],"product_tag":[],"class_list":{"0":"post-18423","1":"product","2":"type-product","3":"status-publish","4":"has-post-thumbnail","6":"product_cat-service-auxiliary-equipment","7":"product_cat-test-equipments","9":"first","10":"instock","11":"sale","12":"shipping-taxable","13":"purchasable","14":"product-type-simple"},"yoast_head":"<!-- This site is optimized with the Yoast SEO plugin v22.8 - https:\/\/yoast.com\/wordpress\/plugins\/seo\/ -->\n<title>Battery Tester with Printer WL-134 DUOYI DY3015C - Car-Tech Diagnostic<\/title>\n<meta name=\"robots\" content=\"index, follow, max-snippet:-1, max-image-preview:large, max-video-preview:-1\" \/>\n<link rel=\"canonical\" href=\"https:\/\/cartechdiagnostic.com\/en\/urun\/yazicili-aku-test-cihazi-wl-134-duoyi-dy3015c\/\" \/>\n<meta property=\"og:locale\" content=\"en_US\" \/>\n<meta property=\"og:type\" content=\"article\" \/>\n<meta property=\"og:title\" content=\"Battery Tester with Printer WL-134 DUOYI DY3015C - Car-Tech Diagnostic\" \/>\n<meta property=\"og:description\" content=\"WL-134 DUOYI DY3015C BATTERY TESTER WITH PRINTER is a device used to test the condition of various types of batteries. The DY3015C model is designed for testing batteries typically used in automotive, marine and industrial applications. This device is usually equipped with a large LCD screen and easy-to-use buttons. It is used to measure voltage, capacity, resistance, current discharge and other important parameters of the battery. Furthermore, some models can be equipped with self-test functions or printer capability, enabling easy recording and reporting of measurement results. The WL-134 DUOYI DY3015C Battery Tester has a durable construction and is suitable for long-term use. It can be used by both professional automotive technicians and amateur users.\" \/>\n<meta property=\"og:url\" content=\"https:\/\/cartechdiagnostic.com\/en\/urun\/yazicili-aku-test-cihazi-wl-134-duoyi-dy3015c\/\" \/>\n<meta property=\"og:site_name\" content=\"Car-Tech Diagnostic\" \/>\n<meta property=\"article:modified_time\" content=\"2024-08-10T12:16:23+00:00\" \/>\n<meta property=\"og:image\" content=\"https:\/\/cartechdiagnostic.com\/wp-content\/uploads\/2024\/02\/6.-Aku-Test-WL-134-DUOYI-DY3015C-YAZICILI-AKU-TEST-CIHAZI-1.png\" \/>\n\t<meta property=\"og:image:width\" content=\"1080\" \/>\n\t<meta property=\"og:image:height\" content=\"1080\" \/>\n\t<meta property=\"og:image:type\" content=\"image\/png\" \/>\n<meta name=\"twitter:card\" content=\"summary_large_image\" \/>\n<script type=\"application\/ld+json\" class=\"yoast-schema-graph\">{\"@context\":\"https:\/\/schema.org\",\"@graph\":[{\"@type\":\"WebPage\",\"@id\":\"https:\/\/cartechdiagnostic.com\/en\/urun\/yazicili-aku-test-cihazi-wl-134-duoyi-dy3015c\/\",\"url\":\"https:\/\/cartechdiagnostic.com\/en\/urun\/yazicili-aku-test-cihazi-wl-134-duoyi-dy3015c\/\",\"name\":\"Battery Tester with Printer WL-134 DUOYI DY3015C - Car-Tech Diagnostic\",\"isPartOf\":{\"@id\":\"https:\/\/www.cartechdiagnostic.com\/en\/#website\"},\"primaryImageOfPage\":{\"@id\":\"https:\/\/cartechdiagnostic.com\/en\/urun\/yazicili-aku-test-cihazi-wl-134-duoyi-dy3015c\/#primaryimage\"},\"image\":{\"@id\":\"https:\/\/cartechdiagnostic.com\/en\/urun\/yazicili-aku-test-cihazi-wl-134-duoyi-dy3015c\/#primaryimage\"},\"thumbnailUrl\":\"https:\/\/cartechdiagnostic.com\/wp-content\/uploads\/2024\/02\/6.-Aku-Test-WL-134-DUOYI-DY3015C-YAZICILI-AKU-TEST-CIHAZI-1.png\",\"datePublished\":\"2024-02-22T10:10:43+00:00\",\"dateModified\":\"2024-08-10T12:16:23+00:00\",\"breadcrumb\":{\"@id\":\"https:\/\/cartechdiagnostic.com\/en\/urun\/yazicili-aku-test-cihazi-wl-134-duoyi-dy3015c\/#breadcrumb\"},\"inLanguage\":\"en-US\",\"potentialAction\":[{\"@type\":\"ReadAction\",\"target\":[\"https:\/\/cartechdiagnostic.com\/en\/urun\/yazicili-aku-test-cihazi-wl-134-duoyi-dy3015c\/\"]}]},{\"@type\":\"ImageObject\",\"inLanguage\":\"en-US\",\"@id\":\"https:\/\/cartechdiagnostic.com\/en\/urun\/yazicili-aku-test-cihazi-wl-134-duoyi-dy3015c\/#primaryimage\",\"url\":\"https:\/\/cartechdiagnostic.com\/wp-content\/uploads\/2024\/02\/6.-Aku-Test-WL-134-DUOYI-DY3015C-YAZICILI-AKU-TEST-CIHAZI-1.png\",\"contentUrl\":\"https:\/\/cartechdiagnostic.com\/wp-content\/uploads\/2024\/02\/6.-Aku-Test-WL-134-DUOYI-DY3015C-YAZICILI-AKU-TEST-CIHAZI-1.png\",\"width\":1080,\"height\":1080},{\"@type\":\"BreadcrumbList\",\"@id\":\"https:\/\/cartechdiagnostic.com\/en\/urun\/yazicili-aku-test-cihazi-wl-134-duoyi-dy3015c\/#breadcrumb\",\"itemListElement\":[{\"@type\":\"ListItem\",\"position\":1,\"name\":\"Anasayfa\",\"item\":\"https:\/\/www.cartechdiagnostic.com\/en\/\"},{\"@type\":\"ListItem\",\"position\":2,\"name\":\"Ma\u011faza\",\"item\":\"https:\/\/www.cartechdiagnostic.com\/magaza\/\"},{\"@type\":\"ListItem\",\"position\":3,\"name\":\"Battery Tester with Printer WL-134 DUOYI DY3015C\"}]},{\"@type\":\"WebSite\",\"@id\":\"https:\/\/www.cartechdiagnostic.com\/en\/#website\",\"url\":\"https:\/\/www.cartechdiagnostic.com\/en\/\",\"name\":\"Car-Tech Diagnostic\",\"description\":\"Ar\u0131za Tespit Cihazlar\u0131 - ECU Programlama Cihazlar\u0131\",\"publisher\":{\"@id\":\"https:\/\/www.cartechdiagnostic.com\/en\/#organization\"},\"alternateName\":\"Car-Tech Diag\",\"potentialAction\":[{\"@type\":\"SearchAction\",\"target\":{\"@type\":\"EntryPoint\",\"urlTemplate\":\"https:\/\/www.cartechdiagnostic.com\/en\/?s={search_term_string}\"},\"query-input\":\"required name=search_term_string\"}],\"inLanguage\":\"en-US\"},{\"@type\":\"Organization\",\"@id\":\"https:\/\/www.cartechdiagnostic.com\/en\/#organization\",\"name\":\"Car-Tech Diagnostic Yaz\u0131l\u0131m Ltd. \u015eti.\",\"url\":\"https:\/\/www.cartechdiagnostic.com\/en\/\",\"logo\":{\"@type\":\"ImageObject\",\"inLanguage\":\"en-US\",\"@id\":\"https:\/\/www.cartechdiagnostic.com\/en\/#\/schema\/logo\/image\/\",\"url\":\"https:\/\/cartechdiagnostic.com\/wp-content\/uploads\/2023\/08\/logocartech.png\",\"contentUrl\":\"https:\/\/cartechdiagnostic.com\/wp-content\/uploads\/2023\/08\/logocartech.png\",\"width\":714,\"height\":340,\"caption\":\"Car-Tech Diagnostic Yaz\u0131l\u0131m Ltd. \u015eti.\"},\"image\":{\"@id\":\"https:\/\/www.cartechdiagnostic.com\/en\/#\/schema\/logo\/image\/\"},\"sameAs\":[\"https:\/\/www.instagram.com\/cartechdiagnostic\"]}]}<\/script>\n<!-- \/ Yoast SEO plugin. -->","yoast_head_json":{"title":"Battery Tester with Printer WL-134 DUOYI DY3015C - Car-Tech Diagnostic","robots":{"index":"index","follow":"follow","max-snippet":"max-snippet:-1","max-image-preview":"max-image-preview:large","max-video-preview":"max-video-preview:-1"},"canonical":"https:\/\/cartechdiagnostic.com\/en\/urun\/yazicili-aku-test-cihazi-wl-134-duoyi-dy3015c\/","og_locale":"en_US","og_type":"article","og_title":"Battery Tester with Printer WL-134 DUOYI DY3015C - Car-Tech Diagnostic","og_description":"WL-134 DUOYI DY3015C BATTERY TESTER WITH PRINTER is a device used to test the condition of various types of batteries. The DY3015C model is designed for testing batteries typically used in automotive, marine and industrial applications. This device is usually equipped with a large LCD screen and easy-to-use buttons. It is used to measure voltage, capacity, resistance, current discharge and other important parameters of the battery. Furthermore, some models can be equipped with self-test functions or printer capability, enabling easy recording and reporting of measurement results. The WL-134 DUOYI DY3015C Battery Tester has a durable construction and is suitable for long-term use. It can be used by both professional automotive technicians and amateur users.","og_url":"https:\/\/cartechdiagnostic.com\/en\/urun\/yazicili-aku-test-cihazi-wl-134-duoyi-dy3015c\/","og_site_name":"Car-Tech Diagnostic","article_modified_time":"2024-08-10T12:16:23+00:00","og_image":[{"width":1080,"height":1080,"url":"https:\/\/cartechdiagnostic.com\/wp-content\/uploads\/2024\/02\/6.-Aku-Test-WL-134-DUOYI-DY3015C-YAZICILI-AKU-TEST-CIHAZI-1.png","type":"image\/png"}],"twitter_card":"summary_large_image","schema":{"@context":"https:\/\/schema.org","@graph":[{"@type":"WebPage","@id":"https:\/\/cartechdiagnostic.com\/en\/urun\/yazicili-aku-test-cihazi-wl-134-duoyi-dy3015c\/","url":"https:\/\/cartechdiagnostic.com\/en\/urun\/yazicili-aku-test-cihazi-wl-134-duoyi-dy3015c\/","name":"Battery Tester with Printer WL-134 DUOYI DY3015C - Car-Tech Diagnostic","isPartOf":{"@id":"https:\/\/www.cartechdiagnostic.com\/en\/#website"},"primaryImageOfPage":{"@id":"https:\/\/cartechdiagnostic.com\/en\/urun\/yazicili-aku-test-cihazi-wl-134-duoyi-dy3015c\/#primaryimage"},"image":{"@id":"https:\/\/cartechdiagnostic.com\/en\/urun\/yazicili-aku-test-cihazi-wl-134-duoyi-dy3015c\/#primaryimage"},"thumbnailUrl":"https:\/\/cartechdiagnostic.com\/wp-content\/uploads\/2024\/02\/6.-Aku-Test-WL-134-DUOYI-DY3015C-YAZICILI-AKU-TEST-CIHAZI-1.png","datePublished":"2024-02-22T10:10:43+00:00","dateModified":"2024-08-10T12:16:23+00:00","breadcrumb":{"@id":"https:\/\/cartechdiagnostic.com\/en\/urun\/yazicili-aku-test-cihazi-wl-134-duoyi-dy3015c\/#breadcrumb"},"inLanguage":"en-US","potentialAction":[{"@type":"ReadAction","target":["https:\/\/cartechdiagnostic.com\/en\/urun\/yazicili-aku-test-cihazi-wl-134-duoyi-dy3015c\/"]}]},{"@type":"ImageObject","inLanguage":"en-US","@id":"https:\/\/cartechdiagnostic.com\/en\/urun\/yazicili-aku-test-cihazi-wl-134-duoyi-dy3015c\/#primaryimage","url":"https:\/\/cartechdiagnostic.com\/wp-content\/uploads\/2024\/02\/6.-Aku-Test-WL-134-DUOYI-DY3015C-YAZICILI-AKU-TEST-CIHAZI-1.png","contentUrl":"https:\/\/cartechdiagnostic.com\/wp-content\/uploads\/2024\/02\/6.-Aku-Test-WL-134-DUOYI-DY3015C-YAZICILI-AKU-TEST-CIHAZI-1.png","width":1080,"height":1080},{"@type":"BreadcrumbList","@id":"https:\/\/cartechdiagnostic.com\/en\/urun\/yazicili-aku-test-cihazi-wl-134-duoyi-dy3015c\/#breadcrumb","itemListElement":[{"@type":"ListItem","position":1,"name":"Anasayfa","item":"https:\/\/www.cartechdiagnostic.com\/en\/"},{"@type":"ListItem","position":2,"name":"Ma\u011faza","item":"https:\/\/www.cartechdiagnostic.com\/magaza\/"},{"@type":"ListItem","position":3,"name":"Battery Tester with Printer WL-134 DUOYI DY3015C"}]},{"@type":"WebSite","@id":"https:\/\/www.cartechdiagnostic.com\/en\/#website","url":"https:\/\/www.cartechdiagnostic.com\/en\/","name":"Car-Tech Diagnostic","description":"Ar\u0131za Tespit Cihazlar\u0131 - ECU Programlama Cihazlar\u0131","publisher":{"@id":"https:\/\/www.cartechdiagnostic.com\/en\/#organization"},"alternateName":"Car-Tech Diag","potentialAction":[{"@type":"SearchAction","target":{"@type":"EntryPoint","urlTemplate":"https:\/\/www.cartechdiagnostic.com\/en\/?s={search_term_string}"},"query-input":"required name=search_term_string"}],"inLanguage":"en-US"},{"@type":"Organization","@id":"https:\/\/www.cartechdiagnostic.com\/en\/#organization","name":"Car-Tech Diagnostic Yaz\u0131l\u0131m Ltd. \u015eti.","url":"https:\/\/www.cartechdiagnostic.com\/en\/","logo":{"@type":"ImageObject","inLanguage":"en-US","@id":"https:\/\/www.cartechdiagnostic.com\/en\/#\/schema\/logo\/image\/","url":"https:\/\/cartechdiagnostic.com\/wp-content\/uploads\/2023\/08\/logocartech.png","contentUrl":"https:\/\/cartechdiagnostic.com\/wp-content\/uploads\/2023\/08\/logocartech.png","width":714,"height":340,"caption":"Car-Tech Diagnostic Yaz\u0131l\u0131m Ltd. \u015eti."},"image":{"@id":"https:\/\/www.cartechdiagnostic.com\/en\/#\/schema\/logo\/image\/"},"sameAs":["https:\/\/www.instagram.com\/cartechdiagnostic"]}]}},"_links":{"self":[{"href":"https:\/\/cartechdiagnostic.com\/en\/wp-json\/wp\/v2\/product\/18423","targetHints":{"allow":["GET"]}}],"collection":[{"href":"https:\/\/cartechdiagnostic.com\/en\/wp-json\/wp\/v2\/product"}],"about":[{"href":"https:\/\/cartechdiagnostic.com\/en\/wp-json\/wp\/v2\/types\/product"}],"replies":[{"embeddable":true,"href":"https:\/\/cartechdiagnostic.com\/en\/wp-json\/wp\/v2\/comments?post=18423"}],"version-history":[{"count":1,"href":"https:\/\/cartechdiagnostic.com\/en\/wp-json\/wp\/v2\/product\/18423\/revisions"}],"predecessor-version":[{"id":18508,"href":"https:\/\/cartechdiagnostic.com\/en\/wp-json\/wp\/v2\/product\/18423\/revisions\/18508"}],"wp:featuredmedia":[{"embeddable":true,"href":"https:\/\/cartechdiagnostic.com\/en\/wp-json\/wp\/v2\/media\/16688"}],"wp:attachment":[{"href":"https:\/\/cartechdiagnostic.com\/en\/wp-json\/wp\/v2\/media?parent=18423"}],"wp:term":[{"taxonomy":"product_brand","embeddable":true,"href":"https:\/\/cartechdiagnostic.com\/en\/wp-json\/wp\/v2\/product_brand?post=18423"},{"taxonomy":"product_cat","embeddable":true,"href":"https:\/\/cartechdiagnostic.com\/en\/wp-json\/wp\/v2\/product_cat?post=18423"},{"taxonomy":"product_tag","embeddable":true,"href":"https:\/\/cartechdiagnostic.com\/en\/wp-json\/wp\/v2\/product_tag?post=18423"}],"curies":[{"name":"wp","href":"https:\/\/api.w.org\/{rel}","templated":true}]}}