{"id":18433,"date":"2024-02-22T13:04:38","date_gmt":"2024-02-22T10:04:38","guid":{"rendered":"https:\/urun\/yazicili-aku-test-cihazi-wl-004-duoyi-dy2015b\/"},"modified":"2024-02-22T13:04:38","modified_gmt":"2024-02-22T10:04:38","slug":"yazicili-aku-test-cihazi-wl-004-duoyi-dy2015b","status":"publish","type":"product","link":"https:\/\/cartechdiagnostic.com\/en\/urun\/yazicili-aku-test-cihazi-wl-004-duoyi-dy2015b\/","title":{"rendered":"Battery Tester with Printer &#8211; WL-004 DUOYI DY2015B"},"content":{"rendered":"","protected":false},"excerpt":{"rendered":"<p>WL-004 DUOYI DY2015B BATTERY TESTER WITH PRINTER is a device used to evaluate and test the condition of batteries. The DY2015B model is designed for testing various types of batteries commonly used in automotive, marine, solar and industrial applications.  This battery tester is usually equipped with a large LCD display and easy-to-use buttons. Measure voltage, capacity, resistance, current discharge and other important parameters of the battery. Some models are equipped with printer capability so that measurement results can be easily recorded and reported. The WL-004 DUOYI DY2015B battery tester with printer has a durable construction and is designed for professional use.  It provides reliable results and allows different types of batteries to be tested.<\/p>\n","protected":false},"featured_media":16681,"comment_status":"open","ping_status":"closed","template":"","meta":{"_joinchat":[]},"product_brand":[],"product_cat":[1366,1367],"product_tag":[],"class_list":{"0":"post-18433","1":"product","2":"type-product","3":"status-publish","4":"has-post-thumbnail","6":"product_cat-service-auxiliary-equipment","7":"product_cat-test-equipments","9":"first","10":"instock","11":"sale","12":"shipping-taxable","13":"purchasable","14":"product-type-simple"},"yoast_head":"<!-- This site is optimized with the Yoast SEO plugin v22.8 - https:\/\/yoast.com\/wordpress\/plugins\/seo\/ -->\n<title>Battery Tester with Printer - WL-004 DUOYI DY2015B - Car-Tech Diagnostic<\/title>\n<meta name=\"robots\" content=\"index, follow, max-snippet:-1, max-image-preview:large, max-video-preview:-1\" \/>\n<link rel=\"canonical\" href=\"https:\/\/cartechdiagnostic.com\/en\/urun\/yazicili-aku-test-cihazi-wl-004-duoyi-dy2015b\/\" \/>\n<meta property=\"og:locale\" content=\"en_US\" \/>\n<meta property=\"og:type\" content=\"article\" \/>\n<meta property=\"og:title\" content=\"Battery Tester with Printer - WL-004 DUOYI DY2015B - Car-Tech Diagnostic\" \/>\n<meta property=\"og:description\" content=\"WL-004 DUOYI DY2015B BATTERY TESTER WITH PRINTER is a device used to evaluate and test the condition of batteries. The DY2015B model is designed for testing various types of batteries commonly used in automotive, marine, solar and industrial applications. This battery tester is usually equipped with a large LCD display and easy-to-use buttons. Measure voltage, capacity, resistance, current discharge and other important parameters of the battery. Some models are equipped with printer capability so that measurement results can be easily recorded and reported. The WL-004 DUOYI DY2015B battery tester with printer has a durable construction and is designed for professional use. It provides reliable results and allows different types of batteries to be tested.\" \/>\n<meta property=\"og:url\" content=\"https:\/\/cartechdiagnostic.com\/en\/urun\/yazicili-aku-test-cihazi-wl-004-duoyi-dy2015b\/\" \/>\n<meta property=\"og:site_name\" content=\"Car-Tech Diagnostic\" \/>\n<meta property=\"og:image\" content=\"https:\/\/cartechdiagnostic.com\/wp-content\/uploads\/2024\/02\/6.-Aku-Test-WL-004-DUOYI-DY2015B-YAZICILI-AKU-TEST-CIHAZI-1.png\" \/>\n\t<meta property=\"og:image:width\" content=\"1080\" \/>\n\t<meta property=\"og:image:height\" content=\"1080\" \/>\n\t<meta property=\"og:image:type\" content=\"image\/png\" \/>\n<meta name=\"twitter:card\" content=\"summary_large_image\" \/>\n<script type=\"application\/ld+json\" class=\"yoast-schema-graph\">{\"@context\":\"https:\/\/schema.org\",\"@graph\":[{\"@type\":\"WebPage\",\"@id\":\"https:\/\/cartechdiagnostic.com\/en\/urun\/yazicili-aku-test-cihazi-wl-004-duoyi-dy2015b\/\",\"url\":\"https:\/\/cartechdiagnostic.com\/en\/urun\/yazicili-aku-test-cihazi-wl-004-duoyi-dy2015b\/\",\"name\":\"Battery Tester with Printer - WL-004 DUOYI DY2015B - Car-Tech Diagnostic\",\"isPartOf\":{\"@id\":\"https:\/\/www.cartechdiagnostic.com\/en\/#website\"},\"primaryImageOfPage\":{\"@id\":\"https:\/\/cartechdiagnostic.com\/en\/urun\/yazicili-aku-test-cihazi-wl-004-duoyi-dy2015b\/#primaryimage\"},\"image\":{\"@id\":\"https:\/\/cartechdiagnostic.com\/en\/urun\/yazicili-aku-test-cihazi-wl-004-duoyi-dy2015b\/#primaryimage\"},\"thumbnailUrl\":\"https:\/\/cartechdiagnostic.com\/wp-content\/uploads\/2024\/02\/6.-Aku-Test-WL-004-DUOYI-DY2015B-YAZICILI-AKU-TEST-CIHAZI-1.png\",\"datePublished\":\"2024-02-22T10:04:38+00:00\",\"dateModified\":\"2024-02-22T10:04:38+00:00\",\"breadcrumb\":{\"@id\":\"https:\/\/cartechdiagnostic.com\/en\/urun\/yazicili-aku-test-cihazi-wl-004-duoyi-dy2015b\/#breadcrumb\"},\"inLanguage\":\"en-US\",\"potentialAction\":[{\"@type\":\"ReadAction\",\"target\":[\"https:\/\/cartechdiagnostic.com\/en\/urun\/yazicili-aku-test-cihazi-wl-004-duoyi-dy2015b\/\"]}]},{\"@type\":\"ImageObject\",\"inLanguage\":\"en-US\",\"@id\":\"https:\/\/cartechdiagnostic.com\/en\/urun\/yazicili-aku-test-cihazi-wl-004-duoyi-dy2015b\/#primaryimage\",\"url\":\"https:\/\/cartechdiagnostic.com\/wp-content\/uploads\/2024\/02\/6.-Aku-Test-WL-004-DUOYI-DY2015B-YAZICILI-AKU-TEST-CIHAZI-1.png\",\"contentUrl\":\"https:\/\/cartechdiagnostic.com\/wp-content\/uploads\/2024\/02\/6.-Aku-Test-WL-004-DUOYI-DY2015B-YAZICILI-AKU-TEST-CIHAZI-1.png\",\"width\":1080,\"height\":1080},{\"@type\":\"BreadcrumbList\",\"@id\":\"https:\/\/cartechdiagnostic.com\/en\/urun\/yazicili-aku-test-cihazi-wl-004-duoyi-dy2015b\/#breadcrumb\",\"itemListElement\":[{\"@type\":\"ListItem\",\"position\":1,\"name\":\"Anasayfa\",\"item\":\"https:\/\/www.cartechdiagnostic.com\/en\/\"},{\"@type\":\"ListItem\",\"position\":2,\"name\":\"Ma\u011faza\",\"item\":\"https:\/\/www.cartechdiagnostic.com\/magaza\/\"},{\"@type\":\"ListItem\",\"position\":3,\"name\":\"Battery Tester with Printer &#8211; WL-004 DUOYI DY2015B\"}]},{\"@type\":\"WebSite\",\"@id\":\"https:\/\/www.cartechdiagnostic.com\/en\/#website\",\"url\":\"https:\/\/www.cartechdiagnostic.com\/en\/\",\"name\":\"Car-Tech Diagnostic\",\"description\":\"Ar\u0131za Tespit Cihazlar\u0131 - ECU Programlama Cihazlar\u0131\",\"publisher\":{\"@id\":\"https:\/\/www.cartechdiagnostic.com\/en\/#organization\"},\"alternateName\":\"Car-Tech Diag\",\"potentialAction\":[{\"@type\":\"SearchAction\",\"target\":{\"@type\":\"EntryPoint\",\"urlTemplate\":\"https:\/\/www.cartechdiagnostic.com\/en\/?s={search_term_string}\"},\"query-input\":\"required name=search_term_string\"}],\"inLanguage\":\"en-US\"},{\"@type\":\"Organization\",\"@id\":\"https:\/\/www.cartechdiagnostic.com\/en\/#organization\",\"name\":\"Car-Tech Diagnostic Yaz\u0131l\u0131m Ltd. \u015eti.\",\"url\":\"https:\/\/www.cartechdiagnostic.com\/en\/\",\"logo\":{\"@type\":\"ImageObject\",\"inLanguage\":\"en-US\",\"@id\":\"https:\/\/www.cartechdiagnostic.com\/en\/#\/schema\/logo\/image\/\",\"url\":\"https:\/\/cartechdiagnostic.com\/wp-content\/uploads\/2023\/08\/logocartech.png\",\"contentUrl\":\"https:\/\/cartechdiagnostic.com\/wp-content\/uploads\/2023\/08\/logocartech.png\",\"width\":714,\"height\":340,\"caption\":\"Car-Tech Diagnostic Yaz\u0131l\u0131m Ltd. \u015eti.\"},\"image\":{\"@id\":\"https:\/\/www.cartechdiagnostic.com\/en\/#\/schema\/logo\/image\/\"},\"sameAs\":[\"https:\/\/www.instagram.com\/cartechdiagnostic\"]}]}<\/script>\n<!-- \/ Yoast SEO plugin. -->","yoast_head_json":{"title":"Battery Tester with Printer - WL-004 DUOYI DY2015B - Car-Tech Diagnostic","robots":{"index":"index","follow":"follow","max-snippet":"max-snippet:-1","max-image-preview":"max-image-preview:large","max-video-preview":"max-video-preview:-1"},"canonical":"https:\/\/cartechdiagnostic.com\/en\/urun\/yazicili-aku-test-cihazi-wl-004-duoyi-dy2015b\/","og_locale":"en_US","og_type":"article","og_title":"Battery Tester with Printer - WL-004 DUOYI DY2015B - Car-Tech Diagnostic","og_description":"WL-004 DUOYI DY2015B BATTERY TESTER WITH PRINTER is a device used to evaluate and test the condition of batteries. The DY2015B model is designed for testing various types of batteries commonly used in automotive, marine, solar and industrial applications. This battery tester is usually equipped with a large LCD display and easy-to-use buttons. Measure voltage, capacity, resistance, current discharge and other important parameters of the battery. Some models are equipped with printer capability so that measurement results can be easily recorded and reported. The WL-004 DUOYI DY2015B battery tester with printer has a durable construction and is designed for professional use. It provides reliable results and allows different types of batteries to be tested.","og_url":"https:\/\/cartechdiagnostic.com\/en\/urun\/yazicili-aku-test-cihazi-wl-004-duoyi-dy2015b\/","og_site_name":"Car-Tech Diagnostic","og_image":[{"width":1080,"height":1080,"url":"https:\/\/cartechdiagnostic.com\/wp-content\/uploads\/2024\/02\/6.-Aku-Test-WL-004-DUOYI-DY2015B-YAZICILI-AKU-TEST-CIHAZI-1.png","type":"image\/png"}],"twitter_card":"summary_large_image","schema":{"@context":"https:\/\/schema.org","@graph":[{"@type":"WebPage","@id":"https:\/\/cartechdiagnostic.com\/en\/urun\/yazicili-aku-test-cihazi-wl-004-duoyi-dy2015b\/","url":"https:\/\/cartechdiagnostic.com\/en\/urun\/yazicili-aku-test-cihazi-wl-004-duoyi-dy2015b\/","name":"Battery Tester with Printer - WL-004 DUOYI DY2015B - Car-Tech Diagnostic","isPartOf":{"@id":"https:\/\/www.cartechdiagnostic.com\/en\/#website"},"primaryImageOfPage":{"@id":"https:\/\/cartechdiagnostic.com\/en\/urun\/yazicili-aku-test-cihazi-wl-004-duoyi-dy2015b\/#primaryimage"},"image":{"@id":"https:\/\/cartechdiagnostic.com\/en\/urun\/yazicili-aku-test-cihazi-wl-004-duoyi-dy2015b\/#primaryimage"},"thumbnailUrl":"https:\/\/cartechdiagnostic.com\/wp-content\/uploads\/2024\/02\/6.-Aku-Test-WL-004-DUOYI-DY2015B-YAZICILI-AKU-TEST-CIHAZI-1.png","datePublished":"2024-02-22T10:04:38+00:00","dateModified":"2024-02-22T10:04:38+00:00","breadcrumb":{"@id":"https:\/\/cartechdiagnostic.com\/en\/urun\/yazicili-aku-test-cihazi-wl-004-duoyi-dy2015b\/#breadcrumb"},"inLanguage":"en-US","potentialAction":[{"@type":"ReadAction","target":["https:\/\/cartechdiagnostic.com\/en\/urun\/yazicili-aku-test-cihazi-wl-004-duoyi-dy2015b\/"]}]},{"@type":"ImageObject","inLanguage":"en-US","@id":"https:\/\/cartechdiagnostic.com\/en\/urun\/yazicili-aku-test-cihazi-wl-004-duoyi-dy2015b\/#primaryimage","url":"https:\/\/cartechdiagnostic.com\/wp-content\/uploads\/2024\/02\/6.-Aku-Test-WL-004-DUOYI-DY2015B-YAZICILI-AKU-TEST-CIHAZI-1.png","contentUrl":"https:\/\/cartechdiagnostic.com\/wp-content\/uploads\/2024\/02\/6.-Aku-Test-WL-004-DUOYI-DY2015B-YAZICILI-AKU-TEST-CIHAZI-1.png","width":1080,"height":1080},{"@type":"BreadcrumbList","@id":"https:\/\/cartechdiagnostic.com\/en\/urun\/yazicili-aku-test-cihazi-wl-004-duoyi-dy2015b\/#breadcrumb","itemListElement":[{"@type":"ListItem","position":1,"name":"Anasayfa","item":"https:\/\/www.cartechdiagnostic.com\/en\/"},{"@type":"ListItem","position":2,"name":"Ma\u011faza","item":"https:\/\/www.cartechdiagnostic.com\/magaza\/"},{"@type":"ListItem","position":3,"name":"Battery Tester with Printer &#8211; WL-004 DUOYI DY2015B"}]},{"@type":"WebSite","@id":"https:\/\/www.cartechdiagnostic.com\/en\/#website","url":"https:\/\/www.cartechdiagnostic.com\/en\/","name":"Car-Tech Diagnostic","description":"Ar\u0131za Tespit Cihazlar\u0131 - ECU Programlama Cihazlar\u0131","publisher":{"@id":"https:\/\/www.cartechdiagnostic.com\/en\/#organization"},"alternateName":"Car-Tech Diag","potentialAction":[{"@type":"SearchAction","target":{"@type":"EntryPoint","urlTemplate":"https:\/\/www.cartechdiagnostic.com\/en\/?s={search_term_string}"},"query-input":"required name=search_term_string"}],"inLanguage":"en-US"},{"@type":"Organization","@id":"https:\/\/www.cartechdiagnostic.com\/en\/#organization","name":"Car-Tech Diagnostic Yaz\u0131l\u0131m Ltd. \u015eti.","url":"https:\/\/www.cartechdiagnostic.com\/en\/","logo":{"@type":"ImageObject","inLanguage":"en-US","@id":"https:\/\/www.cartechdiagnostic.com\/en\/#\/schema\/logo\/image\/","url":"https:\/\/cartechdiagnostic.com\/wp-content\/uploads\/2023\/08\/logocartech.png","contentUrl":"https:\/\/cartechdiagnostic.com\/wp-content\/uploads\/2023\/08\/logocartech.png","width":714,"height":340,"caption":"Car-Tech Diagnostic Yaz\u0131l\u0131m Ltd. \u015eti."},"image":{"@id":"https:\/\/www.cartechdiagnostic.com\/en\/#\/schema\/logo\/image\/"},"sameAs":["https:\/\/www.instagram.com\/cartechdiagnostic"]}]}},"_links":{"self":[{"href":"https:\/\/cartechdiagnostic.com\/en\/wp-json\/wp\/v2\/product\/18433","targetHints":{"allow":["GET"]}}],"collection":[{"href":"https:\/\/cartechdiagnostic.com\/en\/wp-json\/wp\/v2\/product"}],"about":[{"href":"https:\/\/cartechdiagnostic.com\/en\/wp-json\/wp\/v2\/types\/product"}],"replies":[{"embeddable":true,"href":"https:\/\/cartechdiagnostic.com\/en\/wp-json\/wp\/v2\/comments?post=18433"}],"version-history":[{"count":0,"href":"https:\/\/cartechdiagnostic.com\/en\/wp-json\/wp\/v2\/product\/18433\/revisions"}],"wp:featuredmedia":[{"embeddable":true,"href":"https:\/\/cartechdiagnostic.com\/en\/wp-json\/wp\/v2\/media\/16681"}],"wp:attachment":[{"href":"https:\/\/cartechdiagnostic.com\/en\/wp-json\/wp\/v2\/media?parent=18433"}],"wp:term":[{"taxonomy":"product_brand","embeddable":true,"href":"https:\/\/cartechdiagnostic.com\/en\/wp-json\/wp\/v2\/product_brand?post=18433"},{"taxonomy":"product_cat","embeddable":true,"href":"https:\/\/cartechdiagnostic.com\/en\/wp-json\/wp\/v2\/product_cat?post=18433"},{"taxonomy":"product_tag","embeddable":true,"href":"https:\/\/cartechdiagnostic.com\/en\/wp-json\/wp\/v2\/product_tag?post=18433"}],"curies":[{"name":"wp","href":"https:\/\/api.w.org\/{rel}","templated":true}]}}