{"id":18450,"date":"2024-02-22T12:27:25","date_gmt":"2024-02-22T09:27:25","guid":{"rendered":"https:\/urun\/lcr-metre-wl-244-wellhise-bm4070\/"},"modified":"2025-06-01T02:54:20","modified_gmt":"2025-05-31T23:54:20","slug":"lcr-metre-wl-244-wellhise-bm4070","status":"publish","type":"product","link":"https:\/\/cartechdiagnostic.com\/en\/urun\/lcr-metre-wl-244-wellhise-bm4070\/","title":{"rendered":"Lcr Meter &#8211; WL-244 WELLHISE BM4070"},"content":{"rendered":"","protected":false},"excerpt":{"rendered":"<p>LCR Meter &#8211; WL-244 WELLHISE BM4070 is an instrument designed to measure the properties of electrical components such as inductance (L), capacitance (C) and resistance (R). These measurements are important in various applications such as design, maintenance and repair of electronic circuits. The BM4070 model is usually equipped with a digital display so that it can clearly show the measurement results. This LCR meter is designed to measure inductance, capacitance and resistance values. It can also have the ability to measure at different frequencies, which adapts to various applications. The WL-244 WELLHISE BM4070 LCR meter has a durable construction and is suitable for long-term use. It can be used in various applications such as characterization of electronic circuits and verification of components.      <\/p>\n","protected":false},"featured_media":16563,"comment_status":"open","ping_status":"closed","template":"","meta":{"_joinchat":[]},"product_brand":[],"product_cat":[1366,1367],"product_tag":[],"class_list":{"0":"post-18450","1":"product","2":"type-product","3":"status-publish","4":"has-post-thumbnail","6":"product_cat-service-auxiliary-equipment","7":"product_cat-test-equipments","9":"first","10":"instock","11":"sale","12":"shipping-taxable","13":"purchasable","14":"product-type-simple"},"yoast_head":"<!-- This site is optimized with the Yoast SEO plugin v22.8 - https:\/\/yoast.com\/wordpress\/plugins\/seo\/ -->\n<title>Lcr Meter - WL-244 WELLHISE BM4070 - Car-Tech Diagnostic<\/title>\n<meta name=\"robots\" content=\"index, follow, max-snippet:-1, max-image-preview:large, max-video-preview:-1\" \/>\n<link rel=\"canonical\" href=\"https:\/\/cartechdiagnostic.com\/en\/urun\/lcr-metre-wl-244-wellhise-bm4070\/\" \/>\n<meta property=\"og:locale\" content=\"en_US\" \/>\n<meta property=\"og:type\" content=\"article\" \/>\n<meta property=\"og:title\" content=\"Lcr Meter - WL-244 WELLHISE BM4070 - Car-Tech Diagnostic\" \/>\n<meta property=\"og:description\" content=\"LCR Meter - WL-244 WELLHISE BM4070 is an instrument designed to measure the properties of electrical components such as inductance (L), capacitance (C) and resistance (R). These measurements are important in various applications such as design, maintenance and repair of electronic circuits. The BM4070 model is usually equipped with a digital display so that it can clearly show the measurement results. This LCR meter is designed to measure inductance, capacitance and resistance values. It can also have the ability to measure at different frequencies, which adapts to various applications. The WL-244 WELLHISE BM4070 LCR meter has a durable construction and is suitable for long-term use. It can be used in various applications such as characterization of electronic circuits and verification of components.\" \/>\n<meta property=\"og:url\" content=\"https:\/\/cartechdiagnostic.com\/en\/urun\/lcr-metre-wl-244-wellhise-bm4070\/\" \/>\n<meta property=\"og:site_name\" content=\"Car-Tech Diagnostic\" \/>\n<meta property=\"article:modified_time\" content=\"2025-05-31T23:54:20+00:00\" \/>\n<meta property=\"og:image\" content=\"https:\/\/cartechdiagnostic.com\/wp-content\/uploads\/2024\/02\/4.-Multimetre-WL-244-WELLHISE-BM4070-LCR-METRE.png\" \/>\n\t<meta property=\"og:image:width\" content=\"1080\" \/>\n\t<meta property=\"og:image:height\" content=\"1080\" \/>\n\t<meta property=\"og:image:type\" content=\"image\/png\" \/>\n<meta name=\"twitter:card\" content=\"summary_large_image\" \/>\n<script type=\"application\/ld+json\" class=\"yoast-schema-graph\">{\"@context\":\"https:\/\/schema.org\",\"@graph\":[{\"@type\":\"WebPage\",\"@id\":\"https:\/\/cartechdiagnostic.com\/en\/urun\/lcr-metre-wl-244-wellhise-bm4070\/\",\"url\":\"https:\/\/cartechdiagnostic.com\/en\/urun\/lcr-metre-wl-244-wellhise-bm4070\/\",\"name\":\"Lcr Meter - WL-244 WELLHISE BM4070 - Car-Tech Diagnostic\",\"isPartOf\":{\"@id\":\"https:\/\/www.cartechdiagnostic.com\/en\/#website\"},\"primaryImageOfPage\":{\"@id\":\"https:\/\/cartechdiagnostic.com\/en\/urun\/lcr-metre-wl-244-wellhise-bm4070\/#primaryimage\"},\"image\":{\"@id\":\"https:\/\/cartechdiagnostic.com\/en\/urun\/lcr-metre-wl-244-wellhise-bm4070\/#primaryimage\"},\"thumbnailUrl\":\"https:\/\/cartechdiagnostic.com\/wp-content\/uploads\/2024\/02\/4.-Multimetre-WL-244-WELLHISE-BM4070-LCR-METRE.png\",\"datePublished\":\"2024-02-22T09:27:25+00:00\",\"dateModified\":\"2025-05-31T23:54:20+00:00\",\"breadcrumb\":{\"@id\":\"https:\/\/cartechdiagnostic.com\/en\/urun\/lcr-metre-wl-244-wellhise-bm4070\/#breadcrumb\"},\"inLanguage\":\"en-US\",\"potentialAction\":[{\"@type\":\"ReadAction\",\"target\":[\"https:\/\/cartechdiagnostic.com\/en\/urun\/lcr-metre-wl-244-wellhise-bm4070\/\"]}]},{\"@type\":\"ImageObject\",\"inLanguage\":\"en-US\",\"@id\":\"https:\/\/cartechdiagnostic.com\/en\/urun\/lcr-metre-wl-244-wellhise-bm4070\/#primaryimage\",\"url\":\"https:\/\/cartechdiagnostic.com\/wp-content\/uploads\/2024\/02\/4.-Multimetre-WL-244-WELLHISE-BM4070-LCR-METRE.png\",\"contentUrl\":\"https:\/\/cartechdiagnostic.com\/wp-content\/uploads\/2024\/02\/4.-Multimetre-WL-244-WELLHISE-BM4070-LCR-METRE.png\",\"width\":1080,\"height\":1080},{\"@type\":\"BreadcrumbList\",\"@id\":\"https:\/\/cartechdiagnostic.com\/en\/urun\/lcr-metre-wl-244-wellhise-bm4070\/#breadcrumb\",\"itemListElement\":[{\"@type\":\"ListItem\",\"position\":1,\"name\":\"Anasayfa\",\"item\":\"https:\/\/www.cartechdiagnostic.com\/en\/\"},{\"@type\":\"ListItem\",\"position\":2,\"name\":\"Ma\u011faza\",\"item\":\"https:\/\/www.cartechdiagnostic.com\/magaza\/\"},{\"@type\":\"ListItem\",\"position\":3,\"name\":\"Lcr Meter &#8211; WL-244 WELLHISE BM4070\"}]},{\"@type\":\"WebSite\",\"@id\":\"https:\/\/www.cartechdiagnostic.com\/en\/#website\",\"url\":\"https:\/\/www.cartechdiagnostic.com\/en\/\",\"name\":\"Car-Tech Diagnostic\",\"description\":\"Ar\u0131za Tespit Cihazlar\u0131 - ECU Programlama Cihazlar\u0131\",\"publisher\":{\"@id\":\"https:\/\/www.cartechdiagnostic.com\/en\/#organization\"},\"alternateName\":\"Car-Tech Diag\",\"potentialAction\":[{\"@type\":\"SearchAction\",\"target\":{\"@type\":\"EntryPoint\",\"urlTemplate\":\"https:\/\/www.cartechdiagnostic.com\/en\/?s={search_term_string}\"},\"query-input\":\"required name=search_term_string\"}],\"inLanguage\":\"en-US\"},{\"@type\":\"Organization\",\"@id\":\"https:\/\/www.cartechdiagnostic.com\/en\/#organization\",\"name\":\"Car-Tech Diagnostic Yaz\u0131l\u0131m Ltd. \u015eti.\",\"url\":\"https:\/\/www.cartechdiagnostic.com\/en\/\",\"logo\":{\"@type\":\"ImageObject\",\"inLanguage\":\"en-US\",\"@id\":\"https:\/\/www.cartechdiagnostic.com\/en\/#\/schema\/logo\/image\/\",\"url\":\"https:\/\/cartechdiagnostic.com\/wp-content\/uploads\/2023\/08\/logocartech.png\",\"contentUrl\":\"https:\/\/cartechdiagnostic.com\/wp-content\/uploads\/2023\/08\/logocartech.png\",\"width\":714,\"height\":340,\"caption\":\"Car-Tech Diagnostic Yaz\u0131l\u0131m Ltd. \u015eti.\"},\"image\":{\"@id\":\"https:\/\/www.cartechdiagnostic.com\/en\/#\/schema\/logo\/image\/\"},\"sameAs\":[\"https:\/\/www.instagram.com\/cartechdiagnostic\"]}]}<\/script>\n<!-- \/ Yoast SEO plugin. -->","yoast_head_json":{"title":"Lcr Meter - WL-244 WELLHISE BM4070 - Car-Tech Diagnostic","robots":{"index":"index","follow":"follow","max-snippet":"max-snippet:-1","max-image-preview":"max-image-preview:large","max-video-preview":"max-video-preview:-1"},"canonical":"https:\/\/cartechdiagnostic.com\/en\/urun\/lcr-metre-wl-244-wellhise-bm4070\/","og_locale":"en_US","og_type":"article","og_title":"Lcr Meter - WL-244 WELLHISE BM4070 - Car-Tech Diagnostic","og_description":"LCR Meter - WL-244 WELLHISE BM4070 is an instrument designed to measure the properties of electrical components such as inductance (L), capacitance (C) and resistance (R). These measurements are important in various applications such as design, maintenance and repair of electronic circuits. The BM4070 model is usually equipped with a digital display so that it can clearly show the measurement results. This LCR meter is designed to measure inductance, capacitance and resistance values. It can also have the ability to measure at different frequencies, which adapts to various applications. The WL-244 WELLHISE BM4070 LCR meter has a durable construction and is suitable for long-term use. It can be used in various applications such as characterization of electronic circuits and verification of components.","og_url":"https:\/\/cartechdiagnostic.com\/en\/urun\/lcr-metre-wl-244-wellhise-bm4070\/","og_site_name":"Car-Tech Diagnostic","article_modified_time":"2025-05-31T23:54:20+00:00","og_image":[{"width":1080,"height":1080,"url":"https:\/\/cartechdiagnostic.com\/wp-content\/uploads\/2024\/02\/4.-Multimetre-WL-244-WELLHISE-BM4070-LCR-METRE.png","type":"image\/png"}],"twitter_card":"summary_large_image","schema":{"@context":"https:\/\/schema.org","@graph":[{"@type":"WebPage","@id":"https:\/\/cartechdiagnostic.com\/en\/urun\/lcr-metre-wl-244-wellhise-bm4070\/","url":"https:\/\/cartechdiagnostic.com\/en\/urun\/lcr-metre-wl-244-wellhise-bm4070\/","name":"Lcr Meter - WL-244 WELLHISE BM4070 - Car-Tech Diagnostic","isPartOf":{"@id":"https:\/\/www.cartechdiagnostic.com\/en\/#website"},"primaryImageOfPage":{"@id":"https:\/\/cartechdiagnostic.com\/en\/urun\/lcr-metre-wl-244-wellhise-bm4070\/#primaryimage"},"image":{"@id":"https:\/\/cartechdiagnostic.com\/en\/urun\/lcr-metre-wl-244-wellhise-bm4070\/#primaryimage"},"thumbnailUrl":"https:\/\/cartechdiagnostic.com\/wp-content\/uploads\/2024\/02\/4.-Multimetre-WL-244-WELLHISE-BM4070-LCR-METRE.png","datePublished":"2024-02-22T09:27:25+00:00","dateModified":"2025-05-31T23:54:20+00:00","breadcrumb":{"@id":"https:\/\/cartechdiagnostic.com\/en\/urun\/lcr-metre-wl-244-wellhise-bm4070\/#breadcrumb"},"inLanguage":"en-US","potentialAction":[{"@type":"ReadAction","target":["https:\/\/cartechdiagnostic.com\/en\/urun\/lcr-metre-wl-244-wellhise-bm4070\/"]}]},{"@type":"ImageObject","inLanguage":"en-US","@id":"https:\/\/cartechdiagnostic.com\/en\/urun\/lcr-metre-wl-244-wellhise-bm4070\/#primaryimage","url":"https:\/\/cartechdiagnostic.com\/wp-content\/uploads\/2024\/02\/4.-Multimetre-WL-244-WELLHISE-BM4070-LCR-METRE.png","contentUrl":"https:\/\/cartechdiagnostic.com\/wp-content\/uploads\/2024\/02\/4.-Multimetre-WL-244-WELLHISE-BM4070-LCR-METRE.png","width":1080,"height":1080},{"@type":"BreadcrumbList","@id":"https:\/\/cartechdiagnostic.com\/en\/urun\/lcr-metre-wl-244-wellhise-bm4070\/#breadcrumb","itemListElement":[{"@type":"ListItem","position":1,"name":"Anasayfa","item":"https:\/\/www.cartechdiagnostic.com\/en\/"},{"@type":"ListItem","position":2,"name":"Ma\u011faza","item":"https:\/\/www.cartechdiagnostic.com\/magaza\/"},{"@type":"ListItem","position":3,"name":"Lcr Meter &#8211; WL-244 WELLHISE BM4070"}]},{"@type":"WebSite","@id":"https:\/\/www.cartechdiagnostic.com\/en\/#website","url":"https:\/\/www.cartechdiagnostic.com\/en\/","name":"Car-Tech Diagnostic","description":"Ar\u0131za Tespit Cihazlar\u0131 - ECU Programlama Cihazlar\u0131","publisher":{"@id":"https:\/\/www.cartechdiagnostic.com\/en\/#organization"},"alternateName":"Car-Tech Diag","potentialAction":[{"@type":"SearchAction","target":{"@type":"EntryPoint","urlTemplate":"https:\/\/www.cartechdiagnostic.com\/en\/?s={search_term_string}"},"query-input":"required name=search_term_string"}],"inLanguage":"en-US"},{"@type":"Organization","@id":"https:\/\/www.cartechdiagnostic.com\/en\/#organization","name":"Car-Tech Diagnostic Yaz\u0131l\u0131m Ltd. \u015eti.","url":"https:\/\/www.cartechdiagnostic.com\/en\/","logo":{"@type":"ImageObject","inLanguage":"en-US","@id":"https:\/\/www.cartechdiagnostic.com\/en\/#\/schema\/logo\/image\/","url":"https:\/\/cartechdiagnostic.com\/wp-content\/uploads\/2023\/08\/logocartech.png","contentUrl":"https:\/\/cartechdiagnostic.com\/wp-content\/uploads\/2023\/08\/logocartech.png","width":714,"height":340,"caption":"Car-Tech Diagnostic Yaz\u0131l\u0131m Ltd. \u015eti."},"image":{"@id":"https:\/\/www.cartechdiagnostic.com\/en\/#\/schema\/logo\/image\/"},"sameAs":["https:\/\/www.instagram.com\/cartechdiagnostic"]}]}},"_links":{"self":[{"href":"https:\/\/cartechdiagnostic.com\/en\/wp-json\/wp\/v2\/product\/18450","targetHints":{"allow":["GET"]}}],"collection":[{"href":"https:\/\/cartechdiagnostic.com\/en\/wp-json\/wp\/v2\/product"}],"about":[{"href":"https:\/\/cartechdiagnostic.com\/en\/wp-json\/wp\/v2\/types\/product"}],"replies":[{"embeddable":true,"href":"https:\/\/cartechdiagnostic.com\/en\/wp-json\/wp\/v2\/comments?post=18450"}],"version-history":[{"count":0,"href":"https:\/\/cartechdiagnostic.com\/en\/wp-json\/wp\/v2\/product\/18450\/revisions"}],"wp:featuredmedia":[{"embeddable":true,"href":"https:\/\/cartechdiagnostic.com\/en\/wp-json\/wp\/v2\/media\/16563"}],"wp:attachment":[{"href":"https:\/\/cartechdiagnostic.com\/en\/wp-json\/wp\/v2\/media?parent=18450"}],"wp:term":[{"taxonomy":"product_brand","embeddable":true,"href":"https:\/\/cartechdiagnostic.com\/en\/wp-json\/wp\/v2\/product_brand?post=18450"},{"taxonomy":"product_cat","embeddable":true,"href":"https:\/\/cartechdiagnostic.com\/en\/wp-json\/wp\/v2\/product_cat?post=18450"},{"taxonomy":"product_tag","embeddable":true,"href":"https:\/\/cartechdiagnostic.com\/en\/wp-json\/wp\/v2\/product_tag?post=18450"}],"curies":[{"name":"wp","href":"https:\/\/api.w.org\/{rel}","templated":true}]}}