{"id":18457,"date":"2023-11-24T21:22:11","date_gmt":"2023-11-24T18:22:11","guid":{"rendered":"https:\/urun\/thinktool-pros-hml-box-agir-vasita-ariza-tespit-cihazi\/"},"modified":"2023-11-24T21:22:11","modified_gmt":"2023-11-24T18:22:11","slug":"thinktool-pros-hml-box-agir-vasita-ariza-tespit-cihazi","status":"publish","type":"product","link":"https:\/\/cartechdiagnostic.com\/en\/urun\/thinktool-pros-hml-box-agir-vasita-ariza-tespit-cihazi\/","title":{"rendered":"THINKCAR ThinkTool ProS HML Box Heavy Vehicle Troubleshooting Device"},"content":{"rendered":"","protected":false},"excerpt":{"rendered":"<p>ThinkTool ProS HML Box is an advanced diagnostic device specially designed for heavy duty vehicles. This comprehensive device has the ability to quickly and accurately detect malfunctions in critical components such as the engine, transmission, brake systems and airbags by scanning the electronic systems in heavy-duty vehicles in detail. ThinkTool ProS HML Box fits a wide range of heavy-duty vehicles and can diagnose different makes and models of heavy-duty vehicles. Thanks to its user-friendly interface, heavy vehicle vehicle owners and technicians can easily use the device and access detailed information about the health status of their vehicles. Advanced diagnostic features include functions such as automatic scanning, live data stream monitoring, reading and clearing error codes. These features provide users with a comprehensive diagnostic experience. ThinkTool ProS HML Box is a reliable and effective vehicle diagnostic device that appeals to a wide range of users, from vehicle owners working with heavy vehicles to professional heavy vehicle technicians.      <\/p>\n","protected":false},"featured_media":16236,"comment_status":"open","ping_status":"closed","template":"","meta":{"_joinchat":[]},"product_brand":[],"product_cat":[1347,1348,1368],"product_tag":[],"class_list":{"0":"post-18457","1":"product","2":"type-product","3":"status-publish","4":"has-post-thumbnail","6":"product_cat-daignostic-tools","7":"product_cat-heavy-vehicles","8":"product_cat-thinkcar-en","10":"first","11":"instock","12":"sale","13":"shipping-taxable","14":"purchasable","15":"product-type-simple"},"yoast_head":"<!-- This site is optimized with the Yoast SEO plugin v22.8 - https:\/\/yoast.com\/wordpress\/plugins\/seo\/ -->\n<title>THINKCAR ThinkTool ProS HML Box Heavy Vehicle Troubleshooting Device - Car-Tech Diagnostic<\/title>\n<meta name=\"robots\" content=\"index, follow, max-snippet:-1, max-image-preview:large, max-video-preview:-1\" \/>\n<link rel=\"canonical\" href=\"https:\/\/cartechdiagnostic.com\/en\/urun\/thinktool-pros-hml-box-agir-vasita-ariza-tespit-cihazi\/\" \/>\n<meta property=\"og:locale\" content=\"en_US\" \/>\n<meta property=\"og:type\" content=\"article\" \/>\n<meta property=\"og:title\" content=\"THINKCAR ThinkTool ProS HML Box Heavy Vehicle Troubleshooting Device - Car-Tech Diagnostic\" \/>\n<meta property=\"og:description\" content=\"ThinkTool ProS HML Box is an advanced diagnostic device specially designed for heavy duty vehicles. This comprehensive device has the ability to quickly and accurately detect malfunctions in critical components such as the engine, transmission, brake systems and airbags by scanning the electronic systems in heavy-duty vehicles in detail. ThinkTool ProS HML Box fits a wide range of heavy-duty vehicles and can diagnose different makes and models of heavy-duty vehicles. Thanks to its user-friendly interface, heavy vehicle vehicle owners and technicians can easily use the device and access detailed information about the health status of their vehicles. Advanced diagnostic features include functions such as automatic scanning, live data stream monitoring, reading and clearing error codes. These features provide users with a comprehensive diagnostic experience. ThinkTool ProS HML Box is a reliable and effective vehicle diagnostic device that appeals to a wide range of users, from vehicle owners working with heavy vehicles to professional heavy vehicle technicians.\" \/>\n<meta property=\"og:url\" content=\"https:\/\/cartechdiagnostic.com\/en\/urun\/thinktool-pros-hml-box-agir-vasita-ariza-tespit-cihazi\/\" \/>\n<meta property=\"og:site_name\" content=\"Car-Tech Diagnostic\" \/>\n<meta property=\"og:image\" content=\"https:\/\/cartechdiagnostic.com\/wp-content\/uploads\/2023\/11\/ThinkTool-ProS-HML-Box-Aoir-Vasita-Ariza-Tespit-Cihazi-5.png\" \/>\n\t<meta property=\"og:image:width\" content=\"1080\" \/>\n\t<meta property=\"og:image:height\" content=\"1080\" \/>\n\t<meta property=\"og:image:type\" content=\"image\/png\" \/>\n<meta name=\"twitter:card\" content=\"summary_large_image\" \/>\n<script type=\"application\/ld+json\" class=\"yoast-schema-graph\">{\"@context\":\"https:\/\/schema.org\",\"@graph\":[{\"@type\":\"WebPage\",\"@id\":\"https:\/\/cartechdiagnostic.com\/en\/urun\/thinktool-pros-hml-box-agir-vasita-ariza-tespit-cihazi\/\",\"url\":\"https:\/\/cartechdiagnostic.com\/en\/urun\/thinktool-pros-hml-box-agir-vasita-ariza-tespit-cihazi\/\",\"name\":\"THINKCAR ThinkTool ProS HML Box Heavy Vehicle Troubleshooting Device - Car-Tech Diagnostic\",\"isPartOf\":{\"@id\":\"https:\/\/www.cartechdiagnostic.com\/en\/#website\"},\"primaryImageOfPage\":{\"@id\":\"https:\/\/cartechdiagnostic.com\/en\/urun\/thinktool-pros-hml-box-agir-vasita-ariza-tespit-cihazi\/#primaryimage\"},\"image\":{\"@id\":\"https:\/\/cartechdiagnostic.com\/en\/urun\/thinktool-pros-hml-box-agir-vasita-ariza-tespit-cihazi\/#primaryimage\"},\"thumbnailUrl\":\"https:\/\/cartechdiagnostic.com\/wp-content\/uploads\/2023\/11\/ThinkTool-ProS-HML-Box-Aoir-Vasita-Ariza-Tespit-Cihazi-5.png\",\"datePublished\":\"2023-11-24T18:22:11+00:00\",\"dateModified\":\"2023-11-24T18:22:11+00:00\",\"breadcrumb\":{\"@id\":\"https:\/\/cartechdiagnostic.com\/en\/urun\/thinktool-pros-hml-box-agir-vasita-ariza-tespit-cihazi\/#breadcrumb\"},\"inLanguage\":\"en-US\",\"potentialAction\":[{\"@type\":\"ReadAction\",\"target\":[\"https:\/\/cartechdiagnostic.com\/en\/urun\/thinktool-pros-hml-box-agir-vasita-ariza-tespit-cihazi\/\"]}]},{\"@type\":\"ImageObject\",\"inLanguage\":\"en-US\",\"@id\":\"https:\/\/cartechdiagnostic.com\/en\/urun\/thinktool-pros-hml-box-agir-vasita-ariza-tespit-cihazi\/#primaryimage\",\"url\":\"https:\/\/cartechdiagnostic.com\/wp-content\/uploads\/2023\/11\/ThinkTool-ProS-HML-Box-Aoir-Vasita-Ariza-Tespit-Cihazi-5.png\",\"contentUrl\":\"https:\/\/cartechdiagnostic.com\/wp-content\/uploads\/2023\/11\/ThinkTool-ProS-HML-Box-Aoir-Vasita-Ariza-Tespit-Cihazi-5.png\",\"width\":1080,\"height\":1080},{\"@type\":\"BreadcrumbList\",\"@id\":\"https:\/\/cartechdiagnostic.com\/en\/urun\/thinktool-pros-hml-box-agir-vasita-ariza-tespit-cihazi\/#breadcrumb\",\"itemListElement\":[{\"@type\":\"ListItem\",\"position\":1,\"name\":\"Anasayfa\",\"item\":\"https:\/\/www.cartechdiagnostic.com\/en\/\"},{\"@type\":\"ListItem\",\"position\":2,\"name\":\"Ma\u011faza\",\"item\":\"https:\/\/www.cartechdiagnostic.com\/magaza\/\"},{\"@type\":\"ListItem\",\"position\":3,\"name\":\"THINKCAR ThinkTool ProS HML Box Heavy Vehicle Troubleshooting Device\"}]},{\"@type\":\"WebSite\",\"@id\":\"https:\/\/www.cartechdiagnostic.com\/en\/#website\",\"url\":\"https:\/\/www.cartechdiagnostic.com\/en\/\",\"name\":\"Car-Tech Diagnostic\",\"description\":\"Ar\u0131za Tespit Cihazlar\u0131 - ECU Programlama Cihazlar\u0131\",\"publisher\":{\"@id\":\"https:\/\/www.cartechdiagnostic.com\/en\/#organization\"},\"alternateName\":\"Car-Tech Diag\",\"potentialAction\":[{\"@type\":\"SearchAction\",\"target\":{\"@type\":\"EntryPoint\",\"urlTemplate\":\"https:\/\/www.cartechdiagnostic.com\/en\/?s={search_term_string}\"},\"query-input\":\"required name=search_term_string\"}],\"inLanguage\":\"en-US\"},{\"@type\":\"Organization\",\"@id\":\"https:\/\/www.cartechdiagnostic.com\/en\/#organization\",\"name\":\"Car-Tech Diagnostic Yaz\u0131l\u0131m Ltd. \u015eti.\",\"url\":\"https:\/\/www.cartechdiagnostic.com\/en\/\",\"logo\":{\"@type\":\"ImageObject\",\"inLanguage\":\"en-US\",\"@id\":\"https:\/\/www.cartechdiagnostic.com\/en\/#\/schema\/logo\/image\/\",\"url\":\"https:\/\/cartechdiagnostic.com\/wp-content\/uploads\/2023\/08\/logocartech.png\",\"contentUrl\":\"https:\/\/cartechdiagnostic.com\/wp-content\/uploads\/2023\/08\/logocartech.png\",\"width\":714,\"height\":340,\"caption\":\"Car-Tech Diagnostic Yaz\u0131l\u0131m Ltd. \u015eti.\"},\"image\":{\"@id\":\"https:\/\/www.cartechdiagnostic.com\/en\/#\/schema\/logo\/image\/\"},\"sameAs\":[\"https:\/\/www.instagram.com\/cartechdiagnostic\"]}]}<\/script>\n<!-- \/ Yoast SEO plugin. -->","yoast_head_json":{"title":"THINKCAR ThinkTool ProS HML Box Heavy Vehicle Troubleshooting Device - Car-Tech Diagnostic","robots":{"index":"index","follow":"follow","max-snippet":"max-snippet:-1","max-image-preview":"max-image-preview:large","max-video-preview":"max-video-preview:-1"},"canonical":"https:\/\/cartechdiagnostic.com\/en\/urun\/thinktool-pros-hml-box-agir-vasita-ariza-tespit-cihazi\/","og_locale":"en_US","og_type":"article","og_title":"THINKCAR ThinkTool ProS HML Box Heavy Vehicle Troubleshooting Device - Car-Tech Diagnostic","og_description":"ThinkTool ProS HML Box is an advanced diagnostic device specially designed for heavy duty vehicles. This comprehensive device has the ability to quickly and accurately detect malfunctions in critical components such as the engine, transmission, brake systems and airbags by scanning the electronic systems in heavy-duty vehicles in detail. ThinkTool ProS HML Box fits a wide range of heavy-duty vehicles and can diagnose different makes and models of heavy-duty vehicles. Thanks to its user-friendly interface, heavy vehicle vehicle owners and technicians can easily use the device and access detailed information about the health status of their vehicles. Advanced diagnostic features include functions such as automatic scanning, live data stream monitoring, reading and clearing error codes. These features provide users with a comprehensive diagnostic experience. ThinkTool ProS HML Box is a reliable and effective vehicle diagnostic device that appeals to a wide range of users, from vehicle owners working with heavy vehicles to professional heavy vehicle technicians.","og_url":"https:\/\/cartechdiagnostic.com\/en\/urun\/thinktool-pros-hml-box-agir-vasita-ariza-tespit-cihazi\/","og_site_name":"Car-Tech Diagnostic","og_image":[{"width":1080,"height":1080,"url":"https:\/\/cartechdiagnostic.com\/wp-content\/uploads\/2023\/11\/ThinkTool-ProS-HML-Box-Aoir-Vasita-Ariza-Tespit-Cihazi-5.png","type":"image\/png"}],"twitter_card":"summary_large_image","schema":{"@context":"https:\/\/schema.org","@graph":[{"@type":"WebPage","@id":"https:\/\/cartechdiagnostic.com\/en\/urun\/thinktool-pros-hml-box-agir-vasita-ariza-tespit-cihazi\/","url":"https:\/\/cartechdiagnostic.com\/en\/urun\/thinktool-pros-hml-box-agir-vasita-ariza-tespit-cihazi\/","name":"THINKCAR ThinkTool ProS HML Box Heavy Vehicle Troubleshooting Device - Car-Tech Diagnostic","isPartOf":{"@id":"https:\/\/www.cartechdiagnostic.com\/en\/#website"},"primaryImageOfPage":{"@id":"https:\/\/cartechdiagnostic.com\/en\/urun\/thinktool-pros-hml-box-agir-vasita-ariza-tespit-cihazi\/#primaryimage"},"image":{"@id":"https:\/\/cartechdiagnostic.com\/en\/urun\/thinktool-pros-hml-box-agir-vasita-ariza-tespit-cihazi\/#primaryimage"},"thumbnailUrl":"https:\/\/cartechdiagnostic.com\/wp-content\/uploads\/2023\/11\/ThinkTool-ProS-HML-Box-Aoir-Vasita-Ariza-Tespit-Cihazi-5.png","datePublished":"2023-11-24T18:22:11+00:00","dateModified":"2023-11-24T18:22:11+00:00","breadcrumb":{"@id":"https:\/\/cartechdiagnostic.com\/en\/urun\/thinktool-pros-hml-box-agir-vasita-ariza-tespit-cihazi\/#breadcrumb"},"inLanguage":"en-US","potentialAction":[{"@type":"ReadAction","target":["https:\/\/cartechdiagnostic.com\/en\/urun\/thinktool-pros-hml-box-agir-vasita-ariza-tespit-cihazi\/"]}]},{"@type":"ImageObject","inLanguage":"en-US","@id":"https:\/\/cartechdiagnostic.com\/en\/urun\/thinktool-pros-hml-box-agir-vasita-ariza-tespit-cihazi\/#primaryimage","url":"https:\/\/cartechdiagnostic.com\/wp-content\/uploads\/2023\/11\/ThinkTool-ProS-HML-Box-Aoir-Vasita-Ariza-Tespit-Cihazi-5.png","contentUrl":"https:\/\/cartechdiagnostic.com\/wp-content\/uploads\/2023\/11\/ThinkTool-ProS-HML-Box-Aoir-Vasita-Ariza-Tespit-Cihazi-5.png","width":1080,"height":1080},{"@type":"BreadcrumbList","@id":"https:\/\/cartechdiagnostic.com\/en\/urun\/thinktool-pros-hml-box-agir-vasita-ariza-tespit-cihazi\/#breadcrumb","itemListElement":[{"@type":"ListItem","position":1,"name":"Anasayfa","item":"https:\/\/www.cartechdiagnostic.com\/en\/"},{"@type":"ListItem","position":2,"name":"Ma\u011faza","item":"https:\/\/www.cartechdiagnostic.com\/magaza\/"},{"@type":"ListItem","position":3,"name":"THINKCAR ThinkTool ProS HML Box Heavy Vehicle Troubleshooting Device"}]},{"@type":"WebSite","@id":"https:\/\/www.cartechdiagnostic.com\/en\/#website","url":"https:\/\/www.cartechdiagnostic.com\/en\/","name":"Car-Tech Diagnostic","description":"Ar\u0131za Tespit Cihazlar\u0131 - ECU Programlama Cihazlar\u0131","publisher":{"@id":"https:\/\/www.cartechdiagnostic.com\/en\/#organization"},"alternateName":"Car-Tech Diag","potentialAction":[{"@type":"SearchAction","target":{"@type":"EntryPoint","urlTemplate":"https:\/\/www.cartechdiagnostic.com\/en\/?s={search_term_string}"},"query-input":"required name=search_term_string"}],"inLanguage":"en-US"},{"@type":"Organization","@id":"https:\/\/www.cartechdiagnostic.com\/en\/#organization","name":"Car-Tech Diagnostic Yaz\u0131l\u0131m Ltd. \u015eti.","url":"https:\/\/www.cartechdiagnostic.com\/en\/","logo":{"@type":"ImageObject","inLanguage":"en-US","@id":"https:\/\/www.cartechdiagnostic.com\/en\/#\/schema\/logo\/image\/","url":"https:\/\/cartechdiagnostic.com\/wp-content\/uploads\/2023\/08\/logocartech.png","contentUrl":"https:\/\/cartechdiagnostic.com\/wp-content\/uploads\/2023\/08\/logocartech.png","width":714,"height":340,"caption":"Car-Tech Diagnostic Yaz\u0131l\u0131m Ltd. \u015eti."},"image":{"@id":"https:\/\/www.cartechdiagnostic.com\/en\/#\/schema\/logo\/image\/"},"sameAs":["https:\/\/www.instagram.com\/cartechdiagnostic"]}]}},"_links":{"self":[{"href":"https:\/\/cartechdiagnostic.com\/en\/wp-json\/wp\/v2\/product\/18457","targetHints":{"allow":["GET"]}}],"collection":[{"href":"https:\/\/cartechdiagnostic.com\/en\/wp-json\/wp\/v2\/product"}],"about":[{"href":"https:\/\/cartechdiagnostic.com\/en\/wp-json\/wp\/v2\/types\/product"}],"replies":[{"embeddable":true,"href":"https:\/\/cartechdiagnostic.com\/en\/wp-json\/wp\/v2\/comments?post=18457"}],"version-history":[{"count":0,"href":"https:\/\/cartechdiagnostic.com\/en\/wp-json\/wp\/v2\/product\/18457\/revisions"}],"wp:featuredmedia":[{"embeddable":true,"href":"https:\/\/cartechdiagnostic.com\/en\/wp-json\/wp\/v2\/media\/16236"}],"wp:attachment":[{"href":"https:\/\/cartechdiagnostic.com\/en\/wp-json\/wp\/v2\/media?parent=18457"}],"wp:term":[{"taxonomy":"product_brand","embeddable":true,"href":"https:\/\/cartechdiagnostic.com\/en\/wp-json\/wp\/v2\/product_brand?post=18457"},{"taxonomy":"product_cat","embeddable":true,"href":"https:\/\/cartechdiagnostic.com\/en\/wp-json\/wp\/v2\/product_cat?post=18457"},{"taxonomy":"product_tag","embeddable":true,"href":"https:\/\/cartechdiagnostic.com\/en\/wp-json\/wp\/v2\/product_tag?post=18457"}],"curies":[{"name":"wp","href":"https:\/\/api.w.org\/{rel}","templated":true}]}}