{"id":18465,"date":"2023-11-24T20:32:14","date_gmt":"2023-11-24T17:32:14","guid":{"rendered":"https:\/urun\/autel-maxicheck-mx900-ariza-tespit-cihazi\/"},"modified":"2025-05-31T03:39:15","modified_gmt":"2025-05-31T00:39:15","slug":"autel-maxicheck-mx900-ariza-tespit-cihazi","status":"publish","type":"product","link":"https:\/\/cartechdiagnostic.com\/en\/urun\/autel-maxicheck-mx900-ariza-tespit-cihazi\/","title":{"rendered":"AUTEL MaxiCheck MX900 Fault Detection Device"},"content":{"rendered":"","protected":false},"excerpt":{"rendered":"<p>The Autel MaxiCheck MX900 Fault Detector is a user-friendly diagnostic tool designed for car owners and professional technicians. This device has been developed in order to quickly and reliably identify problems that occur in the electronic systems of the vehicle. The MX900 has the ability to diagnose failures in the engine, transmission, ABS and other important systems, adapting to a wide vehicle coverage. The device, which has a simple and understandable interface, is designed for users to use it easily. This fault detection device quickly evaluates the general condition of the vehicle with its automatic scanning feature and provides detailed reports. In addition, it can stay up to date over time thanks to the ability to support new vehicle models with updatable software. The Autel MaxiCheck MX900 simplifies automotive maintenance processes by offering vehicle owners and technicians the opportunity to solve electronic problems in a simplified way.<\/p>\n","protected":false},"featured_media":16100,"comment_status":"open","ping_status":"closed","template":"","meta":{"_joinchat":[]},"product_brand":[],"product_cat":[1344,1347,1349],"product_tag":[],"class_list":{"0":"post-18465","1":"product","2":"type-product","3":"status-publish","4":"has-post-thumbnail","6":"product_cat-autel-en","7":"product_cat-daignostic-tools","8":"product_cat-passenger-car","10":"first","11":"instock","12":"sale","13":"shipping-taxable","14":"purchasable","15":"product-type-simple"},"yoast_head":"<!-- This site is optimized with the Yoast SEO plugin v22.8 - https:\/\/yoast.com\/wordpress\/plugins\/seo\/ -->\n<title>AUTEL MaxiCheck MX900 Fault Detection Device - Car-Tech Diagnostic<\/title>\n<meta name=\"robots\" content=\"index, follow, max-snippet:-1, max-image-preview:large, max-video-preview:-1\" \/>\n<link rel=\"canonical\" href=\"https:\/\/cartechdiagnostic.com\/en\/urun\/autel-maxicheck-mx900-ariza-tespit-cihazi\/\" \/>\n<meta property=\"og:locale\" content=\"en_US\" \/>\n<meta property=\"og:type\" content=\"article\" \/>\n<meta property=\"og:title\" content=\"AUTEL MaxiCheck MX900 Fault Detection Device - Car-Tech Diagnostic\" \/>\n<meta property=\"og:description\" content=\"The Autel MaxiCheck MX900 Fault Detector is a user-friendly diagnostic tool designed for car owners and professional technicians. This device has been developed in order to quickly and reliably identify problems that occur in the electronic systems of the vehicle. The MX900 has the ability to diagnose failures in the engine, transmission, ABS and other important systems, adapting to a wide vehicle coverage. The device, which has a simple and understandable interface, is designed for users to use it easily. This fault detection device quickly evaluates the general condition of the vehicle with its automatic scanning feature and provides detailed reports. In addition, it can stay up to date over time thanks to the ability to support new vehicle models with updatable software. The Autel MaxiCheck MX900 simplifies automotive maintenance processes by offering vehicle owners and technicians the opportunity to solve electronic problems in a simplified way.\" \/>\n<meta property=\"og:url\" content=\"https:\/\/cartechdiagnostic.com\/en\/urun\/autel-maxicheck-mx900-ariza-tespit-cihazi\/\" \/>\n<meta property=\"og:site_name\" content=\"Car-Tech Diagnostic\" \/>\n<meta property=\"article:modified_time\" content=\"2025-05-31T00:39:15+00:00\" \/>\n<meta property=\"og:image\" content=\"https:\/\/cartechdiagnostic.com\/wp-content\/uploads\/2023\/11\/Autel-MaxiCheck-MX900-Ariza-Tespit-Cihazi.png\" \/>\n\t<meta property=\"og:image:width\" content=\"1080\" \/>\n\t<meta property=\"og:image:height\" content=\"1080\" \/>\n\t<meta property=\"og:image:type\" content=\"image\/png\" \/>\n<meta name=\"twitter:card\" content=\"summary_large_image\" \/>\n<script type=\"application\/ld+json\" class=\"yoast-schema-graph\">{\"@context\":\"https:\/\/schema.org\",\"@graph\":[{\"@type\":\"WebPage\",\"@id\":\"https:\/\/cartechdiagnostic.com\/en\/urun\/autel-maxicheck-mx900-ariza-tespit-cihazi\/\",\"url\":\"https:\/\/cartechdiagnostic.com\/en\/urun\/autel-maxicheck-mx900-ariza-tespit-cihazi\/\",\"name\":\"AUTEL MaxiCheck MX900 Fault Detection Device - Car-Tech Diagnostic\",\"isPartOf\":{\"@id\":\"https:\/\/www.cartechdiagnostic.com\/en\/#website\"},\"primaryImageOfPage\":{\"@id\":\"https:\/\/cartechdiagnostic.com\/en\/urun\/autel-maxicheck-mx900-ariza-tespit-cihazi\/#primaryimage\"},\"image\":{\"@id\":\"https:\/\/cartechdiagnostic.com\/en\/urun\/autel-maxicheck-mx900-ariza-tespit-cihazi\/#primaryimage\"},\"thumbnailUrl\":\"https:\/\/cartechdiagnostic.com\/wp-content\/uploads\/2023\/11\/Autel-MaxiCheck-MX900-Ariza-Tespit-Cihazi.png\",\"datePublished\":\"2023-11-24T17:32:14+00:00\",\"dateModified\":\"2025-05-31T00:39:15+00:00\",\"breadcrumb\":{\"@id\":\"https:\/\/cartechdiagnostic.com\/en\/urun\/autel-maxicheck-mx900-ariza-tespit-cihazi\/#breadcrumb\"},\"inLanguage\":\"en-US\",\"potentialAction\":[{\"@type\":\"ReadAction\",\"target\":[\"https:\/\/cartechdiagnostic.com\/en\/urun\/autel-maxicheck-mx900-ariza-tespit-cihazi\/\"]}]},{\"@type\":\"ImageObject\",\"inLanguage\":\"en-US\",\"@id\":\"https:\/\/cartechdiagnostic.com\/en\/urun\/autel-maxicheck-mx900-ariza-tespit-cihazi\/#primaryimage\",\"url\":\"https:\/\/cartechdiagnostic.com\/wp-content\/uploads\/2023\/11\/Autel-MaxiCheck-MX900-Ariza-Tespit-Cihazi.png\",\"contentUrl\":\"https:\/\/cartechdiagnostic.com\/wp-content\/uploads\/2023\/11\/Autel-MaxiCheck-MX900-Ariza-Tespit-Cihazi.png\",\"width\":1080,\"height\":1080},{\"@type\":\"BreadcrumbList\",\"@id\":\"https:\/\/cartechdiagnostic.com\/en\/urun\/autel-maxicheck-mx900-ariza-tespit-cihazi\/#breadcrumb\",\"itemListElement\":[{\"@type\":\"ListItem\",\"position\":1,\"name\":\"Anasayfa\",\"item\":\"https:\/\/www.cartechdiagnostic.com\/en\/\"},{\"@type\":\"ListItem\",\"position\":2,\"name\":\"Ma\u011faza\",\"item\":\"https:\/\/www.cartechdiagnostic.com\/magaza\/\"},{\"@type\":\"ListItem\",\"position\":3,\"name\":\"AUTEL MaxiCheck MX900 Fault Detection Device\"}]},{\"@type\":\"WebSite\",\"@id\":\"https:\/\/www.cartechdiagnostic.com\/en\/#website\",\"url\":\"https:\/\/www.cartechdiagnostic.com\/en\/\",\"name\":\"Car-Tech Diagnostic\",\"description\":\"Ar\u0131za Tespit Cihazlar\u0131 - ECU Programlama Cihazlar\u0131\",\"publisher\":{\"@id\":\"https:\/\/www.cartechdiagnostic.com\/en\/#organization\"},\"alternateName\":\"Car-Tech Diag\",\"potentialAction\":[{\"@type\":\"SearchAction\",\"target\":{\"@type\":\"EntryPoint\",\"urlTemplate\":\"https:\/\/www.cartechdiagnostic.com\/en\/?s={search_term_string}\"},\"query-input\":\"required name=search_term_string\"}],\"inLanguage\":\"en-US\"},{\"@type\":\"Organization\",\"@id\":\"https:\/\/www.cartechdiagnostic.com\/en\/#organization\",\"name\":\"Car-Tech Diagnostic Yaz\u0131l\u0131m Ltd. \u015eti.\",\"url\":\"https:\/\/www.cartechdiagnostic.com\/en\/\",\"logo\":{\"@type\":\"ImageObject\",\"inLanguage\":\"en-US\",\"@id\":\"https:\/\/www.cartechdiagnostic.com\/en\/#\/schema\/logo\/image\/\",\"url\":\"https:\/\/cartechdiagnostic.com\/wp-content\/uploads\/2023\/08\/logocartech.png\",\"contentUrl\":\"https:\/\/cartechdiagnostic.com\/wp-content\/uploads\/2023\/08\/logocartech.png\",\"width\":714,\"height\":340,\"caption\":\"Car-Tech Diagnostic Yaz\u0131l\u0131m Ltd. \u015eti.\"},\"image\":{\"@id\":\"https:\/\/www.cartechdiagnostic.com\/en\/#\/schema\/logo\/image\/\"},\"sameAs\":[\"https:\/\/www.instagram.com\/cartechdiagnostic\"]}]}<\/script>\n<!-- \/ Yoast SEO plugin. -->","yoast_head_json":{"title":"AUTEL MaxiCheck MX900 Fault Detection Device - Car-Tech Diagnostic","robots":{"index":"index","follow":"follow","max-snippet":"max-snippet:-1","max-image-preview":"max-image-preview:large","max-video-preview":"max-video-preview:-1"},"canonical":"https:\/\/cartechdiagnostic.com\/en\/urun\/autel-maxicheck-mx900-ariza-tespit-cihazi\/","og_locale":"en_US","og_type":"article","og_title":"AUTEL MaxiCheck MX900 Fault Detection Device - Car-Tech Diagnostic","og_description":"The Autel MaxiCheck MX900 Fault Detector is a user-friendly diagnostic tool designed for car owners and professional technicians. This device has been developed in order to quickly and reliably identify problems that occur in the electronic systems of the vehicle. The MX900 has the ability to diagnose failures in the engine, transmission, ABS and other important systems, adapting to a wide vehicle coverage. The device, which has a simple and understandable interface, is designed for users to use it easily. This fault detection device quickly evaluates the general condition of the vehicle with its automatic scanning feature and provides detailed reports. In addition, it can stay up to date over time thanks to the ability to support new vehicle models with updatable software. The Autel MaxiCheck MX900 simplifies automotive maintenance processes by offering vehicle owners and technicians the opportunity to solve electronic problems in a simplified way.","og_url":"https:\/\/cartechdiagnostic.com\/en\/urun\/autel-maxicheck-mx900-ariza-tespit-cihazi\/","og_site_name":"Car-Tech Diagnostic","article_modified_time":"2025-05-31T00:39:15+00:00","og_image":[{"width":1080,"height":1080,"url":"https:\/\/cartechdiagnostic.com\/wp-content\/uploads\/2023\/11\/Autel-MaxiCheck-MX900-Ariza-Tespit-Cihazi.png","type":"image\/png"}],"twitter_card":"summary_large_image","schema":{"@context":"https:\/\/schema.org","@graph":[{"@type":"WebPage","@id":"https:\/\/cartechdiagnostic.com\/en\/urun\/autel-maxicheck-mx900-ariza-tespit-cihazi\/","url":"https:\/\/cartechdiagnostic.com\/en\/urun\/autel-maxicheck-mx900-ariza-tespit-cihazi\/","name":"AUTEL MaxiCheck MX900 Fault Detection Device - Car-Tech Diagnostic","isPartOf":{"@id":"https:\/\/www.cartechdiagnostic.com\/en\/#website"},"primaryImageOfPage":{"@id":"https:\/\/cartechdiagnostic.com\/en\/urun\/autel-maxicheck-mx900-ariza-tespit-cihazi\/#primaryimage"},"image":{"@id":"https:\/\/cartechdiagnostic.com\/en\/urun\/autel-maxicheck-mx900-ariza-tespit-cihazi\/#primaryimage"},"thumbnailUrl":"https:\/\/cartechdiagnostic.com\/wp-content\/uploads\/2023\/11\/Autel-MaxiCheck-MX900-Ariza-Tespit-Cihazi.png","datePublished":"2023-11-24T17:32:14+00:00","dateModified":"2025-05-31T00:39:15+00:00","breadcrumb":{"@id":"https:\/\/cartechdiagnostic.com\/en\/urun\/autel-maxicheck-mx900-ariza-tespit-cihazi\/#breadcrumb"},"inLanguage":"en-US","potentialAction":[{"@type":"ReadAction","target":["https:\/\/cartechdiagnostic.com\/en\/urun\/autel-maxicheck-mx900-ariza-tespit-cihazi\/"]}]},{"@type":"ImageObject","inLanguage":"en-US","@id":"https:\/\/cartechdiagnostic.com\/en\/urun\/autel-maxicheck-mx900-ariza-tespit-cihazi\/#primaryimage","url":"https:\/\/cartechdiagnostic.com\/wp-content\/uploads\/2023\/11\/Autel-MaxiCheck-MX900-Ariza-Tespit-Cihazi.png","contentUrl":"https:\/\/cartechdiagnostic.com\/wp-content\/uploads\/2023\/11\/Autel-MaxiCheck-MX900-Ariza-Tespit-Cihazi.png","width":1080,"height":1080},{"@type":"BreadcrumbList","@id":"https:\/\/cartechdiagnostic.com\/en\/urun\/autel-maxicheck-mx900-ariza-tespit-cihazi\/#breadcrumb","itemListElement":[{"@type":"ListItem","position":1,"name":"Anasayfa","item":"https:\/\/www.cartechdiagnostic.com\/en\/"},{"@type":"ListItem","position":2,"name":"Ma\u011faza","item":"https:\/\/www.cartechdiagnostic.com\/magaza\/"},{"@type":"ListItem","position":3,"name":"AUTEL MaxiCheck MX900 Fault Detection Device"}]},{"@type":"WebSite","@id":"https:\/\/www.cartechdiagnostic.com\/en\/#website","url":"https:\/\/www.cartechdiagnostic.com\/en\/","name":"Car-Tech Diagnostic","description":"Ar\u0131za Tespit Cihazlar\u0131 - ECU Programlama Cihazlar\u0131","publisher":{"@id":"https:\/\/www.cartechdiagnostic.com\/en\/#organization"},"alternateName":"Car-Tech Diag","potentialAction":[{"@type":"SearchAction","target":{"@type":"EntryPoint","urlTemplate":"https:\/\/www.cartechdiagnostic.com\/en\/?s={search_term_string}"},"query-input":"required name=search_term_string"}],"inLanguage":"en-US"},{"@type":"Organization","@id":"https:\/\/www.cartechdiagnostic.com\/en\/#organization","name":"Car-Tech Diagnostic Yaz\u0131l\u0131m Ltd. \u015eti.","url":"https:\/\/www.cartechdiagnostic.com\/en\/","logo":{"@type":"ImageObject","inLanguage":"en-US","@id":"https:\/\/www.cartechdiagnostic.com\/en\/#\/schema\/logo\/image\/","url":"https:\/\/cartechdiagnostic.com\/wp-content\/uploads\/2023\/08\/logocartech.png","contentUrl":"https:\/\/cartechdiagnostic.com\/wp-content\/uploads\/2023\/08\/logocartech.png","width":714,"height":340,"caption":"Car-Tech Diagnostic Yaz\u0131l\u0131m Ltd. \u015eti."},"image":{"@id":"https:\/\/www.cartechdiagnostic.com\/en\/#\/schema\/logo\/image\/"},"sameAs":["https:\/\/www.instagram.com\/cartechdiagnostic"]}]}},"_links":{"self":[{"href":"https:\/\/cartechdiagnostic.com\/en\/wp-json\/wp\/v2\/product\/18465","targetHints":{"allow":["GET"]}}],"collection":[{"href":"https:\/\/cartechdiagnostic.com\/en\/wp-json\/wp\/v2\/product"}],"about":[{"href":"https:\/\/cartechdiagnostic.com\/en\/wp-json\/wp\/v2\/types\/product"}],"replies":[{"embeddable":true,"href":"https:\/\/cartechdiagnostic.com\/en\/wp-json\/wp\/v2\/comments?post=18465"}],"version-history":[{"count":0,"href":"https:\/\/cartechdiagnostic.com\/en\/wp-json\/wp\/v2\/product\/18465\/revisions"}],"wp:featuredmedia":[{"embeddable":true,"href":"https:\/\/cartechdiagnostic.com\/en\/wp-json\/wp\/v2\/media\/16100"}],"wp:attachment":[{"href":"https:\/\/cartechdiagnostic.com\/en\/wp-json\/wp\/v2\/media?parent=18465"}],"wp:term":[{"taxonomy":"product_brand","embeddable":true,"href":"https:\/\/cartechdiagnostic.com\/en\/wp-json\/wp\/v2\/product_brand?post=18465"},{"taxonomy":"product_cat","embeddable":true,"href":"https:\/\/cartechdiagnostic.com\/en\/wp-json\/wp\/v2\/product_cat?post=18465"},{"taxonomy":"product_tag","embeddable":true,"href":"https:\/\/cartechdiagnostic.com\/en\/wp-json\/wp\/v2\/product_tag?post=18465"}],"curies":[{"name":"wp","href":"https:\/\/api.w.org\/{rel}","templated":true}]}}