{"id":18476,"date":"2023-11-24T20:49:03","date_gmt":"2023-11-24T17:49:03","guid":{"rendered":"https:\/urun\/autel-maxisys-ultra-ariza-tespit-cihazi-ultra-cift-yonlu\/"},"modified":"2023-11-24T20:49:03","modified_gmt":"2023-11-24T17:49:03","slug":"autel-maxisys-ultra-ariza-tespit-cihazi-ultra-cift-yonlu","status":"publish","type":"product","link":"https:\/\/cartechdiagnostic.com\/en\/urun\/autel-maxisys-ultra-ariza-tespit-cihazi-ultra-cift-yonlu\/","title":{"rendered":"AUTEL MaxiSys Ultra Home Fault Detection Device &#8211; Ultra Duplex"},"content":{"rendered":"","protected":false},"excerpt":{"rendered":"<p>Autel MaxiSys Ultra is an automotive diagnostic device that stands out with its advanced fault detection capabilities and bidirectional operation. It has the ability to quickly and accurately identify problems in critical systems such as engine, transmission, ABS, airbags by adapting to a wide vehicle coverage. The bi-directional design of the MaxiSys Ultra provides users with both vertical and horizontal operation options, providing a flexible working experience.   Its user-friendly interface and high-resolution touch screen make the device easy to use. The automatic scanning feature quickly evaluates the general condition of the vehicle and provides detailed reports. The ability to support new vehicle models with updatable software ensures that the MaxiSys Ultra stays up-to-date over time. Autel MaxiSys Ultra makes automotive maintenance processes more efficient and provides professional technicians with a reliable vehicle diagnostics solution. <\/p>\n","protected":false},"featured_media":16153,"comment_status":"open","ping_status":"closed","template":"","meta":{"_joinchat":[]},"product_brand":[],"product_cat":[1374,1344,1347,1349],"product_tag":[],"class_list":{"0":"post-18476","1":"product","2":"type-product","3":"status-publish","4":"has-post-thumbnail","6":"product_cat-reklam1-en","7":"product_cat-autel-en","8":"product_cat-daignostic-tools","9":"product_cat-passenger-car","11":"first","12":"instock","13":"sale","14":"shipping-taxable","15":"purchasable","16":"product-type-simple"},"yoast_head":"<!-- This site is optimized with the Yoast SEO plugin v22.8 - https:\/\/yoast.com\/wordpress\/plugins\/seo\/ -->\n<title>AUTEL MaxiSys Ultra Home Fault Detection Device - Ultra Duplex - Car-Tech Diagnostic<\/title>\n<meta name=\"robots\" content=\"index, follow, max-snippet:-1, max-image-preview:large, max-video-preview:-1\" \/>\n<link rel=\"canonical\" href=\"https:\/\/cartechdiagnostic.com\/en\/urun\/autel-maxisys-ultra-ariza-tespit-cihazi-ultra-cift-yonlu\/\" \/>\n<meta property=\"og:locale\" content=\"en_US\" \/>\n<meta property=\"og:type\" content=\"article\" \/>\n<meta property=\"og:title\" content=\"AUTEL MaxiSys Ultra Home Fault Detection Device - Ultra Duplex - Car-Tech Diagnostic\" \/>\n<meta property=\"og:description\" content=\"Autel MaxiSys Ultra is an automotive diagnostic device that stands out with its advanced fault detection capabilities and bidirectional operation. It has the ability to quickly and accurately identify problems in critical systems such as engine, transmission, ABS, airbags by adapting to a wide vehicle coverage. The bi-directional design of the MaxiSys Ultra provides users with both vertical and horizontal operation options, providing a flexible working experience.  Its user-friendly interface and high-resolution touch screen make the device easy to use. The automatic scanning feature quickly evaluates the general condition of the vehicle and provides detailed reports. The ability to support new vehicle models with updatable software ensures that the MaxiSys Ultra stays up-to-date over time. Autel MaxiSys Ultra makes automotive maintenance processes more efficient and provides professional technicians with a reliable vehicle diagnostics solution.\" \/>\n<meta property=\"og:url\" content=\"https:\/\/cartechdiagnostic.com\/en\/urun\/autel-maxisys-ultra-ariza-tespit-cihazi-ultra-cift-yonlu\/\" \/>\n<meta property=\"og:site_name\" content=\"Car-Tech Diagnostic\" \/>\n<meta property=\"og:image\" content=\"https:\/\/cartechdiagnostic.com\/wp-content\/uploads\/2023\/11\/Autel-MaxiSys-Ultra-Ariza-Tespit-Cihazi-2.png\" \/>\n\t<meta property=\"og:image:width\" content=\"1080\" \/>\n\t<meta property=\"og:image:height\" content=\"1080\" \/>\n\t<meta property=\"og:image:type\" content=\"image\/png\" \/>\n<meta name=\"twitter:card\" content=\"summary_large_image\" \/>\n<script type=\"application\/ld+json\" class=\"yoast-schema-graph\">{\"@context\":\"https:\/\/schema.org\",\"@graph\":[{\"@type\":\"WebPage\",\"@id\":\"https:\/\/cartechdiagnostic.com\/en\/urun\/autel-maxisys-ultra-ariza-tespit-cihazi-ultra-cift-yonlu\/\",\"url\":\"https:\/\/cartechdiagnostic.com\/en\/urun\/autel-maxisys-ultra-ariza-tespit-cihazi-ultra-cift-yonlu\/\",\"name\":\"AUTEL MaxiSys Ultra Home Fault Detection Device - Ultra Duplex - Car-Tech Diagnostic\",\"isPartOf\":{\"@id\":\"https:\/\/www.cartechdiagnostic.com\/en\/#website\"},\"primaryImageOfPage\":{\"@id\":\"https:\/\/cartechdiagnostic.com\/en\/urun\/autel-maxisys-ultra-ariza-tespit-cihazi-ultra-cift-yonlu\/#primaryimage\"},\"image\":{\"@id\":\"https:\/\/cartechdiagnostic.com\/en\/urun\/autel-maxisys-ultra-ariza-tespit-cihazi-ultra-cift-yonlu\/#primaryimage\"},\"thumbnailUrl\":\"https:\/\/cartechdiagnostic.com\/wp-content\/uploads\/2023\/11\/Autel-MaxiSys-Ultra-Ariza-Tespit-Cihazi-2.png\",\"datePublished\":\"2023-11-24T17:49:03+00:00\",\"dateModified\":\"2023-11-24T17:49:03+00:00\",\"breadcrumb\":{\"@id\":\"https:\/\/cartechdiagnostic.com\/en\/urun\/autel-maxisys-ultra-ariza-tespit-cihazi-ultra-cift-yonlu\/#breadcrumb\"},\"inLanguage\":\"en-US\",\"potentialAction\":[{\"@type\":\"ReadAction\",\"target\":[\"https:\/\/cartechdiagnostic.com\/en\/urun\/autel-maxisys-ultra-ariza-tespit-cihazi-ultra-cift-yonlu\/\"]}]},{\"@type\":\"ImageObject\",\"inLanguage\":\"en-US\",\"@id\":\"https:\/\/cartechdiagnostic.com\/en\/urun\/autel-maxisys-ultra-ariza-tespit-cihazi-ultra-cift-yonlu\/#primaryimage\",\"url\":\"https:\/\/cartechdiagnostic.com\/wp-content\/uploads\/2023\/11\/Autel-MaxiSys-Ultra-Ariza-Tespit-Cihazi-2.png\",\"contentUrl\":\"https:\/\/cartechdiagnostic.com\/wp-content\/uploads\/2023\/11\/Autel-MaxiSys-Ultra-Ariza-Tespit-Cihazi-2.png\",\"width\":1080,\"height\":1080},{\"@type\":\"BreadcrumbList\",\"@id\":\"https:\/\/cartechdiagnostic.com\/en\/urun\/autel-maxisys-ultra-ariza-tespit-cihazi-ultra-cift-yonlu\/#breadcrumb\",\"itemListElement\":[{\"@type\":\"ListItem\",\"position\":1,\"name\":\"Anasayfa\",\"item\":\"https:\/\/www.cartechdiagnostic.com\/en\/\"},{\"@type\":\"ListItem\",\"position\":2,\"name\":\"Ma\u011faza\",\"item\":\"https:\/\/www.cartechdiagnostic.com\/magaza\/\"},{\"@type\":\"ListItem\",\"position\":3,\"name\":\"AUTEL MaxiSys Ultra Home Fault Detection Device &#8211; Ultra Duplex\"}]},{\"@type\":\"WebSite\",\"@id\":\"https:\/\/www.cartechdiagnostic.com\/en\/#website\",\"url\":\"https:\/\/www.cartechdiagnostic.com\/en\/\",\"name\":\"Car-Tech Diagnostic\",\"description\":\"Ar\u0131za Tespit Cihazlar\u0131 - ECU Programlama Cihazlar\u0131\",\"publisher\":{\"@id\":\"https:\/\/www.cartechdiagnostic.com\/en\/#organization\"},\"alternateName\":\"Car-Tech Diag\",\"potentialAction\":[{\"@type\":\"SearchAction\",\"target\":{\"@type\":\"EntryPoint\",\"urlTemplate\":\"https:\/\/www.cartechdiagnostic.com\/en\/?s={search_term_string}\"},\"query-input\":\"required name=search_term_string\"}],\"inLanguage\":\"en-US\"},{\"@type\":\"Organization\",\"@id\":\"https:\/\/www.cartechdiagnostic.com\/en\/#organization\",\"name\":\"Car-Tech Diagnostic Yaz\u0131l\u0131m Ltd. \u015eti.\",\"url\":\"https:\/\/www.cartechdiagnostic.com\/en\/\",\"logo\":{\"@type\":\"ImageObject\",\"inLanguage\":\"en-US\",\"@id\":\"https:\/\/www.cartechdiagnostic.com\/en\/#\/schema\/logo\/image\/\",\"url\":\"https:\/\/cartechdiagnostic.com\/wp-content\/uploads\/2023\/08\/logocartech.png\",\"contentUrl\":\"https:\/\/cartechdiagnostic.com\/wp-content\/uploads\/2023\/08\/logocartech.png\",\"width\":714,\"height\":340,\"caption\":\"Car-Tech Diagnostic Yaz\u0131l\u0131m Ltd. \u015eti.\"},\"image\":{\"@id\":\"https:\/\/www.cartechdiagnostic.com\/en\/#\/schema\/logo\/image\/\"},\"sameAs\":[\"https:\/\/www.instagram.com\/cartechdiagnostic\"]}]}<\/script>\n<!-- \/ Yoast SEO plugin. -->","yoast_head_json":{"title":"AUTEL MaxiSys Ultra Home Fault Detection Device - Ultra Duplex - Car-Tech Diagnostic","robots":{"index":"index","follow":"follow","max-snippet":"max-snippet:-1","max-image-preview":"max-image-preview:large","max-video-preview":"max-video-preview:-1"},"canonical":"https:\/\/cartechdiagnostic.com\/en\/urun\/autel-maxisys-ultra-ariza-tespit-cihazi-ultra-cift-yonlu\/","og_locale":"en_US","og_type":"article","og_title":"AUTEL MaxiSys Ultra Home Fault Detection Device - Ultra Duplex - Car-Tech Diagnostic","og_description":"Autel MaxiSys Ultra is an automotive diagnostic device that stands out with its advanced fault detection capabilities and bidirectional operation. It has the ability to quickly and accurately identify problems in critical systems such as engine, transmission, ABS, airbags by adapting to a wide vehicle coverage. The bi-directional design of the MaxiSys Ultra provides users with both vertical and horizontal operation options, providing a flexible working experience.  Its user-friendly interface and high-resolution touch screen make the device easy to use. The automatic scanning feature quickly evaluates the general condition of the vehicle and provides detailed reports. The ability to support new vehicle models with updatable software ensures that the MaxiSys Ultra stays up-to-date over time. Autel MaxiSys Ultra makes automotive maintenance processes more efficient and provides professional technicians with a reliable vehicle diagnostics solution.","og_url":"https:\/\/cartechdiagnostic.com\/en\/urun\/autel-maxisys-ultra-ariza-tespit-cihazi-ultra-cift-yonlu\/","og_site_name":"Car-Tech Diagnostic","og_image":[{"width":1080,"height":1080,"url":"https:\/\/cartechdiagnostic.com\/wp-content\/uploads\/2023\/11\/Autel-MaxiSys-Ultra-Ariza-Tespit-Cihazi-2.png","type":"image\/png"}],"twitter_card":"summary_large_image","schema":{"@context":"https:\/\/schema.org","@graph":[{"@type":"WebPage","@id":"https:\/\/cartechdiagnostic.com\/en\/urun\/autel-maxisys-ultra-ariza-tespit-cihazi-ultra-cift-yonlu\/","url":"https:\/\/cartechdiagnostic.com\/en\/urun\/autel-maxisys-ultra-ariza-tespit-cihazi-ultra-cift-yonlu\/","name":"AUTEL MaxiSys Ultra Home Fault Detection Device - Ultra Duplex - Car-Tech Diagnostic","isPartOf":{"@id":"https:\/\/www.cartechdiagnostic.com\/en\/#website"},"primaryImageOfPage":{"@id":"https:\/\/cartechdiagnostic.com\/en\/urun\/autel-maxisys-ultra-ariza-tespit-cihazi-ultra-cift-yonlu\/#primaryimage"},"image":{"@id":"https:\/\/cartechdiagnostic.com\/en\/urun\/autel-maxisys-ultra-ariza-tespit-cihazi-ultra-cift-yonlu\/#primaryimage"},"thumbnailUrl":"https:\/\/cartechdiagnostic.com\/wp-content\/uploads\/2023\/11\/Autel-MaxiSys-Ultra-Ariza-Tespit-Cihazi-2.png","datePublished":"2023-11-24T17:49:03+00:00","dateModified":"2023-11-24T17:49:03+00:00","breadcrumb":{"@id":"https:\/\/cartechdiagnostic.com\/en\/urun\/autel-maxisys-ultra-ariza-tespit-cihazi-ultra-cift-yonlu\/#breadcrumb"},"inLanguage":"en-US","potentialAction":[{"@type":"ReadAction","target":["https:\/\/cartechdiagnostic.com\/en\/urun\/autel-maxisys-ultra-ariza-tespit-cihazi-ultra-cift-yonlu\/"]}]},{"@type":"ImageObject","inLanguage":"en-US","@id":"https:\/\/cartechdiagnostic.com\/en\/urun\/autel-maxisys-ultra-ariza-tespit-cihazi-ultra-cift-yonlu\/#primaryimage","url":"https:\/\/cartechdiagnostic.com\/wp-content\/uploads\/2023\/11\/Autel-MaxiSys-Ultra-Ariza-Tespit-Cihazi-2.png","contentUrl":"https:\/\/cartechdiagnostic.com\/wp-content\/uploads\/2023\/11\/Autel-MaxiSys-Ultra-Ariza-Tespit-Cihazi-2.png","width":1080,"height":1080},{"@type":"BreadcrumbList","@id":"https:\/\/cartechdiagnostic.com\/en\/urun\/autel-maxisys-ultra-ariza-tespit-cihazi-ultra-cift-yonlu\/#breadcrumb","itemListElement":[{"@type":"ListItem","position":1,"name":"Anasayfa","item":"https:\/\/www.cartechdiagnostic.com\/en\/"},{"@type":"ListItem","position":2,"name":"Ma\u011faza","item":"https:\/\/www.cartechdiagnostic.com\/magaza\/"},{"@type":"ListItem","position":3,"name":"AUTEL MaxiSys Ultra Home Fault Detection Device &#8211; Ultra Duplex"}]},{"@type":"WebSite","@id":"https:\/\/www.cartechdiagnostic.com\/en\/#website","url":"https:\/\/www.cartechdiagnostic.com\/en\/","name":"Car-Tech Diagnostic","description":"Ar\u0131za Tespit Cihazlar\u0131 - ECU Programlama Cihazlar\u0131","publisher":{"@id":"https:\/\/www.cartechdiagnostic.com\/en\/#organization"},"alternateName":"Car-Tech Diag","potentialAction":[{"@type":"SearchAction","target":{"@type":"EntryPoint","urlTemplate":"https:\/\/www.cartechdiagnostic.com\/en\/?s={search_term_string}"},"query-input":"required name=search_term_string"}],"inLanguage":"en-US"},{"@type":"Organization","@id":"https:\/\/www.cartechdiagnostic.com\/en\/#organization","name":"Car-Tech Diagnostic Yaz\u0131l\u0131m Ltd. \u015eti.","url":"https:\/\/www.cartechdiagnostic.com\/en\/","logo":{"@type":"ImageObject","inLanguage":"en-US","@id":"https:\/\/www.cartechdiagnostic.com\/en\/#\/schema\/logo\/image\/","url":"https:\/\/cartechdiagnostic.com\/wp-content\/uploads\/2023\/08\/logocartech.png","contentUrl":"https:\/\/cartechdiagnostic.com\/wp-content\/uploads\/2023\/08\/logocartech.png","width":714,"height":340,"caption":"Car-Tech Diagnostic Yaz\u0131l\u0131m Ltd. \u015eti."},"image":{"@id":"https:\/\/www.cartechdiagnostic.com\/en\/#\/schema\/logo\/image\/"},"sameAs":["https:\/\/www.instagram.com\/cartechdiagnostic"]}]}},"_links":{"self":[{"href":"https:\/\/cartechdiagnostic.com\/en\/wp-json\/wp\/v2\/product\/18476","targetHints":{"allow":["GET"]}}],"collection":[{"href":"https:\/\/cartechdiagnostic.com\/en\/wp-json\/wp\/v2\/product"}],"about":[{"href":"https:\/\/cartechdiagnostic.com\/en\/wp-json\/wp\/v2\/types\/product"}],"replies":[{"embeddable":true,"href":"https:\/\/cartechdiagnostic.com\/en\/wp-json\/wp\/v2\/comments?post=18476"}],"version-history":[{"count":0,"href":"https:\/\/cartechdiagnostic.com\/en\/wp-json\/wp\/v2\/product\/18476\/revisions"}],"wp:featuredmedia":[{"embeddable":true,"href":"https:\/\/cartechdiagnostic.com\/en\/wp-json\/wp\/v2\/media\/16153"}],"wp:attachment":[{"href":"https:\/\/cartechdiagnostic.com\/en\/wp-json\/wp\/v2\/media?parent=18476"}],"wp:term":[{"taxonomy":"product_brand","embeddable":true,"href":"https:\/\/cartechdiagnostic.com\/en\/wp-json\/wp\/v2\/product_brand?post=18476"},{"taxonomy":"product_cat","embeddable":true,"href":"https:\/\/cartechdiagnostic.com\/en\/wp-json\/wp\/v2\/product_cat?post=18476"},{"taxonomy":"product_tag","embeddable":true,"href":"https:\/\/cartechdiagnostic.com\/en\/wp-json\/wp\/v2\/product_tag?post=18476"}],"curies":[{"name":"wp","href":"https:\/\/api.w.org\/{rel}","templated":true}]}}