{"id":18479,"date":"2023-11-24T20:55:18","date_gmt":"2023-11-24T17:55:18","guid":{"rendered":"https:\/urun\/ford-ids-vcm2-ariza-tespit-cihaz\/"},"modified":"2023-11-24T20:55:18","modified_gmt":"2023-11-24T17:55:18","slug":"ford-ids-vcm2-ariza-tespit-cihaz","status":"publish","type":"product","link":"https:\/\/cartechdiagnostic.com\/en\/urun\/ford-ids-vcm2-ariza-tespit-cihaz\/","title":{"rendered":"Ford IDS VCM2 Fault Detection Device"},"content":{"rendered":"","protected":false},"excerpt":{"rendered":"<p>The Ford IDS VCM2 Fault Detection Device is a diagnostic tool specially designed for Ford vehicles. This device is used to quickly and accurately detect electronic and mechanical problems that may occur on various Ford models. It is an ideal solution for professional automotive technicians and services that perform specialized maintenance of Ford vehicles. The IDS VCM2 adapts to a wide range of Ford vehicles and has the ability to diagnose failures in critical systems such as engine, transmission, ABS, airbags. Its user-friendly interface allows technicians to use the device easily. Thanks to its advanced diagnostic capabilities, the IDS VCM2 provides reliable and effective troubleshooting of Ford vehicles. In addition, thanks to the updatable software feature, the device can keep up with new Ford models and technological updates. The Ford IDS VCM2 is an indispensable tool for technicians who want to perform professional-level diagnostics and maintenance on Ford vehicles.<\/p>\n","protected":false},"featured_media":16169,"comment_status":"open","ping_status":"closed","template":"","meta":{"_joinchat":[]},"product_brand":[],"product_cat":[1347,1349],"product_tag":[],"class_list":{"0":"post-18479","1":"product","2":"type-product","3":"status-publish","4":"has-post-thumbnail","6":"product_cat-daignostic-tools","7":"product_cat-passenger-car","9":"first","10":"instock","11":"sale","12":"shipping-taxable","13":"purchasable","14":"product-type-simple"},"yoast_head":"<!-- This site is optimized with the Yoast SEO plugin v22.8 - https:\/\/yoast.com\/wordpress\/plugins\/seo\/ -->\n<title>Ford IDS VCM2 Fault Detection Device - Car-Tech Diagnostic<\/title>\n<meta name=\"robots\" content=\"index, follow, max-snippet:-1, max-image-preview:large, max-video-preview:-1\" \/>\n<link rel=\"canonical\" href=\"https:\/\/cartechdiagnostic.com\/en\/urun\/ford-ids-vcm2-ariza-tespit-cihaz\/\" \/>\n<meta property=\"og:locale\" content=\"en_US\" \/>\n<meta property=\"og:type\" content=\"article\" \/>\n<meta property=\"og:title\" content=\"Ford IDS VCM2 Fault Detection Device - Car-Tech Diagnostic\" \/>\n<meta property=\"og:description\" content=\"The Ford IDS VCM2 Fault Detection Device is a diagnostic tool specially designed for Ford vehicles. This device is used to quickly and accurately detect electronic and mechanical problems that may occur on various Ford models. It is an ideal solution for professional automotive technicians and services that perform specialized maintenance of Ford vehicles. The IDS VCM2 adapts to a wide range of Ford vehicles and has the ability to diagnose failures in critical systems such as engine, transmission, ABS, airbags. Its user-friendly interface allows technicians to use the device easily. Thanks to its advanced diagnostic capabilities, the IDS VCM2 provides reliable and effective troubleshooting of Ford vehicles. In addition, thanks to the updatable software feature, the device can keep up with new Ford models and technological updates. The Ford IDS VCM2 is an indispensable tool for technicians who want to perform professional-level diagnostics and maintenance on Ford vehicles.\" \/>\n<meta property=\"og:url\" content=\"https:\/\/cartechdiagnostic.com\/en\/urun\/ford-ids-vcm2-ariza-tespit-cihaz\/\" \/>\n<meta property=\"og:site_name\" content=\"Car-Tech Diagnostic\" \/>\n<meta property=\"og:image\" content=\"https:\/\/cartechdiagnostic.com\/wp-content\/uploads\/2023\/11\/FORD-IDS-Vcm2-Ariza-Tespit-Cihazi-3.png\" \/>\n\t<meta property=\"og:image:width\" content=\"1080\" \/>\n\t<meta property=\"og:image:height\" content=\"1080\" \/>\n\t<meta property=\"og:image:type\" content=\"image\/png\" \/>\n<meta name=\"twitter:card\" content=\"summary_large_image\" \/>\n<script type=\"application\/ld+json\" class=\"yoast-schema-graph\">{\"@context\":\"https:\/\/schema.org\",\"@graph\":[{\"@type\":\"WebPage\",\"@id\":\"https:\/\/cartechdiagnostic.com\/en\/urun\/ford-ids-vcm2-ariza-tespit-cihaz\/\",\"url\":\"https:\/\/cartechdiagnostic.com\/en\/urun\/ford-ids-vcm2-ariza-tespit-cihaz\/\",\"name\":\"Ford IDS VCM2 Fault Detection Device - Car-Tech Diagnostic\",\"isPartOf\":{\"@id\":\"https:\/\/www.cartechdiagnostic.com\/en\/#website\"},\"primaryImageOfPage\":{\"@id\":\"https:\/\/cartechdiagnostic.com\/en\/urun\/ford-ids-vcm2-ariza-tespit-cihaz\/#primaryimage\"},\"image\":{\"@id\":\"https:\/\/cartechdiagnostic.com\/en\/urun\/ford-ids-vcm2-ariza-tespit-cihaz\/#primaryimage\"},\"thumbnailUrl\":\"https:\/\/cartechdiagnostic.com\/wp-content\/uploads\/2023\/11\/FORD-IDS-Vcm2-Ariza-Tespit-Cihazi-3.png\",\"datePublished\":\"2023-11-24T17:55:18+00:00\",\"dateModified\":\"2023-11-24T17:55:18+00:00\",\"breadcrumb\":{\"@id\":\"https:\/\/cartechdiagnostic.com\/en\/urun\/ford-ids-vcm2-ariza-tespit-cihaz\/#breadcrumb\"},\"inLanguage\":\"en-US\",\"potentialAction\":[{\"@type\":\"ReadAction\",\"target\":[\"https:\/\/cartechdiagnostic.com\/en\/urun\/ford-ids-vcm2-ariza-tespit-cihaz\/\"]}]},{\"@type\":\"ImageObject\",\"inLanguage\":\"en-US\",\"@id\":\"https:\/\/cartechdiagnostic.com\/en\/urun\/ford-ids-vcm2-ariza-tespit-cihaz\/#primaryimage\",\"url\":\"https:\/\/cartechdiagnostic.com\/wp-content\/uploads\/2023\/11\/FORD-IDS-Vcm2-Ariza-Tespit-Cihazi-3.png\",\"contentUrl\":\"https:\/\/cartechdiagnostic.com\/wp-content\/uploads\/2023\/11\/FORD-IDS-Vcm2-Ariza-Tespit-Cihazi-3.png\",\"width\":1080,\"height\":1080},{\"@type\":\"BreadcrumbList\",\"@id\":\"https:\/\/cartechdiagnostic.com\/en\/urun\/ford-ids-vcm2-ariza-tespit-cihaz\/#breadcrumb\",\"itemListElement\":[{\"@type\":\"ListItem\",\"position\":1,\"name\":\"Anasayfa\",\"item\":\"https:\/\/www.cartechdiagnostic.com\/en\/\"},{\"@type\":\"ListItem\",\"position\":2,\"name\":\"Ma\u011faza\",\"item\":\"https:\/\/www.cartechdiagnostic.com\/magaza\/\"},{\"@type\":\"ListItem\",\"position\":3,\"name\":\"Ford IDS VCM2 Fault Detection Device\"}]},{\"@type\":\"WebSite\",\"@id\":\"https:\/\/www.cartechdiagnostic.com\/en\/#website\",\"url\":\"https:\/\/www.cartechdiagnostic.com\/en\/\",\"name\":\"Car-Tech Diagnostic\",\"description\":\"Ar\u0131za Tespit Cihazlar\u0131 - ECU Programlama Cihazlar\u0131\",\"publisher\":{\"@id\":\"https:\/\/www.cartechdiagnostic.com\/en\/#organization\"},\"alternateName\":\"Car-Tech Diag\",\"potentialAction\":[{\"@type\":\"SearchAction\",\"target\":{\"@type\":\"EntryPoint\",\"urlTemplate\":\"https:\/\/www.cartechdiagnostic.com\/en\/?s={search_term_string}\"},\"query-input\":\"required name=search_term_string\"}],\"inLanguage\":\"en-US\"},{\"@type\":\"Organization\",\"@id\":\"https:\/\/www.cartechdiagnostic.com\/en\/#organization\",\"name\":\"Car-Tech Diagnostic Yaz\u0131l\u0131m Ltd. \u015eti.\",\"url\":\"https:\/\/www.cartechdiagnostic.com\/en\/\",\"logo\":{\"@type\":\"ImageObject\",\"inLanguage\":\"en-US\",\"@id\":\"https:\/\/www.cartechdiagnostic.com\/en\/#\/schema\/logo\/image\/\",\"url\":\"https:\/\/cartechdiagnostic.com\/wp-content\/uploads\/2023\/08\/logocartech.png\",\"contentUrl\":\"https:\/\/cartechdiagnostic.com\/wp-content\/uploads\/2023\/08\/logocartech.png\",\"width\":714,\"height\":340,\"caption\":\"Car-Tech Diagnostic Yaz\u0131l\u0131m Ltd. \u015eti.\"},\"image\":{\"@id\":\"https:\/\/www.cartechdiagnostic.com\/en\/#\/schema\/logo\/image\/\"},\"sameAs\":[\"https:\/\/www.instagram.com\/cartechdiagnostic\"]}]}<\/script>\n<!-- \/ Yoast SEO plugin. -->","yoast_head_json":{"title":"Ford IDS VCM2 Fault Detection Device - Car-Tech Diagnostic","robots":{"index":"index","follow":"follow","max-snippet":"max-snippet:-1","max-image-preview":"max-image-preview:large","max-video-preview":"max-video-preview:-1"},"canonical":"https:\/\/cartechdiagnostic.com\/en\/urun\/ford-ids-vcm2-ariza-tespit-cihaz\/","og_locale":"en_US","og_type":"article","og_title":"Ford IDS VCM2 Fault Detection Device - Car-Tech Diagnostic","og_description":"The Ford IDS VCM2 Fault Detection Device is a diagnostic tool specially designed for Ford vehicles. This device is used to quickly and accurately detect electronic and mechanical problems that may occur on various Ford models. It is an ideal solution for professional automotive technicians and services that perform specialized maintenance of Ford vehicles. The IDS VCM2 adapts to a wide range of Ford vehicles and has the ability to diagnose failures in critical systems such as engine, transmission, ABS, airbags. Its user-friendly interface allows technicians to use the device easily. Thanks to its advanced diagnostic capabilities, the IDS VCM2 provides reliable and effective troubleshooting of Ford vehicles. In addition, thanks to the updatable software feature, the device can keep up with new Ford models and technological updates. The Ford IDS VCM2 is an indispensable tool for technicians who want to perform professional-level diagnostics and maintenance on Ford vehicles.","og_url":"https:\/\/cartechdiagnostic.com\/en\/urun\/ford-ids-vcm2-ariza-tespit-cihaz\/","og_site_name":"Car-Tech Diagnostic","og_image":[{"width":1080,"height":1080,"url":"https:\/\/cartechdiagnostic.com\/wp-content\/uploads\/2023\/11\/FORD-IDS-Vcm2-Ariza-Tespit-Cihazi-3.png","type":"image\/png"}],"twitter_card":"summary_large_image","schema":{"@context":"https:\/\/schema.org","@graph":[{"@type":"WebPage","@id":"https:\/\/cartechdiagnostic.com\/en\/urun\/ford-ids-vcm2-ariza-tespit-cihaz\/","url":"https:\/\/cartechdiagnostic.com\/en\/urun\/ford-ids-vcm2-ariza-tespit-cihaz\/","name":"Ford IDS VCM2 Fault Detection Device - Car-Tech Diagnostic","isPartOf":{"@id":"https:\/\/www.cartechdiagnostic.com\/en\/#website"},"primaryImageOfPage":{"@id":"https:\/\/cartechdiagnostic.com\/en\/urun\/ford-ids-vcm2-ariza-tespit-cihaz\/#primaryimage"},"image":{"@id":"https:\/\/cartechdiagnostic.com\/en\/urun\/ford-ids-vcm2-ariza-tespit-cihaz\/#primaryimage"},"thumbnailUrl":"https:\/\/cartechdiagnostic.com\/wp-content\/uploads\/2023\/11\/FORD-IDS-Vcm2-Ariza-Tespit-Cihazi-3.png","datePublished":"2023-11-24T17:55:18+00:00","dateModified":"2023-11-24T17:55:18+00:00","breadcrumb":{"@id":"https:\/\/cartechdiagnostic.com\/en\/urun\/ford-ids-vcm2-ariza-tespit-cihaz\/#breadcrumb"},"inLanguage":"en-US","potentialAction":[{"@type":"ReadAction","target":["https:\/\/cartechdiagnostic.com\/en\/urun\/ford-ids-vcm2-ariza-tespit-cihaz\/"]}]},{"@type":"ImageObject","inLanguage":"en-US","@id":"https:\/\/cartechdiagnostic.com\/en\/urun\/ford-ids-vcm2-ariza-tespit-cihaz\/#primaryimage","url":"https:\/\/cartechdiagnostic.com\/wp-content\/uploads\/2023\/11\/FORD-IDS-Vcm2-Ariza-Tespit-Cihazi-3.png","contentUrl":"https:\/\/cartechdiagnostic.com\/wp-content\/uploads\/2023\/11\/FORD-IDS-Vcm2-Ariza-Tespit-Cihazi-3.png","width":1080,"height":1080},{"@type":"BreadcrumbList","@id":"https:\/\/cartechdiagnostic.com\/en\/urun\/ford-ids-vcm2-ariza-tespit-cihaz\/#breadcrumb","itemListElement":[{"@type":"ListItem","position":1,"name":"Anasayfa","item":"https:\/\/www.cartechdiagnostic.com\/en\/"},{"@type":"ListItem","position":2,"name":"Ma\u011faza","item":"https:\/\/www.cartechdiagnostic.com\/magaza\/"},{"@type":"ListItem","position":3,"name":"Ford IDS VCM2 Fault Detection Device"}]},{"@type":"WebSite","@id":"https:\/\/www.cartechdiagnostic.com\/en\/#website","url":"https:\/\/www.cartechdiagnostic.com\/en\/","name":"Car-Tech Diagnostic","description":"Ar\u0131za Tespit Cihazlar\u0131 - ECU Programlama Cihazlar\u0131","publisher":{"@id":"https:\/\/www.cartechdiagnostic.com\/en\/#organization"},"alternateName":"Car-Tech Diag","potentialAction":[{"@type":"SearchAction","target":{"@type":"EntryPoint","urlTemplate":"https:\/\/www.cartechdiagnostic.com\/en\/?s={search_term_string}"},"query-input":"required name=search_term_string"}],"inLanguage":"en-US"},{"@type":"Organization","@id":"https:\/\/www.cartechdiagnostic.com\/en\/#organization","name":"Car-Tech Diagnostic Yaz\u0131l\u0131m Ltd. \u015eti.","url":"https:\/\/www.cartechdiagnostic.com\/en\/","logo":{"@type":"ImageObject","inLanguage":"en-US","@id":"https:\/\/www.cartechdiagnostic.com\/en\/#\/schema\/logo\/image\/","url":"https:\/\/cartechdiagnostic.com\/wp-content\/uploads\/2023\/08\/logocartech.png","contentUrl":"https:\/\/cartechdiagnostic.com\/wp-content\/uploads\/2023\/08\/logocartech.png","width":714,"height":340,"caption":"Car-Tech Diagnostic Yaz\u0131l\u0131m Ltd. \u015eti."},"image":{"@id":"https:\/\/www.cartechdiagnostic.com\/en\/#\/schema\/logo\/image\/"},"sameAs":["https:\/\/www.instagram.com\/cartechdiagnostic"]}]}},"_links":{"self":[{"href":"https:\/\/cartechdiagnostic.com\/en\/wp-json\/wp\/v2\/product\/18479","targetHints":{"allow":["GET"]}}],"collection":[{"href":"https:\/\/cartechdiagnostic.com\/en\/wp-json\/wp\/v2\/product"}],"about":[{"href":"https:\/\/cartechdiagnostic.com\/en\/wp-json\/wp\/v2\/types\/product"}],"replies":[{"embeddable":true,"href":"https:\/\/cartechdiagnostic.com\/en\/wp-json\/wp\/v2\/comments?post=18479"}],"version-history":[{"count":0,"href":"https:\/\/cartechdiagnostic.com\/en\/wp-json\/wp\/v2\/product\/18479\/revisions"}],"wp:featuredmedia":[{"embeddable":true,"href":"https:\/\/cartechdiagnostic.com\/en\/wp-json\/wp\/v2\/media\/16169"}],"wp:attachment":[{"href":"https:\/\/cartechdiagnostic.com\/en\/wp-json\/wp\/v2\/media?parent=18479"}],"wp:term":[{"taxonomy":"product_brand","embeddable":true,"href":"https:\/\/cartechdiagnostic.com\/en\/wp-json\/wp\/v2\/product_brand?post=18479"},{"taxonomy":"product_cat","embeddable":true,"href":"https:\/\/cartechdiagnostic.com\/en\/wp-json\/wp\/v2\/product_cat?post=18479"},{"taxonomy":"product_tag","embeddable":true,"href":"https:\/\/cartechdiagnostic.com\/en\/wp-json\/wp\/v2\/product_tag?post=18479"}],"curies":[{"name":"wp","href":"https:\/\/api.w.org\/{rel}","templated":true}]}}