{"id":18484,"date":"2023-11-24T20:59:23","date_gmt":"2023-11-24T17:59:23","guid":{"rendered":"https:\/urun\/v310-obd2-arac-ariza-tespit-cihazi\/"},"modified":"2025-05-31T05:27:37","modified_gmt":"2025-05-31T02:27:37","slug":"v310-obd2-arac-ariza-tespit-cihazi","status":"publish","type":"product","link":"https:\/\/cartechdiagnostic.com\/en\/urun\/v310-obd2-arac-ariza-tespit-cihazi\/","title":{"rendered":"V310 OBD2 Car Diagnostic Tool"},"content":{"rendered":"","protected":false},"excerpt":{"rendered":"<p>The V310 OBD2 Diagnostic Tool is an easy-to-use vehicle diagnostic tool designed for car owners and amateur automotive enthusiasts. This device is capable of quickly detecting faults in the engine and other systems by receiving information through the vehicles OBD2 (On-Board Diagnostics) port. The V310 supports OBD2 protocols to accommodate a wide range of vehicle coverage and is compatible with most vehicle makes and models. Thanks to its user-friendly interface and simple menus, users can easily access basic information about the status of their vehicle. With its automatic scanning feature, the V310 scans OBD2 sensors on the vehicle to detect faults in key systems such as engine performance, emission control, transmission, ABS and airbag. It also has basic diagnostic functions such as the ability to read and clear fault codes and monitor the live data stream. The V310 stands out for its portability and affordability. It offers a practical solution for users who want to perform automotive maintenance themselves. Thanks to this device, vehicle owners can save time and money and have the opportunity to better understand and solve basic malfunctions in their vehicles.<br \/>Translated with DeepL.com (free version)        <\/p>\n","protected":false},"featured_media":16184,"comment_status":"open","ping_status":"closed","template":"","meta":{"_joinchat":[]},"product_brand":[],"product_cat":[1347,1349],"product_tag":[],"class_list":{"0":"post-18484","1":"product","2":"type-product","3":"status-publish","4":"has-post-thumbnail","6":"product_cat-daignostic-tools","7":"product_cat-passenger-car","9":"first","10":"instock","11":"sale","12":"shipping-taxable","13":"purchasable","14":"product-type-simple"},"yoast_head":"<!-- This site is optimized with the Yoast SEO plugin v22.8 - https:\/\/yoast.com\/wordpress\/plugins\/seo\/ -->\n<title>V310 OBD2 Car Diagnostic Tool - Car-Tech Diagnostic<\/title>\n<meta name=\"robots\" content=\"index, follow, max-snippet:-1, max-image-preview:large, max-video-preview:-1\" \/>\n<link rel=\"canonical\" href=\"https:\/\/cartechdiagnostic.com\/en\/urun\/v310-obd2-arac-ariza-tespit-cihazi\/\" \/>\n<meta property=\"og:locale\" content=\"en_US\" \/>\n<meta property=\"og:type\" content=\"article\" \/>\n<meta property=\"og:title\" content=\"V310 OBD2 Car Diagnostic Tool - Car-Tech Diagnostic\" \/>\n<meta property=\"og:description\" content=\"The V310 OBD2 Diagnostic Tool is an easy-to-use vehicle diagnostic tool designed for car owners and amateur automotive enthusiasts. This device is capable of quickly detecting faults in the engine and other systems by receiving information through the vehicles OBD2 (On-Board Diagnostics) port. The V310 supports OBD2 protocols to accommodate a wide range of vehicle coverage and is compatible with most vehicle makes and models. Thanks to its user-friendly interface and simple menus, users can easily access basic information about the status of their vehicle. With its automatic scanning feature, the V310 scans OBD2 sensors on the vehicle to detect faults in key systems such as engine performance, emission control, transmission, ABS and airbag. It also has basic diagnostic functions such as the ability to read and clear fault codes and monitor the live data stream. The V310 stands out for its portability and affordability. It offers a practical solution for users who want to perform automotive maintenance themselves. Thanks to this device, vehicle owners can save time and money and have the opportunity to better understand and solve basic malfunctions in their vehicles.Translated with DeepL.com (free version)\" \/>\n<meta property=\"og:url\" content=\"https:\/\/cartechdiagnostic.com\/en\/urun\/v310-obd2-arac-ariza-tespit-cihazi\/\" \/>\n<meta property=\"og:site_name\" content=\"Car-Tech Diagnostic\" \/>\n<meta property=\"article:modified_time\" content=\"2025-05-31T02:27:37+00:00\" \/>\n<meta property=\"og:image\" content=\"https:\/\/cartechdiagnostic.com\/wp-content\/uploads\/2023\/11\/V310-OBD2-ARAC-ARIZA-TEPHyS-CyHAZI-2.png\" \/>\n\t<meta property=\"og:image:width\" content=\"1080\" \/>\n\t<meta property=\"og:image:height\" content=\"1080\" \/>\n\t<meta property=\"og:image:type\" content=\"image\/png\" \/>\n<meta name=\"twitter:card\" content=\"summary_large_image\" \/>\n<script type=\"application\/ld+json\" class=\"yoast-schema-graph\">{\"@context\":\"https:\/\/schema.org\",\"@graph\":[{\"@type\":\"WebPage\",\"@id\":\"https:\/\/cartechdiagnostic.com\/en\/urun\/v310-obd2-arac-ariza-tespit-cihazi\/\",\"url\":\"https:\/\/cartechdiagnostic.com\/en\/urun\/v310-obd2-arac-ariza-tespit-cihazi\/\",\"name\":\"V310 OBD2 Car Diagnostic Tool - Car-Tech Diagnostic\",\"isPartOf\":{\"@id\":\"https:\/\/www.cartechdiagnostic.com\/en\/#website\"},\"primaryImageOfPage\":{\"@id\":\"https:\/\/cartechdiagnostic.com\/en\/urun\/v310-obd2-arac-ariza-tespit-cihazi\/#primaryimage\"},\"image\":{\"@id\":\"https:\/\/cartechdiagnostic.com\/en\/urun\/v310-obd2-arac-ariza-tespit-cihazi\/#primaryimage\"},\"thumbnailUrl\":\"https:\/\/cartechdiagnostic.com\/wp-content\/uploads\/2023\/11\/V310-OBD2-ARAC-ARIZA-TEPHyS-CyHAZI-2.png\",\"datePublished\":\"2023-11-24T17:59:23+00:00\",\"dateModified\":\"2025-05-31T02:27:37+00:00\",\"breadcrumb\":{\"@id\":\"https:\/\/cartechdiagnostic.com\/en\/urun\/v310-obd2-arac-ariza-tespit-cihazi\/#breadcrumb\"},\"inLanguage\":\"en-US\",\"potentialAction\":[{\"@type\":\"ReadAction\",\"target\":[\"https:\/\/cartechdiagnostic.com\/en\/urun\/v310-obd2-arac-ariza-tespit-cihazi\/\"]}]},{\"@type\":\"ImageObject\",\"inLanguage\":\"en-US\",\"@id\":\"https:\/\/cartechdiagnostic.com\/en\/urun\/v310-obd2-arac-ariza-tespit-cihazi\/#primaryimage\",\"url\":\"https:\/\/cartechdiagnostic.com\/wp-content\/uploads\/2023\/11\/V310-OBD2-ARAC-ARIZA-TEPHyS-CyHAZI-2.png\",\"contentUrl\":\"https:\/\/cartechdiagnostic.com\/wp-content\/uploads\/2023\/11\/V310-OBD2-ARAC-ARIZA-TEPHyS-CyHAZI-2.png\",\"width\":1080,\"height\":1080},{\"@type\":\"BreadcrumbList\",\"@id\":\"https:\/\/cartechdiagnostic.com\/en\/urun\/v310-obd2-arac-ariza-tespit-cihazi\/#breadcrumb\",\"itemListElement\":[{\"@type\":\"ListItem\",\"position\":1,\"name\":\"Anasayfa\",\"item\":\"https:\/\/www.cartechdiagnostic.com\/en\/\"},{\"@type\":\"ListItem\",\"position\":2,\"name\":\"Ma\u011faza\",\"item\":\"https:\/\/www.cartechdiagnostic.com\/magaza\/\"},{\"@type\":\"ListItem\",\"position\":3,\"name\":\"V310 OBD2 Car Diagnostic Tool\"}]},{\"@type\":\"WebSite\",\"@id\":\"https:\/\/www.cartechdiagnostic.com\/en\/#website\",\"url\":\"https:\/\/www.cartechdiagnostic.com\/en\/\",\"name\":\"Car-Tech Diagnostic\",\"description\":\"Ar\u0131za Tespit Cihazlar\u0131 - ECU Programlama Cihazlar\u0131\",\"publisher\":{\"@id\":\"https:\/\/www.cartechdiagnostic.com\/en\/#organization\"},\"alternateName\":\"Car-Tech Diag\",\"potentialAction\":[{\"@type\":\"SearchAction\",\"target\":{\"@type\":\"EntryPoint\",\"urlTemplate\":\"https:\/\/www.cartechdiagnostic.com\/en\/?s={search_term_string}\"},\"query-input\":\"required name=search_term_string\"}],\"inLanguage\":\"en-US\"},{\"@type\":\"Organization\",\"@id\":\"https:\/\/www.cartechdiagnostic.com\/en\/#organization\",\"name\":\"Car-Tech Diagnostic Yaz\u0131l\u0131m Ltd. \u015eti.\",\"url\":\"https:\/\/www.cartechdiagnostic.com\/en\/\",\"logo\":{\"@type\":\"ImageObject\",\"inLanguage\":\"en-US\",\"@id\":\"https:\/\/www.cartechdiagnostic.com\/en\/#\/schema\/logo\/image\/\",\"url\":\"https:\/\/cartechdiagnostic.com\/wp-content\/uploads\/2023\/08\/logocartech.png\",\"contentUrl\":\"https:\/\/cartechdiagnostic.com\/wp-content\/uploads\/2023\/08\/logocartech.png\",\"width\":714,\"height\":340,\"caption\":\"Car-Tech Diagnostic Yaz\u0131l\u0131m Ltd. \u015eti.\"},\"image\":{\"@id\":\"https:\/\/www.cartechdiagnostic.com\/en\/#\/schema\/logo\/image\/\"},\"sameAs\":[\"https:\/\/www.instagram.com\/cartechdiagnostic\"]}]}<\/script>\n<!-- \/ Yoast SEO plugin. -->","yoast_head_json":{"title":"V310 OBD2 Car Diagnostic Tool - Car-Tech Diagnostic","robots":{"index":"index","follow":"follow","max-snippet":"max-snippet:-1","max-image-preview":"max-image-preview:large","max-video-preview":"max-video-preview:-1"},"canonical":"https:\/\/cartechdiagnostic.com\/en\/urun\/v310-obd2-arac-ariza-tespit-cihazi\/","og_locale":"en_US","og_type":"article","og_title":"V310 OBD2 Car Diagnostic Tool - Car-Tech Diagnostic","og_description":"The V310 OBD2 Diagnostic Tool is an easy-to-use vehicle diagnostic tool designed for car owners and amateur automotive enthusiasts. This device is capable of quickly detecting faults in the engine and other systems by receiving information through the vehicles OBD2 (On-Board Diagnostics) port. The V310 supports OBD2 protocols to accommodate a wide range of vehicle coverage and is compatible with most vehicle makes and models. Thanks to its user-friendly interface and simple menus, users can easily access basic information about the status of their vehicle. With its automatic scanning feature, the V310 scans OBD2 sensors on the vehicle to detect faults in key systems such as engine performance, emission control, transmission, ABS and airbag. It also has basic diagnostic functions such as the ability to read and clear fault codes and monitor the live data stream. The V310 stands out for its portability and affordability. It offers a practical solution for users who want to perform automotive maintenance themselves. Thanks to this device, vehicle owners can save time and money and have the opportunity to better understand and solve basic malfunctions in their vehicles.Translated with DeepL.com (free version)","og_url":"https:\/\/cartechdiagnostic.com\/en\/urun\/v310-obd2-arac-ariza-tespit-cihazi\/","og_site_name":"Car-Tech Diagnostic","article_modified_time":"2025-05-31T02:27:37+00:00","og_image":[{"width":1080,"height":1080,"url":"https:\/\/cartechdiagnostic.com\/wp-content\/uploads\/2023\/11\/V310-OBD2-ARAC-ARIZA-TEPHyS-CyHAZI-2.png","type":"image\/png"}],"twitter_card":"summary_large_image","schema":{"@context":"https:\/\/schema.org","@graph":[{"@type":"WebPage","@id":"https:\/\/cartechdiagnostic.com\/en\/urun\/v310-obd2-arac-ariza-tespit-cihazi\/","url":"https:\/\/cartechdiagnostic.com\/en\/urun\/v310-obd2-arac-ariza-tespit-cihazi\/","name":"V310 OBD2 Car Diagnostic Tool - Car-Tech Diagnostic","isPartOf":{"@id":"https:\/\/www.cartechdiagnostic.com\/en\/#website"},"primaryImageOfPage":{"@id":"https:\/\/cartechdiagnostic.com\/en\/urun\/v310-obd2-arac-ariza-tespit-cihazi\/#primaryimage"},"image":{"@id":"https:\/\/cartechdiagnostic.com\/en\/urun\/v310-obd2-arac-ariza-tespit-cihazi\/#primaryimage"},"thumbnailUrl":"https:\/\/cartechdiagnostic.com\/wp-content\/uploads\/2023\/11\/V310-OBD2-ARAC-ARIZA-TEPHyS-CyHAZI-2.png","datePublished":"2023-11-24T17:59:23+00:00","dateModified":"2025-05-31T02:27:37+00:00","breadcrumb":{"@id":"https:\/\/cartechdiagnostic.com\/en\/urun\/v310-obd2-arac-ariza-tespit-cihazi\/#breadcrumb"},"inLanguage":"en-US","potentialAction":[{"@type":"ReadAction","target":["https:\/\/cartechdiagnostic.com\/en\/urun\/v310-obd2-arac-ariza-tespit-cihazi\/"]}]},{"@type":"ImageObject","inLanguage":"en-US","@id":"https:\/\/cartechdiagnostic.com\/en\/urun\/v310-obd2-arac-ariza-tespit-cihazi\/#primaryimage","url":"https:\/\/cartechdiagnostic.com\/wp-content\/uploads\/2023\/11\/V310-OBD2-ARAC-ARIZA-TEPHyS-CyHAZI-2.png","contentUrl":"https:\/\/cartechdiagnostic.com\/wp-content\/uploads\/2023\/11\/V310-OBD2-ARAC-ARIZA-TEPHyS-CyHAZI-2.png","width":1080,"height":1080},{"@type":"BreadcrumbList","@id":"https:\/\/cartechdiagnostic.com\/en\/urun\/v310-obd2-arac-ariza-tespit-cihazi\/#breadcrumb","itemListElement":[{"@type":"ListItem","position":1,"name":"Anasayfa","item":"https:\/\/www.cartechdiagnostic.com\/en\/"},{"@type":"ListItem","position":2,"name":"Ma\u011faza","item":"https:\/\/www.cartechdiagnostic.com\/magaza\/"},{"@type":"ListItem","position":3,"name":"V310 OBD2 Car Diagnostic Tool"}]},{"@type":"WebSite","@id":"https:\/\/www.cartechdiagnostic.com\/en\/#website","url":"https:\/\/www.cartechdiagnostic.com\/en\/","name":"Car-Tech Diagnostic","description":"Ar\u0131za Tespit Cihazlar\u0131 - ECU Programlama Cihazlar\u0131","publisher":{"@id":"https:\/\/www.cartechdiagnostic.com\/en\/#organization"},"alternateName":"Car-Tech Diag","potentialAction":[{"@type":"SearchAction","target":{"@type":"EntryPoint","urlTemplate":"https:\/\/www.cartechdiagnostic.com\/en\/?s={search_term_string}"},"query-input":"required name=search_term_string"}],"inLanguage":"en-US"},{"@type":"Organization","@id":"https:\/\/www.cartechdiagnostic.com\/en\/#organization","name":"Car-Tech Diagnostic Yaz\u0131l\u0131m Ltd. \u015eti.","url":"https:\/\/www.cartechdiagnostic.com\/en\/","logo":{"@type":"ImageObject","inLanguage":"en-US","@id":"https:\/\/www.cartechdiagnostic.com\/en\/#\/schema\/logo\/image\/","url":"https:\/\/cartechdiagnostic.com\/wp-content\/uploads\/2023\/08\/logocartech.png","contentUrl":"https:\/\/cartechdiagnostic.com\/wp-content\/uploads\/2023\/08\/logocartech.png","width":714,"height":340,"caption":"Car-Tech Diagnostic Yaz\u0131l\u0131m Ltd. \u015eti."},"image":{"@id":"https:\/\/www.cartechdiagnostic.com\/en\/#\/schema\/logo\/image\/"},"sameAs":["https:\/\/www.instagram.com\/cartechdiagnostic"]}]}},"_links":{"self":[{"href":"https:\/\/cartechdiagnostic.com\/en\/wp-json\/wp\/v2\/product\/18484","targetHints":{"allow":["GET"]}}],"collection":[{"href":"https:\/\/cartechdiagnostic.com\/en\/wp-json\/wp\/v2\/product"}],"about":[{"href":"https:\/\/cartechdiagnostic.com\/en\/wp-json\/wp\/v2\/types\/product"}],"replies":[{"embeddable":true,"href":"https:\/\/cartechdiagnostic.com\/en\/wp-json\/wp\/v2\/comments?post=18484"}],"version-history":[{"count":0,"href":"https:\/\/cartechdiagnostic.com\/en\/wp-json\/wp\/v2\/product\/18484\/revisions"}],"wp:featuredmedia":[{"embeddable":true,"href":"https:\/\/cartechdiagnostic.com\/en\/wp-json\/wp\/v2\/media\/16184"}],"wp:attachment":[{"href":"https:\/\/cartechdiagnostic.com\/en\/wp-json\/wp\/v2\/media?parent=18484"}],"wp:term":[{"taxonomy":"product_brand","embeddable":true,"href":"https:\/\/cartechdiagnostic.com\/en\/wp-json\/wp\/v2\/product_brand?post=18484"},{"taxonomy":"product_cat","embeddable":true,"href":"https:\/\/cartechdiagnostic.com\/en\/wp-json\/wp\/v2\/product_cat?post=18484"},{"taxonomy":"product_tag","embeddable":true,"href":"https:\/\/cartechdiagnostic.com\/en\/wp-json\/wp\/v2\/product_tag?post=18484"}],"curies":[{"name":"wp","href":"https:\/\/api.w.org\/{rel}","templated":true}]}}