{"id":18491,"date":"2023-11-24T21:25:22","date_gmt":"2023-11-24T18:25:22","guid":{"rendered":"https:\/urun\/t-wand-900-tpms-sensoru-kodlama-ve-full-sistem-diagnostik-cihazi-2\/"},"modified":"2023-11-24T21:25:22","modified_gmt":"2023-11-24T18:25:22","slug":"t-wand-900-tpms-sensoru-kodlama-ve-full-sistem-diagnostik-cihazi-2","status":"publish","type":"product","link":"https:\/\/cartechdiagnostic.com\/en\/urun\/t-wand-900-tpms-sensoru-kodlama-ve-full-sistem-diagnostik-cihazi-2\/","title":{"rendered":"T-Wand 900 TPMS Sensor Coding and Full System Diagnostic Device"},"content":{"rendered":"","protected":false},"excerpt":{"rendered":"<p>The T-Wand 900 is a tool for TPMS sensor coding and comprehensive system diagnostics. This compact device is capable of performing coding operations related to tire pressure monitoring systems without any problems, as well as scanning the overall systems of the vehicles in detail and detecting possible malfunctions. The T-Wand 900 adapts to a wide range of vehicles, offering the ability to encode TPMS sensors of different makes and models of vehicles. With its user-friendly interface and portable design, it is the ideal solution for vehicle owners and professional technicians. The device&#8217;s wide range of system diagnostics features include engine, transmission, brake systems and more, so users can gain detailed insight into the health of their vehicle. T-Wand 900 offers users reliable performance with fast and accurate diagnostic results. The T-Wand 900 TPMS Sensor Coding and Full System Diagnostic Tool is a reliable tool for anyone who wants to effectively manage tire pressure monitoring systems and diagnose vehicle systems.<\/p>\n","protected":false},"featured_media":16245,"comment_status":"open","ping_status":"closed","template":"","meta":{"_joinchat":[]},"product_brand":[],"product_cat":[1347,1349,1368],"product_tag":[],"class_list":{"0":"post-18491","1":"product","2":"type-product","3":"status-publish","4":"has-post-thumbnail","6":"product_cat-daignostic-tools","7":"product_cat-passenger-car","8":"product_cat-thinkcar-en","10":"first","11":"instock","12":"sale","13":"shipping-taxable","14":"purchasable","15":"product-type-simple"},"yoast_head":"<!-- This site is optimized with the Yoast SEO plugin v22.8 - https:\/\/yoast.com\/wordpress\/plugins\/seo\/ -->\n<title>T-Wand 900 TPMS Sensor Coding and Full System Diagnostic Device - Car-Tech Diagnostic<\/title>\n<meta name=\"robots\" content=\"index, follow, max-snippet:-1, max-image-preview:large, max-video-preview:-1\" \/>\n<link rel=\"canonical\" href=\"https:\/\/cartechdiagnostic.com\/en\/urun\/t-wand-900-tpms-sensoru-kodlama-ve-full-sistem-diagnostik-cihazi-2\/\" \/>\n<meta property=\"og:locale\" content=\"en_US\" \/>\n<meta property=\"og:type\" content=\"article\" \/>\n<meta property=\"og:title\" content=\"T-Wand 900 TPMS Sensor Coding and Full System Diagnostic Device - Car-Tech Diagnostic\" \/>\n<meta property=\"og:description\" content=\"The T-Wand 900 is a tool for TPMS sensor coding and comprehensive system diagnostics. This compact device is capable of performing coding operations related to tire pressure monitoring systems without any problems, as well as scanning the overall systems of the vehicles in detail and detecting possible malfunctions. The T-Wand 900 adapts to a wide range of vehicles, offering the ability to encode TPMS sensors of different makes and models of vehicles. With its user-friendly interface and portable design, it is the ideal solution for vehicle owners and professional technicians. The device&#039;s wide range of system diagnostics features include engine, transmission, brake systems and more, so users can gain detailed insight into the health of their vehicle. T-Wand 900 offers users reliable performance with fast and accurate diagnostic results. The T-Wand 900 TPMS Sensor Coding and Full System Diagnostic Tool is a reliable tool for anyone who wants to effectively manage tire pressure monitoring systems and diagnose vehicle systems.\" \/>\n<meta property=\"og:url\" content=\"https:\/\/cartechdiagnostic.com\/en\/urun\/t-wand-900-tpms-sensoru-kodlama-ve-full-sistem-diagnostik-cihazi-2\/\" \/>\n<meta property=\"og:site_name\" content=\"Car-Tech Diagnostic\" \/>\n<meta property=\"og:image\" content=\"https:\/\/www.cartechdiagnostic.com\/wp-content\/uploads\/2023\/11\/T-Wand-900-TPMS-Sensoru-Kodlama-ve-Full-Sistem-Diagnostik-Cihazi.png\" \/>\n\t<meta property=\"og:image:width\" content=\"1080\" \/>\n\t<meta property=\"og:image:height\" content=\"1080\" \/>\n\t<meta property=\"og:image:type\" content=\"image\/png\" \/>\n<meta name=\"twitter:card\" content=\"summary_large_image\" \/>\n<script type=\"application\/ld+json\" class=\"yoast-schema-graph\">{\"@context\":\"https:\/\/schema.org\",\"@graph\":[{\"@type\":\"WebPage\",\"@id\":\"https:\/\/cartechdiagnostic.com\/en\/urun\/t-wand-900-tpms-sensoru-kodlama-ve-full-sistem-diagnostik-cihazi-2\/\",\"url\":\"https:\/\/cartechdiagnostic.com\/en\/urun\/t-wand-900-tpms-sensoru-kodlama-ve-full-sistem-diagnostik-cihazi-2\/\",\"name\":\"T-Wand 900 TPMS Sensor Coding and Full System Diagnostic Device - Car-Tech Diagnostic\",\"isPartOf\":{\"@id\":\"https:\/\/www.cartechdiagnostic.com\/en\/#website\"},\"primaryImageOfPage\":{\"@id\":\"https:\/\/cartechdiagnostic.com\/en\/urun\/t-wand-900-tpms-sensoru-kodlama-ve-full-sistem-diagnostik-cihazi-2\/#primaryimage\"},\"image\":{\"@id\":\"https:\/\/cartechdiagnostic.com\/en\/urun\/t-wand-900-tpms-sensoru-kodlama-ve-full-sistem-diagnostik-cihazi-2\/#primaryimage\"},\"thumbnailUrl\":\"https:\/\/cartechdiagnostic.com\/wp-content\/uploads\/2023\/11\/T-Wand-900-TPMS-Sensoru-Kodlama-ve-Full-Sistem-Diagnostik-Cihazi.png\",\"datePublished\":\"2023-11-24T18:25:22+00:00\",\"dateModified\":\"2023-11-24T18:25:22+00:00\",\"breadcrumb\":{\"@id\":\"https:\/\/cartechdiagnostic.com\/en\/urun\/t-wand-900-tpms-sensoru-kodlama-ve-full-sistem-diagnostik-cihazi-2\/#breadcrumb\"},\"inLanguage\":\"en-US\",\"potentialAction\":[{\"@type\":\"ReadAction\",\"target\":[\"https:\/\/cartechdiagnostic.com\/en\/urun\/t-wand-900-tpms-sensoru-kodlama-ve-full-sistem-diagnostik-cihazi-2\/\"]}]},{\"@type\":\"ImageObject\",\"inLanguage\":\"en-US\",\"@id\":\"https:\/\/cartechdiagnostic.com\/en\/urun\/t-wand-900-tpms-sensoru-kodlama-ve-full-sistem-diagnostik-cihazi-2\/#primaryimage\",\"url\":\"https:\/\/cartechdiagnostic.com\/wp-content\/uploads\/2023\/11\/T-Wand-900-TPMS-Sensoru-Kodlama-ve-Full-Sistem-Diagnostik-Cihazi.png\",\"contentUrl\":\"https:\/\/cartechdiagnostic.com\/wp-content\/uploads\/2023\/11\/T-Wand-900-TPMS-Sensoru-Kodlama-ve-Full-Sistem-Diagnostik-Cihazi.png\",\"width\":1080,\"height\":1080},{\"@type\":\"BreadcrumbList\",\"@id\":\"https:\/\/cartechdiagnostic.com\/en\/urun\/t-wand-900-tpms-sensoru-kodlama-ve-full-sistem-diagnostik-cihazi-2\/#breadcrumb\",\"itemListElement\":[{\"@type\":\"ListItem\",\"position\":1,\"name\":\"Anasayfa\",\"item\":\"https:\/\/www.cartechdiagnostic.com\/en\/\"},{\"@type\":\"ListItem\",\"position\":2,\"name\":\"Ma\u011faza\",\"item\":\"https:\/\/www.cartechdiagnostic.com\/magaza\/\"},{\"@type\":\"ListItem\",\"position\":3,\"name\":\"T-Wand 900 TPMS Sensor Coding and Full System Diagnostic Device\"}]},{\"@type\":\"WebSite\",\"@id\":\"https:\/\/www.cartechdiagnostic.com\/en\/#website\",\"url\":\"https:\/\/www.cartechdiagnostic.com\/en\/\",\"name\":\"Car-Tech Diagnostic\",\"description\":\"Ar\u0131za Tespit Cihazlar\u0131 - ECU Programlama Cihazlar\u0131\",\"publisher\":{\"@id\":\"https:\/\/www.cartechdiagnostic.com\/en\/#organization\"},\"alternateName\":\"Car-Tech Diag\",\"potentialAction\":[{\"@type\":\"SearchAction\",\"target\":{\"@type\":\"EntryPoint\",\"urlTemplate\":\"https:\/\/www.cartechdiagnostic.com\/en\/?s={search_term_string}\"},\"query-input\":\"required name=search_term_string\"}],\"inLanguage\":\"en-US\"},{\"@type\":\"Organization\",\"@id\":\"https:\/\/www.cartechdiagnostic.com\/en\/#organization\",\"name\":\"Car-Tech Diagnostic Yaz\u0131l\u0131m Ltd. \u015eti.\",\"url\":\"https:\/\/www.cartechdiagnostic.com\/en\/\",\"logo\":{\"@type\":\"ImageObject\",\"inLanguage\":\"en-US\",\"@id\":\"https:\/\/www.cartechdiagnostic.com\/en\/#\/schema\/logo\/image\/\",\"url\":\"https:\/\/cartechdiagnostic.com\/wp-content\/uploads\/2023\/08\/logocartech.png\",\"contentUrl\":\"https:\/\/cartechdiagnostic.com\/wp-content\/uploads\/2023\/08\/logocartech.png\",\"width\":714,\"height\":340,\"caption\":\"Car-Tech Diagnostic Yaz\u0131l\u0131m Ltd. \u015eti.\"},\"image\":{\"@id\":\"https:\/\/www.cartechdiagnostic.com\/en\/#\/schema\/logo\/image\/\"},\"sameAs\":[\"https:\/\/www.instagram.com\/cartechdiagnostic\"]}]}<\/script>\n<!-- \/ Yoast SEO plugin. -->","yoast_head_json":{"title":"T-Wand 900 TPMS Sensor Coding and Full System Diagnostic Device - Car-Tech Diagnostic","robots":{"index":"index","follow":"follow","max-snippet":"max-snippet:-1","max-image-preview":"max-image-preview:large","max-video-preview":"max-video-preview:-1"},"canonical":"https:\/\/cartechdiagnostic.com\/en\/urun\/t-wand-900-tpms-sensoru-kodlama-ve-full-sistem-diagnostik-cihazi-2\/","og_locale":"en_US","og_type":"article","og_title":"T-Wand 900 TPMS Sensor Coding and Full System Diagnostic Device - Car-Tech Diagnostic","og_description":"The T-Wand 900 is a tool for TPMS sensor coding and comprehensive system diagnostics. This compact device is capable of performing coding operations related to tire pressure monitoring systems without any problems, as well as scanning the overall systems of the vehicles in detail and detecting possible malfunctions. The T-Wand 900 adapts to a wide range of vehicles, offering the ability to encode TPMS sensors of different makes and models of vehicles. With its user-friendly interface and portable design, it is the ideal solution for vehicle owners and professional technicians. The device's wide range of system diagnostics features include engine, transmission, brake systems and more, so users can gain detailed insight into the health of their vehicle. T-Wand 900 offers users reliable performance with fast and accurate diagnostic results. The T-Wand 900 TPMS Sensor Coding and Full System Diagnostic Tool is a reliable tool for anyone who wants to effectively manage tire pressure monitoring systems and diagnose vehicle systems.","og_url":"https:\/\/cartechdiagnostic.com\/en\/urun\/t-wand-900-tpms-sensoru-kodlama-ve-full-sistem-diagnostik-cihazi-2\/","og_site_name":"Car-Tech Diagnostic","og_image":[{"width":1080,"height":1080,"url":"https:\/\/www.cartechdiagnostic.com\/wp-content\/uploads\/2023\/11\/T-Wand-900-TPMS-Sensoru-Kodlama-ve-Full-Sistem-Diagnostik-Cihazi.png","type":"image\/png"}],"twitter_card":"summary_large_image","schema":{"@context":"https:\/\/schema.org","@graph":[{"@type":"WebPage","@id":"https:\/\/cartechdiagnostic.com\/en\/urun\/t-wand-900-tpms-sensoru-kodlama-ve-full-sistem-diagnostik-cihazi-2\/","url":"https:\/\/cartechdiagnostic.com\/en\/urun\/t-wand-900-tpms-sensoru-kodlama-ve-full-sistem-diagnostik-cihazi-2\/","name":"T-Wand 900 TPMS Sensor Coding and Full System Diagnostic Device - Car-Tech Diagnostic","isPartOf":{"@id":"https:\/\/www.cartechdiagnostic.com\/en\/#website"},"primaryImageOfPage":{"@id":"https:\/\/cartechdiagnostic.com\/en\/urun\/t-wand-900-tpms-sensoru-kodlama-ve-full-sistem-diagnostik-cihazi-2\/#primaryimage"},"image":{"@id":"https:\/\/cartechdiagnostic.com\/en\/urun\/t-wand-900-tpms-sensoru-kodlama-ve-full-sistem-diagnostik-cihazi-2\/#primaryimage"},"thumbnailUrl":"https:\/\/cartechdiagnostic.com\/wp-content\/uploads\/2023\/11\/T-Wand-900-TPMS-Sensoru-Kodlama-ve-Full-Sistem-Diagnostik-Cihazi.png","datePublished":"2023-11-24T18:25:22+00:00","dateModified":"2023-11-24T18:25:22+00:00","breadcrumb":{"@id":"https:\/\/cartechdiagnostic.com\/en\/urun\/t-wand-900-tpms-sensoru-kodlama-ve-full-sistem-diagnostik-cihazi-2\/#breadcrumb"},"inLanguage":"en-US","potentialAction":[{"@type":"ReadAction","target":["https:\/\/cartechdiagnostic.com\/en\/urun\/t-wand-900-tpms-sensoru-kodlama-ve-full-sistem-diagnostik-cihazi-2\/"]}]},{"@type":"ImageObject","inLanguage":"en-US","@id":"https:\/\/cartechdiagnostic.com\/en\/urun\/t-wand-900-tpms-sensoru-kodlama-ve-full-sistem-diagnostik-cihazi-2\/#primaryimage","url":"https:\/\/cartechdiagnostic.com\/wp-content\/uploads\/2023\/11\/T-Wand-900-TPMS-Sensoru-Kodlama-ve-Full-Sistem-Diagnostik-Cihazi.png","contentUrl":"https:\/\/cartechdiagnostic.com\/wp-content\/uploads\/2023\/11\/T-Wand-900-TPMS-Sensoru-Kodlama-ve-Full-Sistem-Diagnostik-Cihazi.png","width":1080,"height":1080},{"@type":"BreadcrumbList","@id":"https:\/\/cartechdiagnostic.com\/en\/urun\/t-wand-900-tpms-sensoru-kodlama-ve-full-sistem-diagnostik-cihazi-2\/#breadcrumb","itemListElement":[{"@type":"ListItem","position":1,"name":"Anasayfa","item":"https:\/\/www.cartechdiagnostic.com\/en\/"},{"@type":"ListItem","position":2,"name":"Ma\u011faza","item":"https:\/\/www.cartechdiagnostic.com\/magaza\/"},{"@type":"ListItem","position":3,"name":"T-Wand 900 TPMS Sensor Coding and Full System Diagnostic Device"}]},{"@type":"WebSite","@id":"https:\/\/www.cartechdiagnostic.com\/en\/#website","url":"https:\/\/www.cartechdiagnostic.com\/en\/","name":"Car-Tech Diagnostic","description":"Ar\u0131za Tespit Cihazlar\u0131 - ECU Programlama Cihazlar\u0131","publisher":{"@id":"https:\/\/www.cartechdiagnostic.com\/en\/#organization"},"alternateName":"Car-Tech Diag","potentialAction":[{"@type":"SearchAction","target":{"@type":"EntryPoint","urlTemplate":"https:\/\/www.cartechdiagnostic.com\/en\/?s={search_term_string}"},"query-input":"required name=search_term_string"}],"inLanguage":"en-US"},{"@type":"Organization","@id":"https:\/\/www.cartechdiagnostic.com\/en\/#organization","name":"Car-Tech Diagnostic Yaz\u0131l\u0131m Ltd. \u015eti.","url":"https:\/\/www.cartechdiagnostic.com\/en\/","logo":{"@type":"ImageObject","inLanguage":"en-US","@id":"https:\/\/www.cartechdiagnostic.com\/en\/#\/schema\/logo\/image\/","url":"https:\/\/cartechdiagnostic.com\/wp-content\/uploads\/2023\/08\/logocartech.png","contentUrl":"https:\/\/cartechdiagnostic.com\/wp-content\/uploads\/2023\/08\/logocartech.png","width":714,"height":340,"caption":"Car-Tech Diagnostic Yaz\u0131l\u0131m Ltd. \u015eti."},"image":{"@id":"https:\/\/www.cartechdiagnostic.com\/en\/#\/schema\/logo\/image\/"},"sameAs":["https:\/\/www.instagram.com\/cartechdiagnostic"]}]}},"_links":{"self":[{"href":"https:\/\/cartechdiagnostic.com\/en\/wp-json\/wp\/v2\/product\/18491","targetHints":{"allow":["GET"]}}],"collection":[{"href":"https:\/\/cartechdiagnostic.com\/en\/wp-json\/wp\/v2\/product"}],"about":[{"href":"https:\/\/cartechdiagnostic.com\/en\/wp-json\/wp\/v2\/types\/product"}],"replies":[{"embeddable":true,"href":"https:\/\/cartechdiagnostic.com\/en\/wp-json\/wp\/v2\/comments?post=18491"}],"version-history":[{"count":0,"href":"https:\/\/cartechdiagnostic.com\/en\/wp-json\/wp\/v2\/product\/18491\/revisions"}],"wp:featuredmedia":[{"embeddable":true,"href":"https:\/\/cartechdiagnostic.com\/en\/wp-json\/wp\/v2\/media\/16245"}],"wp:attachment":[{"href":"https:\/\/cartechdiagnostic.com\/en\/wp-json\/wp\/v2\/media?parent=18491"}],"wp:term":[{"taxonomy":"product_brand","embeddable":true,"href":"https:\/\/cartechdiagnostic.com\/en\/wp-json\/wp\/v2\/product_brand?post=18491"},{"taxonomy":"product_cat","embeddable":true,"href":"https:\/\/cartechdiagnostic.com\/en\/wp-json\/wp\/v2\/product_cat?post=18491"},{"taxonomy":"product_tag","embeddable":true,"href":"https:\/\/cartechdiagnostic.com\/en\/wp-json\/wp\/v2\/product_tag?post=18491"}],"curies":[{"name":"wp","href":"https:\/\/api.w.org\/{rel}","templated":true}]}}