{"id":18493,"date":"2023-10-21T12:28:52","date_gmt":"2023-10-21T09:28:52","guid":{"rendered":"https:\/urun\/t-wand-900-tpms-sensoru-kodlama-ve-full-sistem-diagnostik-cihazi\/"},"modified":"2023-10-21T12:28:52","modified_gmt":"2023-10-21T09:28:52","slug":"t-wand-900-tpms-sensoru-kodlama-ve-full-sistem-diagnostik-cihazi","status":"publish","type":"product","link":"https:\/\/cartechdiagnostic.com\/en\/urun\/t-wand-900-tpms-sensoru-kodlama-ve-full-sistem-diagnostik-cihazi\/","title":{"rendered":"T-Wand 900 TPMS Sensor Coding and Full System Diagnostic Device"},"content":{"rendered":"","protected":false},"excerpt":{"rendered":"<p>Thinkcar T-Wand 900 is a smart TPMS diagnostic tool equipped with 5 TPMS S1 sensors. With this OBD2 Scanner you can perform TPMS sensor activation, programming and relearning. It is equipped with everything you need to diagnose most vehicles manufactured after 1996 with TPMS protocol and OBD2 16 PIN Connector.  <\/p>\n","protected":false},"featured_media":16064,"comment_status":"open","ping_status":"closed","template":"","meta":{"_joinchat":[]},"product_brand":[],"product_cat":[1341],"product_tag":[],"class_list":{"0":"post-18493","1":"product","2":"type-product","3":"status-publish","4":"has-post-thumbnail","6":"product_cat-default-category","8":"first","9":"instock","10":"sale","11":"shipping-taxable","12":"purchasable","13":"product-type-simple"},"yoast_head":"<!-- This site is optimized with the Yoast SEO plugin v22.8 - https:\/\/yoast.com\/wordpress\/plugins\/seo\/ -->\n<title>T-Wand 900 TPMS Sensor Coding and Full System Diagnostic Device - Car-Tech Diagnostic<\/title>\n<meta name=\"robots\" content=\"index, follow, max-snippet:-1, max-image-preview:large, max-video-preview:-1\" \/>\n<link rel=\"canonical\" href=\"https:\/\/cartechdiagnostic.com\/en\/urun\/t-wand-900-tpms-sensoru-kodlama-ve-full-sistem-diagnostik-cihazi\/\" \/>\n<meta property=\"og:locale\" content=\"en_US\" \/>\n<meta property=\"og:type\" content=\"article\" \/>\n<meta property=\"og:title\" content=\"T-Wand 900 TPMS Sensor Coding and Full System Diagnostic Device - Car-Tech Diagnostic\" \/>\n<meta property=\"og:description\" content=\"Thinkcar T-Wand 900 is a smart TPMS diagnostic tool equipped with 5 TPMS S1 sensors. With this OBD2 Scanner you can perform TPMS sensor activation, programming and relearning. It is equipped with everything you need to diagnose most vehicles manufactured after 1996 with TPMS protocol and OBD2 16 PIN Connector.\" \/>\n<meta property=\"og:url\" content=\"https:\/\/cartechdiagnostic.com\/en\/urun\/t-wand-900-tpms-sensoru-kodlama-ve-full-sistem-diagnostik-cihazi\/\" \/>\n<meta property=\"og:site_name\" content=\"Car-Tech Diagnostic\" \/>\n<meta property=\"og:image\" content=\"https:\/\/cartechdiagnostic.com\/wp-content\/uploads\/2023\/10\/t-wand-900-1.png\" \/>\n\t<meta property=\"og:image:width\" content=\"2080\" \/>\n\t<meta property=\"og:image:height\" content=\"2080\" \/>\n\t<meta property=\"og:image:type\" content=\"image\/png\" \/>\n<meta name=\"twitter:card\" content=\"summary_large_image\" \/>\n<script type=\"application\/ld+json\" class=\"yoast-schema-graph\">{\"@context\":\"https:\/\/schema.org\",\"@graph\":[{\"@type\":\"WebPage\",\"@id\":\"https:\/\/cartechdiagnostic.com\/en\/urun\/t-wand-900-tpms-sensoru-kodlama-ve-full-sistem-diagnostik-cihazi\/\",\"url\":\"https:\/\/cartechdiagnostic.com\/en\/urun\/t-wand-900-tpms-sensoru-kodlama-ve-full-sistem-diagnostik-cihazi\/\",\"name\":\"T-Wand 900 TPMS Sensor Coding and Full System Diagnostic Device - Car-Tech Diagnostic\",\"isPartOf\":{\"@id\":\"https:\/\/www.cartechdiagnostic.com\/en\/#website\"},\"primaryImageOfPage\":{\"@id\":\"https:\/\/cartechdiagnostic.com\/en\/urun\/t-wand-900-tpms-sensoru-kodlama-ve-full-sistem-diagnostik-cihazi\/#primaryimage\"},\"image\":{\"@id\":\"https:\/\/cartechdiagnostic.com\/en\/urun\/t-wand-900-tpms-sensoru-kodlama-ve-full-sistem-diagnostik-cihazi\/#primaryimage\"},\"thumbnailUrl\":\"https:\/\/cartechdiagnostic.com\/wp-content\/uploads\/2023\/10\/t-wand-900-1.png\",\"datePublished\":\"2023-10-21T09:28:52+00:00\",\"dateModified\":\"2023-10-21T09:28:52+00:00\",\"breadcrumb\":{\"@id\":\"https:\/\/cartechdiagnostic.com\/en\/urun\/t-wand-900-tpms-sensoru-kodlama-ve-full-sistem-diagnostik-cihazi\/#breadcrumb\"},\"inLanguage\":\"en-US\",\"potentialAction\":[{\"@type\":\"ReadAction\",\"target\":[\"https:\/\/cartechdiagnostic.com\/en\/urun\/t-wand-900-tpms-sensoru-kodlama-ve-full-sistem-diagnostik-cihazi\/\"]}]},{\"@type\":\"ImageObject\",\"inLanguage\":\"en-US\",\"@id\":\"https:\/\/cartechdiagnostic.com\/en\/urun\/t-wand-900-tpms-sensoru-kodlama-ve-full-sistem-diagnostik-cihazi\/#primaryimage\",\"url\":\"https:\/\/cartechdiagnostic.com\/wp-content\/uploads\/2023\/10\/t-wand-900-1.png\",\"contentUrl\":\"https:\/\/cartechdiagnostic.com\/wp-content\/uploads\/2023\/10\/t-wand-900-1.png\",\"width\":2080,\"height\":2080,\"caption\":\"t-wand-900\"},{\"@type\":\"BreadcrumbList\",\"@id\":\"https:\/\/cartechdiagnostic.com\/en\/urun\/t-wand-900-tpms-sensoru-kodlama-ve-full-sistem-diagnostik-cihazi\/#breadcrumb\",\"itemListElement\":[{\"@type\":\"ListItem\",\"position\":1,\"name\":\"Anasayfa\",\"item\":\"https:\/\/www.cartechdiagnostic.com\/en\/\"},{\"@type\":\"ListItem\",\"position\":2,\"name\":\"Ma\u011faza\",\"item\":\"https:\/\/www.cartechdiagnostic.com\/magaza\/\"},{\"@type\":\"ListItem\",\"position\":3,\"name\":\"T-Wand 900 TPMS Sensor Coding and Full System Diagnostic Device\"}]},{\"@type\":\"WebSite\",\"@id\":\"https:\/\/www.cartechdiagnostic.com\/en\/#website\",\"url\":\"https:\/\/www.cartechdiagnostic.com\/en\/\",\"name\":\"Car-Tech Diagnostic\",\"description\":\"Ar\u0131za Tespit Cihazlar\u0131 - ECU Programlama Cihazlar\u0131\",\"publisher\":{\"@id\":\"https:\/\/www.cartechdiagnostic.com\/en\/#organization\"},\"alternateName\":\"Car-Tech Diag\",\"potentialAction\":[{\"@type\":\"SearchAction\",\"target\":{\"@type\":\"EntryPoint\",\"urlTemplate\":\"https:\/\/www.cartechdiagnostic.com\/en\/?s={search_term_string}\"},\"query-input\":\"required name=search_term_string\"}],\"inLanguage\":\"en-US\"},{\"@type\":\"Organization\",\"@id\":\"https:\/\/www.cartechdiagnostic.com\/en\/#organization\",\"name\":\"Car-Tech Diagnostic Yaz\u0131l\u0131m Ltd. \u015eti.\",\"url\":\"https:\/\/www.cartechdiagnostic.com\/en\/\",\"logo\":{\"@type\":\"ImageObject\",\"inLanguage\":\"en-US\",\"@id\":\"https:\/\/www.cartechdiagnostic.com\/en\/#\/schema\/logo\/image\/\",\"url\":\"https:\/\/cartechdiagnostic.com\/wp-content\/uploads\/2023\/08\/logocartech.png\",\"contentUrl\":\"https:\/\/cartechdiagnostic.com\/wp-content\/uploads\/2023\/08\/logocartech.png\",\"width\":714,\"height\":340,\"caption\":\"Car-Tech Diagnostic Yaz\u0131l\u0131m Ltd. \u015eti.\"},\"image\":{\"@id\":\"https:\/\/www.cartechdiagnostic.com\/en\/#\/schema\/logo\/image\/\"},\"sameAs\":[\"https:\/\/www.instagram.com\/cartechdiagnostic\"]}]}<\/script>\n<!-- \/ Yoast SEO plugin. -->","yoast_head_json":{"title":"T-Wand 900 TPMS Sensor Coding and Full System Diagnostic Device - Car-Tech Diagnostic","robots":{"index":"index","follow":"follow","max-snippet":"max-snippet:-1","max-image-preview":"max-image-preview:large","max-video-preview":"max-video-preview:-1"},"canonical":"https:\/\/cartechdiagnostic.com\/en\/urun\/t-wand-900-tpms-sensoru-kodlama-ve-full-sistem-diagnostik-cihazi\/","og_locale":"en_US","og_type":"article","og_title":"T-Wand 900 TPMS Sensor Coding and Full System Diagnostic Device - Car-Tech Diagnostic","og_description":"Thinkcar T-Wand 900 is a smart TPMS diagnostic tool equipped with 5 TPMS S1 sensors. With this OBD2 Scanner you can perform TPMS sensor activation, programming and relearning. It is equipped with everything you need to diagnose most vehicles manufactured after 1996 with TPMS protocol and OBD2 16 PIN Connector.","og_url":"https:\/\/cartechdiagnostic.com\/en\/urun\/t-wand-900-tpms-sensoru-kodlama-ve-full-sistem-diagnostik-cihazi\/","og_site_name":"Car-Tech Diagnostic","og_image":[{"width":2080,"height":2080,"url":"https:\/\/cartechdiagnostic.com\/wp-content\/uploads\/2023\/10\/t-wand-900-1.png","type":"image\/png"}],"twitter_card":"summary_large_image","schema":{"@context":"https:\/\/schema.org","@graph":[{"@type":"WebPage","@id":"https:\/\/cartechdiagnostic.com\/en\/urun\/t-wand-900-tpms-sensoru-kodlama-ve-full-sistem-diagnostik-cihazi\/","url":"https:\/\/cartechdiagnostic.com\/en\/urun\/t-wand-900-tpms-sensoru-kodlama-ve-full-sistem-diagnostik-cihazi\/","name":"T-Wand 900 TPMS Sensor Coding and Full System Diagnostic Device - Car-Tech Diagnostic","isPartOf":{"@id":"https:\/\/www.cartechdiagnostic.com\/en\/#website"},"primaryImageOfPage":{"@id":"https:\/\/cartechdiagnostic.com\/en\/urun\/t-wand-900-tpms-sensoru-kodlama-ve-full-sistem-diagnostik-cihazi\/#primaryimage"},"image":{"@id":"https:\/\/cartechdiagnostic.com\/en\/urun\/t-wand-900-tpms-sensoru-kodlama-ve-full-sistem-diagnostik-cihazi\/#primaryimage"},"thumbnailUrl":"https:\/\/cartechdiagnostic.com\/wp-content\/uploads\/2023\/10\/t-wand-900-1.png","datePublished":"2023-10-21T09:28:52+00:00","dateModified":"2023-10-21T09:28:52+00:00","breadcrumb":{"@id":"https:\/\/cartechdiagnostic.com\/en\/urun\/t-wand-900-tpms-sensoru-kodlama-ve-full-sistem-diagnostik-cihazi\/#breadcrumb"},"inLanguage":"en-US","potentialAction":[{"@type":"ReadAction","target":["https:\/\/cartechdiagnostic.com\/en\/urun\/t-wand-900-tpms-sensoru-kodlama-ve-full-sistem-diagnostik-cihazi\/"]}]},{"@type":"ImageObject","inLanguage":"en-US","@id":"https:\/\/cartechdiagnostic.com\/en\/urun\/t-wand-900-tpms-sensoru-kodlama-ve-full-sistem-diagnostik-cihazi\/#primaryimage","url":"https:\/\/cartechdiagnostic.com\/wp-content\/uploads\/2023\/10\/t-wand-900-1.png","contentUrl":"https:\/\/cartechdiagnostic.com\/wp-content\/uploads\/2023\/10\/t-wand-900-1.png","width":2080,"height":2080,"caption":"t-wand-900"},{"@type":"BreadcrumbList","@id":"https:\/\/cartechdiagnostic.com\/en\/urun\/t-wand-900-tpms-sensoru-kodlama-ve-full-sistem-diagnostik-cihazi\/#breadcrumb","itemListElement":[{"@type":"ListItem","position":1,"name":"Anasayfa","item":"https:\/\/www.cartechdiagnostic.com\/en\/"},{"@type":"ListItem","position":2,"name":"Ma\u011faza","item":"https:\/\/www.cartechdiagnostic.com\/magaza\/"},{"@type":"ListItem","position":3,"name":"T-Wand 900 TPMS Sensor Coding and Full System Diagnostic Device"}]},{"@type":"WebSite","@id":"https:\/\/www.cartechdiagnostic.com\/en\/#website","url":"https:\/\/www.cartechdiagnostic.com\/en\/","name":"Car-Tech Diagnostic","description":"Ar\u0131za Tespit Cihazlar\u0131 - ECU Programlama Cihazlar\u0131","publisher":{"@id":"https:\/\/www.cartechdiagnostic.com\/en\/#organization"},"alternateName":"Car-Tech Diag","potentialAction":[{"@type":"SearchAction","target":{"@type":"EntryPoint","urlTemplate":"https:\/\/www.cartechdiagnostic.com\/en\/?s={search_term_string}"},"query-input":"required name=search_term_string"}],"inLanguage":"en-US"},{"@type":"Organization","@id":"https:\/\/www.cartechdiagnostic.com\/en\/#organization","name":"Car-Tech Diagnostic Yaz\u0131l\u0131m Ltd. \u015eti.","url":"https:\/\/www.cartechdiagnostic.com\/en\/","logo":{"@type":"ImageObject","inLanguage":"en-US","@id":"https:\/\/www.cartechdiagnostic.com\/en\/#\/schema\/logo\/image\/","url":"https:\/\/cartechdiagnostic.com\/wp-content\/uploads\/2023\/08\/logocartech.png","contentUrl":"https:\/\/cartechdiagnostic.com\/wp-content\/uploads\/2023\/08\/logocartech.png","width":714,"height":340,"caption":"Car-Tech Diagnostic Yaz\u0131l\u0131m Ltd. \u015eti."},"image":{"@id":"https:\/\/www.cartechdiagnostic.com\/en\/#\/schema\/logo\/image\/"},"sameAs":["https:\/\/www.instagram.com\/cartechdiagnostic"]}]}},"_links":{"self":[{"href":"https:\/\/cartechdiagnostic.com\/en\/wp-json\/wp\/v2\/product\/18493","targetHints":{"allow":["GET"]}}],"collection":[{"href":"https:\/\/cartechdiagnostic.com\/en\/wp-json\/wp\/v2\/product"}],"about":[{"href":"https:\/\/cartechdiagnostic.com\/en\/wp-json\/wp\/v2\/types\/product"}],"replies":[{"embeddable":true,"href":"https:\/\/cartechdiagnostic.com\/en\/wp-json\/wp\/v2\/comments?post=18493"}],"version-history":[{"count":0,"href":"https:\/\/cartechdiagnostic.com\/en\/wp-json\/wp\/v2\/product\/18493\/revisions"}],"wp:featuredmedia":[{"embeddable":true,"href":"https:\/\/cartechdiagnostic.com\/en\/wp-json\/wp\/v2\/media\/16064"}],"wp:attachment":[{"href":"https:\/\/cartechdiagnostic.com\/en\/wp-json\/wp\/v2\/media?parent=18493"}],"wp:term":[{"taxonomy":"product_brand","embeddable":true,"href":"https:\/\/cartechdiagnostic.com\/en\/wp-json\/wp\/v2\/product_brand?post=18493"},{"taxonomy":"product_cat","embeddable":true,"href":"https:\/\/cartechdiagnostic.com\/en\/wp-json\/wp\/v2\/product_cat?post=18493"},{"taxonomy":"product_tag","embeddable":true,"href":"https:\/\/cartechdiagnostic.com\/en\/wp-json\/wp\/v2\/product_tag?post=18493"}],"curies":[{"name":"wp","href":"https:\/\/api.w.org\/{rel}","templated":true}]}}