{"id":18510,"date":"2024-02-22T13:05:41","date_gmt":"2024-02-22T10:05:41","guid":{"rendered":"https:\/urun\/car-brake-hydraulics-test-device-wl-006-duoyi-dy23f\/"},"modified":"2025-05-29T13:34:50","modified_gmt":"2025-05-29T10:34:50","slug":"car-brake-hydraulics-test-device-wl-006-duoyi-dy23f","status":"publish","type":"product","link":"https:\/\/cartechdiagnostic.com\/en\/urun\/car-brake-hydraulics-test-device-wl-006-duoyi-dy23f\/","title":{"rendered":"Car Brake Fluid Tester &#8211; WL-006 DUOYI DY23F"},"content":{"rendered":"","protected":false},"excerpt":{"rendered":"<p>WL-006 DUOYI DY23F CAR BRAKE HYDRAULIC TESTER is a device used to test the condition of automobile brake fluid systems. The DY23F model is designed for professionals and hobbyists who are usually engaged in automotive maintenance and repair. This tester is used to check brake fluid pressure levels and leaks in the system. It usually measures the pressure level in the vehicle&#8217;s hydraulic brake system and determines whether this pressure level is correct. In this way, preventive maintenance can be carried out to ensure the safety and efficiency of the vehicle&#8217;s brake system. WL-006 DUOYI DY23F Car Brake Fluid Tester has a compact design and is easy to carry. It is made of durable materials and is suitable for long-term use. This device is frequently used in automotive workshops, service centers, vehicle maintenance and repair work. It is an important tool for both professional mechanics and car owners because the proper functioning of the brake system is critical for vehicle safety.        <\/p>\n","protected":false},"featured_media":16682,"comment_status":"open","ping_status":"closed","template":"","meta":{"_joinchat":[]},"product_brand":[],"product_cat":[1366,1367],"product_tag":[],"class_list":{"0":"post-18510","1":"product","2":"type-product","3":"status-publish","4":"has-post-thumbnail","6":"product_cat-service-auxiliary-equipment","7":"product_cat-test-equipments","9":"first","10":"instock","11":"sale","12":"shipping-taxable","13":"purchasable","14":"product-type-simple"},"yoast_head":"<!-- This site is optimized with the Yoast SEO plugin v22.8 - https:\/\/yoast.com\/wordpress\/plugins\/seo\/ -->\n<title>Car Brake Fluid Tester - WL-006 DUOYI DY23F - Car-Tech Diagnostic<\/title>\n<meta name=\"robots\" content=\"index, follow, max-snippet:-1, max-image-preview:large, max-video-preview:-1\" \/>\n<link rel=\"canonical\" href=\"https:\/\/cartechdiagnostic.com\/en\/urun\/car-brake-hydraulics-test-device-wl-006-duoyi-dy23f\/\" \/>\n<meta property=\"og:locale\" content=\"en_US\" \/>\n<meta property=\"og:type\" content=\"article\" \/>\n<meta property=\"og:title\" content=\"Car Brake Fluid Tester - WL-006 DUOYI DY23F - Car-Tech Diagnostic\" \/>\n<meta property=\"og:description\" content=\"WL-006 DUOYI DY23F CAR BRAKE HYDRAULIC TESTER is a device used to test the condition of automobile brake fluid systems. The DY23F model is designed for professionals and hobbyists who are usually engaged in automotive maintenance and repair. This tester is used to check brake fluid pressure levels and leaks in the system. It usually measures the pressure level in the vehicle&#039;s hydraulic brake system and determines whether this pressure level is correct. In this way, preventive maintenance can be carried out to ensure the safety and efficiency of the vehicle&#039;s brake system. WL-006 DUOYI DY23F Car Brake Fluid Tester has a compact design and is easy to carry. It is made of durable materials and is suitable for long-term use. This device is frequently used in automotive workshops, service centers, vehicle maintenance and repair work. It is an important tool for both professional mechanics and car owners because the proper functioning of the brake system is critical for vehicle safety.\" \/>\n<meta property=\"og:url\" content=\"https:\/\/cartechdiagnostic.com\/en\/urun\/car-brake-hydraulics-test-device-wl-006-duoyi-dy23f\/\" \/>\n<meta property=\"og:site_name\" content=\"Car-Tech Diagnostic\" \/>\n<meta property=\"article:modified_time\" content=\"2025-05-29T10:34:50+00:00\" \/>\n<meta property=\"og:image\" content=\"https:\/\/cartechdiagnostic.com\/wp-content\/uploads\/2024\/02\/6.-Aku-Test-WL-006-DUOYI-DY23F-ARABA-FREN-HIDROLIGI-TEST-CIHAZI-1.png\" \/>\n\t<meta property=\"og:image:width\" content=\"1080\" \/>\n\t<meta property=\"og:image:height\" content=\"1080\" \/>\n\t<meta property=\"og:image:type\" content=\"image\/png\" \/>\n<meta name=\"twitter:card\" content=\"summary_large_image\" \/>\n<script type=\"application\/ld+json\" class=\"yoast-schema-graph\">{\"@context\":\"https:\/\/schema.org\",\"@graph\":[{\"@type\":\"WebPage\",\"@id\":\"https:\/\/cartechdiagnostic.com\/en\/urun\/car-brake-hydraulics-test-device-wl-006-duoyi-dy23f\/\",\"url\":\"https:\/\/cartechdiagnostic.com\/en\/urun\/car-brake-hydraulics-test-device-wl-006-duoyi-dy23f\/\",\"name\":\"Car Brake Fluid Tester - WL-006 DUOYI DY23F - Car-Tech Diagnostic\",\"isPartOf\":{\"@id\":\"https:\/\/www.cartechdiagnostic.com\/en\/#website\"},\"primaryImageOfPage\":{\"@id\":\"https:\/\/cartechdiagnostic.com\/en\/urun\/car-brake-hydraulics-test-device-wl-006-duoyi-dy23f\/#primaryimage\"},\"image\":{\"@id\":\"https:\/\/cartechdiagnostic.com\/en\/urun\/car-brake-hydraulics-test-device-wl-006-duoyi-dy23f\/#primaryimage\"},\"thumbnailUrl\":\"https:\/\/cartechdiagnostic.com\/wp-content\/uploads\/2024\/02\/6.-Aku-Test-WL-006-DUOYI-DY23F-ARABA-FREN-HIDROLIGI-TEST-CIHAZI-1.png\",\"datePublished\":\"2024-02-22T10:05:41+00:00\",\"dateModified\":\"2025-05-29T10:34:50+00:00\",\"breadcrumb\":{\"@id\":\"https:\/\/cartechdiagnostic.com\/en\/urun\/car-brake-hydraulics-test-device-wl-006-duoyi-dy23f\/#breadcrumb\"},\"inLanguage\":\"en-US\",\"potentialAction\":[{\"@type\":\"ReadAction\",\"target\":[\"https:\/\/cartechdiagnostic.com\/en\/urun\/car-brake-hydraulics-test-device-wl-006-duoyi-dy23f\/\"]}]},{\"@type\":\"ImageObject\",\"inLanguage\":\"en-US\",\"@id\":\"https:\/\/cartechdiagnostic.com\/en\/urun\/car-brake-hydraulics-test-device-wl-006-duoyi-dy23f\/#primaryimage\",\"url\":\"https:\/\/cartechdiagnostic.com\/wp-content\/uploads\/2024\/02\/6.-Aku-Test-WL-006-DUOYI-DY23F-ARABA-FREN-HIDROLIGI-TEST-CIHAZI-1.png\",\"contentUrl\":\"https:\/\/cartechdiagnostic.com\/wp-content\/uploads\/2024\/02\/6.-Aku-Test-WL-006-DUOYI-DY23F-ARABA-FREN-HIDROLIGI-TEST-CIHAZI-1.png\",\"width\":1080,\"height\":1080},{\"@type\":\"BreadcrumbList\",\"@id\":\"https:\/\/cartechdiagnostic.com\/en\/urun\/car-brake-hydraulics-test-device-wl-006-duoyi-dy23f\/#breadcrumb\",\"itemListElement\":[{\"@type\":\"ListItem\",\"position\":1,\"name\":\"Anasayfa\",\"item\":\"https:\/\/www.cartechdiagnostic.com\/en\/\"},{\"@type\":\"ListItem\",\"position\":2,\"name\":\"Ma\u011faza\",\"item\":\"https:\/\/www.cartechdiagnostic.com\/magaza\/\"},{\"@type\":\"ListItem\",\"position\":3,\"name\":\"Car Brake Fluid Tester &#8211; WL-006 DUOYI DY23F\"}]},{\"@type\":\"WebSite\",\"@id\":\"https:\/\/www.cartechdiagnostic.com\/en\/#website\",\"url\":\"https:\/\/www.cartechdiagnostic.com\/en\/\",\"name\":\"Car-Tech Diagnostic\",\"description\":\"Ar\u0131za Tespit Cihazlar\u0131 - ECU Programlama Cihazlar\u0131\",\"publisher\":{\"@id\":\"https:\/\/www.cartechdiagnostic.com\/en\/#organization\"},\"alternateName\":\"Car-Tech Diag\",\"potentialAction\":[{\"@type\":\"SearchAction\",\"target\":{\"@type\":\"EntryPoint\",\"urlTemplate\":\"https:\/\/www.cartechdiagnostic.com\/en\/?s={search_term_string}\"},\"query-input\":\"required name=search_term_string\"}],\"inLanguage\":\"en-US\"},{\"@type\":\"Organization\",\"@id\":\"https:\/\/www.cartechdiagnostic.com\/en\/#organization\",\"name\":\"Car-Tech Diagnostic Yaz\u0131l\u0131m Ltd. \u015eti.\",\"url\":\"https:\/\/www.cartechdiagnostic.com\/en\/\",\"logo\":{\"@type\":\"ImageObject\",\"inLanguage\":\"en-US\",\"@id\":\"https:\/\/www.cartechdiagnostic.com\/en\/#\/schema\/logo\/image\/\",\"url\":\"https:\/\/cartechdiagnostic.com\/wp-content\/uploads\/2023\/08\/logocartech.png\",\"contentUrl\":\"https:\/\/cartechdiagnostic.com\/wp-content\/uploads\/2023\/08\/logocartech.png\",\"width\":714,\"height\":340,\"caption\":\"Car-Tech Diagnostic Yaz\u0131l\u0131m Ltd. \u015eti.\"},\"image\":{\"@id\":\"https:\/\/www.cartechdiagnostic.com\/en\/#\/schema\/logo\/image\/\"},\"sameAs\":[\"https:\/\/www.instagram.com\/cartechdiagnostic\"]}]}<\/script>\n<!-- \/ Yoast SEO plugin. -->","yoast_head_json":{"title":"Car Brake Fluid Tester - WL-006 DUOYI DY23F - Car-Tech Diagnostic","robots":{"index":"index","follow":"follow","max-snippet":"max-snippet:-1","max-image-preview":"max-image-preview:large","max-video-preview":"max-video-preview:-1"},"canonical":"https:\/\/cartechdiagnostic.com\/en\/urun\/car-brake-hydraulics-test-device-wl-006-duoyi-dy23f\/","og_locale":"en_US","og_type":"article","og_title":"Car Brake Fluid Tester - WL-006 DUOYI DY23F - Car-Tech Diagnostic","og_description":"WL-006 DUOYI DY23F CAR BRAKE HYDRAULIC TESTER is a device used to test the condition of automobile brake fluid systems. The DY23F model is designed for professionals and hobbyists who are usually engaged in automotive maintenance and repair. This tester is used to check brake fluid pressure levels and leaks in the system. It usually measures the pressure level in the vehicle's hydraulic brake system and determines whether this pressure level is correct. In this way, preventive maintenance can be carried out to ensure the safety and efficiency of the vehicle's brake system. WL-006 DUOYI DY23F Car Brake Fluid Tester has a compact design and is easy to carry. It is made of durable materials and is suitable for long-term use. This device is frequently used in automotive workshops, service centers, vehicle maintenance and repair work. It is an important tool for both professional mechanics and car owners because the proper functioning of the brake system is critical for vehicle safety.","og_url":"https:\/\/cartechdiagnostic.com\/en\/urun\/car-brake-hydraulics-test-device-wl-006-duoyi-dy23f\/","og_site_name":"Car-Tech Diagnostic","article_modified_time":"2025-05-29T10:34:50+00:00","og_image":[{"width":1080,"height":1080,"url":"https:\/\/cartechdiagnostic.com\/wp-content\/uploads\/2024\/02\/6.-Aku-Test-WL-006-DUOYI-DY23F-ARABA-FREN-HIDROLIGI-TEST-CIHAZI-1.png","type":"image\/png"}],"twitter_card":"summary_large_image","schema":{"@context":"https:\/\/schema.org","@graph":[{"@type":"WebPage","@id":"https:\/\/cartechdiagnostic.com\/en\/urun\/car-brake-hydraulics-test-device-wl-006-duoyi-dy23f\/","url":"https:\/\/cartechdiagnostic.com\/en\/urun\/car-brake-hydraulics-test-device-wl-006-duoyi-dy23f\/","name":"Car Brake Fluid Tester - WL-006 DUOYI DY23F - Car-Tech Diagnostic","isPartOf":{"@id":"https:\/\/www.cartechdiagnostic.com\/en\/#website"},"primaryImageOfPage":{"@id":"https:\/\/cartechdiagnostic.com\/en\/urun\/car-brake-hydraulics-test-device-wl-006-duoyi-dy23f\/#primaryimage"},"image":{"@id":"https:\/\/cartechdiagnostic.com\/en\/urun\/car-brake-hydraulics-test-device-wl-006-duoyi-dy23f\/#primaryimage"},"thumbnailUrl":"https:\/\/cartechdiagnostic.com\/wp-content\/uploads\/2024\/02\/6.-Aku-Test-WL-006-DUOYI-DY23F-ARABA-FREN-HIDROLIGI-TEST-CIHAZI-1.png","datePublished":"2024-02-22T10:05:41+00:00","dateModified":"2025-05-29T10:34:50+00:00","breadcrumb":{"@id":"https:\/\/cartechdiagnostic.com\/en\/urun\/car-brake-hydraulics-test-device-wl-006-duoyi-dy23f\/#breadcrumb"},"inLanguage":"en-US","potentialAction":[{"@type":"ReadAction","target":["https:\/\/cartechdiagnostic.com\/en\/urun\/car-brake-hydraulics-test-device-wl-006-duoyi-dy23f\/"]}]},{"@type":"ImageObject","inLanguage":"en-US","@id":"https:\/\/cartechdiagnostic.com\/en\/urun\/car-brake-hydraulics-test-device-wl-006-duoyi-dy23f\/#primaryimage","url":"https:\/\/cartechdiagnostic.com\/wp-content\/uploads\/2024\/02\/6.-Aku-Test-WL-006-DUOYI-DY23F-ARABA-FREN-HIDROLIGI-TEST-CIHAZI-1.png","contentUrl":"https:\/\/cartechdiagnostic.com\/wp-content\/uploads\/2024\/02\/6.-Aku-Test-WL-006-DUOYI-DY23F-ARABA-FREN-HIDROLIGI-TEST-CIHAZI-1.png","width":1080,"height":1080},{"@type":"BreadcrumbList","@id":"https:\/\/cartechdiagnostic.com\/en\/urun\/car-brake-hydraulics-test-device-wl-006-duoyi-dy23f\/#breadcrumb","itemListElement":[{"@type":"ListItem","position":1,"name":"Anasayfa","item":"https:\/\/www.cartechdiagnostic.com\/en\/"},{"@type":"ListItem","position":2,"name":"Ma\u011faza","item":"https:\/\/www.cartechdiagnostic.com\/magaza\/"},{"@type":"ListItem","position":3,"name":"Car Brake Fluid Tester &#8211; WL-006 DUOYI DY23F"}]},{"@type":"WebSite","@id":"https:\/\/www.cartechdiagnostic.com\/en\/#website","url":"https:\/\/www.cartechdiagnostic.com\/en\/","name":"Car-Tech Diagnostic","description":"Ar\u0131za Tespit Cihazlar\u0131 - ECU Programlama Cihazlar\u0131","publisher":{"@id":"https:\/\/www.cartechdiagnostic.com\/en\/#organization"},"alternateName":"Car-Tech Diag","potentialAction":[{"@type":"SearchAction","target":{"@type":"EntryPoint","urlTemplate":"https:\/\/www.cartechdiagnostic.com\/en\/?s={search_term_string}"},"query-input":"required name=search_term_string"}],"inLanguage":"en-US"},{"@type":"Organization","@id":"https:\/\/www.cartechdiagnostic.com\/en\/#organization","name":"Car-Tech Diagnostic Yaz\u0131l\u0131m Ltd. \u015eti.","url":"https:\/\/www.cartechdiagnostic.com\/en\/","logo":{"@type":"ImageObject","inLanguage":"en-US","@id":"https:\/\/www.cartechdiagnostic.com\/en\/#\/schema\/logo\/image\/","url":"https:\/\/cartechdiagnostic.com\/wp-content\/uploads\/2023\/08\/logocartech.png","contentUrl":"https:\/\/cartechdiagnostic.com\/wp-content\/uploads\/2023\/08\/logocartech.png","width":714,"height":340,"caption":"Car-Tech Diagnostic Yaz\u0131l\u0131m Ltd. \u015eti."},"image":{"@id":"https:\/\/www.cartechdiagnostic.com\/en\/#\/schema\/logo\/image\/"},"sameAs":["https:\/\/www.instagram.com\/cartechdiagnostic"]}]}},"_links":{"self":[{"href":"https:\/\/cartechdiagnostic.com\/en\/wp-json\/wp\/v2\/product\/18510","targetHints":{"allow":["GET"]}}],"collection":[{"href":"https:\/\/cartechdiagnostic.com\/en\/wp-json\/wp\/v2\/product"}],"about":[{"href":"https:\/\/cartechdiagnostic.com\/en\/wp-json\/wp\/v2\/types\/product"}],"replies":[{"embeddable":true,"href":"https:\/\/cartechdiagnostic.com\/en\/wp-json\/wp\/v2\/comments?post=18510"}],"version-history":[{"count":0,"href":"https:\/\/cartechdiagnostic.com\/en\/wp-json\/wp\/v2\/product\/18510\/revisions"}],"wp:featuredmedia":[{"embeddable":true,"href":"https:\/\/cartechdiagnostic.com\/en\/wp-json\/wp\/v2\/media\/16682"}],"wp:attachment":[{"href":"https:\/\/cartechdiagnostic.com\/en\/wp-json\/wp\/v2\/media?parent=18510"}],"wp:term":[{"taxonomy":"product_brand","embeddable":true,"href":"https:\/\/cartechdiagnostic.com\/en\/wp-json\/wp\/v2\/product_brand?post=18510"},{"taxonomy":"product_cat","embeddable":true,"href":"https:\/\/cartechdiagnostic.com\/en\/wp-json\/wp\/v2\/product_cat?post=18510"},{"taxonomy":"product_tag","embeddable":true,"href":"https:\/\/cartechdiagnostic.com\/en\/wp-json\/wp\/v2\/product_tag?post=18510"}],"curies":[{"name":"wp","href":"https:\/\/api.w.org\/{rel}","templated":true}]}}